{"id":5263,"date":"2022-02-20T22:51:56","date_gmt":"2022-02-20T22:51:56","guid":{"rendered":"https:\/\/medicinasinc.com\/sl\/?post_type=product&#038;p=5263"},"modified":"2022-03-19T00:39:13","modified_gmt":"2022-03-19T00:39:13","slug":"buy-naze-2mg-klonazepam","status":"publish","type":"product","link":"https:\/\/medicinasinc.com\/sl\/product\/buy-naze-2mg-klonazepam\/","title":{"rendered":"Kupite Naze 2 mg klonazepama"},"content":{"rendered":"<p>Spletni nakup tablet Naze 2mg Clonazepam<\/p>\n<p>Klonazepam se uporablja za zdravljenje kr\u010dev (epilepsije ali epilepti\u010dnih napadov) in nepri\u010dakovanih primerov hudega strahu, pa tudi tesnobe zaradi teh napadov (pani\u010dna motnja), z ali brez strah pred javnimi prostori (agorafobija).<br \/> Klonazepam je \u010dlan skupine zdravil, znanih kot benzodiazepini. Natan\u010den na\u010din delovanja klonazepama ni znan; vendar se domneva, da izbolj\u0161uje delovanje signalne kemikalije v mo\u017eganih, imenovane gama-aminobutirna kislina (GABA), ki pomaga umiriti prekomerno elektri\u010dno \u017eiv\u010dno aktivnost, ki povzro\u010da kr\u010de (kr\u010de) in pani\u010dne motnje.<\/p>\n<p>Kupite Naze (Clonazepam) 2mg na spletu brez recepta v na\u0161i trgovini z ban\u010dnim nakazilom. Diskretno po\u0161iljanje \u010dez no\u010d je zagotovljeno iz Evrope, Zdru\u017eenega kraljestva in Zdru\u017eenih dr\u017eav.<\/p>\n<p>Tablete Naze 2mg Clonazepam lahko kupite na spletu.<\/p>\n<p>Klonazepam vzemite natan\u010dno tako, kot vam je predpisal zdravnik.<\/p>\n<p>Naze\u00a0(klonazepam)\u00a02 mg. Tablete Naze (Clonazepam) 2 mg lahko dobite brez recepta na spletu (brez RX). Cena izdelka je naslednja: na tableto.<\/p>\n","protected":false},"excerpt":{"rendered":"<p>Kupite Naze (Clonazepam) 2mg na spletu brez recepta v na\u0161i trgovini z ban\u010dnim nakazilom. Diskretno po\u0161iljanje \u010dez no\u010d je zagotovljeno iz Evrope, Zdru\u017eenega kraljestva in Zdru\u017eenih dr\u017eav.<\/p>\n<p>Tablete Naze 2mg Clonazepam lahko kupite na spletu.<\/p>\n<p>Klonazepam vzemite natan\u010dno tako, kot vam je predpisal zdravnik.<\/p>\n<p>Naze\u00a0(klonazepam)\u00a02 mg. Tablete Naze (Clonazepam) 2 mg lahko dobite brez recepta na spletu (brez RX)<\/p>\n<div class=\"ULSxyf\">\n<div class=\"EyBRub\">\n<div>\n<div id=\"_QM5vYYzICdD2gQa--6GgAw40\" class=\"yp\" data-jiis=\"up\" data-async-type=\"kp_feedback\" data-ved=\"2ahUKEwiM6ImnxNjzAhVQe8AKHb59CDQQ68cEegQIKhAA\"><\/div>\n<\/p><\/div>\n<div class=\"LnbJhc\" data-count=\"11 \" data-iu=\"1\" data-hveid=\"CCoQAQ\" data-ved=\"2ahUKEwiM6ImnxNjzAhVQe8AKHb59CDQQyA0oAHoECCoQAQ\"><\/div>\n<\/p><\/div>\n<\/p><\/div>\n<p>&nbsp;<\/p>\n","protected":false},"featured_media":5280,"comment_status":"open","ping_status":"closed","template":"","meta":[],"product_brand":[],"product_cat":[1117],"product_tag":[1564,1565,1566,1567,1568,1569,1570,1563],"class_list":{"0":"post-5263","1":"product","2":"type-product","3":"status-publish","4":"has-post-thumbnail","6":"product_cat-kupite-tablete-proti-bolecinam-spanju-seksu","7":"product_tag-naze-2mg-alternative","8":"product_tag-naze-2mg-online","9":"product_tag-naze-2mg-price-in-pakistan","10":"product_tag-naze-2mg-tablet-pakistan","11":"product_tag-naze-2mg-tablet-uses","12":"product_tag-naze-tablet-uses","13":"product_tag-naze-tablet-2mg-side-effects","14":"product_tag-uporaba-klonazepama","16":"first","17":"instock","18":"shipping-taxable","19":"purchasable","20":"product-type-variable","21":"has-default-attributes"},"yoast_head":"<!-- This site is optimized with the Yoast SEO plugin v27.3 - https:\/\/yoast.com\/product\/yoast-seo-wordpress\/ -->\n<title>Kupite tablete Naze 2 mg klonazepama - najbolj\u0161a najbolj\u0161a zdravila na svetu<\/title>\n<meta name=\"description\" content=\"Kupite Naze\u00a0(Clonazepam)\u00a02 mg na spletu z ban\u010dnim nakazilom brez recepta v na\u0161i trgovini. Diskretna dostava \u010dez no\u010d je na voljo iz Evrope, Zdru\u017eenega kraljestva in ZDA.\" \/>\n<meta name=\"robots\" content=\"index, follow, max-snippet:-1, max-image-preview:large, max-video-preview:-1\" \/>\n<link rel=\"canonical\" href=\"https:\/\/medicinasinc.com\/sl\/product\/buy-naze-2mg-klonazepam\/\" \/>\n<meta property=\"og:locale\" content=\"en_US\" \/>\n<meta property=\"og:type\" content=\"article\" \/>\n<meta property=\"og:title\" content=\"Kupite tablete Naze 2 mg klonazepama - najbolj\u0161a najbolj\u0161a zdravila na svetu\" \/>\n<meta property=\"og:description\" content=\"Kupite Naze\u00a0(Clonazepam)\u00a02 mg na spletu z ban\u010dnim nakazilom brez recepta v na\u0161i trgovini. Diskretna dostava \u010dez no\u010d je na voljo iz Evrope, Zdru\u017eenega kraljestva in ZDA.\" \/>\n<meta property=\"og:url\" content=\"https:\/\/medicinasinc.com\/sl\/product\/buy-naze-2mg-klonazepam\/\" \/>\n<meta property=\"og:site_name\" content=\"Medicinas Inc\" \/>\n<meta property=\"article:modified_time\" content=\"2022-03-19T00:39:13+00:00\" \/>\n<meta property=\"og:image\" content=\"https:\/\/medicinasinc.com\/sl\/wp-content\/uploads\/sites\/7\/2022\/02\/buy-naze-2mg-clonazepam-pills-online.jpg\" \/>\n\t<meta property=\"og:image:width\" content=\"600\" \/>\n\t<meta property=\"og:image:height\" content=\"600\" \/>\n\t<meta property=\"og:image:type\" content=\"image\/jpeg\" \/>\n<meta name=\"twitter:card\" content=\"summary_large_image\" \/>\n<meta name=\"twitter:label1\" content=\"Est. reading time\" \/>\n\t<meta name=\"twitter:data1\" content=\"1 minute\" \/>\n<script type=\"application\/ld+json\" class=\"yoast-schema-graph\">{\"@context\":\"https:\\\/\\\/schema.org\",\"@graph\":[{\"@type\":\"WebPage\",\"@id\":\"https:\\\/\\\/medicinasinc.com\\\/sl\\\/product\\\/buy-naze-2mg-klonazepam\\\/\",\"url\":\"https:\\\/\\\/medicinasinc.com\\\/sl\\\/product\\\/buy-naze-2mg-klonazepam\\\/\",\"name\":\"Kupite tablete Naze 2 mg klonazepama - najbolj\u0161a najbolj\u0161a zdravila na svetu\",\"isPartOf\":{\"@id\":\"https:\\\/\\\/medicinasinc.com\\\/sl\\\/#website\"},\"primaryImageOfPage\":{\"@id\":\"https:\\\/\\\/medicinasinc.com\\\/sl\\\/product\\\/buy-naze-2mg-klonazepam\\\/#primaryimage\"},\"image\":{\"@id\":\"https:\\\/\\\/medicinasinc.com\\\/sl\\\/product\\\/buy-naze-2mg-klonazepam\\\/#primaryimage\"},\"thumbnailUrl\":\"https:\\\/\\\/medicinasinc.com\\\/sl\\\/wp-content\\\/uploads\\\/sites\\\/7\\\/2022\\\/02\\\/buy-naze-2mg-clonazepam-pills-online.jpg\",\"datePublished\":\"2022-02-20T22:51:56+00:00\",\"dateModified\":\"2022-03-19T00:39:13+00:00\",\"description\":\"Kupite Naze\u00a0(Clonazepam)\u00a02 mg na spletu z ban\u010dnim nakazilom brez recepta v na\u0161i trgovini. Diskretna dostava \u010dez no\u010d je na voljo iz Evrope, Zdru\u017eenega kraljestva in ZDA.\",\"breadcrumb\":{\"@id\":\"https:\\\/\\\/medicinasinc.com\\\/sl\\\/product\\\/buy-naze-2mg-klonazepam\\\/#breadcrumb\"},\"inLanguage\":\"en-US\",\"potentialAction\":[{\"@type\":\"ReadAction\",\"target\":[\"https:\\\/\\\/medicinasinc.com\\\/sl\\\/product\\\/buy-naze-2mg-klonazepam\\\/\"]}]},{\"@type\":\"ImageObject\",\"inLanguage\":\"en-US\",\"@id\":\"https:\\\/\\\/medicinasinc.com\\\/sl\\\/product\\\/buy-naze-2mg-klonazepam\\\/#primaryimage\",\"url\":\"https:\\\/\\\/medicinasinc.com\\\/sl\\\/wp-content\\\/uploads\\\/sites\\\/7\\\/2022\\\/02\\\/buy-naze-2mg-clonazepam-pills-online.jpg\",\"contentUrl\":\"https:\\\/\\\/medicinasinc.com\\\/sl\\\/wp-content\\\/uploads\\\/sites\\\/7\\\/2022\\\/02\\\/buy-naze-2mg-clonazepam-pills-online.jpg\",\"width\":600,\"height\":600},{\"@type\":\"BreadcrumbList\",\"@id\":\"https:\\\/\\\/medicinasinc.com\\\/sl\\\/product\\\/buy-naze-2mg-klonazepam\\\/#breadcrumb\",\"itemListElement\":[{\"@type\":\"ListItem\",\"position\":1,\"name\":\"Nakupujte\",\"item\":\"https:\\\/\\\/medicinasinc.com\\\/sl\\\/nakupujte\\\/\"},{\"@type\":\"ListItem\",\"position\":2,\"name\":\"Kupite Naze 2 mg klonazepama\"}]},{\"@type\":\"WebSite\",\"@id\":\"https:\\\/\\\/medicinasinc.com\\\/sl\\\/#website\",\"url\":\"https:\\\/\\\/medicinasinc.com\\\/sl\\\/\",\"name\":\"Medicinas Inc\",\"description\":\"Health Medical Clinic\",\"potentialAction\":[{\"@type\":\"SearchAction\",\"target\":{\"@type\":\"EntryPoint\",\"urlTemplate\":\"https:\\\/\\\/medicinasinc.com\\\/sl\\\/?s={search_term_string}\"},\"query-input\":{\"@type\":\"PropertyValueSpecification\",\"valueRequired\":true,\"valueName\":\"search_term_string\"}}],\"inLanguage\":\"en-US\"}]}<\/script>\n<!-- \/ Yoast SEO plugin. -->","yoast_head_json":{"title":"Kupite tablete Naze 2 mg klonazepama - najbolj\u0161a najbolj\u0161a zdravila na svetu","description":"Kupite Naze\u00a0(Clonazepam)\u00a02 mg na spletu z ban\u010dnim nakazilom brez recepta v na\u0161i trgovini. Diskretna dostava \u010dez no\u010d je na voljo iz Evrope, Zdru\u017eenega kraljestva in ZDA.","robots":{"index":"index","follow":"follow","max-snippet":"max-snippet:-1","max-image-preview":"max-image-preview:large","max-video-preview":"max-video-preview:-1"},"canonical":"https:\/\/medicinasinc.com\/sl\/product\/buy-naze-2mg-klonazepam\/","og_locale":"en_US","og_type":"article","og_title":"Kupite tablete Naze 2 mg klonazepama - najbolj\u0161a najbolj\u0161a zdravila na svetu","og_description":"Kupite Naze\u00a0(Clonazepam)\u00a02 mg na spletu z ban\u010dnim nakazilom brez recepta v na\u0161i trgovini. Diskretna dostava \u010dez no\u010d je na voljo iz Evrope, Zdru\u017eenega kraljestva in ZDA.","og_url":"https:\/\/medicinasinc.com\/sl\/product\/buy-naze-2mg-klonazepam\/","og_site_name":"Medicinas Inc","article_modified_time":"2022-03-19T00:39:13+00:00","og_image":[{"width":600,"height":600,"url":"https:\/\/medicinasinc.com\/sl\/wp-content\/uploads\/sites\/7\/2022\/02\/buy-naze-2mg-clonazepam-pills-online.jpg","type":"image\/jpeg"}],"twitter_card":"summary_large_image","twitter_misc":{"Est. reading time":"1 minute"},"schema":{"@context":"https:\/\/schema.org","@graph":[{"@type":"WebPage","@id":"https:\/\/medicinasinc.com\/sl\/product\/buy-naze-2mg-klonazepam\/","url":"https:\/\/medicinasinc.com\/sl\/product\/buy-naze-2mg-klonazepam\/","name":"Kupite tablete Naze 2 mg klonazepama - najbolj\u0161a najbolj\u0161a zdravila na svetu","isPartOf":{"@id":"https:\/\/medicinasinc.com\/sl\/#website"},"primaryImageOfPage":{"@id":"https:\/\/medicinasinc.com\/sl\/product\/buy-naze-2mg-klonazepam\/#primaryimage"},"image":{"@id":"https:\/\/medicinasinc.com\/sl\/product\/buy-naze-2mg-klonazepam\/#primaryimage"},"thumbnailUrl":"https:\/\/medicinasinc.com\/sl\/wp-content\/uploads\/sites\/7\/2022\/02\/buy-naze-2mg-clonazepam-pills-online.jpg","datePublished":"2022-02-20T22:51:56+00:00","dateModified":"2022-03-19T00:39:13+00:00","description":"Kupite Naze\u00a0(Clonazepam)\u00a02 mg na spletu z ban\u010dnim nakazilom brez recepta v na\u0161i trgovini. Diskretna dostava \u010dez no\u010d je na voljo iz Evrope, Zdru\u017eenega kraljestva in ZDA.","breadcrumb":{"@id":"https:\/\/medicinasinc.com\/sl\/product\/buy-naze-2mg-klonazepam\/#breadcrumb"},"inLanguage":"en-US","potentialAction":[{"@type":"ReadAction","target":["https:\/\/medicinasinc.com\/sl\/product\/buy-naze-2mg-klonazepam\/"]}]},{"@type":"ImageObject","inLanguage":"en-US","@id":"https:\/\/medicinasinc.com\/sl\/product\/buy-naze-2mg-klonazepam\/#primaryimage","url":"https:\/\/medicinasinc.com\/sl\/wp-content\/uploads\/sites\/7\/2022\/02\/buy-naze-2mg-clonazepam-pills-online.jpg","contentUrl":"https:\/\/medicinasinc.com\/sl\/wp-content\/uploads\/sites\/7\/2022\/02\/buy-naze-2mg-clonazepam-pills-online.jpg","width":600,"height":600},{"@type":"BreadcrumbList","@id":"https:\/\/medicinasinc.com\/sl\/product\/buy-naze-2mg-klonazepam\/#breadcrumb","itemListElement":[{"@type":"ListItem","position":1,"name":"Nakupujte","item":"https:\/\/medicinasinc.com\/sl\/nakupujte\/"},{"@type":"ListItem","position":2,"name":"Kupite Naze 2 mg klonazepama"}]},{"@type":"WebSite","@id":"https:\/\/medicinasinc.com\/sl\/#website","url":"https:\/\/medicinasinc.com\/sl\/","name":"Medicinas Inc","description":"Health Medical Clinic","potentialAction":[{"@type":"SearchAction","target":{"@type":"EntryPoint","urlTemplate":"https:\/\/medicinasinc.com\/sl\/?s={search_term_string}"},"query-input":{"@type":"PropertyValueSpecification","valueRequired":true,"valueName":"search_term_string"}}],"inLanguage":"en-US"}]}},"_links":{"self":[{"href":"https:\/\/medicinasinc.com\/sl\/wp-json\/wp\/v2\/product\/5263","targetHints":{"allow":["GET"]}}],"collection":[{"href":"https:\/\/medicinasinc.com\/sl\/wp-json\/wp\/v2\/product"}],"about":[{"href":"https:\/\/medicinasinc.com\/sl\/wp-json\/wp\/v2\/types\/product"}],"replies":[{"embeddable":true,"href":"https:\/\/medicinasinc.com\/sl\/wp-json\/wp\/v2\/comments?post=5263"}],"wp:featuredmedia":[{"embeddable":true,"href":"https:\/\/medicinasinc.com\/sl\/wp-json\/wp\/v2\/media\/5280"}],"wp:attachment":[{"href":"https:\/\/medicinasinc.com\/sl\/wp-json\/wp\/v2\/media?parent=5263"}],"wp:term":[{"taxonomy":"product_brand","embeddable":true,"href":"https:\/\/medicinasinc.com\/sl\/wp-json\/wp\/v2\/product_brand?post=5263"},{"taxonomy":"product_cat","embeddable":true,"href":"https:\/\/medicinasinc.com\/sl\/wp-json\/wp\/v2\/product_cat?post=5263"},{"taxonomy":"product_tag","embeddable":true,"href":"https:\/\/medicinasinc.com\/sl\/wp-json\/wp\/v2\/product_tag?post=5263"}],"curies":[{"name":"wp","href":"https:\/\/api.w.org\/{rel}","templated":true}]}}