{"id":5262,"date":"2022-02-20T22:49:49","date_gmt":"2022-02-20T22:49:49","guid":{"rendered":"https:\/\/medicinasinc.com\/sl\/?post_type=product&#038;p=5262"},"modified":"2022-03-19T00:39:26","modified_gmt":"2022-03-19T00:39:26","slug":"buy-onax-2mg-alprazolam","status":"publish","type":"product","link":"https:\/\/medicinasinc.com\/sl\/product\/buy-onax-2mg-alprazolam\/","title":{"rendered":"Kupite Onax 2 mg alprazolama"},"content":{"rendered":"<p>Kupite tablete Onax 2mg Alprazolam na spletu | Nakup Onax na spletu | Kupite onax palice<\/p>\n<p>Kaj je Onax? Onax Purchase Online<\/p>\n<p>Onax 2mg plo\u0161\u010dice (Alprazolam) so dobro znane po svojem pomirjevalnem u\u010dinku. Uporablja se za zdravljenje pomanjkanja spanja kadar koli podnevi ali pono\u010di. Xanax XR je benzodiazepin, ki se uporablja za zdravljenje anksioznosti, pani\u010dne motnje in depresije. \u010ce pri nas kupujete plo\u0161\u010dice Onax 2 mg, se prepri\u010dajte, da jih resni\u010dno potrebujete in da vam je zdravilo Onax predlagal zdravnik. PandaPharmacy.com ne odgovarja za kakr\u0161no koli \u0161kodo ali \u0161kodljive u\u010dinke, ki jih povzro\u010di Xanax 3mg.<\/p>\n<p>Zloraba zdravila lahko povzro\u010di omejeno stopnjo fizi\u010dne ali psihi\u010dne odvisnosti v primerjavi z zdravili iz seznama 3. Pri nas lahko na spletu dobite tablice Onax 2mg, ne glede na na\u010din pla\u010dila. Sprejemamo tudi PayPal. Poleg PayPala je mogo\u010de denarna nakazila uporabiti za nakup 2mg palic Onax. Upo\u0161tevajte, da je to zdravilo zelo \u0161kodljivo in lahko povzro\u010di odvisnost. Na\u0161 Onax bi bil najbolj\u0161ega razreda. Prosimo, preberite na\u0161 &#8220;&#8221;, da dobite ve\u010dino re\u0161itev za vpra\u0161anja, ki so se vam porajala v glavi.<\/p>\n<p>Kaj je Onax? Onax Purchase Online<\/p>\n<p>Onax 2mg plo\u0161\u010dice (Alprazolam) so dobro znane po svojih pomirjevalnih lastnostih. Uporablja se za zdravljenje pomanjkanja spanja kadar koli podnevi ali pono\u010di. Xanax XR je benzodiazepin, ki se uporablja za zdravljenje anksioznosti, pani\u010dne motnje in depresije. \u010ce pri nas kupujete plo\u0161\u010dice Onax 2 mg, se prepri\u010dajte, da jih resni\u010dno potrebujete in da je zdravilo Onax odobril va\u0161 zdravnik. PandaPharmacy.com ne odgovarja za kakr\u0161no koli \u0161kodo ali \u0161kodljive u\u010dinke, ki jih povzro\u010di Xanax 3mg.<\/p>\n<p>Zloraba zdravila lahko povzro\u010di omejeno stopnjo fizi\u010dne ali psihi\u010dne odvisnosti v primerjavi z zdravili iz seznama 3.<\/p>\n<p>Palice Onax 2mg lahko dobite na spletu pri nas ne glede na na\u010din pla\u010dila. Sprejemamo tudi PayPal. Poleg PayPala je mogo\u010de denarna nakazila uporabiti za nakup 2mg palic Onax. Upo\u0161tevajte, da je to zdravilo zelo \u0161kodljivo in lahko povzro\u010di odvisnost. Na\u0161 Onax bi bil najbolj\u0161ega razreda. Prosimo, preberite na\u0161 &#8220;, da dobite odgovore na ve\u010dino vpra\u0161anj, ki so se pojavila v va\u0161ih mislih. Naro\u010dite<\/p>\n","protected":false},"excerpt":{"rendered":"<p>Spletni nakup tablet Onax 2mg Alprazolam. Alprazolam se uporablja za zdravljenje tesnobe, blaznosti in tesnobe, povezane z bednostjo. Spletni nakup tablet Onax 2mg Alprazolam&#8221;. Alprazolam 2mg Onax<\/p>\n<p>Onax 2mg plo\u0161\u010dice\/tablete za nakup<\/p>\n<p>Onax (Alprazolam) se uporablja za zdravljenje anksioznosti, napadov panike, nespe\u010dnosti (te\u017eave s spanjem) in tesnobe, povezane z depresijo.<\/p>\n<p>Onax 2mg lahko kupite na spletu pri nas; na\u0161e tablete Onax 2mg so najvi\u0161je kakovosti. Onax 2mg je uradno ime zdravila. Te tablete bodo poslane na diskreten na\u010din.<\/p>\n<p>Kupite onax 2mg plo\u0161\u010dice (Alprazolam), ki je dobro znan po svojem pomirjevalnem u\u010dinku. Uporablja se za boj proti pomanjkanju spanja kadar koli podnevi ali pono\u010di.<\/p>\n","protected":false},"featured_media":5278,"comment_status":"open","ping_status":"closed","template":"","meta":[],"product_brand":[],"product_cat":[1117],"product_tag":[1524,1521,1523,1522,1525,1526,1527,1528,1529,1530,1531,1532,1533,1534,1535,1536,1537,1538,1539,1540,1541,1542,1543,1544,1545,1546,1547,1548,1549,1550,1551,1552,1553,1554,1555,1556,1520,1557,1558,1559,1560,1561,1562],"class_list":{"0":"post-5262","1":"product","2":"type-product","3":"status-publish","4":"has-post-thumbnail","6":"product_cat-kupite-tablete-proti-bolecinam-spanju-seksu","7":"product_tag-dj-onax","8":"product_tag-kupi-onax","9":"product_tag-kupi-onax-online","10":"product_tag-kupi-onax-2mg","11":"product_tag-long-white-pill-onax","12":"product_tag-ocean-pharmaceuticals-onax","13":"product_tag-onax","14":"product_tag-onax-2","15":"product_tag-onax-2-bars","16":"product_tag-onax-2-pill-id","17":"product_tag-onax-2-pill-identifier","18":"product_tag-onax-2-white-pill","19":"product_tag-onax-2mg","20":"product_tag-onax-2mg-bar","21":"product_tag-onax-2mg-bars","22":"product_tag-onax-ag-it-solutions","23":"product_tag-onax-bars","24":"product_tag-onax-bars-3mg","25":"product_tag-onax-bars-for-sale","26":"product_tag-onax-dr-germantown","27":"product_tag-onax-headache","28":"product_tag-onax-llc","29":"product_tag-onax-orv-park-mojave-ca-pictures","30":"product_tag-onax-pc-ames","31":"product_tag-onax-pex","32":"product_tag-onax-pill","33":"product_tag-onax-punta-cana","34":"product_tag-onax-statues","35":"product_tag-onax-vlack-kitchenaid-mixer","36":"product_tag-onax-vs-xanax","37":"product_tag-onax-white-pill","38":"product_tag-onax-xanax","39":"product_tag-onax-xanax-bars","40":"product_tag-pill-onax-2","41":"product_tag-reddit-onax","42":"product_tag-reddit-onax-za-va-nos","43":"product_tag-so-onax-bari-dobri","44":"product_tag-white-bar-pill-onax","45":"product_tag-white-pill-onax","46":"product_tag-white-pill-onax-2","47":"product_tag-white-rectangle-pill-onax-2","48":"product_tag-xanax-2mg-onax","49":"product_tag-xanax-bars-onax","51":"first","52":"instock","53":"shipping-taxable","54":"purchasable","55":"product-type-variable","56":"has-default-attributes"},"yoast_head":"<!-- This site is optimized with the Yoast SEO plugin v27.3 - https:\/\/yoast.com\/product\/yoast-seo-wordpress\/ -->\n<title>Kupite tablete Onax 2mg Alprazolam - najbolj\u0161a najbolj\u0161a zdravila na svetu<\/title>\n<meta name=\"description\" content=\"kupite onax 2mg plo\u0161\u010dice\/tablete:\u00a0Onax\u00a0(Alprazolam) zdravi anksioznost, pani\u010dno motnjo, nespe\u010dnost (te\u017eave s spanjem) in tesnobo, ki jo povzro\u010da depresija.\" \/>\n<meta name=\"robots\" content=\"index, follow, max-snippet:-1, max-image-preview:large, max-video-preview:-1\" \/>\n<link rel=\"canonical\" href=\"https:\/\/medicinasinc.com\/sl\/product\/buy-onax-2mg-alprazolam\/\" \/>\n<meta property=\"og:locale\" content=\"en_US\" \/>\n<meta property=\"og:type\" content=\"article\" \/>\n<meta property=\"og:title\" content=\"Kupite tablete Onax 2mg Alprazolam - najbolj\u0161a najbolj\u0161a zdravila na svetu\" \/>\n<meta property=\"og:description\" content=\"kupite onax 2mg plo\u0161\u010dice\/tablete:\u00a0Onax\u00a0(Alprazolam) zdravi anksioznost, pani\u010dno motnjo, nespe\u010dnost (te\u017eave s spanjem) in tesnobo, ki jo povzro\u010da depresija.\" \/>\n<meta property=\"og:url\" content=\"https:\/\/medicinasinc.com\/sl\/product\/buy-onax-2mg-alprazolam\/\" \/>\n<meta property=\"og:site_name\" content=\"Medicinas Inc\" \/>\n<meta property=\"article:modified_time\" content=\"2022-03-19T00:39:26+00:00\" \/>\n<meta property=\"og:image\" content=\"https:\/\/medicinasinc.com\/sl\/wp-content\/uploads\/sites\/7\/2022\/02\/Buy-Onax-2mg.jpg\" \/>\n\t<meta property=\"og:image:width\" content=\"400\" \/>\n\t<meta property=\"og:image:height\" content=\"300\" \/>\n\t<meta property=\"og:image:type\" content=\"image\/jpeg\" \/>\n<meta name=\"twitter:card\" content=\"summary_large_image\" \/>\n<meta name=\"twitter:label1\" content=\"Est. reading time\" \/>\n\t<meta name=\"twitter:data1\" content=\"2 minutes\" \/>\n<script type=\"application\/ld+json\" class=\"yoast-schema-graph\">{\"@context\":\"https:\\\/\\\/schema.org\",\"@graph\":[{\"@type\":\"WebPage\",\"@id\":\"https:\\\/\\\/medicinasinc.com\\\/sl\\\/product\\\/buy-onax-2mg-alprazolam\\\/\",\"url\":\"https:\\\/\\\/medicinasinc.com\\\/sl\\\/product\\\/buy-onax-2mg-alprazolam\\\/\",\"name\":\"Kupite tablete Onax 2mg Alprazolam - najbolj\u0161a najbolj\u0161a zdravila na svetu\",\"isPartOf\":{\"@id\":\"https:\\\/\\\/medicinasinc.com\\\/sl\\\/#website\"},\"primaryImageOfPage\":{\"@id\":\"https:\\\/\\\/medicinasinc.com\\\/sl\\\/product\\\/buy-onax-2mg-alprazolam\\\/#primaryimage\"},\"image\":{\"@id\":\"https:\\\/\\\/medicinasinc.com\\\/sl\\\/product\\\/buy-onax-2mg-alprazolam\\\/#primaryimage\"},\"thumbnailUrl\":\"https:\\\/\\\/medicinasinc.com\\\/sl\\\/wp-content\\\/uploads\\\/sites\\\/7\\\/2022\\\/02\\\/Buy-Onax-2mg.jpg\",\"datePublished\":\"2022-02-20T22:49:49+00:00\",\"dateModified\":\"2022-03-19T00:39:26+00:00\",\"description\":\"kupite onax 2mg plo\u0161\u010dice\\\/tablete:\u00a0Onax\u00a0(Alprazolam) zdravi anksioznost, pani\u010dno motnjo, nespe\u010dnost (te\u017eave s spanjem) in tesnobo, ki jo povzro\u010da depresija.\",\"breadcrumb\":{\"@id\":\"https:\\\/\\\/medicinasinc.com\\\/sl\\\/product\\\/buy-onax-2mg-alprazolam\\\/#breadcrumb\"},\"inLanguage\":\"en-US\",\"potentialAction\":[{\"@type\":\"ReadAction\",\"target\":[\"https:\\\/\\\/medicinasinc.com\\\/sl\\\/product\\\/buy-onax-2mg-alprazolam\\\/\"]}]},{\"@type\":\"ImageObject\",\"inLanguage\":\"en-US\",\"@id\":\"https:\\\/\\\/medicinasinc.com\\\/sl\\\/product\\\/buy-onax-2mg-alprazolam\\\/#primaryimage\",\"url\":\"https:\\\/\\\/medicinasinc.com\\\/sl\\\/wp-content\\\/uploads\\\/sites\\\/7\\\/2022\\\/02\\\/Buy-Onax-2mg.jpg\",\"contentUrl\":\"https:\\\/\\\/medicinasinc.com\\\/sl\\\/wp-content\\\/uploads\\\/sites\\\/7\\\/2022\\\/02\\\/Buy-Onax-2mg.jpg\",\"width\":400,\"height\":300},{\"@type\":\"BreadcrumbList\",\"@id\":\"https:\\\/\\\/medicinasinc.com\\\/sl\\\/product\\\/buy-onax-2mg-alprazolam\\\/#breadcrumb\",\"itemListElement\":[{\"@type\":\"ListItem\",\"position\":1,\"name\":\"Nakupujte\",\"item\":\"https:\\\/\\\/medicinasinc.com\\\/sl\\\/nakupujte\\\/\"},{\"@type\":\"ListItem\",\"position\":2,\"name\":\"Kupite Onax 2 mg alprazolama\"}]},{\"@type\":\"WebSite\",\"@id\":\"https:\\\/\\\/medicinasinc.com\\\/sl\\\/#website\",\"url\":\"https:\\\/\\\/medicinasinc.com\\\/sl\\\/\",\"name\":\"Medicinas Inc\",\"description\":\"Health Medical Clinic\",\"potentialAction\":[{\"@type\":\"SearchAction\",\"target\":{\"@type\":\"EntryPoint\",\"urlTemplate\":\"https:\\\/\\\/medicinasinc.com\\\/sl\\\/?s={search_term_string}\"},\"query-input\":{\"@type\":\"PropertyValueSpecification\",\"valueRequired\":true,\"valueName\":\"search_term_string\"}}],\"inLanguage\":\"en-US\"}]}<\/script>\n<!-- \/ Yoast SEO plugin. -->","yoast_head_json":{"title":"Kupite tablete Onax 2mg Alprazolam - najbolj\u0161a najbolj\u0161a zdravila na svetu","description":"kupite onax 2mg plo\u0161\u010dice\/tablete:\u00a0Onax\u00a0(Alprazolam) zdravi anksioznost, pani\u010dno motnjo, nespe\u010dnost (te\u017eave s spanjem) in tesnobo, ki jo povzro\u010da depresija.","robots":{"index":"index","follow":"follow","max-snippet":"max-snippet:-1","max-image-preview":"max-image-preview:large","max-video-preview":"max-video-preview:-1"},"canonical":"https:\/\/medicinasinc.com\/sl\/product\/buy-onax-2mg-alprazolam\/","og_locale":"en_US","og_type":"article","og_title":"Kupite tablete Onax 2mg Alprazolam - najbolj\u0161a najbolj\u0161a zdravila na svetu","og_description":"kupite onax 2mg plo\u0161\u010dice\/tablete:\u00a0Onax\u00a0(Alprazolam) zdravi anksioznost, pani\u010dno motnjo, nespe\u010dnost (te\u017eave s spanjem) in tesnobo, ki jo povzro\u010da depresija.","og_url":"https:\/\/medicinasinc.com\/sl\/product\/buy-onax-2mg-alprazolam\/","og_site_name":"Medicinas Inc","article_modified_time":"2022-03-19T00:39:26+00:00","og_image":[{"width":400,"height":300,"url":"https:\/\/medicinasinc.com\/sl\/wp-content\/uploads\/sites\/7\/2022\/02\/Buy-Onax-2mg.jpg","type":"image\/jpeg"}],"twitter_card":"summary_large_image","twitter_misc":{"Est. reading time":"2 minutes"},"schema":{"@context":"https:\/\/schema.org","@graph":[{"@type":"WebPage","@id":"https:\/\/medicinasinc.com\/sl\/product\/buy-onax-2mg-alprazolam\/","url":"https:\/\/medicinasinc.com\/sl\/product\/buy-onax-2mg-alprazolam\/","name":"Kupite tablete Onax 2mg Alprazolam - najbolj\u0161a najbolj\u0161a zdravila na svetu","isPartOf":{"@id":"https:\/\/medicinasinc.com\/sl\/#website"},"primaryImageOfPage":{"@id":"https:\/\/medicinasinc.com\/sl\/product\/buy-onax-2mg-alprazolam\/#primaryimage"},"image":{"@id":"https:\/\/medicinasinc.com\/sl\/product\/buy-onax-2mg-alprazolam\/#primaryimage"},"thumbnailUrl":"https:\/\/medicinasinc.com\/sl\/wp-content\/uploads\/sites\/7\/2022\/02\/Buy-Onax-2mg.jpg","datePublished":"2022-02-20T22:49:49+00:00","dateModified":"2022-03-19T00:39:26+00:00","description":"kupite onax 2mg plo\u0161\u010dice\/tablete:\u00a0Onax\u00a0(Alprazolam) zdravi anksioznost, pani\u010dno motnjo, nespe\u010dnost (te\u017eave s spanjem) in tesnobo, ki jo povzro\u010da depresija.","breadcrumb":{"@id":"https:\/\/medicinasinc.com\/sl\/product\/buy-onax-2mg-alprazolam\/#breadcrumb"},"inLanguage":"en-US","potentialAction":[{"@type":"ReadAction","target":["https:\/\/medicinasinc.com\/sl\/product\/buy-onax-2mg-alprazolam\/"]}]},{"@type":"ImageObject","inLanguage":"en-US","@id":"https:\/\/medicinasinc.com\/sl\/product\/buy-onax-2mg-alprazolam\/#primaryimage","url":"https:\/\/medicinasinc.com\/sl\/wp-content\/uploads\/sites\/7\/2022\/02\/Buy-Onax-2mg.jpg","contentUrl":"https:\/\/medicinasinc.com\/sl\/wp-content\/uploads\/sites\/7\/2022\/02\/Buy-Onax-2mg.jpg","width":400,"height":300},{"@type":"BreadcrumbList","@id":"https:\/\/medicinasinc.com\/sl\/product\/buy-onax-2mg-alprazolam\/#breadcrumb","itemListElement":[{"@type":"ListItem","position":1,"name":"Nakupujte","item":"https:\/\/medicinasinc.com\/sl\/nakupujte\/"},{"@type":"ListItem","position":2,"name":"Kupite Onax 2 mg alprazolama"}]},{"@type":"WebSite","@id":"https:\/\/medicinasinc.com\/sl\/#website","url":"https:\/\/medicinasinc.com\/sl\/","name":"Medicinas Inc","description":"Health Medical Clinic","potentialAction":[{"@type":"SearchAction","target":{"@type":"EntryPoint","urlTemplate":"https:\/\/medicinasinc.com\/sl\/?s={search_term_string}"},"query-input":{"@type":"PropertyValueSpecification","valueRequired":true,"valueName":"search_term_string"}}],"inLanguage":"en-US"}]}},"_links":{"self":[{"href":"https:\/\/medicinasinc.com\/sl\/wp-json\/wp\/v2\/product\/5262","targetHints":{"allow":["GET"]}}],"collection":[{"href":"https:\/\/medicinasinc.com\/sl\/wp-json\/wp\/v2\/product"}],"about":[{"href":"https:\/\/medicinasinc.com\/sl\/wp-json\/wp\/v2\/types\/product"}],"replies":[{"embeddable":true,"href":"https:\/\/medicinasinc.com\/sl\/wp-json\/wp\/v2\/comments?post=5262"}],"wp:featuredmedia":[{"embeddable":true,"href":"https:\/\/medicinasinc.com\/sl\/wp-json\/wp\/v2\/media\/5278"}],"wp:attachment":[{"href":"https:\/\/medicinasinc.com\/sl\/wp-json\/wp\/v2\/media?parent=5262"}],"wp:term":[{"taxonomy":"product_brand","embeddable":true,"href":"https:\/\/medicinasinc.com\/sl\/wp-json\/wp\/v2\/product_brand?post=5262"},{"taxonomy":"product_cat","embeddable":true,"href":"https:\/\/medicinasinc.com\/sl\/wp-json\/wp\/v2\/product_cat?post=5262"},{"taxonomy":"product_tag","embeddable":true,"href":"https:\/\/medicinasinc.com\/sl\/wp-json\/wp\/v2\/product_tag?post=5262"}],"curies":[{"name":"wp","href":"https:\/\/api.w.org\/{rel}","templated":true}]}}