{"id":5239,"date":"2022-02-20T22:28:45","date_gmt":"2022-02-20T22:28:45","guid":{"rendered":"https:\/\/medicinasinc.com\/sl\/?post_type=product&#038;p=5239"},"modified":"2022-03-19T00:39:40","modified_gmt":"2022-03-19T00:39:40","slug":"kupite-magnus-mr-morfij-30mg-online","status":"publish","type":"product","link":"https:\/\/medicinasinc.com\/sl\/product\/kupite-magnus-mr-morfij-30mg-online\/","title":{"rendered":"Kupite Magnus MR Morphine 30 mg na spletu"},"content":{"rendered":"<div id=\"productDescription\" class=\"productGeneral biggerText\">\n<p>Magnus MR morfij 30 mg kupite na spletu<br \/> Magnus MR (morfijev sulfat) 30 mg kapsule Kupite Magnus MR (morfijev sulfat) 30 mg kapsule varno na spletu<\/p>\n<p>Magnus MR (morfijev sulfat) 30 mg kapsule \u2013 naro\u010dite brez recepta \u2013 dostava \u010dez no\u010d<\/p>\n<p>Magnus MR (morfijev sulfat) 30 mg za prodajo v Zdru\u017eenih dr\u017eavah Amerike \u2013 zanesljiva lekarna proti bole\u010dinam<\/p>\n<p>Magnus MR naprodaj (morfijev sulfat) 30mg na spletu po najni\u017ejih cenah v EVROPI &amp; AMERIKA<\/p>\n<p>Kje in kako varno kupiti Magnus MR (morfijev sulfat) 30mg na spletu danes<\/p>\n<p>1. Rhotard Morphine SR 30 mg tablete Morphgesic SR 30 mg tablete naprodaj<\/p>\n<p>2. Sestava v kvalitativnem in kvantitativnem smislu<br \/> Morphgesic SR 30 mg tablete\/Rhotard Morphine SR 30 mg tablete<br \/> Vsaka tableta vsebuje 30 mg morfin sulfata.<br \/> Pomo\u017ene snovi z dobro opredeljenim u\u010dinkom:<br \/> Glukoza (63.000 mg na tableto).<\/p>\n<p>3. Farmakolo\u0161ka formula<br \/> Tablete z nadzorovanim spro\u0161\u010danjem<br \/> Vsaka 30 mg tableta je bikonveksna okrogla filmsko oblo\u017eena tableta vijoli\u010dne barve.<\/p>\n<p>4. Klini\u010dne zna\u010dilnosti<br \/> 4.1 Indikacije za uporabo<br \/> Tablete Rhotard Morphine SR \/ Morphgesic SR so namenjene odraslim za zdravljenje hude bole\u010dine za dalj\u0161e \u010dasovno obdobje.<\/p>\n<p>4.2 Odmerjanje in tehnika dajanja. <br \/> Odmerjanje Otro\u0161ka populacija<br \/> Uporaba tablet Rhotard Morphine SR \/ Morphgesic SR pri otrocih ni priporo\u010dljiva.<\/p>\n<p>Odrasli: Odmerjanje se dolo\u010di glede na intenzivnost bole\u010dine in bolnikovo predhodno anamnezo analgeti\u010dne uporabe. Obi\u010dajno je treba tablete jemati dvakrat na dan v 12-urnih intervalih. Pri bolnikih s hudo bole\u010dino je indiciran za\u010detni odmerek ene ali dveh 10 mg tablet (10 mg) dvakrat na dan. Priporo\u010dljivo je, da se z ve\u010danjem resnosti bole\u010dine pove\u010da odmerek morfija, da se dose\u017ee \u017eeleno laj\u0161anje. Odmerjanje je mogo\u010de prilagoditi s kombiniranjem tablet razli\u010dnih jakosti (10, 30, 60 in 100 mg) ali z uporabo samih tablet z ve\u010djo jakostjo.<br \/> Predlaga se, da bolniki, ki so pre\u0161li z drugega peroralnega pripravka morfija s primerljivo biolo\u0161ko uporabnostjo s peroralno teko\u010dino morfija dobijo enak skupni odmerek morfija v 24-urnem obdobju. Celoten odmerek je treba razdeliti na polovico in ga dajati zjutraj in zve\u010der. Morda bo potrebna titracija odmerka in klini\u010dni pregled.<br \/> \u010ce je bolnik pred prehodom na tablete Rhotard Morphine SR\/Morphgesic SR prejemal parenteralno morfij, bo morda potreben ve\u010dji odmerek morfija. Posamezne prilagoditve odmerka bodo potrebne, da se nadomesti kakr\u0161na koli izguba analgeti\u010dne u\u010dinkovitosti zaradi peroralne uporabe.<br \/> Za laj\u0161anje pooperativne bole\u010dine v prvih 24 urah po operaciji ni priporo\u010dljivo dajati tablet Rhotard Morphine SR\/Morphgesic SR. Po tem za\u010detnem obdobju mora odmerek dolo\u010diti zdravnik.<br \/> Pri nekaterih bolnikih bo morda potreben dodaten parenteralni morfin, kar je povsem primerno. Vendar pa je treba biti previden glede celotnega odmerka morfija, pa tudi glede zapoznelih u\u010dinkov morfija v formulaciji Rhotard Morphine SR\/ Morphgesic SR.<br \/> Tablete Rhotard Morphine SR\/Morphgesic SR je treba uporabljati previdno po operaciji (kot pri vseh pripravki morfija), predvsem pa po operaciji trebuha.<br \/>Motilnost v \u017eelodcu bi se morala ponovno vzpostaviti in jo je treba vzdr\u017eevati.<\/p>\n<p>Tehnika dajanja<br \/> Rhotard Morphine SR \/ Morphgesic SR peroralnih tablet se ne sme uporabljati. pre\u017eve\u010dene.<\/p>\n<p>5.1 Lastnosti pharmacodynamica<br \/> Skupina farmakoterapevtskih u\u010dinkovin: Opioidi<br \/> N02A je oznaka ATC.<\/p>\n<p>Mehanizem u\u010dinkovitosti<br \/> MAGNUS MR SULFATE ER 30 MG deluje kot agonist na opiatnih receptorjih osrednjega \u017eiv\u010dnega sistema, predvsem na Mu in v manj\u0161i meri na receptorjih Kappa. Domneva se, da supraspinalno analgezijo, depresijo dihanja in evforijo posredujejo receptorji Mu, medtem ko naj bi spinalno analgezijo, miozo in sedacijo posredovali receptorji Kappa.<\/p>\n<p>Osrednji \u017eiv\u010dni sistem: Primarni terapevtski u\u010dinki morfija so analgezija in zaspanost (tj. zaspanost in anksioliza). MAGNUS MR SULFATE ER 30 MG deluje sedativno na dihalne centre mo\u017eganskega debla. Morfin deluje neposredno na sredi\u0161\u010de za ka\u0161elj v meduli in zavira refleks ka\u0161lja. Antitusi\u010dni u\u010dinki so mo\u017eni pri odmerkih, ki so ni\u017eji od tistih, ki so potrebni za analgezijo. Morfin povzro\u010di miozo v popolni temi. \u010ceprav natan\u010dne zenice ka\u017eejo na preveliko odmerjanje opioidov, niso diagnosti\u010dne (npr. lezije pontinov hemoragi\u010dnega ali ishemskega izvora lahko povzro\u010dijo podobne ugotovitve). Hipoksija se lahko v primeru prevelikega odmerjanja morfija ka\u017ee kot izrazita midriaza in ne mioza.<\/p>\n<p>MAGNUS MR SULFATE ER 30 MG in podobni analgetiki lahko povzro\u010dijo fizi\u010dno in psihi\u010dno odvisnost, zato jih je treba uporabljati previdno. Poleg tega se lahko razvije toleranca.<\/p>\n<p>Gladke mi\u0161ice gastrointestinalnega trakta in druge gladke mi\u0161ice<br \/> MAGNUS MR SULFATE ER 30 MG zavira gibljivost s pove\u010danjem tonusa gladkih mi\u0161ic v \u017eelodcu in dvanajstniku. Prebava hrane se v tankem \u010drevesu upo\u010dasni, propulzivne kontrakcije pa se zmanj\u0161ajo. Zaprtje je posledica zmanj\u0161anja pogonskih peristalti\u010dnih valov v debelem \u010drevesu in pove\u010danja tonusa do to\u010dke kr\u010da. Morfin na splo\u0161no dvigne tonus gladkih mi\u0161ic, zlasti v sfinkterjih prebavil in \u017eol\u010dnega sistema. Morfin lahko povzro\u010di kr\u010de v Oddijevem sfinkterju in s tem pove\u010da intrabiliarni tlak.<\/p>\n<p>MAGNUS MR SULFATE ER 30 MG lahko povzro\u010di spro\u0161\u010danje histamina s spremljajo\u010do periferno vazodilatacijo ali brez nje. Pruritus, zardevanje, rde\u010de o\u010di, znojenje in\/ali ortostatska hipotenzija so vsi znaki spro\u0161\u010danja histamina in\/ali periferne vazodilatacije.<\/p>\n<p>Endokrinologija<br \/> Dokazano je, da opioidi vplivajo na hipotalamus. hipofizno-nadledvi\u010dna ali -gonadalna osi. Opaziti je mogo\u010de ve\u010d sprememb, vklju\u010dno z zvi\u0161anjem serumskega prolaktina in zni\u017eanjem plazemskega kortizola in testosterona v prisotnosti nenormalno nizkih ali normalnih ravni ACTH, LH ali FSH. Nekatere \u017eenske v predmenopavzi imajo lahko premalo estrogena. Te hormonske spremembe lahko povzro\u010dijo klini\u010dne znake.<\/p>\n<p>Dodatne farmakolo\u0161ke posledice<br \/> Raziskave in vitro in \u017eivali ka\u017eejo, da imajo naravni opioidi, kot je morfij, razli\u010dne u\u010dinke na komponente imunskega sistema; vendar pa je klini\u010dni pomen teh ugotovitev negotov.<\/p>\n<p>Na voljo so oralni, subkutani, intramuskularni, intravenski, intraspinalni in rektalni na\u010dini dajanja. Parenteralne odmerke lahko dajemo kot ob\u010dasne injekcije ali kot neprekinjene ali ob\u010dasne infuzije, odvisno od bolnikovih analgeti\u010dnih zahtev.<\/p>\n<p>UPORABA<br \/> To zdravilo se uporablja za laj\u0161anje hude, vztrajne bole\u010dine (kot je npr. kot zaradi raka). Morfin je razvr\u0161\u010den kot opioidni (narkoti\u010dni) analgetik. Deluje tako, da spremeni, kako va\u0161e telo zaznava in se odziva na bole\u010dino v mo\u017eganih.<\/p>\n<p>Vi\u0161je odmerke tega zdravila (100 mg ali ve\u010d na tableto) je treba uporabljati le, \u010de ste jemali zmerne do visoke odmerke. redno u\u017eivanje opioidnih zdravil proti bole\u010dinam. Te jakosti lahko povzro\u010dijo preveliko odmerjanje (in morda smrt), \u010de ga jemlje nekdo, ki opioidov ni uporabljal dosledno.<\/p>\n<p>Izogibajte se uporabi morfija s podalj\u0161anim spro\u0161\u010danjem za zdravljenje bole\u010dine, ki je zmerna ali bo izzvenela v kratkem \u010dasu. nekaj dni. To zdravilo ni namenjeno za uporabo na podlagi &#8220;po potrebi&#8221;.<\/p>\n<p>MAGNUS MR SULFATE ER 30 MG TABLETE NAVODILA ZA UPORABO<\/p>\n<p>Preden za\u010dnete uporabljati morfij in vsaki\u010d, ko prejmete polnila, preberite navodila za zdravila, ki jih je izdal va\u0161 farmacevt. \u010ce imate kakr\u0161na koli vpra\u0161anja, se posvetujte s svojim zdravnikom ali farmacevtom.<\/p>\n<p>To zdravilo jemljite redno, ne kot je potrebno za hude (prebijajo\u010de) bole\u010dine, kot vam je svetoval zdravnik. To zdravilo jemljite z ali brez obrokov, obi\u010dajno vsakih 8 do 12 ur, kot vam je svetoval zdravnik. Nekatere znamke je treba jemati le enkrat na 12 ur. \u010ce ob\u010dutite slabost, bo morda koristno jemati to zdravilo z obroki. Posvetujte se s svojim zdravnikom ali farmacevtom za druge strategije za laj\u0161anje slabosti (na primer le\u017eanje 1 do 2 uri s \u010dim manj\u0161im gibanjem glave). \u010ce slabost ne preneha, se posvetujte z zdravnikom.<\/p>\n<p>Tablete zau\u017eijte cele. Tablete se ne sme zlomiti, zdrobiti, \u017eve\u010diti ali raztopiti. To lahko povzro\u010di celotno spro\u0161\u010danje zdravila, kar pove\u010da nevarnost prevelikega odmerjanja morfija.<\/p>\n<p>Odmerek se dolo\u010di glede na va\u0161o zdravstveno anamnezo in reakcijo na zdravljenje. Ne zvi\u0161ujte odmerka in ne jemljite tega zdravila pogosteje ali dlje, kot je predlagano, saj se lahko pove\u010da tveganje za ne\u017eelene u\u010dinke. Po navodilih pravilno prekinite zdravilo.<\/p>\n<p>\u010ce nenadoma prenehate uporabljati to zdravilo, se lahko pojavijo odtegnitveni simptomi (kot so nemir, solzenje, izcedek iz nosu, slabost, znojenje, bole\u010dine v mi\u0161icah). Da bi prepre\u010dili odtegnitev, vam lahko zdravnik postopoma zmanj\u0161a odmerek. Odtegnitveni simptomi se pogosteje pojavijo, \u010de ste jemali morfij dlje \u010dasa ali v velikih odmerkih. Takoj obvestite svojega zdravnika ali farmacevta, \u010de imate odtegnitvene simptome.<\/p>\n<p>\u010ce se to zdravilo uporablja dalj \u010dasa, lahko izgubi svojo u\u010dinkovitost. \u010ce to zdravilo preneha delovati pravilno, se posvetujte s svojim zdravnikom.<\/p>\n<p>\u010ceprav to zdravilo koristi velikemu \u0161tevilu ljudi, lahko ob\u010dasno povzro\u010di odvisnost. To tveganje se lahko pove\u010da, \u010de imate motnjo zaradi u\u017eivanja snovi (kot je prekomerna uporaba drog\/alkohola ali odvisnost). Da bi zmanj\u0161ali nevarnost odvisnosti, uporabite to zdravilo natan\u010dno po navodilih. Za dodatne informacije se posvetujte s svojim zdravnikom ali farmacevtom.<\/p>\n<\/p><\/div>\n<div class=\"product-next-previous\">\n<div class=\"product-prev\"><\/div><\/div>\n","protected":false},"excerpt":{"rendered":"<div class=\"woocommerce-product-details__short-description\">\n<p>Magnus MR Morphine 30mg je na voljo za nakup na spletu. Morfin deluje kot opioidno laj\u0161anje bole\u010din, saj deluje kot agonist na nasi\u010denih opioidnih receptorjih v osrednjem \u017eiv\u010devju in drugih organih.<\/p>\n<p>Tablete Magnus MR (morfijev sulfat) 30 mg so na voljo brez recepta na spletu (brez RX). Morfin 30 mg naprodaj v Zdru\u017eenem kraljestvu in Evropi<\/p>\n<\/p><\/div>\n","protected":false},"featured_media":5258,"comment_status":"closed","ping_status":"closed","template":"","meta":[],"product_brand":[],"product_cat":[1117],"product_tag":[1514,1515,1516,1517,1518,1519],"class_list":{"0":"post-5239","1":"product","2":"type-product","3":"status-publish","4":"has-post-thumbnail","6":"product_cat-kupite-tablete-proti-bolecinam-spanju-seksu","7":"product_tag-kupi-magnus-mr-30mg-morfin-sulfat","8":"product_tag-magnus-mr-morfin-sulfat-30-mg","9":"product_tag-magnus-mr-morfin-sulfat-ulina-cena","10":"product_tag-magnus-mr-morfin-sulfat-ulina-cena-za-steklenico","11":"product_tag-magnus-mr-30-mg-morfin-sulfat","12":"product_tag-magnus-mr-morfij-30-mg","14":"first","15":"instock","16":"shipping-taxable","17":"purchasable","18":"product-type-variable"},"yoast_head":"<!-- This site is optimized with the Yoast SEO plugin v27.3 - https:\/\/yoast.com\/product\/yoast-seo-wordpress\/ -->\n<title>Kupite Magnus MR morfij 30 mg - najbolj\u0161a najbolj\u0161a zdravila na svetu<\/title>\n<meta name=\"description\" content=\"Magnus MR\u00a0(morfijev\u00a0sulfat)\u00a030 mg\u00a0kapsule\u00a0lahko kupite na spletu\u00a0brez recepta (brez RX). Morfin 30mg naprodaj v Veliki Britaniji, Evropi\" \/>\n<meta name=\"robots\" content=\"index, follow, max-snippet:-1, max-image-preview:large, max-video-preview:-1\" \/>\n<link rel=\"canonical\" href=\"https:\/\/medicinasinc.com\/sl\/product\/kupite-magnus-mr-morfij-30mg-online\/\" \/>\n<meta property=\"og:locale\" content=\"en_US\" \/>\n<meta property=\"og:type\" content=\"article\" \/>\n<meta property=\"og:title\" content=\"Kupite Magnus MR morfij 30 mg - najbolj\u0161a najbolj\u0161a zdravila na svetu\" \/>\n<meta property=\"og:description\" content=\"Magnus MR\u00a0(morfijev\u00a0sulfat)\u00a030 mg\u00a0kapsule\u00a0lahko kupite na spletu\u00a0brez recepta (brez RX). Morfin 30mg naprodaj v Veliki Britaniji, Evropi\" \/>\n<meta property=\"og:url\" content=\"https:\/\/medicinasinc.com\/sl\/product\/kupite-magnus-mr-morfij-30mg-online\/\" \/>\n<meta property=\"og:site_name\" content=\"Medicinas Inc\" \/>\n<meta property=\"article:modified_time\" content=\"2022-03-19T00:39:40+00:00\" \/>\n<meta property=\"og:image\" content=\"https:\/\/medicinasinc.com\/sl\/wp-content\/uploads\/sites\/7\/2022\/02\/Buy-Magnus-MR-Morphine-30mg.jpg\" \/>\n\t<meta property=\"og:image:width\" content=\"600\" \/>\n\t<meta property=\"og:image:height\" content=\"600\" \/>\n\t<meta property=\"og:image:type\" content=\"image\/jpeg\" \/>\n<meta name=\"twitter:card\" content=\"summary_large_image\" \/>\n<meta name=\"twitter:label1\" content=\"Est. reading time\" \/>\n\t<meta name=\"twitter:data1\" content=\"7 minutes\" \/>\n<script type=\"application\/ld+json\" class=\"yoast-schema-graph\">{\"@context\":\"https:\\\/\\\/schema.org\",\"@graph\":[{\"@type\":\"WebPage\",\"@id\":\"https:\\\/\\\/medicinasinc.com\\\/sl\\\/product\\\/kupite-magnus-mr-morfij-30mg-online\\\/\",\"url\":\"https:\\\/\\\/medicinasinc.com\\\/sl\\\/product\\\/kupite-magnus-mr-morfij-30mg-online\\\/\",\"name\":\"Kupite Magnus MR morfij 30 mg - najbolj\u0161a najbolj\u0161a zdravila na svetu\",\"isPartOf\":{\"@id\":\"https:\\\/\\\/medicinasinc.com\\\/sl\\\/#website\"},\"primaryImageOfPage\":{\"@id\":\"https:\\\/\\\/medicinasinc.com\\\/sl\\\/product\\\/kupite-magnus-mr-morfij-30mg-online\\\/#primaryimage\"},\"image\":{\"@id\":\"https:\\\/\\\/medicinasinc.com\\\/sl\\\/product\\\/kupite-magnus-mr-morfij-30mg-online\\\/#primaryimage\"},\"thumbnailUrl\":\"https:\\\/\\\/medicinasinc.com\\\/sl\\\/wp-content\\\/uploads\\\/sites\\\/7\\\/2022\\\/02\\\/Buy-Magnus-MR-Morphine-30mg.jpg\",\"datePublished\":\"2022-02-20T22:28:45+00:00\",\"dateModified\":\"2022-03-19T00:39:40+00:00\",\"description\":\"Magnus MR\u00a0(morfijev\u00a0sulfat)\u00a030 mg\u00a0kapsule\u00a0lahko kupite na spletu\u00a0brez recepta (brez RX). Morfin 30mg naprodaj v Veliki Britaniji, Evropi\",\"breadcrumb\":{\"@id\":\"https:\\\/\\\/medicinasinc.com\\\/sl\\\/product\\\/kupite-magnus-mr-morfij-30mg-online\\\/#breadcrumb\"},\"inLanguage\":\"en-US\",\"potentialAction\":[{\"@type\":\"ReadAction\",\"target\":[\"https:\\\/\\\/medicinasinc.com\\\/sl\\\/product\\\/kupite-magnus-mr-morfij-30mg-online\\\/\"]}]},{\"@type\":\"ImageObject\",\"inLanguage\":\"en-US\",\"@id\":\"https:\\\/\\\/medicinasinc.com\\\/sl\\\/product\\\/kupite-magnus-mr-morfij-30mg-online\\\/#primaryimage\",\"url\":\"https:\\\/\\\/medicinasinc.com\\\/sl\\\/wp-content\\\/uploads\\\/sites\\\/7\\\/2022\\\/02\\\/Buy-Magnus-MR-Morphine-30mg.jpg\",\"contentUrl\":\"https:\\\/\\\/medicinasinc.com\\\/sl\\\/wp-content\\\/uploads\\\/sites\\\/7\\\/2022\\\/02\\\/Buy-Magnus-MR-Morphine-30mg.jpg\",\"width\":600,\"height\":600},{\"@type\":\"BreadcrumbList\",\"@id\":\"https:\\\/\\\/medicinasinc.com\\\/sl\\\/product\\\/kupite-magnus-mr-morfij-30mg-online\\\/#breadcrumb\",\"itemListElement\":[{\"@type\":\"ListItem\",\"position\":1,\"name\":\"Nakupujte\",\"item\":\"https:\\\/\\\/medicinasinc.com\\\/sl\\\/nakupujte\\\/\"},{\"@type\":\"ListItem\",\"position\":2,\"name\":\"Kupite Magnus MR Morphine 30 mg na spletu\"}]},{\"@type\":\"WebSite\",\"@id\":\"https:\\\/\\\/medicinasinc.com\\\/sl\\\/#website\",\"url\":\"https:\\\/\\\/medicinasinc.com\\\/sl\\\/\",\"name\":\"Medicinas Inc\",\"description\":\"Health Medical Clinic\",\"potentialAction\":[{\"@type\":\"SearchAction\",\"target\":{\"@type\":\"EntryPoint\",\"urlTemplate\":\"https:\\\/\\\/medicinasinc.com\\\/sl\\\/?s={search_term_string}\"},\"query-input\":{\"@type\":\"PropertyValueSpecification\",\"valueRequired\":true,\"valueName\":\"search_term_string\"}}],\"inLanguage\":\"en-US\"}]}<\/script>\n<!-- \/ Yoast SEO plugin. -->","yoast_head_json":{"title":"Kupite Magnus MR morfij 30 mg - najbolj\u0161a najbolj\u0161a zdravila na svetu","description":"Magnus MR\u00a0(morfijev\u00a0sulfat)\u00a030 mg\u00a0kapsule\u00a0lahko kupite na spletu\u00a0brez recepta (brez RX). Morfin 30mg naprodaj v Veliki Britaniji, Evropi","robots":{"index":"index","follow":"follow","max-snippet":"max-snippet:-1","max-image-preview":"max-image-preview:large","max-video-preview":"max-video-preview:-1"},"canonical":"https:\/\/medicinasinc.com\/sl\/product\/kupite-magnus-mr-morfij-30mg-online\/","og_locale":"en_US","og_type":"article","og_title":"Kupite Magnus MR morfij 30 mg - najbolj\u0161a najbolj\u0161a zdravila na svetu","og_description":"Magnus MR\u00a0(morfijev\u00a0sulfat)\u00a030 mg\u00a0kapsule\u00a0lahko kupite na spletu\u00a0brez recepta (brez RX). Morfin 30mg naprodaj v Veliki Britaniji, Evropi","og_url":"https:\/\/medicinasinc.com\/sl\/product\/kupite-magnus-mr-morfij-30mg-online\/","og_site_name":"Medicinas Inc","article_modified_time":"2022-03-19T00:39:40+00:00","og_image":[{"width":600,"height":600,"url":"https:\/\/medicinasinc.com\/sl\/wp-content\/uploads\/sites\/7\/2022\/02\/Buy-Magnus-MR-Morphine-30mg.jpg","type":"image\/jpeg"}],"twitter_card":"summary_large_image","twitter_misc":{"Est. reading time":"7 minutes"},"schema":{"@context":"https:\/\/schema.org","@graph":[{"@type":"WebPage","@id":"https:\/\/medicinasinc.com\/sl\/product\/kupite-magnus-mr-morfij-30mg-online\/","url":"https:\/\/medicinasinc.com\/sl\/product\/kupite-magnus-mr-morfij-30mg-online\/","name":"Kupite Magnus MR morfij 30 mg - najbolj\u0161a najbolj\u0161a zdravila na svetu","isPartOf":{"@id":"https:\/\/medicinasinc.com\/sl\/#website"},"primaryImageOfPage":{"@id":"https:\/\/medicinasinc.com\/sl\/product\/kupite-magnus-mr-morfij-30mg-online\/#primaryimage"},"image":{"@id":"https:\/\/medicinasinc.com\/sl\/product\/kupite-magnus-mr-morfij-30mg-online\/#primaryimage"},"thumbnailUrl":"https:\/\/medicinasinc.com\/sl\/wp-content\/uploads\/sites\/7\/2022\/02\/Buy-Magnus-MR-Morphine-30mg.jpg","datePublished":"2022-02-20T22:28:45+00:00","dateModified":"2022-03-19T00:39:40+00:00","description":"Magnus MR\u00a0(morfijev\u00a0sulfat)\u00a030 mg\u00a0kapsule\u00a0lahko kupite na spletu\u00a0brez recepta (brez RX). Morfin 30mg naprodaj v Veliki Britaniji, Evropi","breadcrumb":{"@id":"https:\/\/medicinasinc.com\/sl\/product\/kupite-magnus-mr-morfij-30mg-online\/#breadcrumb"},"inLanguage":"en-US","potentialAction":[{"@type":"ReadAction","target":["https:\/\/medicinasinc.com\/sl\/product\/kupite-magnus-mr-morfij-30mg-online\/"]}]},{"@type":"ImageObject","inLanguage":"en-US","@id":"https:\/\/medicinasinc.com\/sl\/product\/kupite-magnus-mr-morfij-30mg-online\/#primaryimage","url":"https:\/\/medicinasinc.com\/sl\/wp-content\/uploads\/sites\/7\/2022\/02\/Buy-Magnus-MR-Morphine-30mg.jpg","contentUrl":"https:\/\/medicinasinc.com\/sl\/wp-content\/uploads\/sites\/7\/2022\/02\/Buy-Magnus-MR-Morphine-30mg.jpg","width":600,"height":600},{"@type":"BreadcrumbList","@id":"https:\/\/medicinasinc.com\/sl\/product\/kupite-magnus-mr-morfij-30mg-online\/#breadcrumb","itemListElement":[{"@type":"ListItem","position":1,"name":"Nakupujte","item":"https:\/\/medicinasinc.com\/sl\/nakupujte\/"},{"@type":"ListItem","position":2,"name":"Kupite Magnus MR Morphine 30 mg na spletu"}]},{"@type":"WebSite","@id":"https:\/\/medicinasinc.com\/sl\/#website","url":"https:\/\/medicinasinc.com\/sl\/","name":"Medicinas Inc","description":"Health Medical Clinic","potentialAction":[{"@type":"SearchAction","target":{"@type":"EntryPoint","urlTemplate":"https:\/\/medicinasinc.com\/sl\/?s={search_term_string}"},"query-input":{"@type":"PropertyValueSpecification","valueRequired":true,"valueName":"search_term_string"}}],"inLanguage":"en-US"}]}},"_links":{"self":[{"href":"https:\/\/medicinasinc.com\/sl\/wp-json\/wp\/v2\/product\/5239","targetHints":{"allow":["GET"]}}],"collection":[{"href":"https:\/\/medicinasinc.com\/sl\/wp-json\/wp\/v2\/product"}],"about":[{"href":"https:\/\/medicinasinc.com\/sl\/wp-json\/wp\/v2\/types\/product"}],"replies":[{"embeddable":true,"href":"https:\/\/medicinasinc.com\/sl\/wp-json\/wp\/v2\/comments?post=5239"}],"wp:featuredmedia":[{"embeddable":true,"href":"https:\/\/medicinasinc.com\/sl\/wp-json\/wp\/v2\/media\/5258"}],"wp:attachment":[{"href":"https:\/\/medicinasinc.com\/sl\/wp-json\/wp\/v2\/media?parent=5239"}],"wp:term":[{"taxonomy":"product_brand","embeddable":true,"href":"https:\/\/medicinasinc.com\/sl\/wp-json\/wp\/v2\/product_brand?post=5239"},{"taxonomy":"product_cat","embeddable":true,"href":"https:\/\/medicinasinc.com\/sl\/wp-json\/wp\/v2\/product_cat?post=5239"},{"taxonomy":"product_tag","embeddable":true,"href":"https:\/\/medicinasinc.com\/sl\/wp-json\/wp\/v2\/product_tag?post=5239"}],"curies":[{"name":"wp","href":"https:\/\/api.w.org\/{rel}","templated":true}]}}