{"id":5238,"date":"2022-02-20T22:26:29","date_gmt":"2022-02-20T22:26:29","guid":{"rendered":"https:\/\/medicinasinc.com\/sl\/?post_type=product&#038;p=5238"},"modified":"2022-03-19T00:39:54","modified_gmt":"2022-03-19T00:39:54","slug":"kupi-lortab-10-325mg","status":"publish","type":"product","link":"https:\/\/medicinasinc.com\/sl\/product\/kupi-lortab-10-325mg\/","title":{"rendered":"Kupite Lortab 10\/325 mg"},"content":{"rendered":"<p>Lortab 10\/325 mg tablete je mogo\u010de kupiti na spletu.<br \/> Lortab \u2013 kaj je to?<br \/> Lortabova tveganja<\/p>\n<p>To kombinirano zdravilo se uporablja za zdravljenje bole\u010dine, ki sega od blage do hude. Vsebuje opioidni analgetik (hidrokodon) in neopioidni analgetik (acetaminofen). Hidrokodon spremeni na\u010din, kako va\u0161e telo zaznava in se odziva na bole\u010dino, tako da deluje na mo\u017egane. Acetaminophen lahko pomaga tudi pri zni\u017eevanju vro\u010dine.<\/p>\n<p>Ta izdelek ni priporo\u010dljiv za otroke, mlaj\u0161e od \u0161est let, zaradi pove\u010danega tveganja resnih ne\u017eelenih u\u010dinkov (kot je plitko\/po\u010dasno dihanje).<\/p>\n","protected":false},"excerpt":{"rendered":"<div class=\"woocommerce-product-details__short-description\">\n<p>Nakup tablet Lortab 10\/325 mg lahko kupite na spletu. spletni nakup protibole\u010dinskih zdravil, spletni nakup zdravil proti bole\u010dinam, spletni nakup zdravil proti hudim bole\u010dinam<\/p>\n<p>Lortab 10\/325 mg tablete za prodajo v Zdru\u017eenem kraljestvu in Evropi. kupite zdravila proti bole\u010dinam na spletu, kupite zdravila proti bole\u010dinam na spletu, brez recepta, oksikodon na spletu, tablete proti bole\u010dinam, zdravila proti bole\u010dinam, tablete za ADD\/ADHD, tablete za steroide, tablete proti anksioznosti, tablete proti depresiji, tablete za huj\u0161anje.<\/p>\n<p>Kupite lortab. acetaminofen tablete 5 mg 7,5 mg 10 mg z odtisom m367 zakonito iz ugledne spletne lekarne, ki ponuja dostavo \u010dez no\u010d.<\/p>\n<\/p><\/div>\n","protected":false},"featured_media":5256,"comment_status":"open","ping_status":"closed","template":"","meta":[],"product_brand":[],"product_cat":[1117],"product_tag":[1470,1490,1472,1475,1473,1474,1320,1476,1477,1478,1479,1480,1481,1482,1484,1485,1483,1487,1492,1491,1493,1488,1495,1496,1497,1504,1505,1498,1499,1502,1503,1507,1501,1508,1509,1489,1486,1471,1494,1500,1506,1510,1511,1512,1513],"class_list":{"0":"post-5238","1":"product","2":"type-product","3":"status-publish","4":"has-post-thumbnail","6":"product_cat-kupite-tablete-proti-bolecinam-spanju-seksu","7":"product_tag-buying-lortab-online","8":"product_tag-ottenab-eliksir","9":"product_tag-generi-c4-8dno-lortab","10":"product_tag-hidrokodon-lortab","11":"product_tag-how-long-does-lortab-stay-in-your-system","12":"product_tag-how-long-does-lortab-stay-in-your-urine","13":"product_tag-lortab","14":"product_tag-lortab-10","15":"product_tag-lortab-10-325-ulina-vrednost","16":"product_tag-lortab-10-mg","17":"product_tag-lortab-10-slike","18":"product_tag-lortab-5","19":"product_tag-lortab-5-mg","20":"product_tag-lortab-5-325","21":"product_tag-lortab-7-5-325","22":"product_tag-lortab-7-5-mg","23":"product_tag-lortab-7-5","24":"product_tag-lortab-addition","25":"product_tag-lortab-generic-names","26":"product_tag-lortab-generino-ime","27":"product_tag-lortab-ingredient","28":"product_tag-lortab-klasifikacija","29":"product_tag-lortab-m367","30":"product_tag-lortab-on-line","31":"product_tag-lortab-pic","32":"product_tag-lortab-proti-oksikodonu","33":"product_tag-lortab-vs-vicodin","34":"product_tag-lortab-slika","35":"product_tag-lortab-slike","36":"product_tag-lortab-ten","37":"product_tag-lortab-vs-norco","38":"product_tag-m366-lortab","39":"product_tag-mo-lortaba","40":"product_tag-norco-lortab","41":"product_tag-norco-vs-lortab","42":"product_tag-lortab-odmerjanje","43":"product_tag-odvisnosti-od-lortaba","44":"product_tag-razlika-med-lortab-in-percocet","45":"product_tag-lortab-sestavine","46":"product_tag-stranski-uinki-lortaba","47":"product_tag-lortab-umik","48":"product_tag-what-are-lortab","49":"product_tag-what-is-a-lortab","50":"product_tag-what-is-lortab","51":"product_tag-yellow-lortab-10","53":"first","54":"instock","55":"shipping-taxable","56":"purchasable","57":"product-type-variable","58":"has-default-attributes"},"yoast_head":"<!-- This site is optimized with the Yoast SEO plugin v27.3 - https:\/\/yoast.com\/product\/yoast-seo-wordpress\/ -->\n<title>Kupite Lortab 10\/325 mg - najbolj\u0161a najbolj\u0161a zdravila na svetu<\/title>\n<meta name=\"description\" content=\"Kupite tablete Lortab 10\/325 mg za prodajo UK, Evropa. kupite zdravila proti bole\u010dinam na spletu, kupite zdravila proti bole\u010dinam na spletu, seznam mo\u010dnih protibole\u010dinskih zdravil, brez recepta, oksikodon na spletu, tablete proti bole\u010dinam, laj\u0161anje bole\u010din, tablete ADD\/ADHD, tablete za steroide, tablete proti anksioznosti, tablete proti depresiji, tablete za huj\u0161anje.\" \/>\n<meta name=\"robots\" content=\"index, follow, max-snippet:-1, max-image-preview:large, max-video-preview:-1\" \/>\n<link rel=\"canonical\" href=\"https:\/\/medicinasinc.com\/sl\/product\/kupi-lortab-10-325mg\/\" \/>\n<meta property=\"og:locale\" content=\"en_US\" \/>\n<meta property=\"og:type\" content=\"article\" \/>\n<meta property=\"og:title\" content=\"Kupite Lortab 10\/325 mg - najbolj\u0161a najbolj\u0161a zdravila na svetu\" \/>\n<meta property=\"og:description\" content=\"Kupite tablete Lortab 10\/325 mg za prodajo UK, Evropa. kupite zdravila proti bole\u010dinam na spletu, kupite zdravila proti bole\u010dinam na spletu, seznam mo\u010dnih protibole\u010dinskih zdravil, brez recepta, oksikodon na spletu, tablete proti bole\u010dinam, laj\u0161anje bole\u010din, tablete ADD\/ADHD, tablete za steroide, tablete proti anksioznosti, tablete proti depresiji, tablete za huj\u0161anje.\" \/>\n<meta property=\"og:url\" content=\"https:\/\/medicinasinc.com\/sl\/product\/kupi-lortab-10-325mg\/\" \/>\n<meta property=\"og:site_name\" content=\"Medicinas Inc\" \/>\n<meta property=\"article:modified_time\" content=\"2022-03-19T00:39:54+00:00\" \/>\n<meta property=\"og:image\" content=\"https:\/\/medicinasinc.com\/sl\/wp-content\/uploads\/sites\/7\/2022\/02\/buy-lortab-10-325mg-pills-online.jpg\" \/>\n\t<meta property=\"og:image:width\" content=\"600\" \/>\n\t<meta property=\"og:image:height\" content=\"600\" \/>\n\t<meta property=\"og:image:type\" content=\"image\/jpeg\" \/>\n<meta name=\"twitter:card\" content=\"summary_large_image\" \/>\n<meta name=\"twitter:label1\" content=\"Est. reading time\" \/>\n\t<meta name=\"twitter:data1\" content=\"1 minute\" \/>\n<script type=\"application\/ld+json\" class=\"yoast-schema-graph\">{\"@context\":\"https:\\\/\\\/schema.org\",\"@graph\":[{\"@type\":\"WebPage\",\"@id\":\"https:\\\/\\\/medicinasinc.com\\\/sl\\\/product\\\/kupi-lortab-10-325mg\\\/\",\"url\":\"https:\\\/\\\/medicinasinc.com\\\/sl\\\/product\\\/kupi-lortab-10-325mg\\\/\",\"name\":\"Kupite Lortab 10\\\/325 mg - najbolj\u0161a najbolj\u0161a zdravila na svetu\",\"isPartOf\":{\"@id\":\"https:\\\/\\\/medicinasinc.com\\\/sl\\\/#website\"},\"primaryImageOfPage\":{\"@id\":\"https:\\\/\\\/medicinasinc.com\\\/sl\\\/product\\\/kupi-lortab-10-325mg\\\/#primaryimage\"},\"image\":{\"@id\":\"https:\\\/\\\/medicinasinc.com\\\/sl\\\/product\\\/kupi-lortab-10-325mg\\\/#primaryimage\"},\"thumbnailUrl\":\"https:\\\/\\\/medicinasinc.com\\\/sl\\\/wp-content\\\/uploads\\\/sites\\\/7\\\/2022\\\/02\\\/buy-lortab-10-325mg-pills-online.jpg\",\"datePublished\":\"2022-02-20T22:26:29+00:00\",\"dateModified\":\"2022-03-19T00:39:54+00:00\",\"description\":\"Kupite tablete Lortab 10\\\/325 mg za prodajo UK, Evropa. kupite zdravila proti bole\u010dinam na spletu, kupite zdravila proti bole\u010dinam na spletu, seznam mo\u010dnih protibole\u010dinskih zdravil, brez recepta, oksikodon na spletu, tablete proti bole\u010dinam, laj\u0161anje bole\u010din, tablete ADD\\\/ADHD, tablete za steroide, tablete proti anksioznosti, tablete proti depresiji, tablete za huj\u0161anje.\",\"breadcrumb\":{\"@id\":\"https:\\\/\\\/medicinasinc.com\\\/sl\\\/product\\\/kupi-lortab-10-325mg\\\/#breadcrumb\"},\"inLanguage\":\"en-US\",\"potentialAction\":[{\"@type\":\"ReadAction\",\"target\":[\"https:\\\/\\\/medicinasinc.com\\\/sl\\\/product\\\/kupi-lortab-10-325mg\\\/\"]}]},{\"@type\":\"ImageObject\",\"inLanguage\":\"en-US\",\"@id\":\"https:\\\/\\\/medicinasinc.com\\\/sl\\\/product\\\/kupi-lortab-10-325mg\\\/#primaryimage\",\"url\":\"https:\\\/\\\/medicinasinc.com\\\/sl\\\/wp-content\\\/uploads\\\/sites\\\/7\\\/2022\\\/02\\\/buy-lortab-10-325mg-pills-online.jpg\",\"contentUrl\":\"https:\\\/\\\/medicinasinc.com\\\/sl\\\/wp-content\\\/uploads\\\/sites\\\/7\\\/2022\\\/02\\\/buy-lortab-10-325mg-pills-online.jpg\",\"width\":600,\"height\":600},{\"@type\":\"BreadcrumbList\",\"@id\":\"https:\\\/\\\/medicinasinc.com\\\/sl\\\/product\\\/kupi-lortab-10-325mg\\\/#breadcrumb\",\"itemListElement\":[{\"@type\":\"ListItem\",\"position\":1,\"name\":\"Nakupujte\",\"item\":\"https:\\\/\\\/medicinasinc.com\\\/sl\\\/nakupujte\\\/\"},{\"@type\":\"ListItem\",\"position\":2,\"name\":\"Kupite Lortab 10\\\/325 mg\"}]},{\"@type\":\"WebSite\",\"@id\":\"https:\\\/\\\/medicinasinc.com\\\/sl\\\/#website\",\"url\":\"https:\\\/\\\/medicinasinc.com\\\/sl\\\/\",\"name\":\"Medicinas Inc\",\"description\":\"Health Medical Clinic\",\"potentialAction\":[{\"@type\":\"SearchAction\",\"target\":{\"@type\":\"EntryPoint\",\"urlTemplate\":\"https:\\\/\\\/medicinasinc.com\\\/sl\\\/?s={search_term_string}\"},\"query-input\":{\"@type\":\"PropertyValueSpecification\",\"valueRequired\":true,\"valueName\":\"search_term_string\"}}],\"inLanguage\":\"en-US\"}]}<\/script>\n<!-- \/ Yoast SEO plugin. -->","yoast_head_json":{"title":"Kupite Lortab 10\/325 mg - najbolj\u0161a najbolj\u0161a zdravila na svetu","description":"Kupite tablete Lortab 10\/325 mg za prodajo UK, Evropa. kupite zdravila proti bole\u010dinam na spletu, kupite zdravila proti bole\u010dinam na spletu, seznam mo\u010dnih protibole\u010dinskih zdravil, brez recepta, oksikodon na spletu, tablete proti bole\u010dinam, laj\u0161anje bole\u010din, tablete ADD\/ADHD, tablete za steroide, tablete proti anksioznosti, tablete proti depresiji, tablete za huj\u0161anje.","robots":{"index":"index","follow":"follow","max-snippet":"max-snippet:-1","max-image-preview":"max-image-preview:large","max-video-preview":"max-video-preview:-1"},"canonical":"https:\/\/medicinasinc.com\/sl\/product\/kupi-lortab-10-325mg\/","og_locale":"en_US","og_type":"article","og_title":"Kupite Lortab 10\/325 mg - najbolj\u0161a najbolj\u0161a zdravila na svetu","og_description":"Kupite tablete Lortab 10\/325 mg za prodajo UK, Evropa. kupite zdravila proti bole\u010dinam na spletu, kupite zdravila proti bole\u010dinam na spletu, seznam mo\u010dnih protibole\u010dinskih zdravil, brez recepta, oksikodon na spletu, tablete proti bole\u010dinam, laj\u0161anje bole\u010din, tablete ADD\/ADHD, tablete za steroide, tablete proti anksioznosti, tablete proti depresiji, tablete za huj\u0161anje.","og_url":"https:\/\/medicinasinc.com\/sl\/product\/kupi-lortab-10-325mg\/","og_site_name":"Medicinas Inc","article_modified_time":"2022-03-19T00:39:54+00:00","og_image":[{"width":600,"height":600,"url":"https:\/\/medicinasinc.com\/sl\/wp-content\/uploads\/sites\/7\/2022\/02\/buy-lortab-10-325mg-pills-online.jpg","type":"image\/jpeg"}],"twitter_card":"summary_large_image","twitter_misc":{"Est. reading time":"1 minute"},"schema":{"@context":"https:\/\/schema.org","@graph":[{"@type":"WebPage","@id":"https:\/\/medicinasinc.com\/sl\/product\/kupi-lortab-10-325mg\/","url":"https:\/\/medicinasinc.com\/sl\/product\/kupi-lortab-10-325mg\/","name":"Kupite Lortab 10\/325 mg - najbolj\u0161a najbolj\u0161a zdravila na svetu","isPartOf":{"@id":"https:\/\/medicinasinc.com\/sl\/#website"},"primaryImageOfPage":{"@id":"https:\/\/medicinasinc.com\/sl\/product\/kupi-lortab-10-325mg\/#primaryimage"},"image":{"@id":"https:\/\/medicinasinc.com\/sl\/product\/kupi-lortab-10-325mg\/#primaryimage"},"thumbnailUrl":"https:\/\/medicinasinc.com\/sl\/wp-content\/uploads\/sites\/7\/2022\/02\/buy-lortab-10-325mg-pills-online.jpg","datePublished":"2022-02-20T22:26:29+00:00","dateModified":"2022-03-19T00:39:54+00:00","description":"Kupite tablete Lortab 10\/325 mg za prodajo UK, Evropa. kupite zdravila proti bole\u010dinam na spletu, kupite zdravila proti bole\u010dinam na spletu, seznam mo\u010dnih protibole\u010dinskih zdravil, brez recepta, oksikodon na spletu, tablete proti bole\u010dinam, laj\u0161anje bole\u010din, tablete ADD\/ADHD, tablete za steroide, tablete proti anksioznosti, tablete proti depresiji, tablete za huj\u0161anje.","breadcrumb":{"@id":"https:\/\/medicinasinc.com\/sl\/product\/kupi-lortab-10-325mg\/#breadcrumb"},"inLanguage":"en-US","potentialAction":[{"@type":"ReadAction","target":["https:\/\/medicinasinc.com\/sl\/product\/kupi-lortab-10-325mg\/"]}]},{"@type":"ImageObject","inLanguage":"en-US","@id":"https:\/\/medicinasinc.com\/sl\/product\/kupi-lortab-10-325mg\/#primaryimage","url":"https:\/\/medicinasinc.com\/sl\/wp-content\/uploads\/sites\/7\/2022\/02\/buy-lortab-10-325mg-pills-online.jpg","contentUrl":"https:\/\/medicinasinc.com\/sl\/wp-content\/uploads\/sites\/7\/2022\/02\/buy-lortab-10-325mg-pills-online.jpg","width":600,"height":600},{"@type":"BreadcrumbList","@id":"https:\/\/medicinasinc.com\/sl\/product\/kupi-lortab-10-325mg\/#breadcrumb","itemListElement":[{"@type":"ListItem","position":1,"name":"Nakupujte","item":"https:\/\/medicinasinc.com\/sl\/nakupujte\/"},{"@type":"ListItem","position":2,"name":"Kupite Lortab 10\/325 mg"}]},{"@type":"WebSite","@id":"https:\/\/medicinasinc.com\/sl\/#website","url":"https:\/\/medicinasinc.com\/sl\/","name":"Medicinas Inc","description":"Health Medical Clinic","potentialAction":[{"@type":"SearchAction","target":{"@type":"EntryPoint","urlTemplate":"https:\/\/medicinasinc.com\/sl\/?s={search_term_string}"},"query-input":{"@type":"PropertyValueSpecification","valueRequired":true,"valueName":"search_term_string"}}],"inLanguage":"en-US"}]}},"_links":{"self":[{"href":"https:\/\/medicinasinc.com\/sl\/wp-json\/wp\/v2\/product\/5238","targetHints":{"allow":["GET"]}}],"collection":[{"href":"https:\/\/medicinasinc.com\/sl\/wp-json\/wp\/v2\/product"}],"about":[{"href":"https:\/\/medicinasinc.com\/sl\/wp-json\/wp\/v2\/types\/product"}],"replies":[{"embeddable":true,"href":"https:\/\/medicinasinc.com\/sl\/wp-json\/wp\/v2\/comments?post=5238"}],"wp:featuredmedia":[{"embeddable":true,"href":"https:\/\/medicinasinc.com\/sl\/wp-json\/wp\/v2\/media\/5256"}],"wp:attachment":[{"href":"https:\/\/medicinasinc.com\/sl\/wp-json\/wp\/v2\/media?parent=5238"}],"wp:term":[{"taxonomy":"product_brand","embeddable":true,"href":"https:\/\/medicinasinc.com\/sl\/wp-json\/wp\/v2\/product_brand?post=5238"},{"taxonomy":"product_cat","embeddable":true,"href":"https:\/\/medicinasinc.com\/sl\/wp-json\/wp\/v2\/product_cat?post=5238"},{"taxonomy":"product_tag","embeddable":true,"href":"https:\/\/medicinasinc.com\/sl\/wp-json\/wp\/v2\/product_tag?post=5238"}],"curies":[{"name":"wp","href":"https:\/\/api.w.org\/{rel}","templated":true}]}}