{"id":5237,"date":"2022-02-20T22:24:46","date_gmt":"2022-02-20T22:24:46","guid":{"rendered":"https:\/\/medicinasinc.com\/sl\/?post_type=product&#038;p=5237"},"modified":"2022-03-19T00:40:04","modified_gmt":"2022-03-19T00:40:04","slug":"kupi-lioresal-baklofen-25mg-tablete","status":"publish","type":"product","link":"https:\/\/medicinasinc.com\/sl\/product\/kupi-lioresal-baklofen-25mg-tablete\/","title":{"rendered":"Kupite tablete Lioresal Baclofen 25 mg"},"content":{"rendered":"<p>Lioresal Baclofen 25 mg tablete je mogo\u010de kupiti na spletu.<\/p>\n<p>INDIKACIJE<\/p>\n<p>Lioresal (Baclofen) je antispazmodik in mi\u0161i\u010dni relaksant.<\/p>\n<p>Baclofen se uporablja za zdravljenje. mi\u0161i\u010dni kr\u010di, nelagodje in togost, povezana z multiplo sklerozo.<\/p>\n<p>Baklofen se lahko uporablja za dodatna stanja, ki niso vklju\u010dena v tem navodilu za uporabo.<\/p>\n<p>NAVODILA<\/p>\n<p>Vzemite natan\u010dno. po navodilih va\u0161ega zdravnika. Ne u\u017eivajte ve\u010d ali manj od priporo\u010dene koli\u010dine ali dlje, kot je priporo\u010deno. Upo\u0161tevajte navodila, navedena na etiketi zdravila.<\/p>\n<p>Va\u0161 zdravnik lahko ob\u010dasno prilagodi va\u0161 odmerek, da zagotovi najbolj\u0161e mo\u017ene rezultate.<br \/> Posvetujte se s svojim zdravnikom, \u010de va\u0161e mi\u0161i\u010dne te\u017eave ne prenehajo po dveh tednih zdravljenje s tem zdravilom. Ne prenehajte jemati tega zdravila, ne da bi se prej posvetovali s svojim zdravnikom. Ko prenehate jemati baklofen po dalj\u0161i uporabi, se lahko pojavijo odtegnitveni simptomi, kot so epilepti\u010dni napadi ali halucinacije. Morda boste morali zdravilo uporabljati vse manj in manj, dokler ga popolnoma ne prekinete.<\/p>\n<p>ODMEREK<\/p>\n<p>Zdravilo jemljite natan\u010dno tako, kot vam je predpisal zdravnik.<\/p>\n<p>Odrasli bolniki. s spasti\u010dnostjo hrbtenja\u010de: Po prvih 24 urah je treba dnevni odmerek za odrasle bolnike postopoma pove\u010devati za 10-30 % in le enkrat na 24 ur, dokler ne dose\u017eemo \u017eelenega terapevtskega u\u010dinka.<\/p>\n<p>Odrasli. s cerebralno spasti\u010dnostjo: Po prvih 24 urah je treba dnevni odmerek postopoma pove\u010devati za 5-15 % vsakih 24 ur, dokler ne dose\u017eemo \u017eelenega terapevtskega u\u010dinka.<\/p>\n<p>Po prvih 24 urah dnevni odmerek je treba postopoma pove\u010devati za 5-15 odstotkov vsakih 24 ur, dokler ne dose\u017eemo \u017eelenega terapevtskega u\u010dinka. \u010ce pove\u010danje dnevnega odmerka ne povzro\u010di pomembnega klini\u010dnega odziva, preverite dobro delovanje \u010drpalke in prehodnost katetra. Med fazo presejanja in obdobjem titracije odmerka takoj po implantaciji je treba bolnike redno spremljati v dobro opremljenem okolju z osebjem. Oprema za o\u017eivljanje mora biti na voljo v primeru potencialno smrtnih ali nesprejemljivih \u0161kodljivih u\u010dinkov.<\/p>\n<p>SHRANJEVANJE<\/p>\n<p>Hlajenje ni potrebno.<\/p>\n<p>Shranjujte pri temperaturi pod 86 \u00b0F ( 30\u00b0C).<\/p>\n<p>Izogibajte se zmrzovanju.<\/p>\n<p>Izogibajte se toplotni sterilizaciji.<\/p>\n<p>DODATNE INFORMACIJE:<\/p>\n<p>Baklofen je aktivna sestavina.<\/p>\n<p>Lioresal je analgetik. Znatno zmanj\u0161a pogostost in intenzivnost mi\u0161i\u010dnih kr\u010dev, ki jih povzro\u010dajo nevrolo\u0161ke bolezni, kot je multipla skleroza.<\/p>\n<p>POMEMBNE VARNOSTNE INFORMACIJE<\/p>\n<p>\u010ce ste alergi\u010dni na baklofen, se ga izogibajte uporabi.<\/p>\n<p>Obvestite svojega zdravnika, \u010de imate katerega od naslednjih dodatnih stanj, da zagotovite, da lahko varno jemljete baklofen:<\/p>\n<p>bolezen ledvic<\/p>\n<p>konvulzivna bolezen, kot je npr. epilepsija; ali<\/p>\n<p>osebna ali dru\u017einska anamneza mo\u017eganske kapi ali krvnih strdkov.<\/p>\n<p>Uporaba baklofena lahko pove\u010da tveganje za nastanek ciste na jaj\u010dnikih. O svojem posebnem tveganju se posvetujte s svojim zdravnikom. FDA klasifikacija nose\u010dnosti C. Ni znano, ali je baklofen strupen za nerojenega otroka. Obvestite svojega zdravnika, \u010de ste nose\u010di ali \u017eelite zanositi med jemanjem tega zdravila. Ni znano, ali baklofen prodre v materino mleko ali je \u0161kodljiv za doje\u010de dojen\u010dke. Med jemanjem baklofena se je treba izogibati dojenju. Tega zdravila nikoli ne dajajte otrokom, mlaj\u0161im od 12 let. Starej\u0161i so morda bolj dovzetni za u\u010dinke tega zdravila.<\/p>\n<p>Varnostne informacije so kriti\u010dne<\/p>\n<p>To zdravilo lahko vpliva na va\u0161e razmi\u0161ljanje in reakcije. Bodite previdni, \u010de vozite ali po\u010dnete kaj drugega, kar zahteva budnost. U\u017eivanje alkohola lahko poslab\u0161a nekatere ne\u017eelene u\u010dinke baklofena. Izogibajte se uporabi baklofena v \u010dasu, ko je mi\u0161i\u010dni tonus potreben za pravilno ravnote\u017eje in gibljivost med dolo\u010denimi aktivnostmi. V nekaterih okoli\u0161\u010dinah lahko nizek mi\u0161i\u010dni tonus ogrozi va\u0161o fizi\u010dno varnost.<\/p>\n<div class=\"product-next-previous\">\n<div class=\"product-prev\">\n<p><strong>NE\u017dELENI U\u010cINKI<\/strong><\/p>\n<p>Poi\u0161\u010dite nujno medicinsko pomo\u010d, \u010de imate katerega od teh znakov alergijske reakcije: koprivnica; te\u017eko dihanje; otekanje obraza, ustnic, jezika ali grla. Takoj pokli\u010dite svojega zdravnika, \u010de imate resne stranske u\u010dinke, kot so:<\/p>\n<p>kr\u010di (konvulzije);<\/p>\n<p>zmedenost, halucinacije; ali<\/p>\n<p>neenakomeren sr\u010dni utrip.<\/p>\n<p>Manj resni ne\u017eeleni u\u010dinki lahko vklju\u010dujejo:<\/p>\n<p>zaspanost, omotico, \u0161ibkost, ob\u010dutek utrujenosti;<\/p>\n<p>glavobol ;<\/p>\n<p>te\u017eave s spanjem (nespe\u010dnost);<\/p>\n<p>slabost, zaprtje; ali<\/p>\n<p>uriniranje pogosteje kot obi\u010dajno.<\/p>\n<p>To ni popoln seznam ne\u017eelenih u\u010dinkov in lahko se pojavijo drugi.<\/p>\n<p>Pokli\u010dite svojega zdravnika za zdravni\u0161ki nasvet glede stranskih u\u010dinkov. u\u010dinki.<\/p>\n<\/p><\/div><\/div>\n<div class=\"product-next-previous\">\n<div class=\"product-prev\"><\/div><\/div>\n","protected":false},"excerpt":{"rendered":"<p>Kupite Lioresal Baclofen 25 mg tablete za prodajo v Evropi in Zdru\u017eenem kraljestvu na spletu. Baclofen tridimenzionalna formula Lioresal tablete je treba pogoltniti cele, s hrano. Za\u010detni odmerek je 5 mg trikrat na dan.<\/p>\n<p>Lioresal 25 mg tablete (10 tab) lahko kupite na spletu. BACLOFEN 25MG je generi\u010dno ime. Lioresal\u00a0&#8230; Vsaka neoblo\u017eena tableta Lioresal 25 mg vsebuje 25 mg baklofena.<\/p>\n<p>Uporaba baklofena v tabletah baklofena v Zdru\u017eenem kraljestvu kaj so&#8230; medicamento lioresal 25 mg baklofen lioresal 10 mg tableta<\/p>\n<p>10 mg baklofen tableta<\/p>\n","protected":false},"featured_media":5254,"comment_status":"open","ping_status":"closed","template":"","meta":[],"product_brand":[],"product_cat":[1117],"product_tag":[1443,1444,1445,1450,1451,1452,1453,1440,1441,1442,1446,1447,1448,1449,1454,1455,1456,1457,1458,1461,1462,1463,1464,1465,1466,1468,1439,1467,1459,1469,1460],"class_list":{"0":"post-5237","1":"product","2":"type-product","3":"status-publish","4":"has-post-thumbnail","6":"product_cat-kupite-tablete-proti-bolecinam-spanju-seksu","7":"product_tag-baclofen-lioresal-10-mg-oral-ta","8":"product_tag-baclofen-lioresal-stimulant","9":"product_tag-baclofen-lioresal-side-effects","10":"product_tag-baclofen-lioresal-drug-class","11":"product_tag-baclofen-lioresal-oral-intrathecal","12":"product_tag-baclofen-lioresal-tizanidine-zanaflex","13":"product_tag-baclofen-lioresal-why-am-i-so-tired","14":"product_tag-baklofen-lioresal","15":"product_tag-baklofen-lioresal-20-mg","16":"product_tag-baklofen-lioresal-1-do-2-meseca","17":"product_tag-baklofen-10-mg-generino-za-lioresal-ali-morate-je-pred-prej","18":"product_tag-baklofen-gablofen-lioresal","19":"product_tag-baklofen-lioresal-10-mg","20":"product_tag-baklofen-lioresal-kupi-mehika","21":"product_tag-baklofen-vs-lioresal","22":"product_tag-baklofen","23":"product_tag-dantrolen-dantrij","24":"product_tag-lioresal-10-mg-baklofen","25":"product_tag-lioresal-10-mg-odmerek","26":"product_tag-lioresal-25-mg-baklofen","27":"product_tag-lioresal-25-side-effects","28":"product_tag-lioresal-baclofen","29":"product_tag-lioresal-baklofen-10-mg","30":"product_tag-lioresal-baklofen-25-mg","31":"product_tag-lioresal-baklofen-prospekt","32":"product_tag-lioresal-side-effects","33":"product_tag-neoznaena-uporaba-za-baklofen-lioresal-je-za-zdravljenje","34":"product_tag-odmerjanje-lioresal","35":"product_tag-stranski-uinki-lioresal-10-mg","36":"product_tag-tizanidine","37":"product_tag-lioresal-10-mg-tablete-uporabe","39":"first","40":"instock","41":"shipping-taxable","42":"purchasable","43":"product-type-variable","44":"has-default-attributes"},"yoast_head":"<!-- This site is optimized with the Yoast SEO plugin v27.3 - https:\/\/yoast.com\/product\/yoast-seo-wordpress\/ -->\n<title>Kupite tablete Lioresal Baclofen 25 mg - Best Global Meds<\/title>\n<meta name=\"description\" content=\"Kupite tablete Lioresal Baclofen 25 mg za prodajo v Evropi, UK na spletu. Tablete Baclofen 3d formula Lioresal je treba jemati peroralno, s hrano. Za\u010detni odmerek je 5 mg 3-krat na dan.\" \/>\n<meta name=\"robots\" content=\"index, follow, max-snippet:-1, max-image-preview:large, max-video-preview:-1\" \/>\n<link rel=\"canonical\" href=\"https:\/\/medicinasinc.com\/sl\/product\/kupi-lioresal-baklofen-25mg-tablete\/\" \/>\n<meta property=\"og:locale\" content=\"en_US\" \/>\n<meta property=\"og:type\" content=\"article\" \/>\n<meta property=\"og:title\" content=\"Kupite tablete Lioresal Baclofen 25 mg - Best Global Meds\" \/>\n<meta property=\"og:description\" content=\"Kupite tablete Lioresal Baclofen 25 mg za prodajo v Evropi, UK na spletu. Tablete Baclofen 3d formula Lioresal je treba jemati peroralno, s hrano. Za\u010detni odmerek je 5 mg 3-krat na dan.\" \/>\n<meta property=\"og:url\" content=\"https:\/\/medicinasinc.com\/sl\/product\/kupi-lioresal-baklofen-25mg-tablete\/\" \/>\n<meta property=\"og:site_name\" content=\"Medicinas Inc\" \/>\n<meta property=\"article:modified_time\" content=\"2022-03-19T00:40:04+00:00\" \/>\n<meta property=\"og:image\" content=\"https:\/\/medicinasinc.com\/sl\/wp-content\/uploads\/sites\/7\/2022\/02\/Buy-Lioresal-Baclofen-25mg.jpg\" \/>\n\t<meta property=\"og:image:width\" content=\"1280\" \/>\n\t<meta property=\"og:image:height\" content=\"720\" \/>\n\t<meta property=\"og:image:type\" content=\"image\/jpeg\" \/>\n<meta name=\"twitter:card\" content=\"summary_large_image\" \/>\n<meta name=\"twitter:label1\" content=\"Est. reading time\" \/>\n\t<meta name=\"twitter:data1\" content=\"3 minutes\" \/>\n<script type=\"application\/ld+json\" class=\"yoast-schema-graph\">{\"@context\":\"https:\\\/\\\/schema.org\",\"@graph\":[{\"@type\":\"WebPage\",\"@id\":\"https:\\\/\\\/medicinasinc.com\\\/sl\\\/product\\\/kupi-lioresal-baklofen-25mg-tablete\\\/\",\"url\":\"https:\\\/\\\/medicinasinc.com\\\/sl\\\/product\\\/kupi-lioresal-baklofen-25mg-tablete\\\/\",\"name\":\"Kupite tablete Lioresal Baclofen 25 mg - Best Global Meds\",\"isPartOf\":{\"@id\":\"https:\\\/\\\/medicinasinc.com\\\/sl\\\/#website\"},\"primaryImageOfPage\":{\"@id\":\"https:\\\/\\\/medicinasinc.com\\\/sl\\\/product\\\/kupi-lioresal-baklofen-25mg-tablete\\\/#primaryimage\"},\"image\":{\"@id\":\"https:\\\/\\\/medicinasinc.com\\\/sl\\\/product\\\/kupi-lioresal-baklofen-25mg-tablete\\\/#primaryimage\"},\"thumbnailUrl\":\"https:\\\/\\\/medicinasinc.com\\\/sl\\\/wp-content\\\/uploads\\\/sites\\\/7\\\/2022\\\/02\\\/Buy-Lioresal-Baclofen-25mg.jpg\",\"datePublished\":\"2022-02-20T22:24:46+00:00\",\"dateModified\":\"2022-03-19T00:40:04+00:00\",\"description\":\"Kupite tablete Lioresal Baclofen 25 mg za prodajo v Evropi, UK na spletu. Tablete Baclofen 3d formula Lioresal je treba jemati peroralno, s hrano. Za\u010detni odmerek je 5 mg 3-krat na dan.\",\"breadcrumb\":{\"@id\":\"https:\\\/\\\/medicinasinc.com\\\/sl\\\/product\\\/kupi-lioresal-baklofen-25mg-tablete\\\/#breadcrumb\"},\"inLanguage\":\"en-US\",\"potentialAction\":[{\"@type\":\"ReadAction\",\"target\":[\"https:\\\/\\\/medicinasinc.com\\\/sl\\\/product\\\/kupi-lioresal-baklofen-25mg-tablete\\\/\"]}]},{\"@type\":\"ImageObject\",\"inLanguage\":\"en-US\",\"@id\":\"https:\\\/\\\/medicinasinc.com\\\/sl\\\/product\\\/kupi-lioresal-baklofen-25mg-tablete\\\/#primaryimage\",\"url\":\"https:\\\/\\\/medicinasinc.com\\\/sl\\\/wp-content\\\/uploads\\\/sites\\\/7\\\/2022\\\/02\\\/Buy-Lioresal-Baclofen-25mg.jpg\",\"contentUrl\":\"https:\\\/\\\/medicinasinc.com\\\/sl\\\/wp-content\\\/uploads\\\/sites\\\/7\\\/2022\\\/02\\\/Buy-Lioresal-Baclofen-25mg.jpg\",\"width\":1280,\"height\":720},{\"@type\":\"BreadcrumbList\",\"@id\":\"https:\\\/\\\/medicinasinc.com\\\/sl\\\/product\\\/kupi-lioresal-baklofen-25mg-tablete\\\/#breadcrumb\",\"itemListElement\":[{\"@type\":\"ListItem\",\"position\":1,\"name\":\"Nakupujte\",\"item\":\"https:\\\/\\\/medicinasinc.com\\\/sl\\\/nakupujte\\\/\"},{\"@type\":\"ListItem\",\"position\":2,\"name\":\"Kupite tablete Lioresal Baclofen 25 mg\"}]},{\"@type\":\"WebSite\",\"@id\":\"https:\\\/\\\/medicinasinc.com\\\/sl\\\/#website\",\"url\":\"https:\\\/\\\/medicinasinc.com\\\/sl\\\/\",\"name\":\"Medicinas Inc\",\"description\":\"Health Medical Clinic\",\"potentialAction\":[{\"@type\":\"SearchAction\",\"target\":{\"@type\":\"EntryPoint\",\"urlTemplate\":\"https:\\\/\\\/medicinasinc.com\\\/sl\\\/?s={search_term_string}\"},\"query-input\":{\"@type\":\"PropertyValueSpecification\",\"valueRequired\":true,\"valueName\":\"search_term_string\"}}],\"inLanguage\":\"en-US\"}]}<\/script>\n<!-- \/ Yoast SEO plugin. -->","yoast_head_json":{"title":"Kupite tablete Lioresal Baclofen 25 mg - Best Global Meds","description":"Kupite tablete Lioresal Baclofen 25 mg za prodajo v Evropi, UK na spletu. Tablete Baclofen 3d formula Lioresal je treba jemati peroralno, s hrano. Za\u010detni odmerek je 5 mg 3-krat na dan.","robots":{"index":"index","follow":"follow","max-snippet":"max-snippet:-1","max-image-preview":"max-image-preview:large","max-video-preview":"max-video-preview:-1"},"canonical":"https:\/\/medicinasinc.com\/sl\/product\/kupi-lioresal-baklofen-25mg-tablete\/","og_locale":"en_US","og_type":"article","og_title":"Kupite tablete Lioresal Baclofen 25 mg - Best Global Meds","og_description":"Kupite tablete Lioresal Baclofen 25 mg za prodajo v Evropi, UK na spletu. Tablete Baclofen 3d formula Lioresal je treba jemati peroralno, s hrano. Za\u010detni odmerek je 5 mg 3-krat na dan.","og_url":"https:\/\/medicinasinc.com\/sl\/product\/kupi-lioresal-baklofen-25mg-tablete\/","og_site_name":"Medicinas Inc","article_modified_time":"2022-03-19T00:40:04+00:00","og_image":[{"width":1280,"height":720,"url":"https:\/\/medicinasinc.com\/sl\/wp-content\/uploads\/sites\/7\/2022\/02\/Buy-Lioresal-Baclofen-25mg.jpg","type":"image\/jpeg"}],"twitter_card":"summary_large_image","twitter_misc":{"Est. reading time":"3 minutes"},"schema":{"@context":"https:\/\/schema.org","@graph":[{"@type":"WebPage","@id":"https:\/\/medicinasinc.com\/sl\/product\/kupi-lioresal-baklofen-25mg-tablete\/","url":"https:\/\/medicinasinc.com\/sl\/product\/kupi-lioresal-baklofen-25mg-tablete\/","name":"Kupite tablete Lioresal Baclofen 25 mg - Best Global Meds","isPartOf":{"@id":"https:\/\/medicinasinc.com\/sl\/#website"},"primaryImageOfPage":{"@id":"https:\/\/medicinasinc.com\/sl\/product\/kupi-lioresal-baklofen-25mg-tablete\/#primaryimage"},"image":{"@id":"https:\/\/medicinasinc.com\/sl\/product\/kupi-lioresal-baklofen-25mg-tablete\/#primaryimage"},"thumbnailUrl":"https:\/\/medicinasinc.com\/sl\/wp-content\/uploads\/sites\/7\/2022\/02\/Buy-Lioresal-Baclofen-25mg.jpg","datePublished":"2022-02-20T22:24:46+00:00","dateModified":"2022-03-19T00:40:04+00:00","description":"Kupite tablete Lioresal Baclofen 25 mg za prodajo v Evropi, UK na spletu. Tablete Baclofen 3d formula Lioresal je treba jemati peroralno, s hrano. Za\u010detni odmerek je 5 mg 3-krat na dan.","breadcrumb":{"@id":"https:\/\/medicinasinc.com\/sl\/product\/kupi-lioresal-baklofen-25mg-tablete\/#breadcrumb"},"inLanguage":"en-US","potentialAction":[{"@type":"ReadAction","target":["https:\/\/medicinasinc.com\/sl\/product\/kupi-lioresal-baklofen-25mg-tablete\/"]}]},{"@type":"ImageObject","inLanguage":"en-US","@id":"https:\/\/medicinasinc.com\/sl\/product\/kupi-lioresal-baklofen-25mg-tablete\/#primaryimage","url":"https:\/\/medicinasinc.com\/sl\/wp-content\/uploads\/sites\/7\/2022\/02\/Buy-Lioresal-Baclofen-25mg.jpg","contentUrl":"https:\/\/medicinasinc.com\/sl\/wp-content\/uploads\/sites\/7\/2022\/02\/Buy-Lioresal-Baclofen-25mg.jpg","width":1280,"height":720},{"@type":"BreadcrumbList","@id":"https:\/\/medicinasinc.com\/sl\/product\/kupi-lioresal-baklofen-25mg-tablete\/#breadcrumb","itemListElement":[{"@type":"ListItem","position":1,"name":"Nakupujte","item":"https:\/\/medicinasinc.com\/sl\/nakupujte\/"},{"@type":"ListItem","position":2,"name":"Kupite tablete Lioresal Baclofen 25 mg"}]},{"@type":"WebSite","@id":"https:\/\/medicinasinc.com\/sl\/#website","url":"https:\/\/medicinasinc.com\/sl\/","name":"Medicinas Inc","description":"Health Medical Clinic","potentialAction":[{"@type":"SearchAction","target":{"@type":"EntryPoint","urlTemplate":"https:\/\/medicinasinc.com\/sl\/?s={search_term_string}"},"query-input":{"@type":"PropertyValueSpecification","valueRequired":true,"valueName":"search_term_string"}}],"inLanguage":"en-US"}]}},"_links":{"self":[{"href":"https:\/\/medicinasinc.com\/sl\/wp-json\/wp\/v2\/product\/5237","targetHints":{"allow":["GET"]}}],"collection":[{"href":"https:\/\/medicinasinc.com\/sl\/wp-json\/wp\/v2\/product"}],"about":[{"href":"https:\/\/medicinasinc.com\/sl\/wp-json\/wp\/v2\/types\/product"}],"replies":[{"embeddable":true,"href":"https:\/\/medicinasinc.com\/sl\/wp-json\/wp\/v2\/comments?post=5237"}],"wp:featuredmedia":[{"embeddable":true,"href":"https:\/\/medicinasinc.com\/sl\/wp-json\/wp\/v2\/media\/5254"}],"wp:attachment":[{"href":"https:\/\/medicinasinc.com\/sl\/wp-json\/wp\/v2\/media?parent=5237"}],"wp:term":[{"taxonomy":"product_brand","embeddable":true,"href":"https:\/\/medicinasinc.com\/sl\/wp-json\/wp\/v2\/product_brand?post=5237"},{"taxonomy":"product_cat","embeddable":true,"href":"https:\/\/medicinasinc.com\/sl\/wp-json\/wp\/v2\/product_cat?post=5237"},{"taxonomy":"product_tag","embeddable":true,"href":"https:\/\/medicinasinc.com\/sl\/wp-json\/wp\/v2\/product_tag?post=5237"}],"curies":[{"name":"wp","href":"https:\/\/api.w.org\/{rel}","templated":true}]}}