{"id":5236,"date":"2022-02-20T22:23:28","date_gmt":"2022-02-20T22:23:28","guid":{"rendered":"https:\/\/medicinasinc.com\/sl\/?post_type=product&#038;p=5236"},"modified":"2022-03-19T00:40:12","modified_gmt":"2022-03-19T00:40:12","slug":"kupi-leksotanil-bromazepam-3mg-tablete-na-spletu","status":"publish","type":"product","link":"https:\/\/medicinasinc.com\/sl\/product\/kupi-leksotanil-bromazepam-3mg-tablete-na-spletu\/","title":{"rendered":"Kupite tablete Lexotanil Bromazepam 3 mg na spletu"},"content":{"rendered":"<p>Lexotanil Bromazepam 3mg tablete za nakup na spletu<br \/> Lexotanil Bromazepam 3mg tablete na spletu | lexotanil bromazepam<br \/> Kak\u0161en je namen zdravila bromazepam lexotanil 3 mg?<br \/> Bromazepam (blagovna znamka Lexotan\u00ae) je benzodiazepin. Uporablja se predvsem za pomo\u010d pri zdravljenju simptomov anksioznosti. Poleg tega se lahko uporablja za laj\u0161anje simptomov panike in socialne anksioznosti. Proizvaja se v obliki tablet.<\/p>\n<p>Kak\u0161en je tipi\u010den odmerek bromazepama?<\/p>\n<p>Bromazepam se obi\u010dajno predpisuje odraslim za anksioznost v odmerku 3-18 mg na dan, ki je obi\u010dajno razporejen po vsej dan. Pri starej\u0161ih odraslih je treba odmerek zmanj\u0161ati za polovico, torej polovico odmerka za odrasle.<\/p>\n<p>Kako in kdaj jemati zdravilo Lexotan lexotanil 3 mg?<\/p>\n<p>Med sto ali sedeti pogoltnite. tablete z vsaj pol kozarca vode. To zagotavlja, da dose\u017ee \u017eelodec in se ne zagozdi v grlu. Bromazepam je varno jemati pred, z ali po obroku.<\/p>\n<p>Kako dolgo bo trajalo, da bo bromazepam za\u010del u\u010dinkovati?<br \/> Bromazepam pogosto za\u010dne delovati po pribli\u017eno eni uri. U\u010dinek se lahko nato okrepi v nekaj dneh ali tednih.<br \/> Kako dolgo moram \u0161e naprej jemati leksotanil 3 mg?<br \/> To se razlikuje glede na namen, za katerega ga jemljete. LEXOTANIL, ki se pogosto pi\u0161e Lexotan<\/p>\n<p>Ali lahko nenadoma preneham jemati bromazepam?<\/p>\n<p>\u010ce jemljete bromazepam na dnevni bazi ve\u010d kot pribli\u017eno 4 do 6 tednov, lahko razvijete odvisnost od njega , vendar to ni skrb, \u010de ga jemljete za epilepsijo. \u010ce ste ga jemali redno, bi bilo morda smiselno odmerek postopoma zmanj\u0161evati v nekaj dneh ali tednih. O tem se morate podrobno pogovoriti z zdravnikom, ki predpisuje zdravilo, zdravnikom, medicinsko sestro ali farmacevtom. \u010ce ga jemljete &#8220;po potrebi&#8221; vsakih nekaj dni, bi ga morali prekiniti, ko ga ne potrebujete ve\u010d. 3 lexotanil<\/p>\n<p>Kaj naj storim, \u010de zamudim odmerek zdravila LEXOTAN?<br \/> Vzemite manjkajo\u010di odmerek takoj, ko se spomnite, razen \u010de je manj kot 4 ure pred naslednjim odmerkom.<br \/> \u010ce se spomnite, da ste sledili temu, preprosto vzemite naslednji odmerek kot obi\u010dajno. Ne posku\u0161ajte nadoknaditi tako, da vzamete dva odmerka hkrati, saj lahko to povzro\u010di pove\u010dane ne\u017eelene u\u010dinke.<br \/> Ali lahko u\u017eivam alkohol, ko jemljem bromazepam? Kupite BROMAZEPAM LEXOTANIL, znan tudi kot Lexotan 3 MG.<br \/> \u010ce med jemanjem zdravila LEXOTANIL pijete alkohol, se lahko pojavi pove\u010dana zaspanost. To je \u0161e posebej pomembno, \u010de boste vozili ali upravljali s stroji, in o tem bi morali dobiti nasvet.<\/p>\n<p>Kak\u0161ne ne\u017eelene u\u010dinke lahko do\u017eivim, \u010de jemljem bromazepam? Kupite BROMAZEPAM LEXOTANIL, znan tudi kot Lexotan 3 MG.<\/p>\n<p>\u0160tevilni posamezniki pridobijo: Le nekaj ljudi dobi: Le nekaj ljudi dobi:<br \/> Omoti\u010dnost<br \/> Zaspanost<br \/> naslednji dan se boste morda po\u010dutili nestabilno na nogah.<br \/> Glavobol<br \/> Zmedenost<br \/> Nespe\u010dnost (pozabljanje stvari)<br \/> Naj vas ne prestra\u0161i naslednji seznam ne\u017eelenih u\u010dinkov. Nekateri posamezniki sploh ne ob\u010dutijo \u0161kodljivih u\u010dinkov, drugi pa lahko do\u017eivijo nekatere, ki niso vklju\u010deni tukaj. \u010ce menite, da bi pri va\u0161em zdravilu morda opazili ne\u017eelene u\u010dinke, se posvetujte s svojim zdravnikom, medicinsko sestro ali farmacevtom.<\/p>\n<p>Ali je varno voziti ali kolesariti, medtem ko jemljem LEXOTANIL?<\/p>\n<p> Bromazepam lahko poslab\u0161a va\u0161o sposobnost vo\u017enje in povzro\u010di rahlo omotico in omotico.<\/p>\n<p>Bodite previdni pri vo\u017enji ali upravljanju s stroji, dokler ne ugotovite, kako bromazepam vpliva na vas. Bodite previdni, saj lahko povzro\u010di upo\u010dasnitev va\u0161ega reakcijskega \u010dasa.<\/p>\n","protected":false},"excerpt":{"rendered":"<p>Tablete Lexotanil Bromazepam 3 mg lahko kupite na spletu. Bromazepam (Lexotanil) je \u010dlan skupine benzodiazepinov, ki vklju\u010duje antidepresive, sredstva proti paniki in mi\u0161i\u010dne relaksante.<\/p>\n<p>Bromazepam je kratkodelujo\u010di benzodiazepin s po\u010dasnim za\u010detkom, ki se pogosto uporablja&amp;# 8230; Tablete, 3 mg, peroralne, Alti-bromazepam 3 mg tablete, najbolj\u0161a zdravila v svetu<\/p>\n<p>Kupite bromazepam na spletu brez recepta | Kupite Lexotan 6mg na spletu brez recepta<\/p>\n<p>Bromazepam (Lexotanil) je benzodiazepin.<\/p>\n","protected":false},"featured_media":5252,"comment_status":"open","ping_status":"closed","template":"","meta":[],"product_brand":[],"product_cat":[1117],"product_tag":[1419,1421,1420,1428,1422,1423,1425,1424,1429,1426,1427,1431,1432,1433,1434,1435,1436,1437,1430,1438],"class_list":{"0":"post-5236","1":"product","2":"type-product","3":"status-publish","4":"has-post-thumbnail","6":"product_cat-kupite-tablete-proti-bolecinam-spanju-seksu","7":"product_tag-3-mg","8":"product_tag-3-mg-klonopin","9":"product_tag-3mg","10":"product_tag-ali-lahko-predozirate-na-lexapro","11":"product_tag-bromazepam","12":"product_tag-bromazepam-leksotanil","13":"product_tag-bromazepam-leksotanil-prodam","14":"product_tag-bromazepam-lexotanil-6mg-for-sale","15":"product_tag-je-leksapro--benzodiazepini","16":"product_tag-kupi-leksotanil-bromazepam","17":"product_tag-kupi-leksotanil-bromazepam-iz-kanade","18":"product_tag-leksatin","19":"product_tag-leksomil","20":"product_tag-leksotan","21":"product_tag-leksotan-3-mg","22":"product_tag-leksotanil","23":"product_tag-leksotanil-bromazepam","24":"product_tag-leksotanil-bromazepam-3-mg","25":"product_tag-lexapro-generic-name","26":"product_tag-tabs-pills-drugs","28":"first","29":"instock","30":"shipping-taxable","31":"purchasable","32":"product-type-variable","33":"has-default-attributes"},"yoast_head":"<!-- This site is optimized with the Yoast SEO plugin v27.3 - https:\/\/yoast.com\/product\/yoast-seo-wordpress\/ -->\n<title>Kupite tablete Lexotanil Bromazepam 3 mg na spletu - Najbolj\u0161a najbolj\u0161a zdravila na svetu<\/title>\n<meta name=\"description\" content=\"Kupite tablete Lexotanil Bromazepam 3mg za prodajo na spletu, Velika Britanija, Evropa. Bromazepam (leksotanil) je v skupini zdravil, znanih kot benzodiazepini, razred antidepresivov, zdravil proti paniki in mi\u0161i\u010dnih relaksantov.\" \/>\n<meta name=\"robots\" content=\"index, follow, max-snippet:-1, max-image-preview:large, max-video-preview:-1\" \/>\n<link rel=\"canonical\" href=\"https:\/\/medicinasinc.com\/sl\/product\/kupi-leksotanil-bromazepam-3mg-tablete-na-spletu\/\" \/>\n<meta property=\"og:locale\" content=\"en_US\" \/>\n<meta property=\"og:type\" content=\"article\" \/>\n<meta property=\"og:title\" content=\"Kupite tablete Lexotanil Bromazepam 3 mg na spletu - Najbolj\u0161a najbolj\u0161a zdravila na svetu\" \/>\n<meta property=\"og:description\" content=\"Kupite tablete Lexotanil Bromazepam 3mg za prodajo na spletu, Velika Britanija, Evropa. Bromazepam (leksotanil) je v skupini zdravil, znanih kot benzodiazepini, razred antidepresivov, zdravil proti paniki in mi\u0161i\u010dnih relaksantov.\" \/>\n<meta property=\"og:url\" content=\"https:\/\/medicinasinc.com\/sl\/product\/kupi-leksotanil-bromazepam-3mg-tablete-na-spletu\/\" \/>\n<meta property=\"og:site_name\" content=\"Medicinas Inc\" \/>\n<meta property=\"article:modified_time\" content=\"2022-03-19T00:40:12+00:00\" \/>\n<meta property=\"og:image\" content=\"https:\/\/medicinasinc.com\/sl\/wp-content\/uploads\/sites\/7\/2022\/02\/Buy-Lexotan-Bromazepam-3mg.jpg\" \/>\n\t<meta property=\"og:image:width\" content=\"600\" \/>\n\t<meta property=\"og:image:height\" content=\"600\" \/>\n\t<meta property=\"og:image:type\" content=\"image\/jpeg\" \/>\n<meta name=\"twitter:card\" content=\"summary_large_image\" \/>\n<meta name=\"twitter:label1\" content=\"Est. reading time\" \/>\n\t<meta name=\"twitter:data1\" content=\"3 minutes\" \/>\n<script type=\"application\/ld+json\" class=\"yoast-schema-graph\">{\"@context\":\"https:\\\/\\\/schema.org\",\"@graph\":[{\"@type\":\"WebPage\",\"@id\":\"https:\\\/\\\/medicinasinc.com\\\/sl\\\/product\\\/kupi-leksotanil-bromazepam-3mg-tablete-na-spletu\\\/\",\"url\":\"https:\\\/\\\/medicinasinc.com\\\/sl\\\/product\\\/kupi-leksotanil-bromazepam-3mg-tablete-na-spletu\\\/\",\"name\":\"Kupite tablete Lexotanil Bromazepam 3 mg na spletu - Najbolj\u0161a najbolj\u0161a zdravila na svetu\",\"isPartOf\":{\"@id\":\"https:\\\/\\\/medicinasinc.com\\\/sl\\\/#website\"},\"primaryImageOfPage\":{\"@id\":\"https:\\\/\\\/medicinasinc.com\\\/sl\\\/product\\\/kupi-leksotanil-bromazepam-3mg-tablete-na-spletu\\\/#primaryimage\"},\"image\":{\"@id\":\"https:\\\/\\\/medicinasinc.com\\\/sl\\\/product\\\/kupi-leksotanil-bromazepam-3mg-tablete-na-spletu\\\/#primaryimage\"},\"thumbnailUrl\":\"https:\\\/\\\/medicinasinc.com\\\/sl\\\/wp-content\\\/uploads\\\/sites\\\/7\\\/2022\\\/02\\\/Buy-Lexotan-Bromazepam-3mg.jpg\",\"datePublished\":\"2022-02-20T22:23:28+00:00\",\"dateModified\":\"2022-03-19T00:40:12+00:00\",\"description\":\"Kupite tablete Lexotanil Bromazepam 3mg za prodajo na spletu, Velika Britanija, Evropa. Bromazepam (leksotanil) je v skupini zdravil, znanih kot benzodiazepini, razred antidepresivov, zdravil proti paniki in mi\u0161i\u010dnih relaksantov.\",\"breadcrumb\":{\"@id\":\"https:\\\/\\\/medicinasinc.com\\\/sl\\\/product\\\/kupi-leksotanil-bromazepam-3mg-tablete-na-spletu\\\/#breadcrumb\"},\"inLanguage\":\"en-US\",\"potentialAction\":[{\"@type\":\"ReadAction\",\"target\":[\"https:\\\/\\\/medicinasinc.com\\\/sl\\\/product\\\/kupi-leksotanil-bromazepam-3mg-tablete-na-spletu\\\/\"]}]},{\"@type\":\"ImageObject\",\"inLanguage\":\"en-US\",\"@id\":\"https:\\\/\\\/medicinasinc.com\\\/sl\\\/product\\\/kupi-leksotanil-bromazepam-3mg-tablete-na-spletu\\\/#primaryimage\",\"url\":\"https:\\\/\\\/medicinasinc.com\\\/sl\\\/wp-content\\\/uploads\\\/sites\\\/7\\\/2022\\\/02\\\/Buy-Lexotan-Bromazepam-3mg.jpg\",\"contentUrl\":\"https:\\\/\\\/medicinasinc.com\\\/sl\\\/wp-content\\\/uploads\\\/sites\\\/7\\\/2022\\\/02\\\/Buy-Lexotan-Bromazepam-3mg.jpg\",\"width\":600,\"height\":600},{\"@type\":\"BreadcrumbList\",\"@id\":\"https:\\\/\\\/medicinasinc.com\\\/sl\\\/product\\\/kupi-leksotanil-bromazepam-3mg-tablete-na-spletu\\\/#breadcrumb\",\"itemListElement\":[{\"@type\":\"ListItem\",\"position\":1,\"name\":\"Nakupujte\",\"item\":\"https:\\\/\\\/medicinasinc.com\\\/sl\\\/nakupujte\\\/\"},{\"@type\":\"ListItem\",\"position\":2,\"name\":\"Kupite tablete Lexotanil Bromazepam 3 mg na spletu\"}]},{\"@type\":\"WebSite\",\"@id\":\"https:\\\/\\\/medicinasinc.com\\\/sl\\\/#website\",\"url\":\"https:\\\/\\\/medicinasinc.com\\\/sl\\\/\",\"name\":\"Medicinas Inc\",\"description\":\"Health Medical Clinic\",\"potentialAction\":[{\"@type\":\"SearchAction\",\"target\":{\"@type\":\"EntryPoint\",\"urlTemplate\":\"https:\\\/\\\/medicinasinc.com\\\/sl\\\/?s={search_term_string}\"},\"query-input\":{\"@type\":\"PropertyValueSpecification\",\"valueRequired\":true,\"valueName\":\"search_term_string\"}}],\"inLanguage\":\"en-US\"}]}<\/script>\n<!-- \/ Yoast SEO plugin. -->","yoast_head_json":{"title":"Kupite tablete Lexotanil Bromazepam 3 mg na spletu - Najbolj\u0161a najbolj\u0161a zdravila na svetu","description":"Kupite tablete Lexotanil Bromazepam 3mg za prodajo na spletu, Velika Britanija, Evropa. Bromazepam (leksotanil) je v skupini zdravil, znanih kot benzodiazepini, razred antidepresivov, zdravil proti paniki in mi\u0161i\u010dnih relaksantov.","robots":{"index":"index","follow":"follow","max-snippet":"max-snippet:-1","max-image-preview":"max-image-preview:large","max-video-preview":"max-video-preview:-1"},"canonical":"https:\/\/medicinasinc.com\/sl\/product\/kupi-leksotanil-bromazepam-3mg-tablete-na-spletu\/","og_locale":"en_US","og_type":"article","og_title":"Kupite tablete Lexotanil Bromazepam 3 mg na spletu - Najbolj\u0161a najbolj\u0161a zdravila na svetu","og_description":"Kupite tablete Lexotanil Bromazepam 3mg za prodajo na spletu, Velika Britanija, Evropa. Bromazepam (leksotanil) je v skupini zdravil, znanih kot benzodiazepini, razred antidepresivov, zdravil proti paniki in mi\u0161i\u010dnih relaksantov.","og_url":"https:\/\/medicinasinc.com\/sl\/product\/kupi-leksotanil-bromazepam-3mg-tablete-na-spletu\/","og_site_name":"Medicinas Inc","article_modified_time":"2022-03-19T00:40:12+00:00","og_image":[{"width":600,"height":600,"url":"https:\/\/medicinasinc.com\/sl\/wp-content\/uploads\/sites\/7\/2022\/02\/Buy-Lexotan-Bromazepam-3mg.jpg","type":"image\/jpeg"}],"twitter_card":"summary_large_image","twitter_misc":{"Est. reading time":"3 minutes"},"schema":{"@context":"https:\/\/schema.org","@graph":[{"@type":"WebPage","@id":"https:\/\/medicinasinc.com\/sl\/product\/kupi-leksotanil-bromazepam-3mg-tablete-na-spletu\/","url":"https:\/\/medicinasinc.com\/sl\/product\/kupi-leksotanil-bromazepam-3mg-tablete-na-spletu\/","name":"Kupite tablete Lexotanil Bromazepam 3 mg na spletu - Najbolj\u0161a najbolj\u0161a zdravila na svetu","isPartOf":{"@id":"https:\/\/medicinasinc.com\/sl\/#website"},"primaryImageOfPage":{"@id":"https:\/\/medicinasinc.com\/sl\/product\/kupi-leksotanil-bromazepam-3mg-tablete-na-spletu\/#primaryimage"},"image":{"@id":"https:\/\/medicinasinc.com\/sl\/product\/kupi-leksotanil-bromazepam-3mg-tablete-na-spletu\/#primaryimage"},"thumbnailUrl":"https:\/\/medicinasinc.com\/sl\/wp-content\/uploads\/sites\/7\/2022\/02\/Buy-Lexotan-Bromazepam-3mg.jpg","datePublished":"2022-02-20T22:23:28+00:00","dateModified":"2022-03-19T00:40:12+00:00","description":"Kupite tablete Lexotanil Bromazepam 3mg za prodajo na spletu, Velika Britanija, Evropa. Bromazepam (leksotanil) je v skupini zdravil, znanih kot benzodiazepini, razred antidepresivov, zdravil proti paniki in mi\u0161i\u010dnih relaksantov.","breadcrumb":{"@id":"https:\/\/medicinasinc.com\/sl\/product\/kupi-leksotanil-bromazepam-3mg-tablete-na-spletu\/#breadcrumb"},"inLanguage":"en-US","potentialAction":[{"@type":"ReadAction","target":["https:\/\/medicinasinc.com\/sl\/product\/kupi-leksotanil-bromazepam-3mg-tablete-na-spletu\/"]}]},{"@type":"ImageObject","inLanguage":"en-US","@id":"https:\/\/medicinasinc.com\/sl\/product\/kupi-leksotanil-bromazepam-3mg-tablete-na-spletu\/#primaryimage","url":"https:\/\/medicinasinc.com\/sl\/wp-content\/uploads\/sites\/7\/2022\/02\/Buy-Lexotan-Bromazepam-3mg.jpg","contentUrl":"https:\/\/medicinasinc.com\/sl\/wp-content\/uploads\/sites\/7\/2022\/02\/Buy-Lexotan-Bromazepam-3mg.jpg","width":600,"height":600},{"@type":"BreadcrumbList","@id":"https:\/\/medicinasinc.com\/sl\/product\/kupi-leksotanil-bromazepam-3mg-tablete-na-spletu\/#breadcrumb","itemListElement":[{"@type":"ListItem","position":1,"name":"Nakupujte","item":"https:\/\/medicinasinc.com\/sl\/nakupujte\/"},{"@type":"ListItem","position":2,"name":"Kupite tablete Lexotanil Bromazepam 3 mg na spletu"}]},{"@type":"WebSite","@id":"https:\/\/medicinasinc.com\/sl\/#website","url":"https:\/\/medicinasinc.com\/sl\/","name":"Medicinas Inc","description":"Health Medical Clinic","potentialAction":[{"@type":"SearchAction","target":{"@type":"EntryPoint","urlTemplate":"https:\/\/medicinasinc.com\/sl\/?s={search_term_string}"},"query-input":{"@type":"PropertyValueSpecification","valueRequired":true,"valueName":"search_term_string"}}],"inLanguage":"en-US"}]}},"_links":{"self":[{"href":"https:\/\/medicinasinc.com\/sl\/wp-json\/wp\/v2\/product\/5236","targetHints":{"allow":["GET"]}}],"collection":[{"href":"https:\/\/medicinasinc.com\/sl\/wp-json\/wp\/v2\/product"}],"about":[{"href":"https:\/\/medicinasinc.com\/sl\/wp-json\/wp\/v2\/types\/product"}],"replies":[{"embeddable":true,"href":"https:\/\/medicinasinc.com\/sl\/wp-json\/wp\/v2\/comments?post=5236"}],"wp:featuredmedia":[{"embeddable":true,"href":"https:\/\/medicinasinc.com\/sl\/wp-json\/wp\/v2\/media\/5252"}],"wp:attachment":[{"href":"https:\/\/medicinasinc.com\/sl\/wp-json\/wp\/v2\/media?parent=5236"}],"wp:term":[{"taxonomy":"product_brand","embeddable":true,"href":"https:\/\/medicinasinc.com\/sl\/wp-json\/wp\/v2\/product_brand?post=5236"},{"taxonomy":"product_cat","embeddable":true,"href":"https:\/\/medicinasinc.com\/sl\/wp-json\/wp\/v2\/product_cat?post=5236"},{"taxonomy":"product_tag","embeddable":true,"href":"https:\/\/medicinasinc.com\/sl\/wp-json\/wp\/v2\/product_tag?post=5236"}],"curies":[{"name":"wp","href":"https:\/\/api.w.org\/{rel}","templated":true}]}}