{"id":5209,"date":"2022-02-20T21:59:55","date_gmt":"2022-02-20T21:59:55","guid":{"rendered":"https:\/\/medicinasinc.com\/sl\/?post_type=product&#038;p=5209"},"modified":"2022-03-19T00:40:23","modified_gmt":"2022-03-19T00:40:23","slug":"kupi-klonopin-2-mg","status":"publish","type":"product","link":"https:\/\/medicinasinc.com\/sl\/product\/kupi-klonopin-2-mg\/","title":{"rendered":"Kupite Klonopin 2 mg"},"content":{"rendered":"<p>Na spletu lahko kupite Klonopin 2 mg tablete za prodajo po nizki ceni.<\/p>\n<p>Klonopin je pravi eliksir, ki vam bo pomagal pri soo\u010danju s svojimi te\u017eavami. Prav tako se boste po\u010dutili bolje.<\/p>\n<p>Klonopin je benzodiazepinsko pomirjevalo in antikonvulzant, ki lahko pomaga ljudem, da se sprostijo in prepre\u010dijo napade. Ve\u010dinoma se uporablja za zdravljenje anksioznih motenj, kot je pani\u010dna motnja.<\/p>\n<p>Poglejte si Klonopin zdaj.<\/p>\n<p>Klonopin je edini benzodiazepin, ki ga je FDA odobrila za zdravljenje pani\u010dne motnje. . Veliko ljudi uporablja Klonopin za zdravljenje anksioznosti, vznemirjenosti, akutne manije (v kombinaciji z drugimi zdravili) in za hitro zaustavitev napadov. Uporaba: Uporablja se kot dolgotrajno antikonvulzivno zdravilo, kot uspavalna tableta, za zdravljenje \u017eiv\u010dnih bole\u010din.<\/p>\n<p>Po zau\u017eitju Klonopina so lahko umirjeni, morda preobremenjeni in nekoliko utrujeni. Ne\u017eeleni u\u010dinki se razlikujejo od osebe do osebe in temeljijo na koli\u010dini, ki jo zau\u017eijete. V ve\u010dini primerov se Klonopin daje dvakrat na dan, pribli\u017eno 0,25 mg do 2 mg. Ljudje z epilepsijo lahko vzamejo do 20 mg na dan.<\/p>\n<p>Klonopin deluje tako: vpliva na nevrotransmiter GABA, ki je protistrup. Ker Klonopin naredi toliko stvari hkrati, upo\u010dasni mo\u017egane, saj zmanj\u0161a sposobnost \u017eivcev za po\u0161iljanje impulzov. Zaradi manj\u0161e aktivnosti ljudje postanejo manj zaskrbljeni, zmanj\u0161a pa se tudi mo\u017enost napadov.<\/p>\n<p>Klonopin se v medicini uporablja za zdravljenje kr\u010dev in napadov panike. Lahko se uporablja tudi kot hipnotik za zdravljenje anksioznih motenj, pani\u010dne motnje in bole\u010dine. Jemanje benzodiazepina bo pomagalo ustaviti napad in normalizirati mo\u017egansko aktivnost. To lahko pomaga tudi pri bole\u010dinah, zlasti nevropatski, saj nevronom ote\u017euje po\u0161iljanje bole\u010dinskih signalov, zaradi \u010desar so manj ob\u010dutljivi.<\/p>\n<p>Stvari, o katerih se je treba pogovoriti z zdravnikom, preden vzamete Klonopin<\/p>\n<p>Svojemu zdravniku morate povedati, \u010de:<\/p>\n<p>Vsaj eno od teh stanj:<\/p>\n<p>\u2022 te\u017eave z jetri<\/p>\n<p>\u2022 zloraba alkohola ali drog, trenutno ali v preteklosti;<\/p>\n<p>Ljudje, ki imajo astmo, bronhitis, emfizem ali druge bolezni dihal;<\/p>\n<p>\u2022 \u017ealost ali misli o samomoru.<\/p>\n<p>A. veliko ljudi, ki imajo zgoraj navedene bolezni, ne morejo jemati Klonopina ali pa bodo morali vzeti ni\u017eji odmerek zdravila in jih pregledati zdravnik.<\/p>\n<p>\u010ce ste starej\u0161i od 60 let, je verjetnost, da boste ne\u017eeleni u\u010dinki zdravila so zelo visoki. Zaradi tega je treba odmerek zdravila Klonopin spremeniti glede na va\u0161e zdravje.<\/p>\n<p>Uporaba:<\/p>\n<p>Klonopin smete jemati le na na\u010din, ki vam ga naro\u010di zdravnik. Za nasvet glede uporabe se posvetujte z zdravnikom ali farmacevtom. Ko vzamete tableto, bi morali popiti vse. Ne jemljite ve\u010d, kot vam je naro\u010dil zdravnik. Preden kon\u010date z jemanjem zdravila, se posvetujte s svojim zdravnikom.<\/p>\n<p>Oglejte si, kaj se zgodi, \u010de vzamete preve\u010d zdravila.<\/p>\n<p>V primeru prevelikega odmerjanja pokli\u010dite zdravnika. stran.<\/p>\n<p>Znaki prevelikega odmerjanja:<\/p>\n<p>zaspanost, omotica, zmedenost, po\u010dasen sr\u010dni utrip, alkoholu podobni simptomi in izguba zavesti so vsi znaki alkoholizma.<\/p>\n<p>\u010ce nekdo vzame preve\u010d zdravila, se opravi izpiranje \u017eelodca in zdravljenje ne\u017eelenih u\u010dinkov.<\/p>\n<p>Bodite previdni, ko vozite, uporabljate stroje ali opravljate drugo delo, ki bi lahko bilo nevarno.<\/p>\n<p> p&gt; <\/p>\n<p>V primeru zaspanosti ali vrtoglavice ne smete po\u010deti tak\u0161nih stvari.<\/p>\n<p>Alkohola ne smete me\u0161ati s Klonopin. Alkohol pove\u010da verjetnost, da bo Klonopin povzro\u010dil resne ne\u017eelene u\u010dinke. Posledi\u010dno je ve\u010dja mo\u017enost tudi za napade.<\/p>\n<p>Kaj ima Klonopin?<\/p>\n<p>alergija: zasoplost, otekanje ustnic, obraza, jezika ali izpu\u0161\u010daj <\/p>\n<p>Obstaja tudi mo\u017enost, da se bodo pojavili drugi, manj resni ne\u017eeleni u\u010dinki.<\/p>\n<p>Nadaljujte z jemanjem zdravila in obvestite svojega zdravnika, \u010de imate:<\/p>\n<p>Zaspanost ; omotica ali nerodno gibanje; depresija; omotica, slabost, driska ali zaprtje; te\u017eave z uriniranjem, no\u010dne more, glavoboli, suha usta, upad spolne \u017eelje in spremembe v vedenju so vsi znaki depresije.<\/p>\n<p>Odmerjanje in kako se izvaja<\/p>\n<p>Terapija s Klonopinom se za\u010dne z majhnimi odmerki in jih postopoma pove\u010duje, da dose\u017eemo najbolj\u0161e rezultate. Ker ima vsaka oseba druga\u010dno stanje in reakcijo telesa na jemanje zdravila, je odmerek prilagojen njegovim potrebam. Najpogostej\u0161i odmerek Klonopin je 0,5 mg trikrat na dan. \u010ce terapevtski u\u010dinek ni dose\u017een, lahko odmerek pove\u010date vsak tretji dan terapije, dokler ni.<\/p>\n<p>\u010ce jemljete zdravilo v velikih odmerkih, zlasti v dalj\u0161em \u010dasovnem obdobju, lahko povzro\u010di nastanek. te\u017eave s artikulacijo, diplopija, nistagmus, paradoksne reakcije (kot je nenadno vzburjenje) in anterogradna amnezija. Nekajkrat ima oseba preob\u010dutljivostno reakcijo, mi\u0161i\u010dno oslabelost ali depresijo. Ljudje z nekaterimi vrstami epilepsije imajo lahko ve\u010d napadov, \u010de se zdravijo dlje \u010dasa.<\/p>\n","protected":false},"excerpt":{"rendered":"<p>Kupite tablete Klonopin 2 mg za prodajo v Zdru\u017eenem kraljestvu, Evropi in ostalem svetu. Klonopin (Clonazepam) lahko pomaga ljudem pri epilepti\u010dnih napadih, pani\u010dni motnji in anksioznosti. Benzodiazepini so zdravila, zaradi katerih se po\u010dutite umirjeno.<\/p>\n<p>Klonazepam klonopin 2 mg lahko kupite na spletu po najbolj\u0161i ceni na najbolj\u0161em mestu. Best Global Meds je znana spletna lekarna, ki prodaja samo legalna zdravila. Ko naro\u010dite prek spleta, lahko prihranite denar in \u010das.<\/p>\n<p>Zdru\u017eeno kraljestvo, Evropa: \u017delim Klonopin za prodajo. Obstajajo kraji v Evropi, kjer lahko kupite klonazepam na spletu in kupite klonopin 2 mg tablete.<\/p>\n","protected":false},"featured_media":5228,"comment_status":"open","ping_status":"closed","template":"","meta":[],"product_brand":[],"product_cat":[1117],"product_tag":[1370,1374,1371,1398,1376,1377,1378,1382,1383,1385,1386,1387,1384,1380,1381,1379,1375,1388,1390,1389,1391,1394,1395,1400,1410,1393,1401,1408,1409,1403,1405,1406,1407,1412,1397,1396,1372,1373,1404,1392,1411,1402,1399,1413,1414,1415,1416,1417,1418],"class_list":{"0":"post-5209","1":"product","2":"type-product","3":"status-publish","4":"has-post-thumbnail","6":"product_cat-kupite-tablete-proti-bolecinam-spanju-seksu","7":"product_tag-1-mg-klonopina","8":"product_tag-ali-lahko-vzamete-klonopin-za-vse-ivljenje","9":"product_tag-ativan-vs-klonopin","10":"product_tag-klonopin-generino","11":"product_tag-rodovi-c4-8dni-klonopin","12":"product_tag-half-life-of-klonopin","13":"product_tag-how-long-does-it-take-for-klonopin-to-kick-in","14":"product_tag-how-long-does-klonopin-take-to-work","15":"product_tag-how-many-hours-between-klonopin-doses","16":"product_tag-is-klonopin-a-benzo","17":"product_tag-is-klonopin-a-controlled-substance","18":"product_tag-is-klonopin-a-narcotic","19":"product_tag-je-1mg-klonopin-a-nizki-odmerek","20":"product_tag-kako-dolgo-klonopin-ostane-v-vaem-sistemu","21":"product_tag-kako-dolgo-klonopin-ostane-v-vaem-urinu","22":"product_tag-kako-dolgo-traja-klonopin","23":"product_tag-klonazepam-klonopin-pomaranna-tabletka-1-2","24":"product_tag-klonopin","25":"product_tag-klonopin-1-mg","26":"product_tag-klonopin-10-mg","27":"product_tag-klonopin-2-mg","28":"product_tag-klonopin-dosage","29":"product_tag-klonopin-doses","30":"product_tag-klonopin-high","31":"product_tag-klonopin-izguba-tee","32":"product_tag-klonopin-in-alkohol","33":"product_tag-klonopin-medication","34":"product_tag-klonopin-vs-xanax","35":"product_tag-klonopin-vs-xanax-reddit","36":"product_tag-klonopin-tabletka","37":"product_tag-klonopin-uporabe","38":"product_tag-klonopin-vs-ativan","39":"product_tag-klonopin-vs-valium","40":"product_tag-klonopin-withdrawal-symptoms","41":"product_tag-klonopin-za-spanje","42":"product_tag-klonopin-za-tesnobo","43":"product_tag-modri-klonopin","44":"product_tag-modri-klonopin-2-mg","45":"product_tag-stranski-uinki-klonopina","46":"product_tag-odvisnost-od-klonopina","47":"product_tag-klonopin-odvzem","48":"product_tag-klonopin-preveliko-odmerjanje","49":"product_tag-klonopin-razpolovna-doba","50":"product_tag-side-effects-of-klonopin","51":"product_tag-what-does-klonopin-look-like","52":"product_tag-what-is-a-high-dose-of-klonopin","53":"product_tag-what-is-klonopin","54":"product_tag-what-is-klonopin-used-for","55":"product_tag-xanax-vs-klonopin","57":"first","58":"instock","59":"shipping-taxable","60":"purchasable","61":"product-type-variable","62":"has-default-attributes"},"yoast_head":"<!-- This site is optimized with the Yoast SEO plugin v27.3 - https:\/\/yoast.com\/product\/yoast-seo-wordpress\/ -->\n<title>Kupite Klonopin 2 mg - Klonopin spletna prodaja - Najbolj\u0161a najbolj\u0161a zdravila na svetu<\/title>\n<meta name=\"description\" content=\"Kupite Klonopin 2 mg tablete za prodajo UK, Evropa na spletu. Klonopin (Clonazepam) zdravi epilepti\u010dne napade, pani\u010dno motnjo in anksioznost. To zdravilo je benzodiazepin.\" \/>\n<meta name=\"robots\" content=\"index, follow, max-snippet:-1, max-image-preview:large, max-video-preview:-1\" \/>\n<link rel=\"canonical\" href=\"https:\/\/medicinasinc.com\/sl\/product\/kupi-klonopin-2-mg\/\" \/>\n<meta property=\"og:locale\" content=\"en_US\" \/>\n<meta property=\"og:type\" content=\"article\" \/>\n<meta property=\"og:title\" content=\"Kupite Klonopin 2 mg - Klonopin spletna prodaja - Najbolj\u0161a najbolj\u0161a zdravila na svetu\" \/>\n<meta property=\"og:description\" content=\"Kupite Klonopin 2 mg tablete za prodajo UK, Evropa na spletu. Klonopin (Clonazepam) zdravi epilepti\u010dne napade, pani\u010dno motnjo in anksioznost. To zdravilo je benzodiazepin.\" \/>\n<meta property=\"og:url\" content=\"https:\/\/medicinasinc.com\/sl\/product\/kupi-klonopin-2-mg\/\" \/>\n<meta property=\"og:site_name\" content=\"Medicinas Inc\" \/>\n<meta property=\"article:modified_time\" content=\"2022-03-19T00:40:23+00:00\" \/>\n<meta property=\"og:image\" content=\"https:\/\/medicinasinc.com\/sl\/wp-content\/uploads\/sites\/7\/2022\/02\/Buy-Klonopin-2-mg.jpeg\" \/>\n\t<meta property=\"og:image:width\" content=\"236\" \/>\n\t<meta property=\"og:image:height\" content=\"296\" \/>\n\t<meta property=\"og:image:type\" content=\"image\/jpeg\" \/>\n<meta name=\"twitter:card\" content=\"summary_large_image\" \/>\n<meta name=\"twitter:label1\" content=\"Est. reading time\" \/>\n\t<meta name=\"twitter:data1\" content=\"4 minutes\" \/>\n<script type=\"application\/ld+json\" class=\"yoast-schema-graph\">{\"@context\":\"https:\\\/\\\/schema.org\",\"@graph\":[{\"@type\":\"WebPage\",\"@id\":\"https:\\\/\\\/medicinasinc.com\\\/sl\\\/product\\\/kupi-klonopin-2-mg\\\/\",\"url\":\"https:\\\/\\\/medicinasinc.com\\\/sl\\\/product\\\/kupi-klonopin-2-mg\\\/\",\"name\":\"Kupite Klonopin 2 mg - Klonopin spletna prodaja - Najbolj\u0161a najbolj\u0161a zdravila na svetu\",\"isPartOf\":{\"@id\":\"https:\\\/\\\/medicinasinc.com\\\/sl\\\/#website\"},\"primaryImageOfPage\":{\"@id\":\"https:\\\/\\\/medicinasinc.com\\\/sl\\\/product\\\/kupi-klonopin-2-mg\\\/#primaryimage\"},\"image\":{\"@id\":\"https:\\\/\\\/medicinasinc.com\\\/sl\\\/product\\\/kupi-klonopin-2-mg\\\/#primaryimage\"},\"thumbnailUrl\":\"https:\\\/\\\/medicinasinc.com\\\/sl\\\/wp-content\\\/uploads\\\/sites\\\/7\\\/2022\\\/02\\\/Buy-Klonopin-2-mg.jpeg\",\"datePublished\":\"2022-02-20T21:59:55+00:00\",\"dateModified\":\"2022-03-19T00:40:23+00:00\",\"description\":\"Kupite Klonopin 2 mg tablete za prodajo UK, Evropa na spletu. Klonopin (Clonazepam) zdravi epilepti\u010dne napade, pani\u010dno motnjo in anksioznost. To zdravilo je benzodiazepin.\",\"breadcrumb\":{\"@id\":\"https:\\\/\\\/medicinasinc.com\\\/sl\\\/product\\\/kupi-klonopin-2-mg\\\/#breadcrumb\"},\"inLanguage\":\"en-US\",\"potentialAction\":[{\"@type\":\"ReadAction\",\"target\":[\"https:\\\/\\\/medicinasinc.com\\\/sl\\\/product\\\/kupi-klonopin-2-mg\\\/\"]}]},{\"@type\":\"ImageObject\",\"inLanguage\":\"en-US\",\"@id\":\"https:\\\/\\\/medicinasinc.com\\\/sl\\\/product\\\/kupi-klonopin-2-mg\\\/#primaryimage\",\"url\":\"https:\\\/\\\/medicinasinc.com\\\/sl\\\/wp-content\\\/uploads\\\/sites\\\/7\\\/2022\\\/02\\\/Buy-Klonopin-2-mg.jpeg\",\"contentUrl\":\"https:\\\/\\\/medicinasinc.com\\\/sl\\\/wp-content\\\/uploads\\\/sites\\\/7\\\/2022\\\/02\\\/Buy-Klonopin-2-mg.jpeg\",\"width\":236,\"height\":296},{\"@type\":\"BreadcrumbList\",\"@id\":\"https:\\\/\\\/medicinasinc.com\\\/sl\\\/product\\\/kupi-klonopin-2-mg\\\/#breadcrumb\",\"itemListElement\":[{\"@type\":\"ListItem\",\"position\":1,\"name\":\"Nakupujte\",\"item\":\"https:\\\/\\\/medicinasinc.com\\\/sl\\\/nakupujte\\\/\"},{\"@type\":\"ListItem\",\"position\":2,\"name\":\"Kupite Klonopin 2 mg\"}]},{\"@type\":\"WebSite\",\"@id\":\"https:\\\/\\\/medicinasinc.com\\\/sl\\\/#website\",\"url\":\"https:\\\/\\\/medicinasinc.com\\\/sl\\\/\",\"name\":\"Medicinas Inc\",\"description\":\"Health Medical Clinic\",\"potentialAction\":[{\"@type\":\"SearchAction\",\"target\":{\"@type\":\"EntryPoint\",\"urlTemplate\":\"https:\\\/\\\/medicinasinc.com\\\/sl\\\/?s={search_term_string}\"},\"query-input\":{\"@type\":\"PropertyValueSpecification\",\"valueRequired\":true,\"valueName\":\"search_term_string\"}}],\"inLanguage\":\"en-US\"}]}<\/script>\n<!-- \/ Yoast SEO plugin. -->","yoast_head_json":{"title":"Kupite Klonopin 2 mg - Klonopin spletna prodaja - Najbolj\u0161a najbolj\u0161a zdravila na svetu","description":"Kupite Klonopin 2 mg tablete za prodajo UK, Evropa na spletu. Klonopin (Clonazepam) zdravi epilepti\u010dne napade, pani\u010dno motnjo in anksioznost. To zdravilo je benzodiazepin.","robots":{"index":"index","follow":"follow","max-snippet":"max-snippet:-1","max-image-preview":"max-image-preview:large","max-video-preview":"max-video-preview:-1"},"canonical":"https:\/\/medicinasinc.com\/sl\/product\/kupi-klonopin-2-mg\/","og_locale":"en_US","og_type":"article","og_title":"Kupite Klonopin 2 mg - Klonopin spletna prodaja - Najbolj\u0161a najbolj\u0161a zdravila na svetu","og_description":"Kupite Klonopin 2 mg tablete za prodajo UK, Evropa na spletu. Klonopin (Clonazepam) zdravi epilepti\u010dne napade, pani\u010dno motnjo in anksioznost. To zdravilo je benzodiazepin.","og_url":"https:\/\/medicinasinc.com\/sl\/product\/kupi-klonopin-2-mg\/","og_site_name":"Medicinas Inc","article_modified_time":"2022-03-19T00:40:23+00:00","og_image":[{"width":236,"height":296,"url":"https:\/\/medicinasinc.com\/sl\/wp-content\/uploads\/sites\/7\/2022\/02\/Buy-Klonopin-2-mg.jpeg","type":"image\/jpeg"}],"twitter_card":"summary_large_image","twitter_misc":{"Est. reading time":"4 minutes"},"schema":{"@context":"https:\/\/schema.org","@graph":[{"@type":"WebPage","@id":"https:\/\/medicinasinc.com\/sl\/product\/kupi-klonopin-2-mg\/","url":"https:\/\/medicinasinc.com\/sl\/product\/kupi-klonopin-2-mg\/","name":"Kupite Klonopin 2 mg - Klonopin spletna prodaja - Najbolj\u0161a najbolj\u0161a zdravila na svetu","isPartOf":{"@id":"https:\/\/medicinasinc.com\/sl\/#website"},"primaryImageOfPage":{"@id":"https:\/\/medicinasinc.com\/sl\/product\/kupi-klonopin-2-mg\/#primaryimage"},"image":{"@id":"https:\/\/medicinasinc.com\/sl\/product\/kupi-klonopin-2-mg\/#primaryimage"},"thumbnailUrl":"https:\/\/medicinasinc.com\/sl\/wp-content\/uploads\/sites\/7\/2022\/02\/Buy-Klonopin-2-mg.jpeg","datePublished":"2022-02-20T21:59:55+00:00","dateModified":"2022-03-19T00:40:23+00:00","description":"Kupite Klonopin 2 mg tablete za prodajo UK, Evropa na spletu. Klonopin (Clonazepam) zdravi epilepti\u010dne napade, pani\u010dno motnjo in anksioznost. To zdravilo je benzodiazepin.","breadcrumb":{"@id":"https:\/\/medicinasinc.com\/sl\/product\/kupi-klonopin-2-mg\/#breadcrumb"},"inLanguage":"en-US","potentialAction":[{"@type":"ReadAction","target":["https:\/\/medicinasinc.com\/sl\/product\/kupi-klonopin-2-mg\/"]}]},{"@type":"ImageObject","inLanguage":"en-US","@id":"https:\/\/medicinasinc.com\/sl\/product\/kupi-klonopin-2-mg\/#primaryimage","url":"https:\/\/medicinasinc.com\/sl\/wp-content\/uploads\/sites\/7\/2022\/02\/Buy-Klonopin-2-mg.jpeg","contentUrl":"https:\/\/medicinasinc.com\/sl\/wp-content\/uploads\/sites\/7\/2022\/02\/Buy-Klonopin-2-mg.jpeg","width":236,"height":296},{"@type":"BreadcrumbList","@id":"https:\/\/medicinasinc.com\/sl\/product\/kupi-klonopin-2-mg\/#breadcrumb","itemListElement":[{"@type":"ListItem","position":1,"name":"Nakupujte","item":"https:\/\/medicinasinc.com\/sl\/nakupujte\/"},{"@type":"ListItem","position":2,"name":"Kupite Klonopin 2 mg"}]},{"@type":"WebSite","@id":"https:\/\/medicinasinc.com\/sl\/#website","url":"https:\/\/medicinasinc.com\/sl\/","name":"Medicinas Inc","description":"Health Medical Clinic","potentialAction":[{"@type":"SearchAction","target":{"@type":"EntryPoint","urlTemplate":"https:\/\/medicinasinc.com\/sl\/?s={search_term_string}"},"query-input":{"@type":"PropertyValueSpecification","valueRequired":true,"valueName":"search_term_string"}}],"inLanguage":"en-US"}]}},"_links":{"self":[{"href":"https:\/\/medicinasinc.com\/sl\/wp-json\/wp\/v2\/product\/5209","targetHints":{"allow":["GET"]}}],"collection":[{"href":"https:\/\/medicinasinc.com\/sl\/wp-json\/wp\/v2\/product"}],"about":[{"href":"https:\/\/medicinasinc.com\/sl\/wp-json\/wp\/v2\/types\/product"}],"replies":[{"embeddable":true,"href":"https:\/\/medicinasinc.com\/sl\/wp-json\/wp\/v2\/comments?post=5209"}],"wp:featuredmedia":[{"embeddable":true,"href":"https:\/\/medicinasinc.com\/sl\/wp-json\/wp\/v2\/media\/5228"}],"wp:attachment":[{"href":"https:\/\/medicinasinc.com\/sl\/wp-json\/wp\/v2\/media?parent=5209"}],"wp:term":[{"taxonomy":"product_brand","embeddable":true,"href":"https:\/\/medicinasinc.com\/sl\/wp-json\/wp\/v2\/product_brand?post=5209"},{"taxonomy":"product_cat","embeddable":true,"href":"https:\/\/medicinasinc.com\/sl\/wp-json\/wp\/v2\/product_cat?post=5209"},{"taxonomy":"product_tag","embeddable":true,"href":"https:\/\/medicinasinc.com\/sl\/wp-json\/wp\/v2\/product_tag?post=5209"}],"curies":[{"name":"wp","href":"https:\/\/api.w.org\/{rel}","templated":true}]}}