{"id":5208,"date":"2022-02-20T21:58:44","date_gmt":"2022-02-20T21:58:44","guid":{"rendered":"https:\/\/medicinasinc.com\/sl\/?post_type=product&#038;p=5208"},"modified":"2022-03-19T00:40:37","modified_gmt":"2022-03-19T00:40:37","slug":"kupi-imovane-zopiklon-7-5-mg","status":"publish","type":"product","link":"https:\/\/medicinasinc.com\/sl\/product\/kupi-imovane-zopiklon-7-5-mg\/","title":{"rendered":"Kupite Imovane Zopiclone 7,5 mg"},"content":{"rendered":"<p>Imovane Zopiclone tablete je mogo\u010de kupiti na spletu.<\/p>\n<p>Tablete Imovane Zopiclone je mogo\u010de kupiti na spletu.<\/p>\n<p>Imovane: Zopiclone spada v razred sedativov in hipnotikov. Predpisan je za kratkoro\u010dno simptomatsko laj\u0161anje te\u017eav s spanjem.<\/p>\n","protected":false},"excerpt":{"rendered":"<div class=\"woocommerce-product-details__short-description\">\n<p>Kupite zopiclone 7,5 mg tablete na spletu, zopiclone 7,5 mg uk, zopiclone na spletu, zopiclone eu, zopiclone singapore, zopiclone uk, zopiclone uk, zopiclone zopiclone 5 mg tablete naslednji dan. dostava<\/p>\n<p>Imovane Zopiclone tablete je mogo\u010de kupiti na spletu.<\/p>\n<p>Imovane: Zopiclone je pomirjevalno-hipnoti\u010dno zdravilo. Uporablja se za kratkoro\u010dno zdravljenje te\u017eav s spanjem in kot simptomatsko zdravljenje.<\/p>\n<p>Imovane (Zopiclone) je mogo\u010de kupiti na spletu z veljavnim avstralskim receptom. Bestglobalmeds.com ponuja brezpla\u010dno dostavo za vse izdelke na recept v Avstralijo.<\/p>\n<p>Imovane (Zopiclone) je pomirjevalno-hipnoti\u010dno zdravilo. Uporablja se za kratkoro\u010dno zdravljenje te\u017eav s spanjem in kot simptomatsko zdravljenje.<\/p>\n<\/p><\/div>\n","protected":false},"featured_media":5226,"comment_status":"open","ping_status":"closed","template":"","meta":[],"product_brand":[],"product_cat":[1117],"product_tag":[1365,1366,1367,1368,1364,1362,1363,1369],"class_list":{"0":"post-5208","1":"product","2":"type-product","3":"status-publish","4":"has-post-thumbnail","6":"product_cat-kupite-tablete-proti-bolecinam-spanju-seksu","7":"product_tag-buy-zopiclone-eu","8":"product_tag-buy-zopiclone-online","9":"product_tag-buy-zopiclone-singapore","10":"product_tag-buy-zopiclone-uk","11":"product_tag-kupi-zopiklon-7-5mg-uk","12":"product_tag-kupi-zopiklon-7-5mg-tablete-dostava-naslednji-dan","13":"product_tag-kupite-zopiklon-7-5mg-tablete-na-spletu","14":"product_tag-zopiclone-amazon","16":"first","17":"instock","18":"shipping-taxable","19":"purchasable","20":"product-type-variable","21":"has-default-attributes"},"yoast_head":"<!-- This site is optimized with the Yoast SEO plugin v27.3 - https:\/\/yoast.com\/product\/yoast-seo-wordpress\/ -->\n<title>Kupite Imovane Zopiclone 7,5 mg - najbolj\u0161a najbolj\u0161a zdravila na svetu<\/title>\n<meta name=\"description\" content=\"kupi zopiklon 7,5 mg tablete na spletu, kupi zopiklon 7,5 mg uk, kupi zopiklon na spletu, kupi zopiklon eu, kupi zopiklon singapur, kupi zopiklon uk, zopiklon amazon, kupi zopiklon 7,5 mg tablete naslednji dan dostava,\" \/>\n<meta name=\"robots\" content=\"index, follow, max-snippet:-1, max-image-preview:large, max-video-preview:-1\" \/>\n<link rel=\"canonical\" href=\"https:\/\/medicinasinc.com\/sl\/product\/kupi-imovane-zopiklon-7-5-mg\/\" \/>\n<meta property=\"og:locale\" content=\"en_US\" \/>\n<meta property=\"og:type\" content=\"article\" \/>\n<meta property=\"og:title\" content=\"Kupite Imovane Zopiclone 7,5 mg - najbolj\u0161a najbolj\u0161a zdravila na svetu\" \/>\n<meta property=\"og:description\" content=\"kupi zopiklon 7,5 mg tablete na spletu, kupi zopiklon 7,5 mg uk, kupi zopiklon na spletu, kupi zopiklon eu, kupi zopiklon singapur, kupi zopiklon uk, zopiklon amazon, kupi zopiklon 7,5 mg tablete naslednji dan dostava,\" \/>\n<meta property=\"og:url\" content=\"https:\/\/medicinasinc.com\/sl\/product\/kupi-imovane-zopiklon-7-5-mg\/\" \/>\n<meta property=\"og:site_name\" content=\"Medicinas Inc\" \/>\n<meta property=\"article:modified_time\" content=\"2022-03-19T00:40:37+00:00\" \/>\n<meta property=\"og:image\" content=\"https:\/\/medicinasinc.com\/sl\/wp-content\/uploads\/sites\/7\/2022\/02\/Buy-Imovane-Zopiclone-7.5-mg.jpg\" \/>\n\t<meta property=\"og:image:width\" content=\"570\" \/>\n\t<meta property=\"og:image:height\" content=\"340\" \/>\n\t<meta property=\"og:image:type\" content=\"image\/jpeg\" \/>\n<meta name=\"twitter:card\" content=\"summary_large_image\" \/>\n<meta name=\"twitter:label1\" content=\"Est. reading time\" \/>\n\t<meta name=\"twitter:data1\" content=\"1 minute\" \/>\n<script type=\"application\/ld+json\" class=\"yoast-schema-graph\">{\"@context\":\"https:\\\/\\\/schema.org\",\"@graph\":[{\"@type\":\"WebPage\",\"@id\":\"https:\\\/\\\/medicinasinc.com\\\/sl\\\/product\\\/kupi-imovane-zopiklon-7-5-mg\\\/\",\"url\":\"https:\\\/\\\/medicinasinc.com\\\/sl\\\/product\\\/kupi-imovane-zopiklon-7-5-mg\\\/\",\"name\":\"Kupite Imovane Zopiclone 7,5 mg - najbolj\u0161a najbolj\u0161a zdravila na svetu\",\"isPartOf\":{\"@id\":\"https:\\\/\\\/medicinasinc.com\\\/sl\\\/#website\"},\"primaryImageOfPage\":{\"@id\":\"https:\\\/\\\/medicinasinc.com\\\/sl\\\/product\\\/kupi-imovane-zopiklon-7-5-mg\\\/#primaryimage\"},\"image\":{\"@id\":\"https:\\\/\\\/medicinasinc.com\\\/sl\\\/product\\\/kupi-imovane-zopiklon-7-5-mg\\\/#primaryimage\"},\"thumbnailUrl\":\"https:\\\/\\\/medicinasinc.com\\\/sl\\\/wp-content\\\/uploads\\\/sites\\\/7\\\/2022\\\/02\\\/Buy-Imovane-Zopiclone-7.5-mg.jpg\",\"datePublished\":\"2022-02-20T21:58:44+00:00\",\"dateModified\":\"2022-03-19T00:40:37+00:00\",\"description\":\"kupi zopiklon 7,5 mg tablete na spletu, kupi zopiklon 7,5 mg uk, kupi zopiklon na spletu, kupi zopiklon eu, kupi zopiklon singapur, kupi zopiklon uk, zopiklon amazon, kupi zopiklon 7,5 mg tablete naslednji dan dostava,\",\"breadcrumb\":{\"@id\":\"https:\\\/\\\/medicinasinc.com\\\/sl\\\/product\\\/kupi-imovane-zopiklon-7-5-mg\\\/#breadcrumb\"},\"inLanguage\":\"en-US\",\"potentialAction\":[{\"@type\":\"ReadAction\",\"target\":[\"https:\\\/\\\/medicinasinc.com\\\/sl\\\/product\\\/kupi-imovane-zopiklon-7-5-mg\\\/\"]}]},{\"@type\":\"ImageObject\",\"inLanguage\":\"en-US\",\"@id\":\"https:\\\/\\\/medicinasinc.com\\\/sl\\\/product\\\/kupi-imovane-zopiklon-7-5-mg\\\/#primaryimage\",\"url\":\"https:\\\/\\\/medicinasinc.com\\\/sl\\\/wp-content\\\/uploads\\\/sites\\\/7\\\/2022\\\/02\\\/Buy-Imovane-Zopiclone-7.5-mg.jpg\",\"contentUrl\":\"https:\\\/\\\/medicinasinc.com\\\/sl\\\/wp-content\\\/uploads\\\/sites\\\/7\\\/2022\\\/02\\\/Buy-Imovane-Zopiclone-7.5-mg.jpg\",\"width\":570,\"height\":340},{\"@type\":\"BreadcrumbList\",\"@id\":\"https:\\\/\\\/medicinasinc.com\\\/sl\\\/product\\\/kupi-imovane-zopiklon-7-5-mg\\\/#breadcrumb\",\"itemListElement\":[{\"@type\":\"ListItem\",\"position\":1,\"name\":\"Nakupujte\",\"item\":\"https:\\\/\\\/medicinasinc.com\\\/sl\\\/nakupujte\\\/\"},{\"@type\":\"ListItem\",\"position\":2,\"name\":\"Kupite Imovane Zopiclone 7,5 mg\"}]},{\"@type\":\"WebSite\",\"@id\":\"https:\\\/\\\/medicinasinc.com\\\/sl\\\/#website\",\"url\":\"https:\\\/\\\/medicinasinc.com\\\/sl\\\/\",\"name\":\"Medicinas Inc\",\"description\":\"Health Medical Clinic\",\"potentialAction\":[{\"@type\":\"SearchAction\",\"target\":{\"@type\":\"EntryPoint\",\"urlTemplate\":\"https:\\\/\\\/medicinasinc.com\\\/sl\\\/?s={search_term_string}\"},\"query-input\":{\"@type\":\"PropertyValueSpecification\",\"valueRequired\":true,\"valueName\":\"search_term_string\"}}],\"inLanguage\":\"en-US\"}]}<\/script>\n<!-- \/ Yoast SEO plugin. -->","yoast_head_json":{"title":"Kupite Imovane Zopiclone 7,5 mg - najbolj\u0161a najbolj\u0161a zdravila na svetu","description":"kupi zopiklon 7,5 mg tablete na spletu, kupi zopiklon 7,5 mg uk, kupi zopiklon na spletu, kupi zopiklon eu, kupi zopiklon singapur, kupi zopiklon uk, zopiklon amazon, kupi zopiklon 7,5 mg tablete naslednji dan dostava,","robots":{"index":"index","follow":"follow","max-snippet":"max-snippet:-1","max-image-preview":"max-image-preview:large","max-video-preview":"max-video-preview:-1"},"canonical":"https:\/\/medicinasinc.com\/sl\/product\/kupi-imovane-zopiklon-7-5-mg\/","og_locale":"en_US","og_type":"article","og_title":"Kupite Imovane Zopiclone 7,5 mg - najbolj\u0161a najbolj\u0161a zdravila na svetu","og_description":"kupi zopiklon 7,5 mg tablete na spletu, kupi zopiklon 7,5 mg uk, kupi zopiklon na spletu, kupi zopiklon eu, kupi zopiklon singapur, kupi zopiklon uk, zopiklon amazon, kupi zopiklon 7,5 mg tablete naslednji dan dostava,","og_url":"https:\/\/medicinasinc.com\/sl\/product\/kupi-imovane-zopiklon-7-5-mg\/","og_site_name":"Medicinas Inc","article_modified_time":"2022-03-19T00:40:37+00:00","og_image":[{"width":570,"height":340,"url":"https:\/\/medicinasinc.com\/sl\/wp-content\/uploads\/sites\/7\/2022\/02\/Buy-Imovane-Zopiclone-7.5-mg.jpg","type":"image\/jpeg"}],"twitter_card":"summary_large_image","twitter_misc":{"Est. reading time":"1 minute"},"schema":{"@context":"https:\/\/schema.org","@graph":[{"@type":"WebPage","@id":"https:\/\/medicinasinc.com\/sl\/product\/kupi-imovane-zopiklon-7-5-mg\/","url":"https:\/\/medicinasinc.com\/sl\/product\/kupi-imovane-zopiklon-7-5-mg\/","name":"Kupite Imovane Zopiclone 7,5 mg - najbolj\u0161a najbolj\u0161a zdravila na svetu","isPartOf":{"@id":"https:\/\/medicinasinc.com\/sl\/#website"},"primaryImageOfPage":{"@id":"https:\/\/medicinasinc.com\/sl\/product\/kupi-imovane-zopiklon-7-5-mg\/#primaryimage"},"image":{"@id":"https:\/\/medicinasinc.com\/sl\/product\/kupi-imovane-zopiklon-7-5-mg\/#primaryimage"},"thumbnailUrl":"https:\/\/medicinasinc.com\/sl\/wp-content\/uploads\/sites\/7\/2022\/02\/Buy-Imovane-Zopiclone-7.5-mg.jpg","datePublished":"2022-02-20T21:58:44+00:00","dateModified":"2022-03-19T00:40:37+00:00","description":"kupi zopiklon 7,5 mg tablete na spletu, kupi zopiklon 7,5 mg uk, kupi zopiklon na spletu, kupi zopiklon eu, kupi zopiklon singapur, kupi zopiklon uk, zopiklon amazon, kupi zopiklon 7,5 mg tablete naslednji dan dostava,","breadcrumb":{"@id":"https:\/\/medicinasinc.com\/sl\/product\/kupi-imovane-zopiklon-7-5-mg\/#breadcrumb"},"inLanguage":"en-US","potentialAction":[{"@type":"ReadAction","target":["https:\/\/medicinasinc.com\/sl\/product\/kupi-imovane-zopiklon-7-5-mg\/"]}]},{"@type":"ImageObject","inLanguage":"en-US","@id":"https:\/\/medicinasinc.com\/sl\/product\/kupi-imovane-zopiklon-7-5-mg\/#primaryimage","url":"https:\/\/medicinasinc.com\/sl\/wp-content\/uploads\/sites\/7\/2022\/02\/Buy-Imovane-Zopiclone-7.5-mg.jpg","contentUrl":"https:\/\/medicinasinc.com\/sl\/wp-content\/uploads\/sites\/7\/2022\/02\/Buy-Imovane-Zopiclone-7.5-mg.jpg","width":570,"height":340},{"@type":"BreadcrumbList","@id":"https:\/\/medicinasinc.com\/sl\/product\/kupi-imovane-zopiklon-7-5-mg\/#breadcrumb","itemListElement":[{"@type":"ListItem","position":1,"name":"Nakupujte","item":"https:\/\/medicinasinc.com\/sl\/nakupujte\/"},{"@type":"ListItem","position":2,"name":"Kupite Imovane Zopiclone 7,5 mg"}]},{"@type":"WebSite","@id":"https:\/\/medicinasinc.com\/sl\/#website","url":"https:\/\/medicinasinc.com\/sl\/","name":"Medicinas Inc","description":"Health Medical Clinic","potentialAction":[{"@type":"SearchAction","target":{"@type":"EntryPoint","urlTemplate":"https:\/\/medicinasinc.com\/sl\/?s={search_term_string}"},"query-input":{"@type":"PropertyValueSpecification","valueRequired":true,"valueName":"search_term_string"}}],"inLanguage":"en-US"}]}},"_links":{"self":[{"href":"https:\/\/medicinasinc.com\/sl\/wp-json\/wp\/v2\/product\/5208","targetHints":{"allow":["GET"]}}],"collection":[{"href":"https:\/\/medicinasinc.com\/sl\/wp-json\/wp\/v2\/product"}],"about":[{"href":"https:\/\/medicinasinc.com\/sl\/wp-json\/wp\/v2\/types\/product"}],"replies":[{"embeddable":true,"href":"https:\/\/medicinasinc.com\/sl\/wp-json\/wp\/v2\/comments?post=5208"}],"wp:featuredmedia":[{"embeddable":true,"href":"https:\/\/medicinasinc.com\/sl\/wp-json\/wp\/v2\/media\/5226"}],"wp:attachment":[{"href":"https:\/\/medicinasinc.com\/sl\/wp-json\/wp\/v2\/media?parent=5208"}],"wp:term":[{"taxonomy":"product_brand","embeddable":true,"href":"https:\/\/medicinasinc.com\/sl\/wp-json\/wp\/v2\/product_brand?post=5208"},{"taxonomy":"product_cat","embeddable":true,"href":"https:\/\/medicinasinc.com\/sl\/wp-json\/wp\/v2\/product_cat?post=5208"},{"taxonomy":"product_tag","embeddable":true,"href":"https:\/\/medicinasinc.com\/sl\/wp-json\/wp\/v2\/product_tag?post=5208"}],"curies":[{"name":"wp","href":"https:\/\/api.w.org\/{rel}","templated":true}]}}