{"id":5207,"date":"2022-02-20T21:57:05","date_gmt":"2022-02-20T21:57:05","guid":{"rendered":"https:\/\/medicinasinc.com\/sl\/?post_type=product&#038;p=5207"},"modified":"2022-03-19T00:40:46","modified_gmt":"2022-03-19T00:40:46","slug":"buy-imitrex-sumatriptan-100-mg","status":"publish","type":"product","link":"https:\/\/medicinasinc.com\/sl\/product\/buy-imitrex-sumatriptan-100-mg\/","title":{"rendered":"Kupite imitrex Sumatriptan 100 mg"},"content":{"rendered":"<div class=\"product-next-previous\">\n<div class=\"product-prev\">\n<p>Kupite Imitrex 100 mg tablete na spletu Informacije o Imitrexu (blagovna in generi\u010dna)<\/p>\n<p>Bestglobalmeds.com\u00a0trenutno prodaja blagovna znamka Imitrex, splo\u0161no znana kot Imigran, ki jo proizvajata GSK v Tur\u010diji in Aspen v Avstraliji. Poleg tega imamo blagovno znamko GSK Imitrex iz Kanade. Sumatriptan je generi\u010dno na voljo pri Pharma Science v Kanadi, Sun Pharma v Indiji (Suminat) ter Dexcel Pharma in Accord Pharma v Zdru\u017eenem kraljestvu.<\/p>\n<p>Odmerjanje<\/p>\n<p>Imitrex je na voljo v razli\u010dnih oblikah. dozirne formulacije in ravni. Imitrex in Sumatriptan sta na voljo v obliki tablet po 50 mg in 100 mg. Poleg tega nudimo generi\u010dne tablete Imitrex 25 mg. Poleg tega je blagovna znamka Imitrex na voljo kot pakiranja pr\u0161ila za nos po 20 mg, viale za injiciranje 6 mg\/0,5 ml, za\u010detni kompleti za statisti\u010dne odmerke in kartu\u0161e za statisti\u010dne odmerke.<\/p>\n<p>Uporaba<\/p>\n<p>Imitrex (Sumatriptan) je zdravilo, ki se uporablja za zdravljenje migrenskih glavobolov. Imitrex ne prepre\u010duje migren ali zmanj\u0161uje njihove pogostnosti. Uporablja se samo za zdravljenje simptomov migrene, ki so se \u017ee za\u010deli. Pomaga pri laj\u0161anju glavobolov, nelagodja in drugih simptomov migrene, kot so slabost, bruhanje in ob\u010dutljivost na svetlobo ali zvok. Sumatriptan je \u010dlan skupine triptanov. To zdravilo deluje tako, da vpliva na naravno prisotno kemikalijo (serotonin), ki povzro\u010di zo\u017eenje mo\u017eganskih krvnih \u017eil. Poleg tega bo ubla\u017eil bole\u010dino, tako da vpliva na specifi\u010dne \u017eivce v mo\u017eganih.<\/p>\n<p>Posledice<\/p>\n<p>Takoj se posvetujte z zdravnikom, \u010de opazite katerega od naslednjih resnih ne\u017eelenih u\u010dinkov: prsni ko\u0161, \u010deljust ali levi bole\u010dine v roki; krvava driska; omedlevica; hiter, nepravilen, razbijanje srca; te\u017eave z du\u0161evnim\/razpolo\u017eenjem; hude bole\u010dine v \u017eelodcu \/ trebuhu; huda bole\u010dina v prsnem ko\u0161u; napadi; nerazlo\u010den govor; vizualne spremembe. Spodaj je nekaj najpogostej\u0161ih ne\u017eelenih u\u010dinkov: \u2022 omotica in zaspanost; \u2022 mravljin\u010denje\/otrplost\/bodenje\/ob\u010dutki vro\u010dine; \u2022 zardevanje.<br \/> \u2022 povi\u0161an krvni tlak \u2014 redno preverjajte krvni tlak, da zagotovite varnost;<br \/> \u2022 iz\u010drpanost; \u2022 Slabost<\/p>\n<p>Kontraindikacije in interakcije<\/p>\n<p>Imitrexa se ne sme uporabljati za zdravljenje obi\u010dajnega napetostnega glavobola ali glavobola, ki povzro\u010di izgubo gibljivosti na eni strani telesa. Zdravila Imitrex ne smete uporabljati, \u010de ste alergi\u010dni na sumatriptan ali \u010de imate naslednja stanja: \u2022 sr\u010dni napad ali mo\u017egansko kap v anamnezi; \u2022 nekatere motnje sr\u010dnega ritma; \u2022 te\u017eave s cirkulacijo, ki povzro\u010dajo pomanjkanje oskrbe telesa s krvjo; \u2022 Te\u017eave s srcem; \u2022 bolezni jeter ali ledvic; \u2022 Nenadzorovan visok krvni tlak;<\/p>\n<p>Imitrexa ne smete jemati v 24 urah po uporabi katerega koli drugega zdravljenja migrenskega glavobola. Obvestite svojega zdravnika o vseh zdravilih, ki jih trenutno jemljete, vklju\u010dno z zdravili na recept, zdravili brez recepta in zeli\u0161\u010dnimi zdravili, vklju\u010dno z zaviralci MAO, selektivnimi zaviralci ponovnega privzema serotonina in zaviralci ponovnega privzema noradrenalina. Sumatriptan lahko povzro\u010di omotico ali zaspanost. Alkohol ali marihuana lahko pove\u010data va\u0161o omotico ali zaspanost. Izogibajte se vo\u017enji, upravljanju s stroji ali opravljanju drugih dejavnosti, ki zahtevajo budnost. Alkoholne pija\u010de u\u017eivajte zmerno. Ni znano, da bi Imitrex \u0161kodoval nerojenemu otroku. \u010ce ste nose\u010di, se posvetujte s svojim zdravnikom. Sumatriptan se izlo\u010da v materino mleko in lahko po\u0161koduje doje\u010dega otroka. Dojenje se je treba izogibati 12 ur po uporabi zdravila Imitrex. Imitrexa ne priporo\u010damo za uporabo pri mlaj\u0161ih od 18 let.<\/p>\n<p>Vpra\u0161anja in odgovori<br \/> Zakaj je Imitrex v Kanadi cenej\u0161i kot v Zdru\u017eenih dr\u017eavah?<\/p>\n<p>Na splo\u0161no , so cene vseh zdravil, ne samo zdravila Imitrex, bolj razumne, \u010de jih kupite v Kanadi, saj vlada regulira ceno tako blagovnih znamk kot generi\u010dnih zdravil. Poleg tega je bil od na\u0161ega za\u010detka leta 2006 na\u0161 cilj zagotoviti varna in poceni zdravila prebivalcem Zdru\u017eenih dr\u017eav.<\/p>\n<p>Ali je nakup zdravila Imitrex v va\u0161i lekarni varen?<\/p>\n<p>Na\u0161i izdelki izvirajo izklju\u010dno iz objektov, ki so certificirani s strani organi v dr\u017eavah, iz katerih so uvo\u017eeni. CanadaPharmacyOnline.com uporablja strog izbirni postopek za na\u0161e partnerje, da zagotovi, da boste vi, na\u0161a stranka, prejeli najvarnej\u0161a mo\u017ena zdravila. Poleg tega smo certificirana kanadska lekarna, ki je v skladu z vsemi pokrajinskimi zakoni.<\/p>\n<p>Koliko stane generi\u010dni Imitrex 100 mg v va\u0161i lekarni?<\/p>\n<p>Generic Imitrex 100 mg je na voljo \u017ee za malo. za 28,99 USD za 12 tablet, medtem ko je odmerek 50 mg na voljo \u017ee za 57,99 USD za 18 tablet.<\/p>\n<p>Koliko stane tableta?<\/p>\n<p>Imitrex 100 mg je na voljo v generi\u010dnih oblikah. obrazec za 2,27 USD na tableto in v obliki blagovne znamke za 8,67 USD na tableto v na\u0161i lekarni.<\/p>\n<p>Koliko stane po\u0161iljanje?<\/p>\n<p>Na\u0161a pav\u0161alna cena dostave je 10,00 USD na naro\u010dilo. Na\u0161a lekarna se zavezuje, da vam zagotavlja najni\u017eje mo\u017ene cene za visokokakovostne izdelke.<\/p>\n<p>Kako oddam naro\u010dilo v va\u0161i lekarni?<\/p>\n<p>Imitrex je res enostavno naro\u010diti pri nas. . Naro\u010dilo lahko oddate prek spleta ali po telefonu pri Slu\u017ebi za stranke. Za dodatne informacije ali za\u010detek postopka naro\u010danja obi\u0161\u010dite na\u0161o stran Kako naro\u010diti.<\/p>\n<p>Ali je cena Imitrexa konkuren\u010dna?<\/p>\n<p>Da, ponosni smo, da ponujamo nekatere najni\u017eje razpolo\u017eljive cene. v kanadskih lekarnah. V redkih primerih se lahko izena\u010dimo ali premagamo cene na\u0161ih konkurentov. Obrnite se na na\u0161o vljudno podporo strankam na 1866.920.3784.<\/p>\n<p>Ali lahko Imitrex kupim pri vas v prosti prodaji?<\/p>\n<p>Ne, Imitrex je na voljo samo z veljavnim receptom va\u0161ega zdravnika. Brez veljavnega recepta tega izdelka ne prodajamo.<\/p>\n<p>Imitrex 50 mg v primerjavi z Imitrex 100 mg: Kak\u0161na je razlika?<\/p>\n<p>Razlika v odmerkih odra\u017ea koli\u010dino(e) u\u010dinkovine(-e). ) vklju\u010deno v zdravilo.<\/p>\n<p>Mehanizem delovanja zdravila Imitrex<\/p>\n<\/p><\/div><\/div>\n<div class=\"product-next-previous\">\n<div class=\"product-prev\"><\/div><\/div>\n","protected":false},"excerpt":{"rendered":"<div class=\"woocommerce-product-details__short-description\">\n<p>Imitrex Sumatriptan 100 mg tablete lahko kupite na spletu. IMITREX je agonist serotoninskih receptorjev 5-HT1B\/1D (triptan), odobren za takoj\u0161nje zdravljenje migrene pri odraslih z avro ali brez nje.<\/p>\n<p>Sumatriptan lahko kupite na spletu v na\u0161i spletni lekarni, registrirani v Zdru\u017eenem kraljestvu.<\/p>\n<p> p&gt; <\/p>\n<p>Sumatriptan je zdravilo proti migreni s hitrim za\u010detkom delovanja. Zajam\u010deno najni\u017eja cena v Zdru\u017eenem kraljestvu.<\/p>\n<p>Sumatriptan tablete za laj\u0161anje migrene lahko varno in varno kupite na spletu v lekarni v Zdru\u017eenem kraljestvu.<\/p>\n<p>Sumatriptan je generi\u010dna oblika zdravila Imigran, ki je cenej\u0161a. <\/p>\n<p>Kupite Imitrex (Sumatriptan) s popustom v licencirani najbolj\u0161i svetovni lekarni za zdravila&#8230;. 50mg100mg<\/p>\n<p>Kupite Imitrex na spletu danes v na\u0161i kanadski lekarni!<\/p>\n<\/p><\/div>\n","protected":false},"featured_media":5224,"comment_status":"open","ping_status":"closed","template":"","meta":[],"product_brand":[],"product_cat":[1117],"product_tag":[1340,1338,1339,1341,1344,1342,1343,1345,1347,1346,1348,1349,1350,1351,1352,1353,1354,1355,1356,1357,1358,1359,1360,1361],"class_list":{"0":"post-5207","1":"product","2":"type-product","3":"status-publish","4":"has-post-thumbnail","6":"product_cat-kupite-tablete-proti-bolecinam-spanju-seksu","7":"product_tag-do-imitrex-generini-sumatriptan","8":"product_tag-pacient-trpi-za-migrenskega-glavobola-kakno-je-delovanje-sumatriptan-imitrex-a","9":"product_tag-buy-sumatriptan-online-usa","10":"product_tag-imitrex-nasal-spray-sumatriptan","11":"product_tag-imitrex-vs-sumatriptan","12":"product_tag-imitreks-sumatriptan","13":"product_tag-imitreks-sumatriptan-sukcinat","14":"product_tag-injekcija-sumatriptan-imitrex","15":"product_tag-je-sumatriptan-isti-kot-imitreks","16":"product_tag-is-sumatriptan-imitrex","17":"product_tag-sumatriptan-imitrex-50-mg-tablet-price","18":"product_tag-sumatriptan-100-mg-online","19":"product_tag-sumatriptan-50-mg-over-the-counter","20":"product_tag-sumatriptan-50mg","21":"product_tag-sumatriptan-imitrex","22":"product_tag-sumatriptan-imitrex-patch","23":"product_tag-sumatriptan-imitrex-treximet","24":"product_tag-sumatriptan-over-the-counter-usa","25":"product_tag-sumatriptan-side-effects","26":"product_tag-sumatriptan-succinate-imitrex","27":"product_tag-sumatriptan-vs-imitrex","28":"product_tag-what-is-sumatriptan-100-mg-used-for","29":"product_tag-when-should-sumatriptan-imitrex-be-avoided","30":"product_tag-where-to-buy-sumatriptan-over-the-counter","32":"first","33":"instock","34":"shipping-taxable","35":"purchasable","36":"product-type-variable","37":"has-default-attributes"},"yoast_head":"<!-- This site is optimized with the Yoast SEO plugin v27.3 - https:\/\/yoast.com\/product\/yoast-seo-wordpress\/ -->\n<title>Kupite imitrex Sumatriptan 100 mg - Best Global Meds<\/title>\n<meta name=\"description\" content=\"Kupite imitrex Sumatriptan 100 mg tablete za laj\u0161anje migrene varno in varno v spletni lekarni v Zdru\u017eenem kraljestvu. Sumatriptan\u00a0je generi\u010dna, cenej\u0161a razli\u010dica zdravila Imigran.\" \/>\n<meta name=\"robots\" content=\"index, follow, max-snippet:-1, max-image-preview:large, max-video-preview:-1\" \/>\n<link rel=\"canonical\" href=\"https:\/\/medicinasinc.com\/sl\/product\/buy-imitrex-sumatriptan-100-mg\/\" \/>\n<meta property=\"og:locale\" content=\"en_US\" \/>\n<meta property=\"og:type\" content=\"article\" \/>\n<meta property=\"og:title\" content=\"Kupite imitrex Sumatriptan 100 mg - Best Global Meds\" \/>\n<meta property=\"og:description\" content=\"Kupite imitrex Sumatriptan 100 mg tablete za laj\u0161anje migrene varno in varno v spletni lekarni v Zdru\u017eenem kraljestvu. Sumatriptan\u00a0je generi\u010dna, cenej\u0161a razli\u010dica zdravila Imigran.\" \/>\n<meta property=\"og:url\" content=\"https:\/\/medicinasinc.com\/sl\/product\/buy-imitrex-sumatriptan-100-mg\/\" \/>\n<meta property=\"og:site_name\" content=\"Medicinas Inc\" \/>\n<meta property=\"article:modified_time\" content=\"2022-03-19T00:40:46+00:00\" \/>\n<meta property=\"og:image\" content=\"https:\/\/medicinasinc.com\/sl\/wp-content\/uploads\/sites\/7\/2022\/02\/Buy-imitrex-Sumatriptan-100-mg.jpg\" \/>\n\t<meta property=\"og:image:width\" content=\"846\" \/>\n\t<meta property=\"og:image:height\" content=\"600\" \/>\n\t<meta property=\"og:image:type\" content=\"image\/jpeg\" \/>\n<meta name=\"twitter:card\" content=\"summary_large_image\" \/>\n<meta name=\"twitter:label1\" content=\"Est. reading time\" \/>\n\t<meta name=\"twitter:data1\" content=\"4 minutes\" \/>\n<script type=\"application\/ld+json\" class=\"yoast-schema-graph\">{\"@context\":\"https:\\\/\\\/schema.org\",\"@graph\":[{\"@type\":\"WebPage\",\"@id\":\"https:\\\/\\\/medicinasinc.com\\\/sl\\\/product\\\/buy-imitrex-sumatriptan-100-mg\\\/\",\"url\":\"https:\\\/\\\/medicinasinc.com\\\/sl\\\/product\\\/buy-imitrex-sumatriptan-100-mg\\\/\",\"name\":\"Kupite imitrex Sumatriptan 100 mg - Best Global Meds\",\"isPartOf\":{\"@id\":\"https:\\\/\\\/medicinasinc.com\\\/sl\\\/#website\"},\"primaryImageOfPage\":{\"@id\":\"https:\\\/\\\/medicinasinc.com\\\/sl\\\/product\\\/buy-imitrex-sumatriptan-100-mg\\\/#primaryimage\"},\"image\":{\"@id\":\"https:\\\/\\\/medicinasinc.com\\\/sl\\\/product\\\/buy-imitrex-sumatriptan-100-mg\\\/#primaryimage\"},\"thumbnailUrl\":\"https:\\\/\\\/medicinasinc.com\\\/sl\\\/wp-content\\\/uploads\\\/sites\\\/7\\\/2022\\\/02\\\/Buy-imitrex-Sumatriptan-100-mg.jpg\",\"datePublished\":\"2022-02-20T21:57:05+00:00\",\"dateModified\":\"2022-03-19T00:40:46+00:00\",\"description\":\"Kupite imitrex Sumatriptan 100 mg tablete za laj\u0161anje migrene varno in varno v spletni lekarni v Zdru\u017eenem kraljestvu. Sumatriptan\u00a0je generi\u010dna, cenej\u0161a razli\u010dica zdravila Imigran.\",\"breadcrumb\":{\"@id\":\"https:\\\/\\\/medicinasinc.com\\\/sl\\\/product\\\/buy-imitrex-sumatriptan-100-mg\\\/#breadcrumb\"},\"inLanguage\":\"en-US\",\"potentialAction\":[{\"@type\":\"ReadAction\",\"target\":[\"https:\\\/\\\/medicinasinc.com\\\/sl\\\/product\\\/buy-imitrex-sumatriptan-100-mg\\\/\"]}]},{\"@type\":\"ImageObject\",\"inLanguage\":\"en-US\",\"@id\":\"https:\\\/\\\/medicinasinc.com\\\/sl\\\/product\\\/buy-imitrex-sumatriptan-100-mg\\\/#primaryimage\",\"url\":\"https:\\\/\\\/medicinasinc.com\\\/sl\\\/wp-content\\\/uploads\\\/sites\\\/7\\\/2022\\\/02\\\/Buy-imitrex-Sumatriptan-100-mg.jpg\",\"contentUrl\":\"https:\\\/\\\/medicinasinc.com\\\/sl\\\/wp-content\\\/uploads\\\/sites\\\/7\\\/2022\\\/02\\\/Buy-imitrex-Sumatriptan-100-mg.jpg\",\"width\":846,\"height\":600},{\"@type\":\"BreadcrumbList\",\"@id\":\"https:\\\/\\\/medicinasinc.com\\\/sl\\\/product\\\/buy-imitrex-sumatriptan-100-mg\\\/#breadcrumb\",\"itemListElement\":[{\"@type\":\"ListItem\",\"position\":1,\"name\":\"Nakupujte\",\"item\":\"https:\\\/\\\/medicinasinc.com\\\/sl\\\/nakupujte\\\/\"},{\"@type\":\"ListItem\",\"position\":2,\"name\":\"Kupite imitrex Sumatriptan 100 mg\"}]},{\"@type\":\"WebSite\",\"@id\":\"https:\\\/\\\/medicinasinc.com\\\/sl\\\/#website\",\"url\":\"https:\\\/\\\/medicinasinc.com\\\/sl\\\/\",\"name\":\"Medicinas Inc\",\"description\":\"Health Medical Clinic\",\"potentialAction\":[{\"@type\":\"SearchAction\",\"target\":{\"@type\":\"EntryPoint\",\"urlTemplate\":\"https:\\\/\\\/medicinasinc.com\\\/sl\\\/?s={search_term_string}\"},\"query-input\":{\"@type\":\"PropertyValueSpecification\",\"valueRequired\":true,\"valueName\":\"search_term_string\"}}],\"inLanguage\":\"en-US\"}]}<\/script>\n<!-- \/ Yoast SEO plugin. -->","yoast_head_json":{"title":"Kupite imitrex Sumatriptan 100 mg - Best Global Meds","description":"Kupite imitrex Sumatriptan 100 mg tablete za laj\u0161anje migrene varno in varno v spletni lekarni v Zdru\u017eenem kraljestvu. Sumatriptan\u00a0je generi\u010dna, cenej\u0161a razli\u010dica zdravila Imigran.","robots":{"index":"index","follow":"follow","max-snippet":"max-snippet:-1","max-image-preview":"max-image-preview:large","max-video-preview":"max-video-preview:-1"},"canonical":"https:\/\/medicinasinc.com\/sl\/product\/buy-imitrex-sumatriptan-100-mg\/","og_locale":"en_US","og_type":"article","og_title":"Kupite imitrex Sumatriptan 100 mg - Best Global Meds","og_description":"Kupite imitrex Sumatriptan 100 mg tablete za laj\u0161anje migrene varno in varno v spletni lekarni v Zdru\u017eenem kraljestvu. Sumatriptan\u00a0je generi\u010dna, cenej\u0161a razli\u010dica zdravila Imigran.","og_url":"https:\/\/medicinasinc.com\/sl\/product\/buy-imitrex-sumatriptan-100-mg\/","og_site_name":"Medicinas Inc","article_modified_time":"2022-03-19T00:40:46+00:00","og_image":[{"width":846,"height":600,"url":"https:\/\/medicinasinc.com\/sl\/wp-content\/uploads\/sites\/7\/2022\/02\/Buy-imitrex-Sumatriptan-100-mg.jpg","type":"image\/jpeg"}],"twitter_card":"summary_large_image","twitter_misc":{"Est. reading time":"4 minutes"},"schema":{"@context":"https:\/\/schema.org","@graph":[{"@type":"WebPage","@id":"https:\/\/medicinasinc.com\/sl\/product\/buy-imitrex-sumatriptan-100-mg\/","url":"https:\/\/medicinasinc.com\/sl\/product\/buy-imitrex-sumatriptan-100-mg\/","name":"Kupite imitrex Sumatriptan 100 mg - Best Global Meds","isPartOf":{"@id":"https:\/\/medicinasinc.com\/sl\/#website"},"primaryImageOfPage":{"@id":"https:\/\/medicinasinc.com\/sl\/product\/buy-imitrex-sumatriptan-100-mg\/#primaryimage"},"image":{"@id":"https:\/\/medicinasinc.com\/sl\/product\/buy-imitrex-sumatriptan-100-mg\/#primaryimage"},"thumbnailUrl":"https:\/\/medicinasinc.com\/sl\/wp-content\/uploads\/sites\/7\/2022\/02\/Buy-imitrex-Sumatriptan-100-mg.jpg","datePublished":"2022-02-20T21:57:05+00:00","dateModified":"2022-03-19T00:40:46+00:00","description":"Kupite imitrex Sumatriptan 100 mg tablete za laj\u0161anje migrene varno in varno v spletni lekarni v Zdru\u017eenem kraljestvu. Sumatriptan\u00a0je generi\u010dna, cenej\u0161a razli\u010dica zdravila Imigran.","breadcrumb":{"@id":"https:\/\/medicinasinc.com\/sl\/product\/buy-imitrex-sumatriptan-100-mg\/#breadcrumb"},"inLanguage":"en-US","potentialAction":[{"@type":"ReadAction","target":["https:\/\/medicinasinc.com\/sl\/product\/buy-imitrex-sumatriptan-100-mg\/"]}]},{"@type":"ImageObject","inLanguage":"en-US","@id":"https:\/\/medicinasinc.com\/sl\/product\/buy-imitrex-sumatriptan-100-mg\/#primaryimage","url":"https:\/\/medicinasinc.com\/sl\/wp-content\/uploads\/sites\/7\/2022\/02\/Buy-imitrex-Sumatriptan-100-mg.jpg","contentUrl":"https:\/\/medicinasinc.com\/sl\/wp-content\/uploads\/sites\/7\/2022\/02\/Buy-imitrex-Sumatriptan-100-mg.jpg","width":846,"height":600},{"@type":"BreadcrumbList","@id":"https:\/\/medicinasinc.com\/sl\/product\/buy-imitrex-sumatriptan-100-mg\/#breadcrumb","itemListElement":[{"@type":"ListItem","position":1,"name":"Nakupujte","item":"https:\/\/medicinasinc.com\/sl\/nakupujte\/"},{"@type":"ListItem","position":2,"name":"Kupite imitrex Sumatriptan 100 mg"}]},{"@type":"WebSite","@id":"https:\/\/medicinasinc.com\/sl\/#website","url":"https:\/\/medicinasinc.com\/sl\/","name":"Medicinas Inc","description":"Health Medical Clinic","potentialAction":[{"@type":"SearchAction","target":{"@type":"EntryPoint","urlTemplate":"https:\/\/medicinasinc.com\/sl\/?s={search_term_string}"},"query-input":{"@type":"PropertyValueSpecification","valueRequired":true,"valueName":"search_term_string"}}],"inLanguage":"en-US"}]}},"_links":{"self":[{"href":"https:\/\/medicinasinc.com\/sl\/wp-json\/wp\/v2\/product\/5207","targetHints":{"allow":["GET"]}}],"collection":[{"href":"https:\/\/medicinasinc.com\/sl\/wp-json\/wp\/v2\/product"}],"about":[{"href":"https:\/\/medicinasinc.com\/sl\/wp-json\/wp\/v2\/types\/product"}],"replies":[{"embeddable":true,"href":"https:\/\/medicinasinc.com\/sl\/wp-json\/wp\/v2\/comments?post=5207"}],"wp:featuredmedia":[{"embeddable":true,"href":"https:\/\/medicinasinc.com\/sl\/wp-json\/wp\/v2\/media\/5224"}],"wp:attachment":[{"href":"https:\/\/medicinasinc.com\/sl\/wp-json\/wp\/v2\/media?parent=5207"}],"wp:term":[{"taxonomy":"product_brand","embeddable":true,"href":"https:\/\/medicinasinc.com\/sl\/wp-json\/wp\/v2\/product_brand?post=5207"},{"taxonomy":"product_cat","embeddable":true,"href":"https:\/\/medicinasinc.com\/sl\/wp-json\/wp\/v2\/product_cat?post=5207"},{"taxonomy":"product_tag","embeddable":true,"href":"https:\/\/medicinasinc.com\/sl\/wp-json\/wp\/v2\/product_tag?post=5207"}],"curies":[{"name":"wp","href":"https:\/\/api.w.org\/{rel}","templated":true}]}}