{"id":5184,"date":"2022-02-20T21:36:32","date_gmt":"2022-02-20T21:36:32","guid":{"rendered":"https:\/\/medicinasinc.com\/sl\/?post_type=product&#038;p=5184"},"modified":"2022-03-19T00:41:05","modified_gmt":"2022-03-19T00:41:05","slug":"kupi-hidrokodon-10-325mg","status":"publish","type":"product","link":"https:\/\/medicinasinc.com\/sl\/product\/kupi-hidrokodon-10-325mg\/","title":{"rendered":"Kupite hidrokodon 10\/325 mg"},"content":{"rendered":"<p>Kje kupiti\u00a0Hydrocodone 10\/325 mg?<\/p>\n<p>Ker je hidrokodon mo\u010dno zdravilo proti bole\u010dinam, ga lahko dobite na spletu brez recepta. Opij mak daje kodein, ki se uporablja za izdelavo te droge. Ko se hidrokodon proizvaja iz kodeina, so u\u010dinki laj\u0161anja bole\u010din mo\u010dnej\u0161i in ostanejo dlje. Zaradi tega zdravniki pogosto predpisujejo hidrokodon namesto kodeina za zdravljenje hude bole\u010dine.<\/p>\n<p>V mo\u017eganih hidrokodon spremeni kemi\u010dno ravnovesje, blokira delovanje receptorjev za bole\u010dino in tako uporabnika razbremeni kakr\u0161nega koli zaznavanja bole\u010dine. <\/p>\n<p>Zaradi akutne in kroni\u010dne narave bole\u010dine pri zlomu je hidrokodon ena najbolj\u0161ih mo\u017enosti za njeno zdravljenje. Kadar ljudje zaradi bole\u010dine pono\u010di ne morejo spati, jim hidrokodon lahko pomaga pri sprostitvi in \u200b\u200bjim omogo\u010di nekaj ur po\u010ditka.<\/p>\n<p>Hidrokodon naj jemljejo le tisti, ki do\u017eivljajo bole\u010dino kot zdravilo. posledica zlomov kosti po zdravni\u0161kem mnenju. Tisti z drugimi vrstami bole\u010dine, kot so kr\u010di, rane ali \u0161ivi po operaciji, ga lahko \u0161e vedno sprejmejo. Hidrokodon je eno naju\u010dinkovitej\u0161ih zdravil proti bole\u010dinam v kateri koli od teh situacij.<\/p>\n<p>Odmerke hidrokodona je treba skrbno spremljati. To zdravilo ima lahko resne ne\u017eelene u\u010dinke, \u010de se uporablja v napa\u010dni koli\u010dini. Zasvojenost s tem zdravilom je pogost stranski u\u010dinek prejemanja napa\u010dnih odmerkov. Zaradi velikega potenciala za zlorabo in odvisnost je treba hidrokodon uporabljati zmerno in redko. Tisti, ki trpijo zaradi kroni\u010dne bole\u010dine, ne smejo jemati hidrokodona ve\u010d kot 20 mg na dan. Vsak odmerek, ki je ve\u010dji od tega, bo verjetno povzro\u010dil odvisnost in s\u010dasoma zasvojenost.<\/p>\n<p>Previdnostni ukrepi za hidrokodon vklju\u010dujejo zagotovitev, da se ves \u010das jemlje pravilen odmerek. To zdravilo lahko povzro\u010di resne negativne u\u010dinke, \u010de ga jemljete v napa\u010dnih koli\u010dinah. Osebe z astmo ali dihalnimi te\u017eavami ne smejo kupiti hidrokodona, ker spodbuja plitko dihanje, kar bi jim lahko predstavljalo velik problem. Za\u010dnite z majhnimi odmerki, \u010de kupujete hidrokodon na spletu brez recepta, da boste izvedeli, koliko potrebuje va\u0161e telo.<\/p>\n<p>Znano je, da hidrokodon povzro\u010da \u0161tevilne neprijetne stranske u\u010dinke, vklju\u010dno z zaspanostjo, omotico in slabostjo. Ko kupite hidrokodon na spletu brez recepta in ga vzamete, poskrbite za dobro uravnote\u017eeno prehrano, da se izognete prebavnim in \u010drevesnim te\u017eavam.<\/p>\n","protected":false},"excerpt":{"rendered":"<div class=\"woocommerce-product-details__short-description\">\n<p>Najbolj\u0161e mesto za nakup Hydrocodone 10 325 mg na spletu. Pravna zdravila lahko najdete v Best Global Meds, ugledni spletni lekarni. Z oddajo naro\u010dila prek spleta lahko prihranite \u010das in denar.<\/p>\n<p>Kje lahko dobite Hydrocodone 10\/325mg na spletu?<\/p>\n<p>Nose\u010dnice se morajo pred jemanjem tega zdravila posvetovati s svojim zdravnikom, ker je v prodaji. FDA razreda nose\u010dnosti B, kar pomeni, da ni mogo\u010de ugotoviti, kako bo vplival na nerojenega otroka ali mladi\u010da.<\/p>\n<p>Prodam: Percocet 10\/325 mg &#8211; Kupite brez recepta&#8230;<\/p>\n<p>Priporo\u010dene spletne lekarne za nakup Vicodina.<\/p>\n<\/p><\/div>\n","protected":false},"featured_media":5203,"comment_status":"open","ping_status":"closed","template":"","meta":[],"product_brand":[],"product_cat":[1117],"product_tag":[1315,1298,1300,1299,1319,1318,1317,1325,1297,1320,1302,1321,1322,1323,1324,1316,1326,1327,1328,1329,1330,1331,1332,1333,1334,1308,1309,1310,1311,1335,1312,1336,1313,1337],"class_list":{"0":"post-5184","1":"product","2":"type-product","3":"status-publish","4":"has-post-thumbnail","6":"product_cat-kupite-tablete-proti-bolecinam-spanju-seksu","7":"product_tag-buy-hydrocodone-online-bitcoins","8":"product_tag-generic-pills-for-sale-in-usa","9":"product_tag-generine-tablete-watson-za-prodajo-v-zda","10":"product_tag-anri-c4-8dno-watson","11":"product_tag-hidrokodon-watson","12":"product_tag-hidrokodonske-tablete","13":"product_tag-hydrocodone","14":"product_tag-nakup-hidrokodon","15":"product_tag-buy-watson-online","16":"product_tag-lortab","17":"product_tag-medication-without-prescription","18":"product_tag-online-buy-watson-540-500-mg","19":"product_tag-order-hydrocodone","20":"product_tag-order-hydrocodone-online","21":"product_tag-order-online-watson-540-500-mg","22":"product_tag-poceni-hidrokodon","23":"product_tag-watson","24":"product_tag-watson-325-mg","25":"product_tag-watson-325mg","26":"product_tag-watson-540","27":"product_tag-watson-540-500-mg-buy-online","28":"product_tag-watson-853-hydrocodone-10-325-mg","29":"product_tag-watson-853-hydrocodone-10-325-mg-is-a-white-colored-and-capsule-shape-tablet-designed-for-the-treatment-of-pain","30":"product_tag-watson-853-hydrocodone-online","31":"product_tag-watson-853-white-pill","32":"product_tag-watson-dosage","33":"product_tag-watson-for-sale-in-uk","34":"product_tag-watson-for-sale-in-usa","35":"product_tag-watson-hydrocodone-pain-loss-pills","36":"product_tag-watson-lortab","37":"product_tag-watson-medication","38":"product_tag-watson-medicine","39":"product_tag-watson-pain-relief-tablet","40":"product_tag-watson-pills-without-prescription-share","42":"first","43":"instock","44":"shipping-taxable","45":"purchasable","46":"product-type-variable","47":"has-default-attributes"},"yoast_head":"<!-- This site is optimized with the Yoast SEO plugin v27.3 - https:\/\/yoast.com\/product\/yoast-seo-wordpress\/ -->\n<title>Kupite hidrokodon 10\/325 mg - najbolj\u0161a najbolj\u0161a zdravila na svetu<\/title>\n<meta name=\"description\" content=\"Kupite Hydrocodone 10 325 mg za prodajo v VB, Evropa na spletu po najbolj\u0161i ceni. Best Global Meds je zaupanja vredna spletna lekarna z zakonitimi drogami. Naro\u010dite na spletu in varujte svoj \u010das in denar.\" \/>\n<meta name=\"robots\" content=\"index, follow, max-snippet:-1, max-image-preview:large, max-video-preview:-1\" \/>\n<link rel=\"canonical\" href=\"https:\/\/medicinasinc.com\/sl\/product\/kupi-hidrokodon-10-325mg\/\" \/>\n<meta property=\"og:locale\" content=\"en_US\" \/>\n<meta property=\"og:type\" content=\"article\" \/>\n<meta property=\"og:title\" content=\"Kupite hidrokodon 10\/325 mg - najbolj\u0161a najbolj\u0161a zdravila na svetu\" \/>\n<meta property=\"og:description\" content=\"Kupite Hydrocodone 10 325 mg za prodajo v VB, Evropa na spletu po najbolj\u0161i ceni. Best Global Meds je zaupanja vredna spletna lekarna z zakonitimi drogami. Naro\u010dite na spletu in varujte svoj \u010das in denar.\" \/>\n<meta property=\"og:url\" content=\"https:\/\/medicinasinc.com\/sl\/product\/kupi-hidrokodon-10-325mg\/\" \/>\n<meta property=\"og:site_name\" content=\"Medicinas Inc\" \/>\n<meta property=\"article:modified_time\" content=\"2022-03-19T00:41:05+00:00\" \/>\n<meta property=\"og:image\" content=\"https:\/\/medicinasinc.com\/sl\/wp-content\/uploads\/sites\/7\/2022\/02\/buy-hydrocodone-10-325mg-online.jpg\" \/>\n\t<meta property=\"og:image:width\" content=\"600\" \/>\n\t<meta property=\"og:image:height\" content=\"600\" \/>\n\t<meta property=\"og:image:type\" content=\"image\/jpeg\" \/>\n<meta name=\"twitter:card\" content=\"summary_large_image\" \/>\n<meta name=\"twitter:label1\" content=\"Est. reading time\" \/>\n\t<meta name=\"twitter:data1\" content=\"2 minutes\" \/>\n<script type=\"application\/ld+json\" class=\"yoast-schema-graph\">{\"@context\":\"https:\\\/\\\/schema.org\",\"@graph\":[{\"@type\":\"WebPage\",\"@id\":\"https:\\\/\\\/medicinasinc.com\\\/sl\\\/product\\\/kupi-hidrokodon-10-325mg\\\/\",\"url\":\"https:\\\/\\\/medicinasinc.com\\\/sl\\\/product\\\/kupi-hidrokodon-10-325mg\\\/\",\"name\":\"Kupite hidrokodon 10\\\/325 mg - najbolj\u0161a najbolj\u0161a zdravila na svetu\",\"isPartOf\":{\"@id\":\"https:\\\/\\\/medicinasinc.com\\\/sl\\\/#website\"},\"primaryImageOfPage\":{\"@id\":\"https:\\\/\\\/medicinasinc.com\\\/sl\\\/product\\\/kupi-hidrokodon-10-325mg\\\/#primaryimage\"},\"image\":{\"@id\":\"https:\\\/\\\/medicinasinc.com\\\/sl\\\/product\\\/kupi-hidrokodon-10-325mg\\\/#primaryimage\"},\"thumbnailUrl\":\"https:\\\/\\\/medicinasinc.com\\\/sl\\\/wp-content\\\/uploads\\\/sites\\\/7\\\/2022\\\/02\\\/buy-hydrocodone-10-325mg-online.jpg\",\"datePublished\":\"2022-02-20T21:36:32+00:00\",\"dateModified\":\"2022-03-19T00:41:05+00:00\",\"description\":\"Kupite Hydrocodone 10 325 mg za prodajo v VB, Evropa na spletu po najbolj\u0161i ceni. Best Global Meds je zaupanja vredna spletna lekarna z zakonitimi drogami. Naro\u010dite na spletu in varujte svoj \u010das in denar.\",\"breadcrumb\":{\"@id\":\"https:\\\/\\\/medicinasinc.com\\\/sl\\\/product\\\/kupi-hidrokodon-10-325mg\\\/#breadcrumb\"},\"inLanguage\":\"en-US\",\"potentialAction\":[{\"@type\":\"ReadAction\",\"target\":[\"https:\\\/\\\/medicinasinc.com\\\/sl\\\/product\\\/kupi-hidrokodon-10-325mg\\\/\"]}]},{\"@type\":\"ImageObject\",\"inLanguage\":\"en-US\",\"@id\":\"https:\\\/\\\/medicinasinc.com\\\/sl\\\/product\\\/kupi-hidrokodon-10-325mg\\\/#primaryimage\",\"url\":\"https:\\\/\\\/medicinasinc.com\\\/sl\\\/wp-content\\\/uploads\\\/sites\\\/7\\\/2022\\\/02\\\/buy-hydrocodone-10-325mg-online.jpg\",\"contentUrl\":\"https:\\\/\\\/medicinasinc.com\\\/sl\\\/wp-content\\\/uploads\\\/sites\\\/7\\\/2022\\\/02\\\/buy-hydrocodone-10-325mg-online.jpg\",\"width\":600,\"height\":600},{\"@type\":\"BreadcrumbList\",\"@id\":\"https:\\\/\\\/medicinasinc.com\\\/sl\\\/product\\\/kupi-hidrokodon-10-325mg\\\/#breadcrumb\",\"itemListElement\":[{\"@type\":\"ListItem\",\"position\":1,\"name\":\"Nakupujte\",\"item\":\"https:\\\/\\\/medicinasinc.com\\\/sl\\\/nakupujte\\\/\"},{\"@type\":\"ListItem\",\"position\":2,\"name\":\"Kupite hidrokodon 10\\\/325 mg\"}]},{\"@type\":\"WebSite\",\"@id\":\"https:\\\/\\\/medicinasinc.com\\\/sl\\\/#website\",\"url\":\"https:\\\/\\\/medicinasinc.com\\\/sl\\\/\",\"name\":\"Medicinas Inc\",\"description\":\"Health Medical Clinic\",\"potentialAction\":[{\"@type\":\"SearchAction\",\"target\":{\"@type\":\"EntryPoint\",\"urlTemplate\":\"https:\\\/\\\/medicinasinc.com\\\/sl\\\/?s={search_term_string}\"},\"query-input\":{\"@type\":\"PropertyValueSpecification\",\"valueRequired\":true,\"valueName\":\"search_term_string\"}}],\"inLanguage\":\"en-US\"}]}<\/script>\n<!-- \/ Yoast SEO plugin. -->","yoast_head_json":{"title":"Kupite hidrokodon 10\/325 mg - najbolj\u0161a najbolj\u0161a zdravila na svetu","description":"Kupite Hydrocodone 10 325 mg za prodajo v VB, Evropa na spletu po najbolj\u0161i ceni. Best Global Meds je zaupanja vredna spletna lekarna z zakonitimi drogami. Naro\u010dite na spletu in varujte svoj \u010das in denar.","robots":{"index":"index","follow":"follow","max-snippet":"max-snippet:-1","max-image-preview":"max-image-preview:large","max-video-preview":"max-video-preview:-1"},"canonical":"https:\/\/medicinasinc.com\/sl\/product\/kupi-hidrokodon-10-325mg\/","og_locale":"en_US","og_type":"article","og_title":"Kupite hidrokodon 10\/325 mg - najbolj\u0161a najbolj\u0161a zdravila na svetu","og_description":"Kupite Hydrocodone 10 325 mg za prodajo v VB, Evropa na spletu po najbolj\u0161i ceni. Best Global Meds je zaupanja vredna spletna lekarna z zakonitimi drogami. Naro\u010dite na spletu in varujte svoj \u010das in denar.","og_url":"https:\/\/medicinasinc.com\/sl\/product\/kupi-hidrokodon-10-325mg\/","og_site_name":"Medicinas Inc","article_modified_time":"2022-03-19T00:41:05+00:00","og_image":[{"width":600,"height":600,"url":"https:\/\/medicinasinc.com\/sl\/wp-content\/uploads\/sites\/7\/2022\/02\/buy-hydrocodone-10-325mg-online.jpg","type":"image\/jpeg"}],"twitter_card":"summary_large_image","twitter_misc":{"Est. reading time":"2 minutes"},"schema":{"@context":"https:\/\/schema.org","@graph":[{"@type":"WebPage","@id":"https:\/\/medicinasinc.com\/sl\/product\/kupi-hidrokodon-10-325mg\/","url":"https:\/\/medicinasinc.com\/sl\/product\/kupi-hidrokodon-10-325mg\/","name":"Kupite hidrokodon 10\/325 mg - najbolj\u0161a najbolj\u0161a zdravila na svetu","isPartOf":{"@id":"https:\/\/medicinasinc.com\/sl\/#website"},"primaryImageOfPage":{"@id":"https:\/\/medicinasinc.com\/sl\/product\/kupi-hidrokodon-10-325mg\/#primaryimage"},"image":{"@id":"https:\/\/medicinasinc.com\/sl\/product\/kupi-hidrokodon-10-325mg\/#primaryimage"},"thumbnailUrl":"https:\/\/medicinasinc.com\/sl\/wp-content\/uploads\/sites\/7\/2022\/02\/buy-hydrocodone-10-325mg-online.jpg","datePublished":"2022-02-20T21:36:32+00:00","dateModified":"2022-03-19T00:41:05+00:00","description":"Kupite Hydrocodone 10 325 mg za prodajo v VB, Evropa na spletu po najbolj\u0161i ceni. Best Global Meds je zaupanja vredna spletna lekarna z zakonitimi drogami. Naro\u010dite na spletu in varujte svoj \u010das in denar.","breadcrumb":{"@id":"https:\/\/medicinasinc.com\/sl\/product\/kupi-hidrokodon-10-325mg\/#breadcrumb"},"inLanguage":"en-US","potentialAction":[{"@type":"ReadAction","target":["https:\/\/medicinasinc.com\/sl\/product\/kupi-hidrokodon-10-325mg\/"]}]},{"@type":"ImageObject","inLanguage":"en-US","@id":"https:\/\/medicinasinc.com\/sl\/product\/kupi-hidrokodon-10-325mg\/#primaryimage","url":"https:\/\/medicinasinc.com\/sl\/wp-content\/uploads\/sites\/7\/2022\/02\/buy-hydrocodone-10-325mg-online.jpg","contentUrl":"https:\/\/medicinasinc.com\/sl\/wp-content\/uploads\/sites\/7\/2022\/02\/buy-hydrocodone-10-325mg-online.jpg","width":600,"height":600},{"@type":"BreadcrumbList","@id":"https:\/\/medicinasinc.com\/sl\/product\/kupi-hidrokodon-10-325mg\/#breadcrumb","itemListElement":[{"@type":"ListItem","position":1,"name":"Nakupujte","item":"https:\/\/medicinasinc.com\/sl\/nakupujte\/"},{"@type":"ListItem","position":2,"name":"Kupite hidrokodon 10\/325 mg"}]},{"@type":"WebSite","@id":"https:\/\/medicinasinc.com\/sl\/#website","url":"https:\/\/medicinasinc.com\/sl\/","name":"Medicinas Inc","description":"Health Medical Clinic","potentialAction":[{"@type":"SearchAction","target":{"@type":"EntryPoint","urlTemplate":"https:\/\/medicinasinc.com\/sl\/?s={search_term_string}"},"query-input":{"@type":"PropertyValueSpecification","valueRequired":true,"valueName":"search_term_string"}}],"inLanguage":"en-US"}]}},"_links":{"self":[{"href":"https:\/\/medicinasinc.com\/sl\/wp-json\/wp\/v2\/product\/5184","targetHints":{"allow":["GET"]}}],"collection":[{"href":"https:\/\/medicinasinc.com\/sl\/wp-json\/wp\/v2\/product"}],"about":[{"href":"https:\/\/medicinasinc.com\/sl\/wp-json\/wp\/v2\/types\/product"}],"replies":[{"embeddable":true,"href":"https:\/\/medicinasinc.com\/sl\/wp-json\/wp\/v2\/comments?post=5184"}],"wp:featuredmedia":[{"embeddable":true,"href":"https:\/\/medicinasinc.com\/sl\/wp-json\/wp\/v2\/media\/5203"}],"wp:attachment":[{"href":"https:\/\/medicinasinc.com\/sl\/wp-json\/wp\/v2\/media?parent=5184"}],"wp:term":[{"taxonomy":"product_brand","embeddable":true,"href":"https:\/\/medicinasinc.com\/sl\/wp-json\/wp\/v2\/product_brand?post=5184"},{"taxonomy":"product_cat","embeddable":true,"href":"https:\/\/medicinasinc.com\/sl\/wp-json\/wp\/v2\/product_cat?post=5184"},{"taxonomy":"product_tag","embeddable":true,"href":"https:\/\/medicinasinc.com\/sl\/wp-json\/wp\/v2\/product_tag?post=5184"}],"curies":[{"name":"wp","href":"https:\/\/api.w.org\/{rel}","templated":true}]}}