{"id":5183,"date":"2022-02-20T21:35:10","date_gmt":"2022-02-20T21:35:10","guid":{"rendered":"https:\/\/medicinasinc.com\/sl\/?post_type=product&#038;p=5183"},"modified":"2022-03-19T00:41:17","modified_gmt":"2022-03-19T00:41:17","slug":"hidrokodon-10-500-mg","status":"publish","type":"product","link":"https:\/\/medicinasinc.com\/sl\/product\/hidrokodon-10-500-mg\/","title":{"rendered":"Hidrokodon 10\/500 mg"},"content":{"rendered":"<div class=\"product-next-previous\">\n<div class=\"product-prev\">\n<p>Tablete Hydrocodone 10\/500mg so trenutno na voljo za nakup na spletu.<\/p>\n<p>Kombinacija visoke kakovosti. zdravilo za obvladovanje zmerne do hude bole\u010dine, Watson 540 (Hydrocodone) 500 mg je Watson 540 (Hydrocodone). Acetaminophen in Hydrocodone se uporabljata v formulaciji Hydrocodone za prodajo. Neopioidni acetaminofen in opioidni hidrokodon laj\u0161ata bole\u010dine.<\/p>\n<p>V mo\u017eganih to zdravilo spremeni na\u010din, kako se telo odziva in do\u017eivlja bole\u010dino. Z uporabo tega zdravila se lahko posamezniku zni\u017ea tudi temperatura.<\/p>\n<p>Zaradi pomembnih \u0161kodljivih u\u010dinkov plitvega\/po\u010dasnega dihanja, ki se lahko pojavijo pri nakupu hidrokodona na spletu, ni priporo\u010dljiv za otroke, mlaj\u0161e od 6 let. let.<\/p>\n<p>Preden za\u010dnete jemati to zdravilo, obvezno preberite Navodilo za bolnika, ki vam ga je posredoval zdravnik.<\/p>\n<p>Kupite hidrokodon lahko jemljete peroralno, z ali brez obrokov. , odvisno od uporabnikovih \u017eelja. Posvetujte se s svojim zdravnikom ali zdravstvenim delavcem, preden vzamete zdravilo, \u010de ob\u010dutite slabost.<\/p>\n<p>Kaj je v vsaki tableti Watson 540?<\/p>\n<p>Magnezijev natrijev stearat<br \/> mikrokristalna celuloza<br \/> Krospovidoni Kroskarmeloza Narejen je iz natrijevega stearata<br \/> \u0160krob povidon<br \/> oksid polietilen tereftalata<br \/> Vsebuje BARVA PRA\u0160KA \u0161t. 10 D&amp;C rumena<\/p>\n<p>&nbsp;<\/p>\n<p>Odmerjanje tega zdravila se lahko razlikuje glede na bolnikov splo\u0161ni odziv in zdravstveno stanje. Nikoli ne posku\u0161ajte pove\u010dati odmerka zdravila in ga prenehajte jemati le, \u010de vam tako naro\u010di zdravnik.<\/p>\n<p>Nenadno prenehanje jemanja zdravila lahko povzro\u010di odtegnitev. Da se izognete odtegnitvenim simptomom, upo\u0161tevajte zdravnikova navodila za postopno zmanj\u0161evanje odmerka zdravila.<\/p>\n<p>Spletni nakupi hidrokodona lahko v\u010dasih povzro\u010dijo odvisnost. Priporo\u010dljivo je, da navedenega odmerka zdravila ne prese\u017eete, da prepre\u010dite odvisnost od zdravil.<\/p>\n<p>Alergija:<\/p>\n<p>Posvetujte se s svojim zdravnikom ali zdravstvenim delavcem, \u010de lahko uporabljate to zdravilo, ker ste alergi\u010dni na sestavine acetaminofen in hidrokodon. Na posameznikovo reakcijo na ta izdelek bi lahko negativno vplivala prisotnost aktivnih snovi v njegovi formulaciji.<\/p>\n<p>Zaspanost:<\/p>\n<p>Zaspanost ali omotica se lahko pojavita kot stranski u\u010dinek tega zdravila. Izogibati se je treba vo\u017enji, uporabi strojev ali kateri koli drugi dejavnosti, ki zahteva popolno pozornost ali budnost. Prosimo, vzdr\u017eite se sodelovanja v kateri koli od teh dejavnosti, dokler niste prepri\u010dani, da lahko to storite brez te\u017eav.<\/p>\n<p>Nose\u010dnost:<\/p>\n<p>Nose\u010dnicam odsvetujemo jemanje tega zdravila. To zdravilo uporabljajte le, \u010de je to nujno potrebno. Posvetujte se s svojim zdravnikom ali farmacevtom, \u010de \u017eelite izvedeti ve\u010d o prednostih in slabostih jemanja tega zdravila med nose\u010dnostjo.<\/p>\n<p>Dojenje<\/p>\n<p>Jemanje tega zdravila med dojenjem lahko negativno vpliva na zdravje otroka. \u010ce ima va\u0161 dojen\u010dek nenavadne simptome, kot so te\u017eko dihanje ali letargija, pa tudi te\u017eave s prehranjevanjem, se je treba \u010dim prej posvetovati z zdravnikom.<\/p>\n<p>Pri uporabi hidrokodona se lahko pojavijo bruhanje, omotica, zaspanost in zaprtje. Ko se zdravilo nadaljuje, se lahko nekateri od teh ne\u017eelenih u\u010dinkov s\u010dasoma zmanj\u0161ajo. \u010ce se kateri od teh simptomov poslab\u0161a, poi\u0161\u010dite nujno zdravni\u0161ko pomo\u010d, da poi\u0161\u010dete re\u0161itev.<\/p>\n<p>Zau\u017eiti morate veliko vlaknin in piti veliko vode, da se izognete zaprtju. Vzemite odvajalo za laj\u0161anje simptomov zaprtja, \u010de ga potrebujete. Preden vzamete odvajalo, se morate posvetovati z zdravnikom.<\/p>\n<p>Po\u010dasi vstanite iz le\u017ee\u010de ali sede\u010de dr\u017ee, \u010de \u017eelite zmanj\u0161ati simptome omotice in omotice.<\/p>\n<\/p><\/div><\/div>\n","protected":false},"excerpt":{"rendered":"<div class=\"woocommerce-product-details__short-description\">\n<p>Kupite tablete Hydrocodone 10\/500 mg za prodajo v Zdru\u017eenem kraljestvu, EU in Evropi lahko kupite na na\u0161em spletnem mestu. Dihidrokeinon (hidrokodon) je polproizveden opioid, pridobljen iz kodeina in tebaina, dveh pogosto pojavljajo\u010dih se pomirjeval.<\/p>\n<p>Za zmerno do hudo bole\u010dino je aktivna sestavina v Watsonu 540 (Hydrocodone) 500 mg hidrokodona. Acetaminophen in Hydrocodone se uporabljata v formulaciji Hydrocodone za prodajo. Hidroksikodon je opioidno zdravilo proti bole\u010dinam, medtem ko je acetaminofen neopioid.<\/p>\n<\/p><\/div>\n","protected":false},"featured_media":5201,"comment_status":"open","ping_status":"closed","template":"","meta":[],"product_brand":[],"product_cat":[1117],"product_tag":[1298,1300,1299,1301,1297,1302,1303,1304,1305,1306,1307,1308,1309,1310,1311,1312,1313,1314],"class_list":{"0":"post-5183","1":"product","2":"type-product","3":"status-publish","4":"has-post-thumbnail","6":"product_cat-kupite-tablete-proti-bolecinam-spanju-seksu","7":"product_tag-generic-pills-for-sale-in-usa","8":"product_tag-generine-tablete-watson-za-prodajo-v-zda","9":"product_tag-anri-c4-8dno-watson","10":"product_tag-hydrocodone-for-sale","11":"product_tag-buy-watson-online","12":"product_tag-medication-without-prescription","13":"product_tag-watson-500-mg","14":"product_tag-watson-500mg","15":"product_tag-watson-540-hydrocodone-500-mg","16":"product_tag-watson-540-hydrocodone-online","17":"product_tag-watson-540-medicine","18":"product_tag-watson-dosage","19":"product_tag-watson-for-sale-in-uk","20":"product_tag-watson-for-sale-in-usa","21":"product_tag-watson-hydrocodone-pain-loss-pills","22":"product_tag-watson-medication","23":"product_tag-watson-pain-relief-tablet","24":"product_tag-watson-pills-without-prescription","26":"first","27":"instock","28":"shipping-taxable","29":"purchasable","30":"product-type-variable","31":"has-default-attributes"},"yoast_head":"<!-- This site is optimized with the Yoast SEO plugin v27.3 - https:\/\/yoast.com\/product\/yoast-seo-wordpress\/ -->\n<title>Kupite hidrokodon 10\/500 mg - najbolj\u0161a najbolj\u0161a zdravila na svetu<\/title>\n<meta name=\"description\" content=\"Kupite tablete Hydrocodone 10\/500 mg za prodajo v Veliki Britaniji, EU, Evropi na spletu. Hidrokodon ali dihidrokeinon je polproizveden opioid, ki izhaja iz dveh pogostih pomirjeval, kodeina in tebaina.\" \/>\n<meta name=\"robots\" content=\"index, follow, max-snippet:-1, max-image-preview:large, max-video-preview:-1\" \/>\n<link rel=\"canonical\" href=\"https:\/\/medicinasinc.com\/sl\/product\/hidrokodon-10-500-mg\/\" \/>\n<meta property=\"og:locale\" content=\"en_US\" \/>\n<meta property=\"og:type\" content=\"article\" \/>\n<meta property=\"og:title\" content=\"Kupite hidrokodon 10\/500 mg - najbolj\u0161a najbolj\u0161a zdravila na svetu\" \/>\n<meta property=\"og:description\" content=\"Kupite tablete Hydrocodone 10\/500 mg za prodajo v Veliki Britaniji, EU, Evropi na spletu. Hidrokodon ali dihidrokeinon je polproizveden opioid, ki izhaja iz dveh pogostih pomirjeval, kodeina in tebaina.\" \/>\n<meta property=\"og:url\" content=\"https:\/\/medicinasinc.com\/sl\/product\/hidrokodon-10-500-mg\/\" \/>\n<meta property=\"og:site_name\" content=\"Medicinas Inc\" \/>\n<meta property=\"article:modified_time\" content=\"2022-03-19T00:41:17+00:00\" \/>\n<meta property=\"og:image\" content=\"https:\/\/medicinasinc.com\/sl\/wp-content\/uploads\/sites\/7\/2022\/02\/buy-hydrocodone-10-500mg-pills-online.jpg\" \/>\n\t<meta property=\"og:image:width\" content=\"600\" \/>\n\t<meta property=\"og:image:height\" content=\"600\" \/>\n\t<meta property=\"og:image:type\" content=\"image\/jpeg\" \/>\n<meta name=\"twitter:card\" content=\"summary_large_image\" \/>\n<meta name=\"twitter:label1\" content=\"Est. reading time\" \/>\n\t<meta name=\"twitter:data1\" content=\"3 minutes\" \/>\n<script type=\"application\/ld+json\" class=\"yoast-schema-graph\">{\"@context\":\"https:\\\/\\\/schema.org\",\"@graph\":[{\"@type\":\"WebPage\",\"@id\":\"https:\\\/\\\/medicinasinc.com\\\/sl\\\/product\\\/hidrokodon-10-500-mg\\\/\",\"url\":\"https:\\\/\\\/medicinasinc.com\\\/sl\\\/product\\\/hidrokodon-10-500-mg\\\/\",\"name\":\"Kupite hidrokodon 10\\\/500 mg - najbolj\u0161a najbolj\u0161a zdravila na svetu\",\"isPartOf\":{\"@id\":\"https:\\\/\\\/medicinasinc.com\\\/sl\\\/#website\"},\"primaryImageOfPage\":{\"@id\":\"https:\\\/\\\/medicinasinc.com\\\/sl\\\/product\\\/hidrokodon-10-500-mg\\\/#primaryimage\"},\"image\":{\"@id\":\"https:\\\/\\\/medicinasinc.com\\\/sl\\\/product\\\/hidrokodon-10-500-mg\\\/#primaryimage\"},\"thumbnailUrl\":\"https:\\\/\\\/medicinasinc.com\\\/sl\\\/wp-content\\\/uploads\\\/sites\\\/7\\\/2022\\\/02\\\/buy-hydrocodone-10-500mg-pills-online.jpg\",\"datePublished\":\"2022-02-20T21:35:10+00:00\",\"dateModified\":\"2022-03-19T00:41:17+00:00\",\"description\":\"Kupite tablete Hydrocodone 10\\\/500 mg za prodajo v Veliki Britaniji, EU, Evropi na spletu. Hidrokodon ali dihidrokeinon je polproizveden opioid, ki izhaja iz dveh pogostih pomirjeval, kodeina in tebaina.\",\"breadcrumb\":{\"@id\":\"https:\\\/\\\/medicinasinc.com\\\/sl\\\/product\\\/hidrokodon-10-500-mg\\\/#breadcrumb\"},\"inLanguage\":\"en-US\",\"potentialAction\":[{\"@type\":\"ReadAction\",\"target\":[\"https:\\\/\\\/medicinasinc.com\\\/sl\\\/product\\\/hidrokodon-10-500-mg\\\/\"]}]},{\"@type\":\"ImageObject\",\"inLanguage\":\"en-US\",\"@id\":\"https:\\\/\\\/medicinasinc.com\\\/sl\\\/product\\\/hidrokodon-10-500-mg\\\/#primaryimage\",\"url\":\"https:\\\/\\\/medicinasinc.com\\\/sl\\\/wp-content\\\/uploads\\\/sites\\\/7\\\/2022\\\/02\\\/buy-hydrocodone-10-500mg-pills-online.jpg\",\"contentUrl\":\"https:\\\/\\\/medicinasinc.com\\\/sl\\\/wp-content\\\/uploads\\\/sites\\\/7\\\/2022\\\/02\\\/buy-hydrocodone-10-500mg-pills-online.jpg\",\"width\":600,\"height\":600},{\"@type\":\"BreadcrumbList\",\"@id\":\"https:\\\/\\\/medicinasinc.com\\\/sl\\\/product\\\/hidrokodon-10-500-mg\\\/#breadcrumb\",\"itemListElement\":[{\"@type\":\"ListItem\",\"position\":1,\"name\":\"Nakupujte\",\"item\":\"https:\\\/\\\/medicinasinc.com\\\/sl\\\/nakupujte\\\/\"},{\"@type\":\"ListItem\",\"position\":2,\"name\":\"Hidrokodon 10\\\/500 mg\"}]},{\"@type\":\"WebSite\",\"@id\":\"https:\\\/\\\/medicinasinc.com\\\/sl\\\/#website\",\"url\":\"https:\\\/\\\/medicinasinc.com\\\/sl\\\/\",\"name\":\"Medicinas Inc\",\"description\":\"Health Medical Clinic\",\"potentialAction\":[{\"@type\":\"SearchAction\",\"target\":{\"@type\":\"EntryPoint\",\"urlTemplate\":\"https:\\\/\\\/medicinasinc.com\\\/sl\\\/?s={search_term_string}\"},\"query-input\":{\"@type\":\"PropertyValueSpecification\",\"valueRequired\":true,\"valueName\":\"search_term_string\"}}],\"inLanguage\":\"en-US\"}]}<\/script>\n<!-- \/ Yoast SEO plugin. -->","yoast_head_json":{"title":"Kupite hidrokodon 10\/500 mg - najbolj\u0161a najbolj\u0161a zdravila na svetu","description":"Kupite tablete Hydrocodone 10\/500 mg za prodajo v Veliki Britaniji, EU, Evropi na spletu. Hidrokodon ali dihidrokeinon je polproizveden opioid, ki izhaja iz dveh pogostih pomirjeval, kodeina in tebaina.","robots":{"index":"index","follow":"follow","max-snippet":"max-snippet:-1","max-image-preview":"max-image-preview:large","max-video-preview":"max-video-preview:-1"},"canonical":"https:\/\/medicinasinc.com\/sl\/product\/hidrokodon-10-500-mg\/","og_locale":"en_US","og_type":"article","og_title":"Kupite hidrokodon 10\/500 mg - najbolj\u0161a najbolj\u0161a zdravila na svetu","og_description":"Kupite tablete Hydrocodone 10\/500 mg za prodajo v Veliki Britaniji, EU, Evropi na spletu. Hidrokodon ali dihidrokeinon je polproizveden opioid, ki izhaja iz dveh pogostih pomirjeval, kodeina in tebaina.","og_url":"https:\/\/medicinasinc.com\/sl\/product\/hidrokodon-10-500-mg\/","og_site_name":"Medicinas Inc","article_modified_time":"2022-03-19T00:41:17+00:00","og_image":[{"width":600,"height":600,"url":"https:\/\/medicinasinc.com\/sl\/wp-content\/uploads\/sites\/7\/2022\/02\/buy-hydrocodone-10-500mg-pills-online.jpg","type":"image\/jpeg"}],"twitter_card":"summary_large_image","twitter_misc":{"Est. reading time":"3 minutes"},"schema":{"@context":"https:\/\/schema.org","@graph":[{"@type":"WebPage","@id":"https:\/\/medicinasinc.com\/sl\/product\/hidrokodon-10-500-mg\/","url":"https:\/\/medicinasinc.com\/sl\/product\/hidrokodon-10-500-mg\/","name":"Kupite hidrokodon 10\/500 mg - najbolj\u0161a najbolj\u0161a zdravila na svetu","isPartOf":{"@id":"https:\/\/medicinasinc.com\/sl\/#website"},"primaryImageOfPage":{"@id":"https:\/\/medicinasinc.com\/sl\/product\/hidrokodon-10-500-mg\/#primaryimage"},"image":{"@id":"https:\/\/medicinasinc.com\/sl\/product\/hidrokodon-10-500-mg\/#primaryimage"},"thumbnailUrl":"https:\/\/medicinasinc.com\/sl\/wp-content\/uploads\/sites\/7\/2022\/02\/buy-hydrocodone-10-500mg-pills-online.jpg","datePublished":"2022-02-20T21:35:10+00:00","dateModified":"2022-03-19T00:41:17+00:00","description":"Kupite tablete Hydrocodone 10\/500 mg za prodajo v Veliki Britaniji, EU, Evropi na spletu. Hidrokodon ali dihidrokeinon je polproizveden opioid, ki izhaja iz dveh pogostih pomirjeval, kodeina in tebaina.","breadcrumb":{"@id":"https:\/\/medicinasinc.com\/sl\/product\/hidrokodon-10-500-mg\/#breadcrumb"},"inLanguage":"en-US","potentialAction":[{"@type":"ReadAction","target":["https:\/\/medicinasinc.com\/sl\/product\/hidrokodon-10-500-mg\/"]}]},{"@type":"ImageObject","inLanguage":"en-US","@id":"https:\/\/medicinasinc.com\/sl\/product\/hidrokodon-10-500-mg\/#primaryimage","url":"https:\/\/medicinasinc.com\/sl\/wp-content\/uploads\/sites\/7\/2022\/02\/buy-hydrocodone-10-500mg-pills-online.jpg","contentUrl":"https:\/\/medicinasinc.com\/sl\/wp-content\/uploads\/sites\/7\/2022\/02\/buy-hydrocodone-10-500mg-pills-online.jpg","width":600,"height":600},{"@type":"BreadcrumbList","@id":"https:\/\/medicinasinc.com\/sl\/product\/hidrokodon-10-500-mg\/#breadcrumb","itemListElement":[{"@type":"ListItem","position":1,"name":"Nakupujte","item":"https:\/\/medicinasinc.com\/sl\/nakupujte\/"},{"@type":"ListItem","position":2,"name":"Hidrokodon 10\/500 mg"}]},{"@type":"WebSite","@id":"https:\/\/medicinasinc.com\/sl\/#website","url":"https:\/\/medicinasinc.com\/sl\/","name":"Medicinas Inc","description":"Health Medical Clinic","potentialAction":[{"@type":"SearchAction","target":{"@type":"EntryPoint","urlTemplate":"https:\/\/medicinasinc.com\/sl\/?s={search_term_string}"},"query-input":{"@type":"PropertyValueSpecification","valueRequired":true,"valueName":"search_term_string"}}],"inLanguage":"en-US"}]}},"_links":{"self":[{"href":"https:\/\/medicinasinc.com\/sl\/wp-json\/wp\/v2\/product\/5183","targetHints":{"allow":["GET"]}}],"collection":[{"href":"https:\/\/medicinasinc.com\/sl\/wp-json\/wp\/v2\/product"}],"about":[{"href":"https:\/\/medicinasinc.com\/sl\/wp-json\/wp\/v2\/types\/product"}],"replies":[{"embeddable":true,"href":"https:\/\/medicinasinc.com\/sl\/wp-json\/wp\/v2\/comments?post=5183"}],"wp:featuredmedia":[{"embeddable":true,"href":"https:\/\/medicinasinc.com\/sl\/wp-json\/wp\/v2\/media\/5201"}],"wp:attachment":[{"href":"https:\/\/medicinasinc.com\/sl\/wp-json\/wp\/v2\/media?parent=5183"}],"wp:term":[{"taxonomy":"product_brand","embeddable":true,"href":"https:\/\/medicinasinc.com\/sl\/wp-json\/wp\/v2\/product_brand?post=5183"},{"taxonomy":"product_cat","embeddable":true,"href":"https:\/\/medicinasinc.com\/sl\/wp-json\/wp\/v2\/product_cat?post=5183"},{"taxonomy":"product_tag","embeddable":true,"href":"https:\/\/medicinasinc.com\/sl\/wp-json\/wp\/v2\/product_tag?post=5183"}],"curies":[{"name":"wp","href":"https:\/\/api.w.org\/{rel}","templated":true}]}}