{"id":5182,"date":"2022-02-20T21:32:53","date_gmt":"2022-02-20T21:32:53","guid":{"rendered":"https:\/\/medicinasinc.com\/sl\/?post_type=product&#038;p=5182"},"modified":"2022-03-19T00:41:28","modified_gmt":"2022-03-19T00:41:28","slug":"kupi-fentanil-transdermalni-sistemski-obliz","status":"publish","type":"product","link":"https:\/\/medicinasinc.com\/sl\/product\/kupi-fentanil-transdermalni-sistemski-obliz\/","title":{"rendered":"Kupite transdermalni sistemski obli\u017e fentanila"},"content":{"rendered":"<div class=\"product-next-previous\">\n<div class=\"product-prev\">\n<p>Transdermalni obli\u017ei fentanila so na voljo za nakup<br \/> Co Fentanil je kaj?<\/p>\n<p>Opioidi so skupina zdravil, ki vklju\u010dujejo fentanil. \u010ce imate kroni\u010dno (dolgotrajno) hudo bole\u010dino in \u017ee jemljete opioidno (narkoti\u010dno) zdravilo, vam bo morda koristila uporaba fentanila.<\/p>\n<p>Kak\u0161na je cena kofentanila?<\/p>\n<p> p&gt; <\/p>\n<p>PocketPills ponuja Co Fentanil brezpla\u010dno. \u010ce va\u0161e zavarovanje krije stro\u0161ke Co Fentanyl, ga boste morda lahko dobili po zni\u017eani ceni. Stro\u0161ke izdajanja in dostave je treba v\u0161teti v kon\u010dni stro\u0161ek va\u0161ega nakupa Co Fentanyl.<\/p>\n<p>Koliko je pristojbina za izdajanje Co Fentanyl?<\/p>\n<p>Naro\u010dilo Co Fentanyl pri nas vklju\u010duje stro\u0161ke izdaje v vi\u0161ini samo 0 $. \u010ce i\u0161\u010dete najcenej\u0161o ceno Co fentanila v Kanadi, vam lahko pomaga Pocketpills.<br \/> Ne pozabite izkoristiti na\u0161e ponudbe brezpla\u010dne dostave v Kanadi.<\/p>\n<p>Ime zdravila: Co-Fentanyl. <\/p>\n<p>Strupenost<\/p>\n<p>Razli\u010dna zdravila lahko povzro\u010dijo ne\u017eelene posledice.<\/p>\n<p>\u010ce se zdravilo uporablja, kot je predpisano, se lahko pojavijo ne\u017eeleni u\u010dinki, ki niso pri\u010dakovani. . Ne\u017eeleni u\u010dinki so lahko rahli ali hudi, pa tudi dolgotrajni ali kratkotrajni.<\/p>\n<p>Vsakdo, ki jemlje Co Fentanil, ne do\u017eivi naslednjih ne\u017eelenih u\u010dinkov (Fentanyl-transdermalno).<\/p>\n<p>Posvetujte se s svojim zdravnikom, \u010de ste zaskrbljeni zaradi ne\u017eelenih u\u010dinkov zdravila Co Fentanyl (Fentanyl-transdermalno).<\/p>\n<p>Vsaj 1 % uporabnikov Co fentanila je imelo naslednje ne\u017eelene u\u010dinke (Fentanyl-transdermalno) . Mo\u017eno je, da bodo nekateri od teh ne\u017eelenih u\u010dinkov s\u010dasoma izginili sami.<\/p>\n<p>\u010ce opazite katerega od teh ne\u017eelenih u\u010dinkov in so mote\u010di ali hudi, se posvetujte z zdravnikom. \u010ce imate te\u017eave z ne\u017eelenimi u\u010dinki, prosite svojega farmacevta za pomo\u010d.<\/p>\n<p>zmedenost<br \/> Zaprtje<br \/> zaprtje te\u017eave z osredoto\u010danjem zaspanost in omotica zve\u010der<br \/> Ob\u010dutek tesnobe, zardevanje , in glavobol so vsi simptomi suhih ust.<br \/> pomanjkanje spomina<br \/> nelagodje ali srbenje na mestu aplikacije<\/p>\n<p>Pogosta vpra\u0161anja o Co Fentanil<br \/> To Purchase Co Fentanil na spletu, morate vedeti, kako.<\/p>\n<p>\u010ce imate pri zdravniku veljaven recept, lahko kupite Co Fentanyl na spletu pri PocketPills. Za\u010dnete lahko tako, da nalo\u017eite svoj recept, kupite polnilo ali poklepetate z enim od na\u0161ih kanadskih zdravnikov, da prejmete spletni recept, tako da vse obstoje\u010de recepte prenesete v na\u0161o lekarno. Recept za Co fentanil: kam naj grem od tukaj?<\/p>\n<p>Na pocketpills.com se lahko pogovarjate s kanadskim zdravnikom prek interneta. Med va\u0161im obiskom vam lahko na\u0161i zdravniki prek interneta izdajo recepte za zdravila. Brez dodatnih stro\u0161kov vam lahko va\u0161 recept po prejemu diskretno in v originalni embala\u017ei dostavijo na dom.<\/p>\n<p>Kako hitro lahko pri\u010dakujem svoj paket?<\/p>\n<p>Da! Ponekod lahko ponudimo dostavo \u0161e isti dan. Poleg dostave naslednji dan nudimo tudi po\u0161iljanje \u010dez no\u010d.<br \/> Koliko stane po\u0161iljanje Co Fentanyl v Kanado?<br \/> Stro\u0161ki po\u0161iljanja Co Fentanil do vas v Kanadi so popolnoma brezpla\u010dni. Zni\u017eani stro\u0161ki izdajanja in brezpla\u010dna dostava, ki jih ponuja Pocketpills, Kanad\u010danom olaj\u0161ajo prejemanje zdravil, ki jih potrebujejo.<br \/> Dostava Co Fentanyl v moj dom?<br \/> \u010ce ste pri nas naro\u010dili zdravila na recept v Kanadi z veljavnim na recept, lahko po\u0161ljemo Co Fentanil na va\u0161a vrata. Pi\u0161ite nam, \u010de niste prepri\u010dani, ali dostavljamo v va\u0161i regiji.<br \/> Kje lahko dobim brezpla\u010den kofentanil v Kanadi?<br \/> \u010ce imate na\u010drt zdravstvenega zavarovanja, ki krije kofentanil, ga lahko dobite brezpla\u010dno v Kanadi. Ugotovite, ali ste upravi\u010deni do brezpla\u010dnega kofentanila, tako da se obrnete na svojega ponudnika ali nas.<br \/> Kje lahko najdem zdravnika, da dobim kofentanil?<br \/> Da. \u010ce \u017eelite izvedeti, ali ste upravi\u010deni do recepta za Co Fentanyl, se lahko dogovorite za spletno posvetovanje s kanadskim zdravnikom prek Best Global Meds.<br \/> Ali lahko brez recepta kupiti Co Fentanyl?<br \/> \u010ce \u017eelite kupiti Co Fentanil pri nas, morate imeti veljaven recept. \u010ce potrebujete recept, nas kontaktirajte. Kadar koli vam ustreza, se lahko obrnete na enega od na\u0161ih zdravnikov.<\/p>\n<p>&nbsp;<\/p>\n<p>To zdravilo se uporablja za zdravljenje kroni\u010dne bole\u010dine (na primer zaradi raka). Opioidni (narkoti\u010dni) analgetiki, katerih \u010dlan je fentanil, so pogosta vrsta laj\u0161anja bole\u010din. Spremeni na\u010din, kako va\u0161e telo zaznava in reagira na bole\u010dino, tako da deluje na mo\u017egane.<\/p>\n<p>Fentanil v obliki obli\u017ea se ne sme uporabljati za zdravljenje blagih ali kratkotrajnih bole\u010din. &#8220;kot&#8221; ni primeren izraz za to zdravilo.<\/p>\n<\/p><\/div><\/div>\n","protected":false},"excerpt":{"rendered":"<p>V Zdru\u017eenem kraljestvu je mogo\u010de kupiti fentanil obli\u017e na spletu, pa tudi fentanil na splo\u0161no, pa tudi fentanil obli\u017ee za prodajo tam.<\/p>\n<p>Obli\u017ei fentanila se uporabljajo za zdravljenje kroni\u010dne bole\u010dine&amp;#8230 ;. Ko zbirate recepte ali pridobite dodatna zdravila, farmacevtu omenite obli\u017e, ki ga nosite.<\/p>\n","protected":false},"featured_media":5199,"comment_status":"open","ping_status":"closed","template":"","meta":[],"product_brand":[],"product_cat":[1117],"product_tag":[1248,1247,1249,1251,1252,1253,1270,1250,1256,1261,1257,1259,1264,1265,1266,1271,1272,1273,1274,1277,1278,1279,1281,1282,1283,1285,1288,1284,1287,1286,1289,1254,1258,1260,1262,1263,1268,1269,1267,1275,1290,1291,1292,1293,1280,1255,1276,1294,1295,1296],"class_list":{"0":"post-5182","1":"product","2":"type-product","3":"status-publish","4":"has-post-thumbnail","6":"product_cat-kupite-tablete-proti-bolecinam-spanju-seksu","7":"product_tag-100-mg-fentanil-obli-ulina-cena","8":"product_tag-100-mg-fentanil-obli","9":"product_tag-12-mikrogramski-obli-fentanila","10":"product_tag-50-mg-fentanyl-patch","11":"product_tag-75-mg-fentanil-obli","12":"product_tag-best-place-to-put-fentanyl-patch","13":"product_tag-diagram-odmerjanja-oblia-fentanila","14":"product_tag-25-mcg-fentanil-ekvivalent-oblia","15":"product_tag-fentanil-gel-obli","16":"product_tag-fentanil-obli-25-mcg-ulina-vrednost","17":"product_tag-fentanil-obli-proti-boleinam","18":"product_tag-fentanyl-patch-100-mcg","19":"product_tag-fentanyl-patch-application","20":"product_tag-fentanyl-patch-brands","21":"product_tag-fentanyl-patch-chewing","22":"product_tag-fentanyl-patch-dosages","23":"product_tag-fentanyl-patch-doses","24":"product_tag-fentanyl-patch-doses-12-mcg","25":"product_tag-fentanyl-patch-dosing","26":"product_tag-fentanyl-patch-side-effects","27":"product_tag-fentanyl-patch-uses","28":"product_tag-fentanyl-patch-withdrawals","29":"product_tag-how-long-does-a-fentanyl-patch-stay-in-your-system","30":"product_tag-how-long-does-it-take-for-a-fentanyl-patch-to-kick-in","31":"product_tag-how-to-apply-fentanyl-patch","32":"product_tag-how-to-smoke-a-fentanyl-patch","33":"product_tag-inject-fentanyl-patch","34":"product_tag-kako-razgraditi-fentanil-obli-c5-be","35":"product_tag-kako-uporabljati-fentanil-obli","36":"product_tag-kako-zoiti-of-fentanil-obli-brez-odvzema","37":"product_tag-mallinckrodt-fentanyl-patch-extraction","38":"product_tag-najbolji-nain-za-pridobivanje-oblia-s-fentanilom","39":"product_tag-fentanil-obli","40":"product_tag-fentanil-obli-100mcg","41":"product_tag-fentanil-obli-50-mcg","42":"product_tag-fentanil-obli-75-mcg","43":"product_tag-odmerjanje-oblia-fentanila","44":"product_tag-fentanil-obli-doziranje-12-mcg","45":"product_tag-odstranjevanje-oblia-fentanila","46":"product_tag-fentanil-obli-za-prodajo","47":"product_tag-sandoz-fentanyl-patch","48":"product_tag-shoot-fentanyl-patch","49":"product_tag-smoking-fentanyl-patch","50":"product_tag-street-value-of-fentanyl-patch","51":"product_tag-fentanil-transdermalni-obli","52":"product_tag-eating-fentanyl-obli","53":"product_tag-fentanil-obli-pakiranje-vloek","54":"product_tag-what-are-fentanyl-patch","55":"product_tag-where-to-place-fentanyl-patch","56":"product_tag-where-to-put-fentanyl-patch","58":"first","59":"instock","60":"shipping-taxable","61":"purchasable","62":"product-type-variable","63":"has-default-attributes"},"yoast_head":"<!-- This site is optimized with the Yoast SEO plugin v27.3 - https:\/\/yoast.com\/product\/yoast-seo-wordpress\/ -->\n<title>Kupite obli\u017e za transdermalni sistem fentanila - najbolj\u0161a najbolj\u0161a zdravila na svetu<\/title>\n<meta name=\"description\" content=\"Kupite obli\u017e fentanila na spletu v Zdru\u017eenem kraljestvu, fentanil na spletu v Zdru\u017eenem kraljestvu, cena za obli\u017ee fentanila v Zdru\u017eenem kraljestvu,\u00a0kupite obli\u017ee fentanila v Zdru\u017eenem kraljestvu, uli\u010dna cena fentanila v Zdru\u017eenem kraljestvu, obli\u017e fentanila\u00a0za prodajo v Zdru\u017eenem kraljestvu\" \/>\n<meta name=\"robots\" content=\"index, follow, max-snippet:-1, max-image-preview:large, max-video-preview:-1\" \/>\n<link rel=\"canonical\" href=\"https:\/\/medicinasinc.com\/sl\/product\/kupi-fentanil-transdermalni-sistemski-obliz\/\" \/>\n<meta property=\"og:locale\" content=\"en_US\" \/>\n<meta property=\"og:type\" content=\"article\" \/>\n<meta property=\"og:title\" content=\"Kupite obli\u017e za transdermalni sistem fentanila - najbolj\u0161a najbolj\u0161a zdravila na svetu\" \/>\n<meta property=\"og:description\" content=\"Kupite obli\u017e fentanila na spletu v Zdru\u017eenem kraljestvu, fentanil na spletu v Zdru\u017eenem kraljestvu, cena za obli\u017ee fentanila v Zdru\u017eenem kraljestvu,\u00a0kupite obli\u017ee fentanila v Zdru\u017eenem kraljestvu, uli\u010dna cena fentanila v Zdru\u017eenem kraljestvu, obli\u017e fentanila\u00a0za prodajo v Zdru\u017eenem kraljestvu\" \/>\n<meta property=\"og:url\" content=\"https:\/\/medicinasinc.com\/sl\/product\/kupi-fentanil-transdermalni-sistemski-obliz\/\" \/>\n<meta property=\"og:site_name\" content=\"Medicinas Inc\" \/>\n<meta property=\"article:modified_time\" content=\"2022-03-19T00:41:28+00:00\" \/>\n<meta property=\"og:image\" content=\"https:\/\/medicinasinc.com\/sl\/wp-content\/uploads\/sites\/7\/2022\/02\/buy-fentanyl-transdermal-system-patch.jpg\" \/>\n\t<meta property=\"og:image:width\" content=\"600\" \/>\n\t<meta property=\"og:image:height\" content=\"600\" \/>\n\t<meta property=\"og:image:type\" content=\"image\/jpeg\" \/>\n<meta name=\"twitter:card\" content=\"summary_large_image\" \/>\n<meta name=\"twitter:label1\" content=\"Est. reading time\" \/>\n\t<meta name=\"twitter:data1\" content=\"4 minutes\" \/>\n<script type=\"application\/ld+json\" class=\"yoast-schema-graph\">{\"@context\":\"https:\\\/\\\/schema.org\",\"@graph\":[{\"@type\":\"WebPage\",\"@id\":\"https:\\\/\\\/medicinasinc.com\\\/sl\\\/product\\\/kupi-fentanil-transdermalni-sistemski-obliz\\\/\",\"url\":\"https:\\\/\\\/medicinasinc.com\\\/sl\\\/product\\\/kupi-fentanil-transdermalni-sistemski-obliz\\\/\",\"name\":\"Kupite obli\u017e za transdermalni sistem fentanila - najbolj\u0161a najbolj\u0161a zdravila na svetu\",\"isPartOf\":{\"@id\":\"https:\\\/\\\/medicinasinc.com\\\/sl\\\/#website\"},\"primaryImageOfPage\":{\"@id\":\"https:\\\/\\\/medicinasinc.com\\\/sl\\\/product\\\/kupi-fentanil-transdermalni-sistemski-obliz\\\/#primaryimage\"},\"image\":{\"@id\":\"https:\\\/\\\/medicinasinc.com\\\/sl\\\/product\\\/kupi-fentanil-transdermalni-sistemski-obliz\\\/#primaryimage\"},\"thumbnailUrl\":\"https:\\\/\\\/medicinasinc.com\\\/sl\\\/wp-content\\\/uploads\\\/sites\\\/7\\\/2022\\\/02\\\/buy-fentanyl-transdermal-system-patch.jpg\",\"datePublished\":\"2022-02-20T21:32:53+00:00\",\"dateModified\":\"2022-03-19T00:41:28+00:00\",\"description\":\"Kupite obli\u017e fentanila na spletu v Zdru\u017eenem kraljestvu, fentanil na spletu v Zdru\u017eenem kraljestvu, cena za obli\u017ee fentanila v Zdru\u017eenem kraljestvu,\u00a0kupite obli\u017ee fentanila v Zdru\u017eenem kraljestvu, uli\u010dna cena fentanila v Zdru\u017eenem kraljestvu, obli\u017e fentanila\u00a0za prodajo v Zdru\u017eenem kraljestvu\",\"breadcrumb\":{\"@id\":\"https:\\\/\\\/medicinasinc.com\\\/sl\\\/product\\\/kupi-fentanil-transdermalni-sistemski-obliz\\\/#breadcrumb\"},\"inLanguage\":\"en-US\",\"potentialAction\":[{\"@type\":\"ReadAction\",\"target\":[\"https:\\\/\\\/medicinasinc.com\\\/sl\\\/product\\\/kupi-fentanil-transdermalni-sistemski-obliz\\\/\"]}]},{\"@type\":\"ImageObject\",\"inLanguage\":\"en-US\",\"@id\":\"https:\\\/\\\/medicinasinc.com\\\/sl\\\/product\\\/kupi-fentanil-transdermalni-sistemski-obliz\\\/#primaryimage\",\"url\":\"https:\\\/\\\/medicinasinc.com\\\/sl\\\/wp-content\\\/uploads\\\/sites\\\/7\\\/2022\\\/02\\\/buy-fentanyl-transdermal-system-patch.jpg\",\"contentUrl\":\"https:\\\/\\\/medicinasinc.com\\\/sl\\\/wp-content\\\/uploads\\\/sites\\\/7\\\/2022\\\/02\\\/buy-fentanyl-transdermal-system-patch.jpg\",\"width\":600,\"height\":600},{\"@type\":\"BreadcrumbList\",\"@id\":\"https:\\\/\\\/medicinasinc.com\\\/sl\\\/product\\\/kupi-fentanil-transdermalni-sistemski-obliz\\\/#breadcrumb\",\"itemListElement\":[{\"@type\":\"ListItem\",\"position\":1,\"name\":\"Nakupujte\",\"item\":\"https:\\\/\\\/medicinasinc.com\\\/sl\\\/nakupujte\\\/\"},{\"@type\":\"ListItem\",\"position\":2,\"name\":\"Kupite transdermalni sistemski obli\u017e fentanila\"}]},{\"@type\":\"WebSite\",\"@id\":\"https:\\\/\\\/medicinasinc.com\\\/sl\\\/#website\",\"url\":\"https:\\\/\\\/medicinasinc.com\\\/sl\\\/\",\"name\":\"Medicinas Inc\",\"description\":\"Health Medical Clinic\",\"potentialAction\":[{\"@type\":\"SearchAction\",\"target\":{\"@type\":\"EntryPoint\",\"urlTemplate\":\"https:\\\/\\\/medicinasinc.com\\\/sl\\\/?s={search_term_string}\"},\"query-input\":{\"@type\":\"PropertyValueSpecification\",\"valueRequired\":true,\"valueName\":\"search_term_string\"}}],\"inLanguage\":\"en-US\"}]}<\/script>\n<!-- \/ Yoast SEO plugin. -->","yoast_head_json":{"title":"Kupite obli\u017e za transdermalni sistem fentanila - najbolj\u0161a najbolj\u0161a zdravila na svetu","description":"Kupite obli\u017e fentanila na spletu v Zdru\u017eenem kraljestvu, fentanil na spletu v Zdru\u017eenem kraljestvu, cena za obli\u017ee fentanila v Zdru\u017eenem kraljestvu,\u00a0kupite obli\u017ee fentanila v Zdru\u017eenem kraljestvu, uli\u010dna cena fentanila v Zdru\u017eenem kraljestvu, obli\u017e fentanila\u00a0za prodajo v Zdru\u017eenem kraljestvu","robots":{"index":"index","follow":"follow","max-snippet":"max-snippet:-1","max-image-preview":"max-image-preview:large","max-video-preview":"max-video-preview:-1"},"canonical":"https:\/\/medicinasinc.com\/sl\/product\/kupi-fentanil-transdermalni-sistemski-obliz\/","og_locale":"en_US","og_type":"article","og_title":"Kupite obli\u017e za transdermalni sistem fentanila - najbolj\u0161a najbolj\u0161a zdravila na svetu","og_description":"Kupite obli\u017e fentanila na spletu v Zdru\u017eenem kraljestvu, fentanil na spletu v Zdru\u017eenem kraljestvu, cena za obli\u017ee fentanila v Zdru\u017eenem kraljestvu,\u00a0kupite obli\u017ee fentanila v Zdru\u017eenem kraljestvu, uli\u010dna cena fentanila v Zdru\u017eenem kraljestvu, obli\u017e fentanila\u00a0za prodajo v Zdru\u017eenem kraljestvu","og_url":"https:\/\/medicinasinc.com\/sl\/product\/kupi-fentanil-transdermalni-sistemski-obliz\/","og_site_name":"Medicinas Inc","article_modified_time":"2022-03-19T00:41:28+00:00","og_image":[{"width":600,"height":600,"url":"https:\/\/medicinasinc.com\/sl\/wp-content\/uploads\/sites\/7\/2022\/02\/buy-fentanyl-transdermal-system-patch.jpg","type":"image\/jpeg"}],"twitter_card":"summary_large_image","twitter_misc":{"Est. reading time":"4 minutes"},"schema":{"@context":"https:\/\/schema.org","@graph":[{"@type":"WebPage","@id":"https:\/\/medicinasinc.com\/sl\/product\/kupi-fentanil-transdermalni-sistemski-obliz\/","url":"https:\/\/medicinasinc.com\/sl\/product\/kupi-fentanil-transdermalni-sistemski-obliz\/","name":"Kupite obli\u017e za transdermalni sistem fentanila - najbolj\u0161a najbolj\u0161a zdravila na svetu","isPartOf":{"@id":"https:\/\/medicinasinc.com\/sl\/#website"},"primaryImageOfPage":{"@id":"https:\/\/medicinasinc.com\/sl\/product\/kupi-fentanil-transdermalni-sistemski-obliz\/#primaryimage"},"image":{"@id":"https:\/\/medicinasinc.com\/sl\/product\/kupi-fentanil-transdermalni-sistemski-obliz\/#primaryimage"},"thumbnailUrl":"https:\/\/medicinasinc.com\/sl\/wp-content\/uploads\/sites\/7\/2022\/02\/buy-fentanyl-transdermal-system-patch.jpg","datePublished":"2022-02-20T21:32:53+00:00","dateModified":"2022-03-19T00:41:28+00:00","description":"Kupite obli\u017e fentanila na spletu v Zdru\u017eenem kraljestvu, fentanil na spletu v Zdru\u017eenem kraljestvu, cena za obli\u017ee fentanila v Zdru\u017eenem kraljestvu,\u00a0kupite obli\u017ee fentanila v Zdru\u017eenem kraljestvu, uli\u010dna cena fentanila v Zdru\u017eenem kraljestvu, obli\u017e fentanila\u00a0za prodajo v Zdru\u017eenem kraljestvu","breadcrumb":{"@id":"https:\/\/medicinasinc.com\/sl\/product\/kupi-fentanil-transdermalni-sistemski-obliz\/#breadcrumb"},"inLanguage":"en-US","potentialAction":[{"@type":"ReadAction","target":["https:\/\/medicinasinc.com\/sl\/product\/kupi-fentanil-transdermalni-sistemski-obliz\/"]}]},{"@type":"ImageObject","inLanguage":"en-US","@id":"https:\/\/medicinasinc.com\/sl\/product\/kupi-fentanil-transdermalni-sistemski-obliz\/#primaryimage","url":"https:\/\/medicinasinc.com\/sl\/wp-content\/uploads\/sites\/7\/2022\/02\/buy-fentanyl-transdermal-system-patch.jpg","contentUrl":"https:\/\/medicinasinc.com\/sl\/wp-content\/uploads\/sites\/7\/2022\/02\/buy-fentanyl-transdermal-system-patch.jpg","width":600,"height":600},{"@type":"BreadcrumbList","@id":"https:\/\/medicinasinc.com\/sl\/product\/kupi-fentanil-transdermalni-sistemski-obliz\/#breadcrumb","itemListElement":[{"@type":"ListItem","position":1,"name":"Nakupujte","item":"https:\/\/medicinasinc.com\/sl\/nakupujte\/"},{"@type":"ListItem","position":2,"name":"Kupite transdermalni sistemski obli\u017e fentanila"}]},{"@type":"WebSite","@id":"https:\/\/medicinasinc.com\/sl\/#website","url":"https:\/\/medicinasinc.com\/sl\/","name":"Medicinas Inc","description":"Health Medical Clinic","potentialAction":[{"@type":"SearchAction","target":{"@type":"EntryPoint","urlTemplate":"https:\/\/medicinasinc.com\/sl\/?s={search_term_string}"},"query-input":{"@type":"PropertyValueSpecification","valueRequired":true,"valueName":"search_term_string"}}],"inLanguage":"en-US"}]}},"_links":{"self":[{"href":"https:\/\/medicinasinc.com\/sl\/wp-json\/wp\/v2\/product\/5182","targetHints":{"allow":["GET"]}}],"collection":[{"href":"https:\/\/medicinasinc.com\/sl\/wp-json\/wp\/v2\/product"}],"about":[{"href":"https:\/\/medicinasinc.com\/sl\/wp-json\/wp\/v2\/types\/product"}],"replies":[{"embeddable":true,"href":"https:\/\/medicinasinc.com\/sl\/wp-json\/wp\/v2\/comments?post=5182"}],"wp:featuredmedia":[{"embeddable":true,"href":"https:\/\/medicinasinc.com\/sl\/wp-json\/wp\/v2\/media\/5199"}],"wp:attachment":[{"href":"https:\/\/medicinasinc.com\/sl\/wp-json\/wp\/v2\/media?parent=5182"}],"wp:term":[{"taxonomy":"product_brand","embeddable":true,"href":"https:\/\/medicinasinc.com\/sl\/wp-json\/wp\/v2\/product_brand?post=5182"},{"taxonomy":"product_cat","embeddable":true,"href":"https:\/\/medicinasinc.com\/sl\/wp-json\/wp\/v2\/product_cat?post=5182"},{"taxonomy":"product_tag","embeddable":true,"href":"https:\/\/medicinasinc.com\/sl\/wp-json\/wp\/v2\/product_tag?post=5182"}],"curies":[{"name":"wp","href":"https:\/\/api.w.org\/{rel}","templated":true}]}}