{"id":5151,"date":"2022-02-20T21:07:35","date_gmt":"2022-02-20T21:07:35","guid":{"rendered":"https:\/\/medicinasinc.com\/sl\/?post_type=product&#038;p=5151"},"modified":"2022-03-19T00:41:37","modified_gmt":"2022-03-19T00:41:37","slug":"kupi-diazepam-10-mg","status":"publish","type":"product","link":"https:\/\/medicinasinc.com\/sl\/product\/kupi-diazepam-10-mg\/","title":{"rendered":"Kupite diazepam 10 mg"},"content":{"rendered":"<p>Kupite 10mg Dextripam na spletu (Diazepam)<\/p>\n<p>Diazepam 10 mg za spletno prodajo v Zdru\u017eenem kraljestvu, Evropi po najbolj\u0161i ceni je na voljo tukaj. Pravna zdravila so na voljo na bestglobalmeds.com, zaupanja vredni spletni lekarni. Z oddajo naro\u010dila prek spleta lahko prihranite \u010das in denar.<\/p>\n<p>Tablete Dextripam 10 mg lahko kupite na spletu. Diazepam je zdravilo, ki se uporablja za zdravljenje anksioznosti, simptomov odtegnitve alkohola ali mi\u0161i\u010dnih kr\u010dev.<\/p>\n<p>10 mg odmerek diazepama je mogo\u010de kupiti v Zdru\u017eenem kraljestvu. Diazepam (Valium 10 mg) lahko kupite na bestsleepingtablets.com. Imamo dobro ponudbo tablet Diazepam na zalogi!<\/p>\n<p>Diazepam (Generic Valium) in drugo&#8230; je mogo\u010de primerjati, natisniti kupone in najti strategije za var\u010devanje denarja. Naro\u010dite lahko na spletu in vam ga dostavijo na vrata.<\/p>\n<div class=\"product-next-previous\">\n<div class=\"product-prev\"><\/div><\/div>\n","protected":false},"excerpt":{"rendered":"<p>Kupite diazepam 10 mg za spletno prodajo v Zdru\u017eenem kraljestvu, Evropa po najbolj\u0161i ceni je na voljo tukaj. Pravna zdravila so na voljo na bestglobalmeds.com, zaupanja vredni spletni lekarni. Z oddajo naro\u010dila prek spleta lahko prihranite \u010das in denar.<\/p>\n<p>Tablete Dextripam 10 mg lahko kupite na spletu. Diazepam je zdravilo, ki se uporablja za zdravljenje anksioznosti, simptomov odtegnitve alkohola ali mi\u0161i\u010dnih kr\u010dev.<\/p>\n<p>10 mg odmerek diazepama je mogo\u010de kupiti v Zdru\u017eenem kraljestvu. Diazepam (Valium 10 mg) lahko kupite na bestsleepingtablets.com. Imamo dobro zalogo tablet Diazepam na zalogi!<\/p>\n<p>Diazepam (Generic Valium) in drugo&#8230; je mogo\u010de primerjati, dobiti natisnjene kupone in najti strategije prihranka denarja. Naro\u010dite lahko na spletu in vam ga dostavijo na vrata.<\/p>\n","protected":false},"featured_media":5170,"comment_status":"open","ping_status":"closed","template":"","meta":[],"product_brand":[],"product_cat":[1117],"product_tag":[],"class_list":{"0":"post-5151","1":"product","2":"type-product","3":"status-publish","4":"has-post-thumbnail","6":"product_cat-kupite-tablete-proti-bolecinam-spanju-seksu","8":"first","9":"instock","10":"shipping-taxable","11":"purchasable","12":"product-type-variable","13":"has-default-attributes"},"yoast_head":"<!-- This site is optimized with the Yoast SEO plugin v27.3 - https:\/\/yoast.com\/product\/yoast-seo-wordpress\/ -->\n<title>Kupite diazepam 10 mg - najbolj\u0161a najbolj\u0161a zdravila na svetu<\/title>\n<meta name=\"description\" content=\"Kupite Diazepam 10 mg za prodajo UK, Evropa na spletu po najbolj\u0161i ceni. bestglobalmeds.com je zaupanja vredna spletna lekarna z zakonitimi drogami. Naro\u010dite na spletu in varujte svoj \u010das in denar.\" \/>\n<meta name=\"robots\" content=\"index, follow, max-snippet:-1, max-image-preview:large, max-video-preview:-1\" \/>\n<link rel=\"canonical\" href=\"https:\/\/medicinasinc.com\/sl\/product\/kupi-diazepam-10-mg\/\" \/>\n<meta property=\"og:locale\" content=\"en_US\" \/>\n<meta property=\"og:type\" content=\"article\" \/>\n<meta property=\"og:title\" content=\"Kupite diazepam 10 mg - najbolj\u0161a najbolj\u0161a zdravila na svetu\" \/>\n<meta property=\"og:description\" content=\"Kupite Diazepam 10 mg za prodajo UK, Evropa na spletu po najbolj\u0161i ceni. bestglobalmeds.com je zaupanja vredna spletna lekarna z zakonitimi drogami. Naro\u010dite na spletu in varujte svoj \u010das in denar.\" \/>\n<meta property=\"og:url\" content=\"https:\/\/medicinasinc.com\/sl\/product\/kupi-diazepam-10-mg\/\" \/>\n<meta property=\"og:site_name\" content=\"Medicinas Inc\" \/>\n<meta property=\"article:modified_time\" content=\"2022-03-19T00:41:37+00:00\" \/>\n<meta property=\"og:image\" content=\"https:\/\/medicinasinc.com\/sl\/wp-content\/uploads\/sites\/7\/2022\/02\/Buy-Diazepam-10-mg.jpg\" \/>\n\t<meta property=\"og:image:width\" content=\"400\" \/>\n\t<meta property=\"og:image:height\" content=\"400\" \/>\n\t<meta property=\"og:image:type\" content=\"image\/jpeg\" \/>\n<meta name=\"twitter:card\" content=\"summary_large_image\" \/>\n<meta name=\"twitter:label1\" content=\"Est. reading time\" \/>\n\t<meta name=\"twitter:data1\" content=\"1 minute\" \/>\n<script type=\"application\/ld+json\" class=\"yoast-schema-graph\">{\"@context\":\"https:\\\/\\\/schema.org\",\"@graph\":[{\"@type\":\"WebPage\",\"@id\":\"https:\\\/\\\/medicinasinc.com\\\/sl\\\/product\\\/kupi-diazepam-10-mg\\\/\",\"url\":\"https:\\\/\\\/medicinasinc.com\\\/sl\\\/product\\\/kupi-diazepam-10-mg\\\/\",\"name\":\"Kupite diazepam 10 mg - najbolj\u0161a najbolj\u0161a zdravila na svetu\",\"isPartOf\":{\"@id\":\"https:\\\/\\\/medicinasinc.com\\\/sl\\\/#website\"},\"primaryImageOfPage\":{\"@id\":\"https:\\\/\\\/medicinasinc.com\\\/sl\\\/product\\\/kupi-diazepam-10-mg\\\/#primaryimage\"},\"image\":{\"@id\":\"https:\\\/\\\/medicinasinc.com\\\/sl\\\/product\\\/kupi-diazepam-10-mg\\\/#primaryimage\"},\"thumbnailUrl\":\"https:\\\/\\\/medicinasinc.com\\\/sl\\\/wp-content\\\/uploads\\\/sites\\\/7\\\/2022\\\/02\\\/Buy-Diazepam-10-mg.jpg\",\"datePublished\":\"2022-02-20T21:07:35+00:00\",\"dateModified\":\"2022-03-19T00:41:37+00:00\",\"description\":\"Kupite Diazepam 10 mg za prodajo UK, Evropa na spletu po najbolj\u0161i ceni. bestglobalmeds.com je zaupanja vredna spletna lekarna z zakonitimi drogami. Naro\u010dite na spletu in varujte svoj \u010das in denar.\",\"breadcrumb\":{\"@id\":\"https:\\\/\\\/medicinasinc.com\\\/sl\\\/product\\\/kupi-diazepam-10-mg\\\/#breadcrumb\"},\"inLanguage\":\"en-US\",\"potentialAction\":[{\"@type\":\"ReadAction\",\"target\":[\"https:\\\/\\\/medicinasinc.com\\\/sl\\\/product\\\/kupi-diazepam-10-mg\\\/\"]}]},{\"@type\":\"ImageObject\",\"inLanguage\":\"en-US\",\"@id\":\"https:\\\/\\\/medicinasinc.com\\\/sl\\\/product\\\/kupi-diazepam-10-mg\\\/#primaryimage\",\"url\":\"https:\\\/\\\/medicinasinc.com\\\/sl\\\/wp-content\\\/uploads\\\/sites\\\/7\\\/2022\\\/02\\\/Buy-Diazepam-10-mg.jpg\",\"contentUrl\":\"https:\\\/\\\/medicinasinc.com\\\/sl\\\/wp-content\\\/uploads\\\/sites\\\/7\\\/2022\\\/02\\\/Buy-Diazepam-10-mg.jpg\",\"width\":400,\"height\":400},{\"@type\":\"BreadcrumbList\",\"@id\":\"https:\\\/\\\/medicinasinc.com\\\/sl\\\/product\\\/kupi-diazepam-10-mg\\\/#breadcrumb\",\"itemListElement\":[{\"@type\":\"ListItem\",\"position\":1,\"name\":\"Nakupujte\",\"item\":\"https:\\\/\\\/medicinasinc.com\\\/sl\\\/nakupujte\\\/\"},{\"@type\":\"ListItem\",\"position\":2,\"name\":\"Kupite diazepam 10 mg\"}]},{\"@type\":\"WebSite\",\"@id\":\"https:\\\/\\\/medicinasinc.com\\\/sl\\\/#website\",\"url\":\"https:\\\/\\\/medicinasinc.com\\\/sl\\\/\",\"name\":\"Medicinas Inc\",\"description\":\"Health Medical Clinic\",\"potentialAction\":[{\"@type\":\"SearchAction\",\"target\":{\"@type\":\"EntryPoint\",\"urlTemplate\":\"https:\\\/\\\/medicinasinc.com\\\/sl\\\/?s={search_term_string}\"},\"query-input\":{\"@type\":\"PropertyValueSpecification\",\"valueRequired\":true,\"valueName\":\"search_term_string\"}}],\"inLanguage\":\"en-US\"}]}<\/script>\n<!-- \/ Yoast SEO plugin. -->","yoast_head_json":{"title":"Kupite diazepam 10 mg - najbolj\u0161a najbolj\u0161a zdravila na svetu","description":"Kupite Diazepam 10 mg za prodajo UK, Evropa na spletu po najbolj\u0161i ceni. bestglobalmeds.com je zaupanja vredna spletna lekarna z zakonitimi drogami. Naro\u010dite na spletu in varujte svoj \u010das in denar.","robots":{"index":"index","follow":"follow","max-snippet":"max-snippet:-1","max-image-preview":"max-image-preview:large","max-video-preview":"max-video-preview:-1"},"canonical":"https:\/\/medicinasinc.com\/sl\/product\/kupi-diazepam-10-mg\/","og_locale":"en_US","og_type":"article","og_title":"Kupite diazepam 10 mg - najbolj\u0161a najbolj\u0161a zdravila na svetu","og_description":"Kupite Diazepam 10 mg za prodajo UK, Evropa na spletu po najbolj\u0161i ceni. bestglobalmeds.com je zaupanja vredna spletna lekarna z zakonitimi drogami. Naro\u010dite na spletu in varujte svoj \u010das in denar.","og_url":"https:\/\/medicinasinc.com\/sl\/product\/kupi-diazepam-10-mg\/","og_site_name":"Medicinas Inc","article_modified_time":"2022-03-19T00:41:37+00:00","og_image":[{"width":400,"height":400,"url":"https:\/\/medicinasinc.com\/sl\/wp-content\/uploads\/sites\/7\/2022\/02\/Buy-Diazepam-10-mg.jpg","type":"image\/jpeg"}],"twitter_card":"summary_large_image","twitter_misc":{"Est. reading time":"1 minute"},"schema":{"@context":"https:\/\/schema.org","@graph":[{"@type":"WebPage","@id":"https:\/\/medicinasinc.com\/sl\/product\/kupi-diazepam-10-mg\/","url":"https:\/\/medicinasinc.com\/sl\/product\/kupi-diazepam-10-mg\/","name":"Kupite diazepam 10 mg - najbolj\u0161a najbolj\u0161a zdravila na svetu","isPartOf":{"@id":"https:\/\/medicinasinc.com\/sl\/#website"},"primaryImageOfPage":{"@id":"https:\/\/medicinasinc.com\/sl\/product\/kupi-diazepam-10-mg\/#primaryimage"},"image":{"@id":"https:\/\/medicinasinc.com\/sl\/product\/kupi-diazepam-10-mg\/#primaryimage"},"thumbnailUrl":"https:\/\/medicinasinc.com\/sl\/wp-content\/uploads\/sites\/7\/2022\/02\/Buy-Diazepam-10-mg.jpg","datePublished":"2022-02-20T21:07:35+00:00","dateModified":"2022-03-19T00:41:37+00:00","description":"Kupite Diazepam 10 mg za prodajo UK, Evropa na spletu po najbolj\u0161i ceni. bestglobalmeds.com je zaupanja vredna spletna lekarna z zakonitimi drogami. Naro\u010dite na spletu in varujte svoj \u010das in denar.","breadcrumb":{"@id":"https:\/\/medicinasinc.com\/sl\/product\/kupi-diazepam-10-mg\/#breadcrumb"},"inLanguage":"en-US","potentialAction":[{"@type":"ReadAction","target":["https:\/\/medicinasinc.com\/sl\/product\/kupi-diazepam-10-mg\/"]}]},{"@type":"ImageObject","inLanguage":"en-US","@id":"https:\/\/medicinasinc.com\/sl\/product\/kupi-diazepam-10-mg\/#primaryimage","url":"https:\/\/medicinasinc.com\/sl\/wp-content\/uploads\/sites\/7\/2022\/02\/Buy-Diazepam-10-mg.jpg","contentUrl":"https:\/\/medicinasinc.com\/sl\/wp-content\/uploads\/sites\/7\/2022\/02\/Buy-Diazepam-10-mg.jpg","width":400,"height":400},{"@type":"BreadcrumbList","@id":"https:\/\/medicinasinc.com\/sl\/product\/kupi-diazepam-10-mg\/#breadcrumb","itemListElement":[{"@type":"ListItem","position":1,"name":"Nakupujte","item":"https:\/\/medicinasinc.com\/sl\/nakupujte\/"},{"@type":"ListItem","position":2,"name":"Kupite diazepam 10 mg"}]},{"@type":"WebSite","@id":"https:\/\/medicinasinc.com\/sl\/#website","url":"https:\/\/medicinasinc.com\/sl\/","name":"Medicinas Inc","description":"Health Medical Clinic","potentialAction":[{"@type":"SearchAction","target":{"@type":"EntryPoint","urlTemplate":"https:\/\/medicinasinc.com\/sl\/?s={search_term_string}"},"query-input":{"@type":"PropertyValueSpecification","valueRequired":true,"valueName":"search_term_string"}}],"inLanguage":"en-US"}]}},"_links":{"self":[{"href":"https:\/\/medicinasinc.com\/sl\/wp-json\/wp\/v2\/product\/5151","targetHints":{"allow":["GET"]}}],"collection":[{"href":"https:\/\/medicinasinc.com\/sl\/wp-json\/wp\/v2\/product"}],"about":[{"href":"https:\/\/medicinasinc.com\/sl\/wp-json\/wp\/v2\/types\/product"}],"replies":[{"embeddable":true,"href":"https:\/\/medicinasinc.com\/sl\/wp-json\/wp\/v2\/comments?post=5151"}],"wp:featuredmedia":[{"embeddable":true,"href":"https:\/\/medicinasinc.com\/sl\/wp-json\/wp\/v2\/media\/5170"}],"wp:attachment":[{"href":"https:\/\/medicinasinc.com\/sl\/wp-json\/wp\/v2\/media?parent=5151"}],"wp:term":[{"taxonomy":"product_brand","embeddable":true,"href":"https:\/\/medicinasinc.com\/sl\/wp-json\/wp\/v2\/product_brand?post=5151"},{"taxonomy":"product_cat","embeddable":true,"href":"https:\/\/medicinasinc.com\/sl\/wp-json\/wp\/v2\/product_cat?post=5151"},{"taxonomy":"product_tag","embeddable":true,"href":"https:\/\/medicinasinc.com\/sl\/wp-json\/wp\/v2\/product_tag?post=5151"}],"curies":[{"name":"wp","href":"https:\/\/api.w.org\/{rel}","templated":true}]}}