{"id":5150,"date":"2022-02-20T21:06:40","date_gmt":"2022-02-20T21:06:40","guid":{"rendered":"https:\/\/medicinasinc.com\/sl\/?post_type=product&#038;p=5150"},"modified":"2022-03-19T00:41:46","modified_gmt":"2022-03-19T00:41:46","slug":"kupi-dormicum-7-5mg","status":"publish","type":"product","link":"https:\/\/medicinasinc.com\/sl\/product\/kupi-dormicum-7-5mg\/","title":{"rendered":"Kupite Dormicum 7,5 mg"},"content":{"rendered":"<h1 class=\"product_title entry-title\">Kupite Dormicum 7,5 mg tablete na spletu<\/h1>\n<div class=\"product-next-previous\">\n<div class=\"product-prev\"><\/div><\/div>\n","protected":false},"excerpt":{"rendered":"<div class=\"g\">\n<div data-hveid=\"CAgQAA\" data-ved=\"2ahUKEwiIvtiow9nzAhXByIUKHXzyCos4ChAVKAB6BAgIEAA\">\n<div class=\"tF2Cxc\">\n<div class=\"IsZvec\">\n<div class=\"VwiCbNGvDYb lyLwlc lEBKkf\"><em>Kupite Dormicum 7,5 mg<\/em>\u00a0Spletno midazolam brez recepta. Brezpla\u010dna dostava \u010dez no\u010d. Pla\u010dilo s kreditno kartico. Dostava naslednji dan.<\/div>\n<\/p><\/div>\n<\/p><\/div>\n<\/p><\/div>\n<\/p><\/div>\n<div class=\"g\">\n<div data-hveid=\"CAcQAA\" data-ved=\"2ahUKEwiIvtiow9nzAhXByIUKHXzyCos4ChAVKAB6BAgHEAA\">\n<div class=\"tF2Cxc\"><\/div>\n<\/p><\/div>\n<\/p><\/div>\n<p>Ime blagovne znamke: Dormicum<\/p>\n<p>Generi\u010dno ime: Midazolam<\/p>\n<p>Ja\u010dina: 7,5 mg<\/p>\n<p>Oblika izdelka: Tablete\/tablete<\/p>\n<p>Podrobnosti pakiranja: Pretisni omoti<\/p>\n<p>Proizvajalec: Roche<\/p>\n<p>&nbsp;<\/p>\n","protected":false},"featured_media":5168,"comment_status":"open","ping_status":"closed","template":"","meta":[],"product_brand":[],"product_cat":[1117],"product_tag":[],"class_list":{"0":"post-5150","1":"product","2":"type-product","3":"status-publish","4":"has-post-thumbnail","6":"product_cat-kupite-tablete-proti-bolecinam-spanju-seksu","8":"first","9":"instock","10":"shipping-taxable","11":"purchasable","12":"product-type-variable","13":"has-default-attributes"},"yoast_head":"<!-- This site is optimized with the Yoast SEO plugin v27.3 - https:\/\/yoast.com\/product\/yoast-seo-wordpress\/ -->\n<title>Kupite Dormicum 7,5 mg - najbolj\u0161a najbolj\u0161a zdravila na svetu<\/title>\n<meta name=\"description\" content=\"Kupite Dormicum 7,5 mg na spletu Midazolam brez recepta. Brezpla\u010dna dostava \u010dez no\u010d. Pla\u010dilo s kreditno kartico. Dostava naslednji dan.\" \/>\n<meta name=\"robots\" content=\"index, follow, max-snippet:-1, max-image-preview:large, max-video-preview:-1\" \/>\n<link rel=\"canonical\" href=\"https:\/\/medicinasinc.com\/sl\/product\/kupi-dormicum-7-5mg\/\" \/>\n<meta property=\"og:locale\" content=\"en_US\" \/>\n<meta property=\"og:type\" content=\"article\" \/>\n<meta property=\"og:title\" content=\"Kupite Dormicum 7,5 mg - najbolj\u0161a najbolj\u0161a zdravila na svetu\" \/>\n<meta property=\"og:description\" content=\"Kupite Dormicum 7,5 mg na spletu Midazolam brez recepta. Brezpla\u010dna dostava \u010dez no\u010d. Pla\u010dilo s kreditno kartico. Dostava naslednji dan.\" \/>\n<meta property=\"og:url\" content=\"https:\/\/medicinasinc.com\/sl\/product\/kupi-dormicum-7-5mg\/\" \/>\n<meta property=\"og:site_name\" content=\"Medicinas Inc\" \/>\n<meta property=\"article:modified_time\" content=\"2022-03-19T00:41:46+00:00\" \/>\n<meta property=\"og:image\" content=\"https:\/\/medicinasinc.com\/sl\/wp-content\/uploads\/sites\/7\/2022\/02\/Buy-Dormicum-7.5mg.jpg\" \/>\n\t<meta property=\"og:image:width\" content=\"1393\" \/>\n\t<meta property=\"og:image:height\" content=\"700\" \/>\n\t<meta property=\"og:image:type\" content=\"image\/jpeg\" \/>\n<meta name=\"twitter:card\" content=\"summary_large_image\" \/>\n<meta name=\"twitter:label1\" content=\"Est. reading time\" \/>\n\t<meta name=\"twitter:data1\" content=\"1 minute\" \/>\n<script type=\"application\/ld+json\" class=\"yoast-schema-graph\">{\"@context\":\"https:\\\/\\\/schema.org\",\"@graph\":[{\"@type\":\"WebPage\",\"@id\":\"https:\\\/\\\/medicinasinc.com\\\/sl\\\/product\\\/kupi-dormicum-7-5mg\\\/\",\"url\":\"https:\\\/\\\/medicinasinc.com\\\/sl\\\/product\\\/kupi-dormicum-7-5mg\\\/\",\"name\":\"Kupite Dormicum 7,5 mg - najbolj\u0161a najbolj\u0161a zdravila na svetu\",\"isPartOf\":{\"@id\":\"https:\\\/\\\/medicinasinc.com\\\/sl\\\/#website\"},\"primaryImageOfPage\":{\"@id\":\"https:\\\/\\\/medicinasinc.com\\\/sl\\\/product\\\/kupi-dormicum-7-5mg\\\/#primaryimage\"},\"image\":{\"@id\":\"https:\\\/\\\/medicinasinc.com\\\/sl\\\/product\\\/kupi-dormicum-7-5mg\\\/#primaryimage\"},\"thumbnailUrl\":\"https:\\\/\\\/medicinasinc.com\\\/sl\\\/wp-content\\\/uploads\\\/sites\\\/7\\\/2022\\\/02\\\/Buy-Dormicum-7.5mg.jpg\",\"datePublished\":\"2022-02-20T21:06:40+00:00\",\"dateModified\":\"2022-03-19T00:41:46+00:00\",\"description\":\"Kupite Dormicum 7,5 mg na spletu Midazolam brez recepta. Brezpla\u010dna dostava \u010dez no\u010d. Pla\u010dilo s kreditno kartico. Dostava naslednji dan.\",\"breadcrumb\":{\"@id\":\"https:\\\/\\\/medicinasinc.com\\\/sl\\\/product\\\/kupi-dormicum-7-5mg\\\/#breadcrumb\"},\"inLanguage\":\"en-US\",\"potentialAction\":[{\"@type\":\"ReadAction\",\"target\":[\"https:\\\/\\\/medicinasinc.com\\\/sl\\\/product\\\/kupi-dormicum-7-5mg\\\/\"]}]},{\"@type\":\"ImageObject\",\"inLanguage\":\"en-US\",\"@id\":\"https:\\\/\\\/medicinasinc.com\\\/sl\\\/product\\\/kupi-dormicum-7-5mg\\\/#primaryimage\",\"url\":\"https:\\\/\\\/medicinasinc.com\\\/sl\\\/wp-content\\\/uploads\\\/sites\\\/7\\\/2022\\\/02\\\/Buy-Dormicum-7.5mg.jpg\",\"contentUrl\":\"https:\\\/\\\/medicinasinc.com\\\/sl\\\/wp-content\\\/uploads\\\/sites\\\/7\\\/2022\\\/02\\\/Buy-Dormicum-7.5mg.jpg\",\"width\":1393,\"height\":700},{\"@type\":\"BreadcrumbList\",\"@id\":\"https:\\\/\\\/medicinasinc.com\\\/sl\\\/product\\\/kupi-dormicum-7-5mg\\\/#breadcrumb\",\"itemListElement\":[{\"@type\":\"ListItem\",\"position\":1,\"name\":\"Nakupujte\",\"item\":\"https:\\\/\\\/medicinasinc.com\\\/sl\\\/nakupujte\\\/\"},{\"@type\":\"ListItem\",\"position\":2,\"name\":\"Kupite Dormicum 7,5 mg\"}]},{\"@type\":\"WebSite\",\"@id\":\"https:\\\/\\\/medicinasinc.com\\\/sl\\\/#website\",\"url\":\"https:\\\/\\\/medicinasinc.com\\\/sl\\\/\",\"name\":\"Medicinas Inc\",\"description\":\"Health Medical Clinic\",\"potentialAction\":[{\"@type\":\"SearchAction\",\"target\":{\"@type\":\"EntryPoint\",\"urlTemplate\":\"https:\\\/\\\/medicinasinc.com\\\/sl\\\/?s={search_term_string}\"},\"query-input\":{\"@type\":\"PropertyValueSpecification\",\"valueRequired\":true,\"valueName\":\"search_term_string\"}}],\"inLanguage\":\"en-US\"}]}<\/script>\n<!-- \/ Yoast SEO plugin. -->","yoast_head_json":{"title":"Kupite Dormicum 7,5 mg - najbolj\u0161a najbolj\u0161a zdravila na svetu","description":"Kupite Dormicum 7,5 mg na spletu Midazolam brez recepta. Brezpla\u010dna dostava \u010dez no\u010d. Pla\u010dilo s kreditno kartico. Dostava naslednji dan.","robots":{"index":"index","follow":"follow","max-snippet":"max-snippet:-1","max-image-preview":"max-image-preview:large","max-video-preview":"max-video-preview:-1"},"canonical":"https:\/\/medicinasinc.com\/sl\/product\/kupi-dormicum-7-5mg\/","og_locale":"en_US","og_type":"article","og_title":"Kupite Dormicum 7,5 mg - najbolj\u0161a najbolj\u0161a zdravila na svetu","og_description":"Kupite Dormicum 7,5 mg na spletu Midazolam brez recepta. Brezpla\u010dna dostava \u010dez no\u010d. Pla\u010dilo s kreditno kartico. Dostava naslednji dan.","og_url":"https:\/\/medicinasinc.com\/sl\/product\/kupi-dormicum-7-5mg\/","og_site_name":"Medicinas Inc","article_modified_time":"2022-03-19T00:41:46+00:00","og_image":[{"width":1393,"height":700,"url":"https:\/\/medicinasinc.com\/sl\/wp-content\/uploads\/sites\/7\/2022\/02\/Buy-Dormicum-7.5mg.jpg","type":"image\/jpeg"}],"twitter_card":"summary_large_image","twitter_misc":{"Est. reading time":"1 minute"},"schema":{"@context":"https:\/\/schema.org","@graph":[{"@type":"WebPage","@id":"https:\/\/medicinasinc.com\/sl\/product\/kupi-dormicum-7-5mg\/","url":"https:\/\/medicinasinc.com\/sl\/product\/kupi-dormicum-7-5mg\/","name":"Kupite Dormicum 7,5 mg - najbolj\u0161a najbolj\u0161a zdravila na svetu","isPartOf":{"@id":"https:\/\/medicinasinc.com\/sl\/#website"},"primaryImageOfPage":{"@id":"https:\/\/medicinasinc.com\/sl\/product\/kupi-dormicum-7-5mg\/#primaryimage"},"image":{"@id":"https:\/\/medicinasinc.com\/sl\/product\/kupi-dormicum-7-5mg\/#primaryimage"},"thumbnailUrl":"https:\/\/medicinasinc.com\/sl\/wp-content\/uploads\/sites\/7\/2022\/02\/Buy-Dormicum-7.5mg.jpg","datePublished":"2022-02-20T21:06:40+00:00","dateModified":"2022-03-19T00:41:46+00:00","description":"Kupite Dormicum 7,5 mg na spletu Midazolam brez recepta. Brezpla\u010dna dostava \u010dez no\u010d. Pla\u010dilo s kreditno kartico. Dostava naslednji dan.","breadcrumb":{"@id":"https:\/\/medicinasinc.com\/sl\/product\/kupi-dormicum-7-5mg\/#breadcrumb"},"inLanguage":"en-US","potentialAction":[{"@type":"ReadAction","target":["https:\/\/medicinasinc.com\/sl\/product\/kupi-dormicum-7-5mg\/"]}]},{"@type":"ImageObject","inLanguage":"en-US","@id":"https:\/\/medicinasinc.com\/sl\/product\/kupi-dormicum-7-5mg\/#primaryimage","url":"https:\/\/medicinasinc.com\/sl\/wp-content\/uploads\/sites\/7\/2022\/02\/Buy-Dormicum-7.5mg.jpg","contentUrl":"https:\/\/medicinasinc.com\/sl\/wp-content\/uploads\/sites\/7\/2022\/02\/Buy-Dormicum-7.5mg.jpg","width":1393,"height":700},{"@type":"BreadcrumbList","@id":"https:\/\/medicinasinc.com\/sl\/product\/kupi-dormicum-7-5mg\/#breadcrumb","itemListElement":[{"@type":"ListItem","position":1,"name":"Nakupujte","item":"https:\/\/medicinasinc.com\/sl\/nakupujte\/"},{"@type":"ListItem","position":2,"name":"Kupite Dormicum 7,5 mg"}]},{"@type":"WebSite","@id":"https:\/\/medicinasinc.com\/sl\/#website","url":"https:\/\/medicinasinc.com\/sl\/","name":"Medicinas Inc","description":"Health Medical Clinic","potentialAction":[{"@type":"SearchAction","target":{"@type":"EntryPoint","urlTemplate":"https:\/\/medicinasinc.com\/sl\/?s={search_term_string}"},"query-input":{"@type":"PropertyValueSpecification","valueRequired":true,"valueName":"search_term_string"}}],"inLanguage":"en-US"}]}},"_links":{"self":[{"href":"https:\/\/medicinasinc.com\/sl\/wp-json\/wp\/v2\/product\/5150","targetHints":{"allow":["GET"]}}],"collection":[{"href":"https:\/\/medicinasinc.com\/sl\/wp-json\/wp\/v2\/product"}],"about":[{"href":"https:\/\/medicinasinc.com\/sl\/wp-json\/wp\/v2\/types\/product"}],"replies":[{"embeddable":true,"href":"https:\/\/medicinasinc.com\/sl\/wp-json\/wp\/v2\/comments?post=5150"}],"wp:featuredmedia":[{"embeddable":true,"href":"https:\/\/medicinasinc.com\/sl\/wp-json\/wp\/v2\/media\/5168"}],"wp:attachment":[{"href":"https:\/\/medicinasinc.com\/sl\/wp-json\/wp\/v2\/media?parent=5150"}],"wp:term":[{"taxonomy":"product_brand","embeddable":true,"href":"https:\/\/medicinasinc.com\/sl\/wp-json\/wp\/v2\/product_brand?post=5150"},{"taxonomy":"product_cat","embeddable":true,"href":"https:\/\/medicinasinc.com\/sl\/wp-json\/wp\/v2\/product_cat?post=5150"},{"taxonomy":"product_tag","embeddable":true,"href":"https:\/\/medicinasinc.com\/sl\/wp-json\/wp\/v2\/product_tag?post=5150"}],"curies":[{"name":"wp","href":"https:\/\/api.w.org\/{rel}","templated":true}]}}