{"id":5149,"date":"2022-02-20T21:05:49","date_gmt":"2022-02-20T21:05:49","guid":{"rendered":"https:\/\/medicinasinc.com\/sl\/?post_type=product&#038;p=5149"},"modified":"2022-03-19T00:42:00","modified_gmt":"2022-03-19T00:42:00","slug":"kupi-kodein-sulfat-30-mg","status":"publish","type":"product","link":"https:\/\/medicinasinc.com\/sl\/product\/kupi-kodein-sulfat-30-mg\/","title":{"rendered":"Kupite kodein sulfat 30 mg"},"content":{"rendered":"<p>Spletni nakup 30mg kodein fosfata<\/p>\n<p>Kodein\u00a0(fosfat)\u00a030mg\u00a0tablete\/tablete:<\/p>\n<p>Kodein\u00a0(fosfat) zdravi bole\u010dino ali ka\u0161elj. Zdravilo za laj\u0161anje ka\u0161lja in bole\u010dine v enem, to zdravilo je narkoti\u010dno zdravilo proti bole\u010dinam.<\/p>\n<p>Na spletu lahko kupite kodein fosfat 30 mg in vam ga preko FedExa dostavijo \u010dez no\u010d na vrata brez recepta, saj dokler ste v ZDA.<\/p>\n<p>Kodein fosfat 30 mg je na voljo za nakup prek spleta s hitro, varno in sledljivo dostavo za vse nakupe. Zdaj je \u010das za spletno nakupovanje kodein fosfata.<\/p>\n<p>Tablete kodein fosfata (30 mg). Kodein je mo\u010dan analgetik, ki ga je mogo\u010de dobiti le na zdravni\u0161ki recept. Mo\u010dan opiat in narkotik, ki dobro deluje. Naro\u010dite\u00a0..<\/p>\n<p>pomirjevala, ki se prodajajo brez recepta Trenutno na trgu. Kodein je zdravilo za laj\u0161anje bole\u010din, ki se lahko uporablja za zdravljenje ali prepre\u010devanje zmernega do hudega neugodja. Uporablja se lahko tudi za zdravljenje razli\u010dnih bolezni. Kodein je na voljo brez recepta po zelo ugodni ceni na spletu.<\/p>\n","protected":false},"excerpt":{"rendered":"<p>Kodein\u00a0(fosfat)\u00a030 mg\u00a0tablete\/tablete: kodein (fosfat) se uporablja za laj\u0161anje ka\u0161lja in bole\u010dine. Zdravilo za laj\u0161anje ka\u0161lja in bole\u010dine v enem, to zdravilo je narkoti\u010dno zdravilo proti bole\u010dinam.<\/p>\n<p>Kodein fosfat\u00a030 mg lahko kupite na spletu in ga preko FedExa dostavite \u010dez no\u010d na va\u0161a vrata, brez potrebe po receptu, kot je npr. dokler ste v ZDA.<\/p>\n<p>Kodein fosfat 30 mg je na voljo za nakup v spletu s hitro, varno in sledljivo dostavo za vse nakupe. Zdaj je \u010das za spletno nakupovanje kodein fosfata.<\/p>\n<p>Tablete kodein fosfata (30 mg). Kodein je mo\u010dan analgetik, ki ga je mogo\u010de dobiti le na zdravni\u0161ki recept. Mo\u010dan opiat in narkotik, ki dobro deluje. Naro\u010dite\u00a0..<\/p>\n<p>pomirjevala, ki se prodajajo brez recepta Trenutno na trgu. Kodein je zdravilo za laj\u0161anje bole\u010din, ki se lahko uporablja za zdravljenje ali prepre\u010devanje zmernega do hudega neugodja. Uporablja se lahko tudi za zdravljenje razli\u010dnih bolezni. Kodein je na voljo brez recepta po zelo ugodni ceni na spletu.<\/p>\n","protected":false},"featured_media":5166,"comment_status":"open","ping_status":"closed","template":"","meta":[],"product_brand":[],"product_cat":[1117],"product_tag":[],"class_list":{"0":"post-5149","1":"product","2":"type-product","3":"status-publish","4":"has-post-thumbnail","6":"product_cat-kupite-tablete-proti-bolecinam-spanju-seksu","8":"first","9":"instock","10":"shipping-taxable","11":"purchasable","12":"product-type-variable","13":"has-default-attributes"},"yoast_head":"<!-- This site is optimized with the Yoast SEO plugin v27.3 - https:\/\/yoast.com\/product\/yoast-seo-wordpress\/ -->\n<title>Kupite kodein sulfat 30 mg - najbolj\u0161a najbolj\u0161a zdravila na svetu<\/title>\n<meta name=\"description\" content=\"Kupite kodein sulfat 30 mg\u00a0spletno, dostava \u010dez no\u010d, zdravila z blagovno znamko, dostava prek FedExa, DPD brez receptov, dostava v ZDA, Zdru\u017eenem kraljestvu, Evropi.\" \/>\n<meta name=\"robots\" content=\"index, follow, max-snippet:-1, max-image-preview:large, max-video-preview:-1\" \/>\n<link rel=\"canonical\" href=\"https:\/\/medicinasinc.com\/sl\/product\/kupi-kodein-sulfat-30-mg\/\" \/>\n<meta property=\"og:locale\" content=\"en_US\" \/>\n<meta property=\"og:type\" content=\"article\" \/>\n<meta property=\"og:title\" content=\"Kupite kodein sulfat 30 mg - najbolj\u0161a najbolj\u0161a zdravila na svetu\" \/>\n<meta property=\"og:description\" content=\"Kupite kodein sulfat 30 mg\u00a0spletno, dostava \u010dez no\u010d, zdravila z blagovno znamko, dostava prek FedExa, DPD brez receptov, dostava v ZDA, Zdru\u017eenem kraljestvu, Evropi.\" \/>\n<meta property=\"og:url\" content=\"https:\/\/medicinasinc.com\/sl\/product\/kupi-kodein-sulfat-30-mg\/\" \/>\n<meta property=\"og:site_name\" content=\"Medicinas Inc\" \/>\n<meta property=\"article:modified_time\" content=\"2022-03-19T00:42:00+00:00\" \/>\n<meta property=\"og:image\" content=\"https:\/\/medicinasinc.com\/sl\/wp-content\/uploads\/sites\/7\/2022\/02\/buy-codeine-sulfate-30mg-online.jpg\" \/>\n\t<meta property=\"og:image:width\" content=\"600\" \/>\n\t<meta property=\"og:image:height\" content=\"600\" \/>\n\t<meta property=\"og:image:type\" content=\"image\/jpeg\" \/>\n<meta name=\"twitter:card\" content=\"summary_large_image\" \/>\n<meta name=\"twitter:label1\" content=\"Est. reading time\" \/>\n\t<meta name=\"twitter:data1\" content=\"1 minute\" \/>\n<script type=\"application\/ld+json\" class=\"yoast-schema-graph\">{\"@context\":\"https:\\\/\\\/schema.org\",\"@graph\":[{\"@type\":\"WebPage\",\"@id\":\"https:\\\/\\\/medicinasinc.com\\\/sl\\\/product\\\/kupi-kodein-sulfat-30-mg\\\/\",\"url\":\"https:\\\/\\\/medicinasinc.com\\\/sl\\\/product\\\/kupi-kodein-sulfat-30-mg\\\/\",\"name\":\"Kupite kodein sulfat 30 mg - najbolj\u0161a najbolj\u0161a zdravila na svetu\",\"isPartOf\":{\"@id\":\"https:\\\/\\\/medicinasinc.com\\\/sl\\\/#website\"},\"primaryImageOfPage\":{\"@id\":\"https:\\\/\\\/medicinasinc.com\\\/sl\\\/product\\\/kupi-kodein-sulfat-30-mg\\\/#primaryimage\"},\"image\":{\"@id\":\"https:\\\/\\\/medicinasinc.com\\\/sl\\\/product\\\/kupi-kodein-sulfat-30-mg\\\/#primaryimage\"},\"thumbnailUrl\":\"https:\\\/\\\/medicinasinc.com\\\/sl\\\/wp-content\\\/uploads\\\/sites\\\/7\\\/2022\\\/02\\\/buy-codeine-sulfate-30mg-online.jpg\",\"datePublished\":\"2022-02-20T21:05:49+00:00\",\"dateModified\":\"2022-03-19T00:42:00+00:00\",\"description\":\"Kupite kodein sulfat 30 mg\u00a0spletno, dostava \u010dez no\u010d, zdravila z blagovno znamko, dostava prek FedExa, DPD brez receptov, dostava v ZDA, Zdru\u017eenem kraljestvu, Evropi.\",\"breadcrumb\":{\"@id\":\"https:\\\/\\\/medicinasinc.com\\\/sl\\\/product\\\/kupi-kodein-sulfat-30-mg\\\/#breadcrumb\"},\"inLanguage\":\"en-US\",\"potentialAction\":[{\"@type\":\"ReadAction\",\"target\":[\"https:\\\/\\\/medicinasinc.com\\\/sl\\\/product\\\/kupi-kodein-sulfat-30-mg\\\/\"]}]},{\"@type\":\"ImageObject\",\"inLanguage\":\"en-US\",\"@id\":\"https:\\\/\\\/medicinasinc.com\\\/sl\\\/product\\\/kupi-kodein-sulfat-30-mg\\\/#primaryimage\",\"url\":\"https:\\\/\\\/medicinasinc.com\\\/sl\\\/wp-content\\\/uploads\\\/sites\\\/7\\\/2022\\\/02\\\/buy-codeine-sulfate-30mg-online.jpg\",\"contentUrl\":\"https:\\\/\\\/medicinasinc.com\\\/sl\\\/wp-content\\\/uploads\\\/sites\\\/7\\\/2022\\\/02\\\/buy-codeine-sulfate-30mg-online.jpg\",\"width\":600,\"height\":600},{\"@type\":\"BreadcrumbList\",\"@id\":\"https:\\\/\\\/medicinasinc.com\\\/sl\\\/product\\\/kupi-kodein-sulfat-30-mg\\\/#breadcrumb\",\"itemListElement\":[{\"@type\":\"ListItem\",\"position\":1,\"name\":\"Nakupujte\",\"item\":\"https:\\\/\\\/medicinasinc.com\\\/sl\\\/nakupujte\\\/\"},{\"@type\":\"ListItem\",\"position\":2,\"name\":\"Kupite kodein sulfat 30 mg\"}]},{\"@type\":\"WebSite\",\"@id\":\"https:\\\/\\\/medicinasinc.com\\\/sl\\\/#website\",\"url\":\"https:\\\/\\\/medicinasinc.com\\\/sl\\\/\",\"name\":\"Medicinas Inc\",\"description\":\"Health Medical Clinic\",\"potentialAction\":[{\"@type\":\"SearchAction\",\"target\":{\"@type\":\"EntryPoint\",\"urlTemplate\":\"https:\\\/\\\/medicinasinc.com\\\/sl\\\/?s={search_term_string}\"},\"query-input\":{\"@type\":\"PropertyValueSpecification\",\"valueRequired\":true,\"valueName\":\"search_term_string\"}}],\"inLanguage\":\"en-US\"}]}<\/script>\n<!-- \/ Yoast SEO plugin. -->","yoast_head_json":{"title":"Kupite kodein sulfat 30 mg - najbolj\u0161a najbolj\u0161a zdravila na svetu","description":"Kupite kodein sulfat 30 mg\u00a0spletno, dostava \u010dez no\u010d, zdravila z blagovno znamko, dostava prek FedExa, DPD brez receptov, dostava v ZDA, Zdru\u017eenem kraljestvu, Evropi.","robots":{"index":"index","follow":"follow","max-snippet":"max-snippet:-1","max-image-preview":"max-image-preview:large","max-video-preview":"max-video-preview:-1"},"canonical":"https:\/\/medicinasinc.com\/sl\/product\/kupi-kodein-sulfat-30-mg\/","og_locale":"en_US","og_type":"article","og_title":"Kupite kodein sulfat 30 mg - najbolj\u0161a najbolj\u0161a zdravila na svetu","og_description":"Kupite kodein sulfat 30 mg\u00a0spletno, dostava \u010dez no\u010d, zdravila z blagovno znamko, dostava prek FedExa, DPD brez receptov, dostava v ZDA, Zdru\u017eenem kraljestvu, Evropi.","og_url":"https:\/\/medicinasinc.com\/sl\/product\/kupi-kodein-sulfat-30-mg\/","og_site_name":"Medicinas Inc","article_modified_time":"2022-03-19T00:42:00+00:00","og_image":[{"width":600,"height":600,"url":"https:\/\/medicinasinc.com\/sl\/wp-content\/uploads\/sites\/7\/2022\/02\/buy-codeine-sulfate-30mg-online.jpg","type":"image\/jpeg"}],"twitter_card":"summary_large_image","twitter_misc":{"Est. reading time":"1 minute"},"schema":{"@context":"https:\/\/schema.org","@graph":[{"@type":"WebPage","@id":"https:\/\/medicinasinc.com\/sl\/product\/kupi-kodein-sulfat-30-mg\/","url":"https:\/\/medicinasinc.com\/sl\/product\/kupi-kodein-sulfat-30-mg\/","name":"Kupite kodein sulfat 30 mg - najbolj\u0161a najbolj\u0161a zdravila na svetu","isPartOf":{"@id":"https:\/\/medicinasinc.com\/sl\/#website"},"primaryImageOfPage":{"@id":"https:\/\/medicinasinc.com\/sl\/product\/kupi-kodein-sulfat-30-mg\/#primaryimage"},"image":{"@id":"https:\/\/medicinasinc.com\/sl\/product\/kupi-kodein-sulfat-30-mg\/#primaryimage"},"thumbnailUrl":"https:\/\/medicinasinc.com\/sl\/wp-content\/uploads\/sites\/7\/2022\/02\/buy-codeine-sulfate-30mg-online.jpg","datePublished":"2022-02-20T21:05:49+00:00","dateModified":"2022-03-19T00:42:00+00:00","description":"Kupite kodein sulfat 30 mg\u00a0spletno, dostava \u010dez no\u010d, zdravila z blagovno znamko, dostava prek FedExa, DPD brez receptov, dostava v ZDA, Zdru\u017eenem kraljestvu, Evropi.","breadcrumb":{"@id":"https:\/\/medicinasinc.com\/sl\/product\/kupi-kodein-sulfat-30-mg\/#breadcrumb"},"inLanguage":"en-US","potentialAction":[{"@type":"ReadAction","target":["https:\/\/medicinasinc.com\/sl\/product\/kupi-kodein-sulfat-30-mg\/"]}]},{"@type":"ImageObject","inLanguage":"en-US","@id":"https:\/\/medicinasinc.com\/sl\/product\/kupi-kodein-sulfat-30-mg\/#primaryimage","url":"https:\/\/medicinasinc.com\/sl\/wp-content\/uploads\/sites\/7\/2022\/02\/buy-codeine-sulfate-30mg-online.jpg","contentUrl":"https:\/\/medicinasinc.com\/sl\/wp-content\/uploads\/sites\/7\/2022\/02\/buy-codeine-sulfate-30mg-online.jpg","width":600,"height":600},{"@type":"BreadcrumbList","@id":"https:\/\/medicinasinc.com\/sl\/product\/kupi-kodein-sulfat-30-mg\/#breadcrumb","itemListElement":[{"@type":"ListItem","position":1,"name":"Nakupujte","item":"https:\/\/medicinasinc.com\/sl\/nakupujte\/"},{"@type":"ListItem","position":2,"name":"Kupite kodein sulfat 30 mg"}]},{"@type":"WebSite","@id":"https:\/\/medicinasinc.com\/sl\/#website","url":"https:\/\/medicinasinc.com\/sl\/","name":"Medicinas Inc","description":"Health Medical Clinic","potentialAction":[{"@type":"SearchAction","target":{"@type":"EntryPoint","urlTemplate":"https:\/\/medicinasinc.com\/sl\/?s={search_term_string}"},"query-input":{"@type":"PropertyValueSpecification","valueRequired":true,"valueName":"search_term_string"}}],"inLanguage":"en-US"}]}},"_links":{"self":[{"href":"https:\/\/medicinasinc.com\/sl\/wp-json\/wp\/v2\/product\/5149","targetHints":{"allow":["GET"]}}],"collection":[{"href":"https:\/\/medicinasinc.com\/sl\/wp-json\/wp\/v2\/product"}],"about":[{"href":"https:\/\/medicinasinc.com\/sl\/wp-json\/wp\/v2\/types\/product"}],"replies":[{"embeddable":true,"href":"https:\/\/medicinasinc.com\/sl\/wp-json\/wp\/v2\/comments?post=5149"}],"wp:featuredmedia":[{"embeddable":true,"href":"https:\/\/medicinasinc.com\/sl\/wp-json\/wp\/v2\/media\/5166"}],"wp:attachment":[{"href":"https:\/\/medicinasinc.com\/sl\/wp-json\/wp\/v2\/media?parent=5149"}],"wp:term":[{"taxonomy":"product_brand","embeddable":true,"href":"https:\/\/medicinasinc.com\/sl\/wp-json\/wp\/v2\/product_brand?post=5149"},{"taxonomy":"product_cat","embeddable":true,"href":"https:\/\/medicinasinc.com\/sl\/wp-json\/wp\/v2\/product_cat?post=5149"},{"taxonomy":"product_tag","embeddable":true,"href":"https:\/\/medicinasinc.com\/sl\/wp-json\/wp\/v2\/product_tag?post=5149"}],"curies":[{"name":"wp","href":"https:\/\/api.w.org\/{rel}","templated":true}]}}