{"id":5148,"date":"2022-02-20T21:04:44","date_gmt":"2022-02-20T21:04:44","guid":{"rendered":"https:\/\/medicinasinc.com\/sl\/?post_type=product&#038;p=5148"},"modified":"2022-03-19T00:42:09","modified_gmt":"2022-03-19T00:42:09","slug":"buy-bunex-0-2mg-buprenorfin","status":"publish","type":"product","link":"https:\/\/medicinasinc.com\/sl\/product\/buy-bunex-0-2mg-buprenorfin\/","title":{"rendered":"Kupite Bunex 0,2 mg (buprenorfin)"},"content":{"rendered":"<p>Bunex Buprenorphine tablete je mogo\u010de kupiti prek interneta.<\/p>\n<p>Kje lahko dobim buprenorfin? Kje lahko dobim buprenorfin v prosti prodaji?<\/p>\n<p>Je polsinteti\u010dno zdravilo proti bole\u010dinam, razvito iz naravno prisotnih kemi\u010dnih spojin opijskega maka. Opij mak je vir kemikalije tebain, ki se uporablja za izdelavo buprenorfina. Ker je buprenorfin polsinteti\u010den, je sinteti\u010dni opioid. Vsa zdravila, ki izvirajo iz opijevega maka, se v medicinski skupnosti imenujejo opioidi. Opioidi so med naju\u010dinkovitej\u0161imi razpolo\u017eljivimi zdravili za laj\u0161anje bole\u010din, z u\u010dinki, ki mo\u010dno odtehtajo u\u010dinke ve\u010dine drugih zdravil.<\/p>\n<p>V kak\u0161nem smislu deluje zdravilo buprenorfin? Kje kupiti buprenorfin<\/p>\n<p>Po absorpciji v krvni obtok ima buprenorfin u\u010dinek na \u017eiv\u010dni sistem. To se zgodi, ko buprenorfin vstopi v mo\u017egane, kjer blokira \u017eiv\u010dne kon\u010di\u010de, ki prena\u0161ajo bole\u010dino. Buprenorfin ne obravnava osnovnega vzroka bolnikovega neugodja; namesto tega zmanj\u0161a njihovo dojemanje tega, kar jim omogo\u010da, da se sprostijo.<\/p>\n<p>Ljudem redno predpisujejo buprenorfin. Bole\u010dina zaradi mi\u0161i\u010dnih kr\u010dev je najpogostej\u0161i razlog, zakaj ljudje jemljejo buprenorfin. \u010ce se vam kdaj pojavi kr\u010d, razmislite o nakupu buprenorfina in preverite, ali vam lahko pomaga pri soo\u010danju z neugodjem.<br \/> Bolnikom, ki so bili operirani ali se spopadajo z zlomi, zdravniki obi\u010dajno predpi\u0161ejo buprenorfin. Buprenorfin pomaga tem posameznikom obvladovati svoje bole\u010dine, dokler se ne pozdravijo od osnovnega vira nelagodja.<\/p>\n<p>V kak\u0161nem smislu zdravilo buprenorfin deluje? Kje kupiti buprenorfin<\/p>\n<p>\u010clovekova raven nelagodja in du\u0161evna mo\u010d mo\u010dno vplivata na odmerek buprenorfina. Obi\u010dajno je treba najprej poskusiti z majhnim odmerkom 8 mg, in \u010de ne deluje, je treba poskusiti z vi\u0161jim odmerkom 16 mg. Buprenorfin se lahko pove\u010da na 24 mg, tudi \u010de je 16 mg neu\u010dinkovit. Na splo\u0161no, \u010de nameravate kupiti buprenorfin na spletu brez recepta, ne prekora\u010dite tega priporo\u010denega odmerka.<\/p>\n<p>V kak\u0161nem smislu zdravilo Buprenorfin deluje? Kje kupiti buprenorfin<\/p>\n<p>Za nose\u010dnice buprenorfin ni primerno zdravljenje, ker pomembno vpliva na reproduktivni sistem \u017eensk. Jemanje buprenorfina je lahko nevarno za nekatere ljudi, ki so ob\u010dutljivi na opioide. Zaradi nevarnosti uporabe buprenorfina za bolnike z rakom se morajo pred nakupom buprenorfina na spletu posvetovati z zdravnikom.<\/p>\n<p>Poleg zaspanosti, lenobe, omotice, glavobola in slabosti lahko buprenorfin povzro\u010di \u0161tevilne druge ne\u017eelene u\u010dinke. . Poleg tega lahko nekateri ljudje ob\u010dutijo spremembo ob\u010dutka za dotik, v tem primeru bi morali poiskati zdravni\u0161ko pomo\u010d.<\/p>\n<p>Delovanje buprenorfina<br \/> Uporaba buprenorfina<br \/> Ne\u017eeleni u\u010dinki na Buprenorfin Simptomi odvisnosti od buprenorfina<\/p>\n","protected":false},"excerpt":{"rendered":"<p>Kupite Bunex 0,2 mg (buprenorfin) za prodajo v Zdru\u017eenem kraljestvu, EU prek spleta v lekarni Bestglobalmeds.com.com po ugodnih in ugodnih cenah z varno in hitro dostavo<\/p>\n<p>Kupite Bunex 0,2 mg (buprenorfin) na spletu &#8211; od Bestglobalmeds.com.com spletna lekarna po ugodnih in ugodnih cenah z varno in hitro dostavo. Pi\u0161ite nam na info@bestglobalmeds.com<\/p>\n<p>Kupite Bunex 0,2 mg (buprenorfin) na spletu<\/p>\n<p>Bunex 0,2 mg (buprenorfin) cene na spletu<\/p>\n<p>Bunex 0,2mg (buprenorfin) cene<\/p>\n<p>&nbsp;<\/p>\n<p>kupite Bunex 0,2mg (buprenorfin)<\/p>\n","protected":false},"featured_media":5164,"comment_status":"open","ping_status":"closed","template":"","meta":[],"product_brand":[],"product_cat":[1117],"product_tag":[1240,1239,1241,1242,1237,1238,1243,1245,1244,1246],"class_list":{"0":"post-5148","1":"product","2":"type-product","3":"status-publish","4":"has-post-thumbnail","6":"product_cat-kupite-tablete-proti-bolecinam-spanju-seksu","7":"product_tag-bunex-buprenorfin-0-2mg-by-safe-pharma","8":"product_tag-bunex-buprenorfin-0-20mg-na-spletu","9":"product_tag-bunex-buprenorfin-8-mg","10":"product_tag-bunex-buprenorfin-online","11":"product_tag-bunex-buprenorphine-0-20mg","12":"product_tag-bunex-buprenorphine-0-20mg-and-steroids","13":"product_tag-bunex-buprenorfin","14":"product_tag-cbt-farmacevtski-izdelki-trgovina-proti-boleinam-bunex-buprenorfin-20-mg","15":"product_tag-kupi-buprenorfin-buneks-0-20mg","16":"product_tag-tramapartramadol-hcl-paracetamol-price-3-buy-online-bunexbuprenorphine","18":"first","19":"instock","20":"shipping-taxable","21":"purchasable","22":"product-type-variable","23":"has-default-attributes"},"yoast_head":"<!-- This site is optimized with the Yoast SEO plugin v27.3 - https:\/\/yoast.com\/product\/yoast-seo-wordpress\/ -->\n<title>Kupite Bunex 0,2 mg (buprenorfin) - Researchem<\/title>\n<meta name=\"description\" content=\"Kupite Bunex 0,2 mg (buprenorfin) za prodajo UK, EU na spletu v lekarni Bestglobalmeds.com.com po ugodnih in ugodnih cenah z varno in hitro dostavo\" \/>\n<meta name=\"robots\" content=\"index, follow, max-snippet:-1, max-image-preview:large, max-video-preview:-1\" \/>\n<link rel=\"canonical\" href=\"https:\/\/medicinasinc.com\/sl\/product\/buy-bunex-0-2mg-buprenorfin\/\" \/>\n<meta property=\"og:locale\" content=\"en_US\" \/>\n<meta property=\"og:type\" content=\"article\" \/>\n<meta property=\"og:title\" content=\"Kupite Bunex 0,2 mg (buprenorfin) - Researchem\" \/>\n<meta property=\"og:description\" content=\"Kupite Bunex 0,2 mg (buprenorfin) za prodajo UK, EU na spletu v lekarni Bestglobalmeds.com.com po ugodnih in ugodnih cenah z varno in hitro dostavo\" \/>\n<meta property=\"og:url\" content=\"https:\/\/medicinasinc.com\/sl\/product\/buy-bunex-0-2mg-buprenorfin\/\" \/>\n<meta property=\"og:site_name\" content=\"Medicinas Inc\" \/>\n<meta property=\"article:modified_time\" content=\"2022-03-19T00:42:09+00:00\" \/>\n<meta property=\"og:image\" content=\"https:\/\/medicinasinc.com\/sl\/wp-content\/uploads\/sites\/7\/2022\/02\/Buy-Bunex-0.2mg.jpg\" \/>\n\t<meta property=\"og:image:width\" content=\"600\" \/>\n\t<meta property=\"og:image:height\" content=\"600\" \/>\n\t<meta property=\"og:image:type\" content=\"image\/jpeg\" \/>\n<meta name=\"twitter:card\" content=\"summary_large_image\" \/>\n<meta name=\"twitter:label1\" content=\"Est. reading time\" \/>\n\t<meta name=\"twitter:data1\" content=\"2 minutes\" \/>\n<script type=\"application\/ld+json\" class=\"yoast-schema-graph\">{\"@context\":\"https:\\\/\\\/schema.org\",\"@graph\":[{\"@type\":\"WebPage\",\"@id\":\"https:\\\/\\\/medicinasinc.com\\\/sl\\\/product\\\/buy-bunex-0-2mg-buprenorfin\\\/\",\"url\":\"https:\\\/\\\/medicinasinc.com\\\/sl\\\/product\\\/buy-bunex-0-2mg-buprenorfin\\\/\",\"name\":\"Kupite Bunex 0,2 mg (buprenorfin) - Researchem\",\"isPartOf\":{\"@id\":\"https:\\\/\\\/medicinasinc.com\\\/sl\\\/#website\"},\"primaryImageOfPage\":{\"@id\":\"https:\\\/\\\/medicinasinc.com\\\/sl\\\/product\\\/buy-bunex-0-2mg-buprenorfin\\\/#primaryimage\"},\"image\":{\"@id\":\"https:\\\/\\\/medicinasinc.com\\\/sl\\\/product\\\/buy-bunex-0-2mg-buprenorfin\\\/#primaryimage\"},\"thumbnailUrl\":\"https:\\\/\\\/medicinasinc.com\\\/sl\\\/wp-content\\\/uploads\\\/sites\\\/7\\\/2022\\\/02\\\/Buy-Bunex-0.2mg.jpg\",\"datePublished\":\"2022-02-20T21:04:44+00:00\",\"dateModified\":\"2022-03-19T00:42:09+00:00\",\"description\":\"Kupite Bunex 0,2 mg (buprenorfin) za prodajo UK, EU na spletu v lekarni Bestglobalmeds.com.com po ugodnih in ugodnih cenah z varno in hitro dostavo\",\"breadcrumb\":{\"@id\":\"https:\\\/\\\/medicinasinc.com\\\/sl\\\/product\\\/buy-bunex-0-2mg-buprenorfin\\\/#breadcrumb\"},\"inLanguage\":\"en-US\",\"potentialAction\":[{\"@type\":\"ReadAction\",\"target\":[\"https:\\\/\\\/medicinasinc.com\\\/sl\\\/product\\\/buy-bunex-0-2mg-buprenorfin\\\/\"]}]},{\"@type\":\"ImageObject\",\"inLanguage\":\"en-US\",\"@id\":\"https:\\\/\\\/medicinasinc.com\\\/sl\\\/product\\\/buy-bunex-0-2mg-buprenorfin\\\/#primaryimage\",\"url\":\"https:\\\/\\\/medicinasinc.com\\\/sl\\\/wp-content\\\/uploads\\\/sites\\\/7\\\/2022\\\/02\\\/Buy-Bunex-0.2mg.jpg\",\"contentUrl\":\"https:\\\/\\\/medicinasinc.com\\\/sl\\\/wp-content\\\/uploads\\\/sites\\\/7\\\/2022\\\/02\\\/Buy-Bunex-0.2mg.jpg\",\"width\":600,\"height\":600},{\"@type\":\"BreadcrumbList\",\"@id\":\"https:\\\/\\\/medicinasinc.com\\\/sl\\\/product\\\/buy-bunex-0-2mg-buprenorfin\\\/#breadcrumb\",\"itemListElement\":[{\"@type\":\"ListItem\",\"position\":1,\"name\":\"Nakupujte\",\"item\":\"https:\\\/\\\/medicinasinc.com\\\/sl\\\/nakupujte\\\/\"},{\"@type\":\"ListItem\",\"position\":2,\"name\":\"Kupite Bunex 0,2 mg (buprenorfin)\"}]},{\"@type\":\"WebSite\",\"@id\":\"https:\\\/\\\/medicinasinc.com\\\/sl\\\/#website\",\"url\":\"https:\\\/\\\/medicinasinc.com\\\/sl\\\/\",\"name\":\"Medicinas Inc\",\"description\":\"Health Medical Clinic\",\"potentialAction\":[{\"@type\":\"SearchAction\",\"target\":{\"@type\":\"EntryPoint\",\"urlTemplate\":\"https:\\\/\\\/medicinasinc.com\\\/sl\\\/?s={search_term_string}\"},\"query-input\":{\"@type\":\"PropertyValueSpecification\",\"valueRequired\":true,\"valueName\":\"search_term_string\"}}],\"inLanguage\":\"en-US\"}]}<\/script>\n<!-- \/ Yoast SEO plugin. -->","yoast_head_json":{"title":"Kupite Bunex 0,2 mg (buprenorfin) - Researchem","description":"Kupite Bunex 0,2 mg (buprenorfin) za prodajo UK, EU na spletu v lekarni Bestglobalmeds.com.com po ugodnih in ugodnih cenah z varno in hitro dostavo","robots":{"index":"index","follow":"follow","max-snippet":"max-snippet:-1","max-image-preview":"max-image-preview:large","max-video-preview":"max-video-preview:-1"},"canonical":"https:\/\/medicinasinc.com\/sl\/product\/buy-bunex-0-2mg-buprenorfin\/","og_locale":"en_US","og_type":"article","og_title":"Kupite Bunex 0,2 mg (buprenorfin) - Researchem","og_description":"Kupite Bunex 0,2 mg (buprenorfin) za prodajo UK, EU na spletu v lekarni Bestglobalmeds.com.com po ugodnih in ugodnih cenah z varno in hitro dostavo","og_url":"https:\/\/medicinasinc.com\/sl\/product\/buy-bunex-0-2mg-buprenorfin\/","og_site_name":"Medicinas Inc","article_modified_time":"2022-03-19T00:42:09+00:00","og_image":[{"width":600,"height":600,"url":"https:\/\/medicinasinc.com\/sl\/wp-content\/uploads\/sites\/7\/2022\/02\/Buy-Bunex-0.2mg.jpg","type":"image\/jpeg"}],"twitter_card":"summary_large_image","twitter_misc":{"Est. reading time":"2 minutes"},"schema":{"@context":"https:\/\/schema.org","@graph":[{"@type":"WebPage","@id":"https:\/\/medicinasinc.com\/sl\/product\/buy-bunex-0-2mg-buprenorfin\/","url":"https:\/\/medicinasinc.com\/sl\/product\/buy-bunex-0-2mg-buprenorfin\/","name":"Kupite Bunex 0,2 mg (buprenorfin) - Researchem","isPartOf":{"@id":"https:\/\/medicinasinc.com\/sl\/#website"},"primaryImageOfPage":{"@id":"https:\/\/medicinasinc.com\/sl\/product\/buy-bunex-0-2mg-buprenorfin\/#primaryimage"},"image":{"@id":"https:\/\/medicinasinc.com\/sl\/product\/buy-bunex-0-2mg-buprenorfin\/#primaryimage"},"thumbnailUrl":"https:\/\/medicinasinc.com\/sl\/wp-content\/uploads\/sites\/7\/2022\/02\/Buy-Bunex-0.2mg.jpg","datePublished":"2022-02-20T21:04:44+00:00","dateModified":"2022-03-19T00:42:09+00:00","description":"Kupite Bunex 0,2 mg (buprenorfin) za prodajo UK, EU na spletu v lekarni Bestglobalmeds.com.com po ugodnih in ugodnih cenah z varno in hitro dostavo","breadcrumb":{"@id":"https:\/\/medicinasinc.com\/sl\/product\/buy-bunex-0-2mg-buprenorfin\/#breadcrumb"},"inLanguage":"en-US","potentialAction":[{"@type":"ReadAction","target":["https:\/\/medicinasinc.com\/sl\/product\/buy-bunex-0-2mg-buprenorfin\/"]}]},{"@type":"ImageObject","inLanguage":"en-US","@id":"https:\/\/medicinasinc.com\/sl\/product\/buy-bunex-0-2mg-buprenorfin\/#primaryimage","url":"https:\/\/medicinasinc.com\/sl\/wp-content\/uploads\/sites\/7\/2022\/02\/Buy-Bunex-0.2mg.jpg","contentUrl":"https:\/\/medicinasinc.com\/sl\/wp-content\/uploads\/sites\/7\/2022\/02\/Buy-Bunex-0.2mg.jpg","width":600,"height":600},{"@type":"BreadcrumbList","@id":"https:\/\/medicinasinc.com\/sl\/product\/buy-bunex-0-2mg-buprenorfin\/#breadcrumb","itemListElement":[{"@type":"ListItem","position":1,"name":"Nakupujte","item":"https:\/\/medicinasinc.com\/sl\/nakupujte\/"},{"@type":"ListItem","position":2,"name":"Kupite Bunex 0,2 mg (buprenorfin)"}]},{"@type":"WebSite","@id":"https:\/\/medicinasinc.com\/sl\/#website","url":"https:\/\/medicinasinc.com\/sl\/","name":"Medicinas Inc","description":"Health Medical Clinic","potentialAction":[{"@type":"SearchAction","target":{"@type":"EntryPoint","urlTemplate":"https:\/\/medicinasinc.com\/sl\/?s={search_term_string}"},"query-input":{"@type":"PropertyValueSpecification","valueRequired":true,"valueName":"search_term_string"}}],"inLanguage":"en-US"}]}},"_links":{"self":[{"href":"https:\/\/medicinasinc.com\/sl\/wp-json\/wp\/v2\/product\/5148","targetHints":{"allow":["GET"]}}],"collection":[{"href":"https:\/\/medicinasinc.com\/sl\/wp-json\/wp\/v2\/product"}],"about":[{"href":"https:\/\/medicinasinc.com\/sl\/wp-json\/wp\/v2\/types\/product"}],"replies":[{"embeddable":true,"href":"https:\/\/medicinasinc.com\/sl\/wp-json\/wp\/v2\/comments?post=5148"}],"wp:featuredmedia":[{"embeddable":true,"href":"https:\/\/medicinasinc.com\/sl\/wp-json\/wp\/v2\/media\/5164"}],"wp:attachment":[{"href":"https:\/\/medicinasinc.com\/sl\/wp-json\/wp\/v2\/media?parent=5148"}],"wp:term":[{"taxonomy":"product_brand","embeddable":true,"href":"https:\/\/medicinasinc.com\/sl\/wp-json\/wp\/v2\/product_brand?post=5148"},{"taxonomy":"product_cat","embeddable":true,"href":"https:\/\/medicinasinc.com\/sl\/wp-json\/wp\/v2\/product_cat?post=5148"},{"taxonomy":"product_tag","embeddable":true,"href":"https:\/\/medicinasinc.com\/sl\/wp-json\/wp\/v2\/product_tag?post=5148"}],"curies":[{"name":"wp","href":"https:\/\/api.w.org\/{rel}","templated":true}]}}