{"id":5125,"date":"2022-02-20T20:43:45","date_gmt":"2022-02-20T20:43:45","guid":{"rendered":"https:\/\/medicinasinc.com\/sl\/?post_type=product&#038;p=5125"},"modified":"2022-03-19T00:42:18","modified_gmt":"2022-03-19T00:42:18","slug":"kupi-ativan-0-5mg-1mg-2mg","status":"publish","type":"product","link":"https:\/\/medicinasinc.com\/sl\/product\/kupi-ativan-0-5mg-1mg-2mg\/","title":{"rendered":"Kupite Ativan 0,5 mg, 1 mg, 2 mg"},"content":{"rendered":"<p>Najbolj\u0161e mesto za nakup Ativana je na internetu. Kaj to\u010dno je Lorazepam in kako deluje?<br \/> \u010ce \u017eelite kupiti Ativan prek spleta, kliknite tukaj. Benzodiazepini, katerih \u010dlan je lorazepam, so razred zdravil. S pove\u010danjem aktivnosti dolo\u010denih mo\u017eganskih nevrotransmiterjev velja, da je lorazepam u\u010dinkovit.<\/p>\n<p>Za laj\u0161anje anksioznosti in epilepti\u010dnih napadov se predpisuje lorazepam.<\/p>\n<p>Nakup lorazepama na internetu ali od spletne trgovine. vir zunaj Zdru\u017eenih dr\u017eav Amerike je polna nevarnosti. Zdravila, ki se prodajajo in distribuirajo v dr\u017eavah, ki niso Zdru\u017eene dr\u017eave, ne izpolnjujejo zahtev FDA o varni uporabi (FDA). Mo\u017eno je, da te tablete ne prihajajo iz zakonite lekarne ali vsebujejo \u0161kodljive snovi.<\/p>\n<p>Pozorno preberite to.<br \/> \u010ce imate miastenijo gravis, glavkom z ozkim zakotjem, hudo respiratorno insuficienco ali alergijo na zdravilo Valium ali primerljivo zdravilo, se izogibajte jemanju lorazepama.<\/p>\n<p>Nose\u010de \u017eenske ne smejo jemati zdravila lorazepam. \u010ce ga dajemo otroku, lahko to zdravilo povzro\u010di resne nepravilnosti pri porodu ali \u017eivljenjsko nevarne odtegnitvene simptome.<\/p>\n<p>Jemljejo ga lahko samo tisti, ki prejemajo lorazepam, saj lahko povzro\u010di navado. Zloraba drog lahko povzro\u010di odvisnost, preveliko odmerjanje ali smrt, \u010de se zdravilo na kakr\u0161en koli na\u010din zlorabi. Tega zdravila nikoli ne bi smeli dajati nikomur z anamnezo zlorabe drog ali odvisnosti. Prepri\u010dajte se, da je zdravilo na varnem mestu, kjer do njega ne morejo dostopati drugi.<\/p>\n<p>\u010ce uporabljate lorazepam z alkoholom, opioidi ali drugimi zdravili, ki povzro\u010dajo zaspanost ali upo\u010dasnjujejo dihanje, se lahko zgodi smrt ne\u017eeleni u\u010dinki.<\/p>\n<p>Pred uporabo katerega koli zdravila se posvetujte s svojim zdravstvenim delavcem.<br \/>naslednja stanja zahtevajo takoj\u0161njo prekinitev zdravljenja z lorazepamom<\/p>\n<p>glavkom z ozkim zakotjem; ali<\/p>\n<p>Alergije na benzodiazepine v anamnezi (diazepam, alprazolam, Ativan, Klonopin, Restoril, Tranxene, Valium, Versed, Xanax in drugi).<\/p>\n<p>\u010ce imate kaj od naslednjega: stanja, ne smete jemati lorazepama:<\/p>\n<p>KOPB (kroni\u010dna obstruktivna plju\u010dna bolezen) ali apneja v spanju (dihanje, ki se ustavi med spanjem) sta primera te\u017eav z dihanjem.<\/p>\n<p>odvisnost od drog ali alkohola. <\/p>\n<p>simptomi \u017ealosti, slabega razpolo\u017eenja ali samomorilnih misli ali dejanj<\/p>\n<p>bolezen ledvic ali jeter<\/p>\n<p>nehotene konvulzije<\/p>\n<p>glavkom. <\/p>\n<p>Uporaba lorazepama med nose\u010dnostjo pove\u010da tveganje, da bo va\u0161 otrok postal odvisen od zdravila. Po rojstvu lahko novorojen\u010dek zaradi tega do\u017eivi \u017eivljenjsko nevarne odtegnitvene simptome. Za dojen\u010dke, rojene odvisne od drog, ki povzro\u010dajo navado, bo morda potrebna medicinska oskrba ve\u010d tednov.<\/p>\n<p>Ali moram jemati lorazepam na poseben na\u010din?<br \/> Lorazepam je treba uporabljati natan\u010dno tako, kot je predpisano. Preberite vsa priporo\u010dila in navodila za zdravila na nalepki na recept. Pri jemanju lorazepama vedno upo\u0161tevajte zdravnikova navodila. Ve\u010d ko uporabljate to zdravilo, ve\u010dja je verjetnost, da boste morali povedati svojemu zdravniku.<\/p>\n<p>Lorazepam lahko povzro\u010di odvisnost. Zloraba lahko povzro\u010di odvisnost, preveliko odmerjanje ali celo smrt. Odstranite zdravilo na mestu, ki ni dosegljivo drugim. Distribucija ali prodaja tega zdravila je kaznivo dejanje.<\/p>\n<p>Previdno merite teko\u010de zdravilo. Pridobite instrument za merjenje odmerka ali uporabite prilo\u017eeno brizgo (ne kuhinjsko \u017elico).<\/p>\n<p>Razen \u010de vam zdravnik ne naro\u010di druga\u010de, ne jemljite lorazepama ve\u010d kot \u0161tiri mesece hkrati. \u010ce se va\u0161i simptomi ne izbolj\u0161ajo ali poslab\u0161ajo, se posvetujte s svojim zdravnikom.<\/p>\n<p>\u010ce jemljete to zdravilo dolgotrajno, boste morda potrebovali redne zdravni\u0161ke preglede.<\/p>\n<p>\u010ce nenadoma prenehate uporabljati zdravilo. \u010de jemljete to zdravilo, tvegate, da boste imeli neprijetne stranske u\u010dinke. Dogovorite se s svojim zdravnikom, da se nau\u010dite, kako prenehati jemati to zdravilo.<\/p>\n<p>Ne izpostavljajte se vlagi ali visokim temperaturam; shranjujte pri sobni temperaturi.<\/p>\n<p>Za dolgotrajno shranjevanje teko\u010dino lorazepam shranite v hladilniku. Ne obdr\u017ei teko\u010dine, ki jih niste uporabili v 90 dneh.<\/p>\n<p>Vodite evidenco svojih zdravil. Pazite na vse, ki ga zlorabljajo ali zlorabljajo.<\/p>\n","protected":false},"excerpt":{"rendered":"<p>Lorazepam 0,5 mg, 1 mg, 2 mg spletne cene, kupite ativan 2mg na spletu, kupite Lorazepam tablete na spletu.<\/p>\n<p>Tramadol 50mg visoka spletna cena lorazepama (Ativan) 2mg tablete. Uporablja se tudi pri zdravljenju anksioznosti.<\/p>\n<p>tablete\/tablete Lorazepam (Ativan) 2mg<\/p>\n<p>Anksioznost, \u017ealost in nespe\u010dnost so vsi pogosti ne\u017eeleni u\u010dinki zdravila za anksioznost Ativan ( lorazepam) (te\u017eave s spanjem). Je neke vrste benzodiazepin.<\/p>\n<p>Brez recepta lahko kupite Lorazepam 2mg tablete na spletu (brez RX).<\/p>\n","protected":false},"featured_media":5144,"comment_status":"open","ping_status":"closed","template":"","meta":[],"product_brand":[],"product_cat":[1117],"product_tag":[1226,1225,1195,1196,1197,1200,1205,1201,1202,1203,1207,1206,1209,1208,1210,1211,1212,1213,1214,1215,1216,1217,1218,1219,1221,1222,1223,1224,1228,1204,1199,1198,1220,1229,1227,1230,1231,1232,1233,1234,1235,1236],"class_list":{"0":"post-5125","1":"product","2":"type-product","3":"status-publish","4":"has-post-thumbnail","6":"product_cat-kupite-tablete-proti-bolecinam-spanju-seksu","7":"product_tag-lahko-ativan-tablete-se-injicirati","8":"product_tag-lahko-ativan-tablete-se-zdrobite","9":"product_tag-ativan-1-mg-sublingual-tablets","10":"product_tag-ativan-1-mg-tablets","11":"product_tag-ativan-1-tab","12":"product_tag-ativan-2-mg-tablete","13":"product_tag-ativan-2mg-tableta","14":"product_tag-ativan-2-tab","15":"product_tag-ativan-2-5-mg-price","16":"product_tag-ativan-2mg-pill","17":"product_tag-ativan-2mg-tablet-online-order-amazon","18":"product_tag-ativan-2mg-tableta-in-hindi","19":"product_tag-ativan-lekarna","20":"product_tag-ativan-odmerek-2-mg","21":"product_tag-ativan-tab-0-5-mg","22":"product_tag-ativan-tab-1mg","23":"product_tag-ativan-tab-1mg-50","24":"product_tag-ativan-tab-1mg-precio","25":"product_tag-ativan-tableta","26":"product_tag-ativan-tableta-0-5mg","27":"product_tag-ativan-tablete-1mg","28":"product_tag-ativan-tablete-2-5-mg","29":"product_tag-ativan-tablete-avstralija","30":"product_tag-ativan-tablete-kupi","31":"product_tag-ativan-tablete-podjezino","32":"product_tag-ativan-tablete-uk","33":"product_tag-ativan-tablete-uporabe","34":"product_tag-buy-ativan-online","35":"product_tag-lorazepam-tablete-ativan-2mg","36":"product_tag-stranski-uinki-ativan-2-mg","37":"product_tag-stranski-uinki-ativan-1mg-tablete","38":"product_tag-ativan-1-mg-tableta-odmerek","39":"product_tag-ativan-tablete-odmerjanje","40":"product_tag-pfizer-tablet-2mg","41":"product_tag-lorazepam-2-mg-tableta-spletna-dostava","42":"product_tag-tab-ativan-1","43":"product_tag-tab-ativan-1mg-uses-in-hindi","44":"product_tag-tivan-2mg-tablet","45":"product_tag-what-are-ativan-tablets-for","46":"product_tag-what-do-ativan-tablets-look-like","47":"product_tag-what-does-ativan-tablets-look-like","48":"product_tag-what-is-ativan-tablets-used-for","50":"first","51":"instock","52":"shipping-taxable","53":"purchasable","54":"product-type-variable"},"yoast_head":"<!-- This site is optimized with the Yoast SEO plugin v27.3 - https:\/\/yoast.com\/product\/yoast-seo-wordpress\/ -->\n<title>Kupite Ativan 2mg - Kupite Ativan 1mg - Kupite Ativan 0,5mg - Najbolj\u0161a globalna zdravila<\/title>\n<meta name=\"description\" content=\"Kupite tablete Lorazepam na spletu, kupite Lorazepam na spletu, kupite Ativan na spletu, Lorazepam 0,5 mg, 1 mg, 2 mg spletne cene,\u00a0kupite ativan 2mg\u00a0na spletu UK, Evropa\" \/>\n<meta name=\"robots\" content=\"index, follow, max-snippet:-1, max-image-preview:large, max-video-preview:-1\" \/>\n<link rel=\"canonical\" href=\"https:\/\/medicinasinc.com\/sl\/product\/kupi-ativan-0-5mg-1mg-2mg\/\" \/>\n<meta property=\"og:locale\" content=\"en_US\" \/>\n<meta property=\"og:type\" content=\"article\" \/>\n<meta property=\"og:title\" content=\"Kupite Ativan 2mg - Kupite Ativan 1mg - Kupite Ativan 0,5mg - Najbolj\u0161a globalna zdravila\" \/>\n<meta property=\"og:description\" content=\"Kupite tablete Lorazepam na spletu, kupite Lorazepam na spletu, kupite Ativan na spletu, Lorazepam 0,5 mg, 1 mg, 2 mg spletne cene,\u00a0kupite ativan 2mg\u00a0na spletu UK, Evropa\" \/>\n<meta property=\"og:url\" content=\"https:\/\/medicinasinc.com\/sl\/product\/kupi-ativan-0-5mg-1mg-2mg\/\" \/>\n<meta property=\"og:site_name\" content=\"Medicinas Inc\" \/>\n<meta property=\"article:modified_time\" content=\"2022-03-19T00:42:18+00:00\" \/>\n<meta property=\"og:image\" content=\"https:\/\/medicinasinc.com\/sl\/wp-content\/uploads\/sites\/7\/2022\/02\/Buy-Ativan-Online-1.jpg\" \/>\n\t<meta property=\"og:image:width\" content=\"300\" \/>\n\t<meta property=\"og:image:height\" content=\"300\" \/>\n\t<meta property=\"og:image:type\" content=\"image\/jpeg\" \/>\n<meta name=\"twitter:card\" content=\"summary_large_image\" \/>\n<meta name=\"twitter:label1\" content=\"Est. reading time\" \/>\n\t<meta name=\"twitter:data1\" content=\"3 minutes\" \/>\n<script type=\"application\/ld+json\" class=\"yoast-schema-graph\">{\"@context\":\"https:\\\/\\\/schema.org\",\"@graph\":[{\"@type\":\"WebPage\",\"@id\":\"https:\\\/\\\/medicinasinc.com\\\/sl\\\/product\\\/kupi-ativan-0-5mg-1mg-2mg\\\/\",\"url\":\"https:\\\/\\\/medicinasinc.com\\\/sl\\\/product\\\/kupi-ativan-0-5mg-1mg-2mg\\\/\",\"name\":\"Kupite Ativan 2mg - Kupite Ativan 1mg - Kupite Ativan 0,5mg - Najbolj\u0161a globalna zdravila\",\"isPartOf\":{\"@id\":\"https:\\\/\\\/medicinasinc.com\\\/sl\\\/#website\"},\"primaryImageOfPage\":{\"@id\":\"https:\\\/\\\/medicinasinc.com\\\/sl\\\/product\\\/kupi-ativan-0-5mg-1mg-2mg\\\/#primaryimage\"},\"image\":{\"@id\":\"https:\\\/\\\/medicinasinc.com\\\/sl\\\/product\\\/kupi-ativan-0-5mg-1mg-2mg\\\/#primaryimage\"},\"thumbnailUrl\":\"https:\\\/\\\/medicinasinc.com\\\/sl\\\/wp-content\\\/uploads\\\/sites\\\/7\\\/2022\\\/02\\\/Buy-Ativan-Online-1.jpg\",\"datePublished\":\"2022-02-20T20:43:45+00:00\",\"dateModified\":\"2022-03-19T00:42:18+00:00\",\"description\":\"Kupite tablete Lorazepam na spletu, kupite Lorazepam na spletu, kupite Ativan na spletu, Lorazepam 0,5 mg, 1 mg, 2 mg spletne cene,\u00a0kupite ativan 2mg\u00a0na spletu UK, Evropa\",\"breadcrumb\":{\"@id\":\"https:\\\/\\\/medicinasinc.com\\\/sl\\\/product\\\/kupi-ativan-0-5mg-1mg-2mg\\\/#breadcrumb\"},\"inLanguage\":\"en-US\",\"potentialAction\":[{\"@type\":\"ReadAction\",\"target\":[\"https:\\\/\\\/medicinasinc.com\\\/sl\\\/product\\\/kupi-ativan-0-5mg-1mg-2mg\\\/\"]}]},{\"@type\":\"ImageObject\",\"inLanguage\":\"en-US\",\"@id\":\"https:\\\/\\\/medicinasinc.com\\\/sl\\\/product\\\/kupi-ativan-0-5mg-1mg-2mg\\\/#primaryimage\",\"url\":\"https:\\\/\\\/medicinasinc.com\\\/sl\\\/wp-content\\\/uploads\\\/sites\\\/7\\\/2022\\\/02\\\/Buy-Ativan-Online-1.jpg\",\"contentUrl\":\"https:\\\/\\\/medicinasinc.com\\\/sl\\\/wp-content\\\/uploads\\\/sites\\\/7\\\/2022\\\/02\\\/Buy-Ativan-Online-1.jpg\",\"width\":300,\"height\":300},{\"@type\":\"BreadcrumbList\",\"@id\":\"https:\\\/\\\/medicinasinc.com\\\/sl\\\/product\\\/kupi-ativan-0-5mg-1mg-2mg\\\/#breadcrumb\",\"itemListElement\":[{\"@type\":\"ListItem\",\"position\":1,\"name\":\"Nakupujte\",\"item\":\"https:\\\/\\\/medicinasinc.com\\\/sl\\\/nakupujte\\\/\"},{\"@type\":\"ListItem\",\"position\":2,\"name\":\"Kupite Ativan 0,5 mg, 1 mg, 2 mg\"}]},{\"@type\":\"WebSite\",\"@id\":\"https:\\\/\\\/medicinasinc.com\\\/sl\\\/#website\",\"url\":\"https:\\\/\\\/medicinasinc.com\\\/sl\\\/\",\"name\":\"Medicinas Inc\",\"description\":\"Health Medical Clinic\",\"potentialAction\":[{\"@type\":\"SearchAction\",\"target\":{\"@type\":\"EntryPoint\",\"urlTemplate\":\"https:\\\/\\\/medicinasinc.com\\\/sl\\\/?s={search_term_string}\"},\"query-input\":{\"@type\":\"PropertyValueSpecification\",\"valueRequired\":true,\"valueName\":\"search_term_string\"}}],\"inLanguage\":\"en-US\"}]}<\/script>\n<!-- \/ Yoast SEO plugin. -->","yoast_head_json":{"title":"Kupite Ativan 2mg - Kupite Ativan 1mg - Kupite Ativan 0,5mg - Najbolj\u0161a globalna zdravila","description":"Kupite tablete Lorazepam na spletu, kupite Lorazepam na spletu, kupite Ativan na spletu, Lorazepam 0,5 mg, 1 mg, 2 mg spletne cene,\u00a0kupite ativan 2mg\u00a0na spletu UK, Evropa","robots":{"index":"index","follow":"follow","max-snippet":"max-snippet:-1","max-image-preview":"max-image-preview:large","max-video-preview":"max-video-preview:-1"},"canonical":"https:\/\/medicinasinc.com\/sl\/product\/kupi-ativan-0-5mg-1mg-2mg\/","og_locale":"en_US","og_type":"article","og_title":"Kupite Ativan 2mg - Kupite Ativan 1mg - Kupite Ativan 0,5mg - Najbolj\u0161a globalna zdravila","og_description":"Kupite tablete Lorazepam na spletu, kupite Lorazepam na spletu, kupite Ativan na spletu, Lorazepam 0,5 mg, 1 mg, 2 mg spletne cene,\u00a0kupite ativan 2mg\u00a0na spletu UK, Evropa","og_url":"https:\/\/medicinasinc.com\/sl\/product\/kupi-ativan-0-5mg-1mg-2mg\/","og_site_name":"Medicinas Inc","article_modified_time":"2022-03-19T00:42:18+00:00","og_image":[{"width":300,"height":300,"url":"https:\/\/medicinasinc.com\/sl\/wp-content\/uploads\/sites\/7\/2022\/02\/Buy-Ativan-Online-1.jpg","type":"image\/jpeg"}],"twitter_card":"summary_large_image","twitter_misc":{"Est. reading time":"3 minutes"},"schema":{"@context":"https:\/\/schema.org","@graph":[{"@type":"WebPage","@id":"https:\/\/medicinasinc.com\/sl\/product\/kupi-ativan-0-5mg-1mg-2mg\/","url":"https:\/\/medicinasinc.com\/sl\/product\/kupi-ativan-0-5mg-1mg-2mg\/","name":"Kupite Ativan 2mg - Kupite Ativan 1mg - Kupite Ativan 0,5mg - Najbolj\u0161a globalna zdravila","isPartOf":{"@id":"https:\/\/medicinasinc.com\/sl\/#website"},"primaryImageOfPage":{"@id":"https:\/\/medicinasinc.com\/sl\/product\/kupi-ativan-0-5mg-1mg-2mg\/#primaryimage"},"image":{"@id":"https:\/\/medicinasinc.com\/sl\/product\/kupi-ativan-0-5mg-1mg-2mg\/#primaryimage"},"thumbnailUrl":"https:\/\/medicinasinc.com\/sl\/wp-content\/uploads\/sites\/7\/2022\/02\/Buy-Ativan-Online-1.jpg","datePublished":"2022-02-20T20:43:45+00:00","dateModified":"2022-03-19T00:42:18+00:00","description":"Kupite tablete Lorazepam na spletu, kupite Lorazepam na spletu, kupite Ativan na spletu, Lorazepam 0,5 mg, 1 mg, 2 mg spletne cene,\u00a0kupite ativan 2mg\u00a0na spletu UK, Evropa","breadcrumb":{"@id":"https:\/\/medicinasinc.com\/sl\/product\/kupi-ativan-0-5mg-1mg-2mg\/#breadcrumb"},"inLanguage":"en-US","potentialAction":[{"@type":"ReadAction","target":["https:\/\/medicinasinc.com\/sl\/product\/kupi-ativan-0-5mg-1mg-2mg\/"]}]},{"@type":"ImageObject","inLanguage":"en-US","@id":"https:\/\/medicinasinc.com\/sl\/product\/kupi-ativan-0-5mg-1mg-2mg\/#primaryimage","url":"https:\/\/medicinasinc.com\/sl\/wp-content\/uploads\/sites\/7\/2022\/02\/Buy-Ativan-Online-1.jpg","contentUrl":"https:\/\/medicinasinc.com\/sl\/wp-content\/uploads\/sites\/7\/2022\/02\/Buy-Ativan-Online-1.jpg","width":300,"height":300},{"@type":"BreadcrumbList","@id":"https:\/\/medicinasinc.com\/sl\/product\/kupi-ativan-0-5mg-1mg-2mg\/#breadcrumb","itemListElement":[{"@type":"ListItem","position":1,"name":"Nakupujte","item":"https:\/\/medicinasinc.com\/sl\/nakupujte\/"},{"@type":"ListItem","position":2,"name":"Kupite Ativan 0,5 mg, 1 mg, 2 mg"}]},{"@type":"WebSite","@id":"https:\/\/medicinasinc.com\/sl\/#website","url":"https:\/\/medicinasinc.com\/sl\/","name":"Medicinas Inc","description":"Health Medical Clinic","potentialAction":[{"@type":"SearchAction","target":{"@type":"EntryPoint","urlTemplate":"https:\/\/medicinasinc.com\/sl\/?s={search_term_string}"},"query-input":{"@type":"PropertyValueSpecification","valueRequired":true,"valueName":"search_term_string"}}],"inLanguage":"en-US"}]}},"_links":{"self":[{"href":"https:\/\/medicinasinc.com\/sl\/wp-json\/wp\/v2\/product\/5125","targetHints":{"allow":["GET"]}}],"collection":[{"href":"https:\/\/medicinasinc.com\/sl\/wp-json\/wp\/v2\/product"}],"about":[{"href":"https:\/\/medicinasinc.com\/sl\/wp-json\/wp\/v2\/types\/product"}],"replies":[{"embeddable":true,"href":"https:\/\/medicinasinc.com\/sl\/wp-json\/wp\/v2\/comments?post=5125"}],"wp:featuredmedia":[{"embeddable":true,"href":"https:\/\/medicinasinc.com\/sl\/wp-json\/wp\/v2\/media\/5144"}],"wp:attachment":[{"href":"https:\/\/medicinasinc.com\/sl\/wp-json\/wp\/v2\/media?parent=5125"}],"wp:term":[{"taxonomy":"product_brand","embeddable":true,"href":"https:\/\/medicinasinc.com\/sl\/wp-json\/wp\/v2\/product_brand?post=5125"},{"taxonomy":"product_cat","embeddable":true,"href":"https:\/\/medicinasinc.com\/sl\/wp-json\/wp\/v2\/product_cat?post=5125"},{"taxonomy":"product_tag","embeddable":true,"href":"https:\/\/medicinasinc.com\/sl\/wp-json\/wp\/v2\/product_tag?post=5125"}],"curies":[{"name":"wp","href":"https:\/\/api.w.org\/{rel}","templated":true}]}}