{"id":5124,"date":"2022-02-20T20:42:48","date_gmt":"2022-02-20T20:42:48","guid":{"rendered":"https:\/\/medicinasinc.com\/sl\/?post_type=product&#038;p=5124"},"modified":"2022-03-19T00:42:27","modified_gmt":"2022-03-19T00:42:27","slug":"kupi-ambien-10-mg","status":"publish","type":"product","link":"https:\/\/medicinasinc.com\/sl\/product\/kupi-ambien-10-mg\/","title":{"rendered":"Kupite Ambien 10 mg"},"content":{"rendered":"<div class=\"ty-tabs cm-j-tabs clearfix\">\n<p>kupite Ambien 10mg na spletu<\/p>\n<h2><a href=\"https:\/\/www.bestglobalmeds.com\/category\/blog\/\" target=\"_blank\" rel=\"noopener\">Nakup Ambien 10mg \u010dez no\u010d<\/a><\/h2>\n<h2>Kupite Ambien 10mg v spletu<\/h2>\n<p>Najni\u017eja cena v ZDA za\u00a0<em>Ambien<\/em>\u00a0(<em>Zolpidem<\/em>\u00a05 mg &amp;\u00a0\u00a0<em>10 mg<\/em>) tablete in prva uradno registrirana spletna zdravni\u0161ka storitev v ZDA, ki jo ponuja. Brezpla\u010dna sledena dostava v Zdru\u017eenem kraljestvu. Ambien, Zolpidem, ambien\u00a0<em>10 mg<\/em>, Zolpidem tartrat, kupujte uspavalne tablete na spletu, kupujte zdravila proti anksioznosti na spletu, antidepresive,\u00a0<em>kupite ambien<\/em>\u00a0brez recepta.<\/p>\n<ul class=\"ty-tabs__list\">\n<li id=\"description\" class=\"ty-tabs__item cm-js active\"><a class=\"ty-tabs__a\">Opis<\/a><\/li>\n<li id=\"product_tab_9\" class=\"ty-tabs__item cm-js\"><a class=\"ty-tabs__a\">Podatki o pacientu<\/a><\/li>\n<\/ul><\/div>\n<div id=\"tabs_content \" class=\"cm-tabs-content ty-tabs__content clearfix\">\n<div id=\"content_description\" class=\"ty-wysiwyg-content content-description active\">\n<div>\n<div class=\"product-description\">\n<h4>Spi z Zolpidemom in Ambienom<\/h4>\n<table>\n<thead>\n<tr>\n<th>Zolpidem<\/th>\n<th>Koli\u010dina<\/th>\n<th>Vrsta<\/th>\n<th>Zaloga<\/th>\n<p> th&gt; <\/tr>\n<\/thead>\n<tbody>\n<tr>\n<th>Ambien<\/th>\n<th>5mg<\/th>\n<th>Tablete<\/th>\n<th>Kupite ZDA\u2713<\/th>\n<\/tr>\n<tr>\n<td>Zolpidem tablete<\/td>\n<td>5 mg<\/td>\n<td>Tablete<\/td>\n<td>Na spletu v ZDA \u2713<\/td>\n<\/tr>\n<tr>\n<td>Ambien tablete<\/td>\n<td>10 mg<\/td>\n<td>Medicin e<\/td>\n<td>ZDA \u2713<\/td>\n<\/tr>\n<\/tbody>\n<\/table>\n<h4>Previdnostni ukrepi pred jemanjem zdravila Zolpidem<\/h4>\n<p>Obstajajo previdnostni ukrepi, ki jih morate upo\u0161tevati, preden se odlo\u010dite za vzemi. V dolo\u010denih okoli\u0161\u010dinah morda ni najbolj primerna izbira zdravila. Posvetujte se z zdravnikom glede va\u0161e zdravstvene ustreznosti pri jemanju zdravila za zdravljenje nespe\u010dnosti. \u010ce imate katero od naslednjih okoli\u0161\u010din, poi\u0161\u010dite zdravni\u0161ko pomo\u010d:<\/p>\n<ul>\n<li>Zgodovina alkoholizma ali zlorabe drog<\/li>\n<li>Nose\u010da ali nameravate zanositi<\/li>\n<li>Ima te\u017eave z dihanjem (bronhitis, astma ali emfizem)<\/li>\n<li>Zgodovina bolezni jeter ali ledvic<\/li>\n<li>Ima miastenijo gravis (motnja \u017eivcev zaradi oslabitve mi\u0161ic)<\/li>\n<li>Alergije za katero koli sestavino.<\/li>\n<li>Ima ponavljajo\u010do se osebnostno motnjo ali depresijo<\/li>\n<li>Ima apnejo pri spanju<\/li>\n<li>Starej\u0161i<\/li>\n<\/ul>\n<p>V zelo redkih primerih primerih lahko jemanje zdravila Ambien povzro\u010di ne\u017eelene u\u010dinke, vklju\u010dno z otekanjem ustnic, obraza, \u017erela in jezika ali te\u017eave z dihanjem. Priporo\u010dljivo je tudi, da ga ne smete uporabljati neprekinjeno ve\u010d kot 4 tedne, ker lahko povzro\u010di odtegnitvene simptome, kot so bruhanje, slabost, tesnoba in \u017eelod\u010dni kr\u010di. Znano kot kratkoro\u010dno <a href=\"https:\/\/globalhomemed.com\/\">zdravljenje\u00a0nespe\u010dnosti<\/a>, obstaja mo\u017enost, da boste imeli te\u017eave s spanjem, ko ga prenehate uporabljati. Imenuje se &#8220;odbojna nespe\u010dnost&#8221;, ki s\u010dasoma izzveni po enem do dveh dneh. Vedno se posvetujte s svojim zdravnikom glede uporabe tega uspavalnega zdravila.<\/p>\n<h2>kupite Ambien 10mg na spletu<\/h2>\n<\/p><\/div><\/div><\/div><\/div>\n","protected":false},"excerpt":{"rendered":"<p>Kupite Ambien 10 mg tablete na spletu. Ambien se uporablja za zdravljenje motenj spanja. Tableta za hitro odvajanje se uporablja, da vam pomaga odkimati, ko se prvi\u010d odpravite na kav\u010d.<\/p>\n<p>Ambien, Zolpidem, ambien\u00a0<em>10mg<\/em>, Zolpidem tartrat, kupite uspavalne tablete na spletu, kupite antipiretik. anksioznost na spletu, antidepresivi,\u00a0<em>kupite ambien<\/em>\u00a0brez recepta.<\/p>\n","protected":false},"featured_media":5142,"comment_status":"open","ping_status":"closed","template":"","meta":[],"product_brand":[],"product_cat":[1117],"product_tag":[],"class_list":{"0":"post-5124","1":"product","2":"type-product","3":"status-publish","4":"has-post-thumbnail","6":"product_cat-kupite-tablete-proti-bolecinam-spanju-seksu","8":"first","9":"instock","10":"shipping-taxable","11":"purchasable","12":"product-type-variable","13":"has-default-attributes"},"yoast_head":"<!-- This site is optimized with the Yoast SEO plugin v27.3 - https:\/\/yoast.com\/product\/yoast-seo-wordpress\/ -->\n<title>Kupite Ambien 10 mg - Ambien 10 mg - Best Global Meds<\/title>\n<meta name=\"description\" content=\"Kupite Ambien 10 mg, Ambien, Zolpidem, ambien\u00a010 mg, Zolpidem Tartrate, kupite uspavalne tablete na spletu, kupite anti anksioznost na spletu, antidepresive,\u00a0kupite ambien\u00a0brez recepta.\" \/>\n<meta name=\"robots\" content=\"index, follow, max-snippet:-1, max-image-preview:large, max-video-preview:-1\" \/>\n<link rel=\"canonical\" href=\"https:\/\/medicinasinc.com\/sl\/product\/kupi-ambien-10-mg\/\" \/>\n<meta property=\"og:locale\" content=\"en_US\" \/>\n<meta property=\"og:type\" content=\"article\" \/>\n<meta property=\"og:title\" content=\"Kupite Ambien 10 mg - Ambien 10 mg - Best Global Meds\" \/>\n<meta property=\"og:description\" content=\"Kupite Ambien 10 mg, Ambien, Zolpidem, ambien\u00a010 mg, Zolpidem Tartrate, kupite uspavalne tablete na spletu, kupite anti anksioznost na spletu, antidepresive,\u00a0kupite ambien\u00a0brez recepta.\" \/>\n<meta property=\"og:url\" content=\"https:\/\/medicinasinc.com\/sl\/product\/kupi-ambien-10-mg\/\" \/>\n<meta property=\"og:site_name\" content=\"Medicinas Inc\" \/>\n<meta property=\"article:modified_time\" content=\"2022-03-19T00:42:27+00:00\" \/>\n<meta property=\"og:image\" content=\"https:\/\/medicinasinc.com\/sl\/wp-content\/uploads\/sites\/7\/2022\/02\/Buy-Ambien-10mg.jpg\" \/>\n\t<meta property=\"og:image:width\" content=\"225\" \/>\n\t<meta property=\"og:image:height\" content=\"225\" \/>\n\t<meta property=\"og:image:type\" content=\"image\/jpeg\" \/>\n<meta name=\"twitter:card\" content=\"summary_large_image\" \/>\n<meta name=\"twitter:label1\" content=\"Est. reading time\" \/>\n\t<meta name=\"twitter:data1\" content=\"2 minutes\" \/>\n<script type=\"application\/ld+json\" class=\"yoast-schema-graph\">{\"@context\":\"https:\\\/\\\/schema.org\",\"@graph\":[{\"@type\":\"WebPage\",\"@id\":\"https:\\\/\\\/medicinasinc.com\\\/sl\\\/product\\\/kupi-ambien-10-mg\\\/\",\"url\":\"https:\\\/\\\/medicinasinc.com\\\/sl\\\/product\\\/kupi-ambien-10-mg\\\/\",\"name\":\"Kupite Ambien 10 mg - Ambien 10 mg - Best Global Meds\",\"isPartOf\":{\"@id\":\"https:\\\/\\\/medicinasinc.com\\\/sl\\\/#website\"},\"primaryImageOfPage\":{\"@id\":\"https:\\\/\\\/medicinasinc.com\\\/sl\\\/product\\\/kupi-ambien-10-mg\\\/#primaryimage\"},\"image\":{\"@id\":\"https:\\\/\\\/medicinasinc.com\\\/sl\\\/product\\\/kupi-ambien-10-mg\\\/#primaryimage\"},\"thumbnailUrl\":\"https:\\\/\\\/medicinasinc.com\\\/sl\\\/wp-content\\\/uploads\\\/sites\\\/7\\\/2022\\\/02\\\/Buy-Ambien-10mg.jpg\",\"datePublished\":\"2022-02-20T20:42:48+00:00\",\"dateModified\":\"2022-03-19T00:42:27+00:00\",\"description\":\"Kupite Ambien 10 mg, Ambien, Zolpidem, ambien\u00a010 mg, Zolpidem Tartrate, kupite uspavalne tablete na spletu, kupite anti anksioznost na spletu, antidepresive,\u00a0kupite ambien\u00a0brez recepta.\",\"breadcrumb\":{\"@id\":\"https:\\\/\\\/medicinasinc.com\\\/sl\\\/product\\\/kupi-ambien-10-mg\\\/#breadcrumb\"},\"inLanguage\":\"en-US\",\"potentialAction\":[{\"@type\":\"ReadAction\",\"target\":[\"https:\\\/\\\/medicinasinc.com\\\/sl\\\/product\\\/kupi-ambien-10-mg\\\/\"]}]},{\"@type\":\"ImageObject\",\"inLanguage\":\"en-US\",\"@id\":\"https:\\\/\\\/medicinasinc.com\\\/sl\\\/product\\\/kupi-ambien-10-mg\\\/#primaryimage\",\"url\":\"https:\\\/\\\/medicinasinc.com\\\/sl\\\/wp-content\\\/uploads\\\/sites\\\/7\\\/2022\\\/02\\\/Buy-Ambien-10mg.jpg\",\"contentUrl\":\"https:\\\/\\\/medicinasinc.com\\\/sl\\\/wp-content\\\/uploads\\\/sites\\\/7\\\/2022\\\/02\\\/Buy-Ambien-10mg.jpg\",\"width\":225,\"height\":225},{\"@type\":\"BreadcrumbList\",\"@id\":\"https:\\\/\\\/medicinasinc.com\\\/sl\\\/product\\\/kupi-ambien-10-mg\\\/#breadcrumb\",\"itemListElement\":[{\"@type\":\"ListItem\",\"position\":1,\"name\":\"Nakupujte\",\"item\":\"https:\\\/\\\/medicinasinc.com\\\/sl\\\/nakupujte\\\/\"},{\"@type\":\"ListItem\",\"position\":2,\"name\":\"Kupite Ambien 10 mg\"}]},{\"@type\":\"WebSite\",\"@id\":\"https:\\\/\\\/medicinasinc.com\\\/sl\\\/#website\",\"url\":\"https:\\\/\\\/medicinasinc.com\\\/sl\\\/\",\"name\":\"Medicinas Inc\",\"description\":\"Health Medical Clinic\",\"potentialAction\":[{\"@type\":\"SearchAction\",\"target\":{\"@type\":\"EntryPoint\",\"urlTemplate\":\"https:\\\/\\\/medicinasinc.com\\\/sl\\\/?s={search_term_string}\"},\"query-input\":{\"@type\":\"PropertyValueSpecification\",\"valueRequired\":true,\"valueName\":\"search_term_string\"}}],\"inLanguage\":\"en-US\"}]}<\/script>\n<!-- \/ Yoast SEO plugin. -->","yoast_head_json":{"title":"Kupite Ambien 10 mg - Ambien 10 mg - Best Global Meds","description":"Kupite Ambien 10 mg, Ambien, Zolpidem, ambien\u00a010 mg, Zolpidem Tartrate, kupite uspavalne tablete na spletu, kupite anti anksioznost na spletu, antidepresive,\u00a0kupite ambien\u00a0brez recepta.","robots":{"index":"index","follow":"follow","max-snippet":"max-snippet:-1","max-image-preview":"max-image-preview:large","max-video-preview":"max-video-preview:-1"},"canonical":"https:\/\/medicinasinc.com\/sl\/product\/kupi-ambien-10-mg\/","og_locale":"en_US","og_type":"article","og_title":"Kupite Ambien 10 mg - Ambien 10 mg - Best Global Meds","og_description":"Kupite Ambien 10 mg, Ambien, Zolpidem, ambien\u00a010 mg, Zolpidem Tartrate, kupite uspavalne tablete na spletu, kupite anti anksioznost na spletu, antidepresive,\u00a0kupite ambien\u00a0brez recepta.","og_url":"https:\/\/medicinasinc.com\/sl\/product\/kupi-ambien-10-mg\/","og_site_name":"Medicinas Inc","article_modified_time":"2022-03-19T00:42:27+00:00","og_image":[{"width":225,"height":225,"url":"https:\/\/medicinasinc.com\/sl\/wp-content\/uploads\/sites\/7\/2022\/02\/Buy-Ambien-10mg.jpg","type":"image\/jpeg"}],"twitter_card":"summary_large_image","twitter_misc":{"Est. reading time":"2 minutes"},"schema":{"@context":"https:\/\/schema.org","@graph":[{"@type":"WebPage","@id":"https:\/\/medicinasinc.com\/sl\/product\/kupi-ambien-10-mg\/","url":"https:\/\/medicinasinc.com\/sl\/product\/kupi-ambien-10-mg\/","name":"Kupite Ambien 10 mg - Ambien 10 mg - Best Global Meds","isPartOf":{"@id":"https:\/\/medicinasinc.com\/sl\/#website"},"primaryImageOfPage":{"@id":"https:\/\/medicinasinc.com\/sl\/product\/kupi-ambien-10-mg\/#primaryimage"},"image":{"@id":"https:\/\/medicinasinc.com\/sl\/product\/kupi-ambien-10-mg\/#primaryimage"},"thumbnailUrl":"https:\/\/medicinasinc.com\/sl\/wp-content\/uploads\/sites\/7\/2022\/02\/Buy-Ambien-10mg.jpg","datePublished":"2022-02-20T20:42:48+00:00","dateModified":"2022-03-19T00:42:27+00:00","description":"Kupite Ambien 10 mg, Ambien, Zolpidem, ambien\u00a010 mg, Zolpidem Tartrate, kupite uspavalne tablete na spletu, kupite anti anksioznost na spletu, antidepresive,\u00a0kupite ambien\u00a0brez recepta.","breadcrumb":{"@id":"https:\/\/medicinasinc.com\/sl\/product\/kupi-ambien-10-mg\/#breadcrumb"},"inLanguage":"en-US","potentialAction":[{"@type":"ReadAction","target":["https:\/\/medicinasinc.com\/sl\/product\/kupi-ambien-10-mg\/"]}]},{"@type":"ImageObject","inLanguage":"en-US","@id":"https:\/\/medicinasinc.com\/sl\/product\/kupi-ambien-10-mg\/#primaryimage","url":"https:\/\/medicinasinc.com\/sl\/wp-content\/uploads\/sites\/7\/2022\/02\/Buy-Ambien-10mg.jpg","contentUrl":"https:\/\/medicinasinc.com\/sl\/wp-content\/uploads\/sites\/7\/2022\/02\/Buy-Ambien-10mg.jpg","width":225,"height":225},{"@type":"BreadcrumbList","@id":"https:\/\/medicinasinc.com\/sl\/product\/kupi-ambien-10-mg\/#breadcrumb","itemListElement":[{"@type":"ListItem","position":1,"name":"Nakupujte","item":"https:\/\/medicinasinc.com\/sl\/nakupujte\/"},{"@type":"ListItem","position":2,"name":"Kupite Ambien 10 mg"}]},{"@type":"WebSite","@id":"https:\/\/medicinasinc.com\/sl\/#website","url":"https:\/\/medicinasinc.com\/sl\/","name":"Medicinas Inc","description":"Health Medical Clinic","potentialAction":[{"@type":"SearchAction","target":{"@type":"EntryPoint","urlTemplate":"https:\/\/medicinasinc.com\/sl\/?s={search_term_string}"},"query-input":{"@type":"PropertyValueSpecification","valueRequired":true,"valueName":"search_term_string"}}],"inLanguage":"en-US"}]}},"_links":{"self":[{"href":"https:\/\/medicinasinc.com\/sl\/wp-json\/wp\/v2\/product\/5124","targetHints":{"allow":["GET"]}}],"collection":[{"href":"https:\/\/medicinasinc.com\/sl\/wp-json\/wp\/v2\/product"}],"about":[{"href":"https:\/\/medicinasinc.com\/sl\/wp-json\/wp\/v2\/types\/product"}],"replies":[{"embeddable":true,"href":"https:\/\/medicinasinc.com\/sl\/wp-json\/wp\/v2\/comments?post=5124"}],"wp:featuredmedia":[{"embeddable":true,"href":"https:\/\/medicinasinc.com\/sl\/wp-json\/wp\/v2\/media\/5142"}],"wp:attachment":[{"href":"https:\/\/medicinasinc.com\/sl\/wp-json\/wp\/v2\/media?parent=5124"}],"wp:term":[{"taxonomy":"product_brand","embeddable":true,"href":"https:\/\/medicinasinc.com\/sl\/wp-json\/wp\/v2\/product_brand?post=5124"},{"taxonomy":"product_cat","embeddable":true,"href":"https:\/\/medicinasinc.com\/sl\/wp-json\/wp\/v2\/product_cat?post=5124"},{"taxonomy":"product_tag","embeddable":true,"href":"https:\/\/medicinasinc.com\/sl\/wp-json\/wp\/v2\/product_tag?post=5124"}],"curies":[{"name":"wp","href":"https:\/\/api.w.org\/{rel}","templated":true}]}}