{"id":5123,"date":"2022-02-20T20:39:42","date_gmt":"2022-02-20T20:39:42","guid":{"rendered":"https:\/\/medicinasinc.com\/sl\/?post_type=product&#038;p=5123"},"modified":"2022-03-19T00:42:39","modified_gmt":"2022-03-19T00:42:39","slug":"buy-alprox-2mg-xanax","status":"publish","type":"product","link":"https:\/\/medicinasinc.com\/sl\/product\/buy-alprox-2mg-xanax\/","title":{"rendered":"Kupite Alprox 2 mg (Xanax)"},"content":{"rendered":"<p>I\u0161\u010dete XANAX 2mg za prodajo po razumni ceni? Izkoristite nizke cene Best Global Meds in hitro dostavo zdravila XANAX 2mg na va\u0161 prag!<\/p>\n<p>V Zdru\u017eenem kraljestvu lahko Alprazolam kupite prek spleta. Blagovna znamka Alprazolam (Xanax) 2 mg v Zdru\u017eenem kraljestvu\/EU&#8230; Tablete zdravila proti anksioznosti 2 mg so mo\u010dnej\u0161e v Zdru\u017eenem kraljestvu.<\/p>\n<p>Kje lahko kupim Xanax na spletu? Kje lahko kupim Xanax 2MG na spletu? Kje lahko kupim Xanax 1MG na spletu?<\/p>\n<p>Z zdravilom Xanax so mo\u017eni pomirjevalni in pomirjevalni u\u010dinki.<\/p>\n<p>Xanax 2Mg Kupite na spletu v Zdru\u017eenem kraljestvu Konvulzivno je videti morfolo\u0161ko naro\u010dilo Xanax \u010dez no\u010d. Waxier Wilburn nasprotuje nakupu Xanaxa na spletu Reddit, ki bi ponudbo podprl na bolj naporen na\u010din.<\/p>\n<p>Xanax brez recepta je mogo\u010de poceni kupiti na spletu. Kje lahko kupim fentermin v razsutem stanju po najni\u017eji ceni? Slike generi\u010dnih zdravil xanaxa 2 mg<\/p>\n<p>To zdravilo se uporablja za zdravljenje pani\u010dnih motenj in anksioznih motenj, kot sta nepri\u010dakovan intenziven strah in napetost, ki sta posledica stresa. Alprazolam je tableta 0,5 MG, 1 MG, 2 MG. Najbolje je, da za\u010dnete z majhnim odmerkom in nadaljujete do ve\u010djega. Da bi se izognili odtegnitvenim simptomom, kot so epilepti\u010dni napadi, agresivno vedenje, zamegljen vid itd., \u010de nenadoma prenehate jemati to zdravilo.<\/p>\n<p>Alprazolam 0,5 MG tableto lahko jemljete s hrano ali brez nje, odvisno od va\u0161e \u017eelje. Ne prekora\u010dite priporo\u010denega odmerka. \u010ce opazite kakr\u0161ne koli ne\u017eelene u\u010dinke, se takoj posvetujte s svojim zdravnikom. Da bi se izognili kakr\u0161nim koli odtegnitvenim simptomom, ne prenehajte jemati zdravila, ne da bi prej obiskali zdravnika!<\/p>\n<p>Kar je vklju\u010den v proces<br \/> Hiperpolarizacija in stabilnost nevronske membrane se dose\u017eeta z interakcijo tega zdravila s kloridom kanalov, kar prepre\u010duje dodatno vzbujanje celic.<\/p>\n","protected":false},"excerpt":{"rendered":"<p>Alprox 2mg tablete lahko kupite na spletu (Xanax). Kaj je Alprox 2 mg? Ali ga je mogo\u010de kupiti na spletu? Ali je zdravilo Alprox 2mg na voljo v prosti prodaji?<\/p>\n<p>Nakupite tableto Alprazolam Xanax 2 mg v Zdru\u017eenem kraljestvu, Evropi v na\u0161i spletni lekarni Best Global za zdravila s hitro globalno dostavo! Tukaj boste odkrili najbolj\u0161e cene tablet Alprazolam 2 MG!<\/p>\n<p>Xanax 2 mg tableta se uporablja za zdravljenje pani\u010dnih motenj in anksioznosti, kot sta nepri\u010dakovan mo\u010dan strah in napetost, ki jih povzro\u010da stres. Kupite tableto Xanax 2 mg. Najbolje je, da za\u010dnete z majhnim odmerkom in nadaljujete do ve\u010djega. \u010ce nenadoma prenehate jemati to zdravilo, se lahko pojavijo odtegnitveni simptomi, vklju\u010dno s kr\u010di, agresivnim vedenjem, zamegljenim vidom in drugim.<\/p>\n","protected":false},"featured_media":5140,"comment_status":"open","ping_status":"closed","template":"","meta":[],"product_brand":[],"product_cat":[703],"product_tag":[1125,1126,1127,1128,1129,1130,1160,1135,1136,1137,1138,1143,1144,1145,1131,1146,1132,1133,1148,1149,1155,1162,1163,1156,1157,1158,1166,1152,1154,1164,1165,1151,1140,1141,1150,1172,1176,1177,1179,1180,1178,1181,1147,1183,1182,1171,1167,1189,1168,1185,1186,1187,1169,1142,1188,1153,1173,1174,1190,1159,1191,1134,1139,1184,1192,1161,1170,1193,1194,1175],"class_list":{"0":"post-5123","1":"product","2":"type-product","3":"status-publish","4":"has-post-thumbnail","6":"product_cat-kupi-psihedelina-mamila","7":"product_tag-alprazolam-25","8":"product_tag-alprazolam-25-za-make","9":"product_tag-alprazolam-0-25-mg","10":"product_tag-alprazolam-0-5-mg-cena","11":"product_tag-alprazolam-1-mg-modra","12":"product_tag-alprazolam-2mg-palice","13":"product_tag-alprazolam-as-za-odkrivanje-urina","14":"product_tag-alprazolam-cost","15":"product_tag-alprazolam-dogs","16":"product_tag-alprazolam-dose-for-dogs","17":"product_tag-alprazolam-dosis-para-dormir-profundamente","18":"product_tag-alprazolam-for-sale","19":"product_tag-alprazolam-for-sleep","20":"product_tag-alprazolam-from-mexico","21":"product_tag-alprazolam-in-alkohol","22":"product_tag-alprazolam-intensol","23":"product_tag-alprazolam-modra","24":"product_tag-alprazolam-modra-tabletka","25":"product_tag-alprazolam-muscle-relaxant-dose","26":"product_tag-alprazolam-online","27":"product_tag-alprazolam-pronounce","28":"product_tag-alprazolam-proti-klonazepamu","29":"product_tag-alprazolam-proti-lorazepamu","30":"product_tag-alprazolam-psychonaut","31":"product_tag-alprazolam-refill-rules","32":"product_tag-alprazolam-reviews","33":"product_tag-alprazolam-rumena","34":"product_tag-alprazolam-v-prahu","35":"product_tag-alprazolam-cena","36":"product_tag-alprazolam-ksanaks","37":"product_tag-alprazolam-xr","38":"product_tag-alprazolam-za-kaj-se-uporablja","39":"product_tag-alprazolam-za-pse","40":"product_tag-alprazolam-za-pse-na-spletu","41":"product_tag-alprazolam-za-spanje","42":"product_tag-diazepam-proti-alprazolamu","43":"product_tag-farmapram-alprazolam","44":"product_tag-farmapram-alprazolam-2mg","45":"product_tag-flualprazolam-vs-alprazolam","46":"product_tag-greenstone-alprazolam","47":"product_tag-gripa-alprazolam","48":"product_tag-how-long-does-alprazolam-last-in-urine-reddit","49":"product_tag-interakcije-z-alprazolamom","50":"product_tag-je-alprazolam-a-nadzorovana-snov","51":"product_tag-kako-kupiti-alprazolam-na-spletu","52":"product_tag-klonazepam-proti-alprazolamu","53":"product_tag-kupi-alprazolam","54":"product_tag-nakup-alprazolam-online","55":"product_tag-kupi-alprazolam-online","56":"product_tag-lorazepam-v-primerjavi-z-alprazolamom","57":"product_tag-lorazepam-vs-alprazolam-reddit","58":"product_tag-mexican-alprazolam-2mg","59":"product_tag-nakup-alprazolam","60":"product_tag-stranski-uinki-alprazolam-za-pse","61":"product_tag-order-alprazolam-online","62":"product_tag-alprazolam-praek-naprodaj","63":"product_tag-razlika-med-alprazolamom-in-lorazepamom","64":"product_tag-razlika-med-lorazepamom-in-alprazolamom","65":"product_tag-sandoz-alprazolam","66":"product_tag-alprazolam-sinteza","67":"product_tag-snort-alprazolam","68":"product_tag-alprazolam-steklenica","69":"product_tag-stranski-uinki-alprazolama","70":"product_tag-tekoi-alprazolam","71":"product_tag-the-best-place-to-buy-alprazolam-online","72":"product_tag-uporaba-alprazolama","73":"product_tag-can-alprazolam-dobi-you-high","74":"product_tag-what-is-alprazolam-used-for-share","75":"product_tag-where-to-buy-alprazolam-online","76":"product_tag-zdravniki-ki-predpisujejo-alprazolam-blizu-mene","78":"first","79":"instock","80":"shipping-taxable","81":"purchasable","82":"product-type-variable"},"yoast_head":"<!-- This site is optimized with the Yoast SEO plugin v27.3 - https:\/\/yoast.com\/product\/yoast-seo-wordpress\/ -->\n<title>Kupite Alprox 2 mg (Xanax) - Naro\u010dite Xanax - Najbolj\u0161a najbolj\u0161a zdravila na svetu<\/title>\n<meta name=\"description\" content=\"Kupite tablete Alprox 2 mg na spletu (Xanax). kupi Alprox na spletu, Alprox na spletu, kupi na spletu alprox, kupi xanax, Kupi Alprazolam Xanax 2 mg tablete UK, Evropa\" \/>\n<meta name=\"robots\" content=\"index, follow, max-snippet:-1, max-image-preview:large, max-video-preview:-1\" \/>\n<link rel=\"canonical\" href=\"https:\/\/medicinasinc.com\/sl\/product\/buy-alprox-2mg-xanax\/\" \/>\n<meta property=\"og:locale\" content=\"en_US\" \/>\n<meta property=\"og:type\" content=\"article\" \/>\n<meta property=\"og:title\" content=\"Kupite Alprox 2 mg (Xanax) - Naro\u010dite Xanax - Najbolj\u0161a najbolj\u0161a zdravila na svetu\" \/>\n<meta property=\"og:description\" content=\"Kupite tablete Alprox 2 mg na spletu (Xanax). kupi Alprox na spletu, Alprox na spletu, kupi na spletu alprox, kupi xanax, Kupi Alprazolam Xanax 2 mg tablete UK, Evropa\" \/>\n<meta property=\"og:url\" content=\"https:\/\/medicinasinc.com\/sl\/product\/buy-alprox-2mg-xanax\/\" \/>\n<meta property=\"og:site_name\" content=\"Medicinas Inc\" \/>\n<meta property=\"article:modified_time\" content=\"2022-03-19T00:42:39+00:00\" \/>\n<meta property=\"og:image\" content=\"https:\/\/medicinasinc.com\/sl\/wp-content\/uploads\/sites\/7\/2022\/02\/Buy-Alprox-2mg.jpg\" \/>\n\t<meta property=\"og:image:width\" content=\"600\" \/>\n\t<meta property=\"og:image:height\" content=\"600\" \/>\n\t<meta property=\"og:image:type\" content=\"image\/jpeg\" \/>\n<meta name=\"twitter:card\" content=\"summary_large_image\" \/>\n<meta name=\"twitter:label1\" content=\"Est. reading time\" \/>\n\t<meta name=\"twitter:data1\" content=\"2 minutes\" \/>\n<script type=\"application\/ld+json\" class=\"yoast-schema-graph\">{\"@context\":\"https:\\\/\\\/schema.org\",\"@graph\":[{\"@type\":\"WebPage\",\"@id\":\"https:\\\/\\\/medicinasinc.com\\\/sl\\\/product\\\/buy-alprox-2mg-xanax\\\/\",\"url\":\"https:\\\/\\\/medicinasinc.com\\\/sl\\\/product\\\/buy-alprox-2mg-xanax\\\/\",\"name\":\"Kupite Alprox 2 mg (Xanax) - Naro\u010dite Xanax - Najbolj\u0161a najbolj\u0161a zdravila na svetu\",\"isPartOf\":{\"@id\":\"https:\\\/\\\/medicinasinc.com\\\/sl\\\/#website\"},\"primaryImageOfPage\":{\"@id\":\"https:\\\/\\\/medicinasinc.com\\\/sl\\\/product\\\/buy-alprox-2mg-xanax\\\/#primaryimage\"},\"image\":{\"@id\":\"https:\\\/\\\/medicinasinc.com\\\/sl\\\/product\\\/buy-alprox-2mg-xanax\\\/#primaryimage\"},\"thumbnailUrl\":\"https:\\\/\\\/medicinasinc.com\\\/sl\\\/wp-content\\\/uploads\\\/sites\\\/7\\\/2022\\\/02\\\/Buy-Alprox-2mg.jpg\",\"datePublished\":\"2022-02-20T20:39:42+00:00\",\"dateModified\":\"2022-03-19T00:42:39+00:00\",\"description\":\"Kupite tablete Alprox 2 mg na spletu (Xanax). kupi Alprox na spletu, Alprox na spletu, kupi na spletu alprox, kupi xanax, Kupi Alprazolam Xanax 2 mg tablete UK, Evropa\",\"breadcrumb\":{\"@id\":\"https:\\\/\\\/medicinasinc.com\\\/sl\\\/product\\\/buy-alprox-2mg-xanax\\\/#breadcrumb\"},\"inLanguage\":\"en-US\",\"potentialAction\":[{\"@type\":\"ReadAction\",\"target\":[\"https:\\\/\\\/medicinasinc.com\\\/sl\\\/product\\\/buy-alprox-2mg-xanax\\\/\"]}]},{\"@type\":\"ImageObject\",\"inLanguage\":\"en-US\",\"@id\":\"https:\\\/\\\/medicinasinc.com\\\/sl\\\/product\\\/buy-alprox-2mg-xanax\\\/#primaryimage\",\"url\":\"https:\\\/\\\/medicinasinc.com\\\/sl\\\/wp-content\\\/uploads\\\/sites\\\/7\\\/2022\\\/02\\\/Buy-Alprox-2mg.jpg\",\"contentUrl\":\"https:\\\/\\\/medicinasinc.com\\\/sl\\\/wp-content\\\/uploads\\\/sites\\\/7\\\/2022\\\/02\\\/Buy-Alprox-2mg.jpg\",\"width\":600,\"height\":600},{\"@type\":\"BreadcrumbList\",\"@id\":\"https:\\\/\\\/medicinasinc.com\\\/sl\\\/product\\\/buy-alprox-2mg-xanax\\\/#breadcrumb\",\"itemListElement\":[{\"@type\":\"ListItem\",\"position\":1,\"name\":\"Nakupujte\",\"item\":\"https:\\\/\\\/medicinasinc.com\\\/sl\\\/nakupujte\\\/\"},{\"@type\":\"ListItem\",\"position\":2,\"name\":\"Kupite Alprox 2 mg (Xanax)\"}]},{\"@type\":\"WebSite\",\"@id\":\"https:\\\/\\\/medicinasinc.com\\\/sl\\\/#website\",\"url\":\"https:\\\/\\\/medicinasinc.com\\\/sl\\\/\",\"name\":\"Medicinas Inc\",\"description\":\"Health Medical Clinic\",\"potentialAction\":[{\"@type\":\"SearchAction\",\"target\":{\"@type\":\"EntryPoint\",\"urlTemplate\":\"https:\\\/\\\/medicinasinc.com\\\/sl\\\/?s={search_term_string}\"},\"query-input\":{\"@type\":\"PropertyValueSpecification\",\"valueRequired\":true,\"valueName\":\"search_term_string\"}}],\"inLanguage\":\"en-US\"}]}<\/script>\n<!-- \/ Yoast SEO plugin. -->","yoast_head_json":{"title":"Kupite Alprox 2 mg (Xanax) - Naro\u010dite Xanax - Najbolj\u0161a najbolj\u0161a zdravila na svetu","description":"Kupite tablete Alprox 2 mg na spletu (Xanax). kupi Alprox na spletu, Alprox na spletu, kupi na spletu alprox, kupi xanax, Kupi Alprazolam Xanax 2 mg tablete UK, Evropa","robots":{"index":"index","follow":"follow","max-snippet":"max-snippet:-1","max-image-preview":"max-image-preview:large","max-video-preview":"max-video-preview:-1"},"canonical":"https:\/\/medicinasinc.com\/sl\/product\/buy-alprox-2mg-xanax\/","og_locale":"en_US","og_type":"article","og_title":"Kupite Alprox 2 mg (Xanax) - Naro\u010dite Xanax - Najbolj\u0161a najbolj\u0161a zdravila na svetu","og_description":"Kupite tablete Alprox 2 mg na spletu (Xanax). kupi Alprox na spletu, Alprox na spletu, kupi na spletu alprox, kupi xanax, Kupi Alprazolam Xanax 2 mg tablete UK, Evropa","og_url":"https:\/\/medicinasinc.com\/sl\/product\/buy-alprox-2mg-xanax\/","og_site_name":"Medicinas Inc","article_modified_time":"2022-03-19T00:42:39+00:00","og_image":[{"width":600,"height":600,"url":"https:\/\/medicinasinc.com\/sl\/wp-content\/uploads\/sites\/7\/2022\/02\/Buy-Alprox-2mg.jpg","type":"image\/jpeg"}],"twitter_card":"summary_large_image","twitter_misc":{"Est. reading time":"2 minutes"},"schema":{"@context":"https:\/\/schema.org","@graph":[{"@type":"WebPage","@id":"https:\/\/medicinasinc.com\/sl\/product\/buy-alprox-2mg-xanax\/","url":"https:\/\/medicinasinc.com\/sl\/product\/buy-alprox-2mg-xanax\/","name":"Kupite Alprox 2 mg (Xanax) - Naro\u010dite Xanax - Najbolj\u0161a najbolj\u0161a zdravila na svetu","isPartOf":{"@id":"https:\/\/medicinasinc.com\/sl\/#website"},"primaryImageOfPage":{"@id":"https:\/\/medicinasinc.com\/sl\/product\/buy-alprox-2mg-xanax\/#primaryimage"},"image":{"@id":"https:\/\/medicinasinc.com\/sl\/product\/buy-alprox-2mg-xanax\/#primaryimage"},"thumbnailUrl":"https:\/\/medicinasinc.com\/sl\/wp-content\/uploads\/sites\/7\/2022\/02\/Buy-Alprox-2mg.jpg","datePublished":"2022-02-20T20:39:42+00:00","dateModified":"2022-03-19T00:42:39+00:00","description":"Kupite tablete Alprox 2 mg na spletu (Xanax). kupi Alprox na spletu, Alprox na spletu, kupi na spletu alprox, kupi xanax, Kupi Alprazolam Xanax 2 mg tablete UK, Evropa","breadcrumb":{"@id":"https:\/\/medicinasinc.com\/sl\/product\/buy-alprox-2mg-xanax\/#breadcrumb"},"inLanguage":"en-US","potentialAction":[{"@type":"ReadAction","target":["https:\/\/medicinasinc.com\/sl\/product\/buy-alprox-2mg-xanax\/"]}]},{"@type":"ImageObject","inLanguage":"en-US","@id":"https:\/\/medicinasinc.com\/sl\/product\/buy-alprox-2mg-xanax\/#primaryimage","url":"https:\/\/medicinasinc.com\/sl\/wp-content\/uploads\/sites\/7\/2022\/02\/Buy-Alprox-2mg.jpg","contentUrl":"https:\/\/medicinasinc.com\/sl\/wp-content\/uploads\/sites\/7\/2022\/02\/Buy-Alprox-2mg.jpg","width":600,"height":600},{"@type":"BreadcrumbList","@id":"https:\/\/medicinasinc.com\/sl\/product\/buy-alprox-2mg-xanax\/#breadcrumb","itemListElement":[{"@type":"ListItem","position":1,"name":"Nakupujte","item":"https:\/\/medicinasinc.com\/sl\/nakupujte\/"},{"@type":"ListItem","position":2,"name":"Kupite Alprox 2 mg (Xanax)"}]},{"@type":"WebSite","@id":"https:\/\/medicinasinc.com\/sl\/#website","url":"https:\/\/medicinasinc.com\/sl\/","name":"Medicinas Inc","description":"Health Medical Clinic","potentialAction":[{"@type":"SearchAction","target":{"@type":"EntryPoint","urlTemplate":"https:\/\/medicinasinc.com\/sl\/?s={search_term_string}"},"query-input":{"@type":"PropertyValueSpecification","valueRequired":true,"valueName":"search_term_string"}}],"inLanguage":"en-US"}]}},"_links":{"self":[{"href":"https:\/\/medicinasinc.com\/sl\/wp-json\/wp\/v2\/product\/5123","targetHints":{"allow":["GET"]}}],"collection":[{"href":"https:\/\/medicinasinc.com\/sl\/wp-json\/wp\/v2\/product"}],"about":[{"href":"https:\/\/medicinasinc.com\/sl\/wp-json\/wp\/v2\/types\/product"}],"replies":[{"embeddable":true,"href":"https:\/\/medicinasinc.com\/sl\/wp-json\/wp\/v2\/comments?post=5123"}],"wp:featuredmedia":[{"embeddable":true,"href":"https:\/\/medicinasinc.com\/sl\/wp-json\/wp\/v2\/media\/5140"}],"wp:attachment":[{"href":"https:\/\/medicinasinc.com\/sl\/wp-json\/wp\/v2\/media?parent=5123"}],"wp:term":[{"taxonomy":"product_brand","embeddable":true,"href":"https:\/\/medicinasinc.com\/sl\/wp-json\/wp\/v2\/product_brand?post=5123"},{"taxonomy":"product_cat","embeddable":true,"href":"https:\/\/medicinasinc.com\/sl\/wp-json\/wp\/v2\/product_cat?post=5123"},{"taxonomy":"product_tag","embeddable":true,"href":"https:\/\/medicinasinc.com\/sl\/wp-json\/wp\/v2\/product_tag?post=5123"}],"curies":[{"name":"wp","href":"https:\/\/api.w.org\/{rel}","templated":true}]}}