{"id":5122,"date":"2022-02-20T20:38:15","date_gmt":"2022-02-20T20:38:15","guid":{"rendered":"https:\/\/medicinasinc.com\/sl\/?post_type=product&#038;p=5122"},"modified":"2022-03-19T00:42:49","modified_gmt":"2022-03-19T00:42:49","slug":"kupi-adderall-30-mg","status":"publish","type":"product","link":"https:\/\/medicinasinc.com\/sl\/product\/kupi-adderall-30-mg\/","title":{"rendered":"Kupite Adderall 30 mg"},"content":{"rendered":"<p>Kupite Adderall 30mg peroralne tablete na spletu z uporabo Bitcoina. Poleg tega se uporablja za zdravljenje motnje pozornosti s hiperaktivnostjo (ADHD) in narkolepsije.<\/p>\n<p>Kupite Adderall 30 mg na spletu s hitro globalno dostavo v na\u0161i spletni lekarni Global Med! Tukaj boste na\u0161li najbolj\u0161i Adderall 30 mg za nakup!<\/p>\n<p>Adderall 30 MG je zdravilo na recept, ki je ustvarjeno z me\u0161anjem dekstroamfetamina. Ti dve komponenti delujeta kot glavna stimulansa \u017eiv\u010dnega sistema. Poleg tega ti stimulansi vplivajo na mo\u017eganske kemikalije in nevrone, ki uravnavajo impulze in hiperaktivnost. Zdravilo se uporablja predvsem za zdravljenje narkolepsije in hiperaktivne motnje pomanjkanja pozornosti (ADHD). U\u017eivanje je dovoljeno v omejenem \u0161tevilu dr\u017eav, in sicer v Kanadi in Zdru\u017eenih dr\u017eavah.<\/p>\n<p>Najresnej\u0161a te\u017eava pri nakupu Adderall 30Mg na spletu je ta beseda, ki se za\u010dne z W<\/p>\n<p>Vsaka h\u010di oz. fant se rodi s precej dobrim spominom.<\/p>\n<p>Kupite Adderall 30mg. Za recept ni potrebe. Dostava je popolnoma varna in diskretna. Dostava je mo\u017ena \u010dez no\u010d. Zajam\u010deno vra\u010dilo denarja.<\/p>\n<p> Tablete Adderall lahko kupite brez recepta na spletu, adderall na odprtem ra\u010dunalniku in Ali lahko kupim Adderall na spletu.<\/p>\n<p>Previdnostni ukrepi za odmerjanje:<\/p>\n<p> \u010ceprav oseba morda potrebuje Adderall XR, mora pred prvim odmerkom obiskati zdravnika, \u010de ima prekomerno delovanje \u0161\u010ditnice, zmerno do hudo visok krvni tlak, glavkom, katero koli sr\u010dno bolezen ali je bil prej odvisen od drog ali alkohola. Poleg tega posameznike pozivamo, naj ne zlorabljajo odmerka zdravila, saj bi to lahko povzro\u010dilo velike negativne u\u010dinke na srce ali, v najslab\u0161em primeru, smrt.<\/p>\n<p>Pozitiven rezultat:<\/p>\n<p>Kot vsaka snov ima tudi u\u017eivanje \u0161tevilne u\u010dinke, tako pozitivne kot slabe. Poleg tega ima Adderall 30 MG. Ugotovljeno je bilo, da njegova kraj\u0161a uporaba po nasvetu zdravnika ugodno vpliva na zdravje osebe, saj prepre\u010duje simptome ADHD. To se zgodi iz naslednjih razlogov:<\/p>\n<p>V na\u0161ih mo\u017eganih pove\u010da raven nevrotransmiterjev, kot sta dopamin in noradrenalin. Poleg tega te specifi\u010dne spojine v mo\u017eganih slu\u017eijo za izbolj\u0161anje ravni energije, budnosti in osredoto\u010denosti.<br \/> Zdravilo lahko pospe\u0161i sr\u010dni utrip in vzdr\u017euje oskrbo mi\u0161ic s krvjo.<br \/> Dosledna uporaba, kot jo predpi\u0161ejo zdravniki, lahko povzro\u010di pove\u010dano energijo in mo\u010d, kar se \u0161teje za primerljivo s porabo kokaina.<br \/>Negativen rezultat:<\/p>\n<p>Zaradi dejstva, da je Adderall 30 MG zelo ob\u010dutljivo zdravilo, ga jemljemo brez zdravni\u0161kega recept lahko slabo vpliva na va\u0161e zdravje.<\/p>\n<p>Razdra\u017eljivost<br \/> Zmanj\u0161anje telesne te\u017ee, ki je nezdravo zaradi zatiranja apetita<br \/> Nespe\u010dnost in moteni vzorci spanja<br \/> Hudi sr\u010dni zapleti<\/p>\n<p>&nbsp;<\/p>\n<p>&nbsp;<\/p>\n<p>&nbsp;<\/p>\n<p>V primeru zlorabe:<\/p>\n<p>Zdravniki so vedno svetovali bolniki, naj zdravila uporabljajo previdno, in \u010de je bil Adderall 30 MG zlorabljen, je to povzro\u010dilo pove\u010dano raven energije in mo\u010dno okrepitev. Poleg tega lahko prekomerna uporaba slednje snovi povzro\u010di neprijetne simptome, kot so:<\/p>\n<p>Zmanj\u0161ana pozornost pri dolo\u010denih opravilih<br \/> Depresija in po\u010dasnost<br \/> Zapomnite si te to\u010dke utrujenosti:<\/p>\n<p>Poleg tega je treba upo\u0161tevati nekaj stvari, preden uporabite Adderall 30 MG.<\/p>\n<p>Raziskovalci so posameznikom svetovali, naj ga ne zau\u017eijejo, \u010de so jemali zaviralce MAO, kot so linezolid, injekcija metilen modrega, izokarboksazid ali razagilin. v preteklih 14 dneh, saj bi to lahko povzro\u010dilo hudo farmakolo\u0161ko interakcijo, ki je zagotovo nezdrava.<\/p>\n<p>Poleg tega se mora oseba, ki je alergi\u010dna na po\u017eivila, izogibati ali \u010de se \u017ee spopada z njo. naslednje:<\/p>\n<p>Vsaka resna koronarna arterijska ali sr\u010dna bolezen<br \/> Hipertenzija (normalna do visoka)<br \/> Anksioznost in stres na najvi\u0161ji ravni<br \/> Odvisnost od drog ali alkohola<br \/> Kaj, \u010de je nekdo odvisen od Adderall XR?<\/p>\n<p>Odvisnost od tak\u0161ne snovi se lahko manifestira na dva na\u010dina: psihi\u010dno in fizi\u010dno.<\/p>\n<p>\u010ce jo \u010dlovek jemlje vsakodnevno in se zasidra v njegovem \u017eivljenju, bo razvil psiholo\u0161ko odvisnost oz. odvisnost od tega. Poleg tega bi omejevanje dostopa do njega iz kakr\u0161nega koli razloga lahko bole\u010de in du\u0161evno odvisni posamezniki bi imeli redni stres ali glavobole.<\/p>\n<p>Poleg tega se pri du\u0161evno odvisnih posameznikih poraba pogosto stopnjuje na nevarne ravni in so k temu prisiljeni. ga \u0161e naprej pijejo, tudi \u010de tvegajo svoje \u017eivljenje. Vendar pa je v tem primeru na voljo zdravilo. Ta vedenjski vzorec se lahko spremeni s psihiatri\u010dnim zdravljenjem. Po mnenju strokovnjakov je lahko koristna terapija, imenovana kognitivno-vedenjska terapija.<\/p>\n<p>Drugi\u010d, ko je oseba navajena, da ima v mo\u017eganih na voljo vi\u0161jo raven dopamina, lahko zmanj\u0161anje Adderall XR povzro\u010di zmanj\u0161anje dopamina ravni, kar ima za posledico naslednje:<\/p>\n<p>&nbsp;<\/p>\n<p>Depresija ali iz\u010drpanost<br \/> Nenaravno spanje ali ostanek buden nenavadno dolgo \u010dasa<\/p>\n<p>To je Tukaj je treba poudariti, da lahko fizi\u010dna odvisnost izzove \u017eeljo po zau\u017eitju ve\u010d snovi, da bi ohranili zadovoljstvo, kar lahko povzro\u010di razli\u010dne \u0161kodljive u\u010dinke in preveliko odmerjanje.<\/p>\n<p>Vendar pa njihovo zau\u017eitje le po navodilih strokovnjaka. ali z najve\u010djo preudarnostjo lahko za\u0161\u010diti ljudi pred negativnimi posledicami.<\/p>\n","protected":false},"excerpt":{"rendered":"<p>Kupite Adderall 30 mg v Zdru\u017eenem kraljestvu in Evropi v na\u0161i najbolj\u0161i spletni lekarni Global Meds s hitro mednarodno dostavo! Tukaj boste na\u0161li najbolj\u0161i Adderall 30 mg za nakup!<\/p>\n<p>Kupite Adderall 30 mg na spletu. Kupite Adderall 30 mg na spletu pri enem najve\u010djih spletnih trgovcev po najbolj\u0161i ceni. Adderall je znan tudi kot amfetamin in dekstroamfetamin in se uporablja za zdravljenje hiperaktivne motnje pomanjkanja pozornosti (ADHD) (motnja hiperaktivnosti s pomanjkanjem pozornosti).<\/p>\n<p>Adderall 30 MG je zdravilo na recept, ki nastane z me\u0161anjem dekstroamfetamina. Ti dve komponenti delujeta kot glavna stimulansa \u017eiv\u010dnega sistema. Poleg tega ti stimulansi vplivajo na mo\u017eganske kemikalije in nevrone, ki uravnavajo impulze in hiperaktivnost.<\/p>\n","protected":false},"featured_media":5138,"comment_status":"open","ping_status":"closed","template":"","meta":[],"product_brand":[],"product_cat":[1117],"product_tag":[1120,1119,1121,1118,1122,1123,1124],"class_list":{"0":"post-5122","1":"product","2":"type-product","3":"status-publish","4":"has-post-thumbnail","6":"product_cat-kupite-tablete-proti-bolecinam-spanju-seksu","7":"product_tag-kako-kupiti-adderall-30-mg-online","8":"product_tag-buy-adderall-30-mg-online","9":"product_tag-order-adderall-30-mg-online","10":"product_tag-adderall-30-mg-za-prodajo","11":"product_tag-purchase-adderall-30-mg-online","12":"product_tag-the-best-place-to-buy-adderall-30-mg-online","13":"product_tag-where-to-buy-adderall-30-mg-online","15":"first","16":"instock","17":"shipping-taxable","18":"purchasable","19":"product-type-variable","20":"has-default-attributes"},"yoast_head":"<!-- This site is optimized with the Yoast SEO plugin v27.3 - https:\/\/yoast.com\/product\/yoast-seo-wordpress\/ -->\n<title>Kupite Adderall 30 mg - Adderall 30 mg - Best Global Meds<\/title>\n<meta name=\"description\" content=\"Kupite tablete Adderall 30 mg na spletu. Kupite Adderall online 30 mg enega najbolj\u0161ih prodajalcev na drobno na spletu po najbolj\u0161i ceni. Adderall je znan tudi kot amfetamin in dekstroamfetamin, ki se uporabljata za zdravljenje ADHD (motnja hiperaktivnosti s pomanjkanjem pozornosti).\" \/>\n<meta name=\"robots\" content=\"index, follow, max-snippet:-1, max-image-preview:large, max-video-preview:-1\" \/>\n<link rel=\"canonical\" href=\"https:\/\/medicinasinc.com\/sl\/product\/kupi-adderall-30-mg\/\" \/>\n<meta property=\"og:locale\" content=\"en_US\" \/>\n<meta property=\"og:type\" content=\"article\" \/>\n<meta property=\"og:title\" content=\"Kupite Adderall 30 mg - Adderall 30 mg - Best Global Meds\" \/>\n<meta property=\"og:description\" content=\"Kupite tablete Adderall 30 mg na spletu. Kupite Adderall online 30 mg enega najbolj\u0161ih prodajalcev na drobno na spletu po najbolj\u0161i ceni. Adderall je znan tudi kot amfetamin in dekstroamfetamin, ki se uporabljata za zdravljenje ADHD (motnja hiperaktivnosti s pomanjkanjem pozornosti).\" \/>\n<meta property=\"og:url\" content=\"https:\/\/medicinasinc.com\/sl\/product\/kupi-adderall-30-mg\/\" \/>\n<meta property=\"og:site_name\" content=\"Medicinas Inc\" \/>\n<meta property=\"article:modified_time\" content=\"2022-03-19T00:42:49+00:00\" \/>\n<meta property=\"og:image\" content=\"https:\/\/medicinasinc.com\/sl\/wp-content\/uploads\/sites\/7\/2022\/02\/Buy-Adderall-30-MG.jpg\" \/>\n\t<meta property=\"og:image:width\" content=\"392\" \/>\n\t<meta property=\"og:image:height\" content=\"300\" \/>\n\t<meta property=\"og:image:type\" content=\"image\/jpeg\" \/>\n<meta name=\"twitter:card\" content=\"summary_large_image\" \/>\n<meta name=\"twitter:label1\" content=\"Est. reading time\" \/>\n\t<meta name=\"twitter:data1\" content=\"4 minutes\" \/>\n<script type=\"application\/ld+json\" class=\"yoast-schema-graph\">{\"@context\":\"https:\\\/\\\/schema.org\",\"@graph\":[{\"@type\":\"WebPage\",\"@id\":\"https:\\\/\\\/medicinasinc.com\\\/sl\\\/product\\\/kupi-adderall-30-mg\\\/\",\"url\":\"https:\\\/\\\/medicinasinc.com\\\/sl\\\/product\\\/kupi-adderall-30-mg\\\/\",\"name\":\"Kupite Adderall 30 mg - Adderall 30 mg - Best Global Meds\",\"isPartOf\":{\"@id\":\"https:\\\/\\\/medicinasinc.com\\\/sl\\\/#website\"},\"primaryImageOfPage\":{\"@id\":\"https:\\\/\\\/medicinasinc.com\\\/sl\\\/product\\\/kupi-adderall-30-mg\\\/#primaryimage\"},\"image\":{\"@id\":\"https:\\\/\\\/medicinasinc.com\\\/sl\\\/product\\\/kupi-adderall-30-mg\\\/#primaryimage\"},\"thumbnailUrl\":\"https:\\\/\\\/medicinasinc.com\\\/sl\\\/wp-content\\\/uploads\\\/sites\\\/7\\\/2022\\\/02\\\/Buy-Adderall-30-MG.jpg\",\"datePublished\":\"2022-02-20T20:38:15+00:00\",\"dateModified\":\"2022-03-19T00:42:49+00:00\",\"description\":\"Kupite tablete Adderall 30 mg na spletu. Kupite Adderall online 30 mg enega najbolj\u0161ih prodajalcev na drobno na spletu po najbolj\u0161i ceni. Adderall je znan tudi kot amfetamin in dekstroamfetamin, ki se uporabljata za zdravljenje ADHD (motnja hiperaktivnosti s pomanjkanjem pozornosti).\",\"breadcrumb\":{\"@id\":\"https:\\\/\\\/medicinasinc.com\\\/sl\\\/product\\\/kupi-adderall-30-mg\\\/#breadcrumb\"},\"inLanguage\":\"en-US\",\"potentialAction\":[{\"@type\":\"ReadAction\",\"target\":[\"https:\\\/\\\/medicinasinc.com\\\/sl\\\/product\\\/kupi-adderall-30-mg\\\/\"]}]},{\"@type\":\"ImageObject\",\"inLanguage\":\"en-US\",\"@id\":\"https:\\\/\\\/medicinasinc.com\\\/sl\\\/product\\\/kupi-adderall-30-mg\\\/#primaryimage\",\"url\":\"https:\\\/\\\/medicinasinc.com\\\/sl\\\/wp-content\\\/uploads\\\/sites\\\/7\\\/2022\\\/02\\\/Buy-Adderall-30-MG.jpg\",\"contentUrl\":\"https:\\\/\\\/medicinasinc.com\\\/sl\\\/wp-content\\\/uploads\\\/sites\\\/7\\\/2022\\\/02\\\/Buy-Adderall-30-MG.jpg\",\"width\":392,\"height\":300},{\"@type\":\"BreadcrumbList\",\"@id\":\"https:\\\/\\\/medicinasinc.com\\\/sl\\\/product\\\/kupi-adderall-30-mg\\\/#breadcrumb\",\"itemListElement\":[{\"@type\":\"ListItem\",\"position\":1,\"name\":\"Nakupujte\",\"item\":\"https:\\\/\\\/medicinasinc.com\\\/sl\\\/nakupujte\\\/\"},{\"@type\":\"ListItem\",\"position\":2,\"name\":\"Kupite Adderall 30 mg\"}]},{\"@type\":\"WebSite\",\"@id\":\"https:\\\/\\\/medicinasinc.com\\\/sl\\\/#website\",\"url\":\"https:\\\/\\\/medicinasinc.com\\\/sl\\\/\",\"name\":\"Medicinas Inc\",\"description\":\"Health Medical Clinic\",\"potentialAction\":[{\"@type\":\"SearchAction\",\"target\":{\"@type\":\"EntryPoint\",\"urlTemplate\":\"https:\\\/\\\/medicinasinc.com\\\/sl\\\/?s={search_term_string}\"},\"query-input\":{\"@type\":\"PropertyValueSpecification\",\"valueRequired\":true,\"valueName\":\"search_term_string\"}}],\"inLanguage\":\"en-US\"}]}<\/script>\n<!-- \/ Yoast SEO plugin. -->","yoast_head_json":{"title":"Kupite Adderall 30 mg - Adderall 30 mg - Best Global Meds","description":"Kupite tablete Adderall 30 mg na spletu. Kupite Adderall online 30 mg enega najbolj\u0161ih prodajalcev na drobno na spletu po najbolj\u0161i ceni. Adderall je znan tudi kot amfetamin in dekstroamfetamin, ki se uporabljata za zdravljenje ADHD (motnja hiperaktivnosti s pomanjkanjem pozornosti).","robots":{"index":"index","follow":"follow","max-snippet":"max-snippet:-1","max-image-preview":"max-image-preview:large","max-video-preview":"max-video-preview:-1"},"canonical":"https:\/\/medicinasinc.com\/sl\/product\/kupi-adderall-30-mg\/","og_locale":"en_US","og_type":"article","og_title":"Kupite Adderall 30 mg - Adderall 30 mg - Best Global Meds","og_description":"Kupite tablete Adderall 30 mg na spletu. Kupite Adderall online 30 mg enega najbolj\u0161ih prodajalcev na drobno na spletu po najbolj\u0161i ceni. Adderall je znan tudi kot amfetamin in dekstroamfetamin, ki se uporabljata za zdravljenje ADHD (motnja hiperaktivnosti s pomanjkanjem pozornosti).","og_url":"https:\/\/medicinasinc.com\/sl\/product\/kupi-adderall-30-mg\/","og_site_name":"Medicinas Inc","article_modified_time":"2022-03-19T00:42:49+00:00","og_image":[{"width":392,"height":300,"url":"https:\/\/medicinasinc.com\/sl\/wp-content\/uploads\/sites\/7\/2022\/02\/Buy-Adderall-30-MG.jpg","type":"image\/jpeg"}],"twitter_card":"summary_large_image","twitter_misc":{"Est. reading time":"4 minutes"},"schema":{"@context":"https:\/\/schema.org","@graph":[{"@type":"WebPage","@id":"https:\/\/medicinasinc.com\/sl\/product\/kupi-adderall-30-mg\/","url":"https:\/\/medicinasinc.com\/sl\/product\/kupi-adderall-30-mg\/","name":"Kupite Adderall 30 mg - Adderall 30 mg - Best Global Meds","isPartOf":{"@id":"https:\/\/medicinasinc.com\/sl\/#website"},"primaryImageOfPage":{"@id":"https:\/\/medicinasinc.com\/sl\/product\/kupi-adderall-30-mg\/#primaryimage"},"image":{"@id":"https:\/\/medicinasinc.com\/sl\/product\/kupi-adderall-30-mg\/#primaryimage"},"thumbnailUrl":"https:\/\/medicinasinc.com\/sl\/wp-content\/uploads\/sites\/7\/2022\/02\/Buy-Adderall-30-MG.jpg","datePublished":"2022-02-20T20:38:15+00:00","dateModified":"2022-03-19T00:42:49+00:00","description":"Kupite tablete Adderall 30 mg na spletu. Kupite Adderall online 30 mg enega najbolj\u0161ih prodajalcev na drobno na spletu po najbolj\u0161i ceni. Adderall je znan tudi kot amfetamin in dekstroamfetamin, ki se uporabljata za zdravljenje ADHD (motnja hiperaktivnosti s pomanjkanjem pozornosti).","breadcrumb":{"@id":"https:\/\/medicinasinc.com\/sl\/product\/kupi-adderall-30-mg\/#breadcrumb"},"inLanguage":"en-US","potentialAction":[{"@type":"ReadAction","target":["https:\/\/medicinasinc.com\/sl\/product\/kupi-adderall-30-mg\/"]}]},{"@type":"ImageObject","inLanguage":"en-US","@id":"https:\/\/medicinasinc.com\/sl\/product\/kupi-adderall-30-mg\/#primaryimage","url":"https:\/\/medicinasinc.com\/sl\/wp-content\/uploads\/sites\/7\/2022\/02\/Buy-Adderall-30-MG.jpg","contentUrl":"https:\/\/medicinasinc.com\/sl\/wp-content\/uploads\/sites\/7\/2022\/02\/Buy-Adderall-30-MG.jpg","width":392,"height":300},{"@type":"BreadcrumbList","@id":"https:\/\/medicinasinc.com\/sl\/product\/kupi-adderall-30-mg\/#breadcrumb","itemListElement":[{"@type":"ListItem","position":1,"name":"Nakupujte","item":"https:\/\/medicinasinc.com\/sl\/nakupujte\/"},{"@type":"ListItem","position":2,"name":"Kupite Adderall 30 mg"}]},{"@type":"WebSite","@id":"https:\/\/medicinasinc.com\/sl\/#website","url":"https:\/\/medicinasinc.com\/sl\/","name":"Medicinas Inc","description":"Health Medical Clinic","potentialAction":[{"@type":"SearchAction","target":{"@type":"EntryPoint","urlTemplate":"https:\/\/medicinasinc.com\/sl\/?s={search_term_string}"},"query-input":{"@type":"PropertyValueSpecification","valueRequired":true,"valueName":"search_term_string"}}],"inLanguage":"en-US"}]}},"_links":{"self":[{"href":"https:\/\/medicinasinc.com\/sl\/wp-json\/wp\/v2\/product\/5122","targetHints":{"allow":["GET"]}}],"collection":[{"href":"https:\/\/medicinasinc.com\/sl\/wp-json\/wp\/v2\/product"}],"about":[{"href":"https:\/\/medicinasinc.com\/sl\/wp-json\/wp\/v2\/types\/product"}],"replies":[{"embeddable":true,"href":"https:\/\/medicinasinc.com\/sl\/wp-json\/wp\/v2\/comments?post=5122"}],"wp:featuredmedia":[{"embeddable":true,"href":"https:\/\/medicinasinc.com\/sl\/wp-json\/wp\/v2\/media\/5138"}],"wp:attachment":[{"href":"https:\/\/medicinasinc.com\/sl\/wp-json\/wp\/v2\/media?parent=5122"}],"wp:term":[{"taxonomy":"product_brand","embeddable":true,"href":"https:\/\/medicinasinc.com\/sl\/wp-json\/wp\/v2\/product_brand?post=5122"},{"taxonomy":"product_cat","embeddable":true,"href":"https:\/\/medicinasinc.com\/sl\/wp-json\/wp\/v2\/product_cat?post=5122"},{"taxonomy":"product_tag","embeddable":true,"href":"https:\/\/medicinasinc.com\/sl\/wp-json\/wp\/v2\/product_tag?post=5122"}],"curies":[{"name":"wp","href":"https:\/\/api.w.org\/{rel}","templated":true}]}}