{"id":5096,"date":"2022-02-20T20:15:06","date_gmt":"2022-02-20T20:15:06","guid":{"rendered":"https:\/\/medicinasinc.com\/sl\/?post_type=product&#038;p=5096"},"modified":"2022-03-19T00:42:57","modified_gmt":"2022-03-19T00:42:57","slug":"grenivka-plevel-sev","status":"publish","type":"product","link":"https:\/\/medicinasinc.com\/sl\/product\/grenivka-plevel-sev\/","title":{"rendered":"Sev grenivke"},"content":{"rendered":"<p><strong>Spletni nakup visokokakovostne grenivkine marihuane<\/strong><\/p>\n<p>Grenivka je skoraj \u010dista sorta sativa. Nastal je s kri\u017eanjem Pepelke 99 z neznano sativo z okusom grenivke. To ni rekreacijski sev marihuane; ponuja tudi \u0161tevilne zdravstvene lastnosti. Po nekaj vdihih se boste po\u010dutili manj pod stresom, depresijo in bole\u010dino.<\/p>\n<p><strong>Sativa<\/strong>\u00a0\u2013 100 %<\/p>\n<p><strong>THC<\/strong> &gt;: 17-20 %<\/p>\n<h3><strong>Pomembne informacije o po\u0161iljanju<\/strong><\/h3>\n<ul>\n<li><strong>BREZPLA\u010cNA po\u0161tnina za naro\u010dila v vrednosti 175 USD ali ve\u010d<\/strong><\/li>\n<li>Nahajamo se na zahodni obali Kanade<\/li>\n<li><strong>Naro\u010dila bodo prispela v pribli\u017eno 3 delovne dni<\/strong>\u00a0potem, ko po\u0161ta Kanade prejme paket *ob predpostavki, da iz Kanade ni zamud Po po\u0161ti*<\/li>\n<li>Paketi bodo odposlani glede na \u010das\u00a0<strong>ko je pla\u010dilo prejeto<\/strong>\u00a0NE ko je naro\u010dilo oddano.<\/li>\n<li>Naro\u010dila s pla\u010dilom prejmejo med 12.00 PST in 12.00 uro po pacifi\u0161kem standardnem \u010dasu. PST (od polno\u010di do 12.00) bodo odposlana isti dan.<\/li>\n<li>Naro\u010dila s pla\u010dilom, prejeta po 12. uri po PST (poldan), bodo odposlana naslednji dan.<\/li>\n<\/ul>\n<div class=\" izdelek-naslednji-prej\u0161nji\">\n<div class=\"product-prev\"><\/div><\/div>\n","protected":false},"excerpt":{"rendered":"<div class=\"woocommerce-product-details__short-description\">\n<p>Grapefruit je zelo mo\u010dan sev marihuane sativa, ustvarjen s kri\u017eanjem Cinderella 99 z grenivko. Grenivka ima revitalizirajo\u010de lastnosti in vzbuja ob\u010dutek veselja. Ta sev ima profil tropskega okusa in di\u0161avo po citrusih.<\/p>\n<p>Nakup grenivke Marihuana Strain je zelo mo\u010dan sev marihuane sativa, ustvarjen s kri\u017eanjem Cinderella 99 z grenivko. Grapefruit Marihuana Sev za prodajo na spletu<\/p>\n<p>Marihuana grenivke najvi\u0161je kakovosti, ki je na voljo na spletu.<\/p>\n<p>Grapefruit Cannabis je sorta sativa. 70 % prevladujo\u010de hibridne sative \/ 30 % indica THC: 20 %\u201325 %, CBN: 1 %<\/p>\n<\/p><\/div>\n","protected":false},"featured_media":5115,"comment_status":"open","ping_status":"closed","template":"","meta":[],"product_brand":[],"product_cat":[778],"product_tag":[1063,1064,1065,1066,1071,1072,1073,1074,1079,1080,1081,1082,1087,1088,1089,1090,1091,1096,1097,1098,1099,1104,1105,1106,1107,1112,1113,1115,1116,1067,1069,1075,1076,1078,1068,1060,1061,1062,1070,1077,1083,1084,1085,1086,1094,1093,1102,1092,1108,1110,1111,1114,1095,1101,1103,1100,1109],"class_list":{"0":"post-5096","1":"product","2":"type-product","3":"status-publish","4":"has-post-thumbnail","6":"product_cat-plevel-za-prodajo","7":"product_tag-buy-grapefruit-strain-online-in-bulgary","8":"product_tag-buy-grapefruit-strain-online-in-canada","9":"product_tag-buy-grapefruit-strain-online-in-china","10":"product_tag-buy-grapefruit-strain-online-in-croatia","11":"product_tag-buy-grapefruit-strain-online-in-germany","12":"product_tag-buy-grapefruit-strain-online-in-hungary","13":"product_tag-buy-grapefruit-strain-online-in-ireland","14":"product_tag-buy-grapefruit-strain-online-in-italy","15":"product_tag-buy-grapefruit-strain-online-in-pillipines","16":"product_tag-buy-grapefruit-strain-online-in-russia","17":"product_tag-buy-grapefruit-strain-online-in-scotland","18":"product_tag-buy-grapefruit-strain-online-in-spain","19":"product_tag-buy-grapefruit-weed-strain-online","20":"product_tag-buy-weed-online-in-australia","21":"product_tag-buy-weed-online-in-austria","22":"product_tag-buy-weed-online-in-belarus","23":"product_tag-buy-weed-online-in-bulgary","24":"product_tag-buy-weed-online-in-england","25":"product_tag-buy-weed-online-in-finland","26":"product_tag-buy-weed-online-in-france","27":"product_tag-buy-weed-online-in-germany","28":"product_tag-buy-weed-online-in-malta","29":"product_tag-buy-weed-online-in-mexico","30":"product_tag-buy-weed-online-in-new-zealand","31":"product_tag-buy-weed-online-in-pillipines","32":"product_tag-buy-weed-online-in-turkey","33":"product_tag-buy-weed-online-in-usa","34":"product_tag-cheap-grapefruit-marijuana-for-sale-online","35":"product_tag-grapefruit-weed-for-sale-online","36":"product_tag-kupi-grenivke-seva-online-na-danskem","37":"product_tag-kupi-grenivke-seva-na-spletu-na-finskem","38":"product_tag-kupi-grenivke-seva-online-na-japonskem","39":"product_tag-kupi-grenivke-seva-online-na-malti","40":"product_tag-kupi-grenivka-seva-online-na-novi-zelandiji","41":"product_tag-kupi-grenivka-seva-na-spletu-v-angliji","42":"product_tag-kupi-grenivke-seva-online-v-avstralia","43":"product_tag-kupi-grenivke-seva-na-spletu-v-avstriji","44":"product_tag-kupi-grenivka-seva-online-v-belarus","45":"product_tag-kupi-grenivke-seva-online-v-franciji","46":"product_tag-kupi-grenivke-sev-online-v-mehico","47":"product_tag-kupi-grenivka-seva-na-spletu-v-vici","48":"product_tag-kupi-grenivka-seva-online-v-turija","49":"product_tag-kupite-grenivke-seva-online-v-us","50":"product_tag-kupite-grenivke-seva-online-online-in-uk","51":"product_tag-kupi-plevel-online-na-hrvakem","52":"product_tag-kupi-plevel-online-na-kitajskem","53":"product_tag-kupi-plevel-online-v-italija","54":"product_tag-kupi-plevel-online-v-kanadi","55":"product_tag-kupi-plevel-online-v-rusiji","56":"product_tag-kupi-plevel-online-v-paniji","57":"product_tag-kupi-plevel-online-v-vici","58":"product_tag-buy-weed-online-online-in-uk","59":"product_tag-kupi-plevel-online-na-danskem","60":"product_tag-kupi-plevel-online-na-irskem","61":"product_tag-kupi-plevel-online-na-japonskem","62":"product_tag-kupi-plevel-online-na-madarskem","63":"product_tag-buy-weed-online-in-scotland","65":"first","66":"instock","67":"shipping-taxable","68":"purchasable","69":"product-type-variable","70":"has-default-attributes"},"yoast_head":"<!-- This site is optimized with the Yoast SEO plugin v27.3 - https:\/\/yoast.com\/product\/yoast-seo-wordpress\/ -->\n<title>Kupite sev grenivke - najbolj\u0161a najbolj\u0161a zdravila na svetu<\/title>\n<meta name=\"description\" content=\"Kupite Grapefruit Weed Strain je mo\u010dan sev marihuane sativa, pridobljen s kri\u017eanjem Pepelke 99. Kupite sev grenivke marihuane na spletu\" \/>\n<meta name=\"robots\" content=\"index, follow, max-snippet:-1, max-image-preview:large, max-video-preview:-1\" \/>\n<link rel=\"canonical\" href=\"https:\/\/medicinasinc.com\/sl\/product\/grenivka-plevel-sev\/\" \/>\n<meta property=\"og:locale\" content=\"en_US\" \/>\n<meta property=\"og:type\" content=\"article\" \/>\n<meta property=\"og:title\" content=\"Kupite sev grenivke - najbolj\u0161a najbolj\u0161a zdravila na svetu\" \/>\n<meta property=\"og:description\" content=\"Kupite Grapefruit Weed Strain je mo\u010dan sev marihuane sativa, pridobljen s kri\u017eanjem Pepelke 99. Kupite sev grenivke marihuane na spletu\" \/>\n<meta property=\"og:url\" content=\"https:\/\/medicinasinc.com\/sl\/product\/grenivka-plevel-sev\/\" \/>\n<meta property=\"og:site_name\" content=\"Medicinas Inc\" \/>\n<meta property=\"article:modified_time\" content=\"2022-03-19T00:42:57+00:00\" \/>\n<meta property=\"og:image\" content=\"https:\/\/medicinasinc.com\/sl\/wp-content\/uploads\/sites\/7\/2022\/02\/Buy-Grapefruit-Weed-Strain.jpg\" \/>\n\t<meta property=\"og:image:width\" content=\"600\" \/>\n\t<meta property=\"og:image:height\" content=\"600\" \/>\n\t<meta property=\"og:image:type\" content=\"image\/jpeg\" \/>\n<meta name=\"twitter:card\" content=\"summary_large_image\" \/>\n<meta name=\"twitter:label1\" content=\"Est. reading time\" \/>\n\t<meta name=\"twitter:data1\" content=\"1 minute\" \/>\n<script type=\"application\/ld+json\" class=\"yoast-schema-graph\">{\"@context\":\"https:\\\/\\\/schema.org\",\"@graph\":[{\"@type\":\"WebPage\",\"@id\":\"https:\\\/\\\/medicinasinc.com\\\/sl\\\/product\\\/grenivka-plevel-sev\\\/\",\"url\":\"https:\\\/\\\/medicinasinc.com\\\/sl\\\/product\\\/grenivka-plevel-sev\\\/\",\"name\":\"Kupite sev grenivke - najbolj\u0161a najbolj\u0161a zdravila na svetu\",\"isPartOf\":{\"@id\":\"https:\\\/\\\/medicinasinc.com\\\/sl\\\/#website\"},\"primaryImageOfPage\":{\"@id\":\"https:\\\/\\\/medicinasinc.com\\\/sl\\\/product\\\/grenivka-plevel-sev\\\/#primaryimage\"},\"image\":{\"@id\":\"https:\\\/\\\/medicinasinc.com\\\/sl\\\/product\\\/grenivka-plevel-sev\\\/#primaryimage\"},\"thumbnailUrl\":\"https:\\\/\\\/medicinasinc.com\\\/sl\\\/wp-content\\\/uploads\\\/sites\\\/7\\\/2022\\\/02\\\/Buy-Grapefruit-Weed-Strain.jpg\",\"datePublished\":\"2022-02-20T20:15:06+00:00\",\"dateModified\":\"2022-03-19T00:42:57+00:00\",\"description\":\"Kupite Grapefruit Weed Strain je mo\u010dan sev marihuane sativa, pridobljen s kri\u017eanjem Pepelke 99. Kupite sev grenivke marihuane na spletu\",\"breadcrumb\":{\"@id\":\"https:\\\/\\\/medicinasinc.com\\\/sl\\\/product\\\/grenivka-plevel-sev\\\/#breadcrumb\"},\"inLanguage\":\"en-US\",\"potentialAction\":[{\"@type\":\"ReadAction\",\"target\":[\"https:\\\/\\\/medicinasinc.com\\\/sl\\\/product\\\/grenivka-plevel-sev\\\/\"]}]},{\"@type\":\"ImageObject\",\"inLanguage\":\"en-US\",\"@id\":\"https:\\\/\\\/medicinasinc.com\\\/sl\\\/product\\\/grenivka-plevel-sev\\\/#primaryimage\",\"url\":\"https:\\\/\\\/medicinasinc.com\\\/sl\\\/wp-content\\\/uploads\\\/sites\\\/7\\\/2022\\\/02\\\/Buy-Grapefruit-Weed-Strain.jpg\",\"contentUrl\":\"https:\\\/\\\/medicinasinc.com\\\/sl\\\/wp-content\\\/uploads\\\/sites\\\/7\\\/2022\\\/02\\\/Buy-Grapefruit-Weed-Strain.jpg\",\"width\":600,\"height\":600},{\"@type\":\"BreadcrumbList\",\"@id\":\"https:\\\/\\\/medicinasinc.com\\\/sl\\\/product\\\/grenivka-plevel-sev\\\/#breadcrumb\",\"itemListElement\":[{\"@type\":\"ListItem\",\"position\":1,\"name\":\"Nakupujte\",\"item\":\"https:\\\/\\\/medicinasinc.com\\\/sl\\\/nakupujte\\\/\"},{\"@type\":\"ListItem\",\"position\":2,\"name\":\"Sev grenivke\"}]},{\"@type\":\"WebSite\",\"@id\":\"https:\\\/\\\/medicinasinc.com\\\/sl\\\/#website\",\"url\":\"https:\\\/\\\/medicinasinc.com\\\/sl\\\/\",\"name\":\"Medicinas Inc\",\"description\":\"Health Medical Clinic\",\"potentialAction\":[{\"@type\":\"SearchAction\",\"target\":{\"@type\":\"EntryPoint\",\"urlTemplate\":\"https:\\\/\\\/medicinasinc.com\\\/sl\\\/?s={search_term_string}\"},\"query-input\":{\"@type\":\"PropertyValueSpecification\",\"valueRequired\":true,\"valueName\":\"search_term_string\"}}],\"inLanguage\":\"en-US\"}]}<\/script>\n<!-- \/ Yoast SEO plugin. -->","yoast_head_json":{"title":"Kupite sev grenivke - najbolj\u0161a najbolj\u0161a zdravila na svetu","description":"Kupite Grapefruit Weed Strain je mo\u010dan sev marihuane sativa, pridobljen s kri\u017eanjem Pepelke 99. Kupite sev grenivke marihuane na spletu","robots":{"index":"index","follow":"follow","max-snippet":"max-snippet:-1","max-image-preview":"max-image-preview:large","max-video-preview":"max-video-preview:-1"},"canonical":"https:\/\/medicinasinc.com\/sl\/product\/grenivka-plevel-sev\/","og_locale":"en_US","og_type":"article","og_title":"Kupite sev grenivke - najbolj\u0161a najbolj\u0161a zdravila na svetu","og_description":"Kupite Grapefruit Weed Strain je mo\u010dan sev marihuane sativa, pridobljen s kri\u017eanjem Pepelke 99. Kupite sev grenivke marihuane na spletu","og_url":"https:\/\/medicinasinc.com\/sl\/product\/grenivka-plevel-sev\/","og_site_name":"Medicinas Inc","article_modified_time":"2022-03-19T00:42:57+00:00","og_image":[{"width":600,"height":600,"url":"https:\/\/medicinasinc.com\/sl\/wp-content\/uploads\/sites\/7\/2022\/02\/Buy-Grapefruit-Weed-Strain.jpg","type":"image\/jpeg"}],"twitter_card":"summary_large_image","twitter_misc":{"Est. reading time":"1 minute"},"schema":{"@context":"https:\/\/schema.org","@graph":[{"@type":"WebPage","@id":"https:\/\/medicinasinc.com\/sl\/product\/grenivka-plevel-sev\/","url":"https:\/\/medicinasinc.com\/sl\/product\/grenivka-plevel-sev\/","name":"Kupite sev grenivke - najbolj\u0161a najbolj\u0161a zdravila na svetu","isPartOf":{"@id":"https:\/\/medicinasinc.com\/sl\/#website"},"primaryImageOfPage":{"@id":"https:\/\/medicinasinc.com\/sl\/product\/grenivka-plevel-sev\/#primaryimage"},"image":{"@id":"https:\/\/medicinasinc.com\/sl\/product\/grenivka-plevel-sev\/#primaryimage"},"thumbnailUrl":"https:\/\/medicinasinc.com\/sl\/wp-content\/uploads\/sites\/7\/2022\/02\/Buy-Grapefruit-Weed-Strain.jpg","datePublished":"2022-02-20T20:15:06+00:00","dateModified":"2022-03-19T00:42:57+00:00","description":"Kupite Grapefruit Weed Strain je mo\u010dan sev marihuane sativa, pridobljen s kri\u017eanjem Pepelke 99. Kupite sev grenivke marihuane na spletu","breadcrumb":{"@id":"https:\/\/medicinasinc.com\/sl\/product\/grenivka-plevel-sev\/#breadcrumb"},"inLanguage":"en-US","potentialAction":[{"@type":"ReadAction","target":["https:\/\/medicinasinc.com\/sl\/product\/grenivka-plevel-sev\/"]}]},{"@type":"ImageObject","inLanguage":"en-US","@id":"https:\/\/medicinasinc.com\/sl\/product\/grenivka-plevel-sev\/#primaryimage","url":"https:\/\/medicinasinc.com\/sl\/wp-content\/uploads\/sites\/7\/2022\/02\/Buy-Grapefruit-Weed-Strain.jpg","contentUrl":"https:\/\/medicinasinc.com\/sl\/wp-content\/uploads\/sites\/7\/2022\/02\/Buy-Grapefruit-Weed-Strain.jpg","width":600,"height":600},{"@type":"BreadcrumbList","@id":"https:\/\/medicinasinc.com\/sl\/product\/grenivka-plevel-sev\/#breadcrumb","itemListElement":[{"@type":"ListItem","position":1,"name":"Nakupujte","item":"https:\/\/medicinasinc.com\/sl\/nakupujte\/"},{"@type":"ListItem","position":2,"name":"Sev grenivke"}]},{"@type":"WebSite","@id":"https:\/\/medicinasinc.com\/sl\/#website","url":"https:\/\/medicinasinc.com\/sl\/","name":"Medicinas Inc","description":"Health Medical Clinic","potentialAction":[{"@type":"SearchAction","target":{"@type":"EntryPoint","urlTemplate":"https:\/\/medicinasinc.com\/sl\/?s={search_term_string}"},"query-input":{"@type":"PropertyValueSpecification","valueRequired":true,"valueName":"search_term_string"}}],"inLanguage":"en-US"}]}},"_links":{"self":[{"href":"https:\/\/medicinasinc.com\/sl\/wp-json\/wp\/v2\/product\/5096","targetHints":{"allow":["GET"]}}],"collection":[{"href":"https:\/\/medicinasinc.com\/sl\/wp-json\/wp\/v2\/product"}],"about":[{"href":"https:\/\/medicinasinc.com\/sl\/wp-json\/wp\/v2\/types\/product"}],"replies":[{"embeddable":true,"href":"https:\/\/medicinasinc.com\/sl\/wp-json\/wp\/v2\/comments?post=5096"}],"wp:featuredmedia":[{"embeddable":true,"href":"https:\/\/medicinasinc.com\/sl\/wp-json\/wp\/v2\/media\/5115"}],"wp:attachment":[{"href":"https:\/\/medicinasinc.com\/sl\/wp-json\/wp\/v2\/media?parent=5096"}],"wp:term":[{"taxonomy":"product_brand","embeddable":true,"href":"https:\/\/medicinasinc.com\/sl\/wp-json\/wp\/v2\/product_brand?post=5096"},{"taxonomy":"product_cat","embeddable":true,"href":"https:\/\/medicinasinc.com\/sl\/wp-json\/wp\/v2\/product_cat?post=5096"},{"taxonomy":"product_tag","embeddable":true,"href":"https:\/\/medicinasinc.com\/sl\/wp-json\/wp\/v2\/product_tag?post=5096"}],"curies":[{"name":"wp","href":"https:\/\/api.w.org\/{rel}","templated":true}]}}