{"id":5095,"date":"2022-02-20T20:14:14","date_gmt":"2022-02-20T20:14:14","guid":{"rendered":"https:\/\/medicinasinc.com\/sl\/?post_type=product&#038;p=5095"},"modified":"2022-03-19T00:43:10","modified_gmt":"2022-03-19T00:43:10","slug":"tunin-kus","status":"publish","type":"product","link":"https:\/\/medicinasinc.com\/sl\/product\/tunin-kus\/","title":{"rendered":"Tuna Kush"},"content":{"rendered":"<p><strong>Velikost popka: srednja<\/strong><br \/> <strong>Tekstura: rahlo lepljiva \/ rahlo gne\u010da<br \/> Okusi: zemeljski \/ lesni \/ ostre<\/strong><\/p>\n<div class=\"product-prev\">Tuna Kush je pojav Britanske Kolumbije, ki se vra\u010da na severnoameri\u0161ke trge medicinske konoplje. Ta pasma je bila poimenovana za eno najmo\u010dnej\u0161ih na trgu, saj ustvarja kompaktne, debele kepece, ki so gosto prevle\u010deni s smolo. \u010ceprav Tuna Kush ni znan po visokem pridelku, bo tisto, kar nastane iz teh tanj\u0161ih stebel, mo\u010dno in okusno. Kot re\u010deno, \u010de se ta sev prebije v va\u0161o rast, boste morda \u017eeleli izbolj\u0161ati svoje ogljikove filtre, saj ta popek smrdi! Pri\u010dakujte kombinacijo ostrega skunka, goriva in ne\u017ene sladkobe.<\/div><\/div>\n","protected":false},"excerpt":{"rendered":"<p>Kupite Tuna Kush je eden najmo\u010dnej\u0161ih sevov indica konoplje, ki je na voljo za prodajo. En toke bo vzbudil globok ob\u010dutek navdu\u0161enja in sprostitve.<\/p>\n<p>Bluefin Tuna Kush je hibridna sorta Indica, ki prevladuje, ki zdru\u017euje najbolj\u0161e iz borovnic in slavnega Tuna Kusha v BC.<\/p>\n","protected":false},"featured_media":5113,"comment_status":"open","ping_status":"closed","template":"","meta":[],"product_brand":[],"product_cat":[778],"product_tag":[],"class_list":{"0":"post-5095","1":"product","2":"type-product","3":"status-publish","4":"has-post-thumbnail","6":"product_cat-plevel-za-prodajo","8":"first","9":"instock","10":"shipping-taxable","11":"purchasable","12":"product-type-variable","13":"has-default-attributes"},"yoast_head":"<!-- This site is optimized with the Yoast SEO plugin v27.3 - https:\/\/yoast.com\/product\/yoast-seo-wordpress\/ -->\n<title>Kupite Tuna Kush - Tuna Kush - Best Global Meds<\/title>\n<meta name=\"description\" content=\"Kupite plevel Tuna Kush za prodajo je eden najmo\u010dnej\u0161ih sevov indica konoplje, ki so na voljo. En toke vas bo spravil v globoko stanje evforije in sprostitve.\" \/>\n<meta name=\"robots\" content=\"index, follow, max-snippet:-1, max-image-preview:large, max-video-preview:-1\" \/>\n<link rel=\"canonical\" href=\"https:\/\/medicinasinc.com\/sl\/product\/tunin-kus\/\" \/>\n<meta property=\"og:locale\" content=\"en_US\" \/>\n<meta property=\"og:type\" content=\"article\" \/>\n<meta property=\"og:title\" content=\"Kupite Tuna Kush - Tuna Kush - Best Global Meds\" \/>\n<meta property=\"og:description\" content=\"Kupite plevel Tuna Kush za prodajo je eden najmo\u010dnej\u0161ih sevov indica konoplje, ki so na voljo. En toke vas bo spravil v globoko stanje evforije in sprostitve.\" \/>\n<meta property=\"og:url\" content=\"https:\/\/medicinasinc.com\/sl\/product\/tunin-kus\/\" \/>\n<meta property=\"og:site_name\" content=\"Medicinas Inc\" \/>\n<meta property=\"article:modified_time\" content=\"2022-03-19T00:43:10+00:00\" \/>\n<meta property=\"og:image\" content=\"https:\/\/medicinasinc.com\/sl\/wp-content\/uploads\/sites\/7\/2022\/02\/Buy-Tuna-Kush.jpg\" \/>\n\t<meta property=\"og:image:width\" content=\"1024\" \/>\n\t<meta property=\"og:image:height\" content=\"768\" \/>\n\t<meta property=\"og:image:type\" content=\"image\/jpeg\" \/>\n<meta name=\"twitter:card\" content=\"summary_large_image\" \/>\n<meta name=\"twitter:label1\" content=\"Est. reading time\" \/>\n\t<meta name=\"twitter:data1\" content=\"1 minute\" \/>\n<script type=\"application\/ld+json\" class=\"yoast-schema-graph\">{\"@context\":\"https:\\\/\\\/schema.org\",\"@graph\":[{\"@type\":\"WebPage\",\"@id\":\"https:\\\/\\\/medicinasinc.com\\\/sl\\\/product\\\/tunin-kus\\\/\",\"url\":\"https:\\\/\\\/medicinasinc.com\\\/sl\\\/product\\\/tunin-kus\\\/\",\"name\":\"Kupite Tuna Kush - Tuna Kush - Best Global Meds\",\"isPartOf\":{\"@id\":\"https:\\\/\\\/medicinasinc.com\\\/sl\\\/#website\"},\"primaryImageOfPage\":{\"@id\":\"https:\\\/\\\/medicinasinc.com\\\/sl\\\/product\\\/tunin-kus\\\/#primaryimage\"},\"image\":{\"@id\":\"https:\\\/\\\/medicinasinc.com\\\/sl\\\/product\\\/tunin-kus\\\/#primaryimage\"},\"thumbnailUrl\":\"https:\\\/\\\/medicinasinc.com\\\/sl\\\/wp-content\\\/uploads\\\/sites\\\/7\\\/2022\\\/02\\\/Buy-Tuna-Kush.jpg\",\"datePublished\":\"2022-02-20T20:14:14+00:00\",\"dateModified\":\"2022-03-19T00:43:10+00:00\",\"description\":\"Kupite plevel Tuna Kush za prodajo je eden najmo\u010dnej\u0161ih sevov indica konoplje, ki so na voljo. En toke vas bo spravil v globoko stanje evforije in sprostitve.\",\"breadcrumb\":{\"@id\":\"https:\\\/\\\/medicinasinc.com\\\/sl\\\/product\\\/tunin-kus\\\/#breadcrumb\"},\"inLanguage\":\"en-US\",\"potentialAction\":[{\"@type\":\"ReadAction\",\"target\":[\"https:\\\/\\\/medicinasinc.com\\\/sl\\\/product\\\/tunin-kus\\\/\"]}]},{\"@type\":\"ImageObject\",\"inLanguage\":\"en-US\",\"@id\":\"https:\\\/\\\/medicinasinc.com\\\/sl\\\/product\\\/tunin-kus\\\/#primaryimage\",\"url\":\"https:\\\/\\\/medicinasinc.com\\\/sl\\\/wp-content\\\/uploads\\\/sites\\\/7\\\/2022\\\/02\\\/Buy-Tuna-Kush.jpg\",\"contentUrl\":\"https:\\\/\\\/medicinasinc.com\\\/sl\\\/wp-content\\\/uploads\\\/sites\\\/7\\\/2022\\\/02\\\/Buy-Tuna-Kush.jpg\",\"width\":1024,\"height\":768},{\"@type\":\"BreadcrumbList\",\"@id\":\"https:\\\/\\\/medicinasinc.com\\\/sl\\\/product\\\/tunin-kus\\\/#breadcrumb\",\"itemListElement\":[{\"@type\":\"ListItem\",\"position\":1,\"name\":\"Nakupujte\",\"item\":\"https:\\\/\\\/medicinasinc.com\\\/sl\\\/nakupujte\\\/\"},{\"@type\":\"ListItem\",\"position\":2,\"name\":\"Tuna Kush\"}]},{\"@type\":\"WebSite\",\"@id\":\"https:\\\/\\\/medicinasinc.com\\\/sl\\\/#website\",\"url\":\"https:\\\/\\\/medicinasinc.com\\\/sl\\\/\",\"name\":\"Medicinas Inc\",\"description\":\"Health Medical Clinic\",\"potentialAction\":[{\"@type\":\"SearchAction\",\"target\":{\"@type\":\"EntryPoint\",\"urlTemplate\":\"https:\\\/\\\/medicinasinc.com\\\/sl\\\/?s={search_term_string}\"},\"query-input\":{\"@type\":\"PropertyValueSpecification\",\"valueRequired\":true,\"valueName\":\"search_term_string\"}}],\"inLanguage\":\"en-US\"}]}<\/script>\n<!-- \/ Yoast SEO plugin. -->","yoast_head_json":{"title":"Kupite Tuna Kush - Tuna Kush - Best Global Meds","description":"Kupite plevel Tuna Kush za prodajo je eden najmo\u010dnej\u0161ih sevov indica konoplje, ki so na voljo. En toke vas bo spravil v globoko stanje evforije in sprostitve.","robots":{"index":"index","follow":"follow","max-snippet":"max-snippet:-1","max-image-preview":"max-image-preview:large","max-video-preview":"max-video-preview:-1"},"canonical":"https:\/\/medicinasinc.com\/sl\/product\/tunin-kus\/","og_locale":"en_US","og_type":"article","og_title":"Kupite Tuna Kush - Tuna Kush - Best Global Meds","og_description":"Kupite plevel Tuna Kush za prodajo je eden najmo\u010dnej\u0161ih sevov indica konoplje, ki so na voljo. En toke vas bo spravil v globoko stanje evforije in sprostitve.","og_url":"https:\/\/medicinasinc.com\/sl\/product\/tunin-kus\/","og_site_name":"Medicinas Inc","article_modified_time":"2022-03-19T00:43:10+00:00","og_image":[{"width":1024,"height":768,"url":"https:\/\/medicinasinc.com\/sl\/wp-content\/uploads\/sites\/7\/2022\/02\/Buy-Tuna-Kush.jpg","type":"image\/jpeg"}],"twitter_card":"summary_large_image","twitter_misc":{"Est. reading time":"1 minute"},"schema":{"@context":"https:\/\/schema.org","@graph":[{"@type":"WebPage","@id":"https:\/\/medicinasinc.com\/sl\/product\/tunin-kus\/","url":"https:\/\/medicinasinc.com\/sl\/product\/tunin-kus\/","name":"Kupite Tuna Kush - Tuna Kush - Best Global Meds","isPartOf":{"@id":"https:\/\/medicinasinc.com\/sl\/#website"},"primaryImageOfPage":{"@id":"https:\/\/medicinasinc.com\/sl\/product\/tunin-kus\/#primaryimage"},"image":{"@id":"https:\/\/medicinasinc.com\/sl\/product\/tunin-kus\/#primaryimage"},"thumbnailUrl":"https:\/\/medicinasinc.com\/sl\/wp-content\/uploads\/sites\/7\/2022\/02\/Buy-Tuna-Kush.jpg","datePublished":"2022-02-20T20:14:14+00:00","dateModified":"2022-03-19T00:43:10+00:00","description":"Kupite plevel Tuna Kush za prodajo je eden najmo\u010dnej\u0161ih sevov indica konoplje, ki so na voljo. En toke vas bo spravil v globoko stanje evforije in sprostitve.","breadcrumb":{"@id":"https:\/\/medicinasinc.com\/sl\/product\/tunin-kus\/#breadcrumb"},"inLanguage":"en-US","potentialAction":[{"@type":"ReadAction","target":["https:\/\/medicinasinc.com\/sl\/product\/tunin-kus\/"]}]},{"@type":"ImageObject","inLanguage":"en-US","@id":"https:\/\/medicinasinc.com\/sl\/product\/tunin-kus\/#primaryimage","url":"https:\/\/medicinasinc.com\/sl\/wp-content\/uploads\/sites\/7\/2022\/02\/Buy-Tuna-Kush.jpg","contentUrl":"https:\/\/medicinasinc.com\/sl\/wp-content\/uploads\/sites\/7\/2022\/02\/Buy-Tuna-Kush.jpg","width":1024,"height":768},{"@type":"BreadcrumbList","@id":"https:\/\/medicinasinc.com\/sl\/product\/tunin-kus\/#breadcrumb","itemListElement":[{"@type":"ListItem","position":1,"name":"Nakupujte","item":"https:\/\/medicinasinc.com\/sl\/nakupujte\/"},{"@type":"ListItem","position":2,"name":"Tuna Kush"}]},{"@type":"WebSite","@id":"https:\/\/medicinasinc.com\/sl\/#website","url":"https:\/\/medicinasinc.com\/sl\/","name":"Medicinas Inc","description":"Health Medical Clinic","potentialAction":[{"@type":"SearchAction","target":{"@type":"EntryPoint","urlTemplate":"https:\/\/medicinasinc.com\/sl\/?s={search_term_string}"},"query-input":{"@type":"PropertyValueSpecification","valueRequired":true,"valueName":"search_term_string"}}],"inLanguage":"en-US"}]}},"_links":{"self":[{"href":"https:\/\/medicinasinc.com\/sl\/wp-json\/wp\/v2\/product\/5095","targetHints":{"allow":["GET"]}}],"collection":[{"href":"https:\/\/medicinasinc.com\/sl\/wp-json\/wp\/v2\/product"}],"about":[{"href":"https:\/\/medicinasinc.com\/sl\/wp-json\/wp\/v2\/types\/product"}],"replies":[{"embeddable":true,"href":"https:\/\/medicinasinc.com\/sl\/wp-json\/wp\/v2\/comments?post=5095"}],"wp:featuredmedia":[{"embeddable":true,"href":"https:\/\/medicinasinc.com\/sl\/wp-json\/wp\/v2\/media\/5113"}],"wp:attachment":[{"href":"https:\/\/medicinasinc.com\/sl\/wp-json\/wp\/v2\/media?parent=5095"}],"wp:term":[{"taxonomy":"product_brand","embeddable":true,"href":"https:\/\/medicinasinc.com\/sl\/wp-json\/wp\/v2\/product_brand?post=5095"},{"taxonomy":"product_cat","embeddable":true,"href":"https:\/\/medicinasinc.com\/sl\/wp-json\/wp\/v2\/product_cat?post=5095"},{"taxonomy":"product_tag","embeddable":true,"href":"https:\/\/medicinasinc.com\/sl\/wp-json\/wp\/v2\/product_tag?post=5095"}],"curies":[{"name":"wp","href":"https:\/\/api.w.org\/{rel}","templated":true}]}}