{"id":5094,"date":"2022-02-20T20:12:57","date_gmt":"2022-02-20T20:12:57","guid":{"rendered":"https:\/\/medicinasinc.com\/sl\/?post_type=product&#038;p=5094"},"modified":"2022-03-19T00:43:21","modified_gmt":"2022-03-19T00:43:21","slug":"kupi-roza-kush","status":"publish","type":"product","link":"https:\/\/medicinasinc.com\/sl\/product\/kupi-roza-kush\/","title":{"rendered":"Kupite Pink Kush"},"content":{"rendered":"<p><strong>Spletni nakup Pink Kush<\/strong><\/p>\n<p>Pink Kush je, tako kot njegov brat OG Kush, zelo iskan hibrid s prevladujo\u010do indico z mo\u010dnimi u\u010dinki, osredoto\u010denimi na telo. Ro\u017enate dlake izhajajo iz svetlo zelenih popkov, ki so komaj vidni pod plastjo sladkorju podobnih trihomov, ki dajejo sladko di\u0161avo vanilije in sladkarij. U\u010dinkovitost tega seva naj bi bila izjemna in celo majhni odmerki so ugotovili, da laj\u0161ajo bole\u010dino, nespe\u010dnost in izgubo apetita. Cvetenje Pink Kush traja od 10 do 11 tednov, vendar se zaradi ogromnega pridelka vrhunskih popkov \u010dakanje spla\u010da.<\/p>\n<div class=\"product-next-previous\">\n<div class=\"product-prev\"><\/div><\/div>\n","protected":false},"excerpt":{"rendered":"<p>Kupite konopljo Pink Kush in druge seve plevela AAA+ iz priljubljene evropske spletne ambulante. Naro\u010dite \u0161e danes in izkoristite brezpla\u010dno dostavo za vsa naro\u010dila nad 150 USD!<\/p>\n<p>Pink Kush, tako kot njegov brat OG Kush, je zelo iskan hibrid s prevladujo\u010do indico z mo\u010dnimi u\u010dinki, osredoto\u010denimi na telo.<\/p>\n<div>\n<p class=\"percentage\"><span class=\"heading\">THC:\u00a0<\/span>25 %<\/p>\n<\/p><\/div>\n<div class=\"panel-heading\">Lahko olaj\u0161a <i class=\"fa fa-info-circle\" title=\"Zavrnitev odgovornosti: Vse informacije o sevu konoplje, prikazane na tem spletnem mestu, temeljijo na ocenah uporabnikov. Prikazane podatke o sevu je treba obravnavati kot informativno orodje in ne kot zdravni\u0161ko priporo\u010dilo. Prosimo, poglejte svojega zdravnika, preden uporabite konopljo v medicinske namene.\" data-toggle=\"tooltip\" data-placement=\"right\"><\/i><\/div>\n<div class=\"panel-body well tags-list\">Izguba apetita,\u00a0kroni\u010dna bole\u010dina,\u00a0depresija,\u00a0nespe\u010dnost,\u00a0slabost<\/div>\n<ul>\n<li>AAAAA predstavlja najbolj\u0161e od najbolj\u0161ih!<\/li>\n<li>Za naro\u010dila na debelo nas kontaktirajte.<\/li>\n<li>Po\u0161iljanje po vsem svetu.<\/li>\n<\/ul>\n","protected":false},"featured_media":5111,"comment_status":"open","ping_status":"closed","template":"","meta":[],"product_brand":[],"product_cat":[778],"product_tag":[1050,1051,1052,1049,634,1054,1055,1056,1057,1058,1053,1059],"class_list":{"0":"post-5094","1":"product","2":"type-product","3":"status-publish","4":"has-post-thumbnail","6":"product_cat-plevel-za-prodajo","7":"product_tag-buy-medical-marijuana-online-uk","8":"product_tag-buy-nembutal","9":"product_tag-hybrid-weed-strains","10":"product_tag-kupi-konopljo-online-uk","11":"product_tag-kupi-marihuano-online-uk","12":"product_tag-online-marijuana-sales","13":"product_tag-online-medical-marijuana-sales","14":"product_tag-oxycontin-80-mg","15":"product_tag-pain-tablets-for-sale","16":"product_tag-rekreacijsko-marihuano-dispanzer","17":"product_tag-marihuana-sevi-na-spletu","18":"product_tag-weed-for-sale-in-italy","20":"first","21":"instock","22":"shipping-taxable","23":"purchasable","24":"product-type-variable","25":"has-default-attributes"},"yoast_head":"<!-- This site is optimized with the Yoast SEO plugin v27.3 - https:\/\/yoast.com\/product\/yoast-seo-wordpress\/ -->\n<title>Kupite Pink Kush na spletu \u2013 najbolj\u0161a najbolj\u0161a zdravila na svetu<\/title>\n<meta name=\"description\" content=\"Kupite sev plevela Pink Kush in ve\u010d plevela AAA+ iz priljubljene evropske spletne ambulante. Naro\u010dite \u0161e danes in u\u017eivajte v brezpla\u010dni dostavi za vsa naro\u010dila nad 150 $!\" \/>\n<meta name=\"robots\" content=\"index, follow, max-snippet:-1, max-image-preview:large, max-video-preview:-1\" \/>\n<link rel=\"canonical\" href=\"https:\/\/medicinasinc.com\/sl\/product\/kupi-roza-kush\/\" \/>\n<meta property=\"og:locale\" content=\"en_US\" \/>\n<meta property=\"og:type\" content=\"article\" \/>\n<meta property=\"og:title\" content=\"Kupite Pink Kush na spletu \u2013 najbolj\u0161a najbolj\u0161a zdravila na svetu\" \/>\n<meta property=\"og:description\" content=\"Kupite sev plevela Pink Kush in ve\u010d plevela AAA+ iz priljubljene evropske spletne ambulante. Naro\u010dite \u0161e danes in u\u017eivajte v brezpla\u010dni dostavi za vsa naro\u010dila nad 150 $!\" \/>\n<meta property=\"og:url\" content=\"https:\/\/medicinasinc.com\/sl\/product\/kupi-roza-kush\/\" \/>\n<meta property=\"og:site_name\" content=\"Medicinas Inc\" \/>\n<meta property=\"article:modified_time\" content=\"2022-03-19T00:43:21+00:00\" \/>\n<meta property=\"og:image\" content=\"https:\/\/medicinasinc.com\/sl\/wp-content\/uploads\/sites\/7\/2022\/02\/Buy-Pink-Kush.jpg\" \/>\n\t<meta property=\"og:image:width\" content=\"450\" \/>\n\t<meta property=\"og:image:height\" content=\"450\" \/>\n\t<meta property=\"og:image:type\" content=\"image\/jpeg\" \/>\n<meta name=\"twitter:card\" content=\"summary_large_image\" \/>\n<meta name=\"twitter:label1\" content=\"Est. reading time\" \/>\n\t<meta name=\"twitter:data1\" content=\"1 minute\" \/>\n<script type=\"application\/ld+json\" class=\"yoast-schema-graph\">{\"@context\":\"https:\\\/\\\/schema.org\",\"@graph\":[{\"@type\":\"WebPage\",\"@id\":\"https:\\\/\\\/medicinasinc.com\\\/sl\\\/product\\\/kupi-roza-kush\\\/\",\"url\":\"https:\\\/\\\/medicinasinc.com\\\/sl\\\/product\\\/kupi-roza-kush\\\/\",\"name\":\"Kupite Pink Kush na spletu \u2013 najbolj\u0161a najbolj\u0161a zdravila na svetu\",\"isPartOf\":{\"@id\":\"https:\\\/\\\/medicinasinc.com\\\/sl\\\/#website\"},\"primaryImageOfPage\":{\"@id\":\"https:\\\/\\\/medicinasinc.com\\\/sl\\\/product\\\/kupi-roza-kush\\\/#primaryimage\"},\"image\":{\"@id\":\"https:\\\/\\\/medicinasinc.com\\\/sl\\\/product\\\/kupi-roza-kush\\\/#primaryimage\"},\"thumbnailUrl\":\"https:\\\/\\\/medicinasinc.com\\\/sl\\\/wp-content\\\/uploads\\\/sites\\\/7\\\/2022\\\/02\\\/Buy-Pink-Kush.jpg\",\"datePublished\":\"2022-02-20T20:12:57+00:00\",\"dateModified\":\"2022-03-19T00:43:21+00:00\",\"description\":\"Kupite sev plevela Pink Kush in ve\u010d plevela AAA+ iz priljubljene evropske spletne ambulante. Naro\u010dite \u0161e danes in u\u017eivajte v brezpla\u010dni dostavi za vsa naro\u010dila nad 150 $!\",\"breadcrumb\":{\"@id\":\"https:\\\/\\\/medicinasinc.com\\\/sl\\\/product\\\/kupi-roza-kush\\\/#breadcrumb\"},\"inLanguage\":\"en-US\",\"potentialAction\":[{\"@type\":\"ReadAction\",\"target\":[\"https:\\\/\\\/medicinasinc.com\\\/sl\\\/product\\\/kupi-roza-kush\\\/\"]}]},{\"@type\":\"ImageObject\",\"inLanguage\":\"en-US\",\"@id\":\"https:\\\/\\\/medicinasinc.com\\\/sl\\\/product\\\/kupi-roza-kush\\\/#primaryimage\",\"url\":\"https:\\\/\\\/medicinasinc.com\\\/sl\\\/wp-content\\\/uploads\\\/sites\\\/7\\\/2022\\\/02\\\/Buy-Pink-Kush.jpg\",\"contentUrl\":\"https:\\\/\\\/medicinasinc.com\\\/sl\\\/wp-content\\\/uploads\\\/sites\\\/7\\\/2022\\\/02\\\/Buy-Pink-Kush.jpg\",\"width\":450,\"height\":450},{\"@type\":\"BreadcrumbList\",\"@id\":\"https:\\\/\\\/medicinasinc.com\\\/sl\\\/product\\\/kupi-roza-kush\\\/#breadcrumb\",\"itemListElement\":[{\"@type\":\"ListItem\",\"position\":1,\"name\":\"Nakupujte\",\"item\":\"https:\\\/\\\/medicinasinc.com\\\/sl\\\/nakupujte\\\/\"},{\"@type\":\"ListItem\",\"position\":2,\"name\":\"Kupite Pink Kush\"}]},{\"@type\":\"WebSite\",\"@id\":\"https:\\\/\\\/medicinasinc.com\\\/sl\\\/#website\",\"url\":\"https:\\\/\\\/medicinasinc.com\\\/sl\\\/\",\"name\":\"Medicinas Inc\",\"description\":\"Health Medical Clinic\",\"potentialAction\":[{\"@type\":\"SearchAction\",\"target\":{\"@type\":\"EntryPoint\",\"urlTemplate\":\"https:\\\/\\\/medicinasinc.com\\\/sl\\\/?s={search_term_string}\"},\"query-input\":{\"@type\":\"PropertyValueSpecification\",\"valueRequired\":true,\"valueName\":\"search_term_string\"}}],\"inLanguage\":\"en-US\"}]}<\/script>\n<!-- \/ Yoast SEO plugin. -->","yoast_head_json":{"title":"Kupite Pink Kush na spletu \u2013 najbolj\u0161a najbolj\u0161a zdravila na svetu","description":"Kupite sev plevela Pink Kush in ve\u010d plevela AAA+ iz priljubljene evropske spletne ambulante. Naro\u010dite \u0161e danes in u\u017eivajte v brezpla\u010dni dostavi za vsa naro\u010dila nad 150 $!","robots":{"index":"index","follow":"follow","max-snippet":"max-snippet:-1","max-image-preview":"max-image-preview:large","max-video-preview":"max-video-preview:-1"},"canonical":"https:\/\/medicinasinc.com\/sl\/product\/kupi-roza-kush\/","og_locale":"en_US","og_type":"article","og_title":"Kupite Pink Kush na spletu \u2013 najbolj\u0161a najbolj\u0161a zdravila na svetu","og_description":"Kupite sev plevela Pink Kush in ve\u010d plevela AAA+ iz priljubljene evropske spletne ambulante. Naro\u010dite \u0161e danes in u\u017eivajte v brezpla\u010dni dostavi za vsa naro\u010dila nad 150 $!","og_url":"https:\/\/medicinasinc.com\/sl\/product\/kupi-roza-kush\/","og_site_name":"Medicinas Inc","article_modified_time":"2022-03-19T00:43:21+00:00","og_image":[{"width":450,"height":450,"url":"https:\/\/medicinasinc.com\/sl\/wp-content\/uploads\/sites\/7\/2022\/02\/Buy-Pink-Kush.jpg","type":"image\/jpeg"}],"twitter_card":"summary_large_image","twitter_misc":{"Est. reading time":"1 minute"},"schema":{"@context":"https:\/\/schema.org","@graph":[{"@type":"WebPage","@id":"https:\/\/medicinasinc.com\/sl\/product\/kupi-roza-kush\/","url":"https:\/\/medicinasinc.com\/sl\/product\/kupi-roza-kush\/","name":"Kupite Pink Kush na spletu \u2013 najbolj\u0161a najbolj\u0161a zdravila na svetu","isPartOf":{"@id":"https:\/\/medicinasinc.com\/sl\/#website"},"primaryImageOfPage":{"@id":"https:\/\/medicinasinc.com\/sl\/product\/kupi-roza-kush\/#primaryimage"},"image":{"@id":"https:\/\/medicinasinc.com\/sl\/product\/kupi-roza-kush\/#primaryimage"},"thumbnailUrl":"https:\/\/medicinasinc.com\/sl\/wp-content\/uploads\/sites\/7\/2022\/02\/Buy-Pink-Kush.jpg","datePublished":"2022-02-20T20:12:57+00:00","dateModified":"2022-03-19T00:43:21+00:00","description":"Kupite sev plevela Pink Kush in ve\u010d plevela AAA+ iz priljubljene evropske spletne ambulante. Naro\u010dite \u0161e danes in u\u017eivajte v brezpla\u010dni dostavi za vsa naro\u010dila nad 150 $!","breadcrumb":{"@id":"https:\/\/medicinasinc.com\/sl\/product\/kupi-roza-kush\/#breadcrumb"},"inLanguage":"en-US","potentialAction":[{"@type":"ReadAction","target":["https:\/\/medicinasinc.com\/sl\/product\/kupi-roza-kush\/"]}]},{"@type":"ImageObject","inLanguage":"en-US","@id":"https:\/\/medicinasinc.com\/sl\/product\/kupi-roza-kush\/#primaryimage","url":"https:\/\/medicinasinc.com\/sl\/wp-content\/uploads\/sites\/7\/2022\/02\/Buy-Pink-Kush.jpg","contentUrl":"https:\/\/medicinasinc.com\/sl\/wp-content\/uploads\/sites\/7\/2022\/02\/Buy-Pink-Kush.jpg","width":450,"height":450},{"@type":"BreadcrumbList","@id":"https:\/\/medicinasinc.com\/sl\/product\/kupi-roza-kush\/#breadcrumb","itemListElement":[{"@type":"ListItem","position":1,"name":"Nakupujte","item":"https:\/\/medicinasinc.com\/sl\/nakupujte\/"},{"@type":"ListItem","position":2,"name":"Kupite Pink Kush"}]},{"@type":"WebSite","@id":"https:\/\/medicinasinc.com\/sl\/#website","url":"https:\/\/medicinasinc.com\/sl\/","name":"Medicinas Inc","description":"Health Medical Clinic","potentialAction":[{"@type":"SearchAction","target":{"@type":"EntryPoint","urlTemplate":"https:\/\/medicinasinc.com\/sl\/?s={search_term_string}"},"query-input":{"@type":"PropertyValueSpecification","valueRequired":true,"valueName":"search_term_string"}}],"inLanguage":"en-US"}]}},"_links":{"self":[{"href":"https:\/\/medicinasinc.com\/sl\/wp-json\/wp\/v2\/product\/5094","targetHints":{"allow":["GET"]}}],"collection":[{"href":"https:\/\/medicinasinc.com\/sl\/wp-json\/wp\/v2\/product"}],"about":[{"href":"https:\/\/medicinasinc.com\/sl\/wp-json\/wp\/v2\/types\/product"}],"replies":[{"embeddable":true,"href":"https:\/\/medicinasinc.com\/sl\/wp-json\/wp\/v2\/comments?post=5094"}],"wp:featuredmedia":[{"embeddable":true,"href":"https:\/\/medicinasinc.com\/sl\/wp-json\/wp\/v2\/media\/5111"}],"wp:attachment":[{"href":"https:\/\/medicinasinc.com\/sl\/wp-json\/wp\/v2\/media?parent=5094"}],"wp:term":[{"taxonomy":"product_brand","embeddable":true,"href":"https:\/\/medicinasinc.com\/sl\/wp-json\/wp\/v2\/product_brand?post=5094"},{"taxonomy":"product_cat","embeddable":true,"href":"https:\/\/medicinasinc.com\/sl\/wp-json\/wp\/v2\/product_cat?post=5094"},{"taxonomy":"product_tag","embeddable":true,"href":"https:\/\/medicinasinc.com\/sl\/wp-json\/wp\/v2\/product_tag?post=5094"}],"curies":[{"name":"wp","href":"https:\/\/api.w.org\/{rel}","templated":true}]}}