{"id":5093,"date":"2022-02-20T20:12:04","date_gmt":"2022-02-20T20:12:04","guid":{"rendered":"https:\/\/medicinasinc.com\/sl\/?post_type=product&#038;p=5093"},"modified":"2022-03-19T00:43:30","modified_gmt":"2022-03-19T00:43:30","slug":"kupi-cesnja-gorila-lepilo","status":"publish","type":"product","link":"https:\/\/medicinasinc.com\/sl\/product\/kupi-cesnja-gorila-lepilo\/","title":{"rendered":"Kupite lepilo Cherry Gorilla Glue"},"content":{"rendered":"<p><strong>Kupite na spletu Cherry Gorilla Marihuano.<\/strong><\/p>\n<p>Cherry Gorilla Marihuano lahko kupite na spletu. Kupite sev konoplje Cherry Gorilla. Hibrid, ki vsebuje 50 % sativa in 50 % indica THC: 17\u201318 %<\/p>\n<p>U\u010dinki<br \/> Body High, Cerebral, Vesel, spro\u0161\u010dujo\u010d, dvignjen<br \/> Lahko laj\u0161a<br \/> Depresijo, Utrujenost, nespe\u010dnost, slabost, stres<br \/> Okusi<br \/> \u010de\u0161njeva, kava, dizel, sladko<\/p>\n","protected":false},"excerpt":{"rendered":"<div class=\"woocommerce-product-details__short-description\">\n<p>Kupite marihuano ali Cherry Gorilla Glue Marihuano na \u010drnem trgu po najbolj\u0161i ceni. Vsi na\u0161i izdelki so ustvarjeni z uporabo popolnoma naravnih komponent, ki ne vsebujejo THC. Naro\u010dite na spletu \u0161e danes!<\/p>\n<p>Cherry Gorilla Marihuano lahko kupite na spletu. 100-odstotno zagotovljena dostava in sledenje ter velika izbira jedilnih izdelkov, koncentratov, sativa, indic in hibridov.<\/p>\n<p>\u010ce\u0161njeva gorila, v\u010dasih imenovana &amp;#8220 ;Lepilo Cherry Gorilla,&#8221; je redek, enakomerno uravnote\u017een hibridni sev (50 indic\/50 sativa), pridobljen s kri\u017eanjem.<\/p>\n<\/p><\/div>\n","protected":false},"featured_media":5109,"comment_status":"open","ping_status":"closed","template":"","meta":[],"product_brand":[],"product_cat":[778],"product_tag":[1042,1041,1044,1045,1047,1048,1043,1046],"class_list":{"0":"post-5093","1":"product","2":"type-product","3":"status-publish","4":"has-post-thumbnail","6":"product_cat-plevel-za-prodajo","7":"product_tag-enja-gorila-f2","8":"product_tag-enja-lepilo-sev-listnato","9":"product_tag-cherry-gorilla-strain-effects","10":"product_tag-cherry-gorilla-strain-leafly","11":"product_tag-enja-gorilla-sev-pregled","12":"product_tag-gorila-enja-sadje","13":"product_tag-enje-gorila-semena","14":"product_tag-enja-gorilla-sev-reddit","16":"first","17":"instock","18":"shipping-taxable","19":"purchasable","20":"product-type-variable","21":"has-default-attributes"},"yoast_head":"<!-- This site is optimized with the Yoast SEO plugin v27.3 - https:\/\/yoast.com\/product\/yoast-seo-wordpress\/ -->\n<title>Kupite lepilo Cherry Gorilla Glue - aka Cherry Gorilla Glue - Best Global Meds<\/title>\n<meta name=\"description\" content=\"Kupite alias Cherry Gorilla Glue Marihuana na spletu po najbolj\u0161i tr\u017eni ceni. Vsi na\u0161i izdelki so narejeni iz \u010distih naravnih sestavin brez THC-ja. Naro\u010dite na spletu zdaj!\" \/>\n<meta name=\"robots\" content=\"index, follow, max-snippet:-1, max-image-preview:large, max-video-preview:-1\" \/>\n<link rel=\"canonical\" href=\"https:\/\/medicinasinc.com\/sl\/product\/kupi-cesnja-gorila-lepilo\/\" \/>\n<meta property=\"og:locale\" content=\"en_US\" \/>\n<meta property=\"og:type\" content=\"article\" \/>\n<meta property=\"og:title\" content=\"Kupite lepilo Cherry Gorilla Glue - aka Cherry Gorilla Glue - Best Global Meds\" \/>\n<meta property=\"og:description\" content=\"Kupite alias Cherry Gorilla Glue Marihuana na spletu po najbolj\u0161i tr\u017eni ceni. Vsi na\u0161i izdelki so narejeni iz \u010distih naravnih sestavin brez THC-ja. Naro\u010dite na spletu zdaj!\" \/>\n<meta property=\"og:url\" content=\"https:\/\/medicinasinc.com\/sl\/product\/kupi-cesnja-gorila-lepilo\/\" \/>\n<meta property=\"og:site_name\" content=\"Medicinas Inc\" \/>\n<meta property=\"article:modified_time\" content=\"2022-03-19T00:43:30+00:00\" \/>\n<meta property=\"og:image\" content=\"https:\/\/medicinasinc.com\/sl\/wp-content\/uploads\/sites\/7\/2022\/02\/Buy-Cherry-Gorilla-Marijuana.jpg\" \/>\n\t<meta property=\"og:image:width\" content=\"1080\" \/>\n\t<meta property=\"og:image:height\" content=\"1080\" \/>\n\t<meta property=\"og:image:type\" content=\"image\/jpeg\" \/>\n<meta name=\"twitter:card\" content=\"summary_large_image\" \/>\n<meta name=\"twitter:label1\" content=\"Est. reading time\" \/>\n\t<meta name=\"twitter:data1\" content=\"1 minute\" \/>\n<script type=\"application\/ld+json\" class=\"yoast-schema-graph\">{\"@context\":\"https:\\\/\\\/schema.org\",\"@graph\":[{\"@type\":\"WebPage\",\"@id\":\"https:\\\/\\\/medicinasinc.com\\\/sl\\\/product\\\/kupi-cesnja-gorila-lepilo\\\/\",\"url\":\"https:\\\/\\\/medicinasinc.com\\\/sl\\\/product\\\/kupi-cesnja-gorila-lepilo\\\/\",\"name\":\"Kupite lepilo Cherry Gorilla Glue - aka Cherry Gorilla Glue - Best Global Meds\",\"isPartOf\":{\"@id\":\"https:\\\/\\\/medicinasinc.com\\\/sl\\\/#website\"},\"primaryImageOfPage\":{\"@id\":\"https:\\\/\\\/medicinasinc.com\\\/sl\\\/product\\\/kupi-cesnja-gorila-lepilo\\\/#primaryimage\"},\"image\":{\"@id\":\"https:\\\/\\\/medicinasinc.com\\\/sl\\\/product\\\/kupi-cesnja-gorila-lepilo\\\/#primaryimage\"},\"thumbnailUrl\":\"https:\\\/\\\/medicinasinc.com\\\/sl\\\/wp-content\\\/uploads\\\/sites\\\/7\\\/2022\\\/02\\\/Buy-Cherry-Gorilla-Marijuana.jpg\",\"datePublished\":\"2022-02-20T20:12:04+00:00\",\"dateModified\":\"2022-03-19T00:43:30+00:00\",\"description\":\"Kupite alias Cherry Gorilla Glue Marihuana na spletu po najbolj\u0161i tr\u017eni ceni. Vsi na\u0161i izdelki so narejeni iz \u010distih naravnih sestavin brez THC-ja. Naro\u010dite na spletu zdaj!\",\"breadcrumb\":{\"@id\":\"https:\\\/\\\/medicinasinc.com\\\/sl\\\/product\\\/kupi-cesnja-gorila-lepilo\\\/#breadcrumb\"},\"inLanguage\":\"en-US\",\"potentialAction\":[{\"@type\":\"ReadAction\",\"target\":[\"https:\\\/\\\/medicinasinc.com\\\/sl\\\/product\\\/kupi-cesnja-gorila-lepilo\\\/\"]}]},{\"@type\":\"ImageObject\",\"inLanguage\":\"en-US\",\"@id\":\"https:\\\/\\\/medicinasinc.com\\\/sl\\\/product\\\/kupi-cesnja-gorila-lepilo\\\/#primaryimage\",\"url\":\"https:\\\/\\\/medicinasinc.com\\\/sl\\\/wp-content\\\/uploads\\\/sites\\\/7\\\/2022\\\/02\\\/Buy-Cherry-Gorilla-Marijuana.jpg\",\"contentUrl\":\"https:\\\/\\\/medicinasinc.com\\\/sl\\\/wp-content\\\/uploads\\\/sites\\\/7\\\/2022\\\/02\\\/Buy-Cherry-Gorilla-Marijuana.jpg\",\"width\":1080,\"height\":1080},{\"@type\":\"BreadcrumbList\",\"@id\":\"https:\\\/\\\/medicinasinc.com\\\/sl\\\/product\\\/kupi-cesnja-gorila-lepilo\\\/#breadcrumb\",\"itemListElement\":[{\"@type\":\"ListItem\",\"position\":1,\"name\":\"Nakupujte\",\"item\":\"https:\\\/\\\/medicinasinc.com\\\/sl\\\/nakupujte\\\/\"},{\"@type\":\"ListItem\",\"position\":2,\"name\":\"Kupite lepilo Cherry Gorilla Glue\"}]},{\"@type\":\"WebSite\",\"@id\":\"https:\\\/\\\/medicinasinc.com\\\/sl\\\/#website\",\"url\":\"https:\\\/\\\/medicinasinc.com\\\/sl\\\/\",\"name\":\"Medicinas Inc\",\"description\":\"Health Medical Clinic\",\"potentialAction\":[{\"@type\":\"SearchAction\",\"target\":{\"@type\":\"EntryPoint\",\"urlTemplate\":\"https:\\\/\\\/medicinasinc.com\\\/sl\\\/?s={search_term_string}\"},\"query-input\":{\"@type\":\"PropertyValueSpecification\",\"valueRequired\":true,\"valueName\":\"search_term_string\"}}],\"inLanguage\":\"en-US\"}]}<\/script>\n<!-- \/ Yoast SEO plugin. -->","yoast_head_json":{"title":"Kupite lepilo Cherry Gorilla Glue - aka Cherry Gorilla Glue - Best Global Meds","description":"Kupite alias Cherry Gorilla Glue Marihuana na spletu po najbolj\u0161i tr\u017eni ceni. Vsi na\u0161i izdelki so narejeni iz \u010distih naravnih sestavin brez THC-ja. Naro\u010dite na spletu zdaj!","robots":{"index":"index","follow":"follow","max-snippet":"max-snippet:-1","max-image-preview":"max-image-preview:large","max-video-preview":"max-video-preview:-1"},"canonical":"https:\/\/medicinasinc.com\/sl\/product\/kupi-cesnja-gorila-lepilo\/","og_locale":"en_US","og_type":"article","og_title":"Kupite lepilo Cherry Gorilla Glue - aka Cherry Gorilla Glue - Best Global Meds","og_description":"Kupite alias Cherry Gorilla Glue Marihuana na spletu po najbolj\u0161i tr\u017eni ceni. Vsi na\u0161i izdelki so narejeni iz \u010distih naravnih sestavin brez THC-ja. Naro\u010dite na spletu zdaj!","og_url":"https:\/\/medicinasinc.com\/sl\/product\/kupi-cesnja-gorila-lepilo\/","og_site_name":"Medicinas Inc","article_modified_time":"2022-03-19T00:43:30+00:00","og_image":[{"width":1080,"height":1080,"url":"https:\/\/medicinasinc.com\/sl\/wp-content\/uploads\/sites\/7\/2022\/02\/Buy-Cherry-Gorilla-Marijuana.jpg","type":"image\/jpeg"}],"twitter_card":"summary_large_image","twitter_misc":{"Est. reading time":"1 minute"},"schema":{"@context":"https:\/\/schema.org","@graph":[{"@type":"WebPage","@id":"https:\/\/medicinasinc.com\/sl\/product\/kupi-cesnja-gorila-lepilo\/","url":"https:\/\/medicinasinc.com\/sl\/product\/kupi-cesnja-gorila-lepilo\/","name":"Kupite lepilo Cherry Gorilla Glue - aka Cherry Gorilla Glue - Best Global Meds","isPartOf":{"@id":"https:\/\/medicinasinc.com\/sl\/#website"},"primaryImageOfPage":{"@id":"https:\/\/medicinasinc.com\/sl\/product\/kupi-cesnja-gorila-lepilo\/#primaryimage"},"image":{"@id":"https:\/\/medicinasinc.com\/sl\/product\/kupi-cesnja-gorila-lepilo\/#primaryimage"},"thumbnailUrl":"https:\/\/medicinasinc.com\/sl\/wp-content\/uploads\/sites\/7\/2022\/02\/Buy-Cherry-Gorilla-Marijuana.jpg","datePublished":"2022-02-20T20:12:04+00:00","dateModified":"2022-03-19T00:43:30+00:00","description":"Kupite alias Cherry Gorilla Glue Marihuana na spletu po najbolj\u0161i tr\u017eni ceni. Vsi na\u0161i izdelki so narejeni iz \u010distih naravnih sestavin brez THC-ja. Naro\u010dite na spletu zdaj!","breadcrumb":{"@id":"https:\/\/medicinasinc.com\/sl\/product\/kupi-cesnja-gorila-lepilo\/#breadcrumb"},"inLanguage":"en-US","potentialAction":[{"@type":"ReadAction","target":["https:\/\/medicinasinc.com\/sl\/product\/kupi-cesnja-gorila-lepilo\/"]}]},{"@type":"ImageObject","inLanguage":"en-US","@id":"https:\/\/medicinasinc.com\/sl\/product\/kupi-cesnja-gorila-lepilo\/#primaryimage","url":"https:\/\/medicinasinc.com\/sl\/wp-content\/uploads\/sites\/7\/2022\/02\/Buy-Cherry-Gorilla-Marijuana.jpg","contentUrl":"https:\/\/medicinasinc.com\/sl\/wp-content\/uploads\/sites\/7\/2022\/02\/Buy-Cherry-Gorilla-Marijuana.jpg","width":1080,"height":1080},{"@type":"BreadcrumbList","@id":"https:\/\/medicinasinc.com\/sl\/product\/kupi-cesnja-gorila-lepilo\/#breadcrumb","itemListElement":[{"@type":"ListItem","position":1,"name":"Nakupujte","item":"https:\/\/medicinasinc.com\/sl\/nakupujte\/"},{"@type":"ListItem","position":2,"name":"Kupite lepilo Cherry Gorilla Glue"}]},{"@type":"WebSite","@id":"https:\/\/medicinasinc.com\/sl\/#website","url":"https:\/\/medicinasinc.com\/sl\/","name":"Medicinas Inc","description":"Health Medical Clinic","potentialAction":[{"@type":"SearchAction","target":{"@type":"EntryPoint","urlTemplate":"https:\/\/medicinasinc.com\/sl\/?s={search_term_string}"},"query-input":{"@type":"PropertyValueSpecification","valueRequired":true,"valueName":"search_term_string"}}],"inLanguage":"en-US"}]}},"_links":{"self":[{"href":"https:\/\/medicinasinc.com\/sl\/wp-json\/wp\/v2\/product\/5093","targetHints":{"allow":["GET"]}}],"collection":[{"href":"https:\/\/medicinasinc.com\/sl\/wp-json\/wp\/v2\/product"}],"about":[{"href":"https:\/\/medicinasinc.com\/sl\/wp-json\/wp\/v2\/types\/product"}],"replies":[{"embeddable":true,"href":"https:\/\/medicinasinc.com\/sl\/wp-json\/wp\/v2\/comments?post=5093"}],"wp:featuredmedia":[{"embeddable":true,"href":"https:\/\/medicinasinc.com\/sl\/wp-json\/wp\/v2\/media\/5109"}],"wp:attachment":[{"href":"https:\/\/medicinasinc.com\/sl\/wp-json\/wp\/v2\/media?parent=5093"}],"wp:term":[{"taxonomy":"product_brand","embeddable":true,"href":"https:\/\/medicinasinc.com\/sl\/wp-json\/wp\/v2\/product_brand?post=5093"},{"taxonomy":"product_cat","embeddable":true,"href":"https:\/\/medicinasinc.com\/sl\/wp-json\/wp\/v2\/product_cat?post=5093"},{"taxonomy":"product_tag","embeddable":true,"href":"https:\/\/medicinasinc.com\/sl\/wp-json\/wp\/v2\/product_tag?post=5093"}],"curies":[{"name":"wp","href":"https:\/\/api.w.org\/{rel}","templated":true}]}}