{"id":5070,"date":"2022-02-20T19:52:54","date_gmt":"2022-02-20T19:52:54","guid":{"rendered":"https:\/\/medicinasinc.com\/sl\/?post_type=product&#038;p=5070"},"modified":"2022-03-19T00:43:40","modified_gmt":"2022-03-19T00:43:40","slug":"kupi-super-kislo-skunk","status":"publish","type":"product","link":"https:\/\/medicinasinc.com\/sl\/product\/kupi-super-kislo-skunk\/","title":{"rendered":"Kupite Super Sour Skunk"},"content":{"rendered":"<h1 class=\"product_title entry-title\">Spletni nakup Super Sour Skunk Marihuane Specifikacije za sev Super Sour Diesel Autoflower<\/h1>\n<p>Vrsta: Sativa Dominant<br \/> Genetika Star\u0161i: Sour Diesel X Super Silver Haze<br \/> Obdobje cvetenja: 9 do 11 tednov<br \/> Podnebje: son\u010dno \/ sredozemsko<br \/> Donos: 315 g\/m2 v zaprtih prostorih \/ 370 g\/rastlina na prostem<br \/> Okusi: pikanten, kisel, dizel, oster, zemeljski <br \/> Raven THC: 18%-24%<br \/> Raven CBD: 1%<br \/> Vi\u0161ina: Visok<br \/> Obdobje \u017eetve: pozno oktober<br \/> Te\u017eavnost rasti: zmerna<\/p>\n<div class=\"product-next-previous\">\n<div class=\"product-prev\"><\/div><\/div>\n","protected":false},"excerpt":{"rendered":"<p>Super Sour Skunk marihuana za prodajo v Zdru\u017eenem kraljestvu in Evropi po najbolj\u0161i ceni. Zagotavljamo varno in varno mednarodno po\u0161iljko.<\/p>\n<p>Kupite Super Sour Skunk na va\u0161em obmo\u010dju. Naro\u010dite na spletu. Prevzem ali dostava isti dan.<\/p>\n<p>Kupite novosti dispanzerske embala\u017ee Super Sour Skunk Cali Tuna Tin Labels. Imamo 1000 na zalogi in so pripravljeni za po\u0161iljanje. Poleg tega so na voljo tudi modeli Cali po meri.<\/p>\n<p>.<\/p>\n","protected":false},"featured_media":5089,"comment_status":"open","ping_status":"closed","template":"","meta":[],"product_brand":[],"product_cat":[778],"product_tag":[1033,1034,1035,1036,1037,1038,1039,1040],"class_list":{"0":"post-5070","1":"product","2":"type-product","3":"status-publish","4":"has-post-thumbnail","6":"product_cat-plevel-za-prodajo","7":"product_tag-sour-skunk-auto","8":"product_tag-sour-skunk-cbd","9":"product_tag-sour-skunk-og-strain","10":"product_tag-sour-skunk-strain-allbud","11":"product_tag-sour-skunk-strain-indica-or-sativa","12":"product_tag-sour-skunk-strain-leafly","13":"product_tag-super-skunk","14":"product_tag-super-sour-skunk-strain","16":"first","17":"instock","18":"shipping-taxable","19":"purchasable","20":"product-type-variable","21":"has-default-attributes"},"yoast_head":"<!-- This site is optimized with the Yoast SEO plugin v27.3 - https:\/\/yoast.com\/product\/yoast-seo-wordpress\/ -->\n<title>Kupite Super Sour Skunk Marihuano na spletu - Najbolj\u0161a najbolj\u0161a zdravila na svetu<\/title>\n<meta name=\"description\" content=\"Kupite Super Sour Skunk Marihuana za prodajo v Veliki Britaniji, Evropi na spletu po najbolj\u0161i ceni. Zagotavljamo varno in varno po\u0161iljanje po vsem svetu\" \/>\n<meta name=\"robots\" content=\"index, follow, max-snippet:-1, max-image-preview:large, max-video-preview:-1\" \/>\n<link rel=\"canonical\" href=\"https:\/\/medicinasinc.com\/sl\/product\/kupi-super-kislo-skunk\/\" \/>\n<meta property=\"og:locale\" content=\"en_US\" \/>\n<meta property=\"og:type\" content=\"article\" \/>\n<meta property=\"og:title\" content=\"Kupite Super Sour Skunk Marihuano na spletu - Najbolj\u0161a najbolj\u0161a zdravila na svetu\" \/>\n<meta property=\"og:description\" content=\"Kupite Super Sour Skunk Marihuana za prodajo v Veliki Britaniji, Evropi na spletu po najbolj\u0161i ceni. Zagotavljamo varno in varno po\u0161iljanje po vsem svetu\" \/>\n<meta property=\"og:url\" content=\"https:\/\/medicinasinc.com\/sl\/product\/kupi-super-kislo-skunk\/\" \/>\n<meta property=\"og:site_name\" content=\"Medicinas Inc\" \/>\n<meta property=\"article:modified_time\" content=\"2022-03-19T00:43:40+00:00\" \/>\n<meta property=\"og:image\" content=\"https:\/\/medicinasinc.com\/sl\/wp-content\/uploads\/sites\/7\/2022\/02\/Buy-Super-Sour-Skunk.jpg\" \/>\n\t<meta property=\"og:image:width\" content=\"667\" \/>\n\t<meta property=\"og:image:height\" content=\"1000\" \/>\n\t<meta property=\"og:image:type\" content=\"image\/jpeg\" \/>\n<meta name=\"twitter:card\" content=\"summary_large_image\" \/>\n<meta name=\"twitter:label1\" content=\"Est. reading time\" \/>\n\t<meta name=\"twitter:data1\" content=\"1 minute\" \/>\n<script type=\"application\/ld+json\" class=\"yoast-schema-graph\">{\"@context\":\"https:\\\/\\\/schema.org\",\"@graph\":[{\"@type\":\"WebPage\",\"@id\":\"https:\\\/\\\/medicinasinc.com\\\/sl\\\/product\\\/kupi-super-kislo-skunk\\\/\",\"url\":\"https:\\\/\\\/medicinasinc.com\\\/sl\\\/product\\\/kupi-super-kislo-skunk\\\/\",\"name\":\"Kupite Super Sour Skunk Marihuano na spletu - Najbolj\u0161a najbolj\u0161a zdravila na svetu\",\"isPartOf\":{\"@id\":\"https:\\\/\\\/medicinasinc.com\\\/sl\\\/#website\"},\"primaryImageOfPage\":{\"@id\":\"https:\\\/\\\/medicinasinc.com\\\/sl\\\/product\\\/kupi-super-kislo-skunk\\\/#primaryimage\"},\"image\":{\"@id\":\"https:\\\/\\\/medicinasinc.com\\\/sl\\\/product\\\/kupi-super-kislo-skunk\\\/#primaryimage\"},\"thumbnailUrl\":\"https:\\\/\\\/medicinasinc.com\\\/sl\\\/wp-content\\\/uploads\\\/sites\\\/7\\\/2022\\\/02\\\/Buy-Super-Sour-Skunk.jpg\",\"datePublished\":\"2022-02-20T19:52:54+00:00\",\"dateModified\":\"2022-03-19T00:43:40+00:00\",\"description\":\"Kupite Super Sour Skunk Marihuana za prodajo v Veliki Britaniji, Evropi na spletu po najbolj\u0161i ceni. Zagotavljamo varno in varno po\u0161iljanje po vsem svetu\",\"breadcrumb\":{\"@id\":\"https:\\\/\\\/medicinasinc.com\\\/sl\\\/product\\\/kupi-super-kislo-skunk\\\/#breadcrumb\"},\"inLanguage\":\"en-US\",\"potentialAction\":[{\"@type\":\"ReadAction\",\"target\":[\"https:\\\/\\\/medicinasinc.com\\\/sl\\\/product\\\/kupi-super-kislo-skunk\\\/\"]}]},{\"@type\":\"ImageObject\",\"inLanguage\":\"en-US\",\"@id\":\"https:\\\/\\\/medicinasinc.com\\\/sl\\\/product\\\/kupi-super-kislo-skunk\\\/#primaryimage\",\"url\":\"https:\\\/\\\/medicinasinc.com\\\/sl\\\/wp-content\\\/uploads\\\/sites\\\/7\\\/2022\\\/02\\\/Buy-Super-Sour-Skunk.jpg\",\"contentUrl\":\"https:\\\/\\\/medicinasinc.com\\\/sl\\\/wp-content\\\/uploads\\\/sites\\\/7\\\/2022\\\/02\\\/Buy-Super-Sour-Skunk.jpg\",\"width\":667,\"height\":1000},{\"@type\":\"BreadcrumbList\",\"@id\":\"https:\\\/\\\/medicinasinc.com\\\/sl\\\/product\\\/kupi-super-kislo-skunk\\\/#breadcrumb\",\"itemListElement\":[{\"@type\":\"ListItem\",\"position\":1,\"name\":\"Nakupujte\",\"item\":\"https:\\\/\\\/medicinasinc.com\\\/sl\\\/nakupujte\\\/\"},{\"@type\":\"ListItem\",\"position\":2,\"name\":\"Kupite Super Sour Skunk\"}]},{\"@type\":\"WebSite\",\"@id\":\"https:\\\/\\\/medicinasinc.com\\\/sl\\\/#website\",\"url\":\"https:\\\/\\\/medicinasinc.com\\\/sl\\\/\",\"name\":\"Medicinas Inc\",\"description\":\"Health Medical Clinic\",\"potentialAction\":[{\"@type\":\"SearchAction\",\"target\":{\"@type\":\"EntryPoint\",\"urlTemplate\":\"https:\\\/\\\/medicinasinc.com\\\/sl\\\/?s={search_term_string}\"},\"query-input\":{\"@type\":\"PropertyValueSpecification\",\"valueRequired\":true,\"valueName\":\"search_term_string\"}}],\"inLanguage\":\"en-US\"}]}<\/script>\n<!-- \/ Yoast SEO plugin. -->","yoast_head_json":{"title":"Kupite Super Sour Skunk Marihuano na spletu - Najbolj\u0161a najbolj\u0161a zdravila na svetu","description":"Kupite Super Sour Skunk Marihuana za prodajo v Veliki Britaniji, Evropi na spletu po najbolj\u0161i ceni. Zagotavljamo varno in varno po\u0161iljanje po vsem svetu","robots":{"index":"index","follow":"follow","max-snippet":"max-snippet:-1","max-image-preview":"max-image-preview:large","max-video-preview":"max-video-preview:-1"},"canonical":"https:\/\/medicinasinc.com\/sl\/product\/kupi-super-kislo-skunk\/","og_locale":"en_US","og_type":"article","og_title":"Kupite Super Sour Skunk Marihuano na spletu - Najbolj\u0161a najbolj\u0161a zdravila na svetu","og_description":"Kupite Super Sour Skunk Marihuana za prodajo v Veliki Britaniji, Evropi na spletu po najbolj\u0161i ceni. Zagotavljamo varno in varno po\u0161iljanje po vsem svetu","og_url":"https:\/\/medicinasinc.com\/sl\/product\/kupi-super-kislo-skunk\/","og_site_name":"Medicinas Inc","article_modified_time":"2022-03-19T00:43:40+00:00","og_image":[{"width":667,"height":1000,"url":"https:\/\/medicinasinc.com\/sl\/wp-content\/uploads\/sites\/7\/2022\/02\/Buy-Super-Sour-Skunk.jpg","type":"image\/jpeg"}],"twitter_card":"summary_large_image","twitter_misc":{"Est. reading time":"1 minute"},"schema":{"@context":"https:\/\/schema.org","@graph":[{"@type":"WebPage","@id":"https:\/\/medicinasinc.com\/sl\/product\/kupi-super-kislo-skunk\/","url":"https:\/\/medicinasinc.com\/sl\/product\/kupi-super-kislo-skunk\/","name":"Kupite Super Sour Skunk Marihuano na spletu - Najbolj\u0161a najbolj\u0161a zdravila na svetu","isPartOf":{"@id":"https:\/\/medicinasinc.com\/sl\/#website"},"primaryImageOfPage":{"@id":"https:\/\/medicinasinc.com\/sl\/product\/kupi-super-kislo-skunk\/#primaryimage"},"image":{"@id":"https:\/\/medicinasinc.com\/sl\/product\/kupi-super-kislo-skunk\/#primaryimage"},"thumbnailUrl":"https:\/\/medicinasinc.com\/sl\/wp-content\/uploads\/sites\/7\/2022\/02\/Buy-Super-Sour-Skunk.jpg","datePublished":"2022-02-20T19:52:54+00:00","dateModified":"2022-03-19T00:43:40+00:00","description":"Kupite Super Sour Skunk Marihuana za prodajo v Veliki Britaniji, Evropi na spletu po najbolj\u0161i ceni. Zagotavljamo varno in varno po\u0161iljanje po vsem svetu","breadcrumb":{"@id":"https:\/\/medicinasinc.com\/sl\/product\/kupi-super-kislo-skunk\/#breadcrumb"},"inLanguage":"en-US","potentialAction":[{"@type":"ReadAction","target":["https:\/\/medicinasinc.com\/sl\/product\/kupi-super-kislo-skunk\/"]}]},{"@type":"ImageObject","inLanguage":"en-US","@id":"https:\/\/medicinasinc.com\/sl\/product\/kupi-super-kislo-skunk\/#primaryimage","url":"https:\/\/medicinasinc.com\/sl\/wp-content\/uploads\/sites\/7\/2022\/02\/Buy-Super-Sour-Skunk.jpg","contentUrl":"https:\/\/medicinasinc.com\/sl\/wp-content\/uploads\/sites\/7\/2022\/02\/Buy-Super-Sour-Skunk.jpg","width":667,"height":1000},{"@type":"BreadcrumbList","@id":"https:\/\/medicinasinc.com\/sl\/product\/kupi-super-kislo-skunk\/#breadcrumb","itemListElement":[{"@type":"ListItem","position":1,"name":"Nakupujte","item":"https:\/\/medicinasinc.com\/sl\/nakupujte\/"},{"@type":"ListItem","position":2,"name":"Kupite Super Sour Skunk"}]},{"@type":"WebSite","@id":"https:\/\/medicinasinc.com\/sl\/#website","url":"https:\/\/medicinasinc.com\/sl\/","name":"Medicinas Inc","description":"Health Medical Clinic","potentialAction":[{"@type":"SearchAction","target":{"@type":"EntryPoint","urlTemplate":"https:\/\/medicinasinc.com\/sl\/?s={search_term_string}"},"query-input":{"@type":"PropertyValueSpecification","valueRequired":true,"valueName":"search_term_string"}}],"inLanguage":"en-US"}]}},"_links":{"self":[{"href":"https:\/\/medicinasinc.com\/sl\/wp-json\/wp\/v2\/product\/5070","targetHints":{"allow":["GET"]}}],"collection":[{"href":"https:\/\/medicinasinc.com\/sl\/wp-json\/wp\/v2\/product"}],"about":[{"href":"https:\/\/medicinasinc.com\/sl\/wp-json\/wp\/v2\/types\/product"}],"replies":[{"embeddable":true,"href":"https:\/\/medicinasinc.com\/sl\/wp-json\/wp\/v2\/comments?post=5070"}],"wp:featuredmedia":[{"embeddable":true,"href":"https:\/\/medicinasinc.com\/sl\/wp-json\/wp\/v2\/media\/5089"}],"wp:attachment":[{"href":"https:\/\/medicinasinc.com\/sl\/wp-json\/wp\/v2\/media?parent=5070"}],"wp:term":[{"taxonomy":"product_brand","embeddable":true,"href":"https:\/\/medicinasinc.com\/sl\/wp-json\/wp\/v2\/product_brand?post=5070"},{"taxonomy":"product_cat","embeddable":true,"href":"https:\/\/medicinasinc.com\/sl\/wp-json\/wp\/v2\/product_cat?post=5070"},{"taxonomy":"product_tag","embeddable":true,"href":"https:\/\/medicinasinc.com\/sl\/wp-json\/wp\/v2\/product_tag?post=5070"}],"curies":[{"name":"wp","href":"https:\/\/api.w.org\/{rel}","templated":true}]}}