{"id":5069,"date":"2022-02-20T19:51:48","date_gmt":"2022-02-20T19:51:48","guid":{"rendered":"https:\/\/medicinasinc.com\/sl\/?post_type=product&#038;p=5069"},"modified":"2022-03-19T00:43:48","modified_gmt":"2022-03-19T00:43:48","slug":"kupi-super-kisli-dizel","status":"publish","type":"product","link":"https:\/\/medicinasinc.com\/sl\/product\/kupi-super-kisli-dizel\/","title":{"rendered":"Kupite Super Sour Diesel"},"content":{"rendered":"<p>Marihuana Super Sour Diesel za prodajo na spletu.<\/p>\n<p>Marihuana Super Sour Diesel naprodaj v spletu.<\/p>\n<p>Vsebnost Sativa THC v sevu super kislega dizelskega goriva je med 18 in 24 odstotki.<\/p>\n<p>U\u010dinki<br \/> mo\u017eganski, energi\u010dni, evforija, veselje<br \/> lahko laj\u0161ajo<br \/> ADD\/ADHD, kroni\u010dne bole\u010dine, depresijo, o\u010desni pritisk, utrujenost, fibromialgija, izguba apetita, migrene, Stres<br \/> Okusi<br \/> Citrusi, dizel, pikantni, sladki<br \/> Arome<br \/> dizel, zeli\u0161\u010dni, ostri, kisli, za\u010dinjeni<\/p>\n","protected":false},"excerpt":{"rendered":"<div class=\"woocommerce-product-details__short-description\">\n<p>Super Sour Diesel AAAA je sev marihuane, ustvarjen s kri\u017eanjem Super Silver Haze s Sour Diesel.<\/p>\n<p>Marihuana Super Sour Diesel za prodajo na spletu. <\/p>\n<p>Kupite\u00a0Weed\u00a0Spletno. Prodam marihuano. V spletu kupite visokokakovostno medicinsko marihuano in seva konoplje.<\/p>\n<\/p><\/div>\n","protected":false},"featured_media":5087,"comment_status":"open","ping_status":"closed","template":"","meta":[],"product_brand":[],"product_cat":[778],"product_tag":[1025,1026,1027,1028,1029,1030,1031,1032],"class_list":{"0":"post-5069","1":"product","2":"type-product","3":"status-publish","4":"has-post-thumbnail","6":"product_cat-plevel-za-prodajo","7":"product_tag-super-sour-diesel-allbud","8":"product_tag-super-sour-diesel-cbd","9":"product_tag-super-sour-diesel-effects","10":"product_tag-super-sour-diesel-price","11":"product_tag-super-sour-diesel-seeds","12":"product_tag-super-sour-diesel-strain","13":"product_tag-super-sour-diesel-terpenes","14":"product_tag-super-sour-diesel-vs-sour-diesel","16":"first","17":"instock","18":"shipping-taxable","19":"purchasable","20":"product-type-variable","21":"has-default-attributes"},"yoast_head":"<!-- This site is optimized with the Yoast SEO plugin v27.3 - https:\/\/yoast.com\/product\/yoast-seo-wordpress\/ -->\n<title>Kupite Super Sour Diesel - najbolj\u0161a najbolj\u0161a zdravila na svetu<\/title>\n<meta name=\"description\" content=\"Kupite Super Sour Diesel AAAA za prodajo v najbolj\u0161i zdravstveni rekreacijski ambulanti, sev marihuane, narejen s kri\u017eanjem Super Silver Haze s Sour Diesel.\" \/>\n<meta name=\"robots\" content=\"index, follow, max-snippet:-1, max-image-preview:large, max-video-preview:-1\" \/>\n<link rel=\"canonical\" href=\"https:\/\/medicinasinc.com\/sl\/product\/kupi-super-kisli-dizel\/\" \/>\n<meta property=\"og:locale\" content=\"en_US\" \/>\n<meta property=\"og:type\" content=\"article\" \/>\n<meta property=\"og:title\" content=\"Kupite Super Sour Diesel - najbolj\u0161a najbolj\u0161a zdravila na svetu\" \/>\n<meta property=\"og:description\" content=\"Kupite Super Sour Diesel AAAA za prodajo v najbolj\u0161i zdravstveni rekreacijski ambulanti, sev marihuane, narejen s kri\u017eanjem Super Silver Haze s Sour Diesel.\" \/>\n<meta property=\"og:url\" content=\"https:\/\/medicinasinc.com\/sl\/product\/kupi-super-kisli-dizel\/\" \/>\n<meta property=\"og:site_name\" content=\"Medicinas Inc\" \/>\n<meta property=\"article:modified_time\" content=\"2022-03-19T00:43:48+00:00\" \/>\n<meta property=\"og:image\" content=\"https:\/\/medicinasinc.com\/sl\/wp-content\/uploads\/sites\/7\/2022\/02\/Buy-Super-Sour-Diesel-scaled-1.jpg\" \/>\n\t<meta property=\"og:image:width\" content=\"1920\" \/>\n\t<meta property=\"og:image:height\" content=\"2560\" \/>\n\t<meta property=\"og:image:type\" content=\"image\/jpeg\" \/>\n<meta name=\"twitter:card\" content=\"summary_large_image\" \/>\n<meta name=\"twitter:label1\" content=\"Est. reading time\" \/>\n\t<meta name=\"twitter:data1\" content=\"1 minute\" \/>\n<script type=\"application\/ld+json\" class=\"yoast-schema-graph\">{\"@context\":\"https:\\\/\\\/schema.org\",\"@graph\":[{\"@type\":\"WebPage\",\"@id\":\"https:\\\/\\\/medicinasinc.com\\\/sl\\\/product\\\/kupi-super-kisli-dizel\\\/\",\"url\":\"https:\\\/\\\/medicinasinc.com\\\/sl\\\/product\\\/kupi-super-kisli-dizel\\\/\",\"name\":\"Kupite Super Sour Diesel - najbolj\u0161a najbolj\u0161a zdravila na svetu\",\"isPartOf\":{\"@id\":\"https:\\\/\\\/medicinasinc.com\\\/sl\\\/#website\"},\"primaryImageOfPage\":{\"@id\":\"https:\\\/\\\/medicinasinc.com\\\/sl\\\/product\\\/kupi-super-kisli-dizel\\\/#primaryimage\"},\"image\":{\"@id\":\"https:\\\/\\\/medicinasinc.com\\\/sl\\\/product\\\/kupi-super-kisli-dizel\\\/#primaryimage\"},\"thumbnailUrl\":\"https:\\\/\\\/medicinasinc.com\\\/sl\\\/wp-content\\\/uploads\\\/sites\\\/7\\\/2022\\\/02\\\/Buy-Super-Sour-Diesel-scaled-1.jpg\",\"datePublished\":\"2022-02-20T19:51:48+00:00\",\"dateModified\":\"2022-03-19T00:43:48+00:00\",\"description\":\"Kupite Super Sour Diesel AAAA za prodajo v najbolj\u0161i zdravstveni rekreacijski ambulanti, sev marihuane, narejen s kri\u017eanjem Super Silver Haze s Sour Diesel.\",\"breadcrumb\":{\"@id\":\"https:\\\/\\\/medicinasinc.com\\\/sl\\\/product\\\/kupi-super-kisli-dizel\\\/#breadcrumb\"},\"inLanguage\":\"en-US\",\"potentialAction\":[{\"@type\":\"ReadAction\",\"target\":[\"https:\\\/\\\/medicinasinc.com\\\/sl\\\/product\\\/kupi-super-kisli-dizel\\\/\"]}]},{\"@type\":\"ImageObject\",\"inLanguage\":\"en-US\",\"@id\":\"https:\\\/\\\/medicinasinc.com\\\/sl\\\/product\\\/kupi-super-kisli-dizel\\\/#primaryimage\",\"url\":\"https:\\\/\\\/medicinasinc.com\\\/sl\\\/wp-content\\\/uploads\\\/sites\\\/7\\\/2022\\\/02\\\/Buy-Super-Sour-Diesel-scaled-1.jpg\",\"contentUrl\":\"https:\\\/\\\/medicinasinc.com\\\/sl\\\/wp-content\\\/uploads\\\/sites\\\/7\\\/2022\\\/02\\\/Buy-Super-Sour-Diesel-scaled-1.jpg\",\"width\":1920,\"height\":2560},{\"@type\":\"BreadcrumbList\",\"@id\":\"https:\\\/\\\/medicinasinc.com\\\/sl\\\/product\\\/kupi-super-kisli-dizel\\\/#breadcrumb\",\"itemListElement\":[{\"@type\":\"ListItem\",\"position\":1,\"name\":\"Nakupujte\",\"item\":\"https:\\\/\\\/medicinasinc.com\\\/sl\\\/nakupujte\\\/\"},{\"@type\":\"ListItem\",\"position\":2,\"name\":\"Kupite Super Sour Diesel\"}]},{\"@type\":\"WebSite\",\"@id\":\"https:\\\/\\\/medicinasinc.com\\\/sl\\\/#website\",\"url\":\"https:\\\/\\\/medicinasinc.com\\\/sl\\\/\",\"name\":\"Medicinas Inc\",\"description\":\"Health Medical Clinic\",\"potentialAction\":[{\"@type\":\"SearchAction\",\"target\":{\"@type\":\"EntryPoint\",\"urlTemplate\":\"https:\\\/\\\/medicinasinc.com\\\/sl\\\/?s={search_term_string}\"},\"query-input\":{\"@type\":\"PropertyValueSpecification\",\"valueRequired\":true,\"valueName\":\"search_term_string\"}}],\"inLanguage\":\"en-US\"}]}<\/script>\n<!-- \/ Yoast SEO plugin. -->","yoast_head_json":{"title":"Kupite Super Sour Diesel - najbolj\u0161a najbolj\u0161a zdravila na svetu","description":"Kupite Super Sour Diesel AAAA za prodajo v najbolj\u0161i zdravstveni rekreacijski ambulanti, sev marihuane, narejen s kri\u017eanjem Super Silver Haze s Sour Diesel.","robots":{"index":"index","follow":"follow","max-snippet":"max-snippet:-1","max-image-preview":"max-image-preview:large","max-video-preview":"max-video-preview:-1"},"canonical":"https:\/\/medicinasinc.com\/sl\/product\/kupi-super-kisli-dizel\/","og_locale":"en_US","og_type":"article","og_title":"Kupite Super Sour Diesel - najbolj\u0161a najbolj\u0161a zdravila na svetu","og_description":"Kupite Super Sour Diesel AAAA za prodajo v najbolj\u0161i zdravstveni rekreacijski ambulanti, sev marihuane, narejen s kri\u017eanjem Super Silver Haze s Sour Diesel.","og_url":"https:\/\/medicinasinc.com\/sl\/product\/kupi-super-kisli-dizel\/","og_site_name":"Medicinas Inc","article_modified_time":"2022-03-19T00:43:48+00:00","og_image":[{"width":1920,"height":2560,"url":"https:\/\/medicinasinc.com\/sl\/wp-content\/uploads\/sites\/7\/2022\/02\/Buy-Super-Sour-Diesel-scaled-1.jpg","type":"image\/jpeg"}],"twitter_card":"summary_large_image","twitter_misc":{"Est. reading time":"1 minute"},"schema":{"@context":"https:\/\/schema.org","@graph":[{"@type":"WebPage","@id":"https:\/\/medicinasinc.com\/sl\/product\/kupi-super-kisli-dizel\/","url":"https:\/\/medicinasinc.com\/sl\/product\/kupi-super-kisli-dizel\/","name":"Kupite Super Sour Diesel - najbolj\u0161a najbolj\u0161a zdravila na svetu","isPartOf":{"@id":"https:\/\/medicinasinc.com\/sl\/#website"},"primaryImageOfPage":{"@id":"https:\/\/medicinasinc.com\/sl\/product\/kupi-super-kisli-dizel\/#primaryimage"},"image":{"@id":"https:\/\/medicinasinc.com\/sl\/product\/kupi-super-kisli-dizel\/#primaryimage"},"thumbnailUrl":"https:\/\/medicinasinc.com\/sl\/wp-content\/uploads\/sites\/7\/2022\/02\/Buy-Super-Sour-Diesel-scaled-1.jpg","datePublished":"2022-02-20T19:51:48+00:00","dateModified":"2022-03-19T00:43:48+00:00","description":"Kupite Super Sour Diesel AAAA za prodajo v najbolj\u0161i zdravstveni rekreacijski ambulanti, sev marihuane, narejen s kri\u017eanjem Super Silver Haze s Sour Diesel.","breadcrumb":{"@id":"https:\/\/medicinasinc.com\/sl\/product\/kupi-super-kisli-dizel\/#breadcrumb"},"inLanguage":"en-US","potentialAction":[{"@type":"ReadAction","target":["https:\/\/medicinasinc.com\/sl\/product\/kupi-super-kisli-dizel\/"]}]},{"@type":"ImageObject","inLanguage":"en-US","@id":"https:\/\/medicinasinc.com\/sl\/product\/kupi-super-kisli-dizel\/#primaryimage","url":"https:\/\/medicinasinc.com\/sl\/wp-content\/uploads\/sites\/7\/2022\/02\/Buy-Super-Sour-Diesel-scaled-1.jpg","contentUrl":"https:\/\/medicinasinc.com\/sl\/wp-content\/uploads\/sites\/7\/2022\/02\/Buy-Super-Sour-Diesel-scaled-1.jpg","width":1920,"height":2560},{"@type":"BreadcrumbList","@id":"https:\/\/medicinasinc.com\/sl\/product\/kupi-super-kisli-dizel\/#breadcrumb","itemListElement":[{"@type":"ListItem","position":1,"name":"Nakupujte","item":"https:\/\/medicinasinc.com\/sl\/nakupujte\/"},{"@type":"ListItem","position":2,"name":"Kupite Super Sour Diesel"}]},{"@type":"WebSite","@id":"https:\/\/medicinasinc.com\/sl\/#website","url":"https:\/\/medicinasinc.com\/sl\/","name":"Medicinas Inc","description":"Health Medical Clinic","potentialAction":[{"@type":"SearchAction","target":{"@type":"EntryPoint","urlTemplate":"https:\/\/medicinasinc.com\/sl\/?s={search_term_string}"},"query-input":{"@type":"PropertyValueSpecification","valueRequired":true,"valueName":"search_term_string"}}],"inLanguage":"en-US"}]}},"_links":{"self":[{"href":"https:\/\/medicinasinc.com\/sl\/wp-json\/wp\/v2\/product\/5069","targetHints":{"allow":["GET"]}}],"collection":[{"href":"https:\/\/medicinasinc.com\/sl\/wp-json\/wp\/v2\/product"}],"about":[{"href":"https:\/\/medicinasinc.com\/sl\/wp-json\/wp\/v2\/types\/product"}],"replies":[{"embeddable":true,"href":"https:\/\/medicinasinc.com\/sl\/wp-json\/wp\/v2\/comments?post=5069"}],"wp:featuredmedia":[{"embeddable":true,"href":"https:\/\/medicinasinc.com\/sl\/wp-json\/wp\/v2\/media\/5087"}],"wp:attachment":[{"href":"https:\/\/medicinasinc.com\/sl\/wp-json\/wp\/v2\/media?parent=5069"}],"wp:term":[{"taxonomy":"product_brand","embeddable":true,"href":"https:\/\/medicinasinc.com\/sl\/wp-json\/wp\/v2\/product_brand?post=5069"},{"taxonomy":"product_cat","embeddable":true,"href":"https:\/\/medicinasinc.com\/sl\/wp-json\/wp\/v2\/product_cat?post=5069"},{"taxonomy":"product_tag","embeddable":true,"href":"https:\/\/medicinasinc.com\/sl\/wp-json\/wp\/v2\/product_tag?post=5069"}],"curies":[{"name":"wp","href":"https:\/\/api.w.org\/{rel}","templated":true}]}}