{"id":5068,"date":"2022-02-20T19:50:54","date_gmt":"2022-02-20T19:50:54","guid":{"rendered":"https:\/\/medicinasinc.com\/sl\/?post_type=product&#038;p=5068"},"modified":"2022-03-19T00:44:01","modified_gmt":"2022-03-19T00:44:01","slug":"kupi-super-limona-meglica","status":"publish","type":"product","link":"https:\/\/medicinasinc.com\/sl\/product\/kupi-super-limona-meglica\/","title":{"rendered":"Kupite Super Lemon Haze"},"content":{"rendered":"<p>Spletni nakup Super Lamon Haze<\/p>\n<p>Ta slasten sov limone je dober rod, ki je primeren za vsako veteransko skupino. Super Lemon Haze je eden najbolj priljubljenih sevov, zlasti med indijskimi navdu\u0161enci, in jih je uspe\u0161no pretvoril v sativo. Brez dvoma je Super Lemon Haze edinstven. Ta zmagovalec Cannabis Cupa je kri\u017eanec med Lemon Skunk in Super Silver Haze, zaradi \u010desar je rodovni\u0161ki sev in eden najbolj\u0161ih sativ, ki so danes na voljo. Super Lamon Haze lahko kupite na spletu in ga najdete za prodajo na spletu. Ta hibrid, v katerem prevladuje sativa, resni\u010dno ustreza svojemu imenu, z mo\u010dno limonino aromo, ki di\u0161i neverjetno. Super Lemon Haze se za\u010dne po\u010dasi, a vztrajno in se dviga do izjemne evforije, zaradi katere \u017eelite od navdu\u0161enja sko\u010diti s stola. Ta sev je tudi priljubljena medicinska razli\u010dica, saj se lahko uporablja za zdravljenje najrazli\u010dnej\u0161ih bolezni.<\/p>\n<p>U\u010dinki<\/p>\n<p>Vsi ti u\u010dinki super-sative temeljijo na energiji. Vendar pa je glavna zna\u010dilnost, da je odli\u010den vsakdanji poskus zaradi svoje sposobnosti, da postane u\u010dinkovit in ob\u010dasno inovativen. Super Lemon Haze vas lahko dovolj pomiri, da se boste po\u010dutili prijetno. Super Lemon Haze je idealen spremljevalec sre\u010de. \u010ce je pred vami dolg dan in morate stvari temeljito opraviti, je ta sativa prava pot.<br \/> Imeli boste funt tega \u010dudovitega brsta, da boste obdr\u017eali vse v dvorani, in \u0161e enega da te potegne gor. Super Lemon Haze ne vpliva na novoustanovljena podjetja. Njegov u\u010dinek lahko povzro\u010di prijeten mo\u017eganski vzpon, ki vam omogo\u010da jasnej\u0161e razmi\u0161ljanje in priklic informacij, ki bi jih sicer lahko pozabili. Poleg tega naj bi se zaradi tega pritiska po\u010dutili malo \u017eivahno, kar je idealno za romanti\u010dno no\u010d. Vonj: di\u0161e\u010di brsti naj vzbujajo podobe citrusov. Super Lemon Haze ima limonino sladek okus s pridihom za\u010dimb in izjemno kislo aromo. Sladki okus limone je uravnote\u017een s pridihom zemeljskosti in za\u010dimb, kar ustvarja \u010dudovito izku\u0161njo. Super Lemon Haze ima izjemno prijeten vonj. Ta sativa ima prijetno, osve\u017eujo\u010do aromo, limonina zmletost pa naj ostane na va\u0161em jeziku. Kot da bi vdihnili kos sladkarije z izrazitim zeli\u0161\u010dnim podtonom.<\/p>\n<p>Medicinske prednosti<\/p>\n<p>Super Lemon Haze se priporo\u010da za razli\u010dne bolezni in simptome. S to mo\u010dno obremenitvijo se zlahka premagate s kroni\u010dno utrujenostjo, saj lahko vnese stabilno in dvignjeno stanje duha, ki vas spodbuja, da celo po\u010dnete stvari. Poleg tega je ta sev dober v boju proti stresu in \u017ealosti. Super Lemon Haze ima sposobnost zdravljenja razli\u010dnih stisk, povezanih z \u017eivljenjskim slogom z visokim stresom, in se lahko zlahka osvobodi manj\u0161ih bole\u010din, kot so migrene, glavoboli, sklepi in mi\u0161i\u010dni kr\u010di. Super Lemon Haze je ve\u010dnamensko, zanesljivo zdravilo proti bole\u010dinam, ki spro\u0161\u010da in mravljin\u010denje telesa ter prikrije vse druge fizi\u010dne te\u017eave, ki se lahko pojavijo. Po\u017eivljajo\u010d okus in aroma prispevata k njeni privla\u010dnosti, zaradi \u010desar je prijetna tudi za ljudi, ki konoplje verjetno ne bodo uporabljali za zdravljenje svoje bolezni.<\/p>\n","protected":false},"excerpt":{"rendered":"<div class=\"woocommerce-product-details__short-description\">\n<p>Kupite sev marihuane Super Lemon Haze v Zdru\u017eenem kraljestvu in Evropi. Je mo\u010dan hibrid citrusov in sladkega Sativa. Ta cvet je rezultat kri\u017eanja med limoninim skunom in srebrno meglico.<\/p>\n<p>Spletni nakup seva marihuane Super Lemon Haze.<\/p>\n<p>Super Lemon Haze je hibrid s prevladujo\u010do Sativo &#8211; 80 % sativa \/ 20 % indica. Vsebnost Indica THC je 25%, vsebnost CBD je 1%, vsebnost CBN pa 2%.<\/p>\n<\/p><\/div>\n","protected":false},"featured_media":5085,"comment_status":"open","ping_status":"closed","template":"","meta":[],"product_brand":[],"product_cat":[778],"product_tag":[1019,1020,1021,1022,1023,486,487,1024],"class_list":{"0":"post-5068","1":"product","2":"type-product","3":"status-publish","4":"has-post-thumbnail","6":"product_cat-plevel-za-prodajo","7":"product_tag-is-super-lemon-haze-psychedelic","8":"product_tag-limonina-meglica-semena-na-prodaj","9":"product_tag-super-lemon-haze-autoflower","10":"product_tag-super-lemon-haze-autoflower-seeds","11":"product_tag-super-lemon-haze-effects","12":"product_tag-super-lemon-haze-price","13":"product_tag-super-lemon-haze-seeds","14":"product_tag-super-lemon-haze-seeds-usa","16":"first","17":"instock","18":"shipping-taxable","19":"purchasable","20":"product-type-variable","21":"has-default-attributes"},"yoast_head":"<!-- This site is optimized with the Yoast SEO plugin v27.3 - https:\/\/yoast.com\/product\/yoast-seo-wordpress\/ -->\n<title>Kupite Super Lemon Haze - najbolj\u0161a najbolj\u0161a zdravila na svetu<\/title>\n<meta name=\"description\" content=\"Kupite sev marihuane Super Lemon Haze UK, evropski ostri citrusi in hibrid s prevladujo\u010dim sladkim sativa. Ta cvet je kri\u017eanec limoninega skunka &amp; srebrna meglica.\" \/>\n<meta name=\"robots\" content=\"index, follow, max-snippet:-1, max-image-preview:large, max-video-preview:-1\" \/>\n<link rel=\"canonical\" href=\"https:\/\/medicinasinc.com\/sl\/product\/kupi-super-limona-meglica\/\" \/>\n<meta property=\"og:locale\" content=\"en_US\" \/>\n<meta property=\"og:type\" content=\"article\" \/>\n<meta property=\"og:title\" content=\"Kupite Super Lemon Haze - najbolj\u0161a najbolj\u0161a zdravila na svetu\" \/>\n<meta property=\"og:description\" content=\"Kupite sev marihuane Super Lemon Haze UK, evropski ostri citrusi in hibrid s prevladujo\u010dim sladkim sativa. Ta cvet je kri\u017eanec limoninega skunka &amp; srebrna meglica.\" \/>\n<meta property=\"og:url\" content=\"https:\/\/medicinasinc.com\/sl\/product\/kupi-super-limona-meglica\/\" \/>\n<meta property=\"og:site_name\" content=\"Medicinas Inc\" \/>\n<meta property=\"article:modified_time\" content=\"2022-03-19T00:44:01+00:00\" \/>\n<meta property=\"og:image\" content=\"https:\/\/medicinasinc.com\/sl\/wp-content\/uploads\/sites\/7\/2022\/02\/Buy-Super-Lemon-Haze.jpg\" \/>\n\t<meta property=\"og:image:width\" content=\"1080\" \/>\n\t<meta property=\"og:image:height\" content=\"1080\" \/>\n\t<meta property=\"og:image:type\" content=\"image\/jpeg\" \/>\n<meta name=\"twitter:card\" content=\"summary_large_image\" \/>\n<meta name=\"twitter:label1\" content=\"Est. reading time\" \/>\n\t<meta name=\"twitter:data1\" content=\"3 minutes\" \/>\n<script type=\"application\/ld+json\" class=\"yoast-schema-graph\">{\"@context\":\"https:\\\/\\\/schema.org\",\"@graph\":[{\"@type\":\"WebPage\",\"@id\":\"https:\\\/\\\/medicinasinc.com\\\/sl\\\/product\\\/kupi-super-limona-meglica\\\/\",\"url\":\"https:\\\/\\\/medicinasinc.com\\\/sl\\\/product\\\/kupi-super-limona-meglica\\\/\",\"name\":\"Kupite Super Lemon Haze - najbolj\u0161a najbolj\u0161a zdravila na svetu\",\"isPartOf\":{\"@id\":\"https:\\\/\\\/medicinasinc.com\\\/sl\\\/#website\"},\"primaryImageOfPage\":{\"@id\":\"https:\\\/\\\/medicinasinc.com\\\/sl\\\/product\\\/kupi-super-limona-meglica\\\/#primaryimage\"},\"image\":{\"@id\":\"https:\\\/\\\/medicinasinc.com\\\/sl\\\/product\\\/kupi-super-limona-meglica\\\/#primaryimage\"},\"thumbnailUrl\":\"https:\\\/\\\/medicinasinc.com\\\/sl\\\/wp-content\\\/uploads\\\/sites\\\/7\\\/2022\\\/02\\\/Buy-Super-Lemon-Haze.jpg\",\"datePublished\":\"2022-02-20T19:50:54+00:00\",\"dateModified\":\"2022-03-19T00:44:01+00:00\",\"description\":\"Kupite sev marihuane Super Lemon Haze UK, evropski ostri citrusi in hibrid s prevladujo\u010dim sladkim sativa. Ta cvet je kri\u017eanec limoninega skunka &amp; srebrna meglica.\",\"breadcrumb\":{\"@id\":\"https:\\\/\\\/medicinasinc.com\\\/sl\\\/product\\\/kupi-super-limona-meglica\\\/#breadcrumb\"},\"inLanguage\":\"en-US\",\"potentialAction\":[{\"@type\":\"ReadAction\",\"target\":[\"https:\\\/\\\/medicinasinc.com\\\/sl\\\/product\\\/kupi-super-limona-meglica\\\/\"]}]},{\"@type\":\"ImageObject\",\"inLanguage\":\"en-US\",\"@id\":\"https:\\\/\\\/medicinasinc.com\\\/sl\\\/product\\\/kupi-super-limona-meglica\\\/#primaryimage\",\"url\":\"https:\\\/\\\/medicinasinc.com\\\/sl\\\/wp-content\\\/uploads\\\/sites\\\/7\\\/2022\\\/02\\\/Buy-Super-Lemon-Haze.jpg\",\"contentUrl\":\"https:\\\/\\\/medicinasinc.com\\\/sl\\\/wp-content\\\/uploads\\\/sites\\\/7\\\/2022\\\/02\\\/Buy-Super-Lemon-Haze.jpg\",\"width\":1080,\"height\":1080},{\"@type\":\"BreadcrumbList\",\"@id\":\"https:\\\/\\\/medicinasinc.com\\\/sl\\\/product\\\/kupi-super-limona-meglica\\\/#breadcrumb\",\"itemListElement\":[{\"@type\":\"ListItem\",\"position\":1,\"name\":\"Nakupujte\",\"item\":\"https:\\\/\\\/medicinasinc.com\\\/sl\\\/nakupujte\\\/\"},{\"@type\":\"ListItem\",\"position\":2,\"name\":\"Kupite Super Lemon Haze\"}]},{\"@type\":\"WebSite\",\"@id\":\"https:\\\/\\\/medicinasinc.com\\\/sl\\\/#website\",\"url\":\"https:\\\/\\\/medicinasinc.com\\\/sl\\\/\",\"name\":\"Medicinas Inc\",\"description\":\"Health Medical Clinic\",\"potentialAction\":[{\"@type\":\"SearchAction\",\"target\":{\"@type\":\"EntryPoint\",\"urlTemplate\":\"https:\\\/\\\/medicinasinc.com\\\/sl\\\/?s={search_term_string}\"},\"query-input\":{\"@type\":\"PropertyValueSpecification\",\"valueRequired\":true,\"valueName\":\"search_term_string\"}}],\"inLanguage\":\"en-US\"}]}<\/script>\n<!-- \/ Yoast SEO plugin. -->","yoast_head_json":{"title":"Kupite Super Lemon Haze - najbolj\u0161a najbolj\u0161a zdravila na svetu","description":"Kupite sev marihuane Super Lemon Haze UK, evropski ostri citrusi in hibrid s prevladujo\u010dim sladkim sativa. Ta cvet je kri\u017eanec limoninega skunka &amp; srebrna meglica.","robots":{"index":"index","follow":"follow","max-snippet":"max-snippet:-1","max-image-preview":"max-image-preview:large","max-video-preview":"max-video-preview:-1"},"canonical":"https:\/\/medicinasinc.com\/sl\/product\/kupi-super-limona-meglica\/","og_locale":"en_US","og_type":"article","og_title":"Kupite Super Lemon Haze - najbolj\u0161a najbolj\u0161a zdravila na svetu","og_description":"Kupite sev marihuane Super Lemon Haze UK, evropski ostri citrusi in hibrid s prevladujo\u010dim sladkim sativa. Ta cvet je kri\u017eanec limoninega skunka &amp; srebrna meglica.","og_url":"https:\/\/medicinasinc.com\/sl\/product\/kupi-super-limona-meglica\/","og_site_name":"Medicinas Inc","article_modified_time":"2022-03-19T00:44:01+00:00","og_image":[{"width":1080,"height":1080,"url":"https:\/\/medicinasinc.com\/sl\/wp-content\/uploads\/sites\/7\/2022\/02\/Buy-Super-Lemon-Haze.jpg","type":"image\/jpeg"}],"twitter_card":"summary_large_image","twitter_misc":{"Est. reading time":"3 minutes"},"schema":{"@context":"https:\/\/schema.org","@graph":[{"@type":"WebPage","@id":"https:\/\/medicinasinc.com\/sl\/product\/kupi-super-limona-meglica\/","url":"https:\/\/medicinasinc.com\/sl\/product\/kupi-super-limona-meglica\/","name":"Kupite Super Lemon Haze - najbolj\u0161a najbolj\u0161a zdravila na svetu","isPartOf":{"@id":"https:\/\/medicinasinc.com\/sl\/#website"},"primaryImageOfPage":{"@id":"https:\/\/medicinasinc.com\/sl\/product\/kupi-super-limona-meglica\/#primaryimage"},"image":{"@id":"https:\/\/medicinasinc.com\/sl\/product\/kupi-super-limona-meglica\/#primaryimage"},"thumbnailUrl":"https:\/\/medicinasinc.com\/sl\/wp-content\/uploads\/sites\/7\/2022\/02\/Buy-Super-Lemon-Haze.jpg","datePublished":"2022-02-20T19:50:54+00:00","dateModified":"2022-03-19T00:44:01+00:00","description":"Kupite sev marihuane Super Lemon Haze UK, evropski ostri citrusi in hibrid s prevladujo\u010dim sladkim sativa. Ta cvet je kri\u017eanec limoninega skunka &amp; srebrna meglica.","breadcrumb":{"@id":"https:\/\/medicinasinc.com\/sl\/product\/kupi-super-limona-meglica\/#breadcrumb"},"inLanguage":"en-US","potentialAction":[{"@type":"ReadAction","target":["https:\/\/medicinasinc.com\/sl\/product\/kupi-super-limona-meglica\/"]}]},{"@type":"ImageObject","inLanguage":"en-US","@id":"https:\/\/medicinasinc.com\/sl\/product\/kupi-super-limona-meglica\/#primaryimage","url":"https:\/\/medicinasinc.com\/sl\/wp-content\/uploads\/sites\/7\/2022\/02\/Buy-Super-Lemon-Haze.jpg","contentUrl":"https:\/\/medicinasinc.com\/sl\/wp-content\/uploads\/sites\/7\/2022\/02\/Buy-Super-Lemon-Haze.jpg","width":1080,"height":1080},{"@type":"BreadcrumbList","@id":"https:\/\/medicinasinc.com\/sl\/product\/kupi-super-limona-meglica\/#breadcrumb","itemListElement":[{"@type":"ListItem","position":1,"name":"Nakupujte","item":"https:\/\/medicinasinc.com\/sl\/nakupujte\/"},{"@type":"ListItem","position":2,"name":"Kupite Super Lemon Haze"}]},{"@type":"WebSite","@id":"https:\/\/medicinasinc.com\/sl\/#website","url":"https:\/\/medicinasinc.com\/sl\/","name":"Medicinas Inc","description":"Health Medical Clinic","potentialAction":[{"@type":"SearchAction","target":{"@type":"EntryPoint","urlTemplate":"https:\/\/medicinasinc.com\/sl\/?s={search_term_string}"},"query-input":{"@type":"PropertyValueSpecification","valueRequired":true,"valueName":"search_term_string"}}],"inLanguage":"en-US"}]}},"_links":{"self":[{"href":"https:\/\/medicinasinc.com\/sl\/wp-json\/wp\/v2\/product\/5068","targetHints":{"allow":["GET"]}}],"collection":[{"href":"https:\/\/medicinasinc.com\/sl\/wp-json\/wp\/v2\/product"}],"about":[{"href":"https:\/\/medicinasinc.com\/sl\/wp-json\/wp\/v2\/types\/product"}],"replies":[{"embeddable":true,"href":"https:\/\/medicinasinc.com\/sl\/wp-json\/wp\/v2\/comments?post=5068"}],"wp:featuredmedia":[{"embeddable":true,"href":"https:\/\/medicinasinc.com\/sl\/wp-json\/wp\/v2\/media\/5085"}],"wp:attachment":[{"href":"https:\/\/medicinasinc.com\/sl\/wp-json\/wp\/v2\/media?parent=5068"}],"wp:term":[{"taxonomy":"product_brand","embeddable":true,"href":"https:\/\/medicinasinc.com\/sl\/wp-json\/wp\/v2\/product_brand?post=5068"},{"taxonomy":"product_cat","embeddable":true,"href":"https:\/\/medicinasinc.com\/sl\/wp-json\/wp\/v2\/product_cat?post=5068"},{"taxonomy":"product_tag","embeddable":true,"href":"https:\/\/medicinasinc.com\/sl\/wp-json\/wp\/v2\/product_tag?post=5068"}],"curies":[{"name":"wp","href":"https:\/\/api.w.org\/{rel}","templated":true}]}}