{"id":5047,"date":"2022-02-20T19:35:13","date_gmt":"2022-02-20T19:35:13","guid":{"rendered":"https:\/\/medicinasinc.com\/sl\/?post_type=product&#038;p=5047"},"modified":"2022-03-19T00:44:21","modified_gmt":"2022-03-19T00:44:21","slug":"kupi-vijolicni-zmaj-marihuano-aaaaa","status":"publish","type":"product","link":"https:\/\/medicinasinc.com\/sl\/product\/kupi-vijolicni-zmaj-marihuano-aaaaa\/","title":{"rendered":"Kupite Marihuano Purple Dragon (AAAAA)"},"content":{"rendered":"<p>Konoplja Purple Dragon (AAAA) &#8211; 30 % sativa \/ 60 % indica<\/p>\n<p>Purple Dragon je hibridna sorta s prevladujo\u010do indiko, ustvarjena s kri\u017eanjem mo\u010dne vijoli\u010dne urkle z modrim zmajem. Purple Dragon daje uravnote\u017een vzpon, ki pomirja in spro\u0161\u010da um in telo. Ta sev ustvarja precej nenavadno aromo, ki zdru\u017euje mo\u0161usni \u017eajbelj z zna\u010dilnim cvetli\u010dnim okusom, ki ostane na okusu. Po vdihu tega napora se um napolni z energijo, mo\u010dna evforija pa hitro pre\u017eene skrbi in depresijo. Purple Dragon uporabnikom najprej ponudi razburljivo in spodbudno jasnost duha; vendar te prednosti postopoma izginejo, da uporabnikom ostanejo ure laj\u0161anja bole\u010din in sedacije. Splo\u0161ne telesne bole\u010dine se bodo umirile, ko bo uporabnikovo telo postopoma vstopilo v stanje sprostitve, ki ga \u010dutimo tako fizi\u010dno kot psihi\u010dno. Purple Dragon je koristna mo\u017enost zdravljenja za razli\u010dne bolezni, vklju\u010dno z anksioznostjo, depresijo, motnjami razpolo\u017eenja, fizi\u010dno iz\u010drpanostjo, migrenami\/glavoboli, kroni\u010dnimi bole\u010dinami in izgubo apetita.<\/p>\n<div class=\"product-next-previous\">\n<div class=\"product-prev\"><\/div><\/div>\n","protected":false},"excerpt":{"rendered":"<p>Purple Dragon Crassula (Crassula multicava) je osupljiva in barvita so\u010dnica, ki ima velik&#8230; Kupite tri ali ve\u010d artiklov in jih prejmite za 10,80 $ za vsakega.<\/p>\n<ul>\n<li>AAAAA predstavlja najbolj\u0161e od najbolj\u0161ega!<\/li>\n<li>Za naro\u010dila na debelo nas kontaktirajte.<\/li>\n<li>Po celem svetu po\u0161iljanje.<\/li>\n<\/ul>\n","protected":false},"featured_media":5067,"comment_status":"open","ping_status":"closed","template":"","meta":[],"product_brand":[],"product_cat":[778],"product_tag":[1006,1010,1008,1007,1009],"class_list":{"0":"post-5047","1":"product","2":"type-product","3":"status-publish","4":"has-post-thumbnail","6":"product_cat-plevel-za-prodajo","7":"product_tag-green-and-purple-dragon-names","8":"product_tag-vijolina-zmajeva-polnjena-velika-ival","9":"product_tag-purple-dragon-shears-reviews","10":"product_tag-vijolino-zeleni-zmaj-risanka","11":"product_tag-spletna-stran-vijoline-zmajeve-karje","13":"first","14":"instock","15":"shipping-taxable","16":"purchasable","17":"product-type-variable","18":"has-default-attributes"},"yoast_head":"<!-- This site is optimized with the Yoast SEO plugin v27.3 - https:\/\/yoast.com\/product\/yoast-seo-wordpress\/ -->\n<title>Kupite Purple Dragon (AAAAA) - Najbolj\u0161a najbolj\u0161a zdravila na svetu<\/title>\n<meta name=\"description\" content=\"Kupite sev marihuane Purple Dragon. Eteri\u010dni in nadrealisti\u010dni vijoli\u010dni zmaj je varuh nezemeljskih kristalov. Digitalno naslikal Tobias Vyseri.\" \/>\n<meta name=\"robots\" content=\"index, follow, max-snippet:-1, max-image-preview:large, max-video-preview:-1\" \/>\n<link rel=\"canonical\" href=\"https:\/\/medicinasinc.com\/sl\/product\/kupi-vijolicni-zmaj-marihuano-aaaaa\/\" \/>\n<meta property=\"og:locale\" content=\"en_US\" \/>\n<meta property=\"og:type\" content=\"article\" \/>\n<meta property=\"og:title\" content=\"Kupite Purple Dragon (AAAAA) - Najbolj\u0161a najbolj\u0161a zdravila na svetu\" \/>\n<meta property=\"og:description\" content=\"Kupite sev marihuane Purple Dragon. Eteri\u010dni in nadrealisti\u010dni vijoli\u010dni zmaj je varuh nezemeljskih kristalov. Digitalno naslikal Tobias Vyseri.\" \/>\n<meta property=\"og:url\" content=\"https:\/\/medicinasinc.com\/sl\/product\/kupi-vijolicni-zmaj-marihuano-aaaaa\/\" \/>\n<meta property=\"og:site_name\" content=\"Medicinas Inc\" \/>\n<meta property=\"article:modified_time\" content=\"2022-03-19T00:44:21+00:00\" \/>\n<meta property=\"og:image\" content=\"https:\/\/medicinasinc.com\/sl\/wp-content\/uploads\/sites\/7\/2022\/02\/Buy-Purple-Dragon.jpg\" \/>\n\t<meta property=\"og:image:width\" content=\"541\" \/>\n\t<meta property=\"og:image:height\" content=\"459\" \/>\n\t<meta property=\"og:image:type\" content=\"image\/jpeg\" \/>\n<meta name=\"twitter:card\" content=\"summary_large_image\" \/>\n<meta name=\"twitter:label1\" content=\"Est. reading time\" \/>\n\t<meta name=\"twitter:data1\" content=\"1 minute\" \/>\n<script type=\"application\/ld+json\" class=\"yoast-schema-graph\">{\"@context\":\"https:\\\/\\\/schema.org\",\"@graph\":[{\"@type\":\"WebPage\",\"@id\":\"https:\\\/\\\/medicinasinc.com\\\/sl\\\/product\\\/kupi-vijolicni-zmaj-marihuano-aaaaa\\\/\",\"url\":\"https:\\\/\\\/medicinasinc.com\\\/sl\\\/product\\\/kupi-vijolicni-zmaj-marihuano-aaaaa\\\/\",\"name\":\"Kupite Purple Dragon (AAAAA) - Najbolj\u0161a najbolj\u0161a zdravila na svetu\",\"isPartOf\":{\"@id\":\"https:\\\/\\\/medicinasinc.com\\\/sl\\\/#website\"},\"primaryImageOfPage\":{\"@id\":\"https:\\\/\\\/medicinasinc.com\\\/sl\\\/product\\\/kupi-vijolicni-zmaj-marihuano-aaaaa\\\/#primaryimage\"},\"image\":{\"@id\":\"https:\\\/\\\/medicinasinc.com\\\/sl\\\/product\\\/kupi-vijolicni-zmaj-marihuano-aaaaa\\\/#primaryimage\"},\"thumbnailUrl\":\"https:\\\/\\\/medicinasinc.com\\\/sl\\\/wp-content\\\/uploads\\\/sites\\\/7\\\/2022\\\/02\\\/Buy-Purple-Dragon.jpg\",\"datePublished\":\"2022-02-20T19:35:13+00:00\",\"dateModified\":\"2022-03-19T00:44:21+00:00\",\"description\":\"Kupite sev marihuane Purple Dragon. Eteri\u010dni in nadrealisti\u010dni vijoli\u010dni zmaj je varuh nezemeljskih kristalov. Digitalno naslikal Tobias Vyseri.\",\"breadcrumb\":{\"@id\":\"https:\\\/\\\/medicinasinc.com\\\/sl\\\/product\\\/kupi-vijolicni-zmaj-marihuano-aaaaa\\\/#breadcrumb\"},\"inLanguage\":\"en-US\",\"potentialAction\":[{\"@type\":\"ReadAction\",\"target\":[\"https:\\\/\\\/medicinasinc.com\\\/sl\\\/product\\\/kupi-vijolicni-zmaj-marihuano-aaaaa\\\/\"]}]},{\"@type\":\"ImageObject\",\"inLanguage\":\"en-US\",\"@id\":\"https:\\\/\\\/medicinasinc.com\\\/sl\\\/product\\\/kupi-vijolicni-zmaj-marihuano-aaaaa\\\/#primaryimage\",\"url\":\"https:\\\/\\\/medicinasinc.com\\\/sl\\\/wp-content\\\/uploads\\\/sites\\\/7\\\/2022\\\/02\\\/Buy-Purple-Dragon.jpg\",\"contentUrl\":\"https:\\\/\\\/medicinasinc.com\\\/sl\\\/wp-content\\\/uploads\\\/sites\\\/7\\\/2022\\\/02\\\/Buy-Purple-Dragon.jpg\",\"width\":541,\"height\":459},{\"@type\":\"BreadcrumbList\",\"@id\":\"https:\\\/\\\/medicinasinc.com\\\/sl\\\/product\\\/kupi-vijolicni-zmaj-marihuano-aaaaa\\\/#breadcrumb\",\"itemListElement\":[{\"@type\":\"ListItem\",\"position\":1,\"name\":\"Nakupujte\",\"item\":\"https:\\\/\\\/medicinasinc.com\\\/sl\\\/nakupujte\\\/\"},{\"@type\":\"ListItem\",\"position\":2,\"name\":\"Kupite Marihuano Purple Dragon (AAAAA)\"}]},{\"@type\":\"WebSite\",\"@id\":\"https:\\\/\\\/medicinasinc.com\\\/sl\\\/#website\",\"url\":\"https:\\\/\\\/medicinasinc.com\\\/sl\\\/\",\"name\":\"Medicinas Inc\",\"description\":\"Health Medical Clinic\",\"potentialAction\":[{\"@type\":\"SearchAction\",\"target\":{\"@type\":\"EntryPoint\",\"urlTemplate\":\"https:\\\/\\\/medicinasinc.com\\\/sl\\\/?s={search_term_string}\"},\"query-input\":{\"@type\":\"PropertyValueSpecification\",\"valueRequired\":true,\"valueName\":\"search_term_string\"}}],\"inLanguage\":\"en-US\"}]}<\/script>\n<!-- \/ Yoast SEO plugin. -->","yoast_head_json":{"title":"Kupite Purple Dragon (AAAAA) - Najbolj\u0161a najbolj\u0161a zdravila na svetu","description":"Kupite sev marihuane Purple Dragon. Eteri\u010dni in nadrealisti\u010dni vijoli\u010dni zmaj je varuh nezemeljskih kristalov. Digitalno naslikal Tobias Vyseri.","robots":{"index":"index","follow":"follow","max-snippet":"max-snippet:-1","max-image-preview":"max-image-preview:large","max-video-preview":"max-video-preview:-1"},"canonical":"https:\/\/medicinasinc.com\/sl\/product\/kupi-vijolicni-zmaj-marihuano-aaaaa\/","og_locale":"en_US","og_type":"article","og_title":"Kupite Purple Dragon (AAAAA) - Najbolj\u0161a najbolj\u0161a zdravila na svetu","og_description":"Kupite sev marihuane Purple Dragon. Eteri\u010dni in nadrealisti\u010dni vijoli\u010dni zmaj je varuh nezemeljskih kristalov. Digitalno naslikal Tobias Vyseri.","og_url":"https:\/\/medicinasinc.com\/sl\/product\/kupi-vijolicni-zmaj-marihuano-aaaaa\/","og_site_name":"Medicinas Inc","article_modified_time":"2022-03-19T00:44:21+00:00","og_image":[{"width":541,"height":459,"url":"https:\/\/medicinasinc.com\/sl\/wp-content\/uploads\/sites\/7\/2022\/02\/Buy-Purple-Dragon.jpg","type":"image\/jpeg"}],"twitter_card":"summary_large_image","twitter_misc":{"Est. reading time":"1 minute"},"schema":{"@context":"https:\/\/schema.org","@graph":[{"@type":"WebPage","@id":"https:\/\/medicinasinc.com\/sl\/product\/kupi-vijolicni-zmaj-marihuano-aaaaa\/","url":"https:\/\/medicinasinc.com\/sl\/product\/kupi-vijolicni-zmaj-marihuano-aaaaa\/","name":"Kupite Purple Dragon (AAAAA) - Najbolj\u0161a najbolj\u0161a zdravila na svetu","isPartOf":{"@id":"https:\/\/medicinasinc.com\/sl\/#website"},"primaryImageOfPage":{"@id":"https:\/\/medicinasinc.com\/sl\/product\/kupi-vijolicni-zmaj-marihuano-aaaaa\/#primaryimage"},"image":{"@id":"https:\/\/medicinasinc.com\/sl\/product\/kupi-vijolicni-zmaj-marihuano-aaaaa\/#primaryimage"},"thumbnailUrl":"https:\/\/medicinasinc.com\/sl\/wp-content\/uploads\/sites\/7\/2022\/02\/Buy-Purple-Dragon.jpg","datePublished":"2022-02-20T19:35:13+00:00","dateModified":"2022-03-19T00:44:21+00:00","description":"Kupite sev marihuane Purple Dragon. Eteri\u010dni in nadrealisti\u010dni vijoli\u010dni zmaj je varuh nezemeljskih kristalov. Digitalno naslikal Tobias Vyseri.","breadcrumb":{"@id":"https:\/\/medicinasinc.com\/sl\/product\/kupi-vijolicni-zmaj-marihuano-aaaaa\/#breadcrumb"},"inLanguage":"en-US","potentialAction":[{"@type":"ReadAction","target":["https:\/\/medicinasinc.com\/sl\/product\/kupi-vijolicni-zmaj-marihuano-aaaaa\/"]}]},{"@type":"ImageObject","inLanguage":"en-US","@id":"https:\/\/medicinasinc.com\/sl\/product\/kupi-vijolicni-zmaj-marihuano-aaaaa\/#primaryimage","url":"https:\/\/medicinasinc.com\/sl\/wp-content\/uploads\/sites\/7\/2022\/02\/Buy-Purple-Dragon.jpg","contentUrl":"https:\/\/medicinasinc.com\/sl\/wp-content\/uploads\/sites\/7\/2022\/02\/Buy-Purple-Dragon.jpg","width":541,"height":459},{"@type":"BreadcrumbList","@id":"https:\/\/medicinasinc.com\/sl\/product\/kupi-vijolicni-zmaj-marihuano-aaaaa\/#breadcrumb","itemListElement":[{"@type":"ListItem","position":1,"name":"Nakupujte","item":"https:\/\/medicinasinc.com\/sl\/nakupujte\/"},{"@type":"ListItem","position":2,"name":"Kupite Marihuano Purple Dragon (AAAAA)"}]},{"@type":"WebSite","@id":"https:\/\/medicinasinc.com\/sl\/#website","url":"https:\/\/medicinasinc.com\/sl\/","name":"Medicinas Inc","description":"Health Medical Clinic","potentialAction":[{"@type":"SearchAction","target":{"@type":"EntryPoint","urlTemplate":"https:\/\/medicinasinc.com\/sl\/?s={search_term_string}"},"query-input":{"@type":"PropertyValueSpecification","valueRequired":true,"valueName":"search_term_string"}}],"inLanguage":"en-US"}]}},"_links":{"self":[{"href":"https:\/\/medicinasinc.com\/sl\/wp-json\/wp\/v2\/product\/5047","targetHints":{"allow":["GET"]}}],"collection":[{"href":"https:\/\/medicinasinc.com\/sl\/wp-json\/wp\/v2\/product"}],"about":[{"href":"https:\/\/medicinasinc.com\/sl\/wp-json\/wp\/v2\/types\/product"}],"replies":[{"embeddable":true,"href":"https:\/\/medicinasinc.com\/sl\/wp-json\/wp\/v2\/comments?post=5047"}],"wp:featuredmedia":[{"embeddable":true,"href":"https:\/\/medicinasinc.com\/sl\/wp-json\/wp\/v2\/media\/5067"}],"wp:attachment":[{"href":"https:\/\/medicinasinc.com\/sl\/wp-json\/wp\/v2\/media?parent=5047"}],"wp:term":[{"taxonomy":"product_brand","embeddable":true,"href":"https:\/\/medicinasinc.com\/sl\/wp-json\/wp\/v2\/product_brand?post=5047"},{"taxonomy":"product_cat","embeddable":true,"href":"https:\/\/medicinasinc.com\/sl\/wp-json\/wp\/v2\/product_cat?post=5047"},{"taxonomy":"product_tag","embeddable":true,"href":"https:\/\/medicinasinc.com\/sl\/wp-json\/wp\/v2\/product_tag?post=5047"}],"curies":[{"name":"wp","href":"https:\/\/api.w.org\/{rel}","templated":true}]}}