{"id":5046,"date":"2022-02-20T19:34:10","date_gmt":"2022-02-20T19:34:10","guid":{"rendered":"https:\/\/medicinasinc.com\/sl\/?post_type=product&#038;p=5046"},"modified":"2022-03-19T00:44:29","modified_gmt":"2022-03-19T00:44:29","slug":"kupi-cokolada-fondue-seva","status":"publish","type":"product","link":"https:\/\/medicinasinc.com\/sl\/product\/kupi-cokolada-fondue-seva\/","title":{"rendered":"Kupite \u010dokoladni fondu"},"content":{"rendered":"<p>Informacije o sevu \u010dokoladnega fondua<\/p>\n<p>\u010cokoladni fondue je kri\u017eanec s prevladujo\u010do sativo, ki ga je razvila dru\u017eba DNA Genetics, ki zdru\u017euje dvigajo\u010de mo\u010di \u010dokolade s pomirjevalnimi u\u010dinki in edinstvenimi okusi sira Exodus.<\/p>\n<p>U\u010dinki \u010dokoladnega fonduja pomirjajo telo in pomirjajo um ter vas zazibajo v stanje prijetne zavesti. Ta sev konoplje je odli\u010den podnevi ali pono\u010di zaradi svoje raznolike di\u0161ave in sladkega okusa.<\/p>\n<p>Zdravilne lastnosti seva \u010dokoladnega fondue<\/p>\n<p>Obstaja veliko razlogov za uporabo sevov konoplje. Sledi \u0161est najbolj\u0161ih razlogov za njihovo zaposlitev. Seveda je vi\u0161ja kot je mo\u010d, mo\u010dnej\u0161a je mo\u010d!<\/p>\n<p>1 \u2013 laj\u0161a kroni\u010dno bole\u010dino<\/p>\n<p>Konoplja vsebuje kemi\u010dno sestavo, ki pomaga zmanj\u0161ati bole\u010dino. Na splo\u0161no barva konoplje ka\u017ee tudi na njeno mo\u010d. \u0160tevilni ljudje so ugotovili, da je to res.<\/p>\n<p>2 \u2013 Pove\u010dana zmogljivost plju\u010d<\/p>\n<p>Ali se zavedate? Kajenje konoplje je veliko bolj\u0161e od kajenja cigaret. Poleg tega vam bo pomagal pove\u010dati kapaciteto plju\u010d.<\/p>\n<p>3 \u2013 Debelost<\/p>\n<p>Velika ve\u010dina uporabnikov marihuane ni debelih. To je zato, ker vam bo redna uporaba tega cveta marihuane pomagala pri nadzoru porabe kalorij.<\/p>\n<p>4 \u2013 Prepre\u010devanje sladkorne bolezni<\/p>\n<p>Ko vam bo diagnosticirana sladkorna bolezen, jo boste imeli do konca svojega \u017eivljenja. \u017eivljenje. Nivo krvnega sladkorja lahko preprosto uravnavate tako, da ne nara\u0161\u010da \u0161e naprej.<\/p>\n<p>Konoplja lahko pomaga pri stabilizaciji krvnega sladkorja in zni\u017eanju krvnega tlaka!<\/p>\n<p>5 \u2013 Pomaga depresivnim osebam<\/p>\n<p> p&gt; <\/p>\n<p>Nekateri ljudje so depresivni, ne da bi se tega zavedali. Konoplja vam lahko pomaga pomiriti razpolo\u017eenje v primeru depresije.<\/p>\n<p>Kje kupiti \u010dokoladni fondu v Kanadi<\/p>\n<p>Medtem ko v Kanadi obstajajo druge ambulante, kjer lahko dobite \u010dokoladni fondu Weed Strain, na\u0161a ambulanta Mail Order Marihuana ponuja nekaj najkakovostnej\u0161ih izdelkov, ki so na voljo.<\/p>\n<p>Zagotavljamo vam, da boste prejeli visokokakovostne izdelke ali pa vam bomo vrnili denar!<\/p>\n<p>Poleg tega vam bomo povrnili denar! , naro\u010dila nad 100 $ prejmejo brezpla\u010dno dostavo!<\/p>\n","protected":false},"excerpt":{"rendered":"<div class=\"woocommerce-product-details__short-description\">\n<p>Kupite kakovosten \u010dokoladni fondue na spletu. Chocolate Fondue Strain je prevladujo\u010di hibrid sative \u2013 80 % sativa \/ 20 % indica THC: 17 %<\/p>\n<\/p><\/div>\n","protected":false},"featured_media":5065,"comment_status":"open","ping_status":"closed","template":"","meta":[],"product_brand":[],"product_cat":[778],"product_tag":[1004,1005],"class_list":{"0":"post-5046","1":"product","2":"type-product","3":"status-publish","4":"has-post-thumbnail","6":"product_cat-plevel-za-prodajo","7":"product_tag-cheese-fondue-strain","8":"product_tag-okolada-fudge-sev","10":"first","11":"instock","12":"shipping-taxable","13":"purchasable","14":"product-type-variable","15":"has-default-attributes"},"yoast_head":"<!-- This site is optimized with the Yoast SEO plugin v27.3 - https:\/\/yoast.com\/product\/yoast-seo-wordpress\/ -->\n<title>Kupite kakovosten \u010dokoladni fondue na spletu \u2013 najbolj\u0161a zdravila na svetu<\/title>\n<meta name=\"description\" content=\"Kupite kakovosten \u010dokoladni fondue na spletu. Chocolate Fondue Strain je prevladujo\u010di hibrid sative \u2013 80 % sativa \/ 20 % indica THC: 17 %\" \/>\n<meta name=\"robots\" content=\"index, follow, max-snippet:-1, max-image-preview:large, max-video-preview:-1\" \/>\n<link rel=\"canonical\" href=\"https:\/\/medicinasinc.com\/sl\/product\/kupi-cokolada-fondue-seva\/\" \/>\n<meta property=\"og:locale\" content=\"en_US\" \/>\n<meta property=\"og:type\" content=\"article\" \/>\n<meta property=\"og:title\" content=\"Kupite kakovosten \u010dokoladni fondue na spletu \u2013 najbolj\u0161a zdravila na svetu\" \/>\n<meta property=\"og:description\" content=\"Kupite kakovosten \u010dokoladni fondue na spletu. Chocolate Fondue Strain je prevladujo\u010di hibrid sative \u2013 80 % sativa \/ 20 % indica THC: 17 %\" \/>\n<meta property=\"og:url\" content=\"https:\/\/medicinasinc.com\/sl\/product\/kupi-cokolada-fondue-seva\/\" \/>\n<meta property=\"og:site_name\" content=\"Medicinas Inc\" \/>\n<meta property=\"article:modified_time\" content=\"2022-03-19T00:44:29+00:00\" \/>\n<meta property=\"og:image\" content=\"https:\/\/medicinasinc.com\/sl\/wp-content\/uploads\/sites\/7\/2022\/02\/Buy-Quality-Chocolate-Fondue.jpg\" \/>\n\t<meta property=\"og:image:width\" content=\"667\" \/>\n\t<meta property=\"og:image:height\" content=\"1000\" \/>\n\t<meta property=\"og:image:type\" content=\"image\/jpeg\" \/>\n<meta name=\"twitter:card\" content=\"summary_large_image\" \/>\n<meta name=\"twitter:label1\" content=\"Est. reading time\" \/>\n\t<meta name=\"twitter:data1\" content=\"2 minutes\" \/>\n<script type=\"application\/ld+json\" class=\"yoast-schema-graph\">{\"@context\":\"https:\\\/\\\/schema.org\",\"@graph\":[{\"@type\":\"WebPage\",\"@id\":\"https:\\\/\\\/medicinasinc.com\\\/sl\\\/product\\\/kupi-cokolada-fondue-seva\\\/\",\"url\":\"https:\\\/\\\/medicinasinc.com\\\/sl\\\/product\\\/kupi-cokolada-fondue-seva\\\/\",\"name\":\"Kupite kakovosten \u010dokoladni fondue na spletu \u2013 najbolj\u0161a zdravila na svetu\",\"isPartOf\":{\"@id\":\"https:\\\/\\\/medicinasinc.com\\\/sl\\\/#website\"},\"primaryImageOfPage\":{\"@id\":\"https:\\\/\\\/medicinasinc.com\\\/sl\\\/product\\\/kupi-cokolada-fondue-seva\\\/#primaryimage\"},\"image\":{\"@id\":\"https:\\\/\\\/medicinasinc.com\\\/sl\\\/product\\\/kupi-cokolada-fondue-seva\\\/#primaryimage\"},\"thumbnailUrl\":\"https:\\\/\\\/medicinasinc.com\\\/sl\\\/wp-content\\\/uploads\\\/sites\\\/7\\\/2022\\\/02\\\/Buy-Quality-Chocolate-Fondue.jpg\",\"datePublished\":\"2022-02-20T19:34:10+00:00\",\"dateModified\":\"2022-03-19T00:44:29+00:00\",\"description\":\"Kupite kakovosten \u010dokoladni fondue na spletu. Chocolate Fondue Strain je prevladujo\u010di hibrid sative \u2013 80 % sativa \\\/ 20 % indica THC: 17 %\",\"breadcrumb\":{\"@id\":\"https:\\\/\\\/medicinasinc.com\\\/sl\\\/product\\\/kupi-cokolada-fondue-seva\\\/#breadcrumb\"},\"inLanguage\":\"en-US\",\"potentialAction\":[{\"@type\":\"ReadAction\",\"target\":[\"https:\\\/\\\/medicinasinc.com\\\/sl\\\/product\\\/kupi-cokolada-fondue-seva\\\/\"]}]},{\"@type\":\"ImageObject\",\"inLanguage\":\"en-US\",\"@id\":\"https:\\\/\\\/medicinasinc.com\\\/sl\\\/product\\\/kupi-cokolada-fondue-seva\\\/#primaryimage\",\"url\":\"https:\\\/\\\/medicinasinc.com\\\/sl\\\/wp-content\\\/uploads\\\/sites\\\/7\\\/2022\\\/02\\\/Buy-Quality-Chocolate-Fondue.jpg\",\"contentUrl\":\"https:\\\/\\\/medicinasinc.com\\\/sl\\\/wp-content\\\/uploads\\\/sites\\\/7\\\/2022\\\/02\\\/Buy-Quality-Chocolate-Fondue.jpg\",\"width\":667,\"height\":1000},{\"@type\":\"BreadcrumbList\",\"@id\":\"https:\\\/\\\/medicinasinc.com\\\/sl\\\/product\\\/kupi-cokolada-fondue-seva\\\/#breadcrumb\",\"itemListElement\":[{\"@type\":\"ListItem\",\"position\":1,\"name\":\"Nakupujte\",\"item\":\"https:\\\/\\\/medicinasinc.com\\\/sl\\\/nakupujte\\\/\"},{\"@type\":\"ListItem\",\"position\":2,\"name\":\"Kupite \u010dokoladni fondu\"}]},{\"@type\":\"WebSite\",\"@id\":\"https:\\\/\\\/medicinasinc.com\\\/sl\\\/#website\",\"url\":\"https:\\\/\\\/medicinasinc.com\\\/sl\\\/\",\"name\":\"Medicinas Inc\",\"description\":\"Health Medical Clinic\",\"potentialAction\":[{\"@type\":\"SearchAction\",\"target\":{\"@type\":\"EntryPoint\",\"urlTemplate\":\"https:\\\/\\\/medicinasinc.com\\\/sl\\\/?s={search_term_string}\"},\"query-input\":{\"@type\":\"PropertyValueSpecification\",\"valueRequired\":true,\"valueName\":\"search_term_string\"}}],\"inLanguage\":\"en-US\"}]}<\/script>\n<!-- \/ Yoast SEO plugin. -->","yoast_head_json":{"title":"Kupite kakovosten \u010dokoladni fondue na spletu \u2013 najbolj\u0161a zdravila na svetu","description":"Kupite kakovosten \u010dokoladni fondue na spletu. Chocolate Fondue Strain je prevladujo\u010di hibrid sative \u2013 80 % sativa \/ 20 % indica THC: 17 %","robots":{"index":"index","follow":"follow","max-snippet":"max-snippet:-1","max-image-preview":"max-image-preview:large","max-video-preview":"max-video-preview:-1"},"canonical":"https:\/\/medicinasinc.com\/sl\/product\/kupi-cokolada-fondue-seva\/","og_locale":"en_US","og_type":"article","og_title":"Kupite kakovosten \u010dokoladni fondue na spletu \u2013 najbolj\u0161a zdravila na svetu","og_description":"Kupite kakovosten \u010dokoladni fondue na spletu. Chocolate Fondue Strain je prevladujo\u010di hibrid sative \u2013 80 % sativa \/ 20 % indica THC: 17 %","og_url":"https:\/\/medicinasinc.com\/sl\/product\/kupi-cokolada-fondue-seva\/","og_site_name":"Medicinas Inc","article_modified_time":"2022-03-19T00:44:29+00:00","og_image":[{"width":667,"height":1000,"url":"https:\/\/medicinasinc.com\/sl\/wp-content\/uploads\/sites\/7\/2022\/02\/Buy-Quality-Chocolate-Fondue.jpg","type":"image\/jpeg"}],"twitter_card":"summary_large_image","twitter_misc":{"Est. reading time":"2 minutes"},"schema":{"@context":"https:\/\/schema.org","@graph":[{"@type":"WebPage","@id":"https:\/\/medicinasinc.com\/sl\/product\/kupi-cokolada-fondue-seva\/","url":"https:\/\/medicinasinc.com\/sl\/product\/kupi-cokolada-fondue-seva\/","name":"Kupite kakovosten \u010dokoladni fondue na spletu \u2013 najbolj\u0161a zdravila na svetu","isPartOf":{"@id":"https:\/\/medicinasinc.com\/sl\/#website"},"primaryImageOfPage":{"@id":"https:\/\/medicinasinc.com\/sl\/product\/kupi-cokolada-fondue-seva\/#primaryimage"},"image":{"@id":"https:\/\/medicinasinc.com\/sl\/product\/kupi-cokolada-fondue-seva\/#primaryimage"},"thumbnailUrl":"https:\/\/medicinasinc.com\/sl\/wp-content\/uploads\/sites\/7\/2022\/02\/Buy-Quality-Chocolate-Fondue.jpg","datePublished":"2022-02-20T19:34:10+00:00","dateModified":"2022-03-19T00:44:29+00:00","description":"Kupite kakovosten \u010dokoladni fondue na spletu. Chocolate Fondue Strain je prevladujo\u010di hibrid sative \u2013 80 % sativa \/ 20 % indica THC: 17 %","breadcrumb":{"@id":"https:\/\/medicinasinc.com\/sl\/product\/kupi-cokolada-fondue-seva\/#breadcrumb"},"inLanguage":"en-US","potentialAction":[{"@type":"ReadAction","target":["https:\/\/medicinasinc.com\/sl\/product\/kupi-cokolada-fondue-seva\/"]}]},{"@type":"ImageObject","inLanguage":"en-US","@id":"https:\/\/medicinasinc.com\/sl\/product\/kupi-cokolada-fondue-seva\/#primaryimage","url":"https:\/\/medicinasinc.com\/sl\/wp-content\/uploads\/sites\/7\/2022\/02\/Buy-Quality-Chocolate-Fondue.jpg","contentUrl":"https:\/\/medicinasinc.com\/sl\/wp-content\/uploads\/sites\/7\/2022\/02\/Buy-Quality-Chocolate-Fondue.jpg","width":667,"height":1000},{"@type":"BreadcrumbList","@id":"https:\/\/medicinasinc.com\/sl\/product\/kupi-cokolada-fondue-seva\/#breadcrumb","itemListElement":[{"@type":"ListItem","position":1,"name":"Nakupujte","item":"https:\/\/medicinasinc.com\/sl\/nakupujte\/"},{"@type":"ListItem","position":2,"name":"Kupite \u010dokoladni fondu"}]},{"@type":"WebSite","@id":"https:\/\/medicinasinc.com\/sl\/#website","url":"https:\/\/medicinasinc.com\/sl\/","name":"Medicinas Inc","description":"Health Medical Clinic","potentialAction":[{"@type":"SearchAction","target":{"@type":"EntryPoint","urlTemplate":"https:\/\/medicinasinc.com\/sl\/?s={search_term_string}"},"query-input":{"@type":"PropertyValueSpecification","valueRequired":true,"valueName":"search_term_string"}}],"inLanguage":"en-US"}]}},"_links":{"self":[{"href":"https:\/\/medicinasinc.com\/sl\/wp-json\/wp\/v2\/product\/5046","targetHints":{"allow":["GET"]}}],"collection":[{"href":"https:\/\/medicinasinc.com\/sl\/wp-json\/wp\/v2\/product"}],"about":[{"href":"https:\/\/medicinasinc.com\/sl\/wp-json\/wp\/v2\/types\/product"}],"replies":[{"embeddable":true,"href":"https:\/\/medicinasinc.com\/sl\/wp-json\/wp\/v2\/comments?post=5046"}],"wp:featuredmedia":[{"embeddable":true,"href":"https:\/\/medicinasinc.com\/sl\/wp-json\/wp\/v2\/media\/5065"}],"wp:attachment":[{"href":"https:\/\/medicinasinc.com\/sl\/wp-json\/wp\/v2\/media?parent=5046"}],"wp:term":[{"taxonomy":"product_brand","embeddable":true,"href":"https:\/\/medicinasinc.com\/sl\/wp-json\/wp\/v2\/product_brand?post=5046"},{"taxonomy":"product_cat","embeddable":true,"href":"https:\/\/medicinasinc.com\/sl\/wp-json\/wp\/v2\/product_cat?post=5046"},{"taxonomy":"product_tag","embeddable":true,"href":"https:\/\/medicinasinc.com\/sl\/wp-json\/wp\/v2\/product_tag?post=5046"}],"curies":[{"name":"wp","href":"https:\/\/api.w.org\/{rel}","templated":true}]}}