{"id":5045,"date":"2022-02-20T19:32:59","date_gmt":"2022-02-20T19:32:59","guid":{"rendered":"https:\/\/medicinasinc.com\/sl\/?post_type=product&#038;p=5045"},"modified":"2022-03-19T00:44:44","modified_gmt":"2022-03-19T00:44:44","slug":"kupi-skalna-gorska-borovnica","status":"publish","type":"product","link":"https:\/\/medicinasinc.com\/sl\/product\/kupi-skalna-gorska-borovnica\/","title":{"rendered":"Kupite borovnico Rocky Mountain"},"content":{"rendered":"<h1><a href=\"https:\/\/www.bestglobalmeds.com\/product\/marijuana\/rocky-mountain\/\">Nakup borovnice Rocky Mountain Borovnice<\/a> Sev<\/h1>\n<p>Borovnica Rocky Mountain prevladuje v Indiki Hibrid \u2013 70 % Indica \/ 30 % sativa THC: 15 % \u2013 18 %<\/p>\n<p>U\u010dinki<br \/> Vzbujen, kreativen, energi\u010den, vesel, motiviran, spro\u0161\u010dujo\u010d<br \/> Lahko laj\u0161a<br \/> depresijo , utrujenost, glavkom, glavoboli, stres<br \/> Okusi<br \/> jagodi\u010devje, sladkarije, sadno, sladko<br \/> arome<br \/> jagodi\u010devje, borovnice, zemeljsko, zeli\u0161\u010dno, sladko<\/p>\n<p>kamno Mountain Blueberry je indica dominanten hibridni sev, vzrejen iz neverjetno okusnih sevov Shishkaberry in Borovnice. Ta sorta je znana po svojem zapeljivem okusu \u2013 podobnem slastnim, sve\u017ee nabranim borovnicam ali so\u010dnemu bonbonu z okusom borovnic! Aroma je prav tako prijetna, z notami zemeljskih borovnic, sve\u017eega bora in kan\u010dkom limone. Rocky Mountain Blueberry high je tako sladek kot okus, s stimulativnimi in po\u017eivljajo\u010dimi u\u010dinki, ki so idealni za pripravo na pustolov\u0161\u010dino na prostem. Po\u010dutili se boste udobno, vendar pripravljeni na pohod, plavanje, tek ali karkoli drugega, ko ste zunaj. To razpolo\u017eenje je lahko v\u010dasih rahlo mravljin\u010dno, zaradi \u010desar se po\u010dutite rahlo tesnobni in rahlo vzburjeni. Poro\u010dajo, da je borovnica Rocky Mountain idealna za zdravljenje bolezni, kot so iz\u010drpanost, depresija, glavoboli ali migrene ter glavkom ali visok o\u010desni tlak zaradi teh u\u010dinkov in velike povpre\u010dne vsebnosti THC-ja od 15 do 18 odstotkov. Za ta popek so zna\u010dilni temno olivno zeleni kepici z modrimi odtenki in prevleka \u017eivih trihomov barve sivke.<\/p>\n","protected":false},"excerpt":{"rendered":"<div class=\"woocommerce-product-details__short-description\">\n<p>Spletni nakup sorte borovnic Rocky Mountain. Borovnica Rocky Mountain je prevladujo\u010di hibrid Indica &#8211; 70 % Indica \/ 30 % Sativa. Vsebnost THC v sativi: 15%\u201318%<\/p>\n<p>Rocky Mountain Blueberry je hibridni sev s prevladujo\u010do indiko, vzgojen iz neverjetno okusnih star\u0161ev Shishkaberry X Blueberry.<\/p>\n<\/p><\/div>\n","protected":false},"featured_media":5063,"comment_status":"open","ping_status":"closed","template":"","meta":[],"product_brand":[],"product_cat":[778],"product_tag":[996,997,998,999,1000,1001,1002,1003],"class_list":{"0":"post-5045","1":"product","2":"type-product","3":"status-publish","4":"has-post-thumbnail","6":"product_cat-plevel-za-prodajo","7":"product_tag-blueberry-strain-allbud","8":"product_tag-mikado-strain-leafly","9":"product_tag-mountain-berry-kush-strain","10":"product_tag-mountain-og","11":"product_tag-rocky-mountain-fire-strain","12":"product_tag-rocky-mountain-high-strain","13":"product_tag-shazam-strain-leafly","14":"product_tag-swiss-berry-strain","16":"first","17":"instock","18":"shipping-taxable","19":"purchasable","20":"product-type-variable","21":"has-default-attributes"},"yoast_head":"<!-- This site is optimized with the Yoast SEO plugin v27.3 - https:\/\/yoast.com\/product\/yoast-seo-wordpress\/ -->\n<title>Kupite sev borovnic Rocky Mountain - najbolj\u0161a zdravila na svetu<\/title>\n<meta name=\"description\" content=\"Kupite sorto borovnice Rocky Mountain Borovnica s prevladujo\u010dim hibridom Indica - 70 % Indica \/ 30 % Sativa THC: 15 % - 18 % vzbujajo\u010dih u\u010dinkov, ustvarjalni.\" \/>\n<meta name=\"robots\" content=\"index, follow, max-snippet:-1, max-image-preview:large, max-video-preview:-1\" \/>\n<link rel=\"canonical\" href=\"https:\/\/medicinasinc.com\/sl\/product\/kupi-skalna-gorska-borovnica\/\" \/>\n<meta property=\"og:locale\" content=\"en_US\" \/>\n<meta property=\"og:type\" content=\"article\" \/>\n<meta property=\"og:title\" content=\"Kupite sev borovnic Rocky Mountain - najbolj\u0161a zdravila na svetu\" \/>\n<meta property=\"og:description\" content=\"Kupite sorto borovnice Rocky Mountain Borovnica s prevladujo\u010dim hibridom Indica - 70 % Indica \/ 30 % Sativa THC: 15 % - 18 % vzbujajo\u010dih u\u010dinkov, ustvarjalni.\" \/>\n<meta property=\"og:url\" content=\"https:\/\/medicinasinc.com\/sl\/product\/kupi-skalna-gorska-borovnica\/\" \/>\n<meta property=\"og:site_name\" content=\"Medicinas Inc\" \/>\n<meta property=\"article:modified_time\" content=\"2022-03-19T00:44:44+00:00\" \/>\n<meta property=\"og:image\" content=\"https:\/\/medicinasinc.com\/sl\/wp-content\/uploads\/sites\/7\/2022\/02\/Buy-Rocky-Mountain-Blueberry.jpg\" \/>\n\t<meta property=\"og:image:width\" content=\"1200\" \/>\n\t<meta property=\"og:image:height\" content=\"630\" \/>\n\t<meta property=\"og:image:type\" content=\"image\/jpeg\" \/>\n<meta name=\"twitter:card\" content=\"summary_large_image\" \/>\n<meta name=\"twitter:label1\" content=\"Est. reading time\" \/>\n\t<meta name=\"twitter:data1\" content=\"1 minute\" \/>\n<script type=\"application\/ld+json\" class=\"yoast-schema-graph\">{\"@context\":\"https:\\\/\\\/schema.org\",\"@graph\":[{\"@type\":\"WebPage\",\"@id\":\"https:\\\/\\\/medicinasinc.com\\\/sl\\\/product\\\/kupi-skalna-gorska-borovnica\\\/\",\"url\":\"https:\\\/\\\/medicinasinc.com\\\/sl\\\/product\\\/kupi-skalna-gorska-borovnica\\\/\",\"name\":\"Kupite sev borovnic Rocky Mountain - najbolj\u0161a zdravila na svetu\",\"isPartOf\":{\"@id\":\"https:\\\/\\\/medicinasinc.com\\\/sl\\\/#website\"},\"primaryImageOfPage\":{\"@id\":\"https:\\\/\\\/medicinasinc.com\\\/sl\\\/product\\\/kupi-skalna-gorska-borovnica\\\/#primaryimage\"},\"image\":{\"@id\":\"https:\\\/\\\/medicinasinc.com\\\/sl\\\/product\\\/kupi-skalna-gorska-borovnica\\\/#primaryimage\"},\"thumbnailUrl\":\"https:\\\/\\\/medicinasinc.com\\\/sl\\\/wp-content\\\/uploads\\\/sites\\\/7\\\/2022\\\/02\\\/Buy-Rocky-Mountain-Blueberry.jpg\",\"datePublished\":\"2022-02-20T19:32:59+00:00\",\"dateModified\":\"2022-03-19T00:44:44+00:00\",\"description\":\"Kupite sorto borovnice Rocky Mountain Borovnica s prevladujo\u010dim hibridom Indica - 70 % Indica \\\/ 30 % Sativa THC: 15 % - 18 % vzbujajo\u010dih u\u010dinkov, ustvarjalni.\",\"breadcrumb\":{\"@id\":\"https:\\\/\\\/medicinasinc.com\\\/sl\\\/product\\\/kupi-skalna-gorska-borovnica\\\/#breadcrumb\"},\"inLanguage\":\"en-US\",\"potentialAction\":[{\"@type\":\"ReadAction\",\"target\":[\"https:\\\/\\\/medicinasinc.com\\\/sl\\\/product\\\/kupi-skalna-gorska-borovnica\\\/\"]}]},{\"@type\":\"ImageObject\",\"inLanguage\":\"en-US\",\"@id\":\"https:\\\/\\\/medicinasinc.com\\\/sl\\\/product\\\/kupi-skalna-gorska-borovnica\\\/#primaryimage\",\"url\":\"https:\\\/\\\/medicinasinc.com\\\/sl\\\/wp-content\\\/uploads\\\/sites\\\/7\\\/2022\\\/02\\\/Buy-Rocky-Mountain-Blueberry.jpg\",\"contentUrl\":\"https:\\\/\\\/medicinasinc.com\\\/sl\\\/wp-content\\\/uploads\\\/sites\\\/7\\\/2022\\\/02\\\/Buy-Rocky-Mountain-Blueberry.jpg\",\"width\":1200,\"height\":630},{\"@type\":\"BreadcrumbList\",\"@id\":\"https:\\\/\\\/medicinasinc.com\\\/sl\\\/product\\\/kupi-skalna-gorska-borovnica\\\/#breadcrumb\",\"itemListElement\":[{\"@type\":\"ListItem\",\"position\":1,\"name\":\"Nakupujte\",\"item\":\"https:\\\/\\\/medicinasinc.com\\\/sl\\\/nakupujte\\\/\"},{\"@type\":\"ListItem\",\"position\":2,\"name\":\"Kupite borovnico Rocky Mountain\"}]},{\"@type\":\"WebSite\",\"@id\":\"https:\\\/\\\/medicinasinc.com\\\/sl\\\/#website\",\"url\":\"https:\\\/\\\/medicinasinc.com\\\/sl\\\/\",\"name\":\"Medicinas Inc\",\"description\":\"Health Medical Clinic\",\"potentialAction\":[{\"@type\":\"SearchAction\",\"target\":{\"@type\":\"EntryPoint\",\"urlTemplate\":\"https:\\\/\\\/medicinasinc.com\\\/sl\\\/?s={search_term_string}\"},\"query-input\":{\"@type\":\"PropertyValueSpecification\",\"valueRequired\":true,\"valueName\":\"search_term_string\"}}],\"inLanguage\":\"en-US\"}]}<\/script>\n<!-- \/ Yoast SEO plugin. -->","yoast_head_json":{"title":"Kupite sev borovnic Rocky Mountain - najbolj\u0161a zdravila na svetu","description":"Kupite sorto borovnice Rocky Mountain Borovnica s prevladujo\u010dim hibridom Indica - 70 % Indica \/ 30 % Sativa THC: 15 % - 18 % vzbujajo\u010dih u\u010dinkov, ustvarjalni.","robots":{"index":"index","follow":"follow","max-snippet":"max-snippet:-1","max-image-preview":"max-image-preview:large","max-video-preview":"max-video-preview:-1"},"canonical":"https:\/\/medicinasinc.com\/sl\/product\/kupi-skalna-gorska-borovnica\/","og_locale":"en_US","og_type":"article","og_title":"Kupite sev borovnic Rocky Mountain - najbolj\u0161a zdravila na svetu","og_description":"Kupite sorto borovnice Rocky Mountain Borovnica s prevladujo\u010dim hibridom Indica - 70 % Indica \/ 30 % Sativa THC: 15 % - 18 % vzbujajo\u010dih u\u010dinkov, ustvarjalni.","og_url":"https:\/\/medicinasinc.com\/sl\/product\/kupi-skalna-gorska-borovnica\/","og_site_name":"Medicinas Inc","article_modified_time":"2022-03-19T00:44:44+00:00","og_image":[{"width":1200,"height":630,"url":"https:\/\/medicinasinc.com\/sl\/wp-content\/uploads\/sites\/7\/2022\/02\/Buy-Rocky-Mountain-Blueberry.jpg","type":"image\/jpeg"}],"twitter_card":"summary_large_image","twitter_misc":{"Est. reading time":"1 minute"},"schema":{"@context":"https:\/\/schema.org","@graph":[{"@type":"WebPage","@id":"https:\/\/medicinasinc.com\/sl\/product\/kupi-skalna-gorska-borovnica\/","url":"https:\/\/medicinasinc.com\/sl\/product\/kupi-skalna-gorska-borovnica\/","name":"Kupite sev borovnic Rocky Mountain - najbolj\u0161a zdravila na svetu","isPartOf":{"@id":"https:\/\/medicinasinc.com\/sl\/#website"},"primaryImageOfPage":{"@id":"https:\/\/medicinasinc.com\/sl\/product\/kupi-skalna-gorska-borovnica\/#primaryimage"},"image":{"@id":"https:\/\/medicinasinc.com\/sl\/product\/kupi-skalna-gorska-borovnica\/#primaryimage"},"thumbnailUrl":"https:\/\/medicinasinc.com\/sl\/wp-content\/uploads\/sites\/7\/2022\/02\/Buy-Rocky-Mountain-Blueberry.jpg","datePublished":"2022-02-20T19:32:59+00:00","dateModified":"2022-03-19T00:44:44+00:00","description":"Kupite sorto borovnice Rocky Mountain Borovnica s prevladujo\u010dim hibridom Indica - 70 % Indica \/ 30 % Sativa THC: 15 % - 18 % vzbujajo\u010dih u\u010dinkov, ustvarjalni.","breadcrumb":{"@id":"https:\/\/medicinasinc.com\/sl\/product\/kupi-skalna-gorska-borovnica\/#breadcrumb"},"inLanguage":"en-US","potentialAction":[{"@type":"ReadAction","target":["https:\/\/medicinasinc.com\/sl\/product\/kupi-skalna-gorska-borovnica\/"]}]},{"@type":"ImageObject","inLanguage":"en-US","@id":"https:\/\/medicinasinc.com\/sl\/product\/kupi-skalna-gorska-borovnica\/#primaryimage","url":"https:\/\/medicinasinc.com\/sl\/wp-content\/uploads\/sites\/7\/2022\/02\/Buy-Rocky-Mountain-Blueberry.jpg","contentUrl":"https:\/\/medicinasinc.com\/sl\/wp-content\/uploads\/sites\/7\/2022\/02\/Buy-Rocky-Mountain-Blueberry.jpg","width":1200,"height":630},{"@type":"BreadcrumbList","@id":"https:\/\/medicinasinc.com\/sl\/product\/kupi-skalna-gorska-borovnica\/#breadcrumb","itemListElement":[{"@type":"ListItem","position":1,"name":"Nakupujte","item":"https:\/\/medicinasinc.com\/sl\/nakupujte\/"},{"@type":"ListItem","position":2,"name":"Kupite borovnico Rocky Mountain"}]},{"@type":"WebSite","@id":"https:\/\/medicinasinc.com\/sl\/#website","url":"https:\/\/medicinasinc.com\/sl\/","name":"Medicinas Inc","description":"Health Medical Clinic","potentialAction":[{"@type":"SearchAction","target":{"@type":"EntryPoint","urlTemplate":"https:\/\/medicinasinc.com\/sl\/?s={search_term_string}"},"query-input":{"@type":"PropertyValueSpecification","valueRequired":true,"valueName":"search_term_string"}}],"inLanguage":"en-US"}]}},"_links":{"self":[{"href":"https:\/\/medicinasinc.com\/sl\/wp-json\/wp\/v2\/product\/5045","targetHints":{"allow":["GET"]}}],"collection":[{"href":"https:\/\/medicinasinc.com\/sl\/wp-json\/wp\/v2\/product"}],"about":[{"href":"https:\/\/medicinasinc.com\/sl\/wp-json\/wp\/v2\/types\/product"}],"replies":[{"embeddable":true,"href":"https:\/\/medicinasinc.com\/sl\/wp-json\/wp\/v2\/comments?post=5045"}],"wp:featuredmedia":[{"embeddable":true,"href":"https:\/\/medicinasinc.com\/sl\/wp-json\/wp\/v2\/media\/5063"}],"wp:attachment":[{"href":"https:\/\/medicinasinc.com\/sl\/wp-json\/wp\/v2\/media?parent=5045"}],"wp:term":[{"taxonomy":"product_brand","embeddable":true,"href":"https:\/\/medicinasinc.com\/sl\/wp-json\/wp\/v2\/product_brand?post=5045"},{"taxonomy":"product_cat","embeddable":true,"href":"https:\/\/medicinasinc.com\/sl\/wp-json\/wp\/v2\/product_cat?post=5045"},{"taxonomy":"product_tag","embeddable":true,"href":"https:\/\/medicinasinc.com\/sl\/wp-json\/wp\/v2\/product_tag?post=5045"}],"curies":[{"name":"wp","href":"https:\/\/api.w.org\/{rel}","templated":true}]}}