{"id":5044,"date":"2022-02-20T19:31:39","date_gmt":"2022-02-20T19:31:39","guid":{"rendered":"https:\/\/medicinasinc.com\/sl\/?post_type=product&#038;p=5044"},"modified":"2022-03-19T00:44:52","modified_gmt":"2022-03-19T00:44:52","slug":"kupi-vijolicno-razbitino-marihuano","status":"publish","type":"product","link":"https:\/\/medicinasinc.com\/sl\/product\/kupi-vijolicno-razbitino-marihuano\/","title":{"rendered":"Kupite Purple Wreck Marihuano"},"content":{"rendered":"<div class=\"et_pb_column et_pb_column_3_8 et_pb_column_inner et_pb_column_inner_4\"> <\/p>\n<div class=\"et_pb_module et_pb_text et_pb_text_6 et_pb_bg_layout_light et_pb_text_align_left\">\n<div class=\"et_pb_text_inner\">\n<p> vijoli\u010dna razbitin marihuana Prodaja <\/p>\n<p> vijoli\u010dna razbitin je Hibridni sev s prevladujo\u010do indico, ki lahko navdu\u0161i tudi najbolj izku\u0161enega potro\u0161nika konoplje. Purple Wreck je me\u0161anica med izjemno priljubljeno sativo Trainwreck in barvitim, aromati\u010dnim Purple Urkle. Ustvarili so ga DNA Genetics, slavni rejci Chocolope in LA Confidential. Purple Wreck je odli\u010dna izbira za u\u017eivanje ob koncu dneva zaradi mo\u010dnega, pomirjujo\u010dega telesa visokega in drznega okusa. Analytical 360, laboratorij za testiranje konoplje, je odkril, da so vzorci seva vsebovali vrednosti THC-ja od 10 % do neverjetnih 31 %.<\/p>\n<p>Purple Wreck odlikujejo ogromni, odli\u010dno oblikovani cvetovi. Ti brsti imajo videz miniaturnih bo\u017ei\u010dnih dreves, ki se zo\u017eijo od \u0161iroke osnove do koni\u010daste konice. Njihova struktura je videti kot kri\u017eanec med indico in sativo \u2013 \u010deprav so v notranjosti kompaktni in gosti, se listi zavijajo navzven s puhasto teksturo na zunanji strani. Prava zvezda seva so ti listi, ki navdu\u0161ujejo potro\u0161nike s lisasto kombinacijo olivno zelene, vijoli\u010dne in vijoli\u010dne. Te vijoli\u010dne odtenke povzro\u010da hladnej\u0161e vreme od povpre\u010dja, ki aktivira antocianske pigmente v DNK seva. Nazadnje lepljivi beli trihomi pokrivajo celotno povr\u0161ino teh ogromnih kepic in dajejo rosen, zmrznjen videz.<\/p>\n<p>Hibridi konoplje so kri\u017eanec med sevom indica in sativa. Medtem ko se pogovori o sevih konoplje osredoto\u010dajo na razlike med sativo in indico, je to le en vidik slike. Dejansko ve\u010dina sort marihuane, ki so zdaj na voljo, ni \u010dista sativa. Obi\u010dajno bodo hibridi s prevladujo\u010dim indica ali sativa ali kombinacija 50\/50 obeh. Spletni nakup Purple Wreck<\/p>\n<p>Spletni nakup Purple Wreck<\/p>\n<\/p><\/div><\/div><\/div>\n<div class=\"product-next-previous\">\n<div class=\"product- prev\"><\/div><\/div>\n","protected":false},"excerpt":{"rendered":"<p>Vijoli\u010dna razbitina &#8211; Kupi Purple Wreck na spletu &#8211; Purple Wreck je hibrid, v katerem prevladuje indica, ki lahko navdu\u0161i tudi najbolj izku\u0161ene uporabnike konoplje.<\/p>\n<p>Sev marihuane Purple Wreck je mogo\u010de kupiti na spletu.<\/p>\n<p>Purple Wreck Marihuana je Indica. sev marihuane. Dominantni hibrid &#8211; 60 % Indica \/ 40 % Sativa Vsebnost THC v sativi: 18\u201325 %<\/p>\n<p>1 oz. minimalno naro\u010dilo<\/p>\n<p>&nbsp;<\/p>\n","protected":false},"featured_media":5061,"comment_status":"open","ping_status":"closed","template":"","meta":[],"product_brand":[],"product_cat":[778],"product_tag":[989,990,993,994,995,988,992,991],"class_list":{"0":"post-5044","1":"product","2":"type-product","3":"status-publish","4":"has-post-thumbnail","6":"product_cat-plevel-za-prodajo","7":"product_tag-purple-trainwreck-strain-effects","8":"product_tag-purple-trainwreck-strain-review","9":"product_tag-purple-wreck-strain-allbud","10":"product_tag-vijolina-razbitina-strain-reserva-privada","11":"product_tag-trainwreck-strain-price","12":"product_tag-vijolina-cena-vlakovnih-razbitin","13":"product_tag-vijolina-razbitina-sativa-or-indica","14":"product_tag-vijolino-razbitina-listna","16":"first","17":"instock","18":"shipping-taxable","19":"purchasable","20":"product-type-simple"},"yoast_head":"<!-- This site is optimized with the Yoast SEO plugin v27.3 - https:\/\/yoast.com\/product\/yoast-seo-wordpress\/ -->\n<title>Kupite Purple Wreck Marihuano - Najbolj\u0161a najbolj\u0161a globalna zdravila<\/title>\n<meta name=\"description\" content=\"Kupite marihuano Purple Wreck na spletu \u2013 Purple Wreck je hibrid s prevladujo\u010do indico in ima mo\u010d, da navdu\u0161i celo izku\u0161ene potro\u0161nike konoplje.\" \/>\n<meta name=\"robots\" content=\"index, follow, max-snippet:-1, max-image-preview:large, max-video-preview:-1\" \/>\n<link rel=\"canonical\" href=\"https:\/\/medicinasinc.com\/sl\/product\/kupi-vijolicno-razbitino-marihuano\/\" \/>\n<meta property=\"og:locale\" content=\"en_US\" \/>\n<meta property=\"og:type\" content=\"article\" \/>\n<meta property=\"og:title\" content=\"Kupite Purple Wreck Marihuano - Najbolj\u0161a najbolj\u0161a globalna zdravila\" \/>\n<meta property=\"og:description\" content=\"Kupite marihuano Purple Wreck na spletu \u2013 Purple Wreck je hibrid s prevladujo\u010do indico in ima mo\u010d, da navdu\u0161i celo izku\u0161ene potro\u0161nike konoplje.\" \/>\n<meta property=\"og:url\" content=\"https:\/\/medicinasinc.com\/sl\/product\/kupi-vijolicno-razbitino-marihuano\/\" \/>\n<meta property=\"og:site_name\" content=\"Medicinas Inc\" \/>\n<meta property=\"article:modified_time\" content=\"2022-03-19T00:44:52+00:00\" \/>\n<meta property=\"og:image\" content=\"https:\/\/medicinasinc.com\/sl\/wp-content\/uploads\/sites\/7\/2022\/02\/Buy-Purple-Wreck-Marijuana-1.jpg\" \/>\n\t<meta property=\"og:image:width\" content=\"1245\" \/>\n\t<meta property=\"og:image:height\" content=\"1024\" \/>\n\t<meta property=\"og:image:type\" content=\"image\/jpeg\" \/>\n<meta name=\"twitter:card\" content=\"summary_large_image\" \/>\n<meta name=\"twitter:label1\" content=\"Est. reading time\" \/>\n\t<meta name=\"twitter:data1\" content=\"2 minutes\" \/>\n<script type=\"application\/ld+json\" class=\"yoast-schema-graph\">{\"@context\":\"https:\\\/\\\/schema.org\",\"@graph\":[{\"@type\":\"WebPage\",\"@id\":\"https:\\\/\\\/medicinasinc.com\\\/sl\\\/product\\\/kupi-vijolicno-razbitino-marihuano\\\/\",\"url\":\"https:\\\/\\\/medicinasinc.com\\\/sl\\\/product\\\/kupi-vijolicno-razbitino-marihuano\\\/\",\"name\":\"Kupite Purple Wreck Marihuano - Najbolj\u0161a najbolj\u0161a globalna zdravila\",\"isPartOf\":{\"@id\":\"https:\\\/\\\/medicinasinc.com\\\/sl\\\/#website\"},\"primaryImageOfPage\":{\"@id\":\"https:\\\/\\\/medicinasinc.com\\\/sl\\\/product\\\/kupi-vijolicno-razbitino-marihuano\\\/#primaryimage\"},\"image\":{\"@id\":\"https:\\\/\\\/medicinasinc.com\\\/sl\\\/product\\\/kupi-vijolicno-razbitino-marihuano\\\/#primaryimage\"},\"thumbnailUrl\":\"https:\\\/\\\/medicinasinc.com\\\/sl\\\/wp-content\\\/uploads\\\/sites\\\/7\\\/2022\\\/02\\\/Buy-Purple-Wreck-Marijuana-1.jpg\",\"datePublished\":\"2022-02-20T19:31:39+00:00\",\"dateModified\":\"2022-03-19T00:44:52+00:00\",\"description\":\"Kupite marihuano Purple Wreck na spletu \u2013 Purple Wreck je hibrid s prevladujo\u010do indico in ima mo\u010d, da navdu\u0161i celo izku\u0161ene potro\u0161nike konoplje.\",\"breadcrumb\":{\"@id\":\"https:\\\/\\\/medicinasinc.com\\\/sl\\\/product\\\/kupi-vijolicno-razbitino-marihuano\\\/#breadcrumb\"},\"inLanguage\":\"en-US\",\"potentialAction\":[{\"@type\":\"ReadAction\",\"target\":[\"https:\\\/\\\/medicinasinc.com\\\/sl\\\/product\\\/kupi-vijolicno-razbitino-marihuano\\\/\"]}]},{\"@type\":\"ImageObject\",\"inLanguage\":\"en-US\",\"@id\":\"https:\\\/\\\/medicinasinc.com\\\/sl\\\/product\\\/kupi-vijolicno-razbitino-marihuano\\\/#primaryimage\",\"url\":\"https:\\\/\\\/medicinasinc.com\\\/sl\\\/wp-content\\\/uploads\\\/sites\\\/7\\\/2022\\\/02\\\/Buy-Purple-Wreck-Marijuana-1.jpg\",\"contentUrl\":\"https:\\\/\\\/medicinasinc.com\\\/sl\\\/wp-content\\\/uploads\\\/sites\\\/7\\\/2022\\\/02\\\/Buy-Purple-Wreck-Marijuana-1.jpg\",\"width\":1245,\"height\":1024},{\"@type\":\"BreadcrumbList\",\"@id\":\"https:\\\/\\\/medicinasinc.com\\\/sl\\\/product\\\/kupi-vijolicno-razbitino-marihuano\\\/#breadcrumb\",\"itemListElement\":[{\"@type\":\"ListItem\",\"position\":1,\"name\":\"Nakupujte\",\"item\":\"https:\\\/\\\/medicinasinc.com\\\/sl\\\/nakupujte\\\/\"},{\"@type\":\"ListItem\",\"position\":2,\"name\":\"Kupite Purple Wreck Marihuano\"}]},{\"@type\":\"WebSite\",\"@id\":\"https:\\\/\\\/medicinasinc.com\\\/sl\\\/#website\",\"url\":\"https:\\\/\\\/medicinasinc.com\\\/sl\\\/\",\"name\":\"Medicinas Inc\",\"description\":\"Health Medical Clinic\",\"potentialAction\":[{\"@type\":\"SearchAction\",\"target\":{\"@type\":\"EntryPoint\",\"urlTemplate\":\"https:\\\/\\\/medicinasinc.com\\\/sl\\\/?s={search_term_string}\"},\"query-input\":{\"@type\":\"PropertyValueSpecification\",\"valueRequired\":true,\"valueName\":\"search_term_string\"}}],\"inLanguage\":\"en-US\"}]}<\/script>\n<!-- \/ Yoast SEO plugin. -->","yoast_head_json":{"title":"Kupite Purple Wreck Marihuano - Najbolj\u0161a najbolj\u0161a globalna zdravila","description":"Kupite marihuano Purple Wreck na spletu \u2013 Purple Wreck je hibrid s prevladujo\u010do indico in ima mo\u010d, da navdu\u0161i celo izku\u0161ene potro\u0161nike konoplje.","robots":{"index":"index","follow":"follow","max-snippet":"max-snippet:-1","max-image-preview":"max-image-preview:large","max-video-preview":"max-video-preview:-1"},"canonical":"https:\/\/medicinasinc.com\/sl\/product\/kupi-vijolicno-razbitino-marihuano\/","og_locale":"en_US","og_type":"article","og_title":"Kupite Purple Wreck Marihuano - Najbolj\u0161a najbolj\u0161a globalna zdravila","og_description":"Kupite marihuano Purple Wreck na spletu \u2013 Purple Wreck je hibrid s prevladujo\u010do indico in ima mo\u010d, da navdu\u0161i celo izku\u0161ene potro\u0161nike konoplje.","og_url":"https:\/\/medicinasinc.com\/sl\/product\/kupi-vijolicno-razbitino-marihuano\/","og_site_name":"Medicinas Inc","article_modified_time":"2022-03-19T00:44:52+00:00","og_image":[{"width":1245,"height":1024,"url":"https:\/\/medicinasinc.com\/sl\/wp-content\/uploads\/sites\/7\/2022\/02\/Buy-Purple-Wreck-Marijuana-1.jpg","type":"image\/jpeg"}],"twitter_card":"summary_large_image","twitter_misc":{"Est. reading time":"2 minutes"},"schema":{"@context":"https:\/\/schema.org","@graph":[{"@type":"WebPage","@id":"https:\/\/medicinasinc.com\/sl\/product\/kupi-vijolicno-razbitino-marihuano\/","url":"https:\/\/medicinasinc.com\/sl\/product\/kupi-vijolicno-razbitino-marihuano\/","name":"Kupite Purple Wreck Marihuano - Najbolj\u0161a najbolj\u0161a globalna zdravila","isPartOf":{"@id":"https:\/\/medicinasinc.com\/sl\/#website"},"primaryImageOfPage":{"@id":"https:\/\/medicinasinc.com\/sl\/product\/kupi-vijolicno-razbitino-marihuano\/#primaryimage"},"image":{"@id":"https:\/\/medicinasinc.com\/sl\/product\/kupi-vijolicno-razbitino-marihuano\/#primaryimage"},"thumbnailUrl":"https:\/\/medicinasinc.com\/sl\/wp-content\/uploads\/sites\/7\/2022\/02\/Buy-Purple-Wreck-Marijuana-1.jpg","datePublished":"2022-02-20T19:31:39+00:00","dateModified":"2022-03-19T00:44:52+00:00","description":"Kupite marihuano Purple Wreck na spletu \u2013 Purple Wreck je hibrid s prevladujo\u010do indico in ima mo\u010d, da navdu\u0161i celo izku\u0161ene potro\u0161nike konoplje.","breadcrumb":{"@id":"https:\/\/medicinasinc.com\/sl\/product\/kupi-vijolicno-razbitino-marihuano\/#breadcrumb"},"inLanguage":"en-US","potentialAction":[{"@type":"ReadAction","target":["https:\/\/medicinasinc.com\/sl\/product\/kupi-vijolicno-razbitino-marihuano\/"]}]},{"@type":"ImageObject","inLanguage":"en-US","@id":"https:\/\/medicinasinc.com\/sl\/product\/kupi-vijolicno-razbitino-marihuano\/#primaryimage","url":"https:\/\/medicinasinc.com\/sl\/wp-content\/uploads\/sites\/7\/2022\/02\/Buy-Purple-Wreck-Marijuana-1.jpg","contentUrl":"https:\/\/medicinasinc.com\/sl\/wp-content\/uploads\/sites\/7\/2022\/02\/Buy-Purple-Wreck-Marijuana-1.jpg","width":1245,"height":1024},{"@type":"BreadcrumbList","@id":"https:\/\/medicinasinc.com\/sl\/product\/kupi-vijolicno-razbitino-marihuano\/#breadcrumb","itemListElement":[{"@type":"ListItem","position":1,"name":"Nakupujte","item":"https:\/\/medicinasinc.com\/sl\/nakupujte\/"},{"@type":"ListItem","position":2,"name":"Kupite Purple Wreck Marihuano"}]},{"@type":"WebSite","@id":"https:\/\/medicinasinc.com\/sl\/#website","url":"https:\/\/medicinasinc.com\/sl\/","name":"Medicinas Inc","description":"Health Medical Clinic","potentialAction":[{"@type":"SearchAction","target":{"@type":"EntryPoint","urlTemplate":"https:\/\/medicinasinc.com\/sl\/?s={search_term_string}"},"query-input":{"@type":"PropertyValueSpecification","valueRequired":true,"valueName":"search_term_string"}}],"inLanguage":"en-US"}]}},"_links":{"self":[{"href":"https:\/\/medicinasinc.com\/sl\/wp-json\/wp\/v2\/product\/5044","targetHints":{"allow":["GET"]}}],"collection":[{"href":"https:\/\/medicinasinc.com\/sl\/wp-json\/wp\/v2\/product"}],"about":[{"href":"https:\/\/medicinasinc.com\/sl\/wp-json\/wp\/v2\/types\/product"}],"replies":[{"embeddable":true,"href":"https:\/\/medicinasinc.com\/sl\/wp-json\/wp\/v2\/comments?post=5044"}],"wp:featuredmedia":[{"embeddable":true,"href":"https:\/\/medicinasinc.com\/sl\/wp-json\/wp\/v2\/media\/5061"}],"wp:attachment":[{"href":"https:\/\/medicinasinc.com\/sl\/wp-json\/wp\/v2\/media?parent=5044"}],"wp:term":[{"taxonomy":"product_brand","embeddable":true,"href":"https:\/\/medicinasinc.com\/sl\/wp-json\/wp\/v2\/product_brand?post=5044"},{"taxonomy":"product_cat","embeddable":true,"href":"https:\/\/medicinasinc.com\/sl\/wp-json\/wp\/v2\/product_cat?post=5044"},{"taxonomy":"product_tag","embeddable":true,"href":"https:\/\/medicinasinc.com\/sl\/wp-json\/wp\/v2\/product_tag?post=5044"}],"curies":[{"name":"wp","href":"https:\/\/api.w.org\/{rel}","templated":true}]}}