{"id":5037,"date":"2022-02-20T19:24:52","date_gmt":"2022-02-20T19:24:52","guid":{"rendered":"https:\/\/medicinasinc.com\/sl\/?post_type=product&#038;p=5037"},"modified":"2022-03-19T00:45:00","modified_gmt":"2022-03-19T00:45:00","slug":"kupi-nirvana-posebno-konopljo","status":"publish","type":"product","link":"https:\/\/medicinasinc.com\/sl\/product\/kupi-nirvana-posebno-konopljo\/","title":{"rendered":"Kupite Nirvana Special Cannabis"},"content":{"rendered":"<p>Nirvana Special je edinstven hibridni sev s prevladujo\u010do sativo (75 % sativa\/25 % indica), proizveden z me\u0161anjem ikoni\u010dnih sevov Jock Horror in Oaxacan Sativa. Ta miren brsti\u010dek je leta 2008 zmagal na HighLife Cupu v Amsterdamu in domov odnesel zlato medaljo za najbolj\u0161o biografijo. S svojo mo\u010dno funkcionalno, a ustvarjalno visoko in osupljivo povpre\u010dno vsebnostjo THC 26-27 odstotkov, ni \u010dudno, da je Nirvana Special tako priljubljena sorta! Nirvana Special se za\u010dne z izbruhom povi\u0161ane energije, zaradi katere se po\u010dutite vedri in motivirani. Po\u010dutili se boste po\u017eivljeni in izjemno ustvarjalni, zaradi \u010desar je to odli\u010dno za kakr\u0161na koli miselna opravila, ki jih imate pri roki, ali preprosto izhod ven. Zaradi teh u\u010dinkov, skupaj z visoko vsebnostjo THC, je Nirvana Special idealna za zdravljenje kroni\u010dne utrujenosti, depresije, kroni\u010dnega stresa, nespe\u010dnosti in izgube apetita. Ta brst ima sladek in sadni skunky okus z izdihom, ki je precej kisel. Aroma je nekoliko ohlapna in aromati\u010dna, z mo\u010dnim kiselkastim sadnim prizvokom. Nirvana Special popki so puhasti, metino zeleni kokice v obliki pokovke, pokriti z bledimi pe\u0161\u010denimi kristalnimi trihomi.<\/p>\n<p>Prevladujo\u010di hibrid sative \u2013 75 % sativa \/ 25 % indica<\/p>\n<p>THC: 26-27 % <\/p>\n<p>Pogosta uporaba: depresija, utrujenost, nespe\u010dnost, izguba apetita, stres<\/p>\n<p>U\u010dinki: ustvarjalni, energi\u010dni, veseli, motivacijski, po\u017eivljajo\u010di<\/p>\n","protected":false},"excerpt":{"rendered":"<p>Nirvana Specialni sev konoplje ZDA. To je redka prevladujo\u010da hibridna sorta (75 % sativa\/25 % indica).<em>Kupite posebno konopljo Nirvana<\/em>\u00a0Sev.<\/p>\n","protected":false},"featured_media":5054,"comment_status":"open","ping_status":"closed","template":"","meta":[],"product_brand":[],"product_cat":[778],"product_tag":[],"class_list":{"0":"post-5037","1":"product","2":"type-product","3":"status-publish","4":"has-post-thumbnail","6":"product_cat-plevel-za-prodajo","8":"first","9":"instock","10":"shipping-taxable","11":"purchasable","12":"product-type-variable","13":"has-default-attributes"},"yoast_head":"<!-- This site is optimized with the Yoast SEO plugin v27.3 - https:\/\/yoast.com\/product\/yoast-seo-wordpress\/ -->\n<title>Kupite Nirvana Special Cannabis - najbolj\u0161a najbolj\u0161a zdravila na svetu<\/title>\n<meta name=\"description\" content=\"Posebni sev konoplje Nirvana ZDA. To je redka prevladujo\u010da hibridna sorta (75 % sativa\/25 % indica). Kupite posebni sev konoplje Nirvana.\" \/>\n<meta name=\"robots\" content=\"index, follow, max-snippet:-1, max-image-preview:large, max-video-preview:-1\" \/>\n<link rel=\"canonical\" href=\"https:\/\/medicinasinc.com\/sl\/product\/kupi-nirvana-posebno-konopljo\/\" \/>\n<meta property=\"og:locale\" content=\"en_US\" \/>\n<meta property=\"og:type\" content=\"article\" \/>\n<meta property=\"og:title\" content=\"Kupite Nirvana Special Cannabis - najbolj\u0161a najbolj\u0161a zdravila na svetu\" \/>\n<meta property=\"og:description\" content=\"Posebni sev konoplje Nirvana ZDA. To je redka prevladujo\u010da hibridna sorta (75 % sativa\/25 % indica). Kupite posebni sev konoplje Nirvana.\" \/>\n<meta property=\"og:url\" content=\"https:\/\/medicinasinc.com\/sl\/product\/kupi-nirvana-posebno-konopljo\/\" \/>\n<meta property=\"og:site_name\" content=\"Medicinas Inc\" \/>\n<meta property=\"article:modified_time\" content=\"2022-03-19T00:45:00+00:00\" \/>\n<meta property=\"og:image\" content=\"https:\/\/medicinasinc.com\/sl\/wp-content\/uploads\/sites\/7\/2022\/02\/Buy-Nirvana-Special-Cannabis.jpg\" \/>\n\t<meta property=\"og:image:width\" content=\"1920\" \/>\n\t<meta property=\"og:image:height\" content=\"1920\" \/>\n\t<meta property=\"og:image:type\" content=\"image\/jpeg\" \/>\n<meta name=\"twitter:card\" content=\"summary_large_image\" \/>\n<meta name=\"twitter:label1\" content=\"Est. reading time\" \/>\n\t<meta name=\"twitter:data1\" content=\"1 minute\" \/>\n<script type=\"application\/ld+json\" class=\"yoast-schema-graph\">{\"@context\":\"https:\\\/\\\/schema.org\",\"@graph\":[{\"@type\":\"WebPage\",\"@id\":\"https:\\\/\\\/medicinasinc.com\\\/sl\\\/product\\\/kupi-nirvana-posebno-konopljo\\\/\",\"url\":\"https:\\\/\\\/medicinasinc.com\\\/sl\\\/product\\\/kupi-nirvana-posebno-konopljo\\\/\",\"name\":\"Kupite Nirvana Special Cannabis - najbolj\u0161a najbolj\u0161a zdravila na svetu\",\"isPartOf\":{\"@id\":\"https:\\\/\\\/medicinasinc.com\\\/sl\\\/#website\"},\"primaryImageOfPage\":{\"@id\":\"https:\\\/\\\/medicinasinc.com\\\/sl\\\/product\\\/kupi-nirvana-posebno-konopljo\\\/#primaryimage\"},\"image\":{\"@id\":\"https:\\\/\\\/medicinasinc.com\\\/sl\\\/product\\\/kupi-nirvana-posebno-konopljo\\\/#primaryimage\"},\"thumbnailUrl\":\"https:\\\/\\\/medicinasinc.com\\\/sl\\\/wp-content\\\/uploads\\\/sites\\\/7\\\/2022\\\/02\\\/Buy-Nirvana-Special-Cannabis.jpg\",\"datePublished\":\"2022-02-20T19:24:52+00:00\",\"dateModified\":\"2022-03-19T00:45:00+00:00\",\"description\":\"Posebni sev konoplje Nirvana ZDA. To je redka prevladujo\u010da hibridna sorta (75 % sativa\\\/25 % indica). Kupite posebni sev konoplje Nirvana.\",\"breadcrumb\":{\"@id\":\"https:\\\/\\\/medicinasinc.com\\\/sl\\\/product\\\/kupi-nirvana-posebno-konopljo\\\/#breadcrumb\"},\"inLanguage\":\"en-US\",\"potentialAction\":[{\"@type\":\"ReadAction\",\"target\":[\"https:\\\/\\\/medicinasinc.com\\\/sl\\\/product\\\/kupi-nirvana-posebno-konopljo\\\/\"]}]},{\"@type\":\"ImageObject\",\"inLanguage\":\"en-US\",\"@id\":\"https:\\\/\\\/medicinasinc.com\\\/sl\\\/product\\\/kupi-nirvana-posebno-konopljo\\\/#primaryimage\",\"url\":\"https:\\\/\\\/medicinasinc.com\\\/sl\\\/wp-content\\\/uploads\\\/sites\\\/7\\\/2022\\\/02\\\/Buy-Nirvana-Special-Cannabis.jpg\",\"contentUrl\":\"https:\\\/\\\/medicinasinc.com\\\/sl\\\/wp-content\\\/uploads\\\/sites\\\/7\\\/2022\\\/02\\\/Buy-Nirvana-Special-Cannabis.jpg\",\"width\":1920,\"height\":1920},{\"@type\":\"BreadcrumbList\",\"@id\":\"https:\\\/\\\/medicinasinc.com\\\/sl\\\/product\\\/kupi-nirvana-posebno-konopljo\\\/#breadcrumb\",\"itemListElement\":[{\"@type\":\"ListItem\",\"position\":1,\"name\":\"Nakupujte\",\"item\":\"https:\\\/\\\/medicinasinc.com\\\/sl\\\/nakupujte\\\/\"},{\"@type\":\"ListItem\",\"position\":2,\"name\":\"Kupite Nirvana Special Cannabis\"}]},{\"@type\":\"WebSite\",\"@id\":\"https:\\\/\\\/medicinasinc.com\\\/sl\\\/#website\",\"url\":\"https:\\\/\\\/medicinasinc.com\\\/sl\\\/\",\"name\":\"Medicinas Inc\",\"description\":\"Health Medical Clinic\",\"potentialAction\":[{\"@type\":\"SearchAction\",\"target\":{\"@type\":\"EntryPoint\",\"urlTemplate\":\"https:\\\/\\\/medicinasinc.com\\\/sl\\\/?s={search_term_string}\"},\"query-input\":{\"@type\":\"PropertyValueSpecification\",\"valueRequired\":true,\"valueName\":\"search_term_string\"}}],\"inLanguage\":\"en-US\"}]}<\/script>\n<!-- \/ Yoast SEO plugin. -->","yoast_head_json":{"title":"Kupite Nirvana Special Cannabis - najbolj\u0161a najbolj\u0161a zdravila na svetu","description":"Posebni sev konoplje Nirvana ZDA. To je redka prevladujo\u010da hibridna sorta (75 % sativa\/25 % indica). Kupite posebni sev konoplje Nirvana.","robots":{"index":"index","follow":"follow","max-snippet":"max-snippet:-1","max-image-preview":"max-image-preview:large","max-video-preview":"max-video-preview:-1"},"canonical":"https:\/\/medicinasinc.com\/sl\/product\/kupi-nirvana-posebno-konopljo\/","og_locale":"en_US","og_type":"article","og_title":"Kupite Nirvana Special Cannabis - najbolj\u0161a najbolj\u0161a zdravila na svetu","og_description":"Posebni sev konoplje Nirvana ZDA. To je redka prevladujo\u010da hibridna sorta (75 % sativa\/25 % indica). Kupite posebni sev konoplje Nirvana.","og_url":"https:\/\/medicinasinc.com\/sl\/product\/kupi-nirvana-posebno-konopljo\/","og_site_name":"Medicinas Inc","article_modified_time":"2022-03-19T00:45:00+00:00","og_image":[{"width":1920,"height":1920,"url":"https:\/\/medicinasinc.com\/sl\/wp-content\/uploads\/sites\/7\/2022\/02\/Buy-Nirvana-Special-Cannabis.jpg","type":"image\/jpeg"}],"twitter_card":"summary_large_image","twitter_misc":{"Est. reading time":"1 minute"},"schema":{"@context":"https:\/\/schema.org","@graph":[{"@type":"WebPage","@id":"https:\/\/medicinasinc.com\/sl\/product\/kupi-nirvana-posebno-konopljo\/","url":"https:\/\/medicinasinc.com\/sl\/product\/kupi-nirvana-posebno-konopljo\/","name":"Kupite Nirvana Special Cannabis - najbolj\u0161a najbolj\u0161a zdravila na svetu","isPartOf":{"@id":"https:\/\/medicinasinc.com\/sl\/#website"},"primaryImageOfPage":{"@id":"https:\/\/medicinasinc.com\/sl\/product\/kupi-nirvana-posebno-konopljo\/#primaryimage"},"image":{"@id":"https:\/\/medicinasinc.com\/sl\/product\/kupi-nirvana-posebno-konopljo\/#primaryimage"},"thumbnailUrl":"https:\/\/medicinasinc.com\/sl\/wp-content\/uploads\/sites\/7\/2022\/02\/Buy-Nirvana-Special-Cannabis.jpg","datePublished":"2022-02-20T19:24:52+00:00","dateModified":"2022-03-19T00:45:00+00:00","description":"Posebni sev konoplje Nirvana ZDA. To je redka prevladujo\u010da hibridna sorta (75 % sativa\/25 % indica). Kupite posebni sev konoplje Nirvana.","breadcrumb":{"@id":"https:\/\/medicinasinc.com\/sl\/product\/kupi-nirvana-posebno-konopljo\/#breadcrumb"},"inLanguage":"en-US","potentialAction":[{"@type":"ReadAction","target":["https:\/\/medicinasinc.com\/sl\/product\/kupi-nirvana-posebno-konopljo\/"]}]},{"@type":"ImageObject","inLanguage":"en-US","@id":"https:\/\/medicinasinc.com\/sl\/product\/kupi-nirvana-posebno-konopljo\/#primaryimage","url":"https:\/\/medicinasinc.com\/sl\/wp-content\/uploads\/sites\/7\/2022\/02\/Buy-Nirvana-Special-Cannabis.jpg","contentUrl":"https:\/\/medicinasinc.com\/sl\/wp-content\/uploads\/sites\/7\/2022\/02\/Buy-Nirvana-Special-Cannabis.jpg","width":1920,"height":1920},{"@type":"BreadcrumbList","@id":"https:\/\/medicinasinc.com\/sl\/product\/kupi-nirvana-posebno-konopljo\/#breadcrumb","itemListElement":[{"@type":"ListItem","position":1,"name":"Nakupujte","item":"https:\/\/medicinasinc.com\/sl\/nakupujte\/"},{"@type":"ListItem","position":2,"name":"Kupite Nirvana Special Cannabis"}]},{"@type":"WebSite","@id":"https:\/\/medicinasinc.com\/sl\/#website","url":"https:\/\/medicinasinc.com\/sl\/","name":"Medicinas Inc","description":"Health Medical Clinic","potentialAction":[{"@type":"SearchAction","target":{"@type":"EntryPoint","urlTemplate":"https:\/\/medicinasinc.com\/sl\/?s={search_term_string}"},"query-input":{"@type":"PropertyValueSpecification","valueRequired":true,"valueName":"search_term_string"}}],"inLanguage":"en-US"}]}},"_links":{"self":[{"href":"https:\/\/medicinasinc.com\/sl\/wp-json\/wp\/v2\/product\/5037","targetHints":{"allow":["GET"]}}],"collection":[{"href":"https:\/\/medicinasinc.com\/sl\/wp-json\/wp\/v2\/product"}],"about":[{"href":"https:\/\/medicinasinc.com\/sl\/wp-json\/wp\/v2\/types\/product"}],"replies":[{"embeddable":true,"href":"https:\/\/medicinasinc.com\/sl\/wp-json\/wp\/v2\/comments?post=5037"}],"wp:featuredmedia":[{"embeddable":true,"href":"https:\/\/medicinasinc.com\/sl\/wp-json\/wp\/v2\/media\/5054"}],"wp:attachment":[{"href":"https:\/\/medicinasinc.com\/sl\/wp-json\/wp\/v2\/media?parent=5037"}],"wp:term":[{"taxonomy":"product_brand","embeddable":true,"href":"https:\/\/medicinasinc.com\/sl\/wp-json\/wp\/v2\/product_brand?post=5037"},{"taxonomy":"product_cat","embeddable":true,"href":"https:\/\/medicinasinc.com\/sl\/wp-json\/wp\/v2\/product_cat?post=5037"},{"taxonomy":"product_tag","embeddable":true,"href":"https:\/\/medicinasinc.com\/sl\/wp-json\/wp\/v2\/product_tag?post=5037"}],"curies":[{"name":"wp","href":"https:\/\/api.w.org\/{rel}","templated":true}]}}