{"id":5020,"date":"2022-02-20T19:11:16","date_gmt":"2022-02-20T19:11:16","guid":{"rendered":"https:\/\/medicinasinc.com\/sl\/?post_type=product&#038;p=5020"},"modified":"2022-03-19T00:45:11","modified_gmt":"2022-03-19T00:45:11","slug":"kupi-mati-zmajev-marihuano","status":"publish","type":"product","link":"https:\/\/medicinasinc.com\/sl\/product\/kupi-mati-zmajev-marihuano\/","title":{"rendered":"Kupite marihuano Mother of Dragons"},"content":{"rendered":"<p>Nakup marihuane Mother of Dragons<\/p>\n<p>Mother of Dragons je zelo redek enakomerno uravnote\u017een hibrid (50 odstotkov Indica\/50 odstotkov Sativa) z neznanim poreklom zaradi tajnosti vzreditelja in splo\u0161nega pomanjkanja znanja o tem izvora. Ta redka sorta, ki je dobila ime po slavni Daenerys Targaryen iz Game of Thrones, ima ognjevit okus, ki bo za\u017egal va\u0161e brbon\u010dice. Aroma je ujema, narejena v nebesih, s te\u017ekim in ostrim prizvokom skunkyja in zelo za\u010dinjenim travnatim udarcem, ki se spro\u0161\u010da, ko nugs gorijo. \u017de po nekaj zadetkih vas bo Mother of Dragons high dvignila in va\u0161e misli se bodo dvigale ve\u010d ur. Za\u010dne se z mo\u017eganskim vplivom, ki popelje va\u0161 um v stanje popolne ekstaze in va\u0161 duh v stanje \u010distega zadovoljstva. Medtem ko va\u0161 um in duh letita po nebu, bo va\u0161e telo do\u017eivljalo blago stopnjo sprostitve, zaradi \u010desar se lahko nekateri po\u010dutijo nekoliko zaspani. Znano je, da to razpolo\u017eenje pri nekaterih ljudeh povzro\u010da tesnobo, zato se mu izogibajte, \u010de ste nagnjeni k temu. Mother of Dragons je idealna alternativa za osebe, ki trpijo zaradi kroni\u010dnega stresa, \u017ealosti, nihanja razpolo\u017eenja in kroni\u010dne bole\u010dine zaradi teh u\u010dinkov in visoke povpre\u010dne vsebnosti THC-ja od 23 do 28 odstotkov. Ta popek je sestavljen iz gozdnih zelenih grmov v obliki grozdja, pokritih z dlakavimi jantarnimi dla\u010dicami in trihomi ble\u0161\u010de\u010dih jantarnih kristalov.<\/p>\n<p>Kupite marihuano Mother of Dragons zdaj v spletnem dispanzerju konoplje Tegridy Farms<\/p>\n","protected":false},"excerpt":{"rendered":"<div class=\"woocommerce-product-details__short-description\">\n<p>Kupite marihuano Mother of Dragons poceni prek spleta. Marihuana Mother of Dragons je hibridna \u2013 50 % sativa \/50 % indica THC: 23 % \u2013 28 %<\/p>\n<div class=\"woocommerce-product-details__short-description\">\n<p><strong>Velikost popka<\/strong>: Majhna \u2013 Srednja<br \/> <strong>Vrsta sorte<\/strong>: 40 % Indica 60 % sativa<br \/> <strong>Tekstura<\/strong>: Normalna \u2013 Lepljiva<br \/> <strong>Okus<\/strong>: Zeli\u0161\u010dni | Sladko<br \/> <strong>Uporaba v medicini<\/strong>: tesnoba | Kroni\u010dna bole\u010dina | Depresija | Stres<br \/> <strong>Vsebnost THC<\/strong>: 26 % najvi\u0161ji test\u00a0<strong>CBD<\/strong>: &gt;1 %<\/p>\n<\/p><\/div>\n<p class=\"pomanjkanje zaloge\"> <\/div>\n","protected":false},"featured_media":5038,"comment_status":"open","ping_status":"closed","template":"","meta":[],"product_brand":[],"product_cat":[778],"product_tag":[960,615,964,455,967,968,969,461,971,973,976,978,961,965,966,963,970,972,974,962,975,977,980,981,979,982,983,984,985,986,987,480],"class_list":{"0":"post-5020","1":"product","2":"type-product","3":"status-publish","4":"has-post-thumbnail","6":"product_cat-plevel-za-prodajo","7":"product_tag-best-place-to-buy-marijuana-seeds-online","8":"product_tag-buy-cannabis-oil-online","9":"product_tag-buy-lean-codeine-online","10":"product_tag-buy-marijuana-online","11":"product_tag-buy-marijuana-seeds-online","12":"product_tag-buy-marijuana-seeds-online-canada","13":"product_tag-buy-marijuana-seeds-online-usa","14":"product_tag-buy-medical-marijuana-online","15":"product_tag-buy-online-actavis-cough-syrup","16":"product_tag-buy-safe-medical-marijuana-online","17":"product_tag-can-you-buy-marijuana-online","18":"product_tag-kako-kupiti-marihuano-na-spletu","19":"product_tag-kupi-actavis-sirup","20":"product_tag-kupi-marihuano","21":"product_tag-kupi-marihuano-online-kanada","22":"product_tag-kupi-nezakonito-marihuano-na-spletu","23":"product_tag-kupi-nirvana-posebno-marihuano-sev-online","24":"product_tag-kupi-pravo-marihuano-na-spletu","25":"product_tag-kupi-sintetino-marihuano-na-spletu","26":"product_tag-kupi-sirup-za-ka-c5-a1elj-s-kodeinom","27":"product_tag-lahko-kupi","28":"product_tag-ali-lahko-kupite-semena-marihuane-na-spletu","29":"product_tag-marihuana-spletni-kupi-konopljo","30":"product_tag-medical-marijuana-online","31":"product_tag-marihuana-olja-za-vaping-za-prodaj","32":"product_tag-online-legally","33":"product_tag-order-codeine-cough-syrup-online","34":"product_tag-prometazin-kodeinski-sirup-za-prodaj","35":"product_tag-where-can-i-buy-marijuana-online","36":"product_tag-where-can-i-buy-marijuana-seeds-online","37":"product_tag-where-to-buy-cbd-oil-near-me","38":"product_tag-where-to-buy-marijuana-online","40":"first","41":"instock","42":"shipping-taxable","43":"purchasable","44":"product-type-variable","45":"has-default-attributes"},"yoast_head":"<!-- This site is optimized with the Yoast SEO plugin v27.3 - https:\/\/yoast.com\/product\/yoast-seo-wordpress\/ -->\n<title>Kupite marihuano Mother of Dragons - najbolj\u0161a globalna zdravila<\/title>\n<meta name=\"description\" content=\"Kupite Marihuano Mother of Dragons poceni prek spleta. Marihuana Mother of Dragons je hibridna \u2013 50 % sativa \/ 50 % indica THC: 23 % \u2013 28 %\" \/>\n<meta name=\"robots\" content=\"index, follow, max-snippet:-1, max-image-preview:large, max-video-preview:-1\" \/>\n<link rel=\"canonical\" href=\"https:\/\/medicinasinc.com\/sl\/product\/kupi-mati-zmajev-marihuano\/\" \/>\n<meta property=\"og:locale\" content=\"en_US\" \/>\n<meta property=\"og:type\" content=\"article\" \/>\n<meta property=\"og:title\" content=\"Kupite marihuano Mother of Dragons - najbolj\u0161a globalna zdravila\" \/>\n<meta property=\"og:description\" content=\"Kupite Marihuano Mother of Dragons poceni prek spleta. Marihuana Mother of Dragons je hibridna \u2013 50 % sativa \/ 50 % indica THC: 23 % \u2013 28 %\" \/>\n<meta property=\"og:url\" content=\"https:\/\/medicinasinc.com\/sl\/product\/kupi-mati-zmajev-marihuano\/\" \/>\n<meta property=\"og:site_name\" content=\"Medicinas Inc\" \/>\n<meta property=\"article:modified_time\" content=\"2022-03-19T00:45:11+00:00\" \/>\n<meta property=\"og:image\" content=\"https:\/\/medicinasinc.com\/sl\/wp-content\/uploads\/sites\/7\/2022\/02\/Buy-Mother-of-Dragons-Marijuana.jpg\" \/>\n\t<meta property=\"og:image:width\" content=\"1000\" \/>\n\t<meta property=\"og:image:height\" content=\"1000\" \/>\n\t<meta property=\"og:image:type\" content=\"image\/jpeg\" \/>\n<meta name=\"twitter:card\" content=\"summary_large_image\" \/>\n<meta name=\"twitter:label1\" content=\"Est. reading time\" \/>\n\t<meta name=\"twitter:data1\" content=\"2 minutes\" \/>\n<script type=\"application\/ld+json\" class=\"yoast-schema-graph\">{\"@context\":\"https:\\\/\\\/schema.org\",\"@graph\":[{\"@type\":\"WebPage\",\"@id\":\"https:\\\/\\\/medicinasinc.com\\\/sl\\\/product\\\/kupi-mati-zmajev-marihuano\\\/\",\"url\":\"https:\\\/\\\/medicinasinc.com\\\/sl\\\/product\\\/kupi-mati-zmajev-marihuano\\\/\",\"name\":\"Kupite marihuano Mother of Dragons - najbolj\u0161a globalna zdravila\",\"isPartOf\":{\"@id\":\"https:\\\/\\\/medicinasinc.com\\\/sl\\\/#website\"},\"primaryImageOfPage\":{\"@id\":\"https:\\\/\\\/medicinasinc.com\\\/sl\\\/product\\\/kupi-mati-zmajev-marihuano\\\/#primaryimage\"},\"image\":{\"@id\":\"https:\\\/\\\/medicinasinc.com\\\/sl\\\/product\\\/kupi-mati-zmajev-marihuano\\\/#primaryimage\"},\"thumbnailUrl\":\"https:\\\/\\\/medicinasinc.com\\\/sl\\\/wp-content\\\/uploads\\\/sites\\\/7\\\/2022\\\/02\\\/Buy-Mother-of-Dragons-Marijuana.jpg\",\"datePublished\":\"2022-02-20T19:11:16+00:00\",\"dateModified\":\"2022-03-19T00:45:11+00:00\",\"description\":\"Kupite Marihuano Mother of Dragons poceni prek spleta. Marihuana Mother of Dragons je hibridna \u2013 50 % sativa \\\/ 50 % indica THC: 23 % \u2013 28 %\",\"breadcrumb\":{\"@id\":\"https:\\\/\\\/medicinasinc.com\\\/sl\\\/product\\\/kupi-mati-zmajev-marihuano\\\/#breadcrumb\"},\"inLanguage\":\"en-US\",\"potentialAction\":[{\"@type\":\"ReadAction\",\"target\":[\"https:\\\/\\\/medicinasinc.com\\\/sl\\\/product\\\/kupi-mati-zmajev-marihuano\\\/\"]}]},{\"@type\":\"ImageObject\",\"inLanguage\":\"en-US\",\"@id\":\"https:\\\/\\\/medicinasinc.com\\\/sl\\\/product\\\/kupi-mati-zmajev-marihuano\\\/#primaryimage\",\"url\":\"https:\\\/\\\/medicinasinc.com\\\/sl\\\/wp-content\\\/uploads\\\/sites\\\/7\\\/2022\\\/02\\\/Buy-Mother-of-Dragons-Marijuana.jpg\",\"contentUrl\":\"https:\\\/\\\/medicinasinc.com\\\/sl\\\/wp-content\\\/uploads\\\/sites\\\/7\\\/2022\\\/02\\\/Buy-Mother-of-Dragons-Marijuana.jpg\",\"width\":1000,\"height\":1000},{\"@type\":\"BreadcrumbList\",\"@id\":\"https:\\\/\\\/medicinasinc.com\\\/sl\\\/product\\\/kupi-mati-zmajev-marihuano\\\/#breadcrumb\",\"itemListElement\":[{\"@type\":\"ListItem\",\"position\":1,\"name\":\"Nakupujte\",\"item\":\"https:\\\/\\\/medicinasinc.com\\\/sl\\\/nakupujte\\\/\"},{\"@type\":\"ListItem\",\"position\":2,\"name\":\"Kupite marihuano Mother of Dragons\"}]},{\"@type\":\"WebSite\",\"@id\":\"https:\\\/\\\/medicinasinc.com\\\/sl\\\/#website\",\"url\":\"https:\\\/\\\/medicinasinc.com\\\/sl\\\/\",\"name\":\"Medicinas Inc\",\"description\":\"Health Medical Clinic\",\"potentialAction\":[{\"@type\":\"SearchAction\",\"target\":{\"@type\":\"EntryPoint\",\"urlTemplate\":\"https:\\\/\\\/medicinasinc.com\\\/sl\\\/?s={search_term_string}\"},\"query-input\":{\"@type\":\"PropertyValueSpecification\",\"valueRequired\":true,\"valueName\":\"search_term_string\"}}],\"inLanguage\":\"en-US\"}]}<\/script>\n<!-- \/ Yoast SEO plugin. -->","yoast_head_json":{"title":"Kupite marihuano Mother of Dragons - najbolj\u0161a globalna zdravila","description":"Kupite Marihuano Mother of Dragons poceni prek spleta. Marihuana Mother of Dragons je hibridna \u2013 50 % sativa \/ 50 % indica THC: 23 % \u2013 28 %","robots":{"index":"index","follow":"follow","max-snippet":"max-snippet:-1","max-image-preview":"max-image-preview:large","max-video-preview":"max-video-preview:-1"},"canonical":"https:\/\/medicinasinc.com\/sl\/product\/kupi-mati-zmajev-marihuano\/","og_locale":"en_US","og_type":"article","og_title":"Kupite marihuano Mother of Dragons - najbolj\u0161a globalna zdravila","og_description":"Kupite Marihuano Mother of Dragons poceni prek spleta. Marihuana Mother of Dragons je hibridna \u2013 50 % sativa \/ 50 % indica THC: 23 % \u2013 28 %","og_url":"https:\/\/medicinasinc.com\/sl\/product\/kupi-mati-zmajev-marihuano\/","og_site_name":"Medicinas Inc","article_modified_time":"2022-03-19T00:45:11+00:00","og_image":[{"width":1000,"height":1000,"url":"https:\/\/medicinasinc.com\/sl\/wp-content\/uploads\/sites\/7\/2022\/02\/Buy-Mother-of-Dragons-Marijuana.jpg","type":"image\/jpeg"}],"twitter_card":"summary_large_image","twitter_misc":{"Est. reading time":"2 minutes"},"schema":{"@context":"https:\/\/schema.org","@graph":[{"@type":"WebPage","@id":"https:\/\/medicinasinc.com\/sl\/product\/kupi-mati-zmajev-marihuano\/","url":"https:\/\/medicinasinc.com\/sl\/product\/kupi-mati-zmajev-marihuano\/","name":"Kupite marihuano Mother of Dragons - najbolj\u0161a globalna zdravila","isPartOf":{"@id":"https:\/\/medicinasinc.com\/sl\/#website"},"primaryImageOfPage":{"@id":"https:\/\/medicinasinc.com\/sl\/product\/kupi-mati-zmajev-marihuano\/#primaryimage"},"image":{"@id":"https:\/\/medicinasinc.com\/sl\/product\/kupi-mati-zmajev-marihuano\/#primaryimage"},"thumbnailUrl":"https:\/\/medicinasinc.com\/sl\/wp-content\/uploads\/sites\/7\/2022\/02\/Buy-Mother-of-Dragons-Marijuana.jpg","datePublished":"2022-02-20T19:11:16+00:00","dateModified":"2022-03-19T00:45:11+00:00","description":"Kupite Marihuano Mother of Dragons poceni prek spleta. Marihuana Mother of Dragons je hibridna \u2013 50 % sativa \/ 50 % indica THC: 23 % \u2013 28 %","breadcrumb":{"@id":"https:\/\/medicinasinc.com\/sl\/product\/kupi-mati-zmajev-marihuano\/#breadcrumb"},"inLanguage":"en-US","potentialAction":[{"@type":"ReadAction","target":["https:\/\/medicinasinc.com\/sl\/product\/kupi-mati-zmajev-marihuano\/"]}]},{"@type":"ImageObject","inLanguage":"en-US","@id":"https:\/\/medicinasinc.com\/sl\/product\/kupi-mati-zmajev-marihuano\/#primaryimage","url":"https:\/\/medicinasinc.com\/sl\/wp-content\/uploads\/sites\/7\/2022\/02\/Buy-Mother-of-Dragons-Marijuana.jpg","contentUrl":"https:\/\/medicinasinc.com\/sl\/wp-content\/uploads\/sites\/7\/2022\/02\/Buy-Mother-of-Dragons-Marijuana.jpg","width":1000,"height":1000},{"@type":"BreadcrumbList","@id":"https:\/\/medicinasinc.com\/sl\/product\/kupi-mati-zmajev-marihuano\/#breadcrumb","itemListElement":[{"@type":"ListItem","position":1,"name":"Nakupujte","item":"https:\/\/medicinasinc.com\/sl\/nakupujte\/"},{"@type":"ListItem","position":2,"name":"Kupite marihuano Mother of Dragons"}]},{"@type":"WebSite","@id":"https:\/\/medicinasinc.com\/sl\/#website","url":"https:\/\/medicinasinc.com\/sl\/","name":"Medicinas Inc","description":"Health Medical Clinic","potentialAction":[{"@type":"SearchAction","target":{"@type":"EntryPoint","urlTemplate":"https:\/\/medicinasinc.com\/sl\/?s={search_term_string}"},"query-input":{"@type":"PropertyValueSpecification","valueRequired":true,"valueName":"search_term_string"}}],"inLanguage":"en-US"}]}},"_links":{"self":[{"href":"https:\/\/medicinasinc.com\/sl\/wp-json\/wp\/v2\/product\/5020","targetHints":{"allow":["GET"]}}],"collection":[{"href":"https:\/\/medicinasinc.com\/sl\/wp-json\/wp\/v2\/product"}],"about":[{"href":"https:\/\/medicinasinc.com\/sl\/wp-json\/wp\/v2\/types\/product"}],"replies":[{"embeddable":true,"href":"https:\/\/medicinasinc.com\/sl\/wp-json\/wp\/v2\/comments?post=5020"}],"wp:featuredmedia":[{"embeddable":true,"href":"https:\/\/medicinasinc.com\/sl\/wp-json\/wp\/v2\/media\/5038"}],"wp:attachment":[{"href":"https:\/\/medicinasinc.com\/sl\/wp-json\/wp\/v2\/media?parent=5020"}],"wp:term":[{"taxonomy":"product_brand","embeddable":true,"href":"https:\/\/medicinasinc.com\/sl\/wp-json\/wp\/v2\/product_brand?post=5020"},{"taxonomy":"product_cat","embeddable":true,"href":"https:\/\/medicinasinc.com\/sl\/wp-json\/wp\/v2\/product_cat?post=5020"},{"taxonomy":"product_tag","embeddable":true,"href":"https:\/\/medicinasinc.com\/sl\/wp-json\/wp\/v2\/product_tag?post=5020"}],"curies":[{"name":"wp","href":"https:\/\/api.w.org\/{rel}","templated":true}]}}