{"id":5019,"date":"2022-02-20T19:10:26","date_gmt":"2022-02-20T19:10:26","guid":{"rendered":"https:\/\/medicinasinc.com\/sl\/?post_type=product&#038;p=5019"},"modified":"2022-03-19T00:45:24","modified_gmt":"2022-03-19T00:45:24","slug":"amnezija-meglica","status":"publish","type":"product","link":"https:\/\/medicinasinc.com\/sl\/product\/amnezija-meglica\/","title":{"rendered":"Amnezija Haze"},"content":{"rendered":"<p>Amnesia Haze Strain Purchase Online<\/p>\n<p>Amnesia Haze Strain Online je hibrid s prevladujo\u010do Sativo, ustvarjen s kri\u017eanjem Haze z ve\u010d razli\u010dnimi vrstami globus landrace, vklju\u010dno s tajsko, havajsko in afganistansko. Razmerje sativa in indica je pribli\u017eno 80:20. THC je precej visok in v nekaterih testih presega 22 %, vendar je CBD bistveno manj mo\u010dan, saj je nekaj manj kot 1 %. High je evfori\u010den in ustvarjalen, s psihoaktivnim dvigom razpolo\u017eenja in primerom hihitanja. Amnesia Haze ima saden, ha\u0161ist okus in sladko, zemeljsko aromo s sledmi ognjenega popra. Nugs so bledo zelene s temnej\u0161imi rjavimi filamenti in povr\u0161ino, pokrito s trihomom. Je odli\u010dna alternativa za laj\u0161anje anksioznosti in depresije, pa tudi utrujenosti, simptomov ADHD, migrenskih glavobolov, nihanja razpolo\u017eenja in fizi\u010dnih bole\u010din.<\/p>\n<p>Kupite na spletu pri Best Global Meds po ugodni ceni!<\/p>\n<p>V Best Global Meds ponujamo cvetove marihuane amnezije po razumni ceni. Amnesia haze je hibrid, v katerem prevladuje Sativa, narejen iz dveh primarnih sevov konoplje, Sativa in Indica. Uporablja se za razli\u010dne terapevtske in rekreacijske aplikacije. Amnesia Haze je odli\u010dna alternativa za osredoto\u010danje na delo na oddaljeni lokaciji. Amnesia Haze je z zemeljskimi notami limone in citrusov idealna sorta za za\u010detek dneva z nasmehom.<\/p>\n<div class=\"product-next-previous\">\n<div class=\"product-prev\"><\/div><\/div>\n","protected":false},"excerpt":{"rendered":"<p>Amnesia Haze za prodajo na spletu v Zdru\u017eenem kraljestvu in Evropi, Amnesia Haze je priljubljena v Evropi. Ta zelo psihadeli\u010dna Sativa je najbolje rezervirana za izku\u0161ene potro\u0161nike.<\/p>\n<p>Amnesia Haze je verjetno najbolj priljubljena sorta na svetu.<\/p>\n<p>Amnesia Haze je izjemno opojna in psihedeli\u010dna hibridna sorta. <\/p>\n","protected":false},"featured_media":5036,"comment_status":"open","ping_status":"closed","template":"","meta":[],"product_brand":[],"product_cat":[778],"product_tag":[956,957,958,959],"class_list":{"0":"post-5019","1":"product","2":"type-product","3":"status-publish","4":"has-post-thumbnail","6":"product_cat-plevel-za-prodajo","7":"product_tag-amnesia","8":"product_tag-buy-amnesia-haze-online","9":"product_tag-marijuana","10":"product_tag-where-to-buy-amnesia-haze-strain-online","12":"first","13":"instock","14":"shipping-taxable","15":"purchasable","16":"product-type-variable","17":"has-default-attributes"},"yoast_head":"<!-- This site is optimized with the Yoast SEO plugin v27.3 - https:\/\/yoast.com\/product\/yoast-seo-wordpress\/ -->\n<title>Amnesia Haze - sevi plevela Amnesia Haze - najbolj\u0161a najbolj\u0161a zdravila na svetu<\/title>\n<meta name=\"description\" content=\"Kupite Amnesia Haze Za prodajo UK, Evropa na spletu, Amnesia Haze je evropski favorit. Ta intenzivno psihedeli\u010den sev je Sativa, ki jo je najbolje prepustiti izku\u0161enim potro\u0161nikom.\" \/>\n<meta name=\"robots\" content=\"index, follow, max-snippet:-1, max-image-preview:large, max-video-preview:-1\" \/>\n<link rel=\"canonical\" href=\"https:\/\/medicinasinc.com\/sl\/product\/amnezija-meglica\/\" \/>\n<meta property=\"og:locale\" content=\"en_US\" \/>\n<meta property=\"og:type\" content=\"article\" \/>\n<meta property=\"og:title\" content=\"Amnesia Haze - sevi plevela Amnesia Haze - najbolj\u0161a najbolj\u0161a zdravila na svetu\" \/>\n<meta property=\"og:description\" content=\"Kupite Amnesia Haze Za prodajo UK, Evropa na spletu, Amnesia Haze je evropski favorit. Ta intenzivno psihedeli\u010den sev je Sativa, ki jo je najbolje prepustiti izku\u0161enim potro\u0161nikom.\" \/>\n<meta property=\"og:url\" content=\"https:\/\/medicinasinc.com\/sl\/product\/amnezija-meglica\/\" \/>\n<meta property=\"og:site_name\" content=\"Medicinas Inc\" \/>\n<meta property=\"article:modified_time\" content=\"2022-03-19T00:45:24+00:00\" \/>\n<meta property=\"og:image\" content=\"https:\/\/medicinasinc.com\/sl\/wp-content\/uploads\/sites\/7\/2022\/02\/Buy-Amnesia-Haze.jpg\" \/>\n\t<meta property=\"og:image:width\" content=\"1159\" \/>\n\t<meta property=\"og:image:height\" content=\"1043\" \/>\n\t<meta property=\"og:image:type\" content=\"image\/jpeg\" \/>\n<meta name=\"twitter:card\" content=\"summary_large_image\" \/>\n<meta name=\"twitter:label1\" content=\"Est. reading time\" \/>\n\t<meta name=\"twitter:data1\" content=\"1 minute\" \/>\n<script type=\"application\/ld+json\" class=\"yoast-schema-graph\">{\"@context\":\"https:\\\/\\\/schema.org\",\"@graph\":[{\"@type\":\"WebPage\",\"@id\":\"https:\\\/\\\/medicinasinc.com\\\/sl\\\/product\\\/amnezija-meglica\\\/\",\"url\":\"https:\\\/\\\/medicinasinc.com\\\/sl\\\/product\\\/amnezija-meglica\\\/\",\"name\":\"Amnesia Haze - sevi plevela Amnesia Haze - najbolj\u0161a najbolj\u0161a zdravila na svetu\",\"isPartOf\":{\"@id\":\"https:\\\/\\\/medicinasinc.com\\\/sl\\\/#website\"},\"primaryImageOfPage\":{\"@id\":\"https:\\\/\\\/medicinasinc.com\\\/sl\\\/product\\\/amnezija-meglica\\\/#primaryimage\"},\"image\":{\"@id\":\"https:\\\/\\\/medicinasinc.com\\\/sl\\\/product\\\/amnezija-meglica\\\/#primaryimage\"},\"thumbnailUrl\":\"https:\\\/\\\/medicinasinc.com\\\/sl\\\/wp-content\\\/uploads\\\/sites\\\/7\\\/2022\\\/02\\\/Buy-Amnesia-Haze.jpg\",\"datePublished\":\"2022-02-20T19:10:26+00:00\",\"dateModified\":\"2022-03-19T00:45:24+00:00\",\"description\":\"Kupite Amnesia Haze Za prodajo UK, Evropa na spletu, Amnesia Haze je evropski favorit. Ta intenzivno psihedeli\u010den sev je Sativa, ki jo je najbolje prepustiti izku\u0161enim potro\u0161nikom.\",\"breadcrumb\":{\"@id\":\"https:\\\/\\\/medicinasinc.com\\\/sl\\\/product\\\/amnezija-meglica\\\/#breadcrumb\"},\"inLanguage\":\"en-US\",\"potentialAction\":[{\"@type\":\"ReadAction\",\"target\":[\"https:\\\/\\\/medicinasinc.com\\\/sl\\\/product\\\/amnezija-meglica\\\/\"]}]},{\"@type\":\"ImageObject\",\"inLanguage\":\"en-US\",\"@id\":\"https:\\\/\\\/medicinasinc.com\\\/sl\\\/product\\\/amnezija-meglica\\\/#primaryimage\",\"url\":\"https:\\\/\\\/medicinasinc.com\\\/sl\\\/wp-content\\\/uploads\\\/sites\\\/7\\\/2022\\\/02\\\/Buy-Amnesia-Haze.jpg\",\"contentUrl\":\"https:\\\/\\\/medicinasinc.com\\\/sl\\\/wp-content\\\/uploads\\\/sites\\\/7\\\/2022\\\/02\\\/Buy-Amnesia-Haze.jpg\",\"width\":1159,\"height\":1043},{\"@type\":\"BreadcrumbList\",\"@id\":\"https:\\\/\\\/medicinasinc.com\\\/sl\\\/product\\\/amnezija-meglica\\\/#breadcrumb\",\"itemListElement\":[{\"@type\":\"ListItem\",\"position\":1,\"name\":\"Nakupujte\",\"item\":\"https:\\\/\\\/medicinasinc.com\\\/sl\\\/nakupujte\\\/\"},{\"@type\":\"ListItem\",\"position\":2,\"name\":\"Amnezija Haze\"}]},{\"@type\":\"WebSite\",\"@id\":\"https:\\\/\\\/medicinasinc.com\\\/sl\\\/#website\",\"url\":\"https:\\\/\\\/medicinasinc.com\\\/sl\\\/\",\"name\":\"Medicinas Inc\",\"description\":\"Health Medical Clinic\",\"potentialAction\":[{\"@type\":\"SearchAction\",\"target\":{\"@type\":\"EntryPoint\",\"urlTemplate\":\"https:\\\/\\\/medicinasinc.com\\\/sl\\\/?s={search_term_string}\"},\"query-input\":{\"@type\":\"PropertyValueSpecification\",\"valueRequired\":true,\"valueName\":\"search_term_string\"}}],\"inLanguage\":\"en-US\"}]}<\/script>\n<!-- \/ Yoast SEO plugin. -->","yoast_head_json":{"title":"Amnesia Haze - sevi plevela Amnesia Haze - najbolj\u0161a najbolj\u0161a zdravila na svetu","description":"Kupite Amnesia Haze Za prodajo UK, Evropa na spletu, Amnesia Haze je evropski favorit. Ta intenzivno psihedeli\u010den sev je Sativa, ki jo je najbolje prepustiti izku\u0161enim potro\u0161nikom.","robots":{"index":"index","follow":"follow","max-snippet":"max-snippet:-1","max-image-preview":"max-image-preview:large","max-video-preview":"max-video-preview:-1"},"canonical":"https:\/\/medicinasinc.com\/sl\/product\/amnezija-meglica\/","og_locale":"en_US","og_type":"article","og_title":"Amnesia Haze - sevi plevela Amnesia Haze - najbolj\u0161a najbolj\u0161a zdravila na svetu","og_description":"Kupite Amnesia Haze Za prodajo UK, Evropa na spletu, Amnesia Haze je evropski favorit. Ta intenzivno psihedeli\u010den sev je Sativa, ki jo je najbolje prepustiti izku\u0161enim potro\u0161nikom.","og_url":"https:\/\/medicinasinc.com\/sl\/product\/amnezija-meglica\/","og_site_name":"Medicinas Inc","article_modified_time":"2022-03-19T00:45:24+00:00","og_image":[{"width":1159,"height":1043,"url":"https:\/\/medicinasinc.com\/sl\/wp-content\/uploads\/sites\/7\/2022\/02\/Buy-Amnesia-Haze.jpg","type":"image\/jpeg"}],"twitter_card":"summary_large_image","twitter_misc":{"Est. reading time":"1 minute"},"schema":{"@context":"https:\/\/schema.org","@graph":[{"@type":"WebPage","@id":"https:\/\/medicinasinc.com\/sl\/product\/amnezija-meglica\/","url":"https:\/\/medicinasinc.com\/sl\/product\/amnezija-meglica\/","name":"Amnesia Haze - sevi plevela Amnesia Haze - najbolj\u0161a najbolj\u0161a zdravila na svetu","isPartOf":{"@id":"https:\/\/medicinasinc.com\/sl\/#website"},"primaryImageOfPage":{"@id":"https:\/\/medicinasinc.com\/sl\/product\/amnezija-meglica\/#primaryimage"},"image":{"@id":"https:\/\/medicinasinc.com\/sl\/product\/amnezija-meglica\/#primaryimage"},"thumbnailUrl":"https:\/\/medicinasinc.com\/sl\/wp-content\/uploads\/sites\/7\/2022\/02\/Buy-Amnesia-Haze.jpg","datePublished":"2022-02-20T19:10:26+00:00","dateModified":"2022-03-19T00:45:24+00:00","description":"Kupite Amnesia Haze Za prodajo UK, Evropa na spletu, Amnesia Haze je evropski favorit. Ta intenzivno psihedeli\u010den sev je Sativa, ki jo je najbolje prepustiti izku\u0161enim potro\u0161nikom.","breadcrumb":{"@id":"https:\/\/medicinasinc.com\/sl\/product\/amnezija-meglica\/#breadcrumb"},"inLanguage":"en-US","potentialAction":[{"@type":"ReadAction","target":["https:\/\/medicinasinc.com\/sl\/product\/amnezija-meglica\/"]}]},{"@type":"ImageObject","inLanguage":"en-US","@id":"https:\/\/medicinasinc.com\/sl\/product\/amnezija-meglica\/#primaryimage","url":"https:\/\/medicinasinc.com\/sl\/wp-content\/uploads\/sites\/7\/2022\/02\/Buy-Amnesia-Haze.jpg","contentUrl":"https:\/\/medicinasinc.com\/sl\/wp-content\/uploads\/sites\/7\/2022\/02\/Buy-Amnesia-Haze.jpg","width":1159,"height":1043},{"@type":"BreadcrumbList","@id":"https:\/\/medicinasinc.com\/sl\/product\/amnezija-meglica\/#breadcrumb","itemListElement":[{"@type":"ListItem","position":1,"name":"Nakupujte","item":"https:\/\/medicinasinc.com\/sl\/nakupujte\/"},{"@type":"ListItem","position":2,"name":"Amnezija Haze"}]},{"@type":"WebSite","@id":"https:\/\/medicinasinc.com\/sl\/#website","url":"https:\/\/medicinasinc.com\/sl\/","name":"Medicinas Inc","description":"Health Medical Clinic","potentialAction":[{"@type":"SearchAction","target":{"@type":"EntryPoint","urlTemplate":"https:\/\/medicinasinc.com\/sl\/?s={search_term_string}"},"query-input":{"@type":"PropertyValueSpecification","valueRequired":true,"valueName":"search_term_string"}}],"inLanguage":"en-US"}]}},"_links":{"self":[{"href":"https:\/\/medicinasinc.com\/sl\/wp-json\/wp\/v2\/product\/5019","targetHints":{"allow":["GET"]}}],"collection":[{"href":"https:\/\/medicinasinc.com\/sl\/wp-json\/wp\/v2\/product"}],"about":[{"href":"https:\/\/medicinasinc.com\/sl\/wp-json\/wp\/v2\/types\/product"}],"replies":[{"embeddable":true,"href":"https:\/\/medicinasinc.com\/sl\/wp-json\/wp\/v2\/comments?post=5019"}],"wp:featuredmedia":[{"embeddable":true,"href":"https:\/\/medicinasinc.com\/sl\/wp-json\/wp\/v2\/media\/5036"}],"wp:attachment":[{"href":"https:\/\/medicinasinc.com\/sl\/wp-json\/wp\/v2\/media?parent=5019"}],"wp:term":[{"taxonomy":"product_brand","embeddable":true,"href":"https:\/\/medicinasinc.com\/sl\/wp-json\/wp\/v2\/product_brand?post=5019"},{"taxonomy":"product_cat","embeddable":true,"href":"https:\/\/medicinasinc.com\/sl\/wp-json\/wp\/v2\/product_cat?post=5019"},{"taxonomy":"product_tag","embeddable":true,"href":"https:\/\/medicinasinc.com\/sl\/wp-json\/wp\/v2\/product_tag?post=5019"}],"curies":[{"name":"wp","href":"https:\/\/api.w.org\/{rel}","templated":true}]}}