{"id":5018,"date":"2022-02-20T19:09:20","date_gmt":"2022-02-20T19:09:20","guid":{"rendered":"https:\/\/medicinasinc.com\/sl\/?post_type=product&#038;p=5018"},"modified":"2022-03-19T00:45:33","modified_gmt":"2022-03-19T00:45:33","slug":"kupi-ananas-ekspres-marihuano","status":"publish","type":"product","link":"https:\/\/medicinasinc.com\/sl\/product\/kupi-ananas-ekspres-marihuano\/","title":{"rendered":"Kupite marihuano Pineapple Express"},"content":{"rendered":"<h1>Kupite sev marihuane Pineapple Express na spletu.<\/h1>\n<p>Kupite sev marihuane Pineapple Express na spletu.<\/p>\n<p>U\u010dinki<br \/> Po\u017eivljanje, evforija, osredoto\u010denost<br \/> Lahko olaj\u0161a<br \/> Kroni\u010dna bole\u010dina, depresija, utrujenost, izguba apetita, migrene, slabost, no\u010dne more<br \/> Okusi<br \/> Citrusi, bor, ananas, sladki, tropski<br \/> arome<br \/> zemeljski, bor, ananas, Sladko<\/p>\n<p>Vendar pa se morate zavedati, da napetost ni tako velika, kot jo prikazuje film. Vendar pa Pineapple Express zagotavlja lahek in prijeten u\u010dinek omrtvi\u010devanja telesa, \u010desar se lahko veselite.<\/p>\n<p>Sev je na voljo v obliki natan\u010dno obte\u017eenih kokic, ki spominjajo na kokice iz stiropora. Nima sladkega okusa, ima pa \u010dudno aromo zaradi prizvokov citrusov. Okus je precej edinstven, s pridihom ananasa ob vdihu. Pineapple Express je prednosten za zdravljenje razli\u010dnih zdravstvenih stanj, vklju\u010dno z anksioznostjo in stresom. Vendar pa je bistveno uspe\u0161nej\u0161i pri hkratnem zdravljenju simptomov kroni\u010dne depresije. \u010ce do\u017eivljate blage bole\u010dine in bole\u010dine, ste pri\u0161li na pravo mesto. Po vdihu boste opazili, da je Pineapple Express hkrati miren in po\u017eivljajo\u010d.<\/p>\n","protected":false},"excerpt":{"rendered":"<div class=\"woocommerce-product-details__short-description\">\n<p>Kupite Pineapple Express Marihuana Sev za prodajo na spletu. Kupite sev marihuane Ananas Express. Dominantni hibrid sative \u2013 60 % sativa \/ 40 % indica THC: 25 %, CBN: 1 %<\/p>\n<\/p><\/div>\n","protected":false},"featured_media":5034,"comment_status":"open","ping_status":"closed","template":"","meta":[],"product_brand":[],"product_cat":[778],"product_tag":[948,949,950,951,952,953,954,955],"class_list":{"0":"post-5018","1":"product","2":"type-product","3":"status-publish","4":"has-post-thumbnail","6":"product_cat-plevel-za-prodajo","7":"product_tag-pineapple-express-afghanistan","8":"product_tag-pineapple-express-seeds","9":"product_tag-pineapple-express-strain-allbud","10":"product_tag-pineapple-express-strain-effects","11":"product_tag-pineapple-express-strain-info","12":"product_tag-pineapple-express-strain-review","13":"product_tag-pineapple-express-strain-sativa-or-indica","14":"product_tag-pineapple-express-vape-cartridge","16":"first","17":"instock","18":"shipping-taxable","19":"purchasable","20":"product-type-variable","21":"has-default-attributes"},"yoast_head":"<!-- This site is optimized with the Yoast SEO plugin v27.3 - https:\/\/yoast.com\/product\/yoast-seo-wordpress\/ -->\n<title>Kupite marihuano Pineapple Express - najbolj\u0161a najbolj\u0161a zdravila na svetu<\/title>\n<meta name=\"description\" content=\"Kupite sev marihuane Pineapple Express za prodajo na spletu. Kupite sev marihuane Ananas Express. Dominantni hibrid sative \u2013 60 % sativa \/ 40 % indica THC: 25 %, CBN: 1 %\" \/>\n<meta name=\"robots\" content=\"index, follow, max-snippet:-1, max-image-preview:large, max-video-preview:-1\" \/>\n<link rel=\"canonical\" href=\"https:\/\/medicinasinc.com\/sl\/product\/kupi-ananas-ekspres-marihuano\/\" \/>\n<meta property=\"og:locale\" content=\"en_US\" \/>\n<meta property=\"og:type\" content=\"article\" \/>\n<meta property=\"og:title\" content=\"Kupite marihuano Pineapple Express - najbolj\u0161a najbolj\u0161a zdravila na svetu\" \/>\n<meta property=\"og:description\" content=\"Kupite sev marihuane Pineapple Express za prodajo na spletu. Kupite sev marihuane Ananas Express. Dominantni hibrid sative \u2013 60 % sativa \/ 40 % indica THC: 25 %, CBN: 1 %\" \/>\n<meta property=\"og:url\" content=\"https:\/\/medicinasinc.com\/sl\/product\/kupi-ananas-ekspres-marihuano\/\" \/>\n<meta property=\"og:site_name\" content=\"Medicinas Inc\" \/>\n<meta property=\"article:modified_time\" content=\"2022-03-19T00:45:33+00:00\" \/>\n<meta property=\"og:image\" content=\"https:\/\/medicinasinc.com\/sl\/wp-content\/uploads\/sites\/7\/2022\/02\/Buy-Pineapple-Express-Marijuana.jpeg\" \/>\n\t<meta property=\"og:image:width\" content=\"600\" \/>\n\t<meta property=\"og:image:height\" content=\"600\" \/>\n\t<meta property=\"og:image:type\" content=\"image\/jpeg\" \/>\n<meta name=\"twitter:card\" content=\"summary_large_image\" \/>\n<meta name=\"twitter:label1\" content=\"Est. reading time\" \/>\n\t<meta name=\"twitter:data1\" content=\"1 minute\" \/>\n<script type=\"application\/ld+json\" class=\"yoast-schema-graph\">{\"@context\":\"https:\\\/\\\/schema.org\",\"@graph\":[{\"@type\":\"WebPage\",\"@id\":\"https:\\\/\\\/medicinasinc.com\\\/sl\\\/product\\\/kupi-ananas-ekspres-marihuano\\\/\",\"url\":\"https:\\\/\\\/medicinasinc.com\\\/sl\\\/product\\\/kupi-ananas-ekspres-marihuano\\\/\",\"name\":\"Kupite marihuano Pineapple Express - najbolj\u0161a najbolj\u0161a zdravila na svetu\",\"isPartOf\":{\"@id\":\"https:\\\/\\\/medicinasinc.com\\\/sl\\\/#website\"},\"primaryImageOfPage\":{\"@id\":\"https:\\\/\\\/medicinasinc.com\\\/sl\\\/product\\\/kupi-ananas-ekspres-marihuano\\\/#primaryimage\"},\"image\":{\"@id\":\"https:\\\/\\\/medicinasinc.com\\\/sl\\\/product\\\/kupi-ananas-ekspres-marihuano\\\/#primaryimage\"},\"thumbnailUrl\":\"https:\\\/\\\/medicinasinc.com\\\/sl\\\/wp-content\\\/uploads\\\/sites\\\/7\\\/2022\\\/02\\\/Buy-Pineapple-Express-Marijuana.jpeg\",\"datePublished\":\"2022-02-20T19:09:20+00:00\",\"dateModified\":\"2022-03-19T00:45:33+00:00\",\"description\":\"Kupite sev marihuane Pineapple Express za prodajo na spletu. Kupite sev marihuane Ananas Express. Dominantni hibrid sative \u2013 60 % sativa \\\/ 40 % indica THC: 25 %, CBN: 1 %\",\"breadcrumb\":{\"@id\":\"https:\\\/\\\/medicinasinc.com\\\/sl\\\/product\\\/kupi-ananas-ekspres-marihuano\\\/#breadcrumb\"},\"inLanguage\":\"en-US\",\"potentialAction\":[{\"@type\":\"ReadAction\",\"target\":[\"https:\\\/\\\/medicinasinc.com\\\/sl\\\/product\\\/kupi-ananas-ekspres-marihuano\\\/\"]}]},{\"@type\":\"ImageObject\",\"inLanguage\":\"en-US\",\"@id\":\"https:\\\/\\\/medicinasinc.com\\\/sl\\\/product\\\/kupi-ananas-ekspres-marihuano\\\/#primaryimage\",\"url\":\"https:\\\/\\\/medicinasinc.com\\\/sl\\\/wp-content\\\/uploads\\\/sites\\\/7\\\/2022\\\/02\\\/Buy-Pineapple-Express-Marijuana.jpeg\",\"contentUrl\":\"https:\\\/\\\/medicinasinc.com\\\/sl\\\/wp-content\\\/uploads\\\/sites\\\/7\\\/2022\\\/02\\\/Buy-Pineapple-Express-Marijuana.jpeg\",\"width\":600,\"height\":600},{\"@type\":\"BreadcrumbList\",\"@id\":\"https:\\\/\\\/medicinasinc.com\\\/sl\\\/product\\\/kupi-ananas-ekspres-marihuano\\\/#breadcrumb\",\"itemListElement\":[{\"@type\":\"ListItem\",\"position\":1,\"name\":\"Nakupujte\",\"item\":\"https:\\\/\\\/medicinasinc.com\\\/sl\\\/nakupujte\\\/\"},{\"@type\":\"ListItem\",\"position\":2,\"name\":\"Kupite marihuano Pineapple Express\"}]},{\"@type\":\"WebSite\",\"@id\":\"https:\\\/\\\/medicinasinc.com\\\/sl\\\/#website\",\"url\":\"https:\\\/\\\/medicinasinc.com\\\/sl\\\/\",\"name\":\"Medicinas Inc\",\"description\":\"Health Medical Clinic\",\"potentialAction\":[{\"@type\":\"SearchAction\",\"target\":{\"@type\":\"EntryPoint\",\"urlTemplate\":\"https:\\\/\\\/medicinasinc.com\\\/sl\\\/?s={search_term_string}\"},\"query-input\":{\"@type\":\"PropertyValueSpecification\",\"valueRequired\":true,\"valueName\":\"search_term_string\"}}],\"inLanguage\":\"en-US\"}]}<\/script>\n<!-- \/ Yoast SEO plugin. -->","yoast_head_json":{"title":"Kupite marihuano Pineapple Express - najbolj\u0161a najbolj\u0161a zdravila na svetu","description":"Kupite sev marihuane Pineapple Express za prodajo na spletu. Kupite sev marihuane Ananas Express. Dominantni hibrid sative \u2013 60 % sativa \/ 40 % indica THC: 25 %, CBN: 1 %","robots":{"index":"index","follow":"follow","max-snippet":"max-snippet:-1","max-image-preview":"max-image-preview:large","max-video-preview":"max-video-preview:-1"},"canonical":"https:\/\/medicinasinc.com\/sl\/product\/kupi-ananas-ekspres-marihuano\/","og_locale":"en_US","og_type":"article","og_title":"Kupite marihuano Pineapple Express - najbolj\u0161a najbolj\u0161a zdravila na svetu","og_description":"Kupite sev marihuane Pineapple Express za prodajo na spletu. Kupite sev marihuane Ananas Express. Dominantni hibrid sative \u2013 60 % sativa \/ 40 % indica THC: 25 %, CBN: 1 %","og_url":"https:\/\/medicinasinc.com\/sl\/product\/kupi-ananas-ekspres-marihuano\/","og_site_name":"Medicinas Inc","article_modified_time":"2022-03-19T00:45:33+00:00","og_image":[{"width":600,"height":600,"url":"https:\/\/medicinasinc.com\/sl\/wp-content\/uploads\/sites\/7\/2022\/02\/Buy-Pineapple-Express-Marijuana.jpeg","type":"image\/jpeg"}],"twitter_card":"summary_large_image","twitter_misc":{"Est. reading time":"1 minute"},"schema":{"@context":"https:\/\/schema.org","@graph":[{"@type":"WebPage","@id":"https:\/\/medicinasinc.com\/sl\/product\/kupi-ananas-ekspres-marihuano\/","url":"https:\/\/medicinasinc.com\/sl\/product\/kupi-ananas-ekspres-marihuano\/","name":"Kupite marihuano Pineapple Express - najbolj\u0161a najbolj\u0161a zdravila na svetu","isPartOf":{"@id":"https:\/\/medicinasinc.com\/sl\/#website"},"primaryImageOfPage":{"@id":"https:\/\/medicinasinc.com\/sl\/product\/kupi-ananas-ekspres-marihuano\/#primaryimage"},"image":{"@id":"https:\/\/medicinasinc.com\/sl\/product\/kupi-ananas-ekspres-marihuano\/#primaryimage"},"thumbnailUrl":"https:\/\/medicinasinc.com\/sl\/wp-content\/uploads\/sites\/7\/2022\/02\/Buy-Pineapple-Express-Marijuana.jpeg","datePublished":"2022-02-20T19:09:20+00:00","dateModified":"2022-03-19T00:45:33+00:00","description":"Kupite sev marihuane Pineapple Express za prodajo na spletu. Kupite sev marihuane Ananas Express. Dominantni hibrid sative \u2013 60 % sativa \/ 40 % indica THC: 25 %, CBN: 1 %","breadcrumb":{"@id":"https:\/\/medicinasinc.com\/sl\/product\/kupi-ananas-ekspres-marihuano\/#breadcrumb"},"inLanguage":"en-US","potentialAction":[{"@type":"ReadAction","target":["https:\/\/medicinasinc.com\/sl\/product\/kupi-ananas-ekspres-marihuano\/"]}]},{"@type":"ImageObject","inLanguage":"en-US","@id":"https:\/\/medicinasinc.com\/sl\/product\/kupi-ananas-ekspres-marihuano\/#primaryimage","url":"https:\/\/medicinasinc.com\/sl\/wp-content\/uploads\/sites\/7\/2022\/02\/Buy-Pineapple-Express-Marijuana.jpeg","contentUrl":"https:\/\/medicinasinc.com\/sl\/wp-content\/uploads\/sites\/7\/2022\/02\/Buy-Pineapple-Express-Marijuana.jpeg","width":600,"height":600},{"@type":"BreadcrumbList","@id":"https:\/\/medicinasinc.com\/sl\/product\/kupi-ananas-ekspres-marihuano\/#breadcrumb","itemListElement":[{"@type":"ListItem","position":1,"name":"Nakupujte","item":"https:\/\/medicinasinc.com\/sl\/nakupujte\/"},{"@type":"ListItem","position":2,"name":"Kupite marihuano Pineapple Express"}]},{"@type":"WebSite","@id":"https:\/\/medicinasinc.com\/sl\/#website","url":"https:\/\/medicinasinc.com\/sl\/","name":"Medicinas Inc","description":"Health Medical Clinic","potentialAction":[{"@type":"SearchAction","target":{"@type":"EntryPoint","urlTemplate":"https:\/\/medicinasinc.com\/sl\/?s={search_term_string}"},"query-input":{"@type":"PropertyValueSpecification","valueRequired":true,"valueName":"search_term_string"}}],"inLanguage":"en-US"}]}},"_links":{"self":[{"href":"https:\/\/medicinasinc.com\/sl\/wp-json\/wp\/v2\/product\/5018","targetHints":{"allow":["GET"]}}],"collection":[{"href":"https:\/\/medicinasinc.com\/sl\/wp-json\/wp\/v2\/product"}],"about":[{"href":"https:\/\/medicinasinc.com\/sl\/wp-json\/wp\/v2\/types\/product"}],"replies":[{"embeddable":true,"href":"https:\/\/medicinasinc.com\/sl\/wp-json\/wp\/v2\/comments?post=5018"}],"wp:featuredmedia":[{"embeddable":true,"href":"https:\/\/medicinasinc.com\/sl\/wp-json\/wp\/v2\/media\/5034"}],"wp:attachment":[{"href":"https:\/\/medicinasinc.com\/sl\/wp-json\/wp\/v2\/media?parent=5018"}],"wp:term":[{"taxonomy":"product_brand","embeddable":true,"href":"https:\/\/medicinasinc.com\/sl\/wp-json\/wp\/v2\/product_brand?post=5018"},{"taxonomy":"product_cat","embeddable":true,"href":"https:\/\/medicinasinc.com\/sl\/wp-json\/wp\/v2\/product_cat?post=5018"},{"taxonomy":"product_tag","embeddable":true,"href":"https:\/\/medicinasinc.com\/sl\/wp-json\/wp\/v2\/product_tag?post=5018"}],"curies":[{"name":"wp","href":"https:\/\/api.w.org\/{rel}","templated":true}]}}