{"id":4997,"date":"2022-02-20T18:54:15","date_gmt":"2022-02-20T18:54:15","guid":{"rendered":"https:\/\/medicinasinc.com\/sl\/?post_type=product&#038;p=4997"},"modified":"2022-03-19T00:45:51","modified_gmt":"2022-03-19T00:45:51","slug":"vesoljska-posast-marihuana","status":"publish","type":"product","link":"https:\/\/medicinasinc.com\/sl\/product\/vesoljska-posast-marihuana\/","title":{"rendered":"Vesoljska po\u0161ast Marihuana"},"content":{"rendered":"<p>Space Monster Marihuana naprodaj na spletu.<\/p>\n<p>Space Monster Marihuana naprodaj na spletu.<\/p>\n<p>Kupite Marihuana Space Monster. Marihuana vesoljske po\u0161asti je dominanten hibrid, ki vsebuje 75 % Indica in 25 % Sativa. Vsebnost THC-ja je 20%.<\/p>\n<p>U\u010dinki<br \/> Fizi\u010dna mo\u010d, evforija, sre\u010da, sprostitev, zaspanost in po\u017eivljajo\u010di u\u010dinki lahko laj\u0161ajo kroni\u010dno bole\u010dino, vnetje, nespe\u010dnost, mi\u0161i\u010dne kr\u010de in tresenje Okusi jagodi\u010dja, kemikalije , grozdje, sladko<\/p>\n","protected":false},"excerpt":{"rendered":"<p>Kupite Marihuana Space Monster na spletu. Spletni nakup trave l Spletni nakup marihuane | Spletni nakup konoplje | Nakup jedilne hrane | Kupite konopljino olje<\/p>\n<p>Ayer, Massachusetts ima zdaj rekreacijsko ambulanto za konopljo. Naro\u010dite na spletu in prevzamete v na\u0161i ambulanti za marihuano v Ayerju v Massachusettsu.<\/p>\n","protected":false},"featured_media":5015,"comment_status":"open","ping_status":"closed","template":"","meta":[],"product_brand":[],"product_cat":[778],"product_tag":[942,941,943,940,944,945,946,947],"class_list":{"0":"post-4997","1":"product","2":"type-product","3":"status-publish","4":"has-post-thumbnail","6":"product_cat-plevel-za-prodajo","7":"product_tag-lvtk-strain","8":"product_tag-plin-uhajanje-napetost","9":"product_tag-perfect-triangle-5-strain","10":"product_tag-a-vlak-sev","11":"product_tag-space-bomb-strain","12":"product_tag-space-monkey-strain-wikileaf","13":"product_tag-tk-bx1-strain","14":"product_tag-triangle-kush","16":"first","17":"instock","18":"shipping-taxable","19":"purchasable","20":"product-type-variable","21":"has-default-attributes"},"yoast_head":"<!-- This site is optimized with the Yoast SEO plugin v27.3 - https:\/\/yoast.com\/product\/yoast-seo-wordpress\/ -->\n<title>Kupite marihuano vesoljske po\u0161asti - najbolj\u0161a najbolj\u0161a zdravila na svetu<\/title>\n<meta name=\"description\" content=\"Kupite marihuano Space Monster za prodajo na spletu. Nakup plevela na spletu l Nakup marihuane na spletu | Kupite konopljo na spletu | u\u017eitne | Prodam konopljino olje.\" \/>\n<meta name=\"robots\" content=\"index, follow, max-snippet:-1, max-image-preview:large, max-video-preview:-1\" \/>\n<link rel=\"canonical\" href=\"https:\/\/medicinasinc.com\/sl\/product\/vesoljska-posast-marihuana\/\" \/>\n<meta property=\"og:locale\" content=\"en_US\" \/>\n<meta property=\"og:type\" content=\"article\" \/>\n<meta property=\"og:title\" content=\"Kupite marihuano vesoljske po\u0161asti - najbolj\u0161a najbolj\u0161a zdravila na svetu\" \/>\n<meta property=\"og:description\" content=\"Kupite marihuano Space Monster za prodajo na spletu. Nakup plevela na spletu l Nakup marihuane na spletu | Kupite konopljo na spletu | u\u017eitne | Prodam konopljino olje.\" \/>\n<meta property=\"og:url\" content=\"https:\/\/medicinasinc.com\/sl\/product\/vesoljska-posast-marihuana\/\" \/>\n<meta property=\"og:site_name\" content=\"Medicinas Inc\" \/>\n<meta property=\"article:modified_time\" content=\"2022-03-19T00:45:51+00:00\" \/>\n<meta property=\"og:image\" content=\"https:\/\/medicinasinc.com\/sl\/wp-content\/uploads\/sites\/7\/2022\/02\/Space-Monster-Marijuana.jpg\" \/>\n\t<meta property=\"og:image:width\" content=\"600\" \/>\n\t<meta property=\"og:image:height\" content=\"600\" \/>\n\t<meta property=\"og:image:type\" content=\"image\/jpeg\" \/>\n<meta name=\"twitter:card\" content=\"summary_large_image\" \/>\n<meta name=\"twitter:label1\" content=\"Est. reading time\" \/>\n\t<meta name=\"twitter:data1\" content=\"1 minute\" \/>\n<script type=\"application\/ld+json\" class=\"yoast-schema-graph\">{\"@context\":\"https:\\\/\\\/schema.org\",\"@graph\":[{\"@type\":\"WebPage\",\"@id\":\"https:\\\/\\\/medicinasinc.com\\\/sl\\\/product\\\/vesoljska-posast-marihuana\\\/\",\"url\":\"https:\\\/\\\/medicinasinc.com\\\/sl\\\/product\\\/vesoljska-posast-marihuana\\\/\",\"name\":\"Kupite marihuano vesoljske po\u0161asti - najbolj\u0161a najbolj\u0161a zdravila na svetu\",\"isPartOf\":{\"@id\":\"https:\\\/\\\/medicinasinc.com\\\/sl\\\/#website\"},\"primaryImageOfPage\":{\"@id\":\"https:\\\/\\\/medicinasinc.com\\\/sl\\\/product\\\/vesoljska-posast-marihuana\\\/#primaryimage\"},\"image\":{\"@id\":\"https:\\\/\\\/medicinasinc.com\\\/sl\\\/product\\\/vesoljska-posast-marihuana\\\/#primaryimage\"},\"thumbnailUrl\":\"https:\\\/\\\/medicinasinc.com\\\/sl\\\/wp-content\\\/uploads\\\/sites\\\/7\\\/2022\\\/02\\\/Space-Monster-Marijuana.jpg\",\"datePublished\":\"2022-02-20T18:54:15+00:00\",\"dateModified\":\"2022-03-19T00:45:51+00:00\",\"description\":\"Kupite marihuano Space Monster za prodajo na spletu. Nakup plevela na spletu l Nakup marihuane na spletu | Kupite konopljo na spletu | u\u017eitne | Prodam konopljino olje.\",\"breadcrumb\":{\"@id\":\"https:\\\/\\\/medicinasinc.com\\\/sl\\\/product\\\/vesoljska-posast-marihuana\\\/#breadcrumb\"},\"inLanguage\":\"en-US\",\"potentialAction\":[{\"@type\":\"ReadAction\",\"target\":[\"https:\\\/\\\/medicinasinc.com\\\/sl\\\/product\\\/vesoljska-posast-marihuana\\\/\"]}]},{\"@type\":\"ImageObject\",\"inLanguage\":\"en-US\",\"@id\":\"https:\\\/\\\/medicinasinc.com\\\/sl\\\/product\\\/vesoljska-posast-marihuana\\\/#primaryimage\",\"url\":\"https:\\\/\\\/medicinasinc.com\\\/sl\\\/wp-content\\\/uploads\\\/sites\\\/7\\\/2022\\\/02\\\/Space-Monster-Marijuana.jpg\",\"contentUrl\":\"https:\\\/\\\/medicinasinc.com\\\/sl\\\/wp-content\\\/uploads\\\/sites\\\/7\\\/2022\\\/02\\\/Space-Monster-Marijuana.jpg\",\"width\":600,\"height\":600},{\"@type\":\"BreadcrumbList\",\"@id\":\"https:\\\/\\\/medicinasinc.com\\\/sl\\\/product\\\/vesoljska-posast-marihuana\\\/#breadcrumb\",\"itemListElement\":[{\"@type\":\"ListItem\",\"position\":1,\"name\":\"Nakupujte\",\"item\":\"https:\\\/\\\/medicinasinc.com\\\/sl\\\/nakupujte\\\/\"},{\"@type\":\"ListItem\",\"position\":2,\"name\":\"Vesoljska po\u0161ast Marihuana\"}]},{\"@type\":\"WebSite\",\"@id\":\"https:\\\/\\\/medicinasinc.com\\\/sl\\\/#website\",\"url\":\"https:\\\/\\\/medicinasinc.com\\\/sl\\\/\",\"name\":\"Medicinas Inc\",\"description\":\"Health Medical Clinic\",\"potentialAction\":[{\"@type\":\"SearchAction\",\"target\":{\"@type\":\"EntryPoint\",\"urlTemplate\":\"https:\\\/\\\/medicinasinc.com\\\/sl\\\/?s={search_term_string}\"},\"query-input\":{\"@type\":\"PropertyValueSpecification\",\"valueRequired\":true,\"valueName\":\"search_term_string\"}}],\"inLanguage\":\"en-US\"}]}<\/script>\n<!-- \/ Yoast SEO plugin. -->","yoast_head_json":{"title":"Kupite marihuano vesoljske po\u0161asti - najbolj\u0161a najbolj\u0161a zdravila na svetu","description":"Kupite marihuano Space Monster za prodajo na spletu. Nakup plevela na spletu l Nakup marihuane na spletu | Kupite konopljo na spletu | u\u017eitne | Prodam konopljino olje.","robots":{"index":"index","follow":"follow","max-snippet":"max-snippet:-1","max-image-preview":"max-image-preview:large","max-video-preview":"max-video-preview:-1"},"canonical":"https:\/\/medicinasinc.com\/sl\/product\/vesoljska-posast-marihuana\/","og_locale":"en_US","og_type":"article","og_title":"Kupite marihuano vesoljske po\u0161asti - najbolj\u0161a najbolj\u0161a zdravila na svetu","og_description":"Kupite marihuano Space Monster za prodajo na spletu. Nakup plevela na spletu l Nakup marihuane na spletu | Kupite konopljo na spletu | u\u017eitne | Prodam konopljino olje.","og_url":"https:\/\/medicinasinc.com\/sl\/product\/vesoljska-posast-marihuana\/","og_site_name":"Medicinas Inc","article_modified_time":"2022-03-19T00:45:51+00:00","og_image":[{"width":600,"height":600,"url":"https:\/\/medicinasinc.com\/sl\/wp-content\/uploads\/sites\/7\/2022\/02\/Space-Monster-Marijuana.jpg","type":"image\/jpeg"}],"twitter_card":"summary_large_image","twitter_misc":{"Est. reading time":"1 minute"},"schema":{"@context":"https:\/\/schema.org","@graph":[{"@type":"WebPage","@id":"https:\/\/medicinasinc.com\/sl\/product\/vesoljska-posast-marihuana\/","url":"https:\/\/medicinasinc.com\/sl\/product\/vesoljska-posast-marihuana\/","name":"Kupite marihuano vesoljske po\u0161asti - najbolj\u0161a najbolj\u0161a zdravila na svetu","isPartOf":{"@id":"https:\/\/medicinasinc.com\/sl\/#website"},"primaryImageOfPage":{"@id":"https:\/\/medicinasinc.com\/sl\/product\/vesoljska-posast-marihuana\/#primaryimage"},"image":{"@id":"https:\/\/medicinasinc.com\/sl\/product\/vesoljska-posast-marihuana\/#primaryimage"},"thumbnailUrl":"https:\/\/medicinasinc.com\/sl\/wp-content\/uploads\/sites\/7\/2022\/02\/Space-Monster-Marijuana.jpg","datePublished":"2022-02-20T18:54:15+00:00","dateModified":"2022-03-19T00:45:51+00:00","description":"Kupite marihuano Space Monster za prodajo na spletu. Nakup plevela na spletu l Nakup marihuane na spletu | Kupite konopljo na spletu | u\u017eitne | Prodam konopljino olje.","breadcrumb":{"@id":"https:\/\/medicinasinc.com\/sl\/product\/vesoljska-posast-marihuana\/#breadcrumb"},"inLanguage":"en-US","potentialAction":[{"@type":"ReadAction","target":["https:\/\/medicinasinc.com\/sl\/product\/vesoljska-posast-marihuana\/"]}]},{"@type":"ImageObject","inLanguage":"en-US","@id":"https:\/\/medicinasinc.com\/sl\/product\/vesoljska-posast-marihuana\/#primaryimage","url":"https:\/\/medicinasinc.com\/sl\/wp-content\/uploads\/sites\/7\/2022\/02\/Space-Monster-Marijuana.jpg","contentUrl":"https:\/\/medicinasinc.com\/sl\/wp-content\/uploads\/sites\/7\/2022\/02\/Space-Monster-Marijuana.jpg","width":600,"height":600},{"@type":"BreadcrumbList","@id":"https:\/\/medicinasinc.com\/sl\/product\/vesoljska-posast-marihuana\/#breadcrumb","itemListElement":[{"@type":"ListItem","position":1,"name":"Nakupujte","item":"https:\/\/medicinasinc.com\/sl\/nakupujte\/"},{"@type":"ListItem","position":2,"name":"Vesoljska po\u0161ast Marihuana"}]},{"@type":"WebSite","@id":"https:\/\/medicinasinc.com\/sl\/#website","url":"https:\/\/medicinasinc.com\/sl\/","name":"Medicinas Inc","description":"Health Medical Clinic","potentialAction":[{"@type":"SearchAction","target":{"@type":"EntryPoint","urlTemplate":"https:\/\/medicinasinc.com\/sl\/?s={search_term_string}"},"query-input":{"@type":"PropertyValueSpecification","valueRequired":true,"valueName":"search_term_string"}}],"inLanguage":"en-US"}]}},"_links":{"self":[{"href":"https:\/\/medicinasinc.com\/sl\/wp-json\/wp\/v2\/product\/4997","targetHints":{"allow":["GET"]}}],"collection":[{"href":"https:\/\/medicinasinc.com\/sl\/wp-json\/wp\/v2\/product"}],"about":[{"href":"https:\/\/medicinasinc.com\/sl\/wp-json\/wp\/v2\/types\/product"}],"replies":[{"embeddable":true,"href":"https:\/\/medicinasinc.com\/sl\/wp-json\/wp\/v2\/comments?post=4997"}],"wp:featuredmedia":[{"embeddable":true,"href":"https:\/\/medicinasinc.com\/sl\/wp-json\/wp\/v2\/media\/5015"}],"wp:attachment":[{"href":"https:\/\/medicinasinc.com\/sl\/wp-json\/wp\/v2\/media?parent=4997"}],"wp:term":[{"taxonomy":"product_brand","embeddable":true,"href":"https:\/\/medicinasinc.com\/sl\/wp-json\/wp\/v2\/product_brand?post=4997"},{"taxonomy":"product_cat","embeddable":true,"href":"https:\/\/medicinasinc.com\/sl\/wp-json\/wp\/v2\/product_cat?post=4997"},{"taxonomy":"product_tag","embeddable":true,"href":"https:\/\/medicinasinc.com\/sl\/wp-json\/wp\/v2\/product_tag?post=4997"}],"curies":[{"name":"wp","href":"https:\/\/api.w.org\/{rel}","templated":true}]}}