{"id":4996,"date":"2022-02-20T18:53:00","date_gmt":"2022-02-20T18:53:00","guid":{"rendered":"https:\/\/medicinasinc.com\/sl\/?post_type=product&#038;p=4996"},"modified":"2022-03-19T00:46:05","modified_gmt":"2022-03-19T00:46:05","slug":"kupi-limona-skunk","status":"publish","type":"product","link":"https:\/\/medicinasinc.com\/sl\/product\/kupi-limona-skunk\/","title":{"rendered":"Kupite Lemon Skunk"},"content":{"rendered":"<p>Lemon Skunk je na voljo v spletni ambulanti za marihuano Chronic Post.<\/p>\n<p>ChronicPost Lemon Skunk je ve\u010dkrat nagrajeni hibrid Sativa z okusom limone in vsebnostjo THC-ja do 22%. Leta 2009 je bil vklju\u010den na High Timesovo lestvico najbolj\u0161ih desetih sevov.<\/p>\n<p>Vsebnost THC v Lemon Skunk se giblje v povpre\u010dju med 14 in 15 % in je bila testirana do 22 % THC. Znano je, da njegov visok stimulira mo\u017egansko funkcijo, kar ima za posledico ve\u010djo ustvarjalnost in uporabnika ovije v veselo in energi\u010dno bren\u010danje. \u0160tevilni recenzenti so svoj Lemon Skunk ozna\u010dili za introspektivnega, ki vzbuja misli in izbolj\u0161uje iznajdljivost. Po eni do dveh urah za\u010dnejo delovati indica komponente seva, zaradi \u010desar je uporabnik rahlo utrujen, saj mo\u017eganski u\u010dinki izginejo.<\/p>\n<p>Lemon Skunk je nekoliko visoka in produktivna rastlina, ki je natanko tak\u0161na, kot je bila. ime pove \u2013 mo\u010dno citrusno obarvana razli\u010dica Skunk z mo\u010dnim in pomirjujo\u010dim u\u010dinkom. Ima zna\u010dilne limetastozelene brsti in \u017eivo oran\u017ene pesti\u010de Skunk, kar ima za posledico zmrznjeno, gosto kolo v obliki sulice.<\/p>\n","protected":false},"excerpt":{"rendered":"<div class=\"woocommerce-product-details__short-description\">\n<p>Lemon Skunk vsebuje zmerno koli\u010dino THC-ja in zelo malo CBD-ja. Odkrijte ve\u010d o DNA Genetics Lemon Skunk in opravite nakup pri Tokyo Smoke \u0161e danes.<\/p>\n<p>Lemon Skunk Weed za prodajo na spletu. Lemon Kush je me\u0161anica med Master Kush in Lemon Joy in daje nizek do zmeren pridelek. Priporo\u010deno za bolnike s HIV\/aidsom, glavkomom, Parkinsonovo boleznijo, anksioznostjo in kroni\u010dno bole\u010dino<\/p>\n<p><strong>Velikost popka:\u00a0<\/strong>Majhna<br \/> <strong>Tekstura:\u00a0Suha<br \/> <strong>Okusi:\u00a0<\/strong>Limona\/citrusi\/sve\u017ee<br \/> <strong>Pogosta uporaba:<\/strong>\u00a0Bole\u010dina\/Apetit\/Depresija<br \/> <strong><a href=\"https:\/\/www.bestglobalmeds.com\/product\/marijuana\/lemon-skunk\/\">THC<\/a>:<\/strong>\u00a022\u00a0%\u00a0 \u00a0<strong><a href=\"https:\/\/www.bestglobalmeds. com\/product\/marijuana\/lemon-skunk\/\">CBD<\/a>: &lt;<\/strong>1 %<\/p>\n<\/p><\/div>\n","protected":false},"featured_media":5013,"comment_status":"open","ping_status":"closed","template":"","meta":[],"product_brand":[],"product_cat":[778],"product_tag":[938,933,934,935,937,932,939,936],"class_list":{"0":"post-4996","1":"product","2":"type-product","3":"status-publish","4":"has-post-thumbnail","6":"product_cat-plevel-za-prodajo","7":"product_tag-limona-skunk-cena","8":"product_tag-lemon-skunk-auto","9":"product_tag-lemon-skunk-cartridge","10":"product_tag-lemon-skunk-cbd","11":"product_tag-limona-skunk-indica-ali-sativa","12":"product_tag-najbolja-limona-skunk-semena","13":"product_tag-okus-po-limoni","14":"product_tag-limona-skunk-rastlinjak-semena-pregled","16":"first","17":"instock","18":"shipping-taxable","19":"purchasable","20":"product-type-variable","21":"has-default-attributes"},"yoast_head":"<!-- This site is optimized with the Yoast SEO plugin v27.3 - https:\/\/yoast.com\/product\/yoast-seo-wordpress\/ -->\n<title>Kupite Lemon Skunk - najbolj\u0161a najbolj\u0161a zdravila na svetu<\/title>\n<meta name=\"description\" content=\"Kupite Lemon Skunk Weed na spletu. Lemon Kush je kri\u017eanec med Master Kush in Lemon Joy, ima nizek do srednji pridelek. Priporo\u010dljivo za bolnike s HIV\/AIDS-om, glavkomom, Parkinsonovo boleznijo, anksioznostjo, kroni\u010dno bole\u010dino\u2026\" \/>\n<meta name=\"robots\" content=\"index, follow, max-snippet:-1, max-image-preview:large, max-video-preview:-1\" \/>\n<link rel=\"canonical\" href=\"https:\/\/medicinasinc.com\/sl\/product\/kupi-limona-skunk\/\" \/>\n<meta property=\"og:locale\" content=\"en_US\" \/>\n<meta property=\"og:type\" content=\"article\" \/>\n<meta property=\"og:title\" content=\"Kupite Lemon Skunk - najbolj\u0161a najbolj\u0161a zdravila na svetu\" \/>\n<meta property=\"og:description\" content=\"Kupite Lemon Skunk Weed na spletu. Lemon Kush je kri\u017eanec med Master Kush in Lemon Joy, ima nizek do srednji pridelek. Priporo\u010dljivo za bolnike s HIV\/AIDS-om, glavkomom, Parkinsonovo boleznijo, anksioznostjo, kroni\u010dno bole\u010dino\u2026\" \/>\n<meta property=\"og:url\" content=\"https:\/\/medicinasinc.com\/sl\/product\/kupi-limona-skunk\/\" \/>\n<meta property=\"og:site_name\" content=\"Medicinas Inc\" \/>\n<meta property=\"article:modified_time\" content=\"2022-03-19T00:46:05+00:00\" \/>\n<meta property=\"og:image\" content=\"https:\/\/medicinasinc.com\/sl\/wp-content\/uploads\/sites\/7\/2022\/02\/Buy-Lemon-Skunk.jpg\" \/>\n\t<meta property=\"og:image:width\" content=\"2403\" \/>\n\t<meta property=\"og:image:height\" content=\"2403\" \/>\n\t<meta property=\"og:image:type\" content=\"image\/jpeg\" \/>\n<meta name=\"twitter:card\" content=\"summary_large_image\" \/>\n<meta name=\"twitter:label1\" content=\"Est. reading time\" \/>\n\t<meta name=\"twitter:data1\" content=\"1 minute\" \/>\n<script type=\"application\/ld+json\" class=\"yoast-schema-graph\">{\"@context\":\"https:\\\/\\\/schema.org\",\"@graph\":[{\"@type\":\"WebPage\",\"@id\":\"https:\\\/\\\/medicinasinc.com\\\/sl\\\/product\\\/kupi-limona-skunk\\\/\",\"url\":\"https:\\\/\\\/medicinasinc.com\\\/sl\\\/product\\\/kupi-limona-skunk\\\/\",\"name\":\"Kupite Lemon Skunk - najbolj\u0161a najbolj\u0161a zdravila na svetu\",\"isPartOf\":{\"@id\":\"https:\\\/\\\/medicinasinc.com\\\/sl\\\/#website\"},\"primaryImageOfPage\":{\"@id\":\"https:\\\/\\\/medicinasinc.com\\\/sl\\\/product\\\/kupi-limona-skunk\\\/#primaryimage\"},\"image\":{\"@id\":\"https:\\\/\\\/medicinasinc.com\\\/sl\\\/product\\\/kupi-limona-skunk\\\/#primaryimage\"},\"thumbnailUrl\":\"https:\\\/\\\/medicinasinc.com\\\/sl\\\/wp-content\\\/uploads\\\/sites\\\/7\\\/2022\\\/02\\\/Buy-Lemon-Skunk.jpg\",\"datePublished\":\"2022-02-20T18:53:00+00:00\",\"dateModified\":\"2022-03-19T00:46:05+00:00\",\"description\":\"Kupite Lemon Skunk Weed na spletu. Lemon Kush je kri\u017eanec med Master Kush in Lemon Joy, ima nizek do srednji pridelek. Priporo\u010dljivo za bolnike s HIV\\\/AIDS-om, glavkomom, Parkinsonovo boleznijo, anksioznostjo, kroni\u010dno bole\u010dino\u2026\",\"breadcrumb\":{\"@id\":\"https:\\\/\\\/medicinasinc.com\\\/sl\\\/product\\\/kupi-limona-skunk\\\/#breadcrumb\"},\"inLanguage\":\"en-US\",\"potentialAction\":[{\"@type\":\"ReadAction\",\"target\":[\"https:\\\/\\\/medicinasinc.com\\\/sl\\\/product\\\/kupi-limona-skunk\\\/\"]}]},{\"@type\":\"ImageObject\",\"inLanguage\":\"en-US\",\"@id\":\"https:\\\/\\\/medicinasinc.com\\\/sl\\\/product\\\/kupi-limona-skunk\\\/#primaryimage\",\"url\":\"https:\\\/\\\/medicinasinc.com\\\/sl\\\/wp-content\\\/uploads\\\/sites\\\/7\\\/2022\\\/02\\\/Buy-Lemon-Skunk.jpg\",\"contentUrl\":\"https:\\\/\\\/medicinasinc.com\\\/sl\\\/wp-content\\\/uploads\\\/sites\\\/7\\\/2022\\\/02\\\/Buy-Lemon-Skunk.jpg\",\"width\":2403,\"height\":2403},{\"@type\":\"BreadcrumbList\",\"@id\":\"https:\\\/\\\/medicinasinc.com\\\/sl\\\/product\\\/kupi-limona-skunk\\\/#breadcrumb\",\"itemListElement\":[{\"@type\":\"ListItem\",\"position\":1,\"name\":\"Nakupujte\",\"item\":\"https:\\\/\\\/medicinasinc.com\\\/sl\\\/nakupujte\\\/\"},{\"@type\":\"ListItem\",\"position\":2,\"name\":\"Kupite Lemon Skunk\"}]},{\"@type\":\"WebSite\",\"@id\":\"https:\\\/\\\/medicinasinc.com\\\/sl\\\/#website\",\"url\":\"https:\\\/\\\/medicinasinc.com\\\/sl\\\/\",\"name\":\"Medicinas Inc\",\"description\":\"Health Medical Clinic\",\"potentialAction\":[{\"@type\":\"SearchAction\",\"target\":{\"@type\":\"EntryPoint\",\"urlTemplate\":\"https:\\\/\\\/medicinasinc.com\\\/sl\\\/?s={search_term_string}\"},\"query-input\":{\"@type\":\"PropertyValueSpecification\",\"valueRequired\":true,\"valueName\":\"search_term_string\"}}],\"inLanguage\":\"en-US\"}]}<\/script>\n<!-- \/ Yoast SEO plugin. -->","yoast_head_json":{"title":"Kupite Lemon Skunk - najbolj\u0161a najbolj\u0161a zdravila na svetu","description":"Kupite Lemon Skunk Weed na spletu. Lemon Kush je kri\u017eanec med Master Kush in Lemon Joy, ima nizek do srednji pridelek. Priporo\u010dljivo za bolnike s HIV\/AIDS-om, glavkomom, Parkinsonovo boleznijo, anksioznostjo, kroni\u010dno bole\u010dino\u2026","robots":{"index":"index","follow":"follow","max-snippet":"max-snippet:-1","max-image-preview":"max-image-preview:large","max-video-preview":"max-video-preview:-1"},"canonical":"https:\/\/medicinasinc.com\/sl\/product\/kupi-limona-skunk\/","og_locale":"en_US","og_type":"article","og_title":"Kupite Lemon Skunk - najbolj\u0161a najbolj\u0161a zdravila na svetu","og_description":"Kupite Lemon Skunk Weed na spletu. Lemon Kush je kri\u017eanec med Master Kush in Lemon Joy, ima nizek do srednji pridelek. Priporo\u010dljivo za bolnike s HIV\/AIDS-om, glavkomom, Parkinsonovo boleznijo, anksioznostjo, kroni\u010dno bole\u010dino\u2026","og_url":"https:\/\/medicinasinc.com\/sl\/product\/kupi-limona-skunk\/","og_site_name":"Medicinas Inc","article_modified_time":"2022-03-19T00:46:05+00:00","og_image":[{"width":2403,"height":2403,"url":"https:\/\/medicinasinc.com\/sl\/wp-content\/uploads\/sites\/7\/2022\/02\/Buy-Lemon-Skunk.jpg","type":"image\/jpeg"}],"twitter_card":"summary_large_image","twitter_misc":{"Est. reading time":"1 minute"},"schema":{"@context":"https:\/\/schema.org","@graph":[{"@type":"WebPage","@id":"https:\/\/medicinasinc.com\/sl\/product\/kupi-limona-skunk\/","url":"https:\/\/medicinasinc.com\/sl\/product\/kupi-limona-skunk\/","name":"Kupite Lemon Skunk - najbolj\u0161a najbolj\u0161a zdravila na svetu","isPartOf":{"@id":"https:\/\/medicinasinc.com\/sl\/#website"},"primaryImageOfPage":{"@id":"https:\/\/medicinasinc.com\/sl\/product\/kupi-limona-skunk\/#primaryimage"},"image":{"@id":"https:\/\/medicinasinc.com\/sl\/product\/kupi-limona-skunk\/#primaryimage"},"thumbnailUrl":"https:\/\/medicinasinc.com\/sl\/wp-content\/uploads\/sites\/7\/2022\/02\/Buy-Lemon-Skunk.jpg","datePublished":"2022-02-20T18:53:00+00:00","dateModified":"2022-03-19T00:46:05+00:00","description":"Kupite Lemon Skunk Weed na spletu. Lemon Kush je kri\u017eanec med Master Kush in Lemon Joy, ima nizek do srednji pridelek. Priporo\u010dljivo za bolnike s HIV\/AIDS-om, glavkomom, Parkinsonovo boleznijo, anksioznostjo, kroni\u010dno bole\u010dino\u2026","breadcrumb":{"@id":"https:\/\/medicinasinc.com\/sl\/product\/kupi-limona-skunk\/#breadcrumb"},"inLanguage":"en-US","potentialAction":[{"@type":"ReadAction","target":["https:\/\/medicinasinc.com\/sl\/product\/kupi-limona-skunk\/"]}]},{"@type":"ImageObject","inLanguage":"en-US","@id":"https:\/\/medicinasinc.com\/sl\/product\/kupi-limona-skunk\/#primaryimage","url":"https:\/\/medicinasinc.com\/sl\/wp-content\/uploads\/sites\/7\/2022\/02\/Buy-Lemon-Skunk.jpg","contentUrl":"https:\/\/medicinasinc.com\/sl\/wp-content\/uploads\/sites\/7\/2022\/02\/Buy-Lemon-Skunk.jpg","width":2403,"height":2403},{"@type":"BreadcrumbList","@id":"https:\/\/medicinasinc.com\/sl\/product\/kupi-limona-skunk\/#breadcrumb","itemListElement":[{"@type":"ListItem","position":1,"name":"Nakupujte","item":"https:\/\/medicinasinc.com\/sl\/nakupujte\/"},{"@type":"ListItem","position":2,"name":"Kupite Lemon Skunk"}]},{"@type":"WebSite","@id":"https:\/\/medicinasinc.com\/sl\/#website","url":"https:\/\/medicinasinc.com\/sl\/","name":"Medicinas Inc","description":"Health Medical Clinic","potentialAction":[{"@type":"SearchAction","target":{"@type":"EntryPoint","urlTemplate":"https:\/\/medicinasinc.com\/sl\/?s={search_term_string}"},"query-input":{"@type":"PropertyValueSpecification","valueRequired":true,"valueName":"search_term_string"}}],"inLanguage":"en-US"}]}},"_links":{"self":[{"href":"https:\/\/medicinasinc.com\/sl\/wp-json\/wp\/v2\/product\/4996","targetHints":{"allow":["GET"]}}],"collection":[{"href":"https:\/\/medicinasinc.com\/sl\/wp-json\/wp\/v2\/product"}],"about":[{"href":"https:\/\/medicinasinc.com\/sl\/wp-json\/wp\/v2\/types\/product"}],"replies":[{"embeddable":true,"href":"https:\/\/medicinasinc.com\/sl\/wp-json\/wp\/v2\/comments?post=4996"}],"wp:featuredmedia":[{"embeddable":true,"href":"https:\/\/medicinasinc.com\/sl\/wp-json\/wp\/v2\/media\/5013"}],"wp:attachment":[{"href":"https:\/\/medicinasinc.com\/sl\/wp-json\/wp\/v2\/media?parent=4996"}],"wp:term":[{"taxonomy":"product_brand","embeddable":true,"href":"https:\/\/medicinasinc.com\/sl\/wp-json\/wp\/v2\/product_brand?post=4996"},{"taxonomy":"product_cat","embeddable":true,"href":"https:\/\/medicinasinc.com\/sl\/wp-json\/wp\/v2\/product_cat?post=4996"},{"taxonomy":"product_tag","embeddable":true,"href":"https:\/\/medicinasinc.com\/sl\/wp-json\/wp\/v2\/product_tag?post=4996"}],"curies":[{"name":"wp","href":"https:\/\/api.w.org\/{rel}","templated":true}]}}