{"id":4995,"date":"2022-02-20T18:51:43","date_gmt":"2022-02-20T18:51:43","guid":{"rendered":"https:\/\/medicinasinc.com\/sl\/?post_type=product&#038;p=4995"},"modified":"2022-03-19T00:46:13","modified_gmt":"2022-03-19T00:46:13","slug":"kupi-limono-in-marihuano","status":"publish","type":"product","link":"https:\/\/medicinasinc.com\/sl\/product\/kupi-limono-in-marihuano\/","title":{"rendered":"Kupite marihuano Lemon OG"},"content":{"rendered":"<p>Lemon OG Marihuana Sev za prodajo v spletu.<\/p>\n<p>Lemon OG Marihuana Sev za prodajo v spletu.<\/p>\n<p>Ustvarjalni, energijski, osredoto\u010dajo\u010di, veseli in spro\u0161\u010dujo\u010di u\u010dinki<br \/> Morda laj\u0161a Kroni\u010dna bole\u010dina, nespe\u010dnost, izguba apetita in okusi stresa<br \/> Citrusi, pikantne<br \/> Arome<br \/> Citrusom podobne, zemeljske, limoni podobne, ostre in trpke<\/p>\n","protected":false},"excerpt":{"rendered":"<p>Kupite marihuano Lemon OG (AA) v Evropi, Zdru\u017eenem kraljestvu in Kanadi v najve\u010dji spletni ambulanti na svetu, Buy My Weed Online.<\/p>\n<p>Sev marihuane Lemon OG za prodajo na spletu. <\/p>\n<p>Na spletu kupite sev limone in marihuane. Hibrid &#8211; 50 % Sativa\/50 % Indica Vsebnost THC indica: 22 %, indica vsebnost CBN: 1 %<\/p>\n","protected":false},"featured_media":5007,"comment_status":"open","ping_status":"closed","template":"","meta":[],"product_brand":[],"product_cat":[778],"product_tag":[924,925,926,929,930,928,927,931],"class_list":{"0":"post-4995","1":"product","2":"type-product","3":"status-publish","4":"has-post-thumbnail","6":"product_cat-plevel-za-prodajo","7":"product_tag-bruce-limona-dizel","8":"product_tag-female-seeds-lemon-kush","9":"product_tag-ku-sejalec","10":"product_tag-lemon-og-strain-allbud","11":"product_tag-lemon-zkittle-dutch-passion","12":"product_tag-limone-in-listov","13":"product_tag-limon-kush-na-prodaj","14":"product_tag-udarec-in","16":"first","17":"instock","18":"shipping-taxable","19":"purchasable","20":"product-type-variable"},"yoast_head":"<!-- This site is optimized with the Yoast SEO plugin v27.3 - https:\/\/yoast.com\/product\/yoast-seo-wordpress\/ -->\n<title>Kupite sev marihuane Lemon OG na spletu \u2013 najbolj\u0161a zdravila na svetu<\/title>\n<meta name=\"description\" content=\"Kupite marihuano Lemon OG\u00a0(AA) za prodajo v Evropi, Zdru\u017eenem kraljestvu, Kanadi v najve\u010dji spletni ambulanti, Buy My Weed Online.\" \/>\n<meta name=\"robots\" content=\"index, follow, max-snippet:-1, max-image-preview:large, max-video-preview:-1\" \/>\n<link rel=\"canonical\" href=\"https:\/\/medicinasinc.com\/sl\/product\/kupi-limono-in-marihuano\/\" \/>\n<meta property=\"og:locale\" content=\"en_US\" \/>\n<meta property=\"og:type\" content=\"article\" \/>\n<meta property=\"og:title\" content=\"Kupite sev marihuane Lemon OG na spletu \u2013 najbolj\u0161a zdravila na svetu\" \/>\n<meta property=\"og:description\" content=\"Kupite marihuano Lemon OG\u00a0(AA) za prodajo v Evropi, Zdru\u017eenem kraljestvu, Kanadi v najve\u010dji spletni ambulanti, Buy My Weed Online.\" \/>\n<meta property=\"og:url\" content=\"https:\/\/medicinasinc.com\/sl\/product\/kupi-limono-in-marihuano\/\" \/>\n<meta property=\"og:site_name\" content=\"Medicinas Inc\" \/>\n<meta property=\"article:modified_time\" content=\"2022-03-19T00:46:13+00:00\" \/>\n<meta property=\"og:image\" content=\"https:\/\/medicinasinc.com\/sl\/wp-content\/uploads\/sites\/7\/2022\/02\/Buy-Lemon-OG.jpg\" \/>\n\t<meta property=\"og:image:width\" content=\"2000\" \/>\n\t<meta property=\"og:image:height\" content=\"2000\" \/>\n\t<meta property=\"og:image:type\" content=\"image\/jpeg\" \/>\n<meta name=\"twitter:card\" content=\"summary_large_image\" \/>\n<meta name=\"twitter:label1\" content=\"Est. reading time\" \/>\n\t<meta name=\"twitter:data1\" content=\"1 minute\" \/>\n<script type=\"application\/ld+json\" class=\"yoast-schema-graph\">{\"@context\":\"https:\\\/\\\/schema.org\",\"@graph\":[{\"@type\":\"WebPage\",\"@id\":\"https:\\\/\\\/medicinasinc.com\\\/sl\\\/product\\\/kupi-limono-in-marihuano\\\/\",\"url\":\"https:\\\/\\\/medicinasinc.com\\\/sl\\\/product\\\/kupi-limono-in-marihuano\\\/\",\"name\":\"Kupite sev marihuane Lemon OG na spletu \u2013 najbolj\u0161a zdravila na svetu\",\"isPartOf\":{\"@id\":\"https:\\\/\\\/medicinasinc.com\\\/sl\\\/#website\"},\"primaryImageOfPage\":{\"@id\":\"https:\\\/\\\/medicinasinc.com\\\/sl\\\/product\\\/kupi-limono-in-marihuano\\\/#primaryimage\"},\"image\":{\"@id\":\"https:\\\/\\\/medicinasinc.com\\\/sl\\\/product\\\/kupi-limono-in-marihuano\\\/#primaryimage\"},\"thumbnailUrl\":\"https:\\\/\\\/medicinasinc.com\\\/sl\\\/wp-content\\\/uploads\\\/sites\\\/7\\\/2022\\\/02\\\/Buy-Lemon-OG.jpg\",\"datePublished\":\"2022-02-20T18:51:43+00:00\",\"dateModified\":\"2022-03-19T00:46:13+00:00\",\"description\":\"Kupite marihuano Lemon OG\u00a0(AA) za prodajo v Evropi, Zdru\u017eenem kraljestvu, Kanadi v najve\u010dji spletni ambulanti, Buy My Weed Online.\",\"breadcrumb\":{\"@id\":\"https:\\\/\\\/medicinasinc.com\\\/sl\\\/product\\\/kupi-limono-in-marihuano\\\/#breadcrumb\"},\"inLanguage\":\"en-US\",\"potentialAction\":[{\"@type\":\"ReadAction\",\"target\":[\"https:\\\/\\\/medicinasinc.com\\\/sl\\\/product\\\/kupi-limono-in-marihuano\\\/\"]}]},{\"@type\":\"ImageObject\",\"inLanguage\":\"en-US\",\"@id\":\"https:\\\/\\\/medicinasinc.com\\\/sl\\\/product\\\/kupi-limono-in-marihuano\\\/#primaryimage\",\"url\":\"https:\\\/\\\/medicinasinc.com\\\/sl\\\/wp-content\\\/uploads\\\/sites\\\/7\\\/2022\\\/02\\\/Buy-Lemon-OG.jpg\",\"contentUrl\":\"https:\\\/\\\/medicinasinc.com\\\/sl\\\/wp-content\\\/uploads\\\/sites\\\/7\\\/2022\\\/02\\\/Buy-Lemon-OG.jpg\",\"width\":2000,\"height\":2000},{\"@type\":\"BreadcrumbList\",\"@id\":\"https:\\\/\\\/medicinasinc.com\\\/sl\\\/product\\\/kupi-limono-in-marihuano\\\/#breadcrumb\",\"itemListElement\":[{\"@type\":\"ListItem\",\"position\":1,\"name\":\"Nakupujte\",\"item\":\"https:\\\/\\\/medicinasinc.com\\\/sl\\\/nakupujte\\\/\"},{\"@type\":\"ListItem\",\"position\":2,\"name\":\"Kupite marihuano Lemon OG\"}]},{\"@type\":\"WebSite\",\"@id\":\"https:\\\/\\\/medicinasinc.com\\\/sl\\\/#website\",\"url\":\"https:\\\/\\\/medicinasinc.com\\\/sl\\\/\",\"name\":\"Medicinas Inc\",\"description\":\"Health Medical Clinic\",\"potentialAction\":[{\"@type\":\"SearchAction\",\"target\":{\"@type\":\"EntryPoint\",\"urlTemplate\":\"https:\\\/\\\/medicinasinc.com\\\/sl\\\/?s={search_term_string}\"},\"query-input\":{\"@type\":\"PropertyValueSpecification\",\"valueRequired\":true,\"valueName\":\"search_term_string\"}}],\"inLanguage\":\"en-US\"}]}<\/script>\n<!-- \/ Yoast SEO plugin. -->","yoast_head_json":{"title":"Kupite sev marihuane Lemon OG na spletu \u2013 najbolj\u0161a zdravila na svetu","description":"Kupite marihuano Lemon OG\u00a0(AA) za prodajo v Evropi, Zdru\u017eenem kraljestvu, Kanadi v najve\u010dji spletni ambulanti, Buy My Weed Online.","robots":{"index":"index","follow":"follow","max-snippet":"max-snippet:-1","max-image-preview":"max-image-preview:large","max-video-preview":"max-video-preview:-1"},"canonical":"https:\/\/medicinasinc.com\/sl\/product\/kupi-limono-in-marihuano\/","og_locale":"en_US","og_type":"article","og_title":"Kupite sev marihuane Lemon OG na spletu \u2013 najbolj\u0161a zdravila na svetu","og_description":"Kupite marihuano Lemon OG\u00a0(AA) za prodajo v Evropi, Zdru\u017eenem kraljestvu, Kanadi v najve\u010dji spletni ambulanti, Buy My Weed Online.","og_url":"https:\/\/medicinasinc.com\/sl\/product\/kupi-limono-in-marihuano\/","og_site_name":"Medicinas Inc","article_modified_time":"2022-03-19T00:46:13+00:00","og_image":[{"width":2000,"height":2000,"url":"https:\/\/medicinasinc.com\/sl\/wp-content\/uploads\/sites\/7\/2022\/02\/Buy-Lemon-OG.jpg","type":"image\/jpeg"}],"twitter_card":"summary_large_image","twitter_misc":{"Est. reading time":"1 minute"},"schema":{"@context":"https:\/\/schema.org","@graph":[{"@type":"WebPage","@id":"https:\/\/medicinasinc.com\/sl\/product\/kupi-limono-in-marihuano\/","url":"https:\/\/medicinasinc.com\/sl\/product\/kupi-limono-in-marihuano\/","name":"Kupite sev marihuane Lemon OG na spletu \u2013 najbolj\u0161a zdravila na svetu","isPartOf":{"@id":"https:\/\/medicinasinc.com\/sl\/#website"},"primaryImageOfPage":{"@id":"https:\/\/medicinasinc.com\/sl\/product\/kupi-limono-in-marihuano\/#primaryimage"},"image":{"@id":"https:\/\/medicinasinc.com\/sl\/product\/kupi-limono-in-marihuano\/#primaryimage"},"thumbnailUrl":"https:\/\/medicinasinc.com\/sl\/wp-content\/uploads\/sites\/7\/2022\/02\/Buy-Lemon-OG.jpg","datePublished":"2022-02-20T18:51:43+00:00","dateModified":"2022-03-19T00:46:13+00:00","description":"Kupite marihuano Lemon OG\u00a0(AA) za prodajo v Evropi, Zdru\u017eenem kraljestvu, Kanadi v najve\u010dji spletni ambulanti, Buy My Weed Online.","breadcrumb":{"@id":"https:\/\/medicinasinc.com\/sl\/product\/kupi-limono-in-marihuano\/#breadcrumb"},"inLanguage":"en-US","potentialAction":[{"@type":"ReadAction","target":["https:\/\/medicinasinc.com\/sl\/product\/kupi-limono-in-marihuano\/"]}]},{"@type":"ImageObject","inLanguage":"en-US","@id":"https:\/\/medicinasinc.com\/sl\/product\/kupi-limono-in-marihuano\/#primaryimage","url":"https:\/\/medicinasinc.com\/sl\/wp-content\/uploads\/sites\/7\/2022\/02\/Buy-Lemon-OG.jpg","contentUrl":"https:\/\/medicinasinc.com\/sl\/wp-content\/uploads\/sites\/7\/2022\/02\/Buy-Lemon-OG.jpg","width":2000,"height":2000},{"@type":"BreadcrumbList","@id":"https:\/\/medicinasinc.com\/sl\/product\/kupi-limono-in-marihuano\/#breadcrumb","itemListElement":[{"@type":"ListItem","position":1,"name":"Nakupujte","item":"https:\/\/medicinasinc.com\/sl\/nakupujte\/"},{"@type":"ListItem","position":2,"name":"Kupite marihuano Lemon OG"}]},{"@type":"WebSite","@id":"https:\/\/medicinasinc.com\/sl\/#website","url":"https:\/\/medicinasinc.com\/sl\/","name":"Medicinas Inc","description":"Health Medical Clinic","potentialAction":[{"@type":"SearchAction","target":{"@type":"EntryPoint","urlTemplate":"https:\/\/medicinasinc.com\/sl\/?s={search_term_string}"},"query-input":{"@type":"PropertyValueSpecification","valueRequired":true,"valueName":"search_term_string"}}],"inLanguage":"en-US"}]}},"_links":{"self":[{"href":"https:\/\/medicinasinc.com\/sl\/wp-json\/wp\/v2\/product\/4995","targetHints":{"allow":["GET"]}}],"collection":[{"href":"https:\/\/medicinasinc.com\/sl\/wp-json\/wp\/v2\/product"}],"about":[{"href":"https:\/\/medicinasinc.com\/sl\/wp-json\/wp\/v2\/types\/product"}],"replies":[{"embeddable":true,"href":"https:\/\/medicinasinc.com\/sl\/wp-json\/wp\/v2\/comments?post=4995"}],"wp:featuredmedia":[{"embeddable":true,"href":"https:\/\/medicinasinc.com\/sl\/wp-json\/wp\/v2\/media\/5007"}],"wp:attachment":[{"href":"https:\/\/medicinasinc.com\/sl\/wp-json\/wp\/v2\/media?parent=4995"}],"wp:term":[{"taxonomy":"product_brand","embeddable":true,"href":"https:\/\/medicinasinc.com\/sl\/wp-json\/wp\/v2\/product_brand?post=4995"},{"taxonomy":"product_cat","embeddable":true,"href":"https:\/\/medicinasinc.com\/sl\/wp-json\/wp\/v2\/product_cat?post=4995"},{"taxonomy":"product_tag","embeddable":true,"href":"https:\/\/medicinasinc.com\/sl\/wp-json\/wp\/v2\/product_tag?post=4995"}],"curies":[{"name":"wp","href":"https:\/\/api.w.org\/{rel}","templated":true}]}}