{"id":4970,"date":"2022-02-20T18:30:09","date_gmt":"2022-02-20T18:30:09","guid":{"rendered":"https:\/\/medicinasinc.com\/sl\/?post_type=product&#038;p=4970"},"modified":"2022-03-19T00:46:35","modified_gmt":"2022-03-19T00:46:35","slug":"kupi-jezus-in-plevel","status":"publish","type":"product","link":"https:\/\/medicinasinc.com\/sl\/product\/kupi-jezus-in-plevel\/","title":{"rendered":"Kupite Jesus OG Weed"},"content":{"rendered":"<p>Jesus OG Marihuana Sev je mogo\u010de kupiti na spletu. Jesus OG je hibrid s prevladujo\u010do Sativo &#8211; 80 odstotkov sativa. Sativa \/ 20% Indica THC: 21% &#8211; 25%<\/p>\n<p>Energizirajo\u010di, evfori\u010dni, osredoto\u010dajo\u010di, veseli in po\u017eivljajo\u010di u\u010dinki lahko laj\u0161ajo ADD\/ADHD, bipolarno motnjo, kroni\u010dno bole\u010dino, depresijo, utrujenost, glavobole, migrene, Okusi slabosti, PTSD in stresa<br \/> Limona, borove iglice, sladke in ostre<br \/> Arome<br \/> Limona, peko\u010da in sladka<\/p>\n","protected":false},"excerpt":{"rendered":"<p>Kupite Jesus OG Marihuana Strain na spletu. Sev Jesus og marihuana je hibrid s prevladujo\u010do Sativo &#8211; 80 % sativa \/ 20 % indica THC: 21 % \u2013 25 %<\/p>\n","protected":false},"featured_media":4983,"comment_status":"open","ping_status":"closed","template":"","meta":[],"product_brand":[],"product_cat":[778],"product_tag":[911,912,908,909,910,913,885,614,887,890,891,893,894,455,896,897,898,902,903,904,905,906,907,914,915,918,916,917,901,889,895,459,892,899,900,470,473,626,919,886,477,920,921,888,922,923],"class_list":{"0":"post-4970","1":"product","2":"type-product","3":"status-publish","4":"has-post-thumbnail","6":"product_cat-plevel-za-prodajo","7":"product_tag-ambulanta-blizu-me-odprta-pozno","8":"product_tag-ambulanta-rekreacijska-v-bliini","9":"product_tag-ambulante-blizu-me-odprte-zdaj","10":"product_tag-ambulante-ki-ne-zahtevajo-medicinske-kartice-blizu-mene","11":"product_tag-ambulante-ki-poiljajo-iz-drave","12":"product_tag-dispanzer-plevel-sevi","13":"product_tag-best-marijuana-strains","14":"product_tag-best-online-dispensary","15":"product_tag-bipolarna-motnja","16":"product_tag-buy-ahoe-hydro-og-indica","17":"product_tag-buy-gelato-marijuana-online","18":"product_tag-buy-jesus-og-marijuana-strain-online","19":"product_tag-buy-khalifa-kush-marijuana","20":"product_tag-buy-marijuana-online","21":"product_tag-buy-medical-cannabis-oil-online","22":"product_tag-buy-my-weed-online-review","23":"product_tag-buy-presidential-kush-strain","24":"product_tag-buy-weed-online-buy-marijuana-online","25":"product_tag-buy-weed-onlne-uk","26":"product_tag-charlottes-web-connabis-sev","27":"product_tag-chronic-pain","28":"product_tag-dawg-cookies-indica-sev","29":"product_tag-depresija","30":"product_tag-edibles-online-no-medical-card","31":"product_tag-fatigue","32":"product_tag-jesus-og-strain","33":"product_tag-jezus-og-feminizirana-semena","34":"product_tag-jezus-in-semena","35":"product_tag-kupi-skunk-online-uk","36":"product_tag-kupi-ace-morilca-in-marihuano","37":"product_tag-kupi-marihuano-spletno-brez-medicinske-kartice","38":"product_tag-kupi-marihuano-na-spletu-zda","39":"product_tag-kupi-nezakonito-travo-spletno","40":"product_tag-kupi-pravi-plevel-online","41":"product_tag-kupi-rekreativno-plevel-online","42":"product_tag-kupi-plevel-online","43":"product_tag-kupi-plevel-online-europe","44":"product_tag-kupi-legal-plevel-online","45":"product_tag-limona-in-avtocvet","46":"product_tag-najbolja-spletna-ambulanta-v-kanadi","47":"product_tag-spletno-nakupovanje-trave","48":"product_tag-pacific-seed-bank-autoflower","49":"product_tag-platinum-og-kush-seed","50":"product_tag-blue-dream-marihuana-sev","51":"product_tag-tga-subcool-jesus-og","52":"product_tag-yoda-og-breeder","54":"first","55":"instock","56":"shipping-taxable","57":"purchasable","58":"product-type-variable","59":"has-default-attributes"},"yoast_head":"<!-- This site is optimized with the Yoast SEO plugin v27.3 - https:\/\/yoast.com\/product\/yoast-seo-wordpress\/ -->\n<title>Kupite Jesus OG Weed Marihuana Sev - Best Global Meds<\/title>\n<meta name=\"description\" content=\"Kupite Jesus OG Marihuana Strain za prodajo na spletu. Sev Jezusa in marihuane je prevladujo\u010di hibrid Sativa \u2013 80 % Sativa \/ 20 % Indica THC: 21 % \u2013 25 %\" \/>\n<meta name=\"robots\" content=\"index, follow, max-snippet:-1, max-image-preview:large, max-video-preview:-1\" \/>\n<link rel=\"canonical\" href=\"https:\/\/medicinasinc.com\/sl\/product\/kupi-jezus-in-plevel\/\" \/>\n<meta property=\"og:locale\" content=\"en_US\" \/>\n<meta property=\"og:type\" content=\"article\" \/>\n<meta property=\"og:title\" content=\"Kupite Jesus OG Weed Marihuana Sev - Best Global Meds\" \/>\n<meta property=\"og:description\" content=\"Kupite Jesus OG Marihuana Strain za prodajo na spletu. Sev Jezusa in marihuane je prevladujo\u010di hibrid Sativa \u2013 80 % Sativa \/ 20 % Indica THC: 21 % \u2013 25 %\" \/>\n<meta property=\"og:url\" content=\"https:\/\/medicinasinc.com\/sl\/product\/kupi-jezus-in-plevel\/\" \/>\n<meta property=\"og:site_name\" content=\"Medicinas Inc\" \/>\n<meta property=\"article:modified_time\" content=\"2022-03-19T00:46:35+00:00\" \/>\n<meta property=\"og:image\" content=\"https:\/\/medicinasinc.com\/sl\/wp-content\/uploads\/sites\/7\/2022\/02\/buy-Jesus-OG.png\" \/>\n\t<meta property=\"og:image:width\" content=\"600\" \/>\n\t<meta property=\"og:image:height\" content=\"600\" \/>\n\t<meta property=\"og:image:type\" content=\"image\/png\" \/>\n<meta name=\"twitter:card\" content=\"summary_large_image\" \/>\n<meta name=\"twitter:label1\" content=\"Est. reading time\" \/>\n\t<meta name=\"twitter:data1\" content=\"1 minute\" \/>\n<script type=\"application\/ld+json\" class=\"yoast-schema-graph\">{\"@context\":\"https:\\\/\\\/schema.org\",\"@graph\":[{\"@type\":\"WebPage\",\"@id\":\"https:\\\/\\\/medicinasinc.com\\\/sl\\\/product\\\/kupi-jezus-in-plevel\\\/\",\"url\":\"https:\\\/\\\/medicinasinc.com\\\/sl\\\/product\\\/kupi-jezus-in-plevel\\\/\",\"name\":\"Kupite Jesus OG Weed Marihuana Sev - Best Global Meds\",\"isPartOf\":{\"@id\":\"https:\\\/\\\/medicinasinc.com\\\/sl\\\/#website\"},\"primaryImageOfPage\":{\"@id\":\"https:\\\/\\\/medicinasinc.com\\\/sl\\\/product\\\/kupi-jezus-in-plevel\\\/#primaryimage\"},\"image\":{\"@id\":\"https:\\\/\\\/medicinasinc.com\\\/sl\\\/product\\\/kupi-jezus-in-plevel\\\/#primaryimage\"},\"thumbnailUrl\":\"https:\\\/\\\/medicinasinc.com\\\/sl\\\/wp-content\\\/uploads\\\/sites\\\/7\\\/2022\\\/02\\\/buy-Jesus-OG.png\",\"datePublished\":\"2022-02-20T18:30:09+00:00\",\"dateModified\":\"2022-03-19T00:46:35+00:00\",\"description\":\"Kupite Jesus OG Marihuana Strain za prodajo na spletu. Sev Jezusa in marihuane je prevladujo\u010di hibrid Sativa \u2013 80 % Sativa \\\/ 20 % Indica THC: 21 % \u2013 25 %\",\"breadcrumb\":{\"@id\":\"https:\\\/\\\/medicinasinc.com\\\/sl\\\/product\\\/kupi-jezus-in-plevel\\\/#breadcrumb\"},\"inLanguage\":\"en-US\",\"potentialAction\":[{\"@type\":\"ReadAction\",\"target\":[\"https:\\\/\\\/medicinasinc.com\\\/sl\\\/product\\\/kupi-jezus-in-plevel\\\/\"]}]},{\"@type\":\"ImageObject\",\"inLanguage\":\"en-US\",\"@id\":\"https:\\\/\\\/medicinasinc.com\\\/sl\\\/product\\\/kupi-jezus-in-plevel\\\/#primaryimage\",\"url\":\"https:\\\/\\\/medicinasinc.com\\\/sl\\\/wp-content\\\/uploads\\\/sites\\\/7\\\/2022\\\/02\\\/buy-Jesus-OG.png\",\"contentUrl\":\"https:\\\/\\\/medicinasinc.com\\\/sl\\\/wp-content\\\/uploads\\\/sites\\\/7\\\/2022\\\/02\\\/buy-Jesus-OG.png\",\"width\":600,\"height\":600},{\"@type\":\"BreadcrumbList\",\"@id\":\"https:\\\/\\\/medicinasinc.com\\\/sl\\\/product\\\/kupi-jezus-in-plevel\\\/#breadcrumb\",\"itemListElement\":[{\"@type\":\"ListItem\",\"position\":1,\"name\":\"Nakupujte\",\"item\":\"https:\\\/\\\/medicinasinc.com\\\/sl\\\/nakupujte\\\/\"},{\"@type\":\"ListItem\",\"position\":2,\"name\":\"Kupite Jesus OG Weed\"}]},{\"@type\":\"WebSite\",\"@id\":\"https:\\\/\\\/medicinasinc.com\\\/sl\\\/#website\",\"url\":\"https:\\\/\\\/medicinasinc.com\\\/sl\\\/\",\"name\":\"Medicinas Inc\",\"description\":\"Health Medical Clinic\",\"potentialAction\":[{\"@type\":\"SearchAction\",\"target\":{\"@type\":\"EntryPoint\",\"urlTemplate\":\"https:\\\/\\\/medicinasinc.com\\\/sl\\\/?s={search_term_string}\"},\"query-input\":{\"@type\":\"PropertyValueSpecification\",\"valueRequired\":true,\"valueName\":\"search_term_string\"}}],\"inLanguage\":\"en-US\"}]}<\/script>\n<!-- \/ Yoast SEO plugin. -->","yoast_head_json":{"title":"Kupite Jesus OG Weed Marihuana Sev - Best Global Meds","description":"Kupite Jesus OG Marihuana Strain za prodajo na spletu. Sev Jezusa in marihuane je prevladujo\u010di hibrid Sativa \u2013 80 % Sativa \/ 20 % Indica THC: 21 % \u2013 25 %","robots":{"index":"index","follow":"follow","max-snippet":"max-snippet:-1","max-image-preview":"max-image-preview:large","max-video-preview":"max-video-preview:-1"},"canonical":"https:\/\/medicinasinc.com\/sl\/product\/kupi-jezus-in-plevel\/","og_locale":"en_US","og_type":"article","og_title":"Kupite Jesus OG Weed Marihuana Sev - Best Global Meds","og_description":"Kupite Jesus OG Marihuana Strain za prodajo na spletu. Sev Jezusa in marihuane je prevladujo\u010di hibrid Sativa \u2013 80 % Sativa \/ 20 % Indica THC: 21 % \u2013 25 %","og_url":"https:\/\/medicinasinc.com\/sl\/product\/kupi-jezus-in-plevel\/","og_site_name":"Medicinas Inc","article_modified_time":"2022-03-19T00:46:35+00:00","og_image":[{"width":600,"height":600,"url":"https:\/\/medicinasinc.com\/sl\/wp-content\/uploads\/sites\/7\/2022\/02\/buy-Jesus-OG.png","type":"image\/png"}],"twitter_card":"summary_large_image","twitter_misc":{"Est. reading time":"1 minute"},"schema":{"@context":"https:\/\/schema.org","@graph":[{"@type":"WebPage","@id":"https:\/\/medicinasinc.com\/sl\/product\/kupi-jezus-in-plevel\/","url":"https:\/\/medicinasinc.com\/sl\/product\/kupi-jezus-in-plevel\/","name":"Kupite Jesus OG Weed Marihuana Sev - Best Global Meds","isPartOf":{"@id":"https:\/\/medicinasinc.com\/sl\/#website"},"primaryImageOfPage":{"@id":"https:\/\/medicinasinc.com\/sl\/product\/kupi-jezus-in-plevel\/#primaryimage"},"image":{"@id":"https:\/\/medicinasinc.com\/sl\/product\/kupi-jezus-in-plevel\/#primaryimage"},"thumbnailUrl":"https:\/\/medicinasinc.com\/sl\/wp-content\/uploads\/sites\/7\/2022\/02\/buy-Jesus-OG.png","datePublished":"2022-02-20T18:30:09+00:00","dateModified":"2022-03-19T00:46:35+00:00","description":"Kupite Jesus OG Marihuana Strain za prodajo na spletu. Sev Jezusa in marihuane je prevladujo\u010di hibrid Sativa \u2013 80 % Sativa \/ 20 % Indica THC: 21 % \u2013 25 %","breadcrumb":{"@id":"https:\/\/medicinasinc.com\/sl\/product\/kupi-jezus-in-plevel\/#breadcrumb"},"inLanguage":"en-US","potentialAction":[{"@type":"ReadAction","target":["https:\/\/medicinasinc.com\/sl\/product\/kupi-jezus-in-plevel\/"]}]},{"@type":"ImageObject","inLanguage":"en-US","@id":"https:\/\/medicinasinc.com\/sl\/product\/kupi-jezus-in-plevel\/#primaryimage","url":"https:\/\/medicinasinc.com\/sl\/wp-content\/uploads\/sites\/7\/2022\/02\/buy-Jesus-OG.png","contentUrl":"https:\/\/medicinasinc.com\/sl\/wp-content\/uploads\/sites\/7\/2022\/02\/buy-Jesus-OG.png","width":600,"height":600},{"@type":"BreadcrumbList","@id":"https:\/\/medicinasinc.com\/sl\/product\/kupi-jezus-in-plevel\/#breadcrumb","itemListElement":[{"@type":"ListItem","position":1,"name":"Nakupujte","item":"https:\/\/medicinasinc.com\/sl\/nakupujte\/"},{"@type":"ListItem","position":2,"name":"Kupite Jesus OG Weed"}]},{"@type":"WebSite","@id":"https:\/\/medicinasinc.com\/sl\/#website","url":"https:\/\/medicinasinc.com\/sl\/","name":"Medicinas Inc","description":"Health Medical Clinic","potentialAction":[{"@type":"SearchAction","target":{"@type":"EntryPoint","urlTemplate":"https:\/\/medicinasinc.com\/sl\/?s={search_term_string}"},"query-input":{"@type":"PropertyValueSpecification","valueRequired":true,"valueName":"search_term_string"}}],"inLanguage":"en-US"}]}},"_links":{"self":[{"href":"https:\/\/medicinasinc.com\/sl\/wp-json\/wp\/v2\/product\/4970","targetHints":{"allow":["GET"]}}],"collection":[{"href":"https:\/\/medicinasinc.com\/sl\/wp-json\/wp\/v2\/product"}],"about":[{"href":"https:\/\/medicinasinc.com\/sl\/wp-json\/wp\/v2\/types\/product"}],"replies":[{"embeddable":true,"href":"https:\/\/medicinasinc.com\/sl\/wp-json\/wp\/v2\/comments?post=4970"}],"wp:featuredmedia":[{"embeddable":true,"href":"https:\/\/medicinasinc.com\/sl\/wp-json\/wp\/v2\/media\/4983"}],"wp:attachment":[{"href":"https:\/\/medicinasinc.com\/sl\/wp-json\/wp\/v2\/media?parent=4970"}],"wp:term":[{"taxonomy":"product_brand","embeddable":true,"href":"https:\/\/medicinasinc.com\/sl\/wp-json\/wp\/v2\/product_brand?post=4970"},{"taxonomy":"product_cat","embeddable":true,"href":"https:\/\/medicinasinc.com\/sl\/wp-json\/wp\/v2\/product_cat?post=4970"},{"taxonomy":"product_tag","embeddable":true,"href":"https:\/\/medicinasinc.com\/sl\/wp-json\/wp\/v2\/product_tag?post=4970"}],"curies":[{"name":"wp","href":"https:\/\/api.w.org\/{rel}","templated":true}]}}