{"id":4968,"date":"2022-02-20T18:28:25","date_gmt":"2022-02-20T18:28:25","guid":{"rendered":"https:\/\/medicinasinc.com\/sl\/?post_type=product&#038;p=4968"},"modified":"2022-03-19T00:46:48","modified_gmt":"2022-03-19T00:46:48","slug":"kupi-neskoncno-evforijo-marihuano","status":"publish","type":"product","link":"https:\/\/medicinasinc.com\/sl\/product\/kupi-neskoncno-evforijo-marihuano\/","title":{"rendered":"Kupite marihuano Infinite Euphoria"},"content":{"rendered":"<p>Kupite Marihuano Infinite Euphoria na spletu.<\/p>\n<p>Kupite Marihuano Infinite Euphoria na spletu.<\/p>\n<p>Energizirajo\u010di, evfori\u010dni, veseli, dolgotrajni, po\u017eivljajo\u010di u\u010dinki lahko laj\u0161ajo tesnobo, depresijo, utrujenost, nihanje razpolo\u017eenja, in okusi stresa<br \/> Citrusi, borove iglice, skunky in sladki<\/p>\n","protected":false},"excerpt":{"rendered":"<p>Kupite marihuano Infinite Euphoria na spletu. Nakup Infinite Euphoria Marihuana Hybrid &#8211; 50 % sativa\/50 % indica THC: 23 % &#8211; 29 %<\/p>\n","protected":false},"featured_media":4981,"comment_status":"open","ping_status":"closed","template":"","meta":[],"product_brand":[],"product_cat":[778],"product_tag":[852,853,854,857,455,860,863,864,865,867,861,858,862,859,869,870,872,866,855,856,873,874,871,875,876,877,878,879,880,881,882,883,884,868],"class_list":{"0":"post-4968","1":"product","2":"type-product","3":"status-publish","4":"has-post-thumbnail","6":"product_cat-plevel-za-prodajo","7":"product_tag-100-sativa-sevi","8":"product_tag-ak47-marijuana-grade-aa-sativa","9":"product_tag-avstralija-plevel-za-prodaja-online","10":"product_tag-best-sativa-strains-for-energy-2020","11":"product_tag-buy-marijuana-online","12":"product_tag-buy-weed-online-legit","13":"product_tag-cannabis-oil-hemp-cbd-oil","14":"product_tag-denver-weed-for-sale-in-usa","15":"product_tag-eksotini-sevi-2020","16":"product_tag-khalifa-kush-grade-a-hibrid","17":"product_tag-buy-weed-online-nyc","18":"product_tag-kupi-plevel-na-spletu-poceni","19":"product_tag-buy-weed-online-reddit","20":"product_tag-buy-weed-online-colorado","21":"product_tag-marihuana-za-prodaja-v-kaliforniji","22":"product_tag-marihuana-za-prodaja-v-koloradu","23":"product_tag-medical-marijuana-for-sale-online","24":"product_tag-sevi-z-najvijim-donosom-sativa","25":"product_tag-najbolji-sativa-sevi-2020","26":"product_tag-best-sativa-strains-cartridge","27":"product_tag-nyc-weed-for-sale-online","28":"product_tag-outdoor-sativa-strains","29":"product_tag-marihuana-marihuana-na-prodaj","30":"product_tag-redka-sativa-sevi","31":"product_tag-uk-weed-for-sale-online","32":"product_tag-uk-weed-for-sell-online","33":"product_tag-usa-cannabis-oil","34":"product_tag-usa-marijuana-for-sell-online","35":"product_tag-usa-weed-for-sale","36":"product_tag-weed-for-sale-near-me","37":"product_tag-weed-for-sale-online","38":"product_tag-weed-for-sale-online-in-canada","39":"product_tag-weed-online-weed-online-for-sell","40":"product_tag-legalno-plevel-za-prodaja-spletno","42":"first","43":"instock","44":"shipping-taxable","45":"purchasable","46":"product-type-variable","47":"has-default-attributes"},"yoast_head":"<!-- This site is optimized with the Yoast SEO plugin v27.3 - https:\/\/yoast.com\/product\/yoast-seo-wordpress\/ -->\n<title>Kupite marihuano Infinite Euphoria - najbolj\u0161a najbolj\u0161a zdravila na svetu<\/title>\n<meta name=\"description\" content=\"Kupite marihuano Infinite Euphoria na spletu. Kupite Infinite Euphoria Marihuana Hybrid \u2013 50 % Sativa \/ 50 % Indica THC: 23 % \u2013 29 %\" \/>\n<meta name=\"robots\" content=\"index, follow, max-snippet:-1, max-image-preview:large, max-video-preview:-1\" \/>\n<link rel=\"canonical\" href=\"https:\/\/medicinasinc.com\/sl\/product\/kupi-neskoncno-evforijo-marihuano\/\" \/>\n<meta property=\"og:locale\" content=\"en_US\" \/>\n<meta property=\"og:type\" content=\"article\" \/>\n<meta property=\"og:title\" content=\"Kupite marihuano Infinite Euphoria - najbolj\u0161a najbolj\u0161a zdravila na svetu\" \/>\n<meta property=\"og:description\" content=\"Kupite marihuano Infinite Euphoria na spletu. Kupite Infinite Euphoria Marihuana Hybrid \u2013 50 % Sativa \/ 50 % Indica THC: 23 % \u2013 29 %\" \/>\n<meta property=\"og:url\" content=\"https:\/\/medicinasinc.com\/sl\/product\/kupi-neskoncno-evforijo-marihuano\/\" \/>\n<meta property=\"og:site_name\" content=\"Medicinas Inc\" \/>\n<meta property=\"article:modified_time\" content=\"2022-03-19T00:46:48+00:00\" \/>\n<meta property=\"og:image\" content=\"https:\/\/medicinasinc.com\/sl\/wp-content\/uploads\/sites\/7\/2022\/02\/Buy-Infinite-Euphoria-Marijuana.jpg\" \/>\n\t<meta property=\"og:image:width\" content=\"225\" \/>\n\t<meta property=\"og:image:height\" content=\"225\" \/>\n\t<meta property=\"og:image:type\" content=\"image\/jpeg\" \/>\n<meta name=\"twitter:card\" content=\"summary_large_image\" \/>\n<meta name=\"twitter:label1\" content=\"Est. reading time\" \/>\n\t<meta name=\"twitter:data1\" content=\"1 minute\" \/>\n<script type=\"application\/ld+json\" class=\"yoast-schema-graph\">{\"@context\":\"https:\\\/\\\/schema.org\",\"@graph\":[{\"@type\":\"WebPage\",\"@id\":\"https:\\\/\\\/medicinasinc.com\\\/sl\\\/product\\\/kupi-neskoncno-evforijo-marihuano\\\/\",\"url\":\"https:\\\/\\\/medicinasinc.com\\\/sl\\\/product\\\/kupi-neskoncno-evforijo-marihuano\\\/\",\"name\":\"Kupite marihuano Infinite Euphoria - najbolj\u0161a najbolj\u0161a zdravila na svetu\",\"isPartOf\":{\"@id\":\"https:\\\/\\\/medicinasinc.com\\\/sl\\\/#website\"},\"primaryImageOfPage\":{\"@id\":\"https:\\\/\\\/medicinasinc.com\\\/sl\\\/product\\\/kupi-neskoncno-evforijo-marihuano\\\/#primaryimage\"},\"image\":{\"@id\":\"https:\\\/\\\/medicinasinc.com\\\/sl\\\/product\\\/kupi-neskoncno-evforijo-marihuano\\\/#primaryimage\"},\"thumbnailUrl\":\"https:\\\/\\\/medicinasinc.com\\\/sl\\\/wp-content\\\/uploads\\\/sites\\\/7\\\/2022\\\/02\\\/Buy-Infinite-Euphoria-Marijuana.jpg\",\"datePublished\":\"2022-02-20T18:28:25+00:00\",\"dateModified\":\"2022-03-19T00:46:48+00:00\",\"description\":\"Kupite marihuano Infinite Euphoria na spletu. Kupite Infinite Euphoria Marihuana Hybrid \u2013 50 % Sativa \\\/ 50 % Indica THC: 23 % \u2013 29 %\",\"breadcrumb\":{\"@id\":\"https:\\\/\\\/medicinasinc.com\\\/sl\\\/product\\\/kupi-neskoncno-evforijo-marihuano\\\/#breadcrumb\"},\"inLanguage\":\"en-US\",\"potentialAction\":[{\"@type\":\"ReadAction\",\"target\":[\"https:\\\/\\\/medicinasinc.com\\\/sl\\\/product\\\/kupi-neskoncno-evforijo-marihuano\\\/\"]}]},{\"@type\":\"ImageObject\",\"inLanguage\":\"en-US\",\"@id\":\"https:\\\/\\\/medicinasinc.com\\\/sl\\\/product\\\/kupi-neskoncno-evforijo-marihuano\\\/#primaryimage\",\"url\":\"https:\\\/\\\/medicinasinc.com\\\/sl\\\/wp-content\\\/uploads\\\/sites\\\/7\\\/2022\\\/02\\\/Buy-Infinite-Euphoria-Marijuana.jpg\",\"contentUrl\":\"https:\\\/\\\/medicinasinc.com\\\/sl\\\/wp-content\\\/uploads\\\/sites\\\/7\\\/2022\\\/02\\\/Buy-Infinite-Euphoria-Marijuana.jpg\",\"width\":225,\"height\":225},{\"@type\":\"BreadcrumbList\",\"@id\":\"https:\\\/\\\/medicinasinc.com\\\/sl\\\/product\\\/kupi-neskoncno-evforijo-marihuano\\\/#breadcrumb\",\"itemListElement\":[{\"@type\":\"ListItem\",\"position\":1,\"name\":\"Nakupujte\",\"item\":\"https:\\\/\\\/medicinasinc.com\\\/sl\\\/nakupujte\\\/\"},{\"@type\":\"ListItem\",\"position\":2,\"name\":\"Kupite marihuano Infinite Euphoria\"}]},{\"@type\":\"WebSite\",\"@id\":\"https:\\\/\\\/medicinasinc.com\\\/sl\\\/#website\",\"url\":\"https:\\\/\\\/medicinasinc.com\\\/sl\\\/\",\"name\":\"Medicinas Inc\",\"description\":\"Health Medical Clinic\",\"potentialAction\":[{\"@type\":\"SearchAction\",\"target\":{\"@type\":\"EntryPoint\",\"urlTemplate\":\"https:\\\/\\\/medicinasinc.com\\\/sl\\\/?s={search_term_string}\"},\"query-input\":{\"@type\":\"PropertyValueSpecification\",\"valueRequired\":true,\"valueName\":\"search_term_string\"}}],\"inLanguage\":\"en-US\"}]}<\/script>\n<!-- \/ Yoast SEO plugin. -->","yoast_head_json":{"title":"Kupite marihuano Infinite Euphoria - najbolj\u0161a najbolj\u0161a zdravila na svetu","description":"Kupite marihuano Infinite Euphoria na spletu. Kupite Infinite Euphoria Marihuana Hybrid \u2013 50 % Sativa \/ 50 % Indica THC: 23 % \u2013 29 %","robots":{"index":"index","follow":"follow","max-snippet":"max-snippet:-1","max-image-preview":"max-image-preview:large","max-video-preview":"max-video-preview:-1"},"canonical":"https:\/\/medicinasinc.com\/sl\/product\/kupi-neskoncno-evforijo-marihuano\/","og_locale":"en_US","og_type":"article","og_title":"Kupite marihuano Infinite Euphoria - najbolj\u0161a najbolj\u0161a zdravila na svetu","og_description":"Kupite marihuano Infinite Euphoria na spletu. Kupite Infinite Euphoria Marihuana Hybrid \u2013 50 % Sativa \/ 50 % Indica THC: 23 % \u2013 29 %","og_url":"https:\/\/medicinasinc.com\/sl\/product\/kupi-neskoncno-evforijo-marihuano\/","og_site_name":"Medicinas Inc","article_modified_time":"2022-03-19T00:46:48+00:00","og_image":[{"width":225,"height":225,"url":"https:\/\/medicinasinc.com\/sl\/wp-content\/uploads\/sites\/7\/2022\/02\/Buy-Infinite-Euphoria-Marijuana.jpg","type":"image\/jpeg"}],"twitter_card":"summary_large_image","twitter_misc":{"Est. reading time":"1 minute"},"schema":{"@context":"https:\/\/schema.org","@graph":[{"@type":"WebPage","@id":"https:\/\/medicinasinc.com\/sl\/product\/kupi-neskoncno-evforijo-marihuano\/","url":"https:\/\/medicinasinc.com\/sl\/product\/kupi-neskoncno-evforijo-marihuano\/","name":"Kupite marihuano Infinite Euphoria - najbolj\u0161a najbolj\u0161a zdravila na svetu","isPartOf":{"@id":"https:\/\/medicinasinc.com\/sl\/#website"},"primaryImageOfPage":{"@id":"https:\/\/medicinasinc.com\/sl\/product\/kupi-neskoncno-evforijo-marihuano\/#primaryimage"},"image":{"@id":"https:\/\/medicinasinc.com\/sl\/product\/kupi-neskoncno-evforijo-marihuano\/#primaryimage"},"thumbnailUrl":"https:\/\/medicinasinc.com\/sl\/wp-content\/uploads\/sites\/7\/2022\/02\/Buy-Infinite-Euphoria-Marijuana.jpg","datePublished":"2022-02-20T18:28:25+00:00","dateModified":"2022-03-19T00:46:48+00:00","description":"Kupite marihuano Infinite Euphoria na spletu. Kupite Infinite Euphoria Marihuana Hybrid \u2013 50 % Sativa \/ 50 % Indica THC: 23 % \u2013 29 %","breadcrumb":{"@id":"https:\/\/medicinasinc.com\/sl\/product\/kupi-neskoncno-evforijo-marihuano\/#breadcrumb"},"inLanguage":"en-US","potentialAction":[{"@type":"ReadAction","target":["https:\/\/medicinasinc.com\/sl\/product\/kupi-neskoncno-evforijo-marihuano\/"]}]},{"@type":"ImageObject","inLanguage":"en-US","@id":"https:\/\/medicinasinc.com\/sl\/product\/kupi-neskoncno-evforijo-marihuano\/#primaryimage","url":"https:\/\/medicinasinc.com\/sl\/wp-content\/uploads\/sites\/7\/2022\/02\/Buy-Infinite-Euphoria-Marijuana.jpg","contentUrl":"https:\/\/medicinasinc.com\/sl\/wp-content\/uploads\/sites\/7\/2022\/02\/Buy-Infinite-Euphoria-Marijuana.jpg","width":225,"height":225},{"@type":"BreadcrumbList","@id":"https:\/\/medicinasinc.com\/sl\/product\/kupi-neskoncno-evforijo-marihuano\/#breadcrumb","itemListElement":[{"@type":"ListItem","position":1,"name":"Nakupujte","item":"https:\/\/medicinasinc.com\/sl\/nakupujte\/"},{"@type":"ListItem","position":2,"name":"Kupite marihuano Infinite Euphoria"}]},{"@type":"WebSite","@id":"https:\/\/medicinasinc.com\/sl\/#website","url":"https:\/\/medicinasinc.com\/sl\/","name":"Medicinas Inc","description":"Health Medical Clinic","potentialAction":[{"@type":"SearchAction","target":{"@type":"EntryPoint","urlTemplate":"https:\/\/medicinasinc.com\/sl\/?s={search_term_string}"},"query-input":{"@type":"PropertyValueSpecification","valueRequired":true,"valueName":"search_term_string"}}],"inLanguage":"en-US"}]}},"_links":{"self":[{"href":"https:\/\/medicinasinc.com\/sl\/wp-json\/wp\/v2\/product\/4968","targetHints":{"allow":["GET"]}}],"collection":[{"href":"https:\/\/medicinasinc.com\/sl\/wp-json\/wp\/v2\/product"}],"about":[{"href":"https:\/\/medicinasinc.com\/sl\/wp-json\/wp\/v2\/types\/product"}],"replies":[{"embeddable":true,"href":"https:\/\/medicinasinc.com\/sl\/wp-json\/wp\/v2\/comments?post=4968"}],"wp:featuredmedia":[{"embeddable":true,"href":"https:\/\/medicinasinc.com\/sl\/wp-json\/wp\/v2\/media\/4981"}],"wp:attachment":[{"href":"https:\/\/medicinasinc.com\/sl\/wp-json\/wp\/v2\/media?parent=4968"}],"wp:term":[{"taxonomy":"product_brand","embeddable":true,"href":"https:\/\/medicinasinc.com\/sl\/wp-json\/wp\/v2\/product_brand?post=4968"},{"taxonomy":"product_cat","embeddable":true,"href":"https:\/\/medicinasinc.com\/sl\/wp-json\/wp\/v2\/product_cat?post=4968"},{"taxonomy":"product_tag","embeddable":true,"href":"https:\/\/medicinasinc.com\/sl\/wp-json\/wp\/v2\/product_tag?post=4968"}],"curies":[{"name":"wp","href":"https:\/\/api.w.org\/{rel}","templated":true}]}}