{"id":4955,"date":"2022-02-20T18:16:15","date_gmt":"2022-02-20T18:16:15","guid":{"rendered":"https:\/\/medicinasinc.com\/sl\/?post_type=product&#038;p=4955"},"modified":"2022-03-19T00:46:56","modified_gmt":"2022-03-19T00:46:56","slug":"kupi-havajsko-marihuano","status":"publish","type":"product","link":"https:\/\/medicinasinc.com\/sl\/product\/kupi-havajsko-marihuano\/","title":{"rendered":"Kupite havajsko marihuano"},"content":{"rendered":"<p>Spletni nakup marihuane Hawaiian Indica.<\/p>\n<p>Spletni nakup marihuane Hawaiian Indica.<\/p>\n<p>U\u010dinki<br \/> Mo\u017eganski, spro\u0161\u010dujo\u010di in po\u017eivljajo\u010di lahko pomagajo pri laj\u0161anju kroni\u010dne bole\u010dine , depresija, utrujenost, migrene in mi\u0161i\u010dni kr\u010di<br \/> Okusi<br \/> Mentol, citrusi, sladko, tropsko<\/p>\n","protected":false},"excerpt":{"rendered":"<p>Kupite havajsko marihuano Indica na spletu v Zdru\u017eenem kraljestvu in Evropi. Hawaiian Indica Cannabis Hybrid &#8211; 60 % Indica \/ 40 % Sativa.<\/p>\n","protected":false},"featured_media":4969,"comment_status":"open","ping_status":"closed","template":"","meta":[],"product_brand":[],"product_cat":[778],"product_tag":[843,844,846,848,847,845,849,850,851],"class_list":{"0":"post-4955","1":"product","2":"type-product","3":"status-publish","4":"has-post-thumbnail","6":"product_cat-plevel-za-prodajo","7":"product_tag-do-hawaii-accept-out-of-state-mmj-cards","8":"product_tag-havaji","9":"product_tag-kako-dolgo-traja-da-dobi-329-kartico-hawaii","10":"product_tag-kvalifikacijske-pogoje-za-medicinsko-kartico-na-havajih","11":"product_tag-maui-dispanzer","12":"product_tag-hawaii-329-card-pravila","13":"product_tag-rekreacijski-dispanzer-honolulu","14":"product_tag-rekreacijski-dispanzer-maui-havaji","15":"product_tag-weedmaps-hawaii","17":"first","18":"instock","19":"shipping-taxable","20":"purchasable","21":"product-type-variable","22":"has-default-attributes"},"yoast_head":"<!-- This site is optimized with the Yoast SEO plugin v27.3 - https:\/\/yoast.com\/product\/yoast-seo-wordpress\/ -->\n<title>Kupite havajsko marihuano - najbolj\u0161a najbolj\u0161a zdravila na svetu<\/title>\n<meta name=\"description\" content=\"Kupite marihuano Hawaiian Indica za prodajo UK, Evropa na spletu. Hawaiian Indica Marihuana Hybrid \u2013 60 % Indica \/ 40 % Sativa.\" \/>\n<meta name=\"robots\" content=\"index, follow, max-snippet:-1, max-image-preview:large, max-video-preview:-1\" \/>\n<link rel=\"canonical\" href=\"https:\/\/medicinasinc.com\/sl\/product\/kupi-havajsko-marihuano\/\" \/>\n<meta property=\"og:locale\" content=\"en_US\" \/>\n<meta property=\"og:type\" content=\"article\" \/>\n<meta property=\"og:title\" content=\"Kupite havajsko marihuano - najbolj\u0161a najbolj\u0161a zdravila na svetu\" \/>\n<meta property=\"og:description\" content=\"Kupite marihuano Hawaiian Indica za prodajo UK, Evropa na spletu. Hawaiian Indica Marihuana Hybrid \u2013 60 % Indica \/ 40 % Sativa.\" \/>\n<meta property=\"og:url\" content=\"https:\/\/medicinasinc.com\/sl\/product\/kupi-havajsko-marihuano\/\" \/>\n<meta property=\"og:site_name\" content=\"Medicinas Inc\" \/>\n<meta property=\"article:modified_time\" content=\"2022-03-19T00:46:56+00:00\" \/>\n<meta property=\"og:image\" content=\"https:\/\/medicinasinc.com\/sl\/wp-content\/uploads\/sites\/7\/2022\/02\/Buy-Hawaiian-Marijuana.jpg\" \/>\n\t<meta property=\"og:image:width\" content=\"233\" \/>\n\t<meta property=\"og:image:height\" content=\"217\" \/>\n\t<meta property=\"og:image:type\" content=\"image\/jpeg\" \/>\n<meta name=\"twitter:card\" content=\"summary_large_image\" \/>\n<meta name=\"twitter:label1\" content=\"Est. reading time\" \/>\n\t<meta name=\"twitter:data1\" content=\"1 minute\" \/>\n<script type=\"application\/ld+json\" class=\"yoast-schema-graph\">{\"@context\":\"https:\\\/\\\/schema.org\",\"@graph\":[{\"@type\":\"WebPage\",\"@id\":\"https:\\\/\\\/medicinasinc.com\\\/sl\\\/product\\\/kupi-havajsko-marihuano\\\/\",\"url\":\"https:\\\/\\\/medicinasinc.com\\\/sl\\\/product\\\/kupi-havajsko-marihuano\\\/\",\"name\":\"Kupite havajsko marihuano - najbolj\u0161a najbolj\u0161a zdravila na svetu\",\"isPartOf\":{\"@id\":\"https:\\\/\\\/medicinasinc.com\\\/sl\\\/#website\"},\"primaryImageOfPage\":{\"@id\":\"https:\\\/\\\/medicinasinc.com\\\/sl\\\/product\\\/kupi-havajsko-marihuano\\\/#primaryimage\"},\"image\":{\"@id\":\"https:\\\/\\\/medicinasinc.com\\\/sl\\\/product\\\/kupi-havajsko-marihuano\\\/#primaryimage\"},\"thumbnailUrl\":\"https:\\\/\\\/medicinasinc.com\\\/sl\\\/wp-content\\\/uploads\\\/sites\\\/7\\\/2022\\\/02\\\/Buy-Hawaiian-Marijuana.jpg\",\"datePublished\":\"2022-02-20T18:16:15+00:00\",\"dateModified\":\"2022-03-19T00:46:56+00:00\",\"description\":\"Kupite marihuano Hawaiian Indica za prodajo UK, Evropa na spletu. Hawaiian Indica Marihuana Hybrid \u2013 60 % Indica \\\/ 40 % Sativa.\",\"breadcrumb\":{\"@id\":\"https:\\\/\\\/medicinasinc.com\\\/sl\\\/product\\\/kupi-havajsko-marihuano\\\/#breadcrumb\"},\"inLanguage\":\"en-US\",\"potentialAction\":[{\"@type\":\"ReadAction\",\"target\":[\"https:\\\/\\\/medicinasinc.com\\\/sl\\\/product\\\/kupi-havajsko-marihuano\\\/\"]}]},{\"@type\":\"ImageObject\",\"inLanguage\":\"en-US\",\"@id\":\"https:\\\/\\\/medicinasinc.com\\\/sl\\\/product\\\/kupi-havajsko-marihuano\\\/#primaryimage\",\"url\":\"https:\\\/\\\/medicinasinc.com\\\/sl\\\/wp-content\\\/uploads\\\/sites\\\/7\\\/2022\\\/02\\\/Buy-Hawaiian-Marijuana.jpg\",\"contentUrl\":\"https:\\\/\\\/medicinasinc.com\\\/sl\\\/wp-content\\\/uploads\\\/sites\\\/7\\\/2022\\\/02\\\/Buy-Hawaiian-Marijuana.jpg\",\"width\":233,\"height\":217},{\"@type\":\"BreadcrumbList\",\"@id\":\"https:\\\/\\\/medicinasinc.com\\\/sl\\\/product\\\/kupi-havajsko-marihuano\\\/#breadcrumb\",\"itemListElement\":[{\"@type\":\"ListItem\",\"position\":1,\"name\":\"Nakupujte\",\"item\":\"https:\\\/\\\/medicinasinc.com\\\/sl\\\/nakupujte\\\/\"},{\"@type\":\"ListItem\",\"position\":2,\"name\":\"Kupite havajsko marihuano\"}]},{\"@type\":\"WebSite\",\"@id\":\"https:\\\/\\\/medicinasinc.com\\\/sl\\\/#website\",\"url\":\"https:\\\/\\\/medicinasinc.com\\\/sl\\\/\",\"name\":\"Medicinas Inc\",\"description\":\"Health Medical Clinic\",\"potentialAction\":[{\"@type\":\"SearchAction\",\"target\":{\"@type\":\"EntryPoint\",\"urlTemplate\":\"https:\\\/\\\/medicinasinc.com\\\/sl\\\/?s={search_term_string}\"},\"query-input\":{\"@type\":\"PropertyValueSpecification\",\"valueRequired\":true,\"valueName\":\"search_term_string\"}}],\"inLanguage\":\"en-US\"}]}<\/script>\n<!-- \/ Yoast SEO plugin. -->","yoast_head_json":{"title":"Kupite havajsko marihuano - najbolj\u0161a najbolj\u0161a zdravila na svetu","description":"Kupite marihuano Hawaiian Indica za prodajo UK, Evropa na spletu. Hawaiian Indica Marihuana Hybrid \u2013 60 % Indica \/ 40 % Sativa.","robots":{"index":"index","follow":"follow","max-snippet":"max-snippet:-1","max-image-preview":"max-image-preview:large","max-video-preview":"max-video-preview:-1"},"canonical":"https:\/\/medicinasinc.com\/sl\/product\/kupi-havajsko-marihuano\/","og_locale":"en_US","og_type":"article","og_title":"Kupite havajsko marihuano - najbolj\u0161a najbolj\u0161a zdravila na svetu","og_description":"Kupite marihuano Hawaiian Indica za prodajo UK, Evropa na spletu. Hawaiian Indica Marihuana Hybrid \u2013 60 % Indica \/ 40 % Sativa.","og_url":"https:\/\/medicinasinc.com\/sl\/product\/kupi-havajsko-marihuano\/","og_site_name":"Medicinas Inc","article_modified_time":"2022-03-19T00:46:56+00:00","og_image":[{"width":233,"height":217,"url":"https:\/\/medicinasinc.com\/sl\/wp-content\/uploads\/sites\/7\/2022\/02\/Buy-Hawaiian-Marijuana.jpg","type":"image\/jpeg"}],"twitter_card":"summary_large_image","twitter_misc":{"Est. reading time":"1 minute"},"schema":{"@context":"https:\/\/schema.org","@graph":[{"@type":"WebPage","@id":"https:\/\/medicinasinc.com\/sl\/product\/kupi-havajsko-marihuano\/","url":"https:\/\/medicinasinc.com\/sl\/product\/kupi-havajsko-marihuano\/","name":"Kupite havajsko marihuano - najbolj\u0161a najbolj\u0161a zdravila na svetu","isPartOf":{"@id":"https:\/\/medicinasinc.com\/sl\/#website"},"primaryImageOfPage":{"@id":"https:\/\/medicinasinc.com\/sl\/product\/kupi-havajsko-marihuano\/#primaryimage"},"image":{"@id":"https:\/\/medicinasinc.com\/sl\/product\/kupi-havajsko-marihuano\/#primaryimage"},"thumbnailUrl":"https:\/\/medicinasinc.com\/sl\/wp-content\/uploads\/sites\/7\/2022\/02\/Buy-Hawaiian-Marijuana.jpg","datePublished":"2022-02-20T18:16:15+00:00","dateModified":"2022-03-19T00:46:56+00:00","description":"Kupite marihuano Hawaiian Indica za prodajo UK, Evropa na spletu. Hawaiian Indica Marihuana Hybrid \u2013 60 % Indica \/ 40 % Sativa.","breadcrumb":{"@id":"https:\/\/medicinasinc.com\/sl\/product\/kupi-havajsko-marihuano\/#breadcrumb"},"inLanguage":"en-US","potentialAction":[{"@type":"ReadAction","target":["https:\/\/medicinasinc.com\/sl\/product\/kupi-havajsko-marihuano\/"]}]},{"@type":"ImageObject","inLanguage":"en-US","@id":"https:\/\/medicinasinc.com\/sl\/product\/kupi-havajsko-marihuano\/#primaryimage","url":"https:\/\/medicinasinc.com\/sl\/wp-content\/uploads\/sites\/7\/2022\/02\/Buy-Hawaiian-Marijuana.jpg","contentUrl":"https:\/\/medicinasinc.com\/sl\/wp-content\/uploads\/sites\/7\/2022\/02\/Buy-Hawaiian-Marijuana.jpg","width":233,"height":217},{"@type":"BreadcrumbList","@id":"https:\/\/medicinasinc.com\/sl\/product\/kupi-havajsko-marihuano\/#breadcrumb","itemListElement":[{"@type":"ListItem","position":1,"name":"Nakupujte","item":"https:\/\/medicinasinc.com\/sl\/nakupujte\/"},{"@type":"ListItem","position":2,"name":"Kupite havajsko marihuano"}]},{"@type":"WebSite","@id":"https:\/\/medicinasinc.com\/sl\/#website","url":"https:\/\/medicinasinc.com\/sl\/","name":"Medicinas Inc","description":"Health Medical Clinic","potentialAction":[{"@type":"SearchAction","target":{"@type":"EntryPoint","urlTemplate":"https:\/\/medicinasinc.com\/sl\/?s={search_term_string}"},"query-input":{"@type":"PropertyValueSpecification","valueRequired":true,"valueName":"search_term_string"}}],"inLanguage":"en-US"}]}},"_links":{"self":[{"href":"https:\/\/medicinasinc.com\/sl\/wp-json\/wp\/v2\/product\/4955","targetHints":{"allow":["GET"]}}],"collection":[{"href":"https:\/\/medicinasinc.com\/sl\/wp-json\/wp\/v2\/product"}],"about":[{"href":"https:\/\/medicinasinc.com\/sl\/wp-json\/wp\/v2\/types\/product"}],"replies":[{"embeddable":true,"href":"https:\/\/medicinasinc.com\/sl\/wp-json\/wp\/v2\/comments?post=4955"}],"wp:featuredmedia":[{"embeddable":true,"href":"https:\/\/medicinasinc.com\/sl\/wp-json\/wp\/v2\/media\/4969"}],"wp:attachment":[{"href":"https:\/\/medicinasinc.com\/sl\/wp-json\/wp\/v2\/media?parent=4955"}],"wp:term":[{"taxonomy":"product_brand","embeddable":true,"href":"https:\/\/medicinasinc.com\/sl\/wp-json\/wp\/v2\/product_brand?post=4955"},{"taxonomy":"product_cat","embeddable":true,"href":"https:\/\/medicinasinc.com\/sl\/wp-json\/wp\/v2\/product_cat?post=4955"},{"taxonomy":"product_tag","embeddable":true,"href":"https:\/\/medicinasinc.com\/sl\/wp-json\/wp\/v2\/product_tag?post=4955"}],"curies":[{"name":"wp","href":"https:\/\/api.w.org\/{rel}","templated":true}]}}