{"id":4953,"date":"2022-02-20T18:14:51","date_gmt":"2022-02-20T18:14:51","guid":{"rendered":"https:\/\/medicinasinc.com\/sl\/?post_type=product&#038;p=4953"},"modified":"2022-03-19T00:47:05","modified_gmt":"2022-03-19T00:47:05","slug":"kupi-dedek-vijolicni-sev","status":"publish","type":"product","link":"https:\/\/medicinasinc.com\/sl\/product\/kupi-dedek-vijolicni-sev\/","title":{"rendered":"Kupite Granddaddy Purple Strain"},"content":{"rendered":"<p>Kupite Granddaddy Purple Marihuana na spletu.<\/p>\n<p>Kupite Granddaddy Purple Marihuana Online.<\/p>\n<p>Granddaddy Purple Marihuana Sev je hibrid \u2013 Sev Granddaddy Purple Marihuana je hibrid \u2013 50 % Sativa \/ 50 % Indica THC: 20%\u201327%, CBD: 1%<\/p>\n<p>Crebral, evforija, veselje, lakota, spro\u0161\u010dujo\u010di u\u010dinki<br \/> Lahko pomaga pri laj\u0161anju artritisa, kroni\u010dne bole\u010dine, depresije, nespe\u010dnosti, Izguba apetita, migrene, mi\u0161i\u010dni kr\u010di, PTSD in okusi stresa<br \/> Sadni, grozdni, borovi in \u200b\u200bsladki okusi<\/p>\n","protected":false},"excerpt":{"rendered":"<p>Kaj morate vedeti, preden kupite Granddaddy Purple? Ta sorta je znana tudi kot GDP in je dobro poznan Indica kri\u017eanec Purple Urkle in Big Bud.<\/p>\n<p>Kupite Granddaddy Purple Marihuana na spletu.<\/p>\n<p>Najbolj\u0161a kanadska WEED po po\u0161ti. ! Ali vas zanima spletni nakup medicinske marihuane v Kanadi?<\/p>\n<p>&nbsp;<\/p>\n<p>&nbsp;<\/p>\n","protected":false},"featured_media":4967,"comment_status":"open","ping_status":"closed","template":"","meta":[],"product_brand":[],"product_cat":[778],"product_tag":[839,836,835,837,838,842,840,841],"class_list":{"0":"post-4953","1":"product","2":"type-product","3":"status-publish","4":"has-post-thumbnail","6":"product_cat-plevel-za-prodajo","7":"product_tag-dedek-vijolini-blizu-mene","8":"product_tag-dedek-daddy-purp-cene","9":"product_tag-dedek-daddy-purp-cart","10":"product_tag-grand-daddy-purple-oil","11":"product_tag-grand-daddy-purple-strain-indica-or-sativa","12":"product_tag-purple-urkle","13":"product_tag-dedek-vijoline-slike-slike","14":"product_tag-vijolino-kush","16":"first","17":"instock","18":"shipping-taxable","19":"purchasable","20":"product-type-simple"},"yoast_head":"<!-- This site is optimized with the Yoast SEO plugin v27.3 - https:\/\/yoast.com\/product\/yoast-seo-wordpress\/ -->\n<title>Kupite Granddaddy Purple Strain - Best Global Meds<\/title>\n<meta name=\"description\" content=\"Kaj morate vedeti, preden kupite sev Granddaddy Purple? Ta sorta, imenovana tudi BDP, je znameniti kri\u017eanec Indica med Purple Urkle in Big Bud.\" \/>\n<meta name=\"robots\" content=\"index, follow, max-snippet:-1, max-image-preview:large, max-video-preview:-1\" \/>\n<link rel=\"canonical\" href=\"https:\/\/medicinasinc.com\/sl\/product\/kupi-dedek-vijolicni-sev\/\" \/>\n<meta property=\"og:locale\" content=\"en_US\" \/>\n<meta property=\"og:type\" content=\"article\" \/>\n<meta property=\"og:title\" content=\"Kupite Granddaddy Purple Strain - Best Global Meds\" \/>\n<meta property=\"og:description\" content=\"Kaj morate vedeti, preden kupite sev Granddaddy Purple? Ta sorta, imenovana tudi BDP, je znameniti kri\u017eanec Indica med Purple Urkle in Big Bud.\" \/>\n<meta property=\"og:url\" content=\"https:\/\/medicinasinc.com\/sl\/product\/kupi-dedek-vijolicni-sev\/\" \/>\n<meta property=\"og:site_name\" content=\"Medicinas Inc\" \/>\n<meta property=\"article:modified_time\" content=\"2022-03-19T00:47:05+00:00\" \/>\n<meta property=\"og:image\" content=\"https:\/\/medicinasinc.com\/sl\/wp-content\/uploads\/sites\/7\/2022\/02\/Buy-Granddaddy-Purple-Strain.jpg\" \/>\n\t<meta property=\"og:image:width\" content=\"1822\" \/>\n\t<meta property=\"og:image:height\" content=\"2429\" \/>\n\t<meta property=\"og:image:type\" content=\"image\/jpeg\" \/>\n<meta name=\"twitter:card\" content=\"summary_large_image\" \/>\n<meta name=\"twitter:label1\" content=\"Est. reading time\" \/>\n\t<meta name=\"twitter:data1\" content=\"1 minute\" \/>\n<script type=\"application\/ld+json\" class=\"yoast-schema-graph\">{\"@context\":\"https:\\\/\\\/schema.org\",\"@graph\":[{\"@type\":\"WebPage\",\"@id\":\"https:\\\/\\\/medicinasinc.com\\\/sl\\\/product\\\/kupi-dedek-vijolicni-sev\\\/\",\"url\":\"https:\\\/\\\/medicinasinc.com\\\/sl\\\/product\\\/kupi-dedek-vijolicni-sev\\\/\",\"name\":\"Kupite Granddaddy Purple Strain - Best Global Meds\",\"isPartOf\":{\"@id\":\"https:\\\/\\\/medicinasinc.com\\\/sl\\\/#website\"},\"primaryImageOfPage\":{\"@id\":\"https:\\\/\\\/medicinasinc.com\\\/sl\\\/product\\\/kupi-dedek-vijolicni-sev\\\/#primaryimage\"},\"image\":{\"@id\":\"https:\\\/\\\/medicinasinc.com\\\/sl\\\/product\\\/kupi-dedek-vijolicni-sev\\\/#primaryimage\"},\"thumbnailUrl\":\"https:\\\/\\\/medicinasinc.com\\\/sl\\\/wp-content\\\/uploads\\\/sites\\\/7\\\/2022\\\/02\\\/Buy-Granddaddy-Purple-Strain.jpg\",\"datePublished\":\"2022-02-20T18:14:51+00:00\",\"dateModified\":\"2022-03-19T00:47:05+00:00\",\"description\":\"Kaj morate vedeti, preden kupite sev Granddaddy Purple? Ta sorta, imenovana tudi BDP, je znameniti kri\u017eanec Indica med Purple Urkle in Big Bud.\",\"breadcrumb\":{\"@id\":\"https:\\\/\\\/medicinasinc.com\\\/sl\\\/product\\\/kupi-dedek-vijolicni-sev\\\/#breadcrumb\"},\"inLanguage\":\"en-US\",\"potentialAction\":[{\"@type\":\"ReadAction\",\"target\":[\"https:\\\/\\\/medicinasinc.com\\\/sl\\\/product\\\/kupi-dedek-vijolicni-sev\\\/\"]}]},{\"@type\":\"ImageObject\",\"inLanguage\":\"en-US\",\"@id\":\"https:\\\/\\\/medicinasinc.com\\\/sl\\\/product\\\/kupi-dedek-vijolicni-sev\\\/#primaryimage\",\"url\":\"https:\\\/\\\/medicinasinc.com\\\/sl\\\/wp-content\\\/uploads\\\/sites\\\/7\\\/2022\\\/02\\\/Buy-Granddaddy-Purple-Strain.jpg\",\"contentUrl\":\"https:\\\/\\\/medicinasinc.com\\\/sl\\\/wp-content\\\/uploads\\\/sites\\\/7\\\/2022\\\/02\\\/Buy-Granddaddy-Purple-Strain.jpg\",\"width\":1822,\"height\":2429},{\"@type\":\"BreadcrumbList\",\"@id\":\"https:\\\/\\\/medicinasinc.com\\\/sl\\\/product\\\/kupi-dedek-vijolicni-sev\\\/#breadcrumb\",\"itemListElement\":[{\"@type\":\"ListItem\",\"position\":1,\"name\":\"Nakupujte\",\"item\":\"https:\\\/\\\/medicinasinc.com\\\/sl\\\/nakupujte\\\/\"},{\"@type\":\"ListItem\",\"position\":2,\"name\":\"Kupite Granddaddy Purple Strain\"}]},{\"@type\":\"WebSite\",\"@id\":\"https:\\\/\\\/medicinasinc.com\\\/sl\\\/#website\",\"url\":\"https:\\\/\\\/medicinasinc.com\\\/sl\\\/\",\"name\":\"Medicinas Inc\",\"description\":\"Health Medical Clinic\",\"potentialAction\":[{\"@type\":\"SearchAction\",\"target\":{\"@type\":\"EntryPoint\",\"urlTemplate\":\"https:\\\/\\\/medicinasinc.com\\\/sl\\\/?s={search_term_string}\"},\"query-input\":{\"@type\":\"PropertyValueSpecification\",\"valueRequired\":true,\"valueName\":\"search_term_string\"}}],\"inLanguage\":\"en-US\"}]}<\/script>\n<!-- \/ Yoast SEO plugin. -->","yoast_head_json":{"title":"Kupite Granddaddy Purple Strain - Best Global Meds","description":"Kaj morate vedeti, preden kupite sev Granddaddy Purple? Ta sorta, imenovana tudi BDP, je znameniti kri\u017eanec Indica med Purple Urkle in Big Bud.","robots":{"index":"index","follow":"follow","max-snippet":"max-snippet:-1","max-image-preview":"max-image-preview:large","max-video-preview":"max-video-preview:-1"},"canonical":"https:\/\/medicinasinc.com\/sl\/product\/kupi-dedek-vijolicni-sev\/","og_locale":"en_US","og_type":"article","og_title":"Kupite Granddaddy Purple Strain - Best Global Meds","og_description":"Kaj morate vedeti, preden kupite sev Granddaddy Purple? Ta sorta, imenovana tudi BDP, je znameniti kri\u017eanec Indica med Purple Urkle in Big Bud.","og_url":"https:\/\/medicinasinc.com\/sl\/product\/kupi-dedek-vijolicni-sev\/","og_site_name":"Medicinas Inc","article_modified_time":"2022-03-19T00:47:05+00:00","og_image":[{"width":1822,"height":2429,"url":"https:\/\/medicinasinc.com\/sl\/wp-content\/uploads\/sites\/7\/2022\/02\/Buy-Granddaddy-Purple-Strain.jpg","type":"image\/jpeg"}],"twitter_card":"summary_large_image","twitter_misc":{"Est. reading time":"1 minute"},"schema":{"@context":"https:\/\/schema.org","@graph":[{"@type":"WebPage","@id":"https:\/\/medicinasinc.com\/sl\/product\/kupi-dedek-vijolicni-sev\/","url":"https:\/\/medicinasinc.com\/sl\/product\/kupi-dedek-vijolicni-sev\/","name":"Kupite Granddaddy Purple Strain - Best Global Meds","isPartOf":{"@id":"https:\/\/medicinasinc.com\/sl\/#website"},"primaryImageOfPage":{"@id":"https:\/\/medicinasinc.com\/sl\/product\/kupi-dedek-vijolicni-sev\/#primaryimage"},"image":{"@id":"https:\/\/medicinasinc.com\/sl\/product\/kupi-dedek-vijolicni-sev\/#primaryimage"},"thumbnailUrl":"https:\/\/medicinasinc.com\/sl\/wp-content\/uploads\/sites\/7\/2022\/02\/Buy-Granddaddy-Purple-Strain.jpg","datePublished":"2022-02-20T18:14:51+00:00","dateModified":"2022-03-19T00:47:05+00:00","description":"Kaj morate vedeti, preden kupite sev Granddaddy Purple? Ta sorta, imenovana tudi BDP, je znameniti kri\u017eanec Indica med Purple Urkle in Big Bud.","breadcrumb":{"@id":"https:\/\/medicinasinc.com\/sl\/product\/kupi-dedek-vijolicni-sev\/#breadcrumb"},"inLanguage":"en-US","potentialAction":[{"@type":"ReadAction","target":["https:\/\/medicinasinc.com\/sl\/product\/kupi-dedek-vijolicni-sev\/"]}]},{"@type":"ImageObject","inLanguage":"en-US","@id":"https:\/\/medicinasinc.com\/sl\/product\/kupi-dedek-vijolicni-sev\/#primaryimage","url":"https:\/\/medicinasinc.com\/sl\/wp-content\/uploads\/sites\/7\/2022\/02\/Buy-Granddaddy-Purple-Strain.jpg","contentUrl":"https:\/\/medicinasinc.com\/sl\/wp-content\/uploads\/sites\/7\/2022\/02\/Buy-Granddaddy-Purple-Strain.jpg","width":1822,"height":2429},{"@type":"BreadcrumbList","@id":"https:\/\/medicinasinc.com\/sl\/product\/kupi-dedek-vijolicni-sev\/#breadcrumb","itemListElement":[{"@type":"ListItem","position":1,"name":"Nakupujte","item":"https:\/\/medicinasinc.com\/sl\/nakupujte\/"},{"@type":"ListItem","position":2,"name":"Kupite Granddaddy Purple Strain"}]},{"@type":"WebSite","@id":"https:\/\/medicinasinc.com\/sl\/#website","url":"https:\/\/medicinasinc.com\/sl\/","name":"Medicinas Inc","description":"Health Medical Clinic","potentialAction":[{"@type":"SearchAction","target":{"@type":"EntryPoint","urlTemplate":"https:\/\/medicinasinc.com\/sl\/?s={search_term_string}"},"query-input":{"@type":"PropertyValueSpecification","valueRequired":true,"valueName":"search_term_string"}}],"inLanguage":"en-US"}]}},"_links":{"self":[{"href":"https:\/\/medicinasinc.com\/sl\/wp-json\/wp\/v2\/product\/4953","targetHints":{"allow":["GET"]}}],"collection":[{"href":"https:\/\/medicinasinc.com\/sl\/wp-json\/wp\/v2\/product"}],"about":[{"href":"https:\/\/medicinasinc.com\/sl\/wp-json\/wp\/v2\/types\/product"}],"replies":[{"embeddable":true,"href":"https:\/\/medicinasinc.com\/sl\/wp-json\/wp\/v2\/comments?post=4953"}],"wp:featuredmedia":[{"embeddable":true,"href":"https:\/\/medicinasinc.com\/sl\/wp-json\/wp\/v2\/media\/4967"}],"wp:attachment":[{"href":"https:\/\/medicinasinc.com\/sl\/wp-json\/wp\/v2\/media?parent=4953"}],"wp:term":[{"taxonomy":"product_brand","embeddable":true,"href":"https:\/\/medicinasinc.com\/sl\/wp-json\/wp\/v2\/product_brand?post=4953"},{"taxonomy":"product_cat","embeddable":true,"href":"https:\/\/medicinasinc.com\/sl\/wp-json\/wp\/v2\/product_cat?post=4953"},{"taxonomy":"product_tag","embeddable":true,"href":"https:\/\/medicinasinc.com\/sl\/wp-json\/wp\/v2\/product_tag?post=4953"}],"curies":[{"name":"wp","href":"https:\/\/api.w.org\/{rel}","templated":true}]}}