{"id":4946,"date":"2022-02-20T18:08:57","date_gmt":"2022-02-20T18:08:57","guid":{"rendered":"https:\/\/medicinasinc.com\/sl\/?post_type=product&#038;p=4946"},"modified":"2022-03-19T00:49:28","modified_gmt":"2022-03-19T00:49:28","slug":"kupi-gorila-keks-marihuano","status":"publish","type":"product","link":"https:\/\/medicinasinc.com\/sl\/product\/kupi-gorila-keks-marihuano\/","title":{"rendered":"Kupite marihuano Gorilla Biscuit"},"content":{"rendered":"<h1><\/h1>\n<p>Spletni nakup seva marihuane Gorilla Biscuit.<\/p>\n<p>Spletni nakup seva marihuane Gorilla Biscuit.<\/p>\n<p>Marihuana iz pi\u0161kotov gorilla je Indica. Dominantni hibrid &#8211; 60 % Indica \/ 40 % sativa Vsebnost THC v sativi: 15 %\u201320 %<\/p>\n<p>Vzbujenost, evforija, lakota, sprostitev in zaspanost<br \/> Lahko pomaga pri zdravljenju anoreksije, kr\u010dev , okusi depresije, nespe\u010dnosti in stresa<br \/> Arome kave, limone in bora<br \/> zemeljski, pikantni in za\u010dinjeni<\/p>\n<p>Gorilla biscuit by Seeds of Compassion je indijski prevladujo\u010di rez iz sti\u010di\u0161\u010da fenotipov terpentina in Stardawg IX Sensi Star. Ta nenavadna in precej staro\u0161olska me\u0161anica je dobila ime po metakvalonu, pogosto znanem kot quaaludes, zdravilu s pomirjujo\u010dim in eksoti\u010dnim u\u010dinkom na telo. Njegovo imetje se nadaljuje na podoben pomirjujo\u010d na\u010din, pri \u010demer ostanejo nastavki tehtni in ohlapni. Gorilla Biscuit ima mo\u010dan terpenski profil, z mo\u010dno aromo po borovem solju in kavnih zrnih.<\/p>\n<p>Gorilla Biscuits Sor: Resni\u010dna sorta pi\u0161kotov Gorilla OG se postopoma razvija in gradi do stanja navdu\u0161enja, ki traja \u0161e dolgo dalj\u0161e \u010dasovno obdobje. Ko njene stvari popolnoma prevzamejo va\u0161e misli in telo, va\u0161a razmi\u0161ljanja morda ne bodo tako jasna, kot so bila pred nekaj urami. Najbolj viden vidik va\u0161e izku\u0161nje bo trden vtis zaklepanja ljubezenskega sede\u017ea, ki bo ote\u017eila zadovoljitev zahrbtnih sladkarij. Na\u0161 predlog je, da napredujemo preko \u010dasa s pometanjem, blazinico in veliko koli\u010dino hrane v dosegu roke. Ta nenavadna in precej staro\u0161olska me\u0161anica je dobila ime po metakvalonu, pogosto znanem kot quaaludes, zdravilu s pomirjujo\u010dim in eksoti\u010dnim u\u010dinkom na telo. Njegovo imetje se nadaljuje na podoben pomirjujo\u010d na\u010din, pri \u010demer ostanejo nastavki tehtni in ohlapni. Gorilla Biscuit ima robusten terpenski profil z mo\u010dno aromo po borovini in kavni burbonu.<\/p>\n","protected":false},"excerpt":{"rendered":"<p>Kupite Gorilla Biscuit Marihuana Strain na spletu. Z ve\u010d kot 15-letnimi izku\u0161njami v sektorju medicinske marihuane smo vodilni v Kanadi pri naro\u010dilu konoplje po po\u0161ti.<\/p>\n","protected":false},"featured_media":4960,"comment_status":"open","ping_status":"closed","template":"","meta":[],"product_brand":[],"product_cat":[778],"product_tag":[827,828,829,830,831,832,833,834],"class_list":{"0":"post-4946","1":"product","2":"type-product","3":"status-publish","4":"has-post-thumbnail","6":"product_cat-plevel-za-prodajo","7":"product_tag-biskvit-seva","8":"product_tag-bizkitz-strain","9":"product_tag-california-orange-strain","10":"product_tag-ecto-cooler-strain","11":"product_tag-gorilla-biscuits-drug","12":"product_tag-gorila-pikoti-merch","13":"product_tag-grozdja-hladilnik-seva","14":"product_tag-sugar-biscuits-strain","16":"first","17":"instock","18":"shipping-taxable","19":"purchasable","20":"product-type-variable","21":"has-default-attributes"},"yoast_head":"<!-- This site is optimized with the Yoast SEO plugin v27.3 - https:\/\/yoast.com\/product\/yoast-seo-wordpress\/ -->\n<title>Kupite marihuano Gorilla Biscuit - najbolj\u0161a najbolj\u0161a zdravila na svetu<\/title>\n<meta name=\"description\" content=\"Kupite Gorilla Biscuit Marihuana Strain za prodajo na spletu. Vodilni na podro\u010dju naro\u010dil konoplje po po\u0161ti v Kanadi z ve\u010d kot 15-letnimi izku\u0161njami v industriji medicinske marihuane.\" \/>\n<meta name=\"robots\" content=\"index, follow, max-snippet:-1, max-image-preview:large, max-video-preview:-1\" \/>\n<link rel=\"canonical\" href=\"https:\/\/medicinasinc.com\/sl\/product\/kupi-gorila-keks-marihuano\/\" \/>\n<meta property=\"og:locale\" content=\"en_US\" \/>\n<meta property=\"og:type\" content=\"article\" \/>\n<meta property=\"og:title\" content=\"Kupite marihuano Gorilla Biscuit - najbolj\u0161a najbolj\u0161a zdravila na svetu\" \/>\n<meta property=\"og:description\" content=\"Kupite Gorilla Biscuit Marihuana Strain za prodajo na spletu. Vodilni na podro\u010dju naro\u010dil konoplje po po\u0161ti v Kanadi z ve\u010d kot 15-letnimi izku\u0161njami v industriji medicinske marihuane.\" \/>\n<meta property=\"og:url\" content=\"https:\/\/medicinasinc.com\/sl\/product\/kupi-gorila-keks-marihuano\/\" \/>\n<meta property=\"og:site_name\" content=\"Medicinas Inc\" \/>\n<meta property=\"article:modified_time\" content=\"2022-03-19T00:49:28+00:00\" \/>\n<meta property=\"og:image\" content=\"https:\/\/medicinasinc.com\/sl\/wp-content\/uploads\/sites\/7\/2022\/02\/Buy-Gorilla-Biscuit-Marijuana.jpg\" \/>\n\t<meta property=\"og:image:width\" content=\"420\" \/>\n\t<meta property=\"og:image:height\" content=\"630\" \/>\n\t<meta property=\"og:image:type\" content=\"image\/jpeg\" \/>\n<meta name=\"twitter:card\" content=\"summary_large_image\" \/>\n<meta name=\"twitter:label1\" content=\"Est. reading time\" \/>\n\t<meta name=\"twitter:data1\" content=\"2 minutes\" \/>\n<script type=\"application\/ld+json\" class=\"yoast-schema-graph\">{\"@context\":\"https:\\\/\\\/schema.org\",\"@graph\":[{\"@type\":\"WebPage\",\"@id\":\"https:\\\/\\\/medicinasinc.com\\\/sl\\\/product\\\/kupi-gorila-keks-marihuano\\\/\",\"url\":\"https:\\\/\\\/medicinasinc.com\\\/sl\\\/product\\\/kupi-gorila-keks-marihuano\\\/\",\"name\":\"Kupite marihuano Gorilla Biscuit - najbolj\u0161a najbolj\u0161a zdravila na svetu\",\"isPartOf\":{\"@id\":\"https:\\\/\\\/medicinasinc.com\\\/sl\\\/#website\"},\"primaryImageOfPage\":{\"@id\":\"https:\\\/\\\/medicinasinc.com\\\/sl\\\/product\\\/kupi-gorila-keks-marihuano\\\/#primaryimage\"},\"image\":{\"@id\":\"https:\\\/\\\/medicinasinc.com\\\/sl\\\/product\\\/kupi-gorila-keks-marihuano\\\/#primaryimage\"},\"thumbnailUrl\":\"https:\\\/\\\/medicinasinc.com\\\/sl\\\/wp-content\\\/uploads\\\/sites\\\/7\\\/2022\\\/02\\\/Buy-Gorilla-Biscuit-Marijuana.jpg\",\"datePublished\":\"2022-02-20T18:08:57+00:00\",\"dateModified\":\"2022-03-19T00:49:28+00:00\",\"description\":\"Kupite Gorilla Biscuit Marihuana Strain za prodajo na spletu. Vodilni na podro\u010dju naro\u010dil konoplje po po\u0161ti v Kanadi z ve\u010d kot 15-letnimi izku\u0161njami v industriji medicinske marihuane.\",\"breadcrumb\":{\"@id\":\"https:\\\/\\\/medicinasinc.com\\\/sl\\\/product\\\/kupi-gorila-keks-marihuano\\\/#breadcrumb\"},\"inLanguage\":\"en-US\",\"potentialAction\":[{\"@type\":\"ReadAction\",\"target\":[\"https:\\\/\\\/medicinasinc.com\\\/sl\\\/product\\\/kupi-gorila-keks-marihuano\\\/\"]}]},{\"@type\":\"ImageObject\",\"inLanguage\":\"en-US\",\"@id\":\"https:\\\/\\\/medicinasinc.com\\\/sl\\\/product\\\/kupi-gorila-keks-marihuano\\\/#primaryimage\",\"url\":\"https:\\\/\\\/medicinasinc.com\\\/sl\\\/wp-content\\\/uploads\\\/sites\\\/7\\\/2022\\\/02\\\/Buy-Gorilla-Biscuit-Marijuana.jpg\",\"contentUrl\":\"https:\\\/\\\/medicinasinc.com\\\/sl\\\/wp-content\\\/uploads\\\/sites\\\/7\\\/2022\\\/02\\\/Buy-Gorilla-Biscuit-Marijuana.jpg\",\"width\":420,\"height\":630},{\"@type\":\"BreadcrumbList\",\"@id\":\"https:\\\/\\\/medicinasinc.com\\\/sl\\\/product\\\/kupi-gorila-keks-marihuano\\\/#breadcrumb\",\"itemListElement\":[{\"@type\":\"ListItem\",\"position\":1,\"name\":\"Nakupujte\",\"item\":\"https:\\\/\\\/medicinasinc.com\\\/sl\\\/nakupujte\\\/\"},{\"@type\":\"ListItem\",\"position\":2,\"name\":\"Kupite marihuano Gorilla Biscuit\"}]},{\"@type\":\"WebSite\",\"@id\":\"https:\\\/\\\/medicinasinc.com\\\/sl\\\/#website\",\"url\":\"https:\\\/\\\/medicinasinc.com\\\/sl\\\/\",\"name\":\"Medicinas Inc\",\"description\":\"Health Medical Clinic\",\"potentialAction\":[{\"@type\":\"SearchAction\",\"target\":{\"@type\":\"EntryPoint\",\"urlTemplate\":\"https:\\\/\\\/medicinasinc.com\\\/sl\\\/?s={search_term_string}\"},\"query-input\":{\"@type\":\"PropertyValueSpecification\",\"valueRequired\":true,\"valueName\":\"search_term_string\"}}],\"inLanguage\":\"en-US\"}]}<\/script>\n<!-- \/ Yoast SEO plugin. -->","yoast_head_json":{"title":"Kupite marihuano Gorilla Biscuit - najbolj\u0161a najbolj\u0161a zdravila na svetu","description":"Kupite Gorilla Biscuit Marihuana Strain za prodajo na spletu. Vodilni na podro\u010dju naro\u010dil konoplje po po\u0161ti v Kanadi z ve\u010d kot 15-letnimi izku\u0161njami v industriji medicinske marihuane.","robots":{"index":"index","follow":"follow","max-snippet":"max-snippet:-1","max-image-preview":"max-image-preview:large","max-video-preview":"max-video-preview:-1"},"canonical":"https:\/\/medicinasinc.com\/sl\/product\/kupi-gorila-keks-marihuano\/","og_locale":"en_US","og_type":"article","og_title":"Kupite marihuano Gorilla Biscuit - najbolj\u0161a najbolj\u0161a zdravila na svetu","og_description":"Kupite Gorilla Biscuit Marihuana Strain za prodajo na spletu. Vodilni na podro\u010dju naro\u010dil konoplje po po\u0161ti v Kanadi z ve\u010d kot 15-letnimi izku\u0161njami v industriji medicinske marihuane.","og_url":"https:\/\/medicinasinc.com\/sl\/product\/kupi-gorila-keks-marihuano\/","og_site_name":"Medicinas Inc","article_modified_time":"2022-03-19T00:49:28+00:00","og_image":[{"width":420,"height":630,"url":"https:\/\/medicinasinc.com\/sl\/wp-content\/uploads\/sites\/7\/2022\/02\/Buy-Gorilla-Biscuit-Marijuana.jpg","type":"image\/jpeg"}],"twitter_card":"summary_large_image","twitter_misc":{"Est. reading time":"2 minutes"},"schema":{"@context":"https:\/\/schema.org","@graph":[{"@type":"WebPage","@id":"https:\/\/medicinasinc.com\/sl\/product\/kupi-gorila-keks-marihuano\/","url":"https:\/\/medicinasinc.com\/sl\/product\/kupi-gorila-keks-marihuano\/","name":"Kupite marihuano Gorilla Biscuit - najbolj\u0161a najbolj\u0161a zdravila na svetu","isPartOf":{"@id":"https:\/\/medicinasinc.com\/sl\/#website"},"primaryImageOfPage":{"@id":"https:\/\/medicinasinc.com\/sl\/product\/kupi-gorila-keks-marihuano\/#primaryimage"},"image":{"@id":"https:\/\/medicinasinc.com\/sl\/product\/kupi-gorila-keks-marihuano\/#primaryimage"},"thumbnailUrl":"https:\/\/medicinasinc.com\/sl\/wp-content\/uploads\/sites\/7\/2022\/02\/Buy-Gorilla-Biscuit-Marijuana.jpg","datePublished":"2022-02-20T18:08:57+00:00","dateModified":"2022-03-19T00:49:28+00:00","description":"Kupite Gorilla Biscuit Marihuana Strain za prodajo na spletu. Vodilni na podro\u010dju naro\u010dil konoplje po po\u0161ti v Kanadi z ve\u010d kot 15-letnimi izku\u0161njami v industriji medicinske marihuane.","breadcrumb":{"@id":"https:\/\/medicinasinc.com\/sl\/product\/kupi-gorila-keks-marihuano\/#breadcrumb"},"inLanguage":"en-US","potentialAction":[{"@type":"ReadAction","target":["https:\/\/medicinasinc.com\/sl\/product\/kupi-gorila-keks-marihuano\/"]}]},{"@type":"ImageObject","inLanguage":"en-US","@id":"https:\/\/medicinasinc.com\/sl\/product\/kupi-gorila-keks-marihuano\/#primaryimage","url":"https:\/\/medicinasinc.com\/sl\/wp-content\/uploads\/sites\/7\/2022\/02\/Buy-Gorilla-Biscuit-Marijuana.jpg","contentUrl":"https:\/\/medicinasinc.com\/sl\/wp-content\/uploads\/sites\/7\/2022\/02\/Buy-Gorilla-Biscuit-Marijuana.jpg","width":420,"height":630},{"@type":"BreadcrumbList","@id":"https:\/\/medicinasinc.com\/sl\/product\/kupi-gorila-keks-marihuano\/#breadcrumb","itemListElement":[{"@type":"ListItem","position":1,"name":"Nakupujte","item":"https:\/\/medicinasinc.com\/sl\/nakupujte\/"},{"@type":"ListItem","position":2,"name":"Kupite marihuano Gorilla Biscuit"}]},{"@type":"WebSite","@id":"https:\/\/medicinasinc.com\/sl\/#website","url":"https:\/\/medicinasinc.com\/sl\/","name":"Medicinas Inc","description":"Health Medical Clinic","potentialAction":[{"@type":"SearchAction","target":{"@type":"EntryPoint","urlTemplate":"https:\/\/medicinasinc.com\/sl\/?s={search_term_string}"},"query-input":{"@type":"PropertyValueSpecification","valueRequired":true,"valueName":"search_term_string"}}],"inLanguage":"en-US"}]}},"_links":{"self":[{"href":"https:\/\/medicinasinc.com\/sl\/wp-json\/wp\/v2\/product\/4946","targetHints":{"allow":["GET"]}}],"collection":[{"href":"https:\/\/medicinasinc.com\/sl\/wp-json\/wp\/v2\/product"}],"about":[{"href":"https:\/\/medicinasinc.com\/sl\/wp-json\/wp\/v2\/types\/product"}],"replies":[{"embeddable":true,"href":"https:\/\/medicinasinc.com\/sl\/wp-json\/wp\/v2\/comments?post=4946"}],"wp:featuredmedia":[{"embeddable":true,"href":"https:\/\/medicinasinc.com\/sl\/wp-json\/wp\/v2\/media\/4960"}],"wp:attachment":[{"href":"https:\/\/medicinasinc.com\/sl\/wp-json\/wp\/v2\/media?parent=4946"}],"wp:term":[{"taxonomy":"product_brand","embeddable":true,"href":"https:\/\/medicinasinc.com\/sl\/wp-json\/wp\/v2\/product_brand?post=4946"},{"taxonomy":"product_cat","embeddable":true,"href":"https:\/\/medicinasinc.com\/sl\/wp-json\/wp\/v2\/product_cat?post=4946"},{"taxonomy":"product_tag","embeddable":true,"href":"https:\/\/medicinasinc.com\/sl\/wp-json\/wp\/v2\/product_tag?post=4946"}],"curies":[{"name":"wp","href":"https:\/\/api.w.org\/{rel}","templated":true}]}}