{"id":4940,"date":"2022-02-20T18:04:10","date_gmt":"2022-02-20T18:04:10","guid":{"rendered":"https:\/\/medicinasinc.com\/sl\/?post_type=product&#038;p=4940"},"modified":"2022-03-19T00:49:41","modified_gmt":"2022-03-19T00:49:41","slug":"kupi-durban-strup-marihuano","status":"publish","type":"product","link":"https:\/\/medicinasinc.com\/sl\/product\/kupi-durban-strup-marihuano\/","title":{"rendered":"Kupite Durban Poison Marihuano"},"content":{"rendered":"<p>Spletni nakup sorte Durban Poison Marihuana Strain<\/p>\n<p>Ta zelo mo\u010dan sev bo mo\u010dno prizadel mo\u017egane. Durban Poison je \u010disti sev sativa, ki je ljubljeni samooplodni potomec ju\u017enoafri\u0161kega seva sativa. V sedemdesetih letih prej\u0161njega stoletja je Ed Rosenthal, ameri\u0161ki aktivist za konopljo, identificiral prvotni sev in ga predstavil v Zdru\u017eenih dr\u017eavah. V tem mestu je \u017ee dolgo priljubljen med stonerji in bolniki z medicinsko marihuano. Durban Poison ima vsebnost THC-ja do 24 %, zaradi \u010desar je eden najmo\u010dnej\u0161ih sevov, ki so na voljo. Ta sev zagotavlja mo\u010dno, prijetno dvignjeno glavo, ki je idealna za ustvarjalne podvige in dnevne aktivnosti. Poleg suhih ust je mo\u017een \u0161kodljiv u\u010dinek tudi paranoja. Durbanski strup je mo\u010dno zdravilo za depresijo in anksioznost, pa tudi za kroni\u010dno bole\u010dino in slabost. Ta sorta je dobra za ustvarjanje koncentratov zaradi obilice velikih trihomov na popku. Prevladujo\u010di vonj in okus Durban Poisona sta zemeljska in sladka, z rahlo aromo po borovem. Brsti so okrogli in debeli, pokriti z obilnimi trihomi. Ta vrsta je idealna za obdobja telesne dejavnosti, opravila in druge dnevne aktivnosti.<\/p>\n","protected":false},"excerpt":{"rendered":"<div class=\"woocommerce-product-details__short-description\">\n<p>Durban Poison ima vsebnost THC-ja do 24%, zaradi \u010desar je eden izmed svetovnih&#8217;s&#8230; da te trgovine prodajajo nekaj teh edinstvenih sevov.<\/p>\n<p>Sev Durban Poison je zaradi svoje prijetne arome in po\u017eivljajo\u010dih in po\u017eivljajo\u010dih u\u010dinkov pridobil svetovno privla\u010dnost. Prosimo, obi\u0161\u010dite nas.<\/p>\n<p>Durban Poison Marihuana Sev je mogo\u010de kupiti na spletu. Durban Poison je afri\u0161ka sorta konoplje Sativa Landrace. Odli\u010dno za bolnike, ki i\u0161\u010dejo mo\u010dan mo\u017eganski napor, ki bo pomagal v boju proti stresu in utrujenosti.<\/p>\n<\/p><\/div>\n","protected":false},"featured_media":4954,"comment_status":"open","ping_status":"closed","template":"","meta":[],"product_brand":[],"product_cat":[778],"product_tag":[819,821,822,824,820,825,826,823],"class_list":{"0":"post-4940","1":"product","2":"type-product","3":"status-publish","4":"has-post-thumbnail","6":"product_cat-plevel-za-prodajo","7":"product_tag-best-durban-poison-seeds","8":"product_tag-durban-poison-crosses","9":"product_tag-durban-poison-grow","10":"product_tag-durban-strup-semena-juna-afrika","11":"product_tag-durban-poison-autoflower","12":"product_tag-durban-strup-veg-time","13":"product_tag-is-durban-the-same-as-durban-poison","14":"product_tag-durban-strup-zgodovina","16":"first","17":"instock","18":"shipping-taxable","19":"purchasable","20":"product-type-variable","21":"has-default-attributes"},"yoast_head":"<!-- This site is optimized with the Yoast SEO plugin v27.3 - https:\/\/yoast.com\/product\/yoast-seo-wordpress\/ -->\n<title>Kupite Durban Poison Marihuano - najbolj\u0161a najbolj\u0161a zdravila na svetu<\/title>\n<meta name=\"description\" content=\"Kupite sev Durban Poison\u00a0za prodajo prek spleta, je postal priljubljen po vsem svetu zaradi svojega sladkega vonja in energi\u010dnega, po\u017eivljajo\u010dega u\u010dinka. Prosimo, obi\u0161\u010dite nas.\" \/>\n<meta name=\"robots\" content=\"index, follow, max-snippet:-1, max-image-preview:large, max-video-preview:-1\" \/>\n<link rel=\"canonical\" href=\"https:\/\/medicinasinc.com\/sl\/product\/kupi-durban-strup-marihuano\/\" \/>\n<meta property=\"og:locale\" content=\"en_US\" \/>\n<meta property=\"og:type\" content=\"article\" \/>\n<meta property=\"og:title\" content=\"Kupite Durban Poison Marihuano - najbolj\u0161a najbolj\u0161a zdravila na svetu\" \/>\n<meta property=\"og:description\" content=\"Kupite sev Durban Poison\u00a0za prodajo prek spleta, je postal priljubljen po vsem svetu zaradi svojega sladkega vonja in energi\u010dnega, po\u017eivljajo\u010dega u\u010dinka. Prosimo, obi\u0161\u010dite nas.\" \/>\n<meta property=\"og:url\" content=\"https:\/\/medicinasinc.com\/sl\/product\/kupi-durban-strup-marihuano\/\" \/>\n<meta property=\"og:site_name\" content=\"Medicinas Inc\" \/>\n<meta property=\"article:modified_time\" content=\"2022-03-19T00:49:41+00:00\" \/>\n<meta property=\"og:image\" content=\"https:\/\/medicinasinc.com\/sl\/wp-content\/uploads\/sites\/7\/2022\/02\/Buy-Durban-Poison-Marijuana.jpg\" \/>\n\t<meta property=\"og:image:width\" content=\"225\" \/>\n\t<meta property=\"og:image:height\" content=\"225\" \/>\n\t<meta property=\"og:image:type\" content=\"image\/jpeg\" \/>\n<meta name=\"twitter:card\" content=\"summary_large_image\" \/>\n<meta name=\"twitter:label1\" content=\"Est. reading time\" \/>\n\t<meta name=\"twitter:data1\" content=\"1 minute\" \/>\n<script type=\"application\/ld+json\" class=\"yoast-schema-graph\">{\"@context\":\"https:\\\/\\\/schema.org\",\"@graph\":[{\"@type\":\"WebPage\",\"@id\":\"https:\\\/\\\/medicinasinc.com\\\/sl\\\/product\\\/kupi-durban-strup-marihuano\\\/\",\"url\":\"https:\\\/\\\/medicinasinc.com\\\/sl\\\/product\\\/kupi-durban-strup-marihuano\\\/\",\"name\":\"Kupite Durban Poison Marihuano - najbolj\u0161a najbolj\u0161a zdravila na svetu\",\"isPartOf\":{\"@id\":\"https:\\\/\\\/medicinasinc.com\\\/sl\\\/#website\"},\"primaryImageOfPage\":{\"@id\":\"https:\\\/\\\/medicinasinc.com\\\/sl\\\/product\\\/kupi-durban-strup-marihuano\\\/#primaryimage\"},\"image\":{\"@id\":\"https:\\\/\\\/medicinasinc.com\\\/sl\\\/product\\\/kupi-durban-strup-marihuano\\\/#primaryimage\"},\"thumbnailUrl\":\"https:\\\/\\\/medicinasinc.com\\\/sl\\\/wp-content\\\/uploads\\\/sites\\\/7\\\/2022\\\/02\\\/Buy-Durban-Poison-Marijuana.jpg\",\"datePublished\":\"2022-02-20T18:04:10+00:00\",\"dateModified\":\"2022-03-19T00:49:41+00:00\",\"description\":\"Kupite sev Durban Poison\u00a0za prodajo prek spleta, je postal priljubljen po vsem svetu zaradi svojega sladkega vonja in energi\u010dnega, po\u017eivljajo\u010dega u\u010dinka. Prosimo, obi\u0161\u010dite nas.\",\"breadcrumb\":{\"@id\":\"https:\\\/\\\/medicinasinc.com\\\/sl\\\/product\\\/kupi-durban-strup-marihuano\\\/#breadcrumb\"},\"inLanguage\":\"en-US\",\"potentialAction\":[{\"@type\":\"ReadAction\",\"target\":[\"https:\\\/\\\/medicinasinc.com\\\/sl\\\/product\\\/kupi-durban-strup-marihuano\\\/\"]}]},{\"@type\":\"ImageObject\",\"inLanguage\":\"en-US\",\"@id\":\"https:\\\/\\\/medicinasinc.com\\\/sl\\\/product\\\/kupi-durban-strup-marihuano\\\/#primaryimage\",\"url\":\"https:\\\/\\\/medicinasinc.com\\\/sl\\\/wp-content\\\/uploads\\\/sites\\\/7\\\/2022\\\/02\\\/Buy-Durban-Poison-Marijuana.jpg\",\"contentUrl\":\"https:\\\/\\\/medicinasinc.com\\\/sl\\\/wp-content\\\/uploads\\\/sites\\\/7\\\/2022\\\/02\\\/Buy-Durban-Poison-Marijuana.jpg\",\"width\":225,\"height\":225},{\"@type\":\"BreadcrumbList\",\"@id\":\"https:\\\/\\\/medicinasinc.com\\\/sl\\\/product\\\/kupi-durban-strup-marihuano\\\/#breadcrumb\",\"itemListElement\":[{\"@type\":\"ListItem\",\"position\":1,\"name\":\"Nakupujte\",\"item\":\"https:\\\/\\\/medicinasinc.com\\\/sl\\\/nakupujte\\\/\"},{\"@type\":\"ListItem\",\"position\":2,\"name\":\"Kupite Durban Poison Marihuano\"}]},{\"@type\":\"WebSite\",\"@id\":\"https:\\\/\\\/medicinasinc.com\\\/sl\\\/#website\",\"url\":\"https:\\\/\\\/medicinasinc.com\\\/sl\\\/\",\"name\":\"Medicinas Inc\",\"description\":\"Health Medical Clinic\",\"potentialAction\":[{\"@type\":\"SearchAction\",\"target\":{\"@type\":\"EntryPoint\",\"urlTemplate\":\"https:\\\/\\\/medicinasinc.com\\\/sl\\\/?s={search_term_string}\"},\"query-input\":{\"@type\":\"PropertyValueSpecification\",\"valueRequired\":true,\"valueName\":\"search_term_string\"}}],\"inLanguage\":\"en-US\"}]}<\/script>\n<!-- \/ Yoast SEO plugin. -->","yoast_head_json":{"title":"Kupite Durban Poison Marihuano - najbolj\u0161a najbolj\u0161a zdravila na svetu","description":"Kupite sev Durban Poison\u00a0za prodajo prek spleta, je postal priljubljen po vsem svetu zaradi svojega sladkega vonja in energi\u010dnega, po\u017eivljajo\u010dega u\u010dinka. Prosimo, obi\u0161\u010dite nas.","robots":{"index":"index","follow":"follow","max-snippet":"max-snippet:-1","max-image-preview":"max-image-preview:large","max-video-preview":"max-video-preview:-1"},"canonical":"https:\/\/medicinasinc.com\/sl\/product\/kupi-durban-strup-marihuano\/","og_locale":"en_US","og_type":"article","og_title":"Kupite Durban Poison Marihuano - najbolj\u0161a najbolj\u0161a zdravila na svetu","og_description":"Kupite sev Durban Poison\u00a0za prodajo prek spleta, je postal priljubljen po vsem svetu zaradi svojega sladkega vonja in energi\u010dnega, po\u017eivljajo\u010dega u\u010dinka. Prosimo, obi\u0161\u010dite nas.","og_url":"https:\/\/medicinasinc.com\/sl\/product\/kupi-durban-strup-marihuano\/","og_site_name":"Medicinas Inc","article_modified_time":"2022-03-19T00:49:41+00:00","og_image":[{"width":225,"height":225,"url":"https:\/\/medicinasinc.com\/sl\/wp-content\/uploads\/sites\/7\/2022\/02\/Buy-Durban-Poison-Marijuana.jpg","type":"image\/jpeg"}],"twitter_card":"summary_large_image","twitter_misc":{"Est. reading time":"1 minute"},"schema":{"@context":"https:\/\/schema.org","@graph":[{"@type":"WebPage","@id":"https:\/\/medicinasinc.com\/sl\/product\/kupi-durban-strup-marihuano\/","url":"https:\/\/medicinasinc.com\/sl\/product\/kupi-durban-strup-marihuano\/","name":"Kupite Durban Poison Marihuano - najbolj\u0161a najbolj\u0161a zdravila na svetu","isPartOf":{"@id":"https:\/\/medicinasinc.com\/sl\/#website"},"primaryImageOfPage":{"@id":"https:\/\/medicinasinc.com\/sl\/product\/kupi-durban-strup-marihuano\/#primaryimage"},"image":{"@id":"https:\/\/medicinasinc.com\/sl\/product\/kupi-durban-strup-marihuano\/#primaryimage"},"thumbnailUrl":"https:\/\/medicinasinc.com\/sl\/wp-content\/uploads\/sites\/7\/2022\/02\/Buy-Durban-Poison-Marijuana.jpg","datePublished":"2022-02-20T18:04:10+00:00","dateModified":"2022-03-19T00:49:41+00:00","description":"Kupite sev Durban Poison\u00a0za prodajo prek spleta, je postal priljubljen po vsem svetu zaradi svojega sladkega vonja in energi\u010dnega, po\u017eivljajo\u010dega u\u010dinka. Prosimo, obi\u0161\u010dite nas.","breadcrumb":{"@id":"https:\/\/medicinasinc.com\/sl\/product\/kupi-durban-strup-marihuano\/#breadcrumb"},"inLanguage":"en-US","potentialAction":[{"@type":"ReadAction","target":["https:\/\/medicinasinc.com\/sl\/product\/kupi-durban-strup-marihuano\/"]}]},{"@type":"ImageObject","inLanguage":"en-US","@id":"https:\/\/medicinasinc.com\/sl\/product\/kupi-durban-strup-marihuano\/#primaryimage","url":"https:\/\/medicinasinc.com\/sl\/wp-content\/uploads\/sites\/7\/2022\/02\/Buy-Durban-Poison-Marijuana.jpg","contentUrl":"https:\/\/medicinasinc.com\/sl\/wp-content\/uploads\/sites\/7\/2022\/02\/Buy-Durban-Poison-Marijuana.jpg","width":225,"height":225},{"@type":"BreadcrumbList","@id":"https:\/\/medicinasinc.com\/sl\/product\/kupi-durban-strup-marihuano\/#breadcrumb","itemListElement":[{"@type":"ListItem","position":1,"name":"Nakupujte","item":"https:\/\/medicinasinc.com\/sl\/nakupujte\/"},{"@type":"ListItem","position":2,"name":"Kupite Durban Poison Marihuano"}]},{"@type":"WebSite","@id":"https:\/\/medicinasinc.com\/sl\/#website","url":"https:\/\/medicinasinc.com\/sl\/","name":"Medicinas Inc","description":"Health Medical Clinic","potentialAction":[{"@type":"SearchAction","target":{"@type":"EntryPoint","urlTemplate":"https:\/\/medicinasinc.com\/sl\/?s={search_term_string}"},"query-input":{"@type":"PropertyValueSpecification","valueRequired":true,"valueName":"search_term_string"}}],"inLanguage":"en-US"}]}},"_links":{"self":[{"href":"https:\/\/medicinasinc.com\/sl\/wp-json\/wp\/v2\/product\/4940","targetHints":{"allow":["GET"]}}],"collection":[{"href":"https:\/\/medicinasinc.com\/sl\/wp-json\/wp\/v2\/product"}],"about":[{"href":"https:\/\/medicinasinc.com\/sl\/wp-json\/wp\/v2\/types\/product"}],"replies":[{"embeddable":true,"href":"https:\/\/medicinasinc.com\/sl\/wp-json\/wp\/v2\/comments?post=4940"}],"wp:featuredmedia":[{"embeddable":true,"href":"https:\/\/medicinasinc.com\/sl\/wp-json\/wp\/v2\/media\/4954"}],"wp:attachment":[{"href":"https:\/\/medicinasinc.com\/sl\/wp-json\/wp\/v2\/media?parent=4940"}],"wp:term":[{"taxonomy":"product_brand","embeddable":true,"href":"https:\/\/medicinasinc.com\/sl\/wp-json\/wp\/v2\/product_brand?post=4940"},{"taxonomy":"product_cat","embeddable":true,"href":"https:\/\/medicinasinc.com\/sl\/wp-json\/wp\/v2\/product_cat?post=4940"},{"taxonomy":"product_tag","embeddable":true,"href":"https:\/\/medicinasinc.com\/sl\/wp-json\/wp\/v2\/product_tag?post=4940"}],"curies":[{"name":"wp","href":"https:\/\/api.w.org\/{rel}","templated":true}]}}