{"id":4928,"date":"2022-02-20T17:53:26","date_gmt":"2022-02-20T17:53:26","guid":{"rendered":"https:\/\/medicinasinc.com\/sl\/?post_type=product&#038;p=4928"},"modified":"2022-03-19T00:49:58","modified_gmt":"2022-03-19T00:49:58","slug":"kupi-piskotke-gelato","status":"publish","type":"product","link":"https:\/\/medicinasinc.com\/sl\/product\/kupi-piskotke-gelato\/","title":{"rendered":"Kupite pi\u0161kote Gelato"},"content":{"rendered":"<p>Cookies Gelato je potomec dveh slavnih sevov marihuane. Podedovala je noro mo\u010d, sladek okus in neverjetno mero produktivnosti. In Cali Bliss je optimiziral vsak od teh elementov. To je zdaj \u0161tevilka 2 in je bistveno izbolj\u0161ano. Poleg tega se uporablja 25 % THC namesto 23 % THC.<\/p>\n<p>Za za\u010detek bi radi zagotovili nekaj konteksta za pridelovalce tega \u010dudovitega seva pi\u0161kotkov Gelato. Cali Bliss je relativno nova ekipa pridelovalcev. To so te\u017eki napadalci in potrebovali smo pribli\u017eno leto in pol, da smo pripravili nekaj njihovih sevov. Imeli smo sre\u010do, da smo trenutno pridobili tri. Predani so pristni kalifornijski genetiki, vendar z zavojem. Dolo\u010deni sevi potrebujejo leta, da se razvijejo do to\u010dke, ko so ti fantje zadovoljni.<\/p>\n<p>&#8220;Ko zau\u017eijete ve\u010d konoplje, se va\u0161a toleranca pove\u010da. Za za\u010detnike ni potrebno veliko, da se napihnete. Nekaj \u200b\u200bvdihov od zadostuje \u017ee \u0161ibek sev. Po nekaj letih pa izku\u0161eni kadilci potrebujejo mo\u010dnej\u0161o marihuano, da dose\u017eejo enak u\u010dinek. Eden od teh sevov je pi\u0161kotki Gelato. Dovaja po\u0161astno dozo THC-ja, ki takoj popelje um v spremenjeno stanje zavesti in vzdr\u017euje to ure in ure.&#8221;<\/p>\n<p>Mogo\u010dni u\u010dinki pi\u0161kotov Gelato so posledica njenih mo\u010dnih star\u0161evskih sevov Girl Scout Cookies in Gelato. Ta dinami\u010dni duo pa je znan po ve\u010d kot svoji surovi mo\u010di. Kot pove \u017ee njihova imena, imata oba sladke in sladke terpenske profile. Pi\u0161kotki Gelato poosebljajo najbolj\u0161e lastnosti obeh legendarnih sort.<\/p>\n<p>Brsti na tem tipu so redki in na majhni strani (to je genetsko dolo\u010deno \u2013 ni mogo\u010de). Dodatna puhastost in mehkoba. To pomeni, da ima brsti ve\u010d zra\u010dnega prostora. To lahko povzro\u010di hitrej\u0161e opekline in mo\u010dnej\u0161i ob\u010dutek, \u010de se ne upo\u0161teva. Zato preprosto poskrbite, da je tesno zapakiran, da odstranite morebitni zra\u010dni prostor. Ko zvijate d\u017eoint ali kadite skledo, jo tesno zapakirajte. Tak\u0161na je narava seva.<\/p>\n<p>KAJ POMENI \u0160TEVILKA DVA?<\/p>\n<p>\u2013 Obse\u017eni u\u010dinki (bolj izpopolnjen)<\/p>\n<p>\u2013 Izbolj\u0161an okus (bolj prefinjen profil terp) <\/p>\n<p>\u2013 Pove\u010dana vsebnost THC-ja (neko\u010d je bila 23 odstotkov, zdaj je 25 odstotkov)<\/p>\n<p>\u2013 Poleg tega bolj\u0161a ozdravitev in obrezovanje<\/p>\n<p>U\u010cINKI:<\/p>\n<p>Ustvarjalna, vesela in evfori\u010dna<\/p>\n<p>MEDICINA:<\/p>\n<p>Anksioznost, stres in kroni\u010dna bole\u010dina<\/p>\n<p>THC:<\/p>\n<p>25 % <\/p>\n<div class=\"product-next-previous\">\n<div class=\"product-prev\"><\/div><\/div>\n","protected":false},"excerpt":{"rendered":"<p>Kupite pi\u0161kotke Marihuana Gelato za prodajo na spletu. Chem Willie je hibrid, ki prevladuje v sativi \u2013 70 % sativa in 30 % indica. Indica THC: 15 %<\/p>\n","protected":false},"featured_media":4941,"comment_status":"open","ping_status":"closed","template":"","meta":[],"product_brand":[],"product_cat":[778],"product_tag":[805,806,807,808,809,810,803,804],"class_list":{"0":"post-4928","1":"product","2":"type-product","3":"status-publish","4":"has-post-thumbnail","6":"product_cat-plevel-za-prodajo","7":"product_tag-cookies-gelato-flowering-time","8":"product_tag-cookies-gelato-grow-diary","9":"product_tag-cookies-gelato-yield","10":"product_tag-gelato-pikoti-in-smetana","11":"product_tag-gelato-pikotki-seva-allbud","12":"product_tag-gelato-pikotki-sev-wikileaf","13":"product_tag-pikoti-gelato-42","14":"product_tag-pikoti-gelato-41","16":"first","17":"instock","18":"shipping-taxable","19":"purchasable","20":"product-type-variable","21":"has-default-attributes"},"yoast_head":"<!-- This site is optimized with the Yoast SEO plugin v27.3 - https:\/\/yoast.com\/product\/yoast-seo-wordpress\/ -->\n<title>Kupite pi\u0161kotke Gelato - pi\u0161kotke Gelato za prodajo - Najbolj\u0161a najbolj\u0161a zdravila na svetu<\/title>\n<meta name=\"description\" content=\"Nakup pi\u0161kotkov Gelato Marihuana za prodajo na spletu. Chem willie je Sativa Dominant Hybrid \u2013 70 % Sativa \/ 30 % Indica THC: 15 %\" \/>\n<meta name=\"robots\" content=\"index, follow, max-snippet:-1, max-image-preview:large, max-video-preview:-1\" \/>\n<link rel=\"canonical\" href=\"https:\/\/medicinasinc.com\/sl\/product\/kupi-piskotke-gelato\/\" \/>\n<meta property=\"og:locale\" content=\"en_US\" \/>\n<meta property=\"og:type\" content=\"article\" \/>\n<meta property=\"og:title\" content=\"Kupite pi\u0161kotke Gelato - pi\u0161kotke Gelato za prodajo - Najbolj\u0161a najbolj\u0161a zdravila na svetu\" \/>\n<meta property=\"og:description\" content=\"Nakup pi\u0161kotkov Gelato Marihuana za prodajo na spletu. Chem willie je Sativa Dominant Hybrid \u2013 70 % Sativa \/ 30 % Indica THC: 15 %\" \/>\n<meta property=\"og:url\" content=\"https:\/\/medicinasinc.com\/sl\/product\/kupi-piskotke-gelato\/\" \/>\n<meta property=\"og:site_name\" content=\"Medicinas Inc\" \/>\n<meta property=\"article:modified_time\" content=\"2022-03-19T00:49:58+00:00\" \/>\n<meta property=\"og:image\" content=\"https:\/\/medicinasinc.com\/sl\/wp-content\/uploads\/sites\/7\/2022\/02\/Buy-Cookies-Gelato.jpg\" \/>\n\t<meta property=\"og:image:width\" content=\"420\" \/>\n\t<meta property=\"og:image:height\" content=\"630\" \/>\n\t<meta property=\"og:image:type\" content=\"image\/jpeg\" \/>\n<meta name=\"twitter:card\" content=\"summary_large_image\" \/>\n<meta name=\"twitter:label1\" content=\"Est. reading time\" \/>\n\t<meta name=\"twitter:data1\" content=\"2 minutes\" \/>\n<script type=\"application\/ld+json\" class=\"yoast-schema-graph\">{\"@context\":\"https:\\\/\\\/schema.org\",\"@graph\":[{\"@type\":\"WebPage\",\"@id\":\"https:\\\/\\\/medicinasinc.com\\\/sl\\\/product\\\/kupi-piskotke-gelato\\\/\",\"url\":\"https:\\\/\\\/medicinasinc.com\\\/sl\\\/product\\\/kupi-piskotke-gelato\\\/\",\"name\":\"Kupite pi\u0161kotke Gelato - pi\u0161kotke Gelato za prodajo - Najbolj\u0161a najbolj\u0161a zdravila na svetu\",\"isPartOf\":{\"@id\":\"https:\\\/\\\/medicinasinc.com\\\/sl\\\/#website\"},\"primaryImageOfPage\":{\"@id\":\"https:\\\/\\\/medicinasinc.com\\\/sl\\\/product\\\/kupi-piskotke-gelato\\\/#primaryimage\"},\"image\":{\"@id\":\"https:\\\/\\\/medicinasinc.com\\\/sl\\\/product\\\/kupi-piskotke-gelato\\\/#primaryimage\"},\"thumbnailUrl\":\"https:\\\/\\\/medicinasinc.com\\\/sl\\\/wp-content\\\/uploads\\\/sites\\\/7\\\/2022\\\/02\\\/Buy-Cookies-Gelato.jpg\",\"datePublished\":\"2022-02-20T17:53:26+00:00\",\"dateModified\":\"2022-03-19T00:49:58+00:00\",\"description\":\"Nakup pi\u0161kotkov Gelato Marihuana za prodajo na spletu. Chem willie je Sativa Dominant Hybrid \u2013 70 % Sativa \\\/ 30 % Indica THC: 15 %\",\"breadcrumb\":{\"@id\":\"https:\\\/\\\/medicinasinc.com\\\/sl\\\/product\\\/kupi-piskotke-gelato\\\/#breadcrumb\"},\"inLanguage\":\"en-US\",\"potentialAction\":[{\"@type\":\"ReadAction\",\"target\":[\"https:\\\/\\\/medicinasinc.com\\\/sl\\\/product\\\/kupi-piskotke-gelato\\\/\"]}]},{\"@type\":\"ImageObject\",\"inLanguage\":\"en-US\",\"@id\":\"https:\\\/\\\/medicinasinc.com\\\/sl\\\/product\\\/kupi-piskotke-gelato\\\/#primaryimage\",\"url\":\"https:\\\/\\\/medicinasinc.com\\\/sl\\\/wp-content\\\/uploads\\\/sites\\\/7\\\/2022\\\/02\\\/Buy-Cookies-Gelato.jpg\",\"contentUrl\":\"https:\\\/\\\/medicinasinc.com\\\/sl\\\/wp-content\\\/uploads\\\/sites\\\/7\\\/2022\\\/02\\\/Buy-Cookies-Gelato.jpg\",\"width\":420,\"height\":630},{\"@type\":\"BreadcrumbList\",\"@id\":\"https:\\\/\\\/medicinasinc.com\\\/sl\\\/product\\\/kupi-piskotke-gelato\\\/#breadcrumb\",\"itemListElement\":[{\"@type\":\"ListItem\",\"position\":1,\"name\":\"Nakupujte\",\"item\":\"https:\\\/\\\/medicinasinc.com\\\/sl\\\/nakupujte\\\/\"},{\"@type\":\"ListItem\",\"position\":2,\"name\":\"Kupite pi\u0161kote Gelato\"}]},{\"@type\":\"WebSite\",\"@id\":\"https:\\\/\\\/medicinasinc.com\\\/sl\\\/#website\",\"url\":\"https:\\\/\\\/medicinasinc.com\\\/sl\\\/\",\"name\":\"Medicinas Inc\",\"description\":\"Health Medical Clinic\",\"potentialAction\":[{\"@type\":\"SearchAction\",\"target\":{\"@type\":\"EntryPoint\",\"urlTemplate\":\"https:\\\/\\\/medicinasinc.com\\\/sl\\\/?s={search_term_string}\"},\"query-input\":{\"@type\":\"PropertyValueSpecification\",\"valueRequired\":true,\"valueName\":\"search_term_string\"}}],\"inLanguage\":\"en-US\"}]}<\/script>\n<!-- \/ Yoast SEO plugin. -->","yoast_head_json":{"title":"Kupite pi\u0161kotke Gelato - pi\u0161kotke Gelato za prodajo - Najbolj\u0161a najbolj\u0161a zdravila na svetu","description":"Nakup pi\u0161kotkov Gelato Marihuana za prodajo na spletu. Chem willie je Sativa Dominant Hybrid \u2013 70 % Sativa \/ 30 % Indica THC: 15 %","robots":{"index":"index","follow":"follow","max-snippet":"max-snippet:-1","max-image-preview":"max-image-preview:large","max-video-preview":"max-video-preview:-1"},"canonical":"https:\/\/medicinasinc.com\/sl\/product\/kupi-piskotke-gelato\/","og_locale":"en_US","og_type":"article","og_title":"Kupite pi\u0161kotke Gelato - pi\u0161kotke Gelato za prodajo - Najbolj\u0161a najbolj\u0161a zdravila na svetu","og_description":"Nakup pi\u0161kotkov Gelato Marihuana za prodajo na spletu. Chem willie je Sativa Dominant Hybrid \u2013 70 % Sativa \/ 30 % Indica THC: 15 %","og_url":"https:\/\/medicinasinc.com\/sl\/product\/kupi-piskotke-gelato\/","og_site_name":"Medicinas Inc","article_modified_time":"2022-03-19T00:49:58+00:00","og_image":[{"width":420,"height":630,"url":"https:\/\/medicinasinc.com\/sl\/wp-content\/uploads\/sites\/7\/2022\/02\/Buy-Cookies-Gelato.jpg","type":"image\/jpeg"}],"twitter_card":"summary_large_image","twitter_misc":{"Est. reading time":"2 minutes"},"schema":{"@context":"https:\/\/schema.org","@graph":[{"@type":"WebPage","@id":"https:\/\/medicinasinc.com\/sl\/product\/kupi-piskotke-gelato\/","url":"https:\/\/medicinasinc.com\/sl\/product\/kupi-piskotke-gelato\/","name":"Kupite pi\u0161kotke Gelato - pi\u0161kotke Gelato za prodajo - Najbolj\u0161a najbolj\u0161a zdravila na svetu","isPartOf":{"@id":"https:\/\/medicinasinc.com\/sl\/#website"},"primaryImageOfPage":{"@id":"https:\/\/medicinasinc.com\/sl\/product\/kupi-piskotke-gelato\/#primaryimage"},"image":{"@id":"https:\/\/medicinasinc.com\/sl\/product\/kupi-piskotke-gelato\/#primaryimage"},"thumbnailUrl":"https:\/\/medicinasinc.com\/sl\/wp-content\/uploads\/sites\/7\/2022\/02\/Buy-Cookies-Gelato.jpg","datePublished":"2022-02-20T17:53:26+00:00","dateModified":"2022-03-19T00:49:58+00:00","description":"Nakup pi\u0161kotkov Gelato Marihuana za prodajo na spletu. Chem willie je Sativa Dominant Hybrid \u2013 70 % Sativa \/ 30 % Indica THC: 15 %","breadcrumb":{"@id":"https:\/\/medicinasinc.com\/sl\/product\/kupi-piskotke-gelato\/#breadcrumb"},"inLanguage":"en-US","potentialAction":[{"@type":"ReadAction","target":["https:\/\/medicinasinc.com\/sl\/product\/kupi-piskotke-gelato\/"]}]},{"@type":"ImageObject","inLanguage":"en-US","@id":"https:\/\/medicinasinc.com\/sl\/product\/kupi-piskotke-gelato\/#primaryimage","url":"https:\/\/medicinasinc.com\/sl\/wp-content\/uploads\/sites\/7\/2022\/02\/Buy-Cookies-Gelato.jpg","contentUrl":"https:\/\/medicinasinc.com\/sl\/wp-content\/uploads\/sites\/7\/2022\/02\/Buy-Cookies-Gelato.jpg","width":420,"height":630},{"@type":"BreadcrumbList","@id":"https:\/\/medicinasinc.com\/sl\/product\/kupi-piskotke-gelato\/#breadcrumb","itemListElement":[{"@type":"ListItem","position":1,"name":"Nakupujte","item":"https:\/\/medicinasinc.com\/sl\/nakupujte\/"},{"@type":"ListItem","position":2,"name":"Kupite pi\u0161kote Gelato"}]},{"@type":"WebSite","@id":"https:\/\/medicinasinc.com\/sl\/#website","url":"https:\/\/medicinasinc.com\/sl\/","name":"Medicinas Inc","description":"Health Medical Clinic","potentialAction":[{"@type":"SearchAction","target":{"@type":"EntryPoint","urlTemplate":"https:\/\/medicinasinc.com\/sl\/?s={search_term_string}"},"query-input":{"@type":"PropertyValueSpecification","valueRequired":true,"valueName":"search_term_string"}}],"inLanguage":"en-US"}]}},"_links":{"self":[{"href":"https:\/\/medicinasinc.com\/sl\/wp-json\/wp\/v2\/product\/4928","targetHints":{"allow":["GET"]}}],"collection":[{"href":"https:\/\/medicinasinc.com\/sl\/wp-json\/wp\/v2\/product"}],"about":[{"href":"https:\/\/medicinasinc.com\/sl\/wp-json\/wp\/v2\/types\/product"}],"replies":[{"embeddable":true,"href":"https:\/\/medicinasinc.com\/sl\/wp-json\/wp\/v2\/comments?post=4928"}],"wp:featuredmedia":[{"embeddable":true,"href":"https:\/\/medicinasinc.com\/sl\/wp-json\/wp\/v2\/media\/4941"}],"wp:attachment":[{"href":"https:\/\/medicinasinc.com\/sl\/wp-json\/wp\/v2\/media?parent=4928"}],"wp:term":[{"taxonomy":"product_brand","embeddable":true,"href":"https:\/\/medicinasinc.com\/sl\/wp-json\/wp\/v2\/product_brand?post=4928"},{"taxonomy":"product_cat","embeddable":true,"href":"https:\/\/medicinasinc.com\/sl\/wp-json\/wp\/v2\/product_cat?post=4928"},{"taxonomy":"product_tag","embeddable":true,"href":"https:\/\/medicinasinc.com\/sl\/wp-json\/wp\/v2\/product_tag?post=4928"}],"curies":[{"name":"wp","href":"https:\/\/api.w.org\/{rel}","templated":true}]}}