{"id":4927,"date":"2022-02-20T17:52:26","date_gmt":"2022-02-20T17:52:26","guid":{"rendered":"https:\/\/medicinasinc.com\/sl\/?post_type=product&#038;p=4927"},"modified":"2022-03-19T00:50:07","modified_gmt":"2022-03-19T00:50:07","slug":"kupi-hulkberry-marihuano","status":"publish","type":"product","link":"https:\/\/medicinasinc.com\/sl\/product\/kupi-hulkberry-marihuano\/","title":{"rendered":"Kupite HulkBerry marihuano"},"content":{"rendered":"<p>Spletni nakup HulkBerry 27-odstotnega THC Weed-a<\/p>\n<p>HulkBerry je 65-odstotno prevladujo\u010da sorta Sativa, pridobljena iz kri\u017eanja Strawberry Diesel in OG Kush. Z neverjetnimi 27 % vsebnostjo THC-ja je ta sev mo\u010dno priporo\u010dljiv za izku\u0161ene kadilce; novinci se lahko izgubijo v svojih glavah. Prevladujo\u010da Sativa ohranja visoko osredoto\u010denost v celoti na mo\u017egane, zaradi \u010desar se po\u010dutite jasni in polni energije, medtem ko s smolo prevle\u010deni nugi in sadne arome skrbijo za va\u0161 nos in brbon\u010dice.<\/p>\n<p>Kljub mo\u010di seva je standard standard. 12-12 svetlobni cikel bo dal vla\u017ene popke v 9-10 tednih. HulkBerry je navdu\u0161enec SOG ali ScrOG.<\/p>\n<div class=\"product-next-previous\">\n<div class=\"product-prev\"><\/div><\/div>\n","protected":false},"excerpt":{"rendered":"<p>Kupite HulkBerry Kush marihuano prek spleta. HulkBerry Kush je prevladujo\u010da sorta sative. Dominantni hibrid \u2013 70 % sativa \/ 30 % indica vsebnost THC indica: 21 % \u2013 25 %<\/p>\n","protected":false},"featured_media":4939,"comment_status":"open","ping_status":"closed","template":"","meta":[],"product_brand":[],"product_cat":[778],"product_tag":[796,795,797,798,802,799,801,800],"class_list":{"0":"post-4927","1":"product","2":"type-product","3":"status-publish","4":"has-post-thumbnail","6":"product_cat-plevel-za-prodajo","7":"product_tag-dnevnik-gojenja-hulkberry","8":"product_tag-hulkberry-avtomat","9":"product_tag-hulkberry-leafly","10":"product_tag-hulkberry-outdoor-grow","11":"product_tag-hulkberry-strain-review","12":"product_tag-hulkberry-pregled","13":"product_tag-hulkberry-sev-blizu-mene","14":"product_tag-uinki-hulkberry-strain","16":"first","17":"instock","18":"shipping-taxable","19":"purchasable","20":"product-type-variable","21":"has-default-attributes"},"yoast_head":"<!-- This site is optimized with the Yoast SEO plugin v27.3 - https:\/\/yoast.com\/product\/yoast-seo-wordpress\/ -->\n<title>Kupite HulkBerry Kush marihuano - najbolj\u0161a najbolj\u0161a zdravila na svetu<\/title>\n<meta name=\"description\" content=\"Kupite HulkBerry Kush marihuano za prodajo na spletu. HulkBerry Kush je prevladujo\u010di hibrid sative \u2013 70 % sativa \/ 30 % indica THC: 21 % \u2013 25 %\" \/>\n<meta name=\"robots\" content=\"index, follow, max-snippet:-1, max-image-preview:large, max-video-preview:-1\" \/>\n<link rel=\"canonical\" href=\"https:\/\/medicinasinc.com\/sl\/product\/kupi-hulkberry-marihuano\/\" \/>\n<meta property=\"og:locale\" content=\"en_US\" \/>\n<meta property=\"og:type\" content=\"article\" \/>\n<meta property=\"og:title\" content=\"Kupite HulkBerry Kush marihuano - najbolj\u0161a najbolj\u0161a zdravila na svetu\" \/>\n<meta property=\"og:description\" content=\"Kupite HulkBerry Kush marihuano za prodajo na spletu. HulkBerry Kush je prevladujo\u010di hibrid sative \u2013 70 % sativa \/ 30 % indica THC: 21 % \u2013 25 %\" \/>\n<meta property=\"og:url\" content=\"https:\/\/medicinasinc.com\/sl\/product\/kupi-hulkberry-marihuano\/\" \/>\n<meta property=\"og:site_name\" content=\"Medicinas Inc\" \/>\n<meta property=\"article:modified_time\" content=\"2022-03-19T00:50:07+00:00\" \/>\n<meta property=\"og:image\" content=\"https:\/\/medicinasinc.com\/sl\/wp-content\/uploads\/sites\/7\/2022\/02\/Buy-HulkBerry-Marijuana.jpg\" \/>\n\t<meta property=\"og:image:width\" content=\"2560\" \/>\n\t<meta property=\"og:image:height\" content=\"1920\" \/>\n\t<meta property=\"og:image:type\" content=\"image\/jpeg\" \/>\n<meta name=\"twitter:card\" content=\"summary_large_image\" \/>\n<meta name=\"twitter:label1\" content=\"Est. reading time\" \/>\n\t<meta name=\"twitter:data1\" content=\"1 minute\" \/>\n<script type=\"application\/ld+json\" class=\"yoast-schema-graph\">{\"@context\":\"https:\\\/\\\/schema.org\",\"@graph\":[{\"@type\":\"WebPage\",\"@id\":\"https:\\\/\\\/medicinasinc.com\\\/sl\\\/product\\\/kupi-hulkberry-marihuano\\\/\",\"url\":\"https:\\\/\\\/medicinasinc.com\\\/sl\\\/product\\\/kupi-hulkberry-marihuano\\\/\",\"name\":\"Kupite HulkBerry Kush marihuano - najbolj\u0161a najbolj\u0161a zdravila na svetu\",\"isPartOf\":{\"@id\":\"https:\\\/\\\/medicinasinc.com\\\/sl\\\/#website\"},\"primaryImageOfPage\":{\"@id\":\"https:\\\/\\\/medicinasinc.com\\\/sl\\\/product\\\/kupi-hulkberry-marihuano\\\/#primaryimage\"},\"image\":{\"@id\":\"https:\\\/\\\/medicinasinc.com\\\/sl\\\/product\\\/kupi-hulkberry-marihuano\\\/#primaryimage\"},\"thumbnailUrl\":\"https:\\\/\\\/medicinasinc.com\\\/sl\\\/wp-content\\\/uploads\\\/sites\\\/7\\\/2022\\\/02\\\/Buy-HulkBerry-Marijuana.jpg\",\"datePublished\":\"2022-02-20T17:52:26+00:00\",\"dateModified\":\"2022-03-19T00:50:07+00:00\",\"description\":\"Kupite HulkBerry Kush marihuano za prodajo na spletu. HulkBerry Kush je prevladujo\u010di hibrid sative \u2013 70 % sativa \\\/ 30 % indica THC: 21 % \u2013 25 %\",\"breadcrumb\":{\"@id\":\"https:\\\/\\\/medicinasinc.com\\\/sl\\\/product\\\/kupi-hulkberry-marihuano\\\/#breadcrumb\"},\"inLanguage\":\"en-US\",\"potentialAction\":[{\"@type\":\"ReadAction\",\"target\":[\"https:\\\/\\\/medicinasinc.com\\\/sl\\\/product\\\/kupi-hulkberry-marihuano\\\/\"]}]},{\"@type\":\"ImageObject\",\"inLanguage\":\"en-US\",\"@id\":\"https:\\\/\\\/medicinasinc.com\\\/sl\\\/product\\\/kupi-hulkberry-marihuano\\\/#primaryimage\",\"url\":\"https:\\\/\\\/medicinasinc.com\\\/sl\\\/wp-content\\\/uploads\\\/sites\\\/7\\\/2022\\\/02\\\/Buy-HulkBerry-Marijuana.jpg\",\"contentUrl\":\"https:\\\/\\\/medicinasinc.com\\\/sl\\\/wp-content\\\/uploads\\\/sites\\\/7\\\/2022\\\/02\\\/Buy-HulkBerry-Marijuana.jpg\",\"width\":2560,\"height\":1920},{\"@type\":\"BreadcrumbList\",\"@id\":\"https:\\\/\\\/medicinasinc.com\\\/sl\\\/product\\\/kupi-hulkberry-marihuano\\\/#breadcrumb\",\"itemListElement\":[{\"@type\":\"ListItem\",\"position\":1,\"name\":\"Nakupujte\",\"item\":\"https:\\\/\\\/medicinasinc.com\\\/sl\\\/nakupujte\\\/\"},{\"@type\":\"ListItem\",\"position\":2,\"name\":\"Kupite HulkBerry marihuano\"}]},{\"@type\":\"WebSite\",\"@id\":\"https:\\\/\\\/medicinasinc.com\\\/sl\\\/#website\",\"url\":\"https:\\\/\\\/medicinasinc.com\\\/sl\\\/\",\"name\":\"Medicinas Inc\",\"description\":\"Health Medical Clinic\",\"potentialAction\":[{\"@type\":\"SearchAction\",\"target\":{\"@type\":\"EntryPoint\",\"urlTemplate\":\"https:\\\/\\\/medicinasinc.com\\\/sl\\\/?s={search_term_string}\"},\"query-input\":{\"@type\":\"PropertyValueSpecification\",\"valueRequired\":true,\"valueName\":\"search_term_string\"}}],\"inLanguage\":\"en-US\"}]}<\/script>\n<!-- \/ Yoast SEO plugin. -->","yoast_head_json":{"title":"Kupite HulkBerry Kush marihuano - najbolj\u0161a najbolj\u0161a zdravila na svetu","description":"Kupite HulkBerry Kush marihuano za prodajo na spletu. HulkBerry Kush je prevladujo\u010di hibrid sative \u2013 70 % sativa \/ 30 % indica THC: 21 % \u2013 25 %","robots":{"index":"index","follow":"follow","max-snippet":"max-snippet:-1","max-image-preview":"max-image-preview:large","max-video-preview":"max-video-preview:-1"},"canonical":"https:\/\/medicinasinc.com\/sl\/product\/kupi-hulkberry-marihuano\/","og_locale":"en_US","og_type":"article","og_title":"Kupite HulkBerry Kush marihuano - najbolj\u0161a najbolj\u0161a zdravila na svetu","og_description":"Kupite HulkBerry Kush marihuano za prodajo na spletu. HulkBerry Kush je prevladujo\u010di hibrid sative \u2013 70 % sativa \/ 30 % indica THC: 21 % \u2013 25 %","og_url":"https:\/\/medicinasinc.com\/sl\/product\/kupi-hulkberry-marihuano\/","og_site_name":"Medicinas Inc","article_modified_time":"2022-03-19T00:50:07+00:00","og_image":[{"width":2560,"height":1920,"url":"https:\/\/medicinasinc.com\/sl\/wp-content\/uploads\/sites\/7\/2022\/02\/Buy-HulkBerry-Marijuana.jpg","type":"image\/jpeg"}],"twitter_card":"summary_large_image","twitter_misc":{"Est. reading time":"1 minute"},"schema":{"@context":"https:\/\/schema.org","@graph":[{"@type":"WebPage","@id":"https:\/\/medicinasinc.com\/sl\/product\/kupi-hulkberry-marihuano\/","url":"https:\/\/medicinasinc.com\/sl\/product\/kupi-hulkberry-marihuano\/","name":"Kupite HulkBerry Kush marihuano - najbolj\u0161a najbolj\u0161a zdravila na svetu","isPartOf":{"@id":"https:\/\/medicinasinc.com\/sl\/#website"},"primaryImageOfPage":{"@id":"https:\/\/medicinasinc.com\/sl\/product\/kupi-hulkberry-marihuano\/#primaryimage"},"image":{"@id":"https:\/\/medicinasinc.com\/sl\/product\/kupi-hulkberry-marihuano\/#primaryimage"},"thumbnailUrl":"https:\/\/medicinasinc.com\/sl\/wp-content\/uploads\/sites\/7\/2022\/02\/Buy-HulkBerry-Marijuana.jpg","datePublished":"2022-02-20T17:52:26+00:00","dateModified":"2022-03-19T00:50:07+00:00","description":"Kupite HulkBerry Kush marihuano za prodajo na spletu. HulkBerry Kush je prevladujo\u010di hibrid sative \u2013 70 % sativa \/ 30 % indica THC: 21 % \u2013 25 %","breadcrumb":{"@id":"https:\/\/medicinasinc.com\/sl\/product\/kupi-hulkberry-marihuano\/#breadcrumb"},"inLanguage":"en-US","potentialAction":[{"@type":"ReadAction","target":["https:\/\/medicinasinc.com\/sl\/product\/kupi-hulkberry-marihuano\/"]}]},{"@type":"ImageObject","inLanguage":"en-US","@id":"https:\/\/medicinasinc.com\/sl\/product\/kupi-hulkberry-marihuano\/#primaryimage","url":"https:\/\/medicinasinc.com\/sl\/wp-content\/uploads\/sites\/7\/2022\/02\/Buy-HulkBerry-Marijuana.jpg","contentUrl":"https:\/\/medicinasinc.com\/sl\/wp-content\/uploads\/sites\/7\/2022\/02\/Buy-HulkBerry-Marijuana.jpg","width":2560,"height":1920},{"@type":"BreadcrumbList","@id":"https:\/\/medicinasinc.com\/sl\/product\/kupi-hulkberry-marihuano\/#breadcrumb","itemListElement":[{"@type":"ListItem","position":1,"name":"Nakupujte","item":"https:\/\/medicinasinc.com\/sl\/nakupujte\/"},{"@type":"ListItem","position":2,"name":"Kupite HulkBerry marihuano"}]},{"@type":"WebSite","@id":"https:\/\/medicinasinc.com\/sl\/#website","url":"https:\/\/medicinasinc.com\/sl\/","name":"Medicinas Inc","description":"Health Medical Clinic","potentialAction":[{"@type":"SearchAction","target":{"@type":"EntryPoint","urlTemplate":"https:\/\/medicinasinc.com\/sl\/?s={search_term_string}"},"query-input":{"@type":"PropertyValueSpecification","valueRequired":true,"valueName":"search_term_string"}}],"inLanguage":"en-US"}]}},"_links":{"self":[{"href":"https:\/\/medicinasinc.com\/sl\/wp-json\/wp\/v2\/product\/4927","targetHints":{"allow":["GET"]}}],"collection":[{"href":"https:\/\/medicinasinc.com\/sl\/wp-json\/wp\/v2\/product"}],"about":[{"href":"https:\/\/medicinasinc.com\/sl\/wp-json\/wp\/v2\/types\/product"}],"replies":[{"embeddable":true,"href":"https:\/\/medicinasinc.com\/sl\/wp-json\/wp\/v2\/comments?post=4927"}],"wp:featuredmedia":[{"embeddable":true,"href":"https:\/\/medicinasinc.com\/sl\/wp-json\/wp\/v2\/media\/4939"}],"wp:attachment":[{"href":"https:\/\/medicinasinc.com\/sl\/wp-json\/wp\/v2\/media?parent=4927"}],"wp:term":[{"taxonomy":"product_brand","embeddable":true,"href":"https:\/\/medicinasinc.com\/sl\/wp-json\/wp\/v2\/product_brand?post=4927"},{"taxonomy":"product_cat","embeddable":true,"href":"https:\/\/medicinasinc.com\/sl\/wp-json\/wp\/v2\/product_cat?post=4927"},{"taxonomy":"product_tag","embeddable":true,"href":"https:\/\/medicinasinc.com\/sl\/wp-json\/wp\/v2\/product_tag?post=4927"}],"curies":[{"name":"wp","href":"https:\/\/api.w.org\/{rel}","templated":true}]}}