{"id":4908,"date":"2022-02-20T17:37:57","date_gmt":"2022-02-20T17:37:57","guid":{"rendered":"https:\/\/medicinasinc.com\/sl\/?post_type=product&#038;p=4908"},"modified":"2022-03-19T00:50:39","modified_gmt":"2022-03-19T00:50:39","slug":"buy-triple-g-strain","status":"publish","type":"product","link":"https:\/\/medicinasinc.com\/sl\/product\/buy-triple-g-strain\/","title":{"rendered":"Kupite Triple G Strain"},"content":{"rendered":"<p>V zvezi s tem hibridnim sevom<\/p>\n<p>Triple G, znan tudi kot Ghost OG, daje popke, ki so di\u0161e\u010di, tropski, a rahlo skunksti, s sve\u017eimi, zemeljskimi podtoni. Zaradi prevlade indic lahko nekateri brsti ka\u017eejo globoke in mamljive vijoli\u010dne odtenke. Ko se prekadi ali upari, se okus nagiba k sladkemu, a podobnemu okusu limete.<\/p>\n<p>Raven THC se obi\u010dajno giblje med nizko in sredino dvajsetih let in mnogi recenzenti navdu\u0161eni nad potencialom tega seva za laj\u0161anje bole\u010dine, povezane z razli\u010dnimi sortami. stanja in simptomov, vklju\u010dno z nelagodjem v hrbtenici.<\/p>\n<p>Poleg tega so obo\u017eevalci Triple G-ja izjavili, da je odli\u010den sev za pomiritev \u017eivcev, laj\u0161anje psihi\u010dnega stresa in omogo\u010danje uma, da si spo\u010dije pred navalom misli, ki naj nas pono\u010di ohranja budni.<\/p>\n<p>Ta sev, v katerem prevladuje indica, lahko povzro\u010di lakoto ali sedacijo, zato imejte pri roki nekaj zdravih prigrizkov in udoben prostor za pole\u017eavanje ali spanje v bli\u017eini.<\/p>\n<p>Kupite Blue Blue. Dream Sativa AA z brezpla\u010dno dostavo na katero koli lokacijo v Evropi. BudStars je prva svetovna spletna trgovina z marihuano. Prejmite znatne popuste pri prvem nakupu.<\/p>\n<p>Sev Blue Dream Sativa je mogo\u010de kupiti prek spleta.<\/p>\n<p>Marihuano lahko kupite prek spleta z ali brez kartice za medicinsko marihuano. Marihuana po po\u0161ti.<\/p>\n","protected":false},"excerpt":{"rendered":"<p>Kupite sev Triple G za prodajo je hibrid in kri\u017eanec dveh legendarnih sevov v skupnosti konoplje: Gorilla Glue in Gelato.<\/p>\n<table>\n<caption>Kanabinoidni laboratorijski podatki<\/caption>\n<thead>\n<tr>\n<th>Kanabinoid<\/th>\n<th>Koli\u010dina<\/th>\n<\/tr>\n<\/thead>\n<tbody>\n<tr>\n<td>THC:<\/td>\n<td>21,69 %<\/td>\n<\/tr>\n<tr>\n<td>\u03949-THC:<\/td>\n<td>1,04%<\/td>\n<\/tr>\n<tr>\n<td>THC-A:<\/td>\n<td>23,54% <\/td>\n<\/tr>\n<\/tbody>\n<\/table>\n<p>&nbsp;<\/p>\n<table>\n<caption>Laboratorijski podatki za terpen<\/caption>\n<thead>\n<tr>\n<th>Terpen<\/caption>\n<th>Koli\u010dina<\/th>\n<\/tr>\n<\/thead>\n<tbody>\n<tr>\n<td>Limonen:<\/td>\n<td>0,68 %<\/td>\n<\/tr>\n<tr>\n<td>Beta kariofilen:<\/td>\n<td>0,27%<\/td>\n<\/tr>\n<tr>\n<td>Beta mircen:<\/td>\n<td>0,22%<\/td>\n<\/tr>\n<\/tbody>\n<\/table>\n","protected":false},"featured_media":4922,"comment_status":"open","ping_status":"closed","template":"","meta":[],"product_brand":[],"product_cat":[778],"product_tag":[787,789,788,790,791,792,793,794],"class_list":{"0":"post-4908","1":"product","2":"type-product","3":"status-publish","4":"has-post-thumbnail","6":"product_cat-plevel-za-prodajo","7":"product_tag-ggg-strain","8":"product_tag-la-patron-sev-listnato","9":"product_tag-hulkberry-sev","10":"product_tag-triple-g-grow-diary","11":"product_tag-triple-g-strain-allbud","12":"product_tag-triple-g-strain-flowering-time","13":"product_tag-triple-g-strain-leafly","14":"product_tag-triple-g-strain-near-me","16":"first","17":"instock","18":"shipping-taxable","19":"purchasable","20":"product-type-variable","21":"has-default-attributes"},"yoast_head":"<!-- This site is optimized with the Yoast SEO plugin v27.3 - https:\/\/yoast.com\/product\/yoast-seo-wordpress\/ -->\n<title>Kupite Triple G Strain - najbolj\u0161a najbolj\u0161a zdravila na svetu<\/title>\n<meta name=\"description\" content=\"Buy Triple G sev for sale je hibrid in kri\u017eanec med dvema mo\u010dnima sevoma, ki sta postala doma\u010da imena v skupnosti konoplje: Gorilla Glue in Gelato.\" \/>\n<meta name=\"robots\" content=\"index, follow, max-snippet:-1, max-image-preview:large, max-video-preview:-1\" \/>\n<link rel=\"canonical\" href=\"https:\/\/medicinasinc.com\/sl\/product\/buy-triple-g-strain\/\" \/>\n<meta property=\"og:locale\" content=\"en_US\" \/>\n<meta property=\"og:type\" content=\"article\" \/>\n<meta property=\"og:title\" content=\"Kupite Triple G Strain - najbolj\u0161a najbolj\u0161a zdravila na svetu\" \/>\n<meta property=\"og:description\" content=\"Buy Triple G sev for sale je hibrid in kri\u017eanec med dvema mo\u010dnima sevoma, ki sta postala doma\u010da imena v skupnosti konoplje: Gorilla Glue in Gelato.\" \/>\n<meta property=\"og:url\" content=\"https:\/\/medicinasinc.com\/sl\/product\/buy-triple-g-strain\/\" \/>\n<meta property=\"og:site_name\" content=\"Medicinas Inc\" \/>\n<meta property=\"article:modified_time\" content=\"2022-03-19T00:50:39+00:00\" \/>\n<meta property=\"og:image\" content=\"https:\/\/medicinasinc.com\/sl\/wp-content\/uploads\/sites\/7\/2022\/02\/Buy-Triple-G-Strain-1.jpg\" \/>\n\t<meta property=\"og:image:width\" content=\"800\" \/>\n\t<meta property=\"og:image:height\" content=\"800\" \/>\n\t<meta property=\"og:image:type\" content=\"image\/jpeg\" \/>\n<meta name=\"twitter:card\" content=\"summary_large_image\" \/>\n<meta name=\"twitter:label1\" content=\"Est. reading time\" \/>\n\t<meta name=\"twitter:data1\" content=\"1 minute\" \/>\n<script type=\"application\/ld+json\" class=\"yoast-schema-graph\">{\"@context\":\"https:\\\/\\\/schema.org\",\"@graph\":[{\"@type\":\"WebPage\",\"@id\":\"https:\\\/\\\/medicinasinc.com\\\/sl\\\/product\\\/buy-triple-g-strain\\\/\",\"url\":\"https:\\\/\\\/medicinasinc.com\\\/sl\\\/product\\\/buy-triple-g-strain\\\/\",\"name\":\"Kupite Triple G Strain - najbolj\u0161a najbolj\u0161a zdravila na svetu\",\"isPartOf\":{\"@id\":\"https:\\\/\\\/medicinasinc.com\\\/sl\\\/#website\"},\"primaryImageOfPage\":{\"@id\":\"https:\\\/\\\/medicinasinc.com\\\/sl\\\/product\\\/buy-triple-g-strain\\\/#primaryimage\"},\"image\":{\"@id\":\"https:\\\/\\\/medicinasinc.com\\\/sl\\\/product\\\/buy-triple-g-strain\\\/#primaryimage\"},\"thumbnailUrl\":\"https:\\\/\\\/medicinasinc.com\\\/sl\\\/wp-content\\\/uploads\\\/sites\\\/7\\\/2022\\\/02\\\/Buy-Triple-G-Strain-1.jpg\",\"datePublished\":\"2022-02-20T17:37:57+00:00\",\"dateModified\":\"2022-03-19T00:50:39+00:00\",\"description\":\"Buy Triple G sev for sale je hibrid in kri\u017eanec med dvema mo\u010dnima sevoma, ki sta postala doma\u010da imena v skupnosti konoplje: Gorilla Glue in Gelato.\",\"breadcrumb\":{\"@id\":\"https:\\\/\\\/medicinasinc.com\\\/sl\\\/product\\\/buy-triple-g-strain\\\/#breadcrumb\"},\"inLanguage\":\"en-US\",\"potentialAction\":[{\"@type\":\"ReadAction\",\"target\":[\"https:\\\/\\\/medicinasinc.com\\\/sl\\\/product\\\/buy-triple-g-strain\\\/\"]}]},{\"@type\":\"ImageObject\",\"inLanguage\":\"en-US\",\"@id\":\"https:\\\/\\\/medicinasinc.com\\\/sl\\\/product\\\/buy-triple-g-strain\\\/#primaryimage\",\"url\":\"https:\\\/\\\/medicinasinc.com\\\/sl\\\/wp-content\\\/uploads\\\/sites\\\/7\\\/2022\\\/02\\\/Buy-Triple-G-Strain-1.jpg\",\"contentUrl\":\"https:\\\/\\\/medicinasinc.com\\\/sl\\\/wp-content\\\/uploads\\\/sites\\\/7\\\/2022\\\/02\\\/Buy-Triple-G-Strain-1.jpg\",\"width\":800,\"height\":800},{\"@type\":\"BreadcrumbList\",\"@id\":\"https:\\\/\\\/medicinasinc.com\\\/sl\\\/product\\\/buy-triple-g-strain\\\/#breadcrumb\",\"itemListElement\":[{\"@type\":\"ListItem\",\"position\":1,\"name\":\"Nakupujte\",\"item\":\"https:\\\/\\\/medicinasinc.com\\\/sl\\\/nakupujte\\\/\"},{\"@type\":\"ListItem\",\"position\":2,\"name\":\"Kupite Triple G Strain\"}]},{\"@type\":\"WebSite\",\"@id\":\"https:\\\/\\\/medicinasinc.com\\\/sl\\\/#website\",\"url\":\"https:\\\/\\\/medicinasinc.com\\\/sl\\\/\",\"name\":\"Medicinas Inc\",\"description\":\"Health Medical Clinic\",\"potentialAction\":[{\"@type\":\"SearchAction\",\"target\":{\"@type\":\"EntryPoint\",\"urlTemplate\":\"https:\\\/\\\/medicinasinc.com\\\/sl\\\/?s={search_term_string}\"},\"query-input\":{\"@type\":\"PropertyValueSpecification\",\"valueRequired\":true,\"valueName\":\"search_term_string\"}}],\"inLanguage\":\"en-US\"}]}<\/script>\n<!-- \/ Yoast SEO plugin. -->","yoast_head_json":{"title":"Kupite Triple G Strain - najbolj\u0161a najbolj\u0161a zdravila na svetu","description":"Buy Triple G sev for sale je hibrid in kri\u017eanec med dvema mo\u010dnima sevoma, ki sta postala doma\u010da imena v skupnosti konoplje: Gorilla Glue in Gelato.","robots":{"index":"index","follow":"follow","max-snippet":"max-snippet:-1","max-image-preview":"max-image-preview:large","max-video-preview":"max-video-preview:-1"},"canonical":"https:\/\/medicinasinc.com\/sl\/product\/buy-triple-g-strain\/","og_locale":"en_US","og_type":"article","og_title":"Kupite Triple G Strain - najbolj\u0161a najbolj\u0161a zdravila na svetu","og_description":"Buy Triple G sev for sale je hibrid in kri\u017eanec med dvema mo\u010dnima sevoma, ki sta postala doma\u010da imena v skupnosti konoplje: Gorilla Glue in Gelato.","og_url":"https:\/\/medicinasinc.com\/sl\/product\/buy-triple-g-strain\/","og_site_name":"Medicinas Inc","article_modified_time":"2022-03-19T00:50:39+00:00","og_image":[{"width":800,"height":800,"url":"https:\/\/medicinasinc.com\/sl\/wp-content\/uploads\/sites\/7\/2022\/02\/Buy-Triple-G-Strain-1.jpg","type":"image\/jpeg"}],"twitter_card":"summary_large_image","twitter_misc":{"Est. reading time":"1 minute"},"schema":{"@context":"https:\/\/schema.org","@graph":[{"@type":"WebPage","@id":"https:\/\/medicinasinc.com\/sl\/product\/buy-triple-g-strain\/","url":"https:\/\/medicinasinc.com\/sl\/product\/buy-triple-g-strain\/","name":"Kupite Triple G Strain - najbolj\u0161a najbolj\u0161a zdravila na svetu","isPartOf":{"@id":"https:\/\/medicinasinc.com\/sl\/#website"},"primaryImageOfPage":{"@id":"https:\/\/medicinasinc.com\/sl\/product\/buy-triple-g-strain\/#primaryimage"},"image":{"@id":"https:\/\/medicinasinc.com\/sl\/product\/buy-triple-g-strain\/#primaryimage"},"thumbnailUrl":"https:\/\/medicinasinc.com\/sl\/wp-content\/uploads\/sites\/7\/2022\/02\/Buy-Triple-G-Strain-1.jpg","datePublished":"2022-02-20T17:37:57+00:00","dateModified":"2022-03-19T00:50:39+00:00","description":"Buy Triple G sev for sale je hibrid in kri\u017eanec med dvema mo\u010dnima sevoma, ki sta postala doma\u010da imena v skupnosti konoplje: Gorilla Glue in Gelato.","breadcrumb":{"@id":"https:\/\/medicinasinc.com\/sl\/product\/buy-triple-g-strain\/#breadcrumb"},"inLanguage":"en-US","potentialAction":[{"@type":"ReadAction","target":["https:\/\/medicinasinc.com\/sl\/product\/buy-triple-g-strain\/"]}]},{"@type":"ImageObject","inLanguage":"en-US","@id":"https:\/\/medicinasinc.com\/sl\/product\/buy-triple-g-strain\/#primaryimage","url":"https:\/\/medicinasinc.com\/sl\/wp-content\/uploads\/sites\/7\/2022\/02\/Buy-Triple-G-Strain-1.jpg","contentUrl":"https:\/\/medicinasinc.com\/sl\/wp-content\/uploads\/sites\/7\/2022\/02\/Buy-Triple-G-Strain-1.jpg","width":800,"height":800},{"@type":"BreadcrumbList","@id":"https:\/\/medicinasinc.com\/sl\/product\/buy-triple-g-strain\/#breadcrumb","itemListElement":[{"@type":"ListItem","position":1,"name":"Nakupujte","item":"https:\/\/medicinasinc.com\/sl\/nakupujte\/"},{"@type":"ListItem","position":2,"name":"Kupite Triple G Strain"}]},{"@type":"WebSite","@id":"https:\/\/medicinasinc.com\/sl\/#website","url":"https:\/\/medicinasinc.com\/sl\/","name":"Medicinas Inc","description":"Health Medical Clinic","potentialAction":[{"@type":"SearchAction","target":{"@type":"EntryPoint","urlTemplate":"https:\/\/medicinasinc.com\/sl\/?s={search_term_string}"},"query-input":{"@type":"PropertyValueSpecification","valueRequired":true,"valueName":"search_term_string"}}],"inLanguage":"en-US"}]}},"_links":{"self":[{"href":"https:\/\/medicinasinc.com\/sl\/wp-json\/wp\/v2\/product\/4908","targetHints":{"allow":["GET"]}}],"collection":[{"href":"https:\/\/medicinasinc.com\/sl\/wp-json\/wp\/v2\/product"}],"about":[{"href":"https:\/\/medicinasinc.com\/sl\/wp-json\/wp\/v2\/types\/product"}],"replies":[{"embeddable":true,"href":"https:\/\/medicinasinc.com\/sl\/wp-json\/wp\/v2\/comments?post=4908"}],"wp:featuredmedia":[{"embeddable":true,"href":"https:\/\/medicinasinc.com\/sl\/wp-json\/wp\/v2\/media\/4922"}],"wp:attachment":[{"href":"https:\/\/medicinasinc.com\/sl\/wp-json\/wp\/v2\/media?parent=4908"}],"wp:term":[{"taxonomy":"product_brand","embeddable":true,"href":"https:\/\/medicinasinc.com\/sl\/wp-json\/wp\/v2\/product_brand?post=4908"},{"taxonomy":"product_cat","embeddable":true,"href":"https:\/\/medicinasinc.com\/sl\/wp-json\/wp\/v2\/product_cat?post=4908"},{"taxonomy":"product_tag","embeddable":true,"href":"https:\/\/medicinasinc.com\/sl\/wp-json\/wp\/v2\/product_tag?post=4908"}],"curies":[{"name":"wp","href":"https:\/\/api.w.org\/{rel}","templated":true}]}}