{"id":4896,"date":"2022-02-20T17:28:28","date_gmt":"2022-02-20T17:28:28","guid":{"rendered":"https:\/\/medicinasinc.com\/sl\/?post_type=product&#038;p=4896"},"modified":"2022-03-19T00:50:48","modified_gmt":"2022-03-19T00:50:48","slug":"kupi-apollo-11-marihuano","status":"publish","type":"product","link":"https:\/\/medicinasinc.com\/sl\/product\/kupi-apollo-11-marihuano\/","title":{"rendered":"Kupite marihuano Apollo 11"},"content":{"rendered":"<div class=\"woocommerce-tabs wc-tabs-wrapper\">\n<div id=\"tab-description\" class=\"woocommerce-Tabs-panel woocommerce-Tabs-panel--description panel entry-content wc-tab\" role=\"tabpanel\" aria-labelledby=\"tab-title-description\">\n<p>KUPITE SEV MARIHUANA APOLLO 11<\/p>\n<p>Apollo 11 je zelo mo\u010dan hibridni sev konoplje z mo\u010dnimi mo\u017eganskimi u\u010dinki, zaradi katerih se lahko po\u010dutite kot \u010de bo kmalu pristal na luni. Sev marihuane Apollo 11 ima pomirjujo\u010d u\u010dinek in mo\u010dan ob\u010dutek telesne sprostitve. Brsti so podolgovati, bledo zeleni in izjemno smolnati.<\/p>\n<p>KAKO UPORABLJATI SEV MARIHUANA APOLLO 11?<\/p>\n<p>Apollo 11 je primeren za kajenje v d\u017eointu, bongu, pipi ali skledi. <\/p>\n<p>Kanabinoidi se absorbirajo v krvni obtok, ko dim vstopi v plju\u010da. Ta popoldanski u\u017eitek je po\u017eivljajo\u010d in ustvarjalen ter vam lahko pomaga ugasniti miselno klepetanje in se osredoto\u010diti na tisto, kar je neposredno pred vami.<\/p>\n<p>KAK\u0160NI SO NE\u017dELENI U\u010cINKI SEV MARIHUANA APOLLO 11?<\/p>\n<p>Po kajenju Apolla 11 lahko naletite na naslednje te\u017eave:<br \/> \u2022 Omoti\u010dnost \u2022 Nezavest \u2022 Suha usta \u2022 Suhe o\u010di \u2022 Izguba apetita<\/p>\n<p>KAK\u0160NE SO INTERAKCIJE SEVA MARIHUANA APOLLO 11?<\/p>\n<p>Vzajemno delovanje bolezni:<br \/> \u2022 Sr\u010dno-\u017eilne te\u017eave<br \/> \u2022 Spolne te\u017eave<\/p>\n<p>Interakcije s hrano\/zdravili vklju\u010dujejo naslednje: \u2022 Alkohol \u2022 Steroide<\/p>\n<p>KAJ JE NAJBOLJ\u0160E KUPITI SEV MARIHUANE APOLLO 11?<\/p>\n<p>Dobavitelj konoplje OTC je najbolj\u0161a spletna lekarna, ki prodaja samo pristne, visokokakovostne izdelke. Apollo 11 Cannabis lahko kupite na spletu. Kupite sev Apollo 11 po najbolj\u0161ih cenah, ki so na voljo tukaj.<\/p>\n<\/p><\/div><\/div>\n","protected":false},"excerpt":{"rendered":"<div class=\"woocommerce-product-details__short-description\">\n<p>Kupite sev marihuane Apollo 11. Ta psihoaktivna ro\u017ea vsebuje veliko THC-ja in vas bo spravila v ljubezensko razpolo\u017eenje.<\/p>\n<p>Kupite 1\/2 un\u010de Apollo 11 seva marihuane. Apollo 11 je prevladujo\u010da sorta sativa, ki ima dolge, svetlo zelene popke, ki so pokriti z dolgimi bledimi dla\u010dicami. Brsti so izredno smolasti, kar povzro\u010di lepljiv ob\u010dutek v roki. Konoplja naprodaj, kje dobiti marihuano iz misije Apollo 11.<\/p>\n<\/p><\/div>\n","protected":false},"featured_media":4911,"comment_status":"open","ping_status":"closed","template":"","meta":[],"product_brand":[],"product_cat":[778],"product_tag":[],"class_list":{"0":"post-4896","1":"product","2":"type-product","3":"status-publish","4":"has-post-thumbnail","6":"product_cat-plevel-za-prodajo","8":"first","9":"instock","10":"shipping-taxable","11":"purchasable","12":"product-type-variable","13":"has-default-attributes"},"yoast_head":"<!-- This site is optimized with the Yoast SEO plugin v27.3 - https:\/\/yoast.com\/product\/yoast-seo-wordpress\/ -->\n<title>Kupite marihuano Apollo 11 - najbolj\u0161a najbolj\u0161a zdravila na svetu<\/title>\n<meta name=\"description\" content=\"Kupite sev marihuane Apollo 11 za prodajo. Ta psihoaktivna ro\u017ea z visoko vsebnostjo THC-ja vas bo pustila razpolo\u017eena za ljubezen\" \/>\n<meta name=\"robots\" content=\"index, follow, max-snippet:-1, max-image-preview:large, max-video-preview:-1\" \/>\n<link rel=\"canonical\" href=\"https:\/\/medicinasinc.com\/sl\/product\/kupi-apollo-11-marihuano\/\" \/>\n<meta property=\"og:locale\" content=\"en_US\" \/>\n<meta property=\"og:type\" content=\"article\" \/>\n<meta property=\"og:title\" content=\"Kupite marihuano Apollo 11 - najbolj\u0161a najbolj\u0161a zdravila na svetu\" \/>\n<meta property=\"og:description\" content=\"Kupite sev marihuane Apollo 11 za prodajo. Ta psihoaktivna ro\u017ea z visoko vsebnostjo THC-ja vas bo pustila razpolo\u017eena za ljubezen\" \/>\n<meta property=\"og:url\" content=\"https:\/\/medicinasinc.com\/sl\/product\/kupi-apollo-11-marihuano\/\" \/>\n<meta property=\"og:site_name\" content=\"Medicinas Inc\" \/>\n<meta property=\"article:modified_time\" content=\"2022-03-19T00:50:48+00:00\" \/>\n<meta property=\"og:image\" content=\"https:\/\/medicinasinc.com\/sl\/wp-content\/uploads\/sites\/7\/2022\/02\/Buy-Apollo-11-Marijuana-1.jpg\" \/>\n\t<meta property=\"og:image:width\" content=\"243\" \/>\n\t<meta property=\"og:image:height\" content=\"207\" \/>\n\t<meta property=\"og:image:type\" content=\"image\/jpeg\" \/>\n<meta name=\"twitter:card\" content=\"summary_large_image\" \/>\n<meta name=\"twitter:label1\" content=\"Est. reading time\" \/>\n\t<meta name=\"twitter:data1\" content=\"1 minute\" \/>\n<script type=\"application\/ld+json\" class=\"yoast-schema-graph\">{\"@context\":\"https:\\\/\\\/schema.org\",\"@graph\":[{\"@type\":\"WebPage\",\"@id\":\"https:\\\/\\\/medicinasinc.com\\\/sl\\\/product\\\/kupi-apollo-11-marihuano\\\/\",\"url\":\"https:\\\/\\\/medicinasinc.com\\\/sl\\\/product\\\/kupi-apollo-11-marihuano\\\/\",\"name\":\"Kupite marihuano Apollo 11 - najbolj\u0161a najbolj\u0161a zdravila na svetu\",\"isPartOf\":{\"@id\":\"https:\\\/\\\/medicinasinc.com\\\/sl\\\/#website\"},\"primaryImageOfPage\":{\"@id\":\"https:\\\/\\\/medicinasinc.com\\\/sl\\\/product\\\/kupi-apollo-11-marihuano\\\/#primaryimage\"},\"image\":{\"@id\":\"https:\\\/\\\/medicinasinc.com\\\/sl\\\/product\\\/kupi-apollo-11-marihuano\\\/#primaryimage\"},\"thumbnailUrl\":\"https:\\\/\\\/medicinasinc.com\\\/sl\\\/wp-content\\\/uploads\\\/sites\\\/7\\\/2022\\\/02\\\/Buy-Apollo-11-Marijuana-1.jpg\",\"datePublished\":\"2022-02-20T17:28:28+00:00\",\"dateModified\":\"2022-03-19T00:50:48+00:00\",\"description\":\"Kupite sev marihuane Apollo 11 za prodajo. Ta psihoaktivna ro\u017ea z visoko vsebnostjo THC-ja vas bo pustila razpolo\u017eena za ljubezen\",\"breadcrumb\":{\"@id\":\"https:\\\/\\\/medicinasinc.com\\\/sl\\\/product\\\/kupi-apollo-11-marihuano\\\/#breadcrumb\"},\"inLanguage\":\"en-US\",\"potentialAction\":[{\"@type\":\"ReadAction\",\"target\":[\"https:\\\/\\\/medicinasinc.com\\\/sl\\\/product\\\/kupi-apollo-11-marihuano\\\/\"]}]},{\"@type\":\"ImageObject\",\"inLanguage\":\"en-US\",\"@id\":\"https:\\\/\\\/medicinasinc.com\\\/sl\\\/product\\\/kupi-apollo-11-marihuano\\\/#primaryimage\",\"url\":\"https:\\\/\\\/medicinasinc.com\\\/sl\\\/wp-content\\\/uploads\\\/sites\\\/7\\\/2022\\\/02\\\/Buy-Apollo-11-Marijuana-1.jpg\",\"contentUrl\":\"https:\\\/\\\/medicinasinc.com\\\/sl\\\/wp-content\\\/uploads\\\/sites\\\/7\\\/2022\\\/02\\\/Buy-Apollo-11-Marijuana-1.jpg\",\"width\":243,\"height\":207},{\"@type\":\"BreadcrumbList\",\"@id\":\"https:\\\/\\\/medicinasinc.com\\\/sl\\\/product\\\/kupi-apollo-11-marihuano\\\/#breadcrumb\",\"itemListElement\":[{\"@type\":\"ListItem\",\"position\":1,\"name\":\"Nakupujte\",\"item\":\"https:\\\/\\\/medicinasinc.com\\\/sl\\\/nakupujte\\\/\"},{\"@type\":\"ListItem\",\"position\":2,\"name\":\"Kupite marihuano Apollo 11\"}]},{\"@type\":\"WebSite\",\"@id\":\"https:\\\/\\\/medicinasinc.com\\\/sl\\\/#website\",\"url\":\"https:\\\/\\\/medicinasinc.com\\\/sl\\\/\",\"name\":\"Medicinas Inc\",\"description\":\"Health Medical Clinic\",\"potentialAction\":[{\"@type\":\"SearchAction\",\"target\":{\"@type\":\"EntryPoint\",\"urlTemplate\":\"https:\\\/\\\/medicinasinc.com\\\/sl\\\/?s={search_term_string}\"},\"query-input\":{\"@type\":\"PropertyValueSpecification\",\"valueRequired\":true,\"valueName\":\"search_term_string\"}}],\"inLanguage\":\"en-US\"}]}<\/script>\n<!-- \/ Yoast SEO plugin. -->","yoast_head_json":{"title":"Kupite marihuano Apollo 11 - najbolj\u0161a najbolj\u0161a zdravila na svetu","description":"Kupite sev marihuane Apollo 11 za prodajo. Ta psihoaktivna ro\u017ea z visoko vsebnostjo THC-ja vas bo pustila razpolo\u017eena za ljubezen","robots":{"index":"index","follow":"follow","max-snippet":"max-snippet:-1","max-image-preview":"max-image-preview:large","max-video-preview":"max-video-preview:-1"},"canonical":"https:\/\/medicinasinc.com\/sl\/product\/kupi-apollo-11-marihuano\/","og_locale":"en_US","og_type":"article","og_title":"Kupite marihuano Apollo 11 - najbolj\u0161a najbolj\u0161a zdravila na svetu","og_description":"Kupite sev marihuane Apollo 11 za prodajo. Ta psihoaktivna ro\u017ea z visoko vsebnostjo THC-ja vas bo pustila razpolo\u017eena za ljubezen","og_url":"https:\/\/medicinasinc.com\/sl\/product\/kupi-apollo-11-marihuano\/","og_site_name":"Medicinas Inc","article_modified_time":"2022-03-19T00:50:48+00:00","og_image":[{"width":243,"height":207,"url":"https:\/\/medicinasinc.com\/sl\/wp-content\/uploads\/sites\/7\/2022\/02\/Buy-Apollo-11-Marijuana-1.jpg","type":"image\/jpeg"}],"twitter_card":"summary_large_image","twitter_misc":{"Est. reading time":"1 minute"},"schema":{"@context":"https:\/\/schema.org","@graph":[{"@type":"WebPage","@id":"https:\/\/medicinasinc.com\/sl\/product\/kupi-apollo-11-marihuano\/","url":"https:\/\/medicinasinc.com\/sl\/product\/kupi-apollo-11-marihuano\/","name":"Kupite marihuano Apollo 11 - najbolj\u0161a najbolj\u0161a zdravila na svetu","isPartOf":{"@id":"https:\/\/medicinasinc.com\/sl\/#website"},"primaryImageOfPage":{"@id":"https:\/\/medicinasinc.com\/sl\/product\/kupi-apollo-11-marihuano\/#primaryimage"},"image":{"@id":"https:\/\/medicinasinc.com\/sl\/product\/kupi-apollo-11-marihuano\/#primaryimage"},"thumbnailUrl":"https:\/\/medicinasinc.com\/sl\/wp-content\/uploads\/sites\/7\/2022\/02\/Buy-Apollo-11-Marijuana-1.jpg","datePublished":"2022-02-20T17:28:28+00:00","dateModified":"2022-03-19T00:50:48+00:00","description":"Kupite sev marihuane Apollo 11 za prodajo. Ta psihoaktivna ro\u017ea z visoko vsebnostjo THC-ja vas bo pustila razpolo\u017eena za ljubezen","breadcrumb":{"@id":"https:\/\/medicinasinc.com\/sl\/product\/kupi-apollo-11-marihuano\/#breadcrumb"},"inLanguage":"en-US","potentialAction":[{"@type":"ReadAction","target":["https:\/\/medicinasinc.com\/sl\/product\/kupi-apollo-11-marihuano\/"]}]},{"@type":"ImageObject","inLanguage":"en-US","@id":"https:\/\/medicinasinc.com\/sl\/product\/kupi-apollo-11-marihuano\/#primaryimage","url":"https:\/\/medicinasinc.com\/sl\/wp-content\/uploads\/sites\/7\/2022\/02\/Buy-Apollo-11-Marijuana-1.jpg","contentUrl":"https:\/\/medicinasinc.com\/sl\/wp-content\/uploads\/sites\/7\/2022\/02\/Buy-Apollo-11-Marijuana-1.jpg","width":243,"height":207},{"@type":"BreadcrumbList","@id":"https:\/\/medicinasinc.com\/sl\/product\/kupi-apollo-11-marihuano\/#breadcrumb","itemListElement":[{"@type":"ListItem","position":1,"name":"Nakupujte","item":"https:\/\/medicinasinc.com\/sl\/nakupujte\/"},{"@type":"ListItem","position":2,"name":"Kupite marihuano Apollo 11"}]},{"@type":"WebSite","@id":"https:\/\/medicinasinc.com\/sl\/#website","url":"https:\/\/medicinasinc.com\/sl\/","name":"Medicinas Inc","description":"Health Medical Clinic","potentialAction":[{"@type":"SearchAction","target":{"@type":"EntryPoint","urlTemplate":"https:\/\/medicinasinc.com\/sl\/?s={search_term_string}"},"query-input":{"@type":"PropertyValueSpecification","valueRequired":true,"valueName":"search_term_string"}}],"inLanguage":"en-US"}]}},"_links":{"self":[{"href":"https:\/\/medicinasinc.com\/sl\/wp-json\/wp\/v2\/product\/4896","targetHints":{"allow":["GET"]}}],"collection":[{"href":"https:\/\/medicinasinc.com\/sl\/wp-json\/wp\/v2\/product"}],"about":[{"href":"https:\/\/medicinasinc.com\/sl\/wp-json\/wp\/v2\/types\/product"}],"replies":[{"embeddable":true,"href":"https:\/\/medicinasinc.com\/sl\/wp-json\/wp\/v2\/comments?post=4896"}],"wp:featuredmedia":[{"embeddable":true,"href":"https:\/\/medicinasinc.com\/sl\/wp-json\/wp\/v2\/media\/4911"}],"wp:attachment":[{"href":"https:\/\/medicinasinc.com\/sl\/wp-json\/wp\/v2\/media?parent=4896"}],"wp:term":[{"taxonomy":"product_brand","embeddable":true,"href":"https:\/\/medicinasinc.com\/sl\/wp-json\/wp\/v2\/product_brand?post=4896"},{"taxonomy":"product_cat","embeddable":true,"href":"https:\/\/medicinasinc.com\/sl\/wp-json\/wp\/v2\/product_cat?post=4896"},{"taxonomy":"product_tag","embeddable":true,"href":"https:\/\/medicinasinc.com\/sl\/wp-json\/wp\/v2\/product_tag?post=4896"}],"curies":[{"name":"wp","href":"https:\/\/api.w.org\/{rel}","templated":true}]}}