{"id":4884,"date":"2022-02-20T17:19:27","date_gmt":"2022-02-20T17:19:27","guid":{"rendered":"https:\/\/medicinasinc.com\/sl\/?post_type=product&#038;p=4884"},"modified":"2022-03-19T00:51:11","modified_gmt":"2022-03-19T00:51:11","slug":"buy-white-widow-shatter","status":"publish","type":"product","link":"https:\/\/medicinasinc.com\/sl\/product\/buy-white-widow-shatter\/","title":{"rendered":"Kupite White Widow Shatter"},"content":{"rendered":"<p>KUPITE SPLETNO V NAJBOLJ\u0160I SPLETNI TRGOVINI WHITE WIDOW SHATTER<\/p>\n<p>\u010ce \u017eelite kupiti White Widow Shatter na spletu, se obrnite na MJ Online Bud Store. Ponujamo najbolj\u0161e cene za White Widow Shatter. Kot najbolj\u0161a trgovina na spletnem trgu v Zdru\u017eenih dr\u017eavah Amerike, Zdru\u017eenem kraljestvu, Kanadi, Nem\u010diji in Avstraliji ne spregledamo nobenega vidika izpolnjevanja zahtev, ki jih navedejo stranke pri spletnem naro\u010danju White Widow Shatter.<\/p>\n<p>Zakaj bi morali posamezniki uporabljati White Widow Shatter?<\/p>\n<p>White Widow Shatter je legendarna hibridna sorta, ki je obo\u017eevana po vsem svetu. Ta sev je proizveden izklju\u010dno s kri\u017eanjem brazilske Sativa Landrace z ju\u017enoindijsko Indico. Njegova barva je temno jantarna. Ta koncentrat ima izjemno hrustljavo teksturo, zaradi \u010desar je zelo enostaven za uporabo. Ko se kadi, ta sev zagotavlja tradicionalno izku\u0161njo konoplje. Vsebuje med 75% in 80% THC. Poleg tega je dobro znan po tem, da je odli\u010den jutranji ali dnevni vdih. Okus te sorte je obi\u010dajno zemeljski, lesnati in cvetli\u010dni.<\/p>\n<p>Je dobro znana sorta zaradi svojih evfori\u010dnih in mo\u017eganskih u\u010dinkov.<br \/> Zagotavlja takoj\u0161en in evfori\u010den mo\u017eganski hiter.<br \/> Izzove mo\u010dno evforijo, kar ima za posledico ve\u010djo ustvarjalnost.<br \/> Laj\u0161a bole\u010dino in spodbuja popolno umirjenost.<br \/> Je idealen sev za blago do zmerno bole\u010dino, stres, depresijo in utrujenost.<br \/> Spodbuja dejavnosti, kot so zmerno delo ali telesna aktivnost, socialna interakcija, rekreacija in ustvarjalna prizadevanja.<br \/> Katera je najbolj\u0161a spletna trgovina za nakup White Widow Shatter?<\/p>\n<p>White Widow Shatter je mogo\u010de kupiti pri kateri je mogo\u010de kupiti White Widow Shatter. nih\u010de drug kot MJ Online Bud Store. Spletno naro\u010dilo za White Widow Shatter boste prejeli v kratkem \u010dasu. Naro\u010dite White Widow Shatter prek spleta \u0161e danes in se pove\u017eite z najbolj\u0161imi prodajalci in dobavitelji v na\u0161i spletni ambulanti.<\/p>\n","protected":false},"excerpt":{"rendered":"<p>\u010ce \u017eelite kupiti White Widow Shatter za spletno prodajo, stopite v stik s spletno trgovino bestglobalmeds. Imamo White Widow Shatter za prodajo po najbolj\u0161ih cenah.<\/p>\n<p>&nbsp;<\/p>\n<ul>\n<li>Po\u0161iljanje po vsem svetu<\/li>\n<li><strong>Razred: AAAAA<\/strong> <\/li>\n<li><strong>Za ve\u010dja naro\u010dila nas kontaktirajte<\/strong>\u00a0.<\/li>\n<\/ul>\n","protected":false},"featured_media":4899,"comment_status":"open","ping_status":"closed","template":"","meta":[],"product_brand":[],"product_cat":[777],"product_tag":[],"class_list":{"0":"post-4884","1":"product","2":"type-product","3":"status-publish","4":"has-post-thumbnail","6":"product_cat-kupiti-razbiti","8":"first","9":"instock","10":"shipping-taxable","11":"purchasable","12":"product-type-variable","13":"has-default-attributes"},"yoast_head":"<!-- This site is optimized with the Yoast SEO plugin v27.3 - https:\/\/yoast.com\/product\/yoast-seo-wordpress\/ -->\n<title>Kupite White Widow Shatter - najbolj\u0161a najbolj\u0161a zdravila na svetu<\/title>\n<meta name=\"description\" content=\"\u010ce \u017eelite kupiti White Widow Shatter za prodajo na spletu, stopite v stik s spletno trgovino bestglobalmeds. Imamo White Widow Shatter naprodaj po najbolj\u0161ih cenah.\" \/>\n<meta name=\"robots\" content=\"index, follow, max-snippet:-1, max-image-preview:large, max-video-preview:-1\" \/>\n<link rel=\"canonical\" href=\"https:\/\/medicinasinc.com\/sl\/product\/buy-white-widow-shatter\/\" \/>\n<meta property=\"og:locale\" content=\"en_US\" \/>\n<meta property=\"og:type\" content=\"article\" \/>\n<meta property=\"og:title\" content=\"Kupite White Widow Shatter - najbolj\u0161a najbolj\u0161a zdravila na svetu\" \/>\n<meta property=\"og:description\" content=\"\u010ce \u017eelite kupiti White Widow Shatter za prodajo na spletu, stopite v stik s spletno trgovino bestglobalmeds. Imamo White Widow Shatter naprodaj po najbolj\u0161ih cenah.\" \/>\n<meta property=\"og:url\" content=\"https:\/\/medicinasinc.com\/sl\/product\/buy-white-widow-shatter\/\" \/>\n<meta property=\"og:site_name\" content=\"Medicinas Inc\" \/>\n<meta property=\"article:modified_time\" content=\"2022-03-19T00:51:11+00:00\" \/>\n<meta property=\"og:image\" content=\"https:\/\/medicinasinc.com\/sl\/wp-content\/uploads\/sites\/7\/2022\/02\/Buy-White-Widow-Shatter.jpg\" \/>\n\t<meta property=\"og:image:width\" content=\"600\" \/>\n\t<meta property=\"og:image:height\" content=\"600\" \/>\n\t<meta property=\"og:image:type\" content=\"image\/jpeg\" \/>\n<meta name=\"twitter:card\" content=\"summary_large_image\" \/>\n<script type=\"application\/ld+json\" class=\"yoast-schema-graph\">{\"@context\":\"https:\\\/\\\/schema.org\",\"@graph\":[{\"@type\":\"WebPage\",\"@id\":\"https:\\\/\\\/medicinasinc.com\\\/sl\\\/product\\\/buy-white-widow-shatter\\\/\",\"url\":\"https:\\\/\\\/medicinasinc.com\\\/sl\\\/product\\\/buy-white-widow-shatter\\\/\",\"name\":\"Kupite White Widow Shatter - najbolj\u0161a najbolj\u0161a zdravila na svetu\",\"isPartOf\":{\"@id\":\"https:\\\/\\\/medicinasinc.com\\\/sl\\\/#website\"},\"primaryImageOfPage\":{\"@id\":\"https:\\\/\\\/medicinasinc.com\\\/sl\\\/product\\\/buy-white-widow-shatter\\\/#primaryimage\"},\"image\":{\"@id\":\"https:\\\/\\\/medicinasinc.com\\\/sl\\\/product\\\/buy-white-widow-shatter\\\/#primaryimage\"},\"thumbnailUrl\":\"https:\\\/\\\/medicinasinc.com\\\/sl\\\/wp-content\\\/uploads\\\/sites\\\/7\\\/2022\\\/02\\\/Buy-White-Widow-Shatter.jpg\",\"datePublished\":\"2022-02-20T17:19:27+00:00\",\"dateModified\":\"2022-03-19T00:51:11+00:00\",\"description\":\"\u010ce \u017eelite kupiti White Widow Shatter za prodajo na spletu, stopite v stik s spletno trgovino bestglobalmeds. Imamo White Widow Shatter naprodaj po najbolj\u0161ih cenah.\",\"breadcrumb\":{\"@id\":\"https:\\\/\\\/medicinasinc.com\\\/sl\\\/product\\\/buy-white-widow-shatter\\\/#breadcrumb\"},\"inLanguage\":\"en-US\",\"potentialAction\":[{\"@type\":\"ReadAction\",\"target\":[\"https:\\\/\\\/medicinasinc.com\\\/sl\\\/product\\\/buy-white-widow-shatter\\\/\"]}]},{\"@type\":\"ImageObject\",\"inLanguage\":\"en-US\",\"@id\":\"https:\\\/\\\/medicinasinc.com\\\/sl\\\/product\\\/buy-white-widow-shatter\\\/#primaryimage\",\"url\":\"https:\\\/\\\/medicinasinc.com\\\/sl\\\/wp-content\\\/uploads\\\/sites\\\/7\\\/2022\\\/02\\\/Buy-White-Widow-Shatter.jpg\",\"contentUrl\":\"https:\\\/\\\/medicinasinc.com\\\/sl\\\/wp-content\\\/uploads\\\/sites\\\/7\\\/2022\\\/02\\\/Buy-White-Widow-Shatter.jpg\",\"width\":600,\"height\":600},{\"@type\":\"BreadcrumbList\",\"@id\":\"https:\\\/\\\/medicinasinc.com\\\/sl\\\/product\\\/buy-white-widow-shatter\\\/#breadcrumb\",\"itemListElement\":[{\"@type\":\"ListItem\",\"position\":1,\"name\":\"Nakupujte\",\"item\":\"https:\\\/\\\/medicinasinc.com\\\/sl\\\/nakupujte\\\/\"},{\"@type\":\"ListItem\",\"position\":2,\"name\":\"Kupite White Widow Shatter\"}]},{\"@type\":\"WebSite\",\"@id\":\"https:\\\/\\\/medicinasinc.com\\\/sl\\\/#website\",\"url\":\"https:\\\/\\\/medicinasinc.com\\\/sl\\\/\",\"name\":\"Medicinas Inc\",\"description\":\"Health Medical Clinic\",\"potentialAction\":[{\"@type\":\"SearchAction\",\"target\":{\"@type\":\"EntryPoint\",\"urlTemplate\":\"https:\\\/\\\/medicinasinc.com\\\/sl\\\/?s={search_term_string}\"},\"query-input\":{\"@type\":\"PropertyValueSpecification\",\"valueRequired\":true,\"valueName\":\"search_term_string\"}}],\"inLanguage\":\"en-US\"}]}<\/script>\n<!-- \/ Yoast SEO plugin. -->","yoast_head_json":{"title":"Kupite White Widow Shatter - najbolj\u0161a najbolj\u0161a zdravila na svetu","description":"\u010ce \u017eelite kupiti White Widow Shatter za prodajo na spletu, stopite v stik s spletno trgovino bestglobalmeds. Imamo White Widow Shatter naprodaj po najbolj\u0161ih cenah.","robots":{"index":"index","follow":"follow","max-snippet":"max-snippet:-1","max-image-preview":"max-image-preview:large","max-video-preview":"max-video-preview:-1"},"canonical":"https:\/\/medicinasinc.com\/sl\/product\/buy-white-widow-shatter\/","og_locale":"en_US","og_type":"article","og_title":"Kupite White Widow Shatter - najbolj\u0161a najbolj\u0161a zdravila na svetu","og_description":"\u010ce \u017eelite kupiti White Widow Shatter za prodajo na spletu, stopite v stik s spletno trgovino bestglobalmeds. Imamo White Widow Shatter naprodaj po najbolj\u0161ih cenah.","og_url":"https:\/\/medicinasinc.com\/sl\/product\/buy-white-widow-shatter\/","og_site_name":"Medicinas Inc","article_modified_time":"2022-03-19T00:51:11+00:00","og_image":[{"width":600,"height":600,"url":"https:\/\/medicinasinc.com\/sl\/wp-content\/uploads\/sites\/7\/2022\/02\/Buy-White-Widow-Shatter.jpg","type":"image\/jpeg"}],"twitter_card":"summary_large_image","schema":{"@context":"https:\/\/schema.org","@graph":[{"@type":"WebPage","@id":"https:\/\/medicinasinc.com\/sl\/product\/buy-white-widow-shatter\/","url":"https:\/\/medicinasinc.com\/sl\/product\/buy-white-widow-shatter\/","name":"Kupite White Widow Shatter - najbolj\u0161a najbolj\u0161a zdravila na svetu","isPartOf":{"@id":"https:\/\/medicinasinc.com\/sl\/#website"},"primaryImageOfPage":{"@id":"https:\/\/medicinasinc.com\/sl\/product\/buy-white-widow-shatter\/#primaryimage"},"image":{"@id":"https:\/\/medicinasinc.com\/sl\/product\/buy-white-widow-shatter\/#primaryimage"},"thumbnailUrl":"https:\/\/medicinasinc.com\/sl\/wp-content\/uploads\/sites\/7\/2022\/02\/Buy-White-Widow-Shatter.jpg","datePublished":"2022-02-20T17:19:27+00:00","dateModified":"2022-03-19T00:51:11+00:00","description":"\u010ce \u017eelite kupiti White Widow Shatter za prodajo na spletu, stopite v stik s spletno trgovino bestglobalmeds. Imamo White Widow Shatter naprodaj po najbolj\u0161ih cenah.","breadcrumb":{"@id":"https:\/\/medicinasinc.com\/sl\/product\/buy-white-widow-shatter\/#breadcrumb"},"inLanguage":"en-US","potentialAction":[{"@type":"ReadAction","target":["https:\/\/medicinasinc.com\/sl\/product\/buy-white-widow-shatter\/"]}]},{"@type":"ImageObject","inLanguage":"en-US","@id":"https:\/\/medicinasinc.com\/sl\/product\/buy-white-widow-shatter\/#primaryimage","url":"https:\/\/medicinasinc.com\/sl\/wp-content\/uploads\/sites\/7\/2022\/02\/Buy-White-Widow-Shatter.jpg","contentUrl":"https:\/\/medicinasinc.com\/sl\/wp-content\/uploads\/sites\/7\/2022\/02\/Buy-White-Widow-Shatter.jpg","width":600,"height":600},{"@type":"BreadcrumbList","@id":"https:\/\/medicinasinc.com\/sl\/product\/buy-white-widow-shatter\/#breadcrumb","itemListElement":[{"@type":"ListItem","position":1,"name":"Nakupujte","item":"https:\/\/medicinasinc.com\/sl\/nakupujte\/"},{"@type":"ListItem","position":2,"name":"Kupite White Widow Shatter"}]},{"@type":"WebSite","@id":"https:\/\/medicinasinc.com\/sl\/#website","url":"https:\/\/medicinasinc.com\/sl\/","name":"Medicinas Inc","description":"Health Medical Clinic","potentialAction":[{"@type":"SearchAction","target":{"@type":"EntryPoint","urlTemplate":"https:\/\/medicinasinc.com\/sl\/?s={search_term_string}"},"query-input":{"@type":"PropertyValueSpecification","valueRequired":true,"valueName":"search_term_string"}}],"inLanguage":"en-US"}]}},"_links":{"self":[{"href":"https:\/\/medicinasinc.com\/sl\/wp-json\/wp\/v2\/product\/4884","targetHints":{"allow":["GET"]}}],"collection":[{"href":"https:\/\/medicinasinc.com\/sl\/wp-json\/wp\/v2\/product"}],"about":[{"href":"https:\/\/medicinasinc.com\/sl\/wp-json\/wp\/v2\/types\/product"}],"replies":[{"embeddable":true,"href":"https:\/\/medicinasinc.com\/sl\/wp-json\/wp\/v2\/comments?post=4884"}],"wp:featuredmedia":[{"embeddable":true,"href":"https:\/\/medicinasinc.com\/sl\/wp-json\/wp\/v2\/media\/4899"}],"wp:attachment":[{"href":"https:\/\/medicinasinc.com\/sl\/wp-json\/wp\/v2\/media?parent=4884"}],"wp:term":[{"taxonomy":"product_brand","embeddable":true,"href":"https:\/\/medicinasinc.com\/sl\/wp-json\/wp\/v2\/product_brand?post=4884"},{"taxonomy":"product_cat","embeddable":true,"href":"https:\/\/medicinasinc.com\/sl\/wp-json\/wp\/v2\/product_cat?post=4884"},{"taxonomy":"product_tag","embeddable":true,"href":"https:\/\/medicinasinc.com\/sl\/wp-json\/wp\/v2\/product_tag?post=4884"}],"curies":[{"name":"wp","href":"https:\/\/api.w.org\/{rel}","templated":true}]}}