{"id":4883,"date":"2022-02-20T17:18:33","date_gmt":"2022-02-20T17:18:33","guid":{"rendered":"https:\/\/medicinasinc.com\/sl\/?post_type=product&#038;p=4883"},"modified":"2022-03-19T00:51:19","modified_gmt":"2022-03-19T00:51:19","slug":"kupi-soncni-zahod-sherbert-shatter","status":"publish","type":"product","link":"https:\/\/medicinasinc.com\/sl\/product\/kupi-soncni-zahod-sherbert-shatter\/","title":{"rendered":"Kupite Sunset Sherbert Shatter"},"content":{"rendered":"<p>Kupite Sunset Sherbert Shatter \u2013 Premium Indica Dominant Hybrid \u2013 85 % Indica \/ 15 % Sativa<\/p>\n<p>Sunset Sherbert, imenovan tudi Sherbet, je dedi\u010d prestola skavtskih pi\u0161kotkov. Sunset Sherbert je podedoval genetske zna\u010dilnosti svojega star\u0161a Girl Scout Cookies, ki je v svoji genetski liniji vklju\u010deval OG Kush, Durban Poison in Cherry Pie. To genetiko so nato kri\u017eali z Pink Panties, star\u0161em indic. Sunset Sherbert zdru\u017euje mo\u010dan hrup celotnega telesa s po\u017eivljajo\u010dim izbruhom ustvarjalne energije. Po kajenju bodo uporabniki za\u010dutili takoj\u0161en val energije \u2013 predvsem v mislih \u2013, zaradi \u010desar se bodo v nekaj minutah po\u010dutili socialno in evfori\u010dno. Ko se u\u010dinki za\u010dnejo u\u010dinkovati, se bo po telesu raz\u0161iril ne\u017een ob\u010dutek segrevanja, ki uporabnika ovije v popolno sprostitev in bla\u017eeno sre\u010do. Sunset Sherbert je bil zaradi mo\u010dnih u\u010dinkov uporabljen za zdravljenje depresije, stresa, tesnobe in blage do zmerne bole\u010dine.<\/p>\n<p>&nbsp;<\/p>\n<p>Upo\u0161tevajte, da zaradi nepredvidenih okoli\u0161\u010din, kot je npr. kot je poletna vro\u010dina, vlaga in celo \u010das, vedno obstaja mo\u017enost, da se drobec, ki ste ga naro\u010dili, spremeni v vosek ali brsti, preden pride do vas.<\/p>\n<p>Na \u017ealost pretvorba drobcev v vo\u0161\u010deni brsti ni redka, ko je izpostavljena. segreti, vendar to nikakor ne zmanj\u0161a varnosti ali mo\u010di va\u0161ega razbitja. \u010ce se to zgodi, se bodo terpeni in aromati\u010dne snovi okrepile, s \u010dimer se bo pove\u010dal okus.<\/p>\n<p>Ne ponujamo vra\u010dil ali zamenjav, \u010de se va\u0161 drobec spremeni v brsti ali vosek.<\/p>\n<div class=\"=\">\n<div class=\"product-prev\"><\/div><\/div>\n","protected":false},"excerpt":{"rendered":"<p>Nakup Shatter &#8211; Sunset Sherbert je na voljo za spletni nakup v Evropi in Zdru\u017eenem kraljestvu pri najbolj\u0161ih globalnih zdravilih. V Evropi lahko najdete najvi\u0161jo kakovost Shatter &#8211; Izdelki iz konoplje Sunset Sherbert.<\/p>\n<p>&nbsp;<\/p>\n<ul>\n<li>Po\u0161iljanje po vsem svetu<\/li>\n<li><strong>Razred: AAAAA<\/strong><\/li>\n<li> <strong>Obrnite se na nas<\/strong>\u00a0za ve\u010dja naro\u010dila<\/li>\n<\/ul>\n","protected":false},"featured_media":4897,"comment_status":"open","ping_status":"closed","template":"","meta":[],"product_brand":[],"product_cat":[777],"product_tag":[],"class_list":{"0":"post-4883","1":"product","2":"type-product","3":"status-publish","4":"has-post-thumbnail","6":"product_cat-kupiti-razbiti","8":"first","9":"instock","10":"shipping-taxable","11":"purchasable","12":"product-type-variable","13":"has-default-attributes"},"yoast_head":"<!-- This site is optimized with the Yoast SEO plugin v27.3 - https:\/\/yoast.com\/product\/yoast-seo-wordpress\/ -->\n<title>Kupite Sunset Sherbert Shatter - najbolj\u0161a najbolj\u0161a zdravila na svetu<\/title>\n<meta name=\"description\" content=\"Kupite Shatter - Sunset Sherbert za prodajo na spletu Evropa, Zdru\u017eeno kraljestvo pri The global medicinas. Poi\u0161\u010dite najkakovostnej\u0161e izdelke iz konoplje Shatter - Sunset Sherbert v Evropi.\" \/>\n<meta name=\"robots\" content=\"index, follow, max-snippet:-1, max-image-preview:large, max-video-preview:-1\" \/>\n<link rel=\"canonical\" href=\"https:\/\/medicinasinc.com\/sl\/product\/kupi-soncni-zahod-sherbert-shatter\/\" \/>\n<meta property=\"og:locale\" content=\"en_US\" \/>\n<meta property=\"og:type\" content=\"article\" \/>\n<meta property=\"og:title\" content=\"Kupite Sunset Sherbert Shatter - najbolj\u0161a najbolj\u0161a zdravila na svetu\" \/>\n<meta property=\"og:description\" content=\"Kupite Shatter - Sunset Sherbert za prodajo na spletu Evropa, Zdru\u017eeno kraljestvo pri The global medicinas. Poi\u0161\u010dite najkakovostnej\u0161e izdelke iz konoplje Shatter - Sunset Sherbert v Evropi.\" \/>\n<meta property=\"og:url\" content=\"https:\/\/medicinasinc.com\/sl\/product\/kupi-soncni-zahod-sherbert-shatter\/\" \/>\n<meta property=\"og:site_name\" content=\"Medicinas Inc\" \/>\n<meta property=\"article:modified_time\" content=\"2022-03-19T00:51:19+00:00\" \/>\n<meta property=\"og:image\" content=\"https:\/\/medicinasinc.com\/sl\/wp-content\/uploads\/sites\/7\/2022\/02\/Buy-Sunset-Sherbert-Shatter.jpg\" \/>\n\t<meta property=\"og:image:width\" content=\"600\" \/>\n\t<meta property=\"og:image:height\" content=\"600\" \/>\n\t<meta property=\"og:image:type\" content=\"image\/jpeg\" \/>\n<meta name=\"twitter:card\" content=\"summary_large_image\" \/>\n<meta name=\"twitter:label1\" content=\"Est. reading time\" \/>\n\t<meta name=\"twitter:data1\" content=\"2 minutes\" \/>\n<script type=\"application\/ld+json\" class=\"yoast-schema-graph\">{\"@context\":\"https:\\\/\\\/schema.org\",\"@graph\":[{\"@type\":\"WebPage\",\"@id\":\"https:\\\/\\\/medicinasinc.com\\\/sl\\\/product\\\/kupi-soncni-zahod-sherbert-shatter\\\/\",\"url\":\"https:\\\/\\\/medicinasinc.com\\\/sl\\\/product\\\/kupi-soncni-zahod-sherbert-shatter\\\/\",\"name\":\"Kupite Sunset Sherbert Shatter - najbolj\u0161a najbolj\u0161a zdravila na svetu\",\"isPartOf\":{\"@id\":\"https:\\\/\\\/medicinasinc.com\\\/sl\\\/#website\"},\"primaryImageOfPage\":{\"@id\":\"https:\\\/\\\/medicinasinc.com\\\/sl\\\/product\\\/kupi-soncni-zahod-sherbert-shatter\\\/#primaryimage\"},\"image\":{\"@id\":\"https:\\\/\\\/medicinasinc.com\\\/sl\\\/product\\\/kupi-soncni-zahod-sherbert-shatter\\\/#primaryimage\"},\"thumbnailUrl\":\"https:\\\/\\\/medicinasinc.com\\\/sl\\\/wp-content\\\/uploads\\\/sites\\\/7\\\/2022\\\/02\\\/Buy-Sunset-Sherbert-Shatter.jpg\",\"datePublished\":\"2022-02-20T17:18:33+00:00\",\"dateModified\":\"2022-03-19T00:51:19+00:00\",\"description\":\"Kupite Shatter - Sunset Sherbert za prodajo na spletu Evropa, Zdru\u017eeno kraljestvo pri The global medicinas. Poi\u0161\u010dite najkakovostnej\u0161e izdelke iz konoplje Shatter - Sunset Sherbert v Evropi.\",\"breadcrumb\":{\"@id\":\"https:\\\/\\\/medicinasinc.com\\\/sl\\\/product\\\/kupi-soncni-zahod-sherbert-shatter\\\/#breadcrumb\"},\"inLanguage\":\"en-US\",\"potentialAction\":[{\"@type\":\"ReadAction\",\"target\":[\"https:\\\/\\\/medicinasinc.com\\\/sl\\\/product\\\/kupi-soncni-zahod-sherbert-shatter\\\/\"]}]},{\"@type\":\"ImageObject\",\"inLanguage\":\"en-US\",\"@id\":\"https:\\\/\\\/medicinasinc.com\\\/sl\\\/product\\\/kupi-soncni-zahod-sherbert-shatter\\\/#primaryimage\",\"url\":\"https:\\\/\\\/medicinasinc.com\\\/sl\\\/wp-content\\\/uploads\\\/sites\\\/7\\\/2022\\\/02\\\/Buy-Sunset-Sherbert-Shatter.jpg\",\"contentUrl\":\"https:\\\/\\\/medicinasinc.com\\\/sl\\\/wp-content\\\/uploads\\\/sites\\\/7\\\/2022\\\/02\\\/Buy-Sunset-Sherbert-Shatter.jpg\",\"width\":600,\"height\":600},{\"@type\":\"BreadcrumbList\",\"@id\":\"https:\\\/\\\/medicinasinc.com\\\/sl\\\/product\\\/kupi-soncni-zahod-sherbert-shatter\\\/#breadcrumb\",\"itemListElement\":[{\"@type\":\"ListItem\",\"position\":1,\"name\":\"Nakupujte\",\"item\":\"https:\\\/\\\/medicinasinc.com\\\/sl\\\/nakupujte\\\/\"},{\"@type\":\"ListItem\",\"position\":2,\"name\":\"Kupite Sunset Sherbert Shatter\"}]},{\"@type\":\"WebSite\",\"@id\":\"https:\\\/\\\/medicinasinc.com\\\/sl\\\/#website\",\"url\":\"https:\\\/\\\/medicinasinc.com\\\/sl\\\/\",\"name\":\"Medicinas Inc\",\"description\":\"Health Medical Clinic\",\"potentialAction\":[{\"@type\":\"SearchAction\",\"target\":{\"@type\":\"EntryPoint\",\"urlTemplate\":\"https:\\\/\\\/medicinasinc.com\\\/sl\\\/?s={search_term_string}\"},\"query-input\":{\"@type\":\"PropertyValueSpecification\",\"valueRequired\":true,\"valueName\":\"search_term_string\"}}],\"inLanguage\":\"en-US\"}]}<\/script>\n<!-- \/ Yoast SEO plugin. -->","yoast_head_json":{"title":"Kupite Sunset Sherbert Shatter - najbolj\u0161a najbolj\u0161a zdravila na svetu","description":"Kupite Shatter - Sunset Sherbert za prodajo na spletu Evropa, Zdru\u017eeno kraljestvo pri The global medicinas. Poi\u0161\u010dite najkakovostnej\u0161e izdelke iz konoplje Shatter - Sunset Sherbert v Evropi.","robots":{"index":"index","follow":"follow","max-snippet":"max-snippet:-1","max-image-preview":"max-image-preview:large","max-video-preview":"max-video-preview:-1"},"canonical":"https:\/\/medicinasinc.com\/sl\/product\/kupi-soncni-zahod-sherbert-shatter\/","og_locale":"en_US","og_type":"article","og_title":"Kupite Sunset Sherbert Shatter - najbolj\u0161a najbolj\u0161a zdravila na svetu","og_description":"Kupite Shatter - Sunset Sherbert za prodajo na spletu Evropa, Zdru\u017eeno kraljestvo pri The global medicinas. Poi\u0161\u010dite najkakovostnej\u0161e izdelke iz konoplje Shatter - Sunset Sherbert v Evropi.","og_url":"https:\/\/medicinasinc.com\/sl\/product\/kupi-soncni-zahod-sherbert-shatter\/","og_site_name":"Medicinas Inc","article_modified_time":"2022-03-19T00:51:19+00:00","og_image":[{"width":600,"height":600,"url":"https:\/\/medicinasinc.com\/sl\/wp-content\/uploads\/sites\/7\/2022\/02\/Buy-Sunset-Sherbert-Shatter.jpg","type":"image\/jpeg"}],"twitter_card":"summary_large_image","twitter_misc":{"Est. reading time":"2 minutes"},"schema":{"@context":"https:\/\/schema.org","@graph":[{"@type":"WebPage","@id":"https:\/\/medicinasinc.com\/sl\/product\/kupi-soncni-zahod-sherbert-shatter\/","url":"https:\/\/medicinasinc.com\/sl\/product\/kupi-soncni-zahod-sherbert-shatter\/","name":"Kupite Sunset Sherbert Shatter - najbolj\u0161a najbolj\u0161a zdravila na svetu","isPartOf":{"@id":"https:\/\/medicinasinc.com\/sl\/#website"},"primaryImageOfPage":{"@id":"https:\/\/medicinasinc.com\/sl\/product\/kupi-soncni-zahod-sherbert-shatter\/#primaryimage"},"image":{"@id":"https:\/\/medicinasinc.com\/sl\/product\/kupi-soncni-zahod-sherbert-shatter\/#primaryimage"},"thumbnailUrl":"https:\/\/medicinasinc.com\/sl\/wp-content\/uploads\/sites\/7\/2022\/02\/Buy-Sunset-Sherbert-Shatter.jpg","datePublished":"2022-02-20T17:18:33+00:00","dateModified":"2022-03-19T00:51:19+00:00","description":"Kupite Shatter - Sunset Sherbert za prodajo na spletu Evropa, Zdru\u017eeno kraljestvo pri The global medicinas. Poi\u0161\u010dite najkakovostnej\u0161e izdelke iz konoplje Shatter - Sunset Sherbert v Evropi.","breadcrumb":{"@id":"https:\/\/medicinasinc.com\/sl\/product\/kupi-soncni-zahod-sherbert-shatter\/#breadcrumb"},"inLanguage":"en-US","potentialAction":[{"@type":"ReadAction","target":["https:\/\/medicinasinc.com\/sl\/product\/kupi-soncni-zahod-sherbert-shatter\/"]}]},{"@type":"ImageObject","inLanguage":"en-US","@id":"https:\/\/medicinasinc.com\/sl\/product\/kupi-soncni-zahod-sherbert-shatter\/#primaryimage","url":"https:\/\/medicinasinc.com\/sl\/wp-content\/uploads\/sites\/7\/2022\/02\/Buy-Sunset-Sherbert-Shatter.jpg","contentUrl":"https:\/\/medicinasinc.com\/sl\/wp-content\/uploads\/sites\/7\/2022\/02\/Buy-Sunset-Sherbert-Shatter.jpg","width":600,"height":600},{"@type":"BreadcrumbList","@id":"https:\/\/medicinasinc.com\/sl\/product\/kupi-soncni-zahod-sherbert-shatter\/#breadcrumb","itemListElement":[{"@type":"ListItem","position":1,"name":"Nakupujte","item":"https:\/\/medicinasinc.com\/sl\/nakupujte\/"},{"@type":"ListItem","position":2,"name":"Kupite Sunset Sherbert Shatter"}]},{"@type":"WebSite","@id":"https:\/\/medicinasinc.com\/sl\/#website","url":"https:\/\/medicinasinc.com\/sl\/","name":"Medicinas Inc","description":"Health Medical Clinic","potentialAction":[{"@type":"SearchAction","target":{"@type":"EntryPoint","urlTemplate":"https:\/\/medicinasinc.com\/sl\/?s={search_term_string}"},"query-input":{"@type":"PropertyValueSpecification","valueRequired":true,"valueName":"search_term_string"}}],"inLanguage":"en-US"}]}},"_links":{"self":[{"href":"https:\/\/medicinasinc.com\/sl\/wp-json\/wp\/v2\/product\/4883","targetHints":{"allow":["GET"]}}],"collection":[{"href":"https:\/\/medicinasinc.com\/sl\/wp-json\/wp\/v2\/product"}],"about":[{"href":"https:\/\/medicinasinc.com\/sl\/wp-json\/wp\/v2\/types\/product"}],"replies":[{"embeddable":true,"href":"https:\/\/medicinasinc.com\/sl\/wp-json\/wp\/v2\/comments?post=4883"}],"wp:featuredmedia":[{"embeddable":true,"href":"https:\/\/medicinasinc.com\/sl\/wp-json\/wp\/v2\/media\/4897"}],"wp:attachment":[{"href":"https:\/\/medicinasinc.com\/sl\/wp-json\/wp\/v2\/media?parent=4883"}],"wp:term":[{"taxonomy":"product_brand","embeddable":true,"href":"https:\/\/medicinasinc.com\/sl\/wp-json\/wp\/v2\/product_brand?post=4883"},{"taxonomy":"product_cat","embeddable":true,"href":"https:\/\/medicinasinc.com\/sl\/wp-json\/wp\/v2\/product_cat?post=4883"},{"taxonomy":"product_tag","embeddable":true,"href":"https:\/\/medicinasinc.com\/sl\/wp-json\/wp\/v2\/product_tag?post=4883"}],"curies":[{"name":"wp","href":"https:\/\/api.w.org\/{rel}","templated":true}]}}